{"id":127,"date":"2021-02-12T19:44:22","date_gmt":"2021-02-12T19:44:22","guid":{"rendered":"https:\/\/todosplanosdesaude.com.br\/amil\/?page_id=127"},"modified":"2025-01-28T22:50:49","modified_gmt":"2025-01-28T22:50:49","slug":"orcamento","status":"publish","type":"page","link":"https:\/\/todosplanosdesaude.com.br\/amil\/orcamento\/","title":{"rendered":"Or\u00e7amento"},"content":{"rendered":"  <div id=\"page-header-984470603\" class=\"page-header-wrapper\">\n  <div class=\"page-title dark featured-title\">\n\n    \n    <div class=\"page-title-inner container align-center text-center flex-row-col medium-flex-wrap\" >\n              <div class=\"title-wrapper uppercase flex-col\">\n          <h1 class=\"entry-title mb-0\">\n            SOLICITE UM OR\u00c7AMENTO          <\/h1>\n        <\/div>\n                    <div class=\"title-content flex-col\">\n        <div class=\"title-breadcrumbs pb-half pt-half\"><\/div>      <\/div>\n    <\/div>\n\n     \n<style>\n#page-header-984470603 .page-title-inner {\n  min-height: 128px;\n}\n#page-header-984470603 {\n  margin-bottom: 0px;\n}\n#page-header-984470603 .title-overlay {\n  background-color: rgb(19, 138, 255);\n}\n<\/style>\n  <\/div>\n    <\/div>\n  \n\t<section class=\"section\" id=\"section_2102350243\">\n\t\t<div class=\"bg section-bg fill bg-fill  bg-loaded\" >\n\n\t\t\t\n\t\t\t\n\t\t\t\n\n\t\t<\/div>\n\n\t\t<div class=\"section-content relative\">\n\t\t\t\n<div class=\"row\"  id=\"row-1712386532\">\n\n\t<div id=\"col-1006595952\" class=\"col medium-10 small-12 large-10\"  >\n\t\t<div class=\"col-inner\"  >\n\t\t\t\n\t\t\t\n\t<div id=\"text-2734475017\" class=\"text\">\n\t\t\n<p><H2>CALCULE SEU PLANO DE SA\u00daDE<\/H2><br \/>\n\t\t\n<style>\n#text-2734475017 {\n  color: rgb(56, 64, 71);\n}\n#text-2734475017 > * {\n  color: rgb(56, 64, 71);\n}\n<\/style>\n\t<\/div>\n\t\n\t<div id=\"text-1399841097\" class=\"text hide-for-medium\">\n\t\t\n<p><iframe src=\"https:\/\/todosplanosdesaude.com.br\/amil\/form\/index.html\" width=100% height=600px frameborder=0 scrolling=no><\/iframe><br \/>\n\t\t\t<\/div>\n\t\n\t<div id=\"text-691569745\" class=\"text show-for-small\">\n\t\t\n<p><iframe src=\"https:\/\/todosplanosdesaude.com.br\/amil\/form\/index.html\" width=100% height=1100px frameborder=0 scrolling=no><\/iframe><br \/>\n\t\t\t<\/div>\n\t\n\t\t<\/div>\n\t\t\t<\/div>\n\n\t\n<\/div>\n\t\t<\/div>\n\n\t\t\n<style>\n#section_2102350243 {\n  padding-top: 30px;\n  padding-bottom: 30px;\n}\n<\/style>\n\t<\/section>\n\t\n","protected":false},"excerpt":{"rendered":"","protected":false},"author":1,"featured_media":0,"parent":0,"menu_order":0,"comment_status":"closed","ping_status":"closed","template":"page-blank.php","meta":{"footnotes":""},"class_list":["post-127","page","type-page","status-publish","hentry"],"yoast_head":"<!-- This site is optimized with the Yoast SEO plugin v25.3.1 - https:\/\/yoast.com\/wordpress\/plugins\/seo\/ -->\n<title>Or\u00e7amento - Plano de Sa\u00fade Amil<\/title>\n<meta name=\"description\" content=\"Saiba tudo sobre o Plano de sa\u00fade Amil. Rede Credenciada, Tabela de Valores e Diferenciais. Ligue (11) 2068-3516\" \/>\n<meta name=\"robots\" content=\"index, follow, max-snippet:-1, max-image-preview:large, max-video-preview:-1\" \/>\n<link rel=\"canonical\" href=\"https:\/\/todosplanosdesaude.com.br\/amil\/orcamento\/\" \/>\n<meta property=\"og:locale\" content=\"en_US\" \/>\n<meta property=\"og:type\" content=\"article\" \/>\n<meta property=\"og:title\" content=\"Or\u00e7amento - Plano de Sa\u00fade Amil\" \/>\n<meta property=\"og:description\" content=\"Saiba tudo sobre o Plano de sa\u00fade Amil. Rede Credenciada, Tabela de Valores e Diferenciais. Ligue (11) 2068-3516\" \/>\n<meta property=\"og:url\" content=\"https:\/\/todosplanosdesaude.com.br\/amil\/orcamento\/\" \/>\n<meta property=\"og:site_name\" content=\"Plano de Sa\u00fade Amil\" \/>\n<meta property=\"article:modified_time\" content=\"2025-01-28T22:50:49+00:00\" \/>\n<meta name=\"twitter:card\" content=\"summary_large_image\" \/>\n<script type=\"application\/ld+json\" class=\"yoast-schema-graph\">{\"@context\":\"https:\/\/schema.org\",\"@graph\":[{\"@type\":\"WebPage\",\"@id\":\"https:\/\/todosplanosdesaude.com.br\/amil\/orcamento\/\",\"url\":\"https:\/\/todosplanosdesaude.com.br\/amil\/orcamento\/\",\"name\":\"Or\u00e7amento - Plano de Sa\u00fade Amil\",\"isPartOf\":{\"@id\":\"\/#website\"},\"datePublished\":\"2021-02-12T19:44:22+00:00\",\"dateModified\":\"2025-01-28T22:50:49+00:00\",\"description\":\"Saiba tudo sobre o Plano de sa\u00fade Amil. Rede Credenciada, Tabela de Valores e Diferenciais. Ligue (11) 2068-3516\",\"breadcrumb\":{\"@id\":\"https:\/\/todosplanosdesaude.com.br\/amil\/orcamento\/#breadcrumb\"},\"inLanguage\":\"en-US\",\"potentialAction\":[{\"@type\":\"ReadAction\",\"target\":[\"https:\/\/todosplanosdesaude.com.br\/amil\/orcamento\/\"]}]},{\"@type\":\"BreadcrumbList\",\"@id\":\"https:\/\/todosplanosdesaude.com.br\/amil\/orcamento\/#breadcrumb\",\"itemListElement\":[{\"@type\":\"ListItem\",\"position\":1,\"name\":\"Home\",\"item\":\"https:\/\/todosplanosdesaude.com.br\/amil\/\"},{\"@type\":\"ListItem\",\"position\":2,\"name\":\"Or\u00e7amento\"}]},{\"@type\":\"WebSite\",\"@id\":\"\/#website\",\"url\":\"\/\",\"name\":\"Plano de Sa\u00fade Amil\",\"description\":\"\",\"potentialAction\":[{\"@type\":\"SearchAction\",\"target\":{\"@type\":\"EntryPoint\",\"urlTemplate\":\"\/?s={search_term_string}\"},\"query-input\":{\"@type\":\"PropertyValueSpecification\",\"valueRequired\":true,\"valueName\":\"search_term_string\"}}],\"inLanguage\":\"en-US\"}]}<\/script>\n<!-- \/ Yoast SEO plugin. -->","yoast_head_json":{"title":"Or\u00e7amento - Plano de Sa\u00fade Amil","description":"Saiba tudo sobre o Plano de sa\u00fade Amil. Rede Credenciada, Tabela de Valores e Diferenciais. Ligue (11) 2068-3516","robots":{"index":"index","follow":"follow","max-snippet":"max-snippet:-1","max-image-preview":"max-image-preview:large","max-video-preview":"max-video-preview:-1"},"canonical":"https:\/\/todosplanosdesaude.com.br\/amil\/orcamento\/","og_locale":"en_US","og_type":"article","og_title":"Or\u00e7amento - Plano de Sa\u00fade Amil","og_description":"Saiba tudo sobre o Plano de sa\u00fade Amil. Rede Credenciada, Tabela de Valores e Diferenciais. Ligue (11) 2068-3516","og_url":"https:\/\/todosplanosdesaude.com.br\/amil\/orcamento\/","og_site_name":"Plano de Sa\u00fade Amil","article_modified_time":"2025-01-28T22:50:49+00:00","twitter_card":"summary_large_image","schema":{"@context":"https:\/\/schema.org","@graph":[{"@type":"WebPage","@id":"https:\/\/todosplanosdesaude.com.br\/amil\/orcamento\/","url":"https:\/\/todosplanosdesaude.com.br\/amil\/orcamento\/","name":"Or\u00e7amento - Plano de Sa\u00fade Amil","isPartOf":{"@id":"\/#website"},"datePublished":"2021-02-12T19:44:22+00:00","dateModified":"2025-01-28T22:50:49+00:00","description":"Saiba tudo sobre o Plano de sa\u00fade Amil. Rede Credenciada, Tabela de Valores e Diferenciais. Ligue (11) 2068-3516","breadcrumb":{"@id":"https:\/\/todosplanosdesaude.com.br\/amil\/orcamento\/#breadcrumb"},"inLanguage":"en-US","potentialAction":[{"@type":"ReadAction","target":["https:\/\/todosplanosdesaude.com.br\/amil\/orcamento\/"]}]},{"@type":"BreadcrumbList","@id":"https:\/\/todosplanosdesaude.com.br\/amil\/orcamento\/#breadcrumb","itemListElement":[{"@type":"ListItem","position":1,"name":"Home","item":"https:\/\/todosplanosdesaude.com.br\/amil\/"},{"@type":"ListItem","position":2,"name":"Or\u00e7amento"}]},{"@type":"WebSite","@id":"\/#website","url":"\/","name":"Plano de Sa\u00fade Amil","description":"","potentialAction":[{"@type":"SearchAction","target":{"@type":"EntryPoint","urlTemplate":"\/?s={search_term_string}"},"query-input":{"@type":"PropertyValueSpecification","valueRequired":true,"valueName":"search_term_string"}}],"inLanguage":"en-US"}]}},"_links":{"self":[{"href":"https:\/\/todosplanosdesaude.com.br\/amil\/wp-json\/wp\/v2\/pages\/127","targetHints":{"allow":["GET"]}}],"collection":[{"href":"https:\/\/todosplanosdesaude.com.br\/amil\/wp-json\/wp\/v2\/pages"}],"about":[{"href":"https:\/\/todosplanosdesaude.com.br\/amil\/wp-json\/wp\/v2\/types\/page"}],"author":[{"embeddable":true,"href":"https:\/\/todosplanosdesaude.com.br\/amil\/wp-json\/wp\/v2\/users\/1"}],"replies":[{"embeddable":true,"href":"https:\/\/todosplanosdesaude.com.br\/amil\/wp-json\/wp\/v2\/comments?post=127"}],"version-history":[{"count":0,"href":"https:\/\/todosplanosdesaude.com.br\/amil\/wp-json\/wp\/v2\/pages\/127\/revisions"}],"wp:attachment":[{"href":"https:\/\/todosplanosdesaude.com.br\/amil\/wp-json\/wp\/v2\/media?parent=127"}],"curies":[{"name":"wp","href":"https:\/\/api.w.org\/{rel}","templated":true}]}}