{"id":14,"date":"2021-02-11T16:41:15","date_gmt":"2021-02-11T16:41:15","guid":{"rendered":"https:\/\/todosplanosdesaude.com.br\/amil\/?page_id=14"},"modified":"2025-02-03T16:28:18","modified_gmt":"2025-02-03T16:28:18","slug":"home","status":"publish","type":"page","link":"https:\/\/todosplanosdesaude.com.br\/amil\/","title":{"rendered":"Home"},"content":{"rendered":"\t<section class=\"section\" id=\"section_190268739\">\n\t\t<div class=\"bg section-bg fill bg-fill  bg-loaded\" >\n\n\t\t\t\n\t\t\t\n\t\t\t\n\n\t\t<\/div>\n\n\t\t<div class=\"section-content relative\">\n\t\t\t\n\n  <div class=\"banner has-hover mtopmen20\" id=\"banner-1389283164\">\n          <div class=\"banner-inner fill\">\n        <div class=\"banner-bg fill\" >\n            <div class=\"bg fill bg-fill \"><\/div>\n                                    \n                    <\/div>\n        <div class=\"banner-layers container\">\n            <div class=\"fill banner-link\"><\/div>            \n   <div id=\"text-box-873321805\" class=\"text-box banner-layer x50 md-x0 lg-x0 y15 md-y50 lg-y50 res-text\">\n                                <div class=\"text dark\">\n              \n              <div class=\"text-inner text-center\">\n                  \n\t<div id=\"text-3863677236\" class=\"text show-for-small\">\n\t\t\n<h3 align=\"center\">Plano de Sa\u00fade MEI e Empresarial<\/h3>\n<p style=\"font-size: 22px;\" align=\"center\">At\u00e9 30% mais barato! <br \/>Pre\u00e7o Imbat\u00edvel. Confira!<\/p>\n\t\t\n<style>\n#text-3863677236 {\n  font-size: 1.25rem;\n  color: rgb(30, 30, 132);\n}\n#text-3863677236 > * {\n  color: rgb(30, 30, 132);\n}\n<\/style>\n\t<\/div>\n\t\n\t<div id=\"text-3155455502\" class=\"text hide-for-medium\">\n\t\t\n<h3 align=\"center\">Plano de Sa\u00fade MEI e Empresarial<\/h3>\n<p style=\"font-size: 22px;\" align=\"center\">At\u00e9 30% mais barato! Pre\u00e7o Imbat\u00edvel. Confira!<\/p>\n\t\t\n<style>\n#text-3155455502 {\n  font-size: 1.25rem;\n  color: rgb(30, 30, 132);\n}\n#text-3155455502 > * {\n  color: rgb(30, 30, 132);\n}\n<\/style>\n\t<\/div>\n\t\n<a href=\"https:\/\/todosplanosdesaude.com.br\/amil\/orcamento\/\" target=\"_self\" class=\"button primary is-larger botinvertido show-for-small\"  style=\"border-radius:43px;\">\n    <span>SOLICITE OR\u00c7AMENTO<\/span>\n  <\/a>\n\n<a href=\"https:\/\/todosplanosdesaude.com.br\/amil\/orcamento\/\" target=\"_self\" class=\"button primary botinvertido hide-for-medium\"  style=\"border-radius:43px;\">\n    <span>SOLICITE OR\u00c7AMENTO<\/span>\n  <\/a>\n\n              <\/div>\n           <\/div>\n                            \n<style>\n#text-box-873321805 {\n  width: 97%;\n}\n#text-box-873321805 .text {\n  font-size: 100%;\n}\n@media (min-width:550px) {\n  #text-box-873321805 {\n    width: 54%;\n  }\n}\n<\/style>\n    <\/div>\n \n\t<div class=\"img has-hover hide-for-small x90 md-x90 lg-x90 y100 md-y100 lg-y100\" id=\"image_1498958584\">\n\t\t\t\t\t\t\t\t<div class=\"img-inner dark\" >\n\t\t\t<img loading=\"lazy\" decoding=\"async\" width=\"491\" height=\"1024\" src=\"https:\/\/todosplanosdesaude.com.br\/amil\/wp-content\/uploads\/2022\/04\/casal-491x1024.png\" class=\"attachment-large size-large\" alt=\"\" srcset=\"https:\/\/todosplanosdesaude.com.br\/amil\/wp-content\/uploads\/2022\/04\/casal-491x1024.png 491w, https:\/\/todosplanosdesaude.com.br\/amil\/wp-content\/uploads\/2022\/04\/casal-144x300.png 144w, https:\/\/todosplanosdesaude.com.br\/amil\/wp-content\/uploads\/2022\/04\/casal-768x1603.png 768w, https:\/\/todosplanosdesaude.com.br\/amil\/wp-content\/uploads\/2022\/04\/casal-736x1536.png 736w, https:\/\/todosplanosdesaude.com.br\/amil\/wp-content\/uploads\/2022\/04\/casal-981x2048.png 981w, https:\/\/todosplanosdesaude.com.br\/amil\/wp-content\/uploads\/2022\/04\/casal.png 1104w\" sizes=\"auto, (max-width: 491px) 100vw, 491px\" \/>\t\t\t\t\t\t\n\t\t\t\t\t<\/div>\n\t\t\t\t\t\t\t\t\n<style>\n#image_1498958584 {\n  width: 20%;\n}\n<\/style>\n\t<\/div>\n\t\n        <\/div>\n      <\/div>\n\n            \n<style>\n#banner-1389283164 {\n  padding-top: 414px;\n}\n#banner-1389283164 .bg.bg-loaded {\n  background-image: url(https:\/\/todosplanosdesaude.com.br\/amil\/wp-content\/uploads\/2022\/04\/fundopraia2-1024x683.jpg);\n}\n#banner-1389283164 .bg {\n  background-position: 4% 91%;\n}\n@media (min-width:550px) {\n  #banner-1389283164 {\n    padding-top: 500px;\n  }\n}\n<\/style>\n  <\/div>\n\n\n\t\t<\/div>\n\n\t\t\n<style>\n#section_190268739 {\n  padding-top: 0px;\n  padding-bottom: 0px;\n}\n<\/style>\n\t<\/section>\n\t\n\t<section class=\"section\" id=\"section_1066543831\">\n\t\t<div class=\"bg section-bg fill bg-fill  bg-loaded\" >\n\n\t\t\t\n\t\t\t\n\t\t\t\n\n\t\t<\/div>\n\n\t\t<div class=\"section-content relative\">\n\t\t\t\n<div class=\"row row-small\"  id=\"row-2119830810\">\n\n\t<div id=\"col-753469995\" class=\"col medium-3 small-12 large-3\"  >\n\t\t<div class=\"col-inner text-center\"  >\n\t\t\t\n\t\t\t\n\t<div class=\"img has-hover x md-x lg-x y md-y lg-y\" id=\"image_1156204805\">\n\t\t\t\t\t\t\t\t<div class=\"img-inner dark\" >\n\t\t\t<img loading=\"lazy\" decoding=\"async\" width=\"978\" height=\"553\" src=\"https:\/\/todosplanosdesaude.com.br\/amil\/wp-content\/uploads\/2022\/04\/Familiar.jpg\" class=\"attachment-large size-large\" alt=\"\" srcset=\"https:\/\/todosplanosdesaude.com.br\/amil\/wp-content\/uploads\/2022\/04\/Familiar.jpg 978w, https:\/\/todosplanosdesaude.com.br\/amil\/wp-content\/uploads\/2022\/04\/Familiar-300x170.jpg 300w, https:\/\/todosplanosdesaude.com.br\/amil\/wp-content\/uploads\/2022\/04\/Familiar-768x434.jpg 768w\" sizes=\"auto, (max-width: 978px) 100vw, 978px\" \/>\t\t\t\t\t\t\n\t\t\t\t\t<\/div>\n\t\t\t\t\t\t\t\t\n<style>\n#image_1156204805 {\n  width: 100%;\n}\n<\/style>\n\t<\/div>\n\t\n<h5>Plano Amil Familiar<\/h5>\n<p style=\"font-size: 13px; text-align: left;\">O principal benef\u00edcio de adquirir um plano Amil familiar com o uso do CNPJ \u00e9 a quest\u00e3o do custo. Normalmente, esses planos s\u00e3o cerca de 30% mais econ\u00f4micos do que os planos por ades\u00e3o.<\/p>\n<a href=\"https:\/\/todosplanosdesaude.com.br\/amil\/plano-de-saude-familiar\/\" target=\"_self\" class=\"button primary is-link is-smaller\"  >\n    <span>SAIBA MAIS<\/span>\n  <i class=\"icon-angle-right\" ><\/i><\/a>\n\n\t<div id=\"gap-1776179229\" class=\"gap-element clearfix show-for-small\" style=\"display:block; height:auto;\">\n\t\t\n<style>\n#gap-1776179229 {\n  padding-top: 30px;\n}\n<\/style>\n\t<\/div>\n\t\n\t\t<\/div>\n\t\t\t<\/div>\n\n\t\n\n\t<div id=\"col-32351617\" class=\"col medium-3 small-12 large-3\"  >\n\t\t<div class=\"col-inner text-center\"  >\n\t\t\t\n\t\t\t\n\t<div class=\"img has-hover x md-x lg-x y md-y lg-y\" id=\"image_1557174068\">\n\t\t\t\t\t\t\t\t<div class=\"img-inner dark\" >\n\t\t\t<img loading=\"lazy\" decoding=\"async\" width=\"978\" height=\"553\" src=\"https:\/\/todosplanosdesaude.com.br\/amil\/wp-content\/uploads\/2022\/04\/MEI.jpg\" class=\"attachment-large size-large\" alt=\"\" srcset=\"https:\/\/todosplanosdesaude.com.br\/amil\/wp-content\/uploads\/2022\/04\/MEI.jpg 978w, https:\/\/todosplanosdesaude.com.br\/amil\/wp-content\/uploads\/2022\/04\/MEI-300x170.jpg 300w, https:\/\/todosplanosdesaude.com.br\/amil\/wp-content\/uploads\/2022\/04\/MEI-768x434.jpg 768w\" sizes=\"auto, (max-width: 978px) 100vw, 978px\" \/>\t\t\t\t\t\t\n\t\t\t\t\t<\/div>\n\t\t\t\t\t\t\t\t\n<style>\n#image_1557174068 {\n  width: 100%;\n}\n<\/style>\n\t<\/div>\n\t\n<h5>Plano Amil MEI<\/h5>\n<p style=\"font-size: 13px; text-align: left;\">Ao se contratar atrav\u00e9s de um MEI, \u00e9 poss\u00edvel obter a mesma estrutura e vantagens de um plano empresarial, com acesso \u00e0 rede completa da SulAm\u00e9rica Sa\u00fade.<\/p>\n<a href=\"https:\/\/todosplanosdesaude.com.br\/amil\/plano-de-saude-mei\/\" target=\"_self\" class=\"button primary is-link is-smaller\"  >\n    <span>SAIBA MAIS<\/span>\n  <i class=\"icon-angle-right\" ><\/i><\/a>\n\n\t<div id=\"gap-1549461368\" class=\"gap-element clearfix show-for-small\" style=\"display:block; height:auto;\">\n\t\t\n<style>\n#gap-1549461368 {\n  padding-top: 30px;\n}\n<\/style>\n\t<\/div>\n\t\n\t\t<\/div>\n\t\t\t<\/div>\n\n\t\n\n\t<div id=\"col-576041206\" class=\"col medium-3 small-12 large-3\"  >\n\t\t<div class=\"col-inner text-center\"  >\n\t\t\t\n\t\t\t\n\t<div class=\"img has-hover x md-x lg-x y md-y lg-y\" id=\"image_1462912518\">\n\t\t\t\t\t\t\t\t<div class=\"img-inner dark\" >\n\t\t\t<img loading=\"lazy\" decoding=\"async\" width=\"978\" height=\"553\" src=\"https:\/\/todosplanosdesaude.com.br\/amil\/wp-content\/uploads\/2022\/04\/PME.jpg\" class=\"attachment-large size-large\" alt=\"\" srcset=\"https:\/\/todosplanosdesaude.com.br\/amil\/wp-content\/uploads\/2022\/04\/PME.jpg 978w, https:\/\/todosplanosdesaude.com.br\/amil\/wp-content\/uploads\/2022\/04\/PME-300x170.jpg 300w, https:\/\/todosplanosdesaude.com.br\/amil\/wp-content\/uploads\/2022\/04\/PME-768x434.jpg 768w\" sizes=\"auto, (max-width: 978px) 100vw, 978px\" \/>\t\t\t\t\t\t\n\t\t\t\t\t<\/div>\n\t\t\t\t\t\t\t\t\n<style>\n#image_1462912518 {\n  width: 100%;\n}\n<\/style>\n\t<\/div>\n\t\n<h5>Plano de Sa\u00fade PME<\/h5>\n<p style=\"font-size: 13px; text-align: left;\">Da mesma forma que se pode contratar para os funcion\u00e1rios, \u00e9 vi\u00e1vel adquirir exclusivamente para os familiares, abrangendo c\u00f4njuge e filhos.<\/p>\n<a href=\"https:\/\/todosplanosdesaude.com.br\/amil\/plano-de-saude-pme\/\" target=\"_self\" class=\"button primary is-link is-smaller\"  >\n    <span>SAIBA MAIS<\/span>\n  <i class=\"icon-angle-right\" ><\/i><\/a>\n\n\t<div id=\"gap-1440229819\" class=\"gap-element clearfix show-for-small\" style=\"display:block; height:auto;\">\n\t\t\n<style>\n#gap-1440229819 {\n  padding-top: 30px;\n}\n<\/style>\n\t<\/div>\n\t\n\t\t<\/div>\n\t\t\t<\/div>\n\n\t\n\n\t<div id=\"col-12392967\" class=\"col medium-3 small-12 large-3\"  >\n\t\t<div class=\"col-inner text-center\"  >\n\t\t\t\n\t\t\t\n\t<div class=\"img has-hover x md-x lg-x y md-y lg-y\" id=\"image_1209778149\">\n\t\t\t\t\t\t\t\t<div class=\"img-inner dark\" >\n\t\t\t<img loading=\"lazy\" decoding=\"async\" width=\"978\" height=\"553\" src=\"https:\/\/todosplanosdesaude.com.br\/amil\/wp-content\/uploads\/2022\/04\/Empresarial.jpg\" class=\"attachment-large size-large\" alt=\"\" srcset=\"https:\/\/todosplanosdesaude.com.br\/amil\/wp-content\/uploads\/2022\/04\/Empresarial.jpg 978w, https:\/\/todosplanosdesaude.com.br\/amil\/wp-content\/uploads\/2022\/04\/Empresarial-300x170.jpg 300w, https:\/\/todosplanosdesaude.com.br\/amil\/wp-content\/uploads\/2022\/04\/Empresarial-768x434.jpg 768w\" sizes=\"auto, (max-width: 978px) 100vw, 978px\" \/>\t\t\t\t\t\t\n\t\t\t\t\t<\/div>\n\t\t\t\t\t\t\t\t\n<style>\n#image_1209778149 {\n  width: 100%;\n}\n<\/style>\n\t<\/div>\n\t\n<h5>Plano de Sa\u00fade Empresarial<\/h5>\n<p style=\"font-size: 13px; text-align: left;\">A op\u00e7\u00e3o com o melhor custo-benef\u00edcio para empresas com mais de 29 funcion\u00e1rios, proporciona todos os planos com cobertura nacional e car\u00eancia zero!<\/p>\n<a href=\"https:\/\/todosplanosdesaude.com.br\/amil\/plano-de-saude-empresarial\/\" target=\"_self\" class=\"button primary is-link is-smaller\"  style=\"border-radius:10px;\">\n    <span>SAIBA MAIS<\/span>\n  <i class=\"icon-angle-right\" ><\/i><\/a>\n\n\t<div id=\"gap-926909514\" class=\"gap-element clearfix show-for-small\" style=\"display:block; height:auto;\">\n\t\t\n<style>\n#gap-926909514 {\n  padding-top: 30px;\n}\n<\/style>\n\t<\/div>\n\t\n\t\t<\/div>\n\t\t\t<\/div>\n\n\t\n<\/div>\n\t\t<\/div>\n\n\t\t\n<style>\n#section_1066543831 {\n  padding-top: 30px;\n  padding-bottom: 30px;\n}\n<\/style>\n\t<\/section>\n\t\n\t<section class=\"section padbot0\" id=\"section_1250006874\">\n\t\t<div class=\"bg section-bg fill bg-fill  bg-loaded\" >\n\n\t\t\t\n\t\t\t\n\t\t\t\n\n\t\t<\/div>\n\n\t\t<div class=\"section-content relative\">\n\t\t\t\n<div class=\"row align-middle\"  id=\"row-848563350\">\n\n\t<div id=\"col-675854407\" class=\"col colpad0 hide-for-small medium-6 small-12 large-6\"  >\n\t\t<div class=\"col-inner\"  >\n\t\t\t\n\t\t\t\n\t<div class=\"img has-hover padbot0 x md-x lg-x y md-y lg-y\" id=\"image_1936253037\">\n\t\t\t\t\t\t\t\t<div class=\"img-inner dark\" >\n\t\t\t<img loading=\"lazy\" decoding=\"async\" width=\"1020\" height=\"1020\" src=\"https:\/\/todosplanosdesaude.com.br\/amil\/wp-content\/uploads\/2022\/04\/Sobre-Amil-1024x1024.png\" class=\"attachment-large size-large\" alt=\"\" srcset=\"https:\/\/todosplanosdesaude.com.br\/amil\/wp-content\/uploads\/2022\/04\/Sobre-Amil-1024x1024.png 1024w, https:\/\/todosplanosdesaude.com.br\/amil\/wp-content\/uploads\/2022\/04\/Sobre-Amil-300x300.png 300w, https:\/\/todosplanosdesaude.com.br\/amil\/wp-content\/uploads\/2022\/04\/Sobre-Amil-150x150.png 150w, https:\/\/todosplanosdesaude.com.br\/amil\/wp-content\/uploads\/2022\/04\/Sobre-Amil-768x768.png 768w, https:\/\/todosplanosdesaude.com.br\/amil\/wp-content\/uploads\/2022\/04\/Sobre-Amil.png 1080w\" sizes=\"auto, (max-width: 1020px) 100vw, 1020px\" \/>\t\t\t\t\t\t\n\t\t\t\t\t<\/div>\n\t\t\t\t\t\t\t\t\n<style>\n#image_1936253037 {\n  width: 100%;\n}\n<\/style>\n\t<\/div>\n\t\n\t\t<\/div>\n\t\t\t<\/div>\n\n\t\n\n\t<div id=\"col-858311147\" class=\"col colpad0 medium-6 small-12 large-6\"  >\n\t\t<div class=\"col-inner\"  >\n\t\t\t\n\t\t\t\n<h3 class=\"colortema\">SOBRE A AMIL<\/h3>\n<p>A Amil figura entre as principais escolhas do mercado de Sa\u00fade Assistencial, dispondo de uma vasta rede credenciada e v\u00e1rios benef\u00edcios exclusivos.<\/p>\n<p>H\u00e1 uma variedade de planos que proporcionam as melhores solu\u00e7\u00f5es em sa\u00fade para voc\u00ea, sua fam\u00edlia e\/ou empresa, com pre\u00e7os acess\u00edveis.<\/p>\n<p><i class=\"fa fa-check\"><\/i> + de 5,7 milh\u00f5es de benefici\u00e1rios<br \/><i class=\"fa fa-check\"><\/i> + de 400 mil empresas-clientes<br \/><i class=\"fa fa-check\"><\/i> + de 28 mil consult\u00f3rios e cl\u00ednicas m\u00e9dicas credenciados<br \/><i class=\"fa fa-check\"><\/i> + de 7 mil laborat\u00f3rios e centros de diagn\u00f3stico credenciados<br \/><i class=\"fa fa-check\"><\/i> + de 1,2 mil hospitais credenciados<br \/><i class=\"fa fa-check\"><\/i> Cerca de 19,5 mil colaboradores<br \/><i class=\"fa fa-check\"><\/i> 15 unidades hospitalares<br \/><i class=\"fa fa-check\"><\/i>\u00a0Atendimento em 26 estados brasileiros<\/p>\n\t\t<\/div>\n\t\t\n<style>\n#col-858311147 > .col-inner {\n  padding: 23px 0px 11px 17px;\n}\n@media (min-width:550px) {\n  #col-858311147 > .col-inner {\n    padding: 0px 0px 0px 39px;\n  }\n}\n<\/style>\n\t<\/div>\n\n\t\n<\/div>\n\t\t<\/div>\n\n\t\t\n<style>\n#section_1250006874 {\n  padding-top: 0px;\n  padding-bottom: 0px;\n}\n<\/style>\n\t<\/section>\n\t\n\t<section class=\"section\" id=\"section_2145762331\">\n\t\t<div class=\"bg section-bg fill bg-fill  bg-loaded\" >\n\n\t\t\t\n\t\t\t<div class=\"section-bg-overlay absolute fill\"><\/div>\n\t\t\t\n\n\t\t<\/div>\n\n\t\t<div class=\"section-content relative\">\n\t\t\t\n\t<div id=\"gap-2103712731\" class=\"gap-element clearfix\" style=\"display:block; height:auto;\">\n\t\t\n<style>\n#gap-2103712731 {\n  padding-top: 30px;\n}\n<\/style>\n\t<\/div>\n\t\n<div class=\"row align-middle\"  id=\"row-621671299\">\n\n\t<div id=\"col-299714615\" class=\"col medium-6 small-12 large-6\"  >\n\t\t<div class=\"col-inner\"  >\n\t\t\t\n\t\t\t\n<h3 class=\"colortema\">REDE CREDENCIADA AMIL SA\u00daDE<\/h3>\n<p>Com uma rede que abrange mais de 1700 hospitais e mais de 6000 laborat\u00f3rios em todo o pa\u00eds, a Amil se destaca entre as op\u00e7\u00f5es do mercado.<\/p>\n<p>Veja alguns exemplos da ampla rede credenciada dispon\u00edvel.<\/p>\n<div class=\"row row-collapse\"  id=\"row-2127013759\">\n\n\t<div id=\"col-1726123283\" class=\"col medium-6 small-12 large-6\"  >\n\t\t<div class=\"col-inner\"  >\n\t\t\t\n\t\t\t\n\t<div id=\"text-277159361\" class=\"text\">\n\t\t\n<div style=\"margin-top: -10px;\" class=\"hide-on-med-and-up show-on-small\"><\/div>\n<ul style=\"font-size:14px; line-height:17px\">\n<li>Hospital San Paolo<\/li>\n<li>Hospital Leforte<\/li>\n<li>Hospital S\u00e3o Camilo<\/li>\n<li>Hospital Santa Catarina<\/li>\n<li>Hospital Santa Joana<\/li>\n<li>HCor &#8211; Hospital do Cora\u00e7\u00e3o<\/li>\n<li>Hospital Samaritano<\/li>\n<li>Hospital Alem\u00e3o Oswaldo Cruz<\/li>\n<li>Hospital Israelita Albert Einstein<\/li>\n<li>Hospital S\u00edrio Liban\u00eas<\/li>\n<\/ul>\n\t\t\n<style>\n#text-277159361 {\n  font-size: 0.75rem;\n}\n<\/style>\n\t<\/div>\n\t\n\t\t<\/div>\n\t\t\t<\/div>\n\n\t\n\n\t<div id=\"col-1908349686\" class=\"col medium-6 small-12 large-6\"  >\n\t\t<div class=\"col-inner\"  >\n\t\t\t\n\t\t\t\n\t<div id=\"text-1541687990\" class=\"text\">\n\t\t\n<ul style=\"font-size:14px; line-height:17px\">\n<li class=\"color-mid mb-10 bluesul\">Hospital Benefic\u00eancia Portuguesa<\/li>\n<li class=\"color-mid mb-10 bluesul\">Hospital S\u00e3o Luiz<\/li>\n<li class=\"color-mid mb-10 bluesul\">Incor &#8211; Instituto do Cora\u00e7\u00e3o<\/li>\n<li class=\"color-mid mb-10 bluesul\">Hospital S\u00e3o Paulo<\/li>\n<li class=\"color-mid mb-10 bluesul\">Hospital Alvorada<\/li>\n<li class=\"color-mid mb-10 bluesul\">Hospital Nove de Julho<\/li>\n<li class=\"color-mid mb-10 bluesul\">Hospital Metropolitano<\/li>\n<li class=\"color-mid mb-10 bluesul\">Hospital Vit\u00f3ria<\/li>\n<li class=\"color-mid mb-10 bluesul\">Hospital Igesp<\/li>\n<li class=\"color-mid mb-10 bluesul\">Hospital Paulistano<\/li>\n<\/ul>\n\t\t\n<style>\n#text-1541687990 {\n  font-size: 0.75rem;\n}\n<\/style>\n\t<\/div>\n\t\n\t\t<\/div>\n\t\t\t<\/div>\n\n\t\n<\/div>\n\t\t<\/div>\n\t\t\t<\/div>\n\n\t\n\n\t<div id=\"col-1003062034\" class=\"col hide-for-small medium-6 small-12 large-6\"  >\n\t\t<div class=\"col-inner\"  >\n\t\t\t\n\t\t\t\n\t<div class=\"img has-hover x md-x lg-x y md-y lg-y\" id=\"image_701400734\">\n\t\t\t\t\t\t\t\t<div class=\"img-inner dark\" >\n\t\t\t<img loading=\"lazy\" decoding=\"async\" width=\"738\" height=\"960\" src=\"https:\/\/todosplanosdesaude.com.br\/amil\/wp-content\/uploads\/2022\/04\/Rede-Credenciada.png\" class=\"attachment-large size-large\" alt=\"\" srcset=\"https:\/\/todosplanosdesaude.com.br\/amil\/wp-content\/uploads\/2022\/04\/Rede-Credenciada.png 738w, https:\/\/todosplanosdesaude.com.br\/amil\/wp-content\/uploads\/2022\/04\/Rede-Credenciada-231x300.png 231w\" sizes=\"auto, (max-width: 738px) 100vw, 738px\" \/>\t\t\t\t\t\t\n\t\t\t\t\t<\/div>\n\t\t\t\t\t\t\t\t\n<style>\n#image_701400734 {\n  width: 100%;\n}\n<\/style>\n\t<\/div>\n\t\n\t\t<\/div>\n\t\t\t<\/div>\n\n\t\n<\/div>\n\t\t<\/div>\n\n\t\t\n<style>\n#section_2145762331 {\n  padding-top: 0px;\n  padding-bottom: 0px;\n}\n#section_2145762331 .section-bg-overlay {\n  background-color: rgb(250, 250, 250);\n}\n<\/style>\n\t<\/section>\n\t\n","protected":false},"excerpt":{"rendered":"","protected":false},"author":1,"featured_media":0,"parent":0,"menu_order":0,"comment_status":"closed","ping_status":"closed","template":"page-blank.php","meta":{"footnotes":""},"class_list":["post-14","page","type-page","status-publish","hentry"],"yoast_head":"<!-- This site is optimized with the Yoast SEO plugin v25.3.1 - https:\/\/yoast.com\/wordpress\/plugins\/seo\/ -->\n<title>Home - Plano de Sa\u00fade Amil<\/title>\n<meta name=\"description\" content=\"Saiba tudo sobre o Plano de sa\u00fade Amil. Rede Credenciada, Tabela de Valores e Diferenciais. Ligue (11) 2068-3516\" \/>\n<meta name=\"robots\" content=\"index, follow, max-snippet:-1, max-image-preview:large, max-video-preview:-1\" \/>\n<link rel=\"canonical\" href=\"https:\/\/todosplanosdesaude.com.br\/amil\/\" \/>\n<meta property=\"og:locale\" content=\"en_US\" \/>\n<meta property=\"og:type\" content=\"article\" \/>\n<meta property=\"og:title\" content=\"Home - Plano de Sa\u00fade Amil\" \/>\n<meta property=\"og:description\" content=\"Saiba tudo sobre o Plano de sa\u00fade Amil. Rede Credenciada, Tabela de Valores e Diferenciais. Ligue (11) 2068-3516\" \/>\n<meta property=\"og:url\" content=\"https:\/\/todosplanosdesaude.com.br\/amil\/\" \/>\n<meta property=\"og:site_name\" content=\"Plano de Sa\u00fade Amil\" \/>\n<meta property=\"article:modified_time\" content=\"2025-02-03T16:28:18+00:00\" \/>\n<meta name=\"twitter:card\" content=\"summary_large_image\" \/>\n<meta name=\"twitter:label1\" content=\"Est. reading time\" \/>\n\t<meta name=\"twitter:data1\" content=\"3 minutes\" \/>\n<script type=\"application\/ld+json\" class=\"yoast-schema-graph\">{\"@context\":\"https:\/\/schema.org\",\"@graph\":[{\"@type\":\"WebPage\",\"@id\":\"https:\/\/todosplanosdesaude.com.br\/amil\/\",\"url\":\"https:\/\/todosplanosdesaude.com.br\/amil\/\",\"name\":\"Home - Plano de Sa\u00fade Amil\",\"isPartOf\":{\"@id\":\"\/#website\"},\"datePublished\":\"2021-02-11T16:41:15+00:00\",\"dateModified\":\"2025-02-03T16:28:18+00:00\",\"description\":\"Saiba tudo sobre o Plano de sa\u00fade Amil. Rede Credenciada, Tabela de Valores e Diferenciais. Ligue (11) 2068-3516\",\"breadcrumb\":{\"@id\":\"https:\/\/todosplanosdesaude.com.br\/amil\/#breadcrumb\"},\"inLanguage\":\"en-US\",\"potentialAction\":[{\"@type\":\"ReadAction\",\"target\":[\"https:\/\/todosplanosdesaude.com.br\/amil\/\"]}]},{\"@type\":\"BreadcrumbList\",\"@id\":\"https:\/\/todosplanosdesaude.com.br\/amil\/#breadcrumb\",\"itemListElement\":[{\"@type\":\"ListItem\",\"position\":1,\"name\":\"Home\",\"item\":\"https:\/\/todosplanosdesaude.com.br\/amil\/\"},{\"@type\":\"ListItem\",\"position\":2,\"name\":\"Home\"}]},{\"@type\":\"WebSite\",\"@id\":\"\/#website\",\"url\":\"\/\",\"name\":\"Plano de Sa\u00fade Amil\",\"description\":\"\",\"potentialAction\":[{\"@type\":\"SearchAction\",\"target\":{\"@type\":\"EntryPoint\",\"urlTemplate\":\"\/?s={search_term_string}\"},\"query-input\":{\"@type\":\"PropertyValueSpecification\",\"valueRequired\":true,\"valueName\":\"search_term_string\"}}],\"inLanguage\":\"en-US\"}]}<\/script>\n<!-- \/ Yoast SEO plugin. -->","yoast_head_json":{"title":"Home - Plano de Sa\u00fade Amil","description":"Saiba tudo sobre o Plano de sa\u00fade Amil. Rede Credenciada, Tabela de Valores e Diferenciais. Ligue (11) 2068-3516","robots":{"index":"index","follow":"follow","max-snippet":"max-snippet:-1","max-image-preview":"max-image-preview:large","max-video-preview":"max-video-preview:-1"},"canonical":"https:\/\/todosplanosdesaude.com.br\/amil\/","og_locale":"en_US","og_type":"article","og_title":"Home - Plano de Sa\u00fade Amil","og_description":"Saiba tudo sobre o Plano de sa\u00fade Amil. Rede Credenciada, Tabela de Valores e Diferenciais. Ligue (11) 2068-3516","og_url":"https:\/\/todosplanosdesaude.com.br\/amil\/","og_site_name":"Plano de Sa\u00fade Amil","article_modified_time":"2025-02-03T16:28:18+00:00","twitter_card":"summary_large_image","twitter_misc":{"Est. reading time":"3 minutes"},"schema":{"@context":"https:\/\/schema.org","@graph":[{"@type":"WebPage","@id":"https:\/\/todosplanosdesaude.com.br\/amil\/","url":"https:\/\/todosplanosdesaude.com.br\/amil\/","name":"Home - Plano de Sa\u00fade Amil","isPartOf":{"@id":"\/#website"},"datePublished":"2021-02-11T16:41:15+00:00","dateModified":"2025-02-03T16:28:18+00:00","description":"Saiba tudo sobre o Plano de sa\u00fade Amil. Rede Credenciada, Tabela de Valores e Diferenciais. Ligue (11) 2068-3516","breadcrumb":{"@id":"https:\/\/todosplanosdesaude.com.br\/amil\/#breadcrumb"},"inLanguage":"en-US","potentialAction":[{"@type":"ReadAction","target":["https:\/\/todosplanosdesaude.com.br\/amil\/"]}]},{"@type":"BreadcrumbList","@id":"https:\/\/todosplanosdesaude.com.br\/amil\/#breadcrumb","itemListElement":[{"@type":"ListItem","position":1,"name":"Home","item":"https:\/\/todosplanosdesaude.com.br\/amil\/"},{"@type":"ListItem","position":2,"name":"Home"}]},{"@type":"WebSite","@id":"\/#website","url":"\/","name":"Plano de Sa\u00fade Amil","description":"","potentialAction":[{"@type":"SearchAction","target":{"@type":"EntryPoint","urlTemplate":"\/?s={search_term_string}"},"query-input":{"@type":"PropertyValueSpecification","valueRequired":true,"valueName":"search_term_string"}}],"inLanguage":"en-US"}]}},"_links":{"self":[{"href":"https:\/\/todosplanosdesaude.com.br\/amil\/wp-json\/wp\/v2\/pages\/14","targetHints":{"allow":["GET"]}}],"collection":[{"href":"https:\/\/todosplanosdesaude.com.br\/amil\/wp-json\/wp\/v2\/pages"}],"about":[{"href":"https:\/\/todosplanosdesaude.com.br\/amil\/wp-json\/wp\/v2\/types\/page"}],"author":[{"embeddable":true,"href":"https:\/\/todosplanosdesaude.com.br\/amil\/wp-json\/wp\/v2\/users\/1"}],"replies":[{"embeddable":true,"href":"https:\/\/todosplanosdesaude.com.br\/amil\/wp-json\/wp\/v2\/comments?post=14"}],"version-history":[{"count":0,"href":"https:\/\/todosplanosdesaude.com.br\/amil\/wp-json\/wp\/v2\/pages\/14\/revisions"}],"wp:attachment":[{"href":"https:\/\/todosplanosdesaude.com.br\/amil\/wp-json\/wp\/v2\/media?parent=14"}],"curies":[{"name":"wp","href":"https:\/\/api.w.org\/{rel}","templated":true}]}}