{"id":1799,"date":"2025-03-03T22:29:40","date_gmt":"2025-03-03T22:29:40","guid":{"rendered":"https:\/\/todosplanosdesaude.com.br\/amil\/maranhao\/"},"modified":"2025-03-03T22:47:19","modified_gmt":"2025-03-03T22:47:19","slug":"maranhao","status":"publish","type":"page","link":"https:\/\/todosplanosdesaude.com.br\/amil\/maranhao\/","title":{"rendered":"Maranh\u00e3o"},"content":{"rendered":"<div id=\"page-header-1380498928\" class=\"page-header-wrapper\">\n<div class=\"page-title dark featured-title\">\n<div class=\"page-title-inner container align-center flex-row medium-flex-wrap\">\n<div class=\"title-wrapper flex-col text-left medium-text-center\">\n<h1 class=\"entry-title mb-0\">Rede Credenciada Amil Maranh\u00e3o<\/h1>\n<\/p>\n<\/div>\n<div class=\"title-content flex-col flex-right text-right medium-text-center\">\n<div class=\"title-breadcrumbs pb-half pt-half\"><\/div>\n<\/p>\n<\/div>\n<\/div>\n<\/div>\n<\/div>\n\t<section class=\"section\" id=\"section_995874071\">\n\t\t<div class=\"bg section-bg fill bg-fill  bg-loaded\" >\n\n\t\t\t\n\t\t\t\n\t\t\t\n\n\t\t<\/div>\n\n\t\t<div class=\"section-content relative\">\n\t\t\t\n<div class=\"row\"  id=\"row-1530782897\">\n\n\t<div id=\"col-681420775\" class=\"col small-12 large-12\"  >\n\t\t<div class=\"col-inner\"  >\n\t\t\t\n\t\t\t\n<table class=\"static small ta-c\">\n<tbody>\n<tr class=\"bgGray\">\n<td class=\"ta-c\" colspan=\"3\"><span class=\"fz-11\">AMIL PRATA<\/span><\/td>\n<\/tr>\n<tr class=\"bgGray\">\n<td class=\"ta-l\" colspan=\"3\"><strong>Hospitais<\/strong>\u00a0(11)<\/td>\n<\/tr>\n<tr>\n<td class=\"ta-l va-t\" colspan=\"1\">\n<div class=\"fz-7\"><strong>S\u00e3o Lu\u00eds &#8211; Outras Regi\u00f5es<\/strong><br \/>FUNDACAO ANTONIO JORGE DINO &#8211; H<br \/>HOSPITAL MARANHENSE &#8211; H\/ HP\/ M\/ PS\/ PSI\/ PSO &#8211; INCLUSIVE: Hospital Cirurgia Ortop\u00e9dica Pronto Socorro Obst\u00e9trico<br \/>HOSPITAL S\u00c3O DOMINGOS &#8211; H\/ HP\/ PS\/ PSI\/ PSO &#8211; INCLUSIVE: Hospital Cirurgia Ortop\u00e9dica Pronto Socorro Cardiol\u00f3gico<br \/>HRO &#8211; HOSPITAL DE REFER\u00caNCIA OFTALMOL\u00d3GICA &#8211; H<\/div>\n<\/td>\n<td class=\"ta-l va-t\" colspan=\"1\">\n<div class=\"fz-7\">NATUS LUMINE &#8211; H\/ HP\/ M<br \/>PROC\u00c1RDIO &#8211; CENTRO DE DIAG. E TRATAMENTO CARDIOL\u00d3GICO &#8211; H &#8211; INCLUSIVE: Pronto Socorro Cardiol\u00f3gico<br \/>SOS INFANTIL &#8211; PSI<br \/>UPC UNIDADE PEDI\u00c1TRICA E CIRURGICA &#8211; H\/ HP\/ PSI<br \/><strong>Imperatriz &#8211; Outras Regi\u00f5es<\/strong><br \/>HOSP. DAS CL\u00cdNICAS &#8211; H\/ HP\/ M\/ PS\/ PSI\/ PSO &#8211; INCLUSIVE: Hospital Cirurgia Ortop\u00e9dica Pronto Socorro Obst\u00e9trico Pronto Socorro Cardiol\u00f3gico<\/div>\n<\/td>\n<td class=\"ta-l va-t\" colspan=\"1\">\n<div class=\"fz-7\">HOSPITAL SANTA M\u00d4NICA &#8211; H\/ M\/ PS\/ PSO &#8211; INCLUSIVE: Hospital Cirurgia Ortop\u00e9dica Pronto Socorro Obst\u00e9trico Pronto Socorro Cardiol\u00f3gico<br \/><strong>Raposa &#8211; Outras Regi\u00f5es<\/strong><br \/>INCONS &#8211; H\/ PS<\/div>\n<\/td>\n<\/tr>\n<tr class=\"bgGray\">\n<td class=\"ta-l\" colspan=\"3\"><strong>Clin\u00edcas<\/strong>\u00a0(5)<\/td>\n<\/tr>\n<tr>\n<td class=\"ta-l va-t\" colspan=\"1\">\n<div class=\"fz-7\"><strong>S\u00e3o Lu\u00eds &#8211; Zona Central<\/strong><br \/>IDIAGN\u00d3STICA<br \/><strong>S\u00e3o Lu\u00eds &#8211; Outras Regi\u00f5es<\/strong><br \/>INNMA<\/div>\n<\/td>\n<td class=\"ta-l va-t\" colspan=\"1\">\n<div class=\"fz-7\">MEDICARE<br \/>SOS TRAUMA<br \/><strong>Imperatriz &#8211; Outras Regi\u00f5es<\/strong><br \/>ONCORADIUM<\/div>\n<\/td>\n<td colspan=\"1\">\u00a0<\/td>\n<\/tr>\n<tr class=\"bgGray\">\n<td class=\"ta-l\" colspan=\"3\"><strong>Laborat\u00f3rios<\/strong>\u00a0(12)<\/td>\n<\/tr>\n<tr>\n<td class=\"ta-l va-t\" colspan=\"1\">\n<div class=\"fz-7\"><strong>S\u00e3o Lu\u00eds &#8211; Outras Regi\u00f5es<\/strong><br \/>FLEURY<br \/>I-MEDICAL<br \/>INLAB<br \/>INSTITUTO DE RADIOLOGIA S\u00c3O LU\u00cdS<br \/>LAB. NATUS LUMINE MATERNIDADE<\/div>\n<\/td>\n<td class=\"ta-l va-t\" colspan=\"1\">\n<div class=\"fz-7\">LABORAT\u00d3RIO CEDRO LTDA.<br \/>LABORATORIO CORREA MENDES<br \/>LABORAT\u00d3RIO S\u00c3O LU\u00cdS<br \/>MAIS IMAGEM MEDICINA DIAGN\u00d3STICA<br \/><strong>Imperatriz &#8211; Outras Regi\u00f5es<\/strong><br \/>LABORATORIO MODELO<\/div>\n<\/td>\n<td class=\"ta-l va-t\" colspan=\"1\">\n<div class=\"fz-7\"><strong>Pa\u00e7o do Lumiar &#8211; Outras Regi\u00f5es<\/strong><br \/>FLEURY S.A<br \/><strong>S\u00e3o Jos\u00e9 de Ribamar &#8211; Outras Regi\u00f5es<\/strong><br \/>INLAB<\/div>\n<\/td>\n<\/tr>\n<tr class=\"bgGray\">\n<td class=\"ta-c\" colspan=\"3\"><span class=\"fz-11\">AMIL OURO<\/span>\u00a0(+ AMIL PRATA)<\/td>\n<\/tr>\n<tr class=\"bgGray\">\n<td class=\"ta-l\" colspan=\"3\"><strong>Hospitais<\/strong>\u00a0(4)<\/td>\n<\/tr>\n<tr>\n<td class=\"ta-l va-t\" colspan=\"1\">\n<div class=\"fz-7\"><strong>S\u00e3o Lu\u00eds &#8211; Outras Regi\u00f5es<\/strong><br \/>CL\u00cdNICA S\u00c3O JOS\u00c9 &#8211; H\/ M &#8211; INCLUSIVE: Hospital Cirurgia Ortop\u00e9dica Pronto Socorro Obst\u00e9trico<\/div>\n<\/td>\n<td class=\"ta-l va-t\" colspan=\"1\">\n<div class=\"fz-7\">CLINICA S\u00c3O MARCOS &#8211; H\/ HP\/ M &#8211; INCLUSIVE: Hospital Cirurgia Ortop\u00e9dica Pronto Socorro Obst\u00e9trico<br \/>DOM HOSPITAL DAY &#8211; H<\/div>\n<\/td>\n<td class=\"ta-l va-t\" colspan=\"1\">\n<div class=\"fz-7\">POLICL\u00cdNICA IBIRAPUERA LTDA. &#8211; H\/ HP\/ M\/ PS\/ PSI<\/div>\n<\/td>\n<\/tr>\n<tr class=\"bgGray\">\n<td class=\"ta-c\" colspan=\"3\"><span class=\"fz-11\">PLATINUM R1<\/span>\u00a0(+ AMIL OURO)<\/td>\n<\/tr>\n<tr>\n<td class=\"ta-c\" colspan=\"3\"><span class=\"fz-9\">Mesma rede do plano anterior AMIL OURO<\/span><\/td>\n<\/tr>\n<tr class=\"bgGray\">\n<td class=\"ta-c\" colspan=\"3\"><span class=\"fz-11\">PLATINUM R2<\/span>\u00a0(+ PLATINUM R1)<\/td>\n<\/tr>\n<tr>\n<td class=\"ta-c\" colspan=\"3\"><span class=\"fz-9\">Mesma rede do plano anterior PLATINUM R1<\/span><\/td>\n<\/tr>\n<tr class=\"bgGray\">\n<td class=\"ta-c\" colspan=\"3\"><span class=\"fz-11\">PLATINUM MAIS R1<\/span>\u00a0(+ PLATINUM R2)<\/td>\n<\/tr>\n<tr>\n<td class=\"ta-c\" colspan=\"3\"><span class=\"fz-9\">Mesma rede do plano anterior PLATINUM R2<\/span><\/td>\n<\/tr>\n<tr class=\"bgGray\">\n<td class=\"ta-c\" colspan=\"3\"><span class=\"fz-11\">PLATINUM MAIS R2<\/span>\u00a0(+ PLATINUM MAIS R1)<\/td>\n<\/tr>\n<tr>\n<td class=\"ta-c\" colspan=\"3\"><span class=\"fz-9\">Mesma rede do plano anterior PLATINUM MAIS R1<\/span><\/td>\n<\/tr>\n<\/tbody>\n<\/table>\n<table class=\"static small ta-c\">\n<tbody>\n<tr class=\"bgGray\">\n<td class=\"ta-c\" colspan=\"3\"><span class=\"fz-11\">AMIL S380<\/span><\/td>\n<\/tr>\n<tr class=\"bgGray\">\n<td class=\"ta-l\" colspan=\"3\"><strong>Hospitais<\/strong>\u00a0(13)<\/td>\n<\/tr>\n<tr>\n<td class=\"ta-l va-t\" colspan=\"1\">\n<div class=\"fz-7\"><strong>S\u00e3o Lu\u00eds &#8211; Outras Regi\u00f5es<\/strong><br \/>CL\u00cdNICA LUIZA COELHO &#8211; H\/ M\/ PS<br \/>CL\u00cdNICA S\u00c3O JOS\u00c9 &#8211; H\/ M\/ PS<br \/>CLINICA S\u00c3O MARCOS &#8211; H\/ M\/ PS<br \/>FUNDACAO ANTONIO JORGE DINO &#8211; H\/ M\/ PS<br \/>HOSPITAL MARANHENSE &#8211; H\/ PS<\/div>\n<\/td>\n<td class=\"ta-l va-t\" colspan=\"1\">\n<div class=\"fz-7\">HOSPITAL S\u00c3O DOMINGOS &#8211; H\/ PS<br \/>NATUS LUMINE &#8211; H\/ M<br \/>POLICL\u00cdNICA IBIRAPUERA LTDA. &#8211; H\/ M\/ PS<br \/>PRO CARDIO &#8211; H\/ PS<br \/>UPC &#8211; HOSPITAL DA CRIAN\u00c7A &#8211; H\/ PS<br \/><strong>Imperatriz &#8211; Outras Regi\u00f5es<\/strong><br \/>HOSP. DAS CL\u00cdNICAS &#8211; H\/ PS<\/div>\n<\/td>\n<td class=\"ta-l va-t\" colspan=\"1\">\n<div class=\"fz-7\">HOSPITAL SANTA M\u00d4NICA &#8211; H\/ PS<br \/><strong>Raposa &#8211; Outras Regi\u00f5es<\/strong><br \/>INCONS &#8211; H\/ PS<\/div>\n<\/td>\n<\/tr>\n<tr class=\"bgGray\">\n<td class=\"ta-l\" colspan=\"3\"><strong>Laborat\u00f3rios<\/strong>\u00a0(7)<\/td>\n<\/tr>\n<tr>\n<td class=\"ta-l va-t\" colspan=\"1\">\n<div class=\"fz-7\"><strong>S\u00e3o Lu\u00eds &#8211; Outras Regi\u00f5es<\/strong><br \/>CENTROLAB<br \/>GEMMA GALGANI LABORAT\u00d3RIO<\/div>\n<\/td>\n<td class=\"ta-l va-t\" colspan=\"1\">\n<div class=\"fz-7\">LABORAT\u00d3RIO CEDRO LTDA.<br \/>LABORATORIO CORREA MENDES<br \/>LABORAT\u00d3RIO GASPAR<\/div>\n<\/td>\n<td class=\"ta-l va-t\" colspan=\"1\">\n<div class=\"fz-7\">LABORAT\u00d3RIO G\u00caNESIS<br \/><strong>Pa\u00e7o do Lumiar &#8211; Outras Regi\u00f5es<\/strong><br \/>CENTROLAB<\/div>\n<\/td>\n<\/tr>\n<tr class=\"bgGray\">\n<td class=\"ta-c\" colspan=\"3\"><span class=\"fz-11\">AMIL S450<\/span>\u00a0(+ AMIL S380)<\/td>\n<\/tr>\n<tr class=\"bgGray\">\n<td class=\"ta-l\" colspan=\"3\"><strong>Hospitais<\/strong>\u00a0(2)<\/td>\n<\/tr>\n<tr>\n<td class=\"ta-l va-t\" colspan=\"1\">\n<div class=\"fz-7\"><strong>S\u00e3o Lu\u00eds &#8211; Outras Regi\u00f5es<\/strong><br \/>HRO &#8211; HOSPITAL DE REFER\u00caNCIA OFTALMOL\u00d3GICA &#8211; H\/ PS<\/div>\n<\/td>\n<td class=\"ta-l va-t\" colspan=\"1\">\n<div class=\"fz-7\">UDI HOSPITAL &#8211; H\/ PS<\/div>\n<\/td>\n<td colspan=\"1\">\u00a0<\/td>\n<\/tr>\n<tr class=\"bgGray\">\n<td class=\"ta-c\" colspan=\"3\"><span class=\"fz-11\">AMIL S750 (R1)<\/span>\u00a0(+ AMIL S450)<\/td>\n<\/tr>\n<tr>\n<td class=\"ta-c\" colspan=\"3\"><span class=\"fz-9\">Mesma rede do plano anterior AMIL S450<\/span><\/td>\n<\/tr>\n<tr class=\"bgGray\">\n<td class=\"ta-c\" colspan=\"3\"><span class=\"fz-11\">AMIL S750 (R2)<\/span>\u00a0(+ AMIL S750 (R1))<\/td>\n<\/tr>\n<tr>\n<td class=\"ta-c\" colspan=\"3\"><span class=\"fz-9\">Mesma rede do plano anterior AMIL S750 (R1)<\/span><\/td>\n<\/tr>\n<tr class=\"bgGray\">\n<td class=\"ta-c\" colspan=\"3\"><span class=\"fz-11\">AMIL S750 (R3)<\/span>\u00a0(+ AMIL S750 (R2))<\/td>\n<\/tr>\n<tr>\n<td class=\"ta-c\" colspan=\"3\"><span class=\"fz-9\">Mesma rede do plano anterior AMIL S750 (R2)<\/span><\/td>\n<\/tr>\n<\/tbody>\n<\/table>\n<table class=\"static small ta-c\">\n<tbody>\n<tr class=\"bgGray\">\n<td class=\"ta-c\" colspan=\"3\"><span class=\"fz-11\">BLACK R1<\/span><\/td>\n<\/tr>\n<tr class=\"bgGray\">\n<td class=\"ta-l\" colspan=\"3\"><strong>Hospitais<\/strong>\u00a0(15)<\/td>\n<\/tr>\n<tr>\n<td class=\"ta-l va-t\" colspan=\"1\">\n<div class=\"fz-7\"><strong>S\u00e3o Lu\u00eds &#8211; Outras Regi\u00f5es<\/strong><br \/>CL\u00cdNICA S\u00c3O JOS\u00c9 &#8211; H\/ M &#8211; INCLUSIVE: Hospital Cirurgia Ortop\u00e9dica Pronto Socorro Obst\u00e9trico<br \/>CLINICA S\u00c3O MARCOS &#8211; H\/ HP\/ M &#8211; INCLUSIVE: Hospital Cirurgia Ortop\u00e9dica Pronto Socorro Obst\u00e9trico<br \/>DOM HOSPITAL DAY &#8211; H<br \/>FUNDACAO ANTONIO JORGE DINO &#8211; H<br \/>HOSPITAL MARANHENSE &#8211; H\/ HP\/ M\/ PS\/ PSI\/ PSO &#8211; INCLUSIVE: Hospital Cirurgia Ortop\u00e9dica Pronto Socorro Obst\u00e9trico Pronto Socorro Cardiol\u00f3gico<\/div>\n<\/td>\n<td class=\"ta-l va-t\" colspan=\"1\">\n<div class=\"fz-7\">HOSPITAL S\u00c3O DOMINGOS &#8211; H\/ HP\/ PS\/ PSI\/ PSO &#8211; INCLUSIVE: Pronto Socorro Cardiol\u00f3gico<br \/>HRO &#8211; HOSPITAL DE REFER\u00caNCIA OFTALMOL\u00d3GICA &#8211; H\/ PS<br \/>NATUS LUMINE &#8211; H\/ HP\/ M<br \/>POLICL\u00cdNICA IBIRAPUERA LTDA. &#8211; H\/ HP\/ M\/ PS\/ PSI &#8211; INCLUSIVE: Pronto Socorro Obst\u00e9trico<br \/>PROC\u00c1RDIO &#8211; CENTRO DE DIAG. E TRATAMENTO CARDIOL\u00d3GICO &#8211; H &#8211; INCLUSIVE: Pronto Socorro Cardiol\u00f3gico<br \/>SOS INFANTIL &#8211; PSI<\/div>\n<\/td>\n<td class=\"ta-l va-t\" colspan=\"1\">\n<div class=\"fz-7\">UPC UNIDADE PEDI\u00c1TRICA E CIRURGICA &#8211; H\/ HP\/ PSI<br \/><strong>Imperatriz &#8211; Outras Regi\u00f5es<\/strong><br \/>HOSP. DAS CL\u00cdNICAS &#8211; H\/ HP\/ PS\/ PSI\/ PSO &#8211; INCLUSIVE: Hospital Cirurgia Ortop\u00e9dica Pronto Socorro Obst\u00e9trico Pronto Socorro Cardiol\u00f3gico<br \/>HOSPITAL SANTA M\u00d4NICA &#8211; H\/ M\/ PS\/ PSO &#8211; INCLUSIVE: Hospital Cirurgia Ortop\u00e9dica Pronto Socorro Obst\u00e9trico Pronto Socorro Cardiol\u00f3gico<br \/><strong>Raposa &#8211; Outras Regi\u00f5es<\/strong><br \/>INCONS &#8211; H\/ PS<\/div>\n<\/td>\n<\/tr>\n<tr class=\"bgGray\">\n<td class=\"ta-l\" colspan=\"3\"><strong>Clin\u00edcas<\/strong>\u00a0(5)<\/td>\n<\/tr>\n<tr>\n<td class=\"ta-l va-t\" colspan=\"1\">\n<div class=\"fz-7\"><strong>S\u00e3o Lu\u00eds &#8211; Zona Central<\/strong><br \/>IDIAGN\u00d3STICA<br \/><strong>S\u00e3o Lu\u00eds &#8211; Outras Regi\u00f5es<\/strong><br \/>INNMA<\/div>\n<\/td>\n<td class=\"ta-l va-t\" colspan=\"1\">\n<div class=\"fz-7\">MEDICARE<br \/>SOS TRAUMA<br \/><strong>Imperatriz &#8211; Outras Regi\u00f5es<\/strong><br \/>ONCORADIUM<\/div>\n<\/td>\n<td colspan=\"1\">\u00a0<\/td>\n<\/tr>\n<tr class=\"bgGray\">\n<td class=\"ta-l\" colspan=\"3\"><strong>Laborat\u00f3rios<\/strong>\u00a0(12)<\/td>\n<\/tr>\n<tr>\n<td class=\"ta-l va-t\" colspan=\"1\">\n<div class=\"fz-7\"><strong>S\u00e3o Lu\u00eds &#8211; Outras Regi\u00f5es<\/strong><br \/>FLEURY<br \/>I-MEDICAL<br \/>INSTITUTO DE RADIOLOGIA S\u00c3O LU\u00cdS<br \/>LAB. NATUS LUMINE MATERNIDADE<br \/>LABORAT\u00d3RIO CEDRO LTDA.<\/div>\n<\/td>\n<td class=\"ta-l va-t\" colspan=\"1\">\n<div class=\"fz-7\">LABORATORIO CORREA MENDES<br \/>LABORAT\u00d3RIO S\u00c3O LU\u00cdS<br \/>LAB. PROCARDIO<br \/>MAIS IMAGEM MEDICINA DIAGN\u00d3STICA<br \/><strong>Imperatriz &#8211; Outras Regi\u00f5es<\/strong><br \/>LABORATORIO MODELO<\/div>\n<\/td>\n<td class=\"ta-l va-t\" colspan=\"1\">\n<div class=\"fz-7\"><strong>Pa\u00e7o do Lumiar &#8211; Outras Regi\u00f5es<\/strong><br \/>FLEURY S.A<br \/><strong>S\u00e3o Jos\u00e9 de Ribamar &#8211; Outras Regi\u00f5es<\/strong><br \/>INLAB<\/div>\n<\/td>\n<\/tr>\n<tr class=\"bgGray\">\n<td class=\"ta-c\" colspan=\"3\"><span class=\"fz-11\">BLACK R2<\/span>\u00a0(+ BLACK R1)<\/td>\n<\/tr>\n<tr>\n<td class=\"ta-c\" colspan=\"3\"><span class=\"fz-9\">Mesma rede do plano anterior BLACK R1<\/span><\/td>\n<\/tr>\n<\/tbody>\n<\/table>\n<table class=\"static small ta-c\">\n<tbody>\n<tr class=\"bgGray\">\n<td class=\"ta-c\" colspan=\"3\"><span class=\"fz-11\">AMIL ONE S2500 (R1)<\/span><\/td>\n<\/tr>\n<tr class=\"bgGray\">\n<td class=\"ta-l\" colspan=\"3\"><strong>Hospitais<\/strong>\u00a0(15)<\/td>\n<\/tr>\n<tr>\n<td class=\"ta-l va-t\" colspan=\"1\">\n<div class=\"fz-7\"><strong>S\u00e3o Lu\u00eds &#8211; Outras Regi\u00f5es<\/strong><br \/>CL\u00cdNICA LUIZA COELHO &#8211; H\/ M\/ PS<br \/>CL\u00cdNICA S\u00c3O JOS\u00c9 &#8211; H\/ M\/ PS<br \/>CLINICA S\u00c3O MARCOS &#8211; H\/ M\/ PS<br \/>HOSPITAL ALDENORA BELLO (FUND. ANTONIO JORGE DINO) &#8211; H<br \/>HOSPITAL MARANHENSE &#8211; H\/ PS<\/div>\n<\/td>\n<td class=\"ta-l va-t\" colspan=\"1\">\n<div class=\"fz-7\">HOSPITAL S\u00c3O DOMINGOS &#8211; H\/ PS<br \/>HRO &#8211; HOSPITAL DE REFER\u00caNCIA OFTALMOL\u00d3GICA &#8211; H\/ PS<br \/>NATUS LUMINE &#8211; H\/ M<br \/>POLICL\u00cdNICA IBIRAPUERA LTDA. &#8211; H\/ M\/ PS<br \/>PRO CARDIO &#8211; H\/ PS<br \/>UDI HOSPITAL &#8211; H\/ PS<\/div>\n<\/td>\n<td class=\"ta-l va-t\" colspan=\"1\">\n<div class=\"fz-7\">UPC UNIDADE PEDI\u00c1TRICA E CIRURGICA &#8211; H\/ PS<br \/><strong>Imperatriz &#8211; Outras Regi\u00f5es<\/strong><br \/>HOSP. DAS CL\u00cdNICAS &#8211; H\/ PS<br \/>HOSPITAL SANTA M\u00d4NICA &#8211; H\/ M\/ PS<br \/><strong>Raposa &#8211; Outras Regi\u00f5es<\/strong><br \/>INCONS &#8211; H\/ PS<\/div>\n<\/td>\n<\/tr>\n<tr class=\"bgGray\">\n<td class=\"ta-l\" colspan=\"3\"><strong>Laborat\u00f3rios<\/strong>\u00a0(7)<\/td>\n<\/tr>\n<tr>\n<td class=\"ta-l va-t\" colspan=\"1\">\n<div class=\"fz-7\"><strong>S\u00e3o Lu\u00eds &#8211; Outras Regi\u00f5es<\/strong><br \/>CENTROLAB<br \/>GEMMA GALGANI LABORAT\u00d3RIO<\/div>\n<\/td>\n<td class=\"ta-l va-t\" colspan=\"1\">\n<div class=\"fz-7\">LABORAT\u00d3RIO CEDRO LTDA.<br \/>LABORATORIO CORREA MENDES<br \/>LABORAT\u00d3RIO GASPAR<\/div>\n<\/td>\n<td class=\"ta-l va-t\" colspan=\"1\">\n<div class=\"fz-7\">LABORAT\u00d3RIO G\u00caNESIS<br \/><strong>Pa\u00e7o do Lumiar &#8211; Outras Regi\u00f5es<\/strong><br \/>CENTROLAB<\/div>\n<\/td>\n<\/tr>\n<tr class=\"bgGray\">\n<td class=\"ta-c\" colspan=\"3\"><span class=\"fz-11\">AMIL ONE S2500 (R2)<\/span>\u00a0(+ AMIL ONE S2500 (R1))<\/td>\n<\/tr>\n<tr>\n<td class=\"ta-c\" colspan=\"3\"><span class=\"fz-9\">Mesma rede do plano anterior AMIL ONE S2500 (R1)<\/span><\/td>\n<\/tr>\n<\/tbody>\n<\/table>\n\t\t<\/div>\n\t\t\t<\/div>\n\n\t\n<\/div>\n\t\t<\/div>\n\n\t\t\n<style>\n#section_995874071 {\n  padding-top: 30px;\n  padding-bottom: 30px;\n}\n<\/style>\n\t<\/section>\n\t\n<div class=\"message-box relative dark\" style=\"padding-top:15px;padding-bottom:15px;\"><div class=\"message-box-bg-image bg-fill fill\" ><\/div><div class=\"message-box-bg-overlay bg-fill fill\" ><\/div><div class=\"container relative\"><div class=\"inner last-reset\">\n<div class=\"row align-middle align-center\"  id=\"row-1148219333\">\n\n\t<div id=\"col-82158664\" class=\"col small-12 large-12\"  >\n\t\t<div class=\"col-inner\"  >\n\t\t\t\n\t\t\t\n<p style=\"text-align: center;\"><b>IMPORTANTE!<\/b> As informa\u00e7\u00f5es de redes credenciada contidas neste site, podem sofrer altera\u00e7\u00f5es a qualquer momento. Os produtos apresentados nesse site obedecem \u00e0 legisla\u00e7\u00e3o que regulamenta os seguros e \u00e0s condi\u00e7\u00f5es contratuais, que devem ser lidas previamente \u00e0 sua contrata\u00e7\u00e3o.<\/p>\n\t\t<\/div>\n\t\t\t<\/div>\n\n\t\n<\/div>\n<\/div><\/div><\/div>\n","protected":false},"excerpt":{"rendered":"<p>Rede Credenciada Amil<\/p>\n","protected":false},"author":0,"featured_media":0,"parent":0,"menu_order":0,"comment_status":"closed","ping_status":"closed","template":"page-blank.php","meta":{"footnotes":""},"class_list":["post-1799","page","type-page","status-publish","hentry"],"yoast_head":"<!-- This site is optimized with the Yoast SEO plugin v25.3.1 - https:\/\/yoast.com\/wordpress\/plugins\/seo\/ -->\n<title>Maranh\u00e3o - Plano de Sa\u00fade Amil<\/title>\n<meta name=\"robots\" content=\"index, follow, max-snippet:-1, max-image-preview:large, max-video-preview:-1\" \/>\n<link rel=\"canonical\" href=\"https:\/\/todosplanosdesaude.com.br\/amil\/maranhao\/\" \/>\n<meta property=\"og:locale\" content=\"en_US\" \/>\n<meta property=\"og:type\" content=\"article\" \/>\n<meta property=\"og:title\" content=\"Maranh\u00e3o - Plano de Sa\u00fade Amil\" \/>\n<meta property=\"og:description\" content=\"Rede Credenciada Amil\" \/>\n<meta property=\"og:url\" content=\"https:\/\/todosplanosdesaude.com.br\/amil\/maranhao\/\" \/>\n<meta property=\"og:site_name\" content=\"Plano de Sa\u00fade Amil\" \/>\n<meta property=\"article:modified_time\" content=\"2025-03-03T22:47:19+00:00\" \/>\n<meta name=\"twitter:card\" content=\"summary_large_image\" \/>\n<meta name=\"twitter:label1\" content=\"Est. reading time\" \/>\n\t<meta name=\"twitter:data1\" content=\"5 minutes\" \/>\n<script type=\"application\/ld+json\" class=\"yoast-schema-graph\">{\"@context\":\"https:\/\/schema.org\",\"@graph\":[{\"@type\":\"WebPage\",\"@id\":\"https:\/\/todosplanosdesaude.com.br\/amil\/maranhao\/\",\"url\":\"https:\/\/todosplanosdesaude.com.br\/amil\/maranhao\/\",\"name\":\"Maranh\u00e3o - Plano de Sa\u00fade Amil\",\"isPartOf\":{\"@id\":\"\/#website\"},\"datePublished\":\"2025-03-03T22:29:40+00:00\",\"dateModified\":\"2025-03-03T22:47:19+00:00\",\"breadcrumb\":{\"@id\":\"https:\/\/todosplanosdesaude.com.br\/amil\/maranhao\/#breadcrumb\"},\"inLanguage\":\"en-US\",\"potentialAction\":[{\"@type\":\"ReadAction\",\"target\":[\"https:\/\/todosplanosdesaude.com.br\/amil\/maranhao\/\"]}]},{\"@type\":\"BreadcrumbList\",\"@id\":\"https:\/\/todosplanosdesaude.com.br\/amil\/maranhao\/#breadcrumb\",\"itemListElement\":[{\"@type\":\"ListItem\",\"position\":1,\"name\":\"Home\",\"item\":\"https:\/\/todosplanosdesaude.com.br\/amil\/\"},{\"@type\":\"ListItem\",\"position\":2,\"name\":\"Maranh\u00e3o\"}]},{\"@type\":\"WebSite\",\"@id\":\"\/#website\",\"url\":\"\/\",\"name\":\"Plano de Sa\u00fade Amil\",\"description\":\"\",\"potentialAction\":[{\"@type\":\"SearchAction\",\"target\":{\"@type\":\"EntryPoint\",\"urlTemplate\":\"\/?s={search_term_string}\"},\"query-input\":{\"@type\":\"PropertyValueSpecification\",\"valueRequired\":true,\"valueName\":\"search_term_string\"}}],\"inLanguage\":\"en-US\"}]}<\/script>\n<!-- \/ Yoast SEO plugin. -->","yoast_head_json":{"title":"Maranh\u00e3o - Plano de Sa\u00fade Amil","robots":{"index":"index","follow":"follow","max-snippet":"max-snippet:-1","max-image-preview":"max-image-preview:large","max-video-preview":"max-video-preview:-1"},"canonical":"https:\/\/todosplanosdesaude.com.br\/amil\/maranhao\/","og_locale":"en_US","og_type":"article","og_title":"Maranh\u00e3o - Plano de Sa\u00fade Amil","og_description":"Rede Credenciada Amil","og_url":"https:\/\/todosplanosdesaude.com.br\/amil\/maranhao\/","og_site_name":"Plano de Sa\u00fade Amil","article_modified_time":"2025-03-03T22:47:19+00:00","twitter_card":"summary_large_image","twitter_misc":{"Est. reading time":"5 minutes"},"schema":{"@context":"https:\/\/schema.org","@graph":[{"@type":"WebPage","@id":"https:\/\/todosplanosdesaude.com.br\/amil\/maranhao\/","url":"https:\/\/todosplanosdesaude.com.br\/amil\/maranhao\/","name":"Maranh\u00e3o - Plano de Sa\u00fade Amil","isPartOf":{"@id":"\/#website"},"datePublished":"2025-03-03T22:29:40+00:00","dateModified":"2025-03-03T22:47:19+00:00","breadcrumb":{"@id":"https:\/\/todosplanosdesaude.com.br\/amil\/maranhao\/#breadcrumb"},"inLanguage":"en-US","potentialAction":[{"@type":"ReadAction","target":["https:\/\/todosplanosdesaude.com.br\/amil\/maranhao\/"]}]},{"@type":"BreadcrumbList","@id":"https:\/\/todosplanosdesaude.com.br\/amil\/maranhao\/#breadcrumb","itemListElement":[{"@type":"ListItem","position":1,"name":"Home","item":"https:\/\/todosplanosdesaude.com.br\/amil\/"},{"@type":"ListItem","position":2,"name":"Maranh\u00e3o"}]},{"@type":"WebSite","@id":"\/#website","url":"\/","name":"Plano de Sa\u00fade Amil","description":"","potentialAction":[{"@type":"SearchAction","target":{"@type":"EntryPoint","urlTemplate":"\/?s={search_term_string}"},"query-input":{"@type":"PropertyValueSpecification","valueRequired":true,"valueName":"search_term_string"}}],"inLanguage":"en-US"}]}},"_links":{"self":[{"href":"https:\/\/todosplanosdesaude.com.br\/amil\/wp-json\/wp\/v2\/pages\/1799","targetHints":{"allow":["GET"]}}],"collection":[{"href":"https:\/\/todosplanosdesaude.com.br\/amil\/wp-json\/wp\/v2\/pages"}],"about":[{"href":"https:\/\/todosplanosdesaude.com.br\/amil\/wp-json\/wp\/v2\/types\/page"}],"replies":[{"embeddable":true,"href":"https:\/\/todosplanosdesaude.com.br\/amil\/wp-json\/wp\/v2\/comments?post=1799"}],"version-history":[{"count":0,"href":"https:\/\/todosplanosdesaude.com.br\/amil\/wp-json\/wp\/v2\/pages\/1799\/revisions"}],"wp:attachment":[{"href":"https:\/\/todosplanosdesaude.com.br\/amil\/wp-json\/wp\/v2\/media?parent=1799"}],"curies":[{"name":"wp","href":"https:\/\/api.w.org\/{rel}","templated":true}]}}