{"id":1804,"date":"2025-03-03T22:29:42","date_gmt":"2025-03-03T22:29:42","guid":{"rendered":"https:\/\/todosplanosdesaude.com.br\/amil\/paraiba\/"},"modified":"2025-03-03T22:49:40","modified_gmt":"2025-03-03T22:49:40","slug":"paraiba","status":"publish","type":"page","link":"https:\/\/todosplanosdesaude.com.br\/amil\/paraiba\/","title":{"rendered":"Para\u00edba"},"content":{"rendered":"<div id=\"page-header-1380498928\" class=\"page-header-wrapper\">\n<div class=\"page-title dark featured-title\">\n<div class=\"page-title-inner container align-center flex-row medium-flex-wrap\">\n<div class=\"title-wrapper flex-col text-left medium-text-center\">\n<h1 class=\"entry-title mb-0\">Rede Credenciada Amil Para\u00edba<\/h1>\n<\/p>\n<\/div>\n<div class=\"title-content flex-col flex-right text-right medium-text-center\">\n<div class=\"title-breadcrumbs pb-half pt-half\"><\/div>\n<\/p>\n<\/div>\n<\/div>\n<\/div>\n<\/div>\n\t<section class=\"section\" id=\"section_1439367155\">\n\t\t<div class=\"bg section-bg fill bg-fill  bg-loaded\" >\n\n\t\t\t\n\t\t\t\n\t\t\t\n\n\t\t<\/div>\n\n\t\t<div class=\"section-content relative\">\n\t\t\t\n<div class=\"row\"  id=\"row-1221353548\">\n\n\t<div id=\"col-2132389340\" class=\"col small-12 large-12\"  >\n\t\t<div class=\"col-inner\"  >\n\t\t\t\n\t\t\t\n<table class=\"static small ta-c\">\n<tbody>\n<tr class=\"bgGray\">\n<td class=\"ta-c\" colspan=\"3\"><span class=\"fz-11\">AMIL PRATA<\/span><\/td>\n<\/tr>\n<tr class=\"bgGray\">\n<td class=\"ta-l\" colspan=\"3\"><strong>Hospitais<\/strong>\u00a0(11)<\/td>\n<\/tr>\n<tr>\n<td class=\"ta-l va-t\" colspan=\"1\">\n<div class=\"fz-7\"><strong>Jo\u00e3o Pessoa &#8211; Zona Central<\/strong><br \/>HOSPITAL JOAO PAULO II &#8211; H\/ HP\/ M &#8211; INCLUSIVE: Pronto Socorro Obst\u00e9trico<br \/><strong>Jo\u00e3o Pessoa &#8211; Outras Regi\u00f5es<\/strong><br \/>AMIP ASSIST. MED. INFANTIL DA LTDA. &#8211; H\/ HP\/ PS\/ PSI<br \/>HOSP. NAPOLE\u00c3O LAUREANO &#8211; H\/ HP\/ M<\/div>\n<\/td>\n<td class=\"ta-l va-t\" colspan=\"1\">\n<div class=\"fz-7\">HOSP. SAMARITANO &#8211; H\/ PS\/ PSO &#8211; INCLUSIVE: Hospital Cirurgia Ortop\u00e9dica<br \/>MEMORIAL S\u00c3O FRANCISCO &#8211; H\/ PS\/ PSO &#8211; INCLUSIVE: Hospital Cirurgia Ortop\u00e9dica Pronto Socorro Cardiol\u00f3gico<br \/>PROVISAO &#8211; H<br \/>TOP-CL\u00cdNICA ESDRAS FURTADO &#8211; PA<br \/><strong>Campina Grande &#8211; Outras Regi\u00f5es<\/strong><br \/>CLINICA SANTA CLARA &#8211; H\/ M\/ PS\/ PSO &#8211; INCLUSIVE: Hospital Cirurgia Ortop\u00e9dica Pronto Socorro Obst\u00e9trico Pronto Socorro Cardiol\u00f3gico<\/div>\n<\/td>\n<td class=\"ta-l va-t\" colspan=\"1\">\n<div class=\"fz-7\">CLIPSI HOSP. GERAL &#8211; H\/ HP\/ M\/ PS\/ PSI\/ PSO &#8211; INCLUSIVE: Hospital Cirurgia Ortop\u00e9dica Pronto Socorro Obst\u00e9trico Pronto Socorro Cardiol\u00f3gico<br \/>HOSP. DE OLHOS CAMPINA GRANDE &#8211; H<br \/><strong>Sousa &#8211; Outras Regi\u00f5es<\/strong><br \/>HOSPITAL SANTA TEREZINHA &#8211; H\/ HP\/ PS\/ PSI\/ PSO &#8211; INCLUSIVE: Hospital Cirurgia Ortop\u00e9dica Pronto Socorro Obst\u00e9trico<\/div>\n<\/td>\n<\/tr>\n<tr class=\"bgGray\">\n<td class=\"ta-l\" colspan=\"3\"><strong>Clin\u00edcas<\/strong>\u00a0(3)<\/td>\n<\/tr>\n<tr>\n<td class=\"ta-l va-t\" colspan=\"1\">\n<div class=\"fz-7\"><strong>Jo\u00e3o Pessoa &#8211; Outras Regi\u00f5es<\/strong><br \/>IVNA MARIA COSTA DE ALENCAR<\/div>\n<\/td>\n<td class=\"ta-l va-t\" colspan=\"1\">\n<div class=\"fz-7\">ORTO TRAUMA TAMBAU LTDA<br \/>TOP &#8211; CLINICA ESDRAS FURTADO.<\/div>\n<\/td>\n<td colspan=\"1\">\u00a0<\/td>\n<\/tr>\n<tr class=\"bgGray\">\n<td class=\"ta-l\" colspan=\"3\"><strong>Laborat\u00f3rios<\/strong>\u00a0(8)<\/td>\n<\/tr>\n<tr>\n<td class=\"ta-l va-t\" colspan=\"1\">\n<div class=\"fz-7\"><strong>Jo\u00e3o Pessoa &#8211; Outras Regi\u00f5es<\/strong><br \/>LAB. MEMORIAL SAO FRANCISCO<br \/>LAB. PAP PRONTO SOC. ATENDIM. PNEUMOLOGICO<br \/>LAB. TOMOSON<\/div>\n<\/td>\n<td class=\"ta-l va-t\" colspan=\"1\">\n<div class=\"fz-7\">LAB. UNIMAMA E UNIRAD<br \/>MAGNETOM<br \/>SECICOL DIAGN\u00d3STICOS<br \/><strong>Campina Grande &#8211; Outras Regi\u00f5es<\/strong><br \/>PRO-SANGUE<\/div>\n<\/td>\n<td class=\"ta-l va-t\" colspan=\"1\">\n<div class=\"fz-7\"><strong>Patos &#8211; Outras Regi\u00f5es<\/strong><br \/>LAB. VITA<\/div>\n<\/td>\n<\/tr>\n<tr class=\"bgGray\">\n<td class=\"ta-c\" colspan=\"3\"><span class=\"fz-11\">AMIL OURO<\/span>\u00a0(+ AMIL PRATA)<\/td>\n<\/tr>\n<tr class=\"bgGray\">\n<td class=\"ta-l\" colspan=\"3\"><strong>Hospitais<\/strong>\u00a0(3)<\/td>\n<\/tr>\n<tr>\n<td class=\"ta-l va-t\" colspan=\"1\">\n<div class=\"fz-7\"><strong>Jo\u00e3o Pessoa &#8211; Outras Regi\u00f5es<\/strong><br \/>CLINICA DE OTORRINOLARINGOLOGIA LEONARDO F. SILVA &#8211; H<\/div>\n<\/td>\n<td class=\"ta-l va-t\" colspan=\"1\">\n<div class=\"fz-7\">CL\u00cdNICA DOM RODRIGO &#8211; H\/ PS<br \/>HOSPITAL S\u00c3O LUIZ &#8211; H\/ PS<\/div>\n<\/td>\n<td colspan=\"1\">\u00a0<\/td>\n<\/tr>\n<tr class=\"bgGray\">\n<td class=\"ta-l\" colspan=\"3\"><strong>Laborat\u00f3rios<\/strong>\u00a0(2)<\/td>\n<\/tr>\n<tr>\n<td class=\"ta-l va-t\" colspan=\"1\">\n<div class=\"fz-7\"><strong>Jo\u00e3o Pessoa &#8211; Outras Regi\u00f5es<\/strong><br \/>LAB. ONCOVIDA ESPECIALIDADES<\/div>\n<\/td>\n<td class=\"ta-l va-t\" colspan=\"1\">\n<div class=\"fz-7\">LABORATORIO DE PESQUISAS MEDICAS<\/div>\n<\/td>\n<td colspan=\"1\">\u00a0<\/td>\n<\/tr>\n<tr class=\"bgGray\">\n<td class=\"ta-c\" colspan=\"3\"><span class=\"fz-11\">PLATINUM R1<\/span>\u00a0(+ AMIL OURO)<\/td>\n<\/tr>\n<tr class=\"bgGray\">\n<td class=\"ta-c\" colspan=\"3\"><span class=\"fz-11\">PLATINUM R2<\/span>\u00a0(+ PLATINUM R1)<\/td>\n<\/tr>\n<tr>\n<td class=\"ta-c\" colspan=\"3\"><span class=\"fz-9\">Mesma rede do plano anterior PLATINUM R1<\/span><\/td>\n<\/tr>\n<tr class=\"bgGray\">\n<td class=\"ta-c\" colspan=\"3\"><span class=\"fz-11\">PLATINUM MAIS R1<\/span>\u00a0(+ PLATINUM R2)<\/td>\n<\/tr>\n<tr class=\"bgGray\">\n<td class=\"ta-c\" colspan=\"3\"><span class=\"fz-11\">PLATINUM MAIS R2<\/span>\u00a0(+ PLATINUM MAIS R1)<\/td>\n<\/tr>\n<tr>\n<td class=\"ta-c\" colspan=\"3\"><span class=\"fz-9\">Mesma rede do plano anterior PLATINUM MAIS R1<\/span><\/td>\n<\/tr>\n<\/tbody>\n<\/table>\n<table class=\"static small ta-c\">\n<tbody>\n<tr class=\"bgGray\">\n<td class=\"ta-c\" colspan=\"3\"><span class=\"fz-11\">AMIL S380<\/span><\/td>\n<\/tr>\n<tr class=\"bgGray\">\n<td class=\"ta-l\" colspan=\"3\"><strong>Hospitais<\/strong>\u00a0(16)<\/td>\n<\/tr>\n<tr>\n<td class=\"ta-l va-t\" colspan=\"1\">\n<div class=\"fz-7\"><strong>Jo\u00e3o Pessoa &#8211; Zona Central<\/strong><br \/>HOSPITAL JOAO PAULO II &#8211; H\/ M\/ PS<br \/><strong>Jo\u00e3o Pessoa &#8211; Outras Regi\u00f5es<\/strong><br \/>AMIP ASSIST. MED. INFANTIL DA LTDA. &#8211; H\/ PS<br \/>CLINICA DE OTORRINOLARINGOLOGIA LEONARDO F. SILVA &#8211; H<br \/>CL\u00cdNICA DOM RODRIGO &#8211; H\/ PS<br \/>HOSP. DE OLHOS DA PARAIBA &#8211; H<\/div>\n<\/td>\n<td class=\"ta-l va-t\" colspan=\"1\">\n<div class=\"fz-7\">HOSPITAL CLIM &#8211; H\/ M\/ PS<br \/>HOSPITAL NOSSA SENHORA DAS NEVES &#8211; H<br \/>HOSPITAL SAO LUIZ DA PARAIBA &#8211; H\/ PS<br \/>HOSP. NAPOLE\u00c3O LAUREANO &#8211; H<br \/>HOSP. SAMARITANO &#8211; H\/ PS<br \/>INSTITUTO MONTE SINAI &#8211; H\/ M<br \/>MEMORIAL S\u00c3O FRANCISCO &#8211; H\/ PS<\/div>\n<\/td>\n<td class=\"ta-l va-t\" colspan=\"1\">\n<div class=\"fz-7\">PROVISAO &#8211; H<br \/><strong>Campina Grande &#8211; Outras Regi\u00f5es<\/strong><br \/>CLIPSI HOSP. GERAL &#8211; H\/ M\/ PS<br \/><strong>Santa Rita &#8211; Zona Central<\/strong><br \/>HOSP. MAT. FLAVIO R. COUTINHO &#8211; H\/ PS<br \/><strong>Sousa &#8211; Outras Regi\u00f5es<\/strong><br \/>HOSPITAL SANTA TEREZINHA &#8211; H\/ PS<\/div>\n<\/td>\n<\/tr>\n<tr class=\"bgGray\">\n<td class=\"ta-l\" colspan=\"3\"><strong>Laborat\u00f3rios<\/strong>\u00a0(5)<\/td>\n<\/tr>\n<tr>\n<td class=\"ta-l va-t\" colspan=\"1\">\n<div class=\"fz-7\"><strong>Jo\u00e3o Pessoa &#8211; Zona Central<\/strong><br \/>ANALISES MEDICAS DR MAURILIO DE ALMEIDA<br \/>ANALISIS LABORATORIO CLINICO<\/div>\n<\/td>\n<td class=\"ta-l va-t\" colspan=\"1\">\n<div class=\"fz-7\"><strong>Jo\u00e3o Pessoa &#8211; Outras Regi\u00f5es<\/strong><br \/>DIAGSON<br \/>MAGNETOM<\/div>\n<\/td>\n<td class=\"ta-l va-t\" colspan=\"1\">\n<div class=\"fz-7\">NOVA DIAGNOSTICO POR IMAGEM<\/div>\n<\/td>\n<\/tr>\n<tr class=\"bgGray\">\n<td class=\"ta-c\" colspan=\"3\"><span class=\"fz-11\">AMIL S450<\/span>\u00a0(+ AMIL S380)<\/td>\n<\/tr>\n<tr class=\"bgGray\">\n<td class=\"ta-l\" colspan=\"3\"><strong>Hospitais<\/strong>\u00a0(1)<\/td>\n<\/tr>\n<tr>\n<td class=\"ta-l va-t\" colspan=\"1\">\n<div class=\"fz-7\"><strong>Campina Grande &#8211; Outras Regi\u00f5es<\/strong><br \/>HOSP. DE OLHOS CAMPINA GRANDE &#8211; H<\/div>\n<\/td>\n<td colspan=\"2\">\u00a0<\/td>\n<\/tr>\n<tr class=\"bgGray\">\n<td class=\"ta-c\" colspan=\"3\"><span class=\"fz-11\">AMIL S750 (R1)<\/span>\u00a0(+ AMIL S450)<\/td>\n<\/tr>\n<tr>\n<td class=\"ta-c\" colspan=\"3\"><span class=\"fz-9\">Mesma rede do plano anterior AMIL S450<\/span><\/td>\n<\/tr>\n<tr class=\"bgGray\">\n<td class=\"ta-c\" colspan=\"3\"><span class=\"fz-11\">AMIL S750 (R2)<\/span>\u00a0(+ AMIL S750 (R1))<\/td>\n<\/tr>\n<tr>\n<td class=\"ta-c\" colspan=\"3\"><span class=\"fz-9\">Mesma rede do plano anterior AMIL S750 (R1)<\/span><\/td>\n<\/tr>\n<tr class=\"bgGray\">\n<td class=\"ta-c\" colspan=\"3\"><span class=\"fz-11\">AMIL S750 (R3)<\/span>\u00a0(+ AMIL S750 (R2))<\/td>\n<\/tr>\n<tr>\n<td class=\"ta-c\" colspan=\"3\"><span class=\"fz-9\">Mesma rede do plano anterior AMIL S750 (R2)<\/span><\/td>\n<\/tr>\n<\/tbody>\n<\/table>\n<table class=\"static small ta-c\">\n<tbody>\n<tr class=\"bgGray\">\n<td class=\"ta-c\" colspan=\"3\"><span class=\"fz-11\">BLACK R1<\/span><\/td>\n<\/tr>\n<tr class=\"bgGray\">\n<td class=\"ta-l\" colspan=\"3\"><strong>Hospitais<\/strong>\u00a0(15)<\/td>\n<\/tr>\n<tr>\n<td class=\"ta-l va-t\" colspan=\"1\">\n<div class=\"fz-7\"><strong>Jo\u00e3o Pessoa &#8211; Zona Central<\/strong><br \/>HOSPITAL JOAO PAULO II &#8211; H\/ HP\/ M &#8211; INCLUSIVE: Pronto Socorro Obst\u00e9trico<br \/><strong>Jo\u00e3o Pessoa &#8211; Outras Regi\u00f5es<\/strong><br \/>AMIP ASSIST. MED. INFANTIL DA LTDA. &#8211; H\/ HP\/ PS<br \/>CLINICA DE OTORRINOLARINGOLOGIA LEONARDO F. SILVA &#8211; H<br \/>CL\u00cdNICA DOM RODRIGO &#8211; H\/ PS<br \/>HOSPITAL SAO LUIZ DA PARAIBA &#8211; H\/ PS<\/div>\n<\/td>\n<td class=\"ta-l va-t\" colspan=\"1\">\n<div class=\"fz-7\">HOSP. NAPOLE\u00c3O LAUREANO &#8211; H\/ HP\/ M<br \/>HOSP. SAMARITANO &#8211; H\/ PS\/ PSO &#8211; INCLUSIVE: Hospital Cirurgia Ortop\u00e9dica<br \/>MEMORIAL S\u00c3O FRANCISCO &#8211; H\/ PS\/ PSO &#8211; INCLUSIVE: Hospital Cirurgia Ortop\u00e9dica Pronto Socorro Cardiol\u00f3gico<br \/>PROVISAO &#8211; H<br \/>TOP-CL\u00cdNICA ESDRAS FURTADO &#8211; PA<br \/><strong>Campina Grande &#8211; Outras Regi\u00f5es<\/strong><br \/>CLINICA SANTA CLARA &#8211; H\/ M\/ PS\/ PSO &#8211; INCLUSIVE: Hospital Cirurgia Ortop\u00e9dica Pronto Socorro Obst\u00e9trico Pronto Socorro Cardiol\u00f3gico<\/div>\n<\/td>\n<td class=\"ta-l va-t\" colspan=\"1\">\n<div class=\"fz-7\">CLIPSI HOSP. GERAL &#8211; H\/ HP\/ M\/ PS\/ PSI\/ PSO &#8211; INCLUSIVE: Hospital Cirurgia Ortop\u00e9dica Pronto Socorro Obst\u00e9trico Pronto Socorro Cardiol\u00f3gico<br \/>HOSP. DE OLHOS CAMPINA GRANDE &#8211; H<br \/>HOSPITAL JOAO XXIII &#8211; H &#8211; INCLUSIVE: Hospital Cirurgia Ortop\u00e9dica<br \/><strong>Sousa &#8211; Outras Regi\u00f5es<\/strong><br \/>HOSPITAL SANTA TEREZINHA &#8211; H\/ HP\/ PS\/ PSI\/ PSO &#8211; INCLUSIVE: Hospital Cirurgia Ortop\u00e9dica Pronto Socorro Obst\u00e9trico<\/div>\n<\/td>\n<\/tr>\n<tr class=\"bgGray\">\n<td class=\"ta-l\" colspan=\"3\"><strong>Clin\u00edcas<\/strong>\u00a0(3)<\/td>\n<\/tr>\n<tr>\n<td class=\"ta-l va-t\" colspan=\"1\">\n<div class=\"fz-7\"><strong>Jo\u00e3o Pessoa &#8211; Outras Regi\u00f5es<\/strong><br \/>IVNA MARIA COSTA DE ALENCAR<\/div>\n<\/td>\n<td class=\"ta-l va-t\" colspan=\"1\">\n<div class=\"fz-7\">ORTO TRAUMA TAMBAU LTDA<br \/>TOP &#8211; CLINICA ESDRAS FURTADO.<\/div>\n<\/td>\n<td colspan=\"1\">\u00a0<\/td>\n<\/tr>\n<tr class=\"bgGray\">\n<td class=\"ta-l\" colspan=\"3\"><strong>Laborat\u00f3rios<\/strong>\u00a0(11)<\/td>\n<\/tr>\n<tr>\n<td class=\"ta-l va-t\" colspan=\"1\">\n<div class=\"fz-7\"><strong>Jo\u00e3o Pessoa &#8211; Outras Regi\u00f5es<\/strong><br \/>LAB. MEMORIAL SAO FRANCISCO<br \/>LAB. MULTIMAGEM<br \/>LAB. ONCOVIDA ESPECIALIDADES<br \/>LABORATORIO DE PESQUISAS MEDICAS<\/div>\n<\/td>\n<td class=\"ta-l va-t\" colspan=\"1\">\n<div class=\"fz-7\">LAB. PAP PRONTO SOC. ATENDIM. PNEUMOLOGICO<br \/>LAB. TOMOSON<br \/>LAB. UNIMAMA E UNIRAD<br \/>MAGNETOM<br \/>SECICOL DIAGN\u00d3STICOS<\/div>\n<\/td>\n<td class=\"ta-l va-t\" colspan=\"1\">\n<div class=\"fz-7\"><strong>Campina Grande &#8211; Outras Regi\u00f5es<\/strong><br \/>PRO-SANGUE<br \/><strong>Patos &#8211; Outras Regi\u00f5es<\/strong><br \/>LAB. VITA<\/div>\n<\/td>\n<\/tr>\n<tr class=\"bgGray\">\n<td class=\"ta-c\" colspan=\"3\"><span class=\"fz-11\">BLACK R2<\/span>\u00a0(+ BLACK R1)<\/td>\n<\/tr>\n<tr>\n<td class=\"ta-c\" colspan=\"3\"><span class=\"fz-9\">Mesma rede do plano anterior BLACK R1<\/span><\/td>\n<\/tr>\n<\/tbody>\n<\/table>\n<table class=\"static small ta-c\">\n<tbody>\n<tr class=\"bgGray\">\n<td class=\"ta-c\" colspan=\"3\"><span class=\"fz-11\">AMIL ONE S2500 (R1)<\/span><\/td>\n<\/tr>\n<tr class=\"bgGray\">\n<td class=\"ta-l\" colspan=\"3\"><strong>Hospitais<\/strong>\u00a0(17)<\/td>\n<\/tr>\n<tr>\n<td class=\"ta-l va-t\" colspan=\"1\">\n<div class=\"fz-7\"><strong>Jo\u00e3o Pessoa &#8211; Zona Central<\/strong><br \/>HOSPITAL JOAO PAULO II &#8211; H\/ M\/ PS<br \/><strong>Jo\u00e3o Pessoa &#8211; Outras Regi\u00f5es<\/strong><br \/>AMIP ASSIST. MED. INFANTIL DA LTDA. &#8211; H\/ PS<br \/>CLINICA DE OTORRINOLARINGOLOGIA LEONARDO F. SILVA &#8211; H<br \/>CL\u00cdNICA DOM RODRIGO &#8211; H\/ PS<br \/>HOSP. DE OLHOS DA PARAIBA &#8211; H<\/div>\n<\/td>\n<td class=\"ta-l va-t\" colspan=\"1\">\n<div class=\"fz-7\">HOSPITAL CLIM &#8211; H\/ M\/ PS<br \/>HOSPITAL NOSSA SENHORA DAS NEVES &#8211; H<br \/>HOSPITAL SAO LUIZ DA PARAIBA &#8211; H\/ PS<br \/>HOSP. NAPOLE\u00c3O LAUREANO &#8211; H<br \/>HOSP. SAMARITANO &#8211; H\/ PS<br \/>INSTITUTO MONTE SINAI &#8211; H<br \/>MEMORIAL S\u00c3O FRANCISCO &#8211; H\/ PS<\/div>\n<\/td>\n<td class=\"ta-l va-t\" colspan=\"1\">\n<div class=\"fz-7\">PROVISAO &#8211; H<br \/><strong>Campina Grande &#8211; Outras Regi\u00f5es<\/strong><br \/>CLIPSI HOSP. GERAL &#8211; H\/ M\/ PS<br \/>HOSP. DE OLHOS CAMPINA GRANDE &#8211; H<br \/>HOSPITAL JOAO XXIII &#8211; H<br \/><strong>Sousa &#8211; Outras Regi\u00f5es<\/strong><br \/>HOSPITAL SANTA TEREZINHA &#8211; H\/ PS<\/div>\n<\/td>\n<\/tr>\n<tr class=\"bgGray\">\n<td class=\"ta-l\" colspan=\"3\"><strong>Laborat\u00f3rios<\/strong>\u00a0(5)<\/td>\n<\/tr>\n<tr>\n<td class=\"ta-l va-t\" colspan=\"1\">\n<div class=\"fz-7\"><strong>Jo\u00e3o Pessoa &#8211; Zona Central<\/strong><br \/>ANALISIS LABORATORIO CLINICO<br \/><strong>Jo\u00e3o Pessoa &#8211; Outras Regi\u00f5es<\/strong><br \/>DIAGSON<\/div>\n<\/td>\n<td class=\"ta-l va-t\" colspan=\"1\">\n<div class=\"fz-7\">MAGNETOM<br \/>NOVA DIAGNOSTICO POR IMAGEM<br \/><strong>Bayeux &#8211; Outras Regi\u00f5es<\/strong><br \/>ANALISES MEDICAS DR MAURILIO DE ALMEIDA<\/div>\n<\/td>\n<td colspan=\"1\">\u00a0<\/td>\n<\/tr>\n<tr class=\"bgGray\">\n<td class=\"ta-c\" colspan=\"3\"><span class=\"fz-11\">AMIL ONE S2500 (R2)<\/span>\u00a0(+ AMIL ONE S2500 (R1))<\/td>\n<\/tr>\n<tr>\n<td class=\"ta-c\" colspan=\"3\"><span class=\"fz-9\">Mesma rede do plano anterior AMIL ONE S2500 (R1)<\/span><\/td>\n<\/tr>\n<\/tbody>\n<\/table>\n\t\t<\/div>\n\t\t\t<\/div>\n\n\t\n<\/div>\n\t\t<\/div>\n\n\t\t\n<style>\n#section_1439367155 {\n  padding-top: 30px;\n  padding-bottom: 30px;\n}\n<\/style>\n\t<\/section>\n\t\n<div class=\"message-box relative dark\" style=\"padding-top:15px;padding-bottom:15px;\"><div class=\"message-box-bg-image bg-fill fill\" ><\/div><div class=\"message-box-bg-overlay bg-fill fill\" ><\/div><div class=\"container relative\"><div class=\"inner last-reset\">\n<div class=\"row align-middle align-center\"  id=\"row-239665498\">\n\n\t<div id=\"col-277383308\" class=\"col small-12 large-12\"  >\n\t\t<div class=\"col-inner\"  >\n\t\t\t\n\t\t\t\n<p style=\"text-align: center;\"><b>IMPORTANTE!<\/b> As informa\u00e7\u00f5es de redes credenciada contidas neste site, podem sofrer altera\u00e7\u00f5es a qualquer momento. Os produtos apresentados nesse site obedecem \u00e0 legisla\u00e7\u00e3o que regulamenta os seguros e \u00e0s condi\u00e7\u00f5es contratuais, que devem ser lidas previamente \u00e0 sua contrata\u00e7\u00e3o.<\/p>\n\t\t<\/div>\n\t\t\t<\/div>\n\n\t\n<\/div>\n<\/div><\/div><\/div>\n","protected":false},"excerpt":{"rendered":"<p>Rede Credenciada Amil<\/p>\n","protected":false},"author":0,"featured_media":0,"parent":0,"menu_order":0,"comment_status":"closed","ping_status":"closed","template":"page-blank.php","meta":{"footnotes":""},"class_list":["post-1804","page","type-page","status-publish","hentry"],"yoast_head":"<!-- This site is optimized with the Yoast SEO plugin v25.3.1 - https:\/\/yoast.com\/wordpress\/plugins\/seo\/ -->\n<title>Para\u00edba - Plano de Sa\u00fade Amil<\/title>\n<meta name=\"robots\" content=\"index, follow, max-snippet:-1, max-image-preview:large, max-video-preview:-1\" \/>\n<link rel=\"canonical\" href=\"https:\/\/todosplanosdesaude.com.br\/amil\/paraiba\/\" \/>\n<meta property=\"og:locale\" content=\"en_US\" \/>\n<meta property=\"og:type\" content=\"article\" \/>\n<meta property=\"og:title\" content=\"Para\u00edba - Plano de Sa\u00fade Amil\" \/>\n<meta property=\"og:description\" content=\"Rede Credenciada Amil\" \/>\n<meta property=\"og:url\" content=\"https:\/\/todosplanosdesaude.com.br\/amil\/paraiba\/\" \/>\n<meta property=\"og:site_name\" content=\"Plano de Sa\u00fade Amil\" \/>\n<meta property=\"article:modified_time\" content=\"2025-03-03T22:49:40+00:00\" \/>\n<meta name=\"twitter:card\" content=\"summary_large_image\" \/>\n<meta name=\"twitter:label1\" content=\"Est. reading time\" \/>\n\t<meta name=\"twitter:data1\" content=\"5 minutes\" \/>\n<script type=\"application\/ld+json\" class=\"yoast-schema-graph\">{\"@context\":\"https:\/\/schema.org\",\"@graph\":[{\"@type\":\"WebPage\",\"@id\":\"https:\/\/todosplanosdesaude.com.br\/amil\/paraiba\/\",\"url\":\"https:\/\/todosplanosdesaude.com.br\/amil\/paraiba\/\",\"name\":\"Para\u00edba - Plano de Sa\u00fade Amil\",\"isPartOf\":{\"@id\":\"\/#website\"},\"datePublished\":\"2025-03-03T22:29:42+00:00\",\"dateModified\":\"2025-03-03T22:49:40+00:00\",\"breadcrumb\":{\"@id\":\"https:\/\/todosplanosdesaude.com.br\/amil\/paraiba\/#breadcrumb\"},\"inLanguage\":\"en-US\",\"potentialAction\":[{\"@type\":\"ReadAction\",\"target\":[\"https:\/\/todosplanosdesaude.com.br\/amil\/paraiba\/\"]}]},{\"@type\":\"BreadcrumbList\",\"@id\":\"https:\/\/todosplanosdesaude.com.br\/amil\/paraiba\/#breadcrumb\",\"itemListElement\":[{\"@type\":\"ListItem\",\"position\":1,\"name\":\"Home\",\"item\":\"https:\/\/todosplanosdesaude.com.br\/amil\/\"},{\"@type\":\"ListItem\",\"position\":2,\"name\":\"Para\u00edba\"}]},{\"@type\":\"WebSite\",\"@id\":\"\/#website\",\"url\":\"\/\",\"name\":\"Plano de Sa\u00fade Amil\",\"description\":\"\",\"potentialAction\":[{\"@type\":\"SearchAction\",\"target\":{\"@type\":\"EntryPoint\",\"urlTemplate\":\"\/?s={search_term_string}\"},\"query-input\":{\"@type\":\"PropertyValueSpecification\",\"valueRequired\":true,\"valueName\":\"search_term_string\"}}],\"inLanguage\":\"en-US\"}]}<\/script>\n<!-- \/ Yoast SEO plugin. -->","yoast_head_json":{"title":"Para\u00edba - Plano de Sa\u00fade Amil","robots":{"index":"index","follow":"follow","max-snippet":"max-snippet:-1","max-image-preview":"max-image-preview:large","max-video-preview":"max-video-preview:-1"},"canonical":"https:\/\/todosplanosdesaude.com.br\/amil\/paraiba\/","og_locale":"en_US","og_type":"article","og_title":"Para\u00edba - Plano de Sa\u00fade Amil","og_description":"Rede Credenciada Amil","og_url":"https:\/\/todosplanosdesaude.com.br\/amil\/paraiba\/","og_site_name":"Plano de Sa\u00fade Amil","article_modified_time":"2025-03-03T22:49:40+00:00","twitter_card":"summary_large_image","twitter_misc":{"Est. reading time":"5 minutes"},"schema":{"@context":"https:\/\/schema.org","@graph":[{"@type":"WebPage","@id":"https:\/\/todosplanosdesaude.com.br\/amil\/paraiba\/","url":"https:\/\/todosplanosdesaude.com.br\/amil\/paraiba\/","name":"Para\u00edba - Plano de Sa\u00fade Amil","isPartOf":{"@id":"\/#website"},"datePublished":"2025-03-03T22:29:42+00:00","dateModified":"2025-03-03T22:49:40+00:00","breadcrumb":{"@id":"https:\/\/todosplanosdesaude.com.br\/amil\/paraiba\/#breadcrumb"},"inLanguage":"en-US","potentialAction":[{"@type":"ReadAction","target":["https:\/\/todosplanosdesaude.com.br\/amil\/paraiba\/"]}]},{"@type":"BreadcrumbList","@id":"https:\/\/todosplanosdesaude.com.br\/amil\/paraiba\/#breadcrumb","itemListElement":[{"@type":"ListItem","position":1,"name":"Home","item":"https:\/\/todosplanosdesaude.com.br\/amil\/"},{"@type":"ListItem","position":2,"name":"Para\u00edba"}]},{"@type":"WebSite","@id":"\/#website","url":"\/","name":"Plano de Sa\u00fade Amil","description":"","potentialAction":[{"@type":"SearchAction","target":{"@type":"EntryPoint","urlTemplate":"\/?s={search_term_string}"},"query-input":{"@type":"PropertyValueSpecification","valueRequired":true,"valueName":"search_term_string"}}],"inLanguage":"en-US"}]}},"_links":{"self":[{"href":"https:\/\/todosplanosdesaude.com.br\/amil\/wp-json\/wp\/v2\/pages\/1804","targetHints":{"allow":["GET"]}}],"collection":[{"href":"https:\/\/todosplanosdesaude.com.br\/amil\/wp-json\/wp\/v2\/pages"}],"about":[{"href":"https:\/\/todosplanosdesaude.com.br\/amil\/wp-json\/wp\/v2\/types\/page"}],"replies":[{"embeddable":true,"href":"https:\/\/todosplanosdesaude.com.br\/amil\/wp-json\/wp\/v2\/comments?post=1804"}],"version-history":[{"count":0,"href":"https:\/\/todosplanosdesaude.com.br\/amil\/wp-json\/wp\/v2\/pages\/1804\/revisions"}],"wp:attachment":[{"href":"https:\/\/todosplanosdesaude.com.br\/amil\/wp-json\/wp\/v2\/media?parent=1804"}],"curies":[{"name":"wp","href":"https:\/\/api.w.org\/{rel}","templated":true}]}}