{"id":1809,"date":"2025-03-03T22:29:44","date_gmt":"2025-03-03T22:29:44","guid":{"rendered":"https:\/\/todosplanosdesaude.com.br\/amil\/rio-grande-do-norte\/"},"modified":"2025-03-03T22:57:06","modified_gmt":"2025-03-03T22:57:06","slug":"rio-grande-do-norte","status":"publish","type":"page","link":"https:\/\/todosplanosdesaude.com.br\/amil\/rio-grande-do-norte\/","title":{"rendered":"Rio Grande do Norte"},"content":{"rendered":"<div id=\"page-header-1380498928\" class=\"page-header-wrapper\">\n<div class=\"page-title dark featured-title\">\n<div class=\"page-title-inner container align-center flex-row medium-flex-wrap\">\n<div class=\"title-wrapper flex-col text-left medium-text-center\">\n<h1 class=\"entry-title mb-0\">Rede Credenciada Amil Rio Grande do Norte<\/h1>\n<\/p>\n<\/div>\n<div class=\"title-content flex-col flex-right text-right medium-text-center\">\n<div class=\"title-breadcrumbs pb-half pt-half\"><\/div>\n<\/p>\n<\/div>\n<\/div>\n<\/div>\n<\/div>\n\t<section class=\"section\" id=\"section_2052119147\">\n\t\t<div class=\"bg section-bg fill bg-fill  bg-loaded\" >\n\n\t\t\t\n\t\t\t\n\t\t\t\n\n\t\t<\/div>\n\n\t\t<div class=\"section-content relative\">\n\t\t\t\n<div class=\"row\"  id=\"row-1746744942\">\n\n\t<div id=\"col-1154126667\" class=\"col small-12 large-12\"  >\n\t\t<div class=\"col-inner\"  >\n\t\t\t\n\t\t\t\n<table class=\"static small ta-c\">\n<tbody>\n<tr class=\"bgGray\">\n<td class=\"ta-c\" colspan=\"3\"><span class=\"fz-11\">AMIL PRATA<\/span><\/td>\n<\/tr>\n<tr class=\"bgGray\">\n<td class=\"ta-l\" colspan=\"3\"><strong>Hospitais<\/strong>\u00a0(7)<\/td>\n<\/tr>\n<tr>\n<td class=\"ta-l va-t\" colspan=\"1\">\n<div class=\"fz-7\"><strong>Natal &#8211; Outras Regi\u00f5es<\/strong><br \/>CL DE FRATURAS &#8211; PA<br \/>HOSPITAL ANGIOVASCULAR &#8211; H<\/div>\n<\/td>\n<td class=\"ta-l va-t\" colspan=\"1\">\n<div class=\"fz-7\">HOSPITAL RIO GRANDE &#8211; H\/ HP\/ M\/ PS\/ PSI &#8211; INCLUSIVE: Pronto Socorro Obst\u00e9trico<br \/>PROMATER &#8211; H\/ PS\/ PSO &#8211; INCLUSIVE: Hospital Cirurgia Ortop\u00e9dica Pronto Socorro Cardiol\u00f3gico<br \/>PRONTOCL\u00cdNICA DA CRIAN\u00c7A &#8211; H\/ HP\/ PS\/ PSI\/ PSO<\/div>\n<\/td>\n<td class=\"ta-l va-t\" colspan=\"1\">\n<div class=\"fz-7\"><strong>Mossor\u00f3 &#8211; Outras Regi\u00f5es<\/strong><br \/>HOSPITAL WILSON ROSADO &#8211; H\/ PS\/ PSO &#8211; INCLUSIVE: Hospital Cirurgia Ortop\u00e9dica Pronto Socorro Obst\u00e9trico Pronto Socorro Cardiol\u00f3gico<br \/>MATERNIDADE ALMEIDA CASTRO &#8211; H &#8211; INCLUSIVE: Pronto Socorro Obst\u00e9trico<\/div>\n<\/td>\n<\/tr>\n<tr class=\"bgGray\">\n<td class=\"ta-l\" colspan=\"3\"><strong>Clin\u00edcas<\/strong>\u00a0(7)<\/td>\n<\/tr>\n<tr>\n<td class=\"ta-l va-t\" colspan=\"1\">\n<div class=\"fz-7\"><strong>Natal &#8211; Outras Regi\u00f5es<\/strong><br \/>INSTITUTO DO SONO E TRANSTORNOS MENTAIS<br \/>NEUROMED<\/div>\n<\/td>\n<td class=\"ta-l va-t\" colspan=\"1\">\n<div class=\"fz-7\">PRONEFRO<br \/>SIP<br \/>SKOPIA CLINICA<\/div>\n<\/td>\n<td class=\"ta-l va-t\" colspan=\"1\">\n<div class=\"fz-7\">TOMOCENTRO SAO LUCAS<br \/><strong>Parnamirim &#8211; Outras Regi\u00f5es<\/strong><br \/>NATALCOR<\/div>\n<\/td>\n<\/tr>\n<tr class=\"bgGray\">\n<td class=\"ta-l\" colspan=\"3\"><strong>Laborat\u00f3rios<\/strong>\u00a0(24)<\/td>\n<\/tr>\n<tr>\n<td class=\"ta-l va-t\" colspan=\"1\">\n<div class=\"fz-7\"><strong>A\u00e7u &#8211; Outras Regi\u00f5es<\/strong><br \/>LAB TERTULIANO SOARES<br \/>LACEL<br \/>VIVER CLINICA MEDICA E ANALISES CLINICAS<br \/><strong>Guamar\u00e9 &#8211; Outras Regi\u00f5es<\/strong><br \/>UNNIQUE<br \/><strong>Jo\u00e3o C\u00e2mara &#8211; Outras Regi\u00f5es<\/strong><br \/>LAPAC.<br \/><strong>Macau &#8211; Outras Regi\u00f5es<\/strong><br \/>PROLABE ANALISE DIAGNOSTICO<br \/><strong>Natal &#8211; Outras Regi\u00f5es<\/strong><br \/>IMUNOLAC<\/div>\n<\/td>\n<td class=\"ta-l va-t\" colspan=\"1\">\n<div class=\"fz-7\">INST DE RADIOLOGIA DE NATAL<br \/>INTERVE-RN<br \/>LAB.IERN<br \/>LAB. LIGA NORTE RIOGRANDENSE CONTRA O CANCER<br \/>LABOCLINICA ESPERANCA<br \/>LABORCITO<br \/>LAES LABORATORIO<br \/>NATAL LAB<br \/><strong>Nova Cruz &#8211; Outras Regi\u00f5es<\/strong><br \/>LAB E CLINICA SAO SEBASTIAO<br \/><strong>Parnamirim &#8211; Outras Regi\u00f5es<\/strong><br \/>LABORATORIO POTENGI<\/div>\n<\/td>\n<td class=\"ta-l va-t\" colspan=\"1\">\n<div class=\"fz-7\"><strong>Santa Cruz &#8211; Outras Regi\u00f5es<\/strong><br \/>LABORATORIO DE ANAL.CLIN.CARLOS CHAGAS<br \/><strong>Cear\u00e1-Mirim &#8211; Outras Regi\u00f5es<\/strong><br \/>LABOCLINICA<br \/><strong>Goianinha &#8211; Outras Regi\u00f5es<\/strong><br \/>PREVLAB<br \/><strong>Maca\u00edba &#8211; Outras Regi\u00f5es<\/strong><br \/>LAB DE ANAL CLINICAS DANTAS<br \/><strong>Mossor\u00f3 &#8211; Outras Regi\u00f5es<\/strong><br \/>INST DE NEURO CARDIOL.WILSON ROSADO.<br \/>NOSSA CLINICA MEDICA<br \/>PLASMA DIAGNOSTICO<\/div>\n<\/td>\n<\/tr>\n<tr class=\"bgGray\">\n<td class=\"ta-c\" colspan=\"3\"><span class=\"fz-11\">AMIL OURO<\/span>\u00a0(+ AMIL PRATA)<\/td>\n<\/tr>\n<tr class=\"bgGray\">\n<td class=\"ta-l\" colspan=\"3\"><strong>Hospitais<\/strong>\u00a0(3)<\/td>\n<\/tr>\n<tr>\n<td class=\"ta-l va-t\" colspan=\"1\">\n<div class=\"fz-7\"><strong>Natal &#8211; Outras Regi\u00f5es<\/strong><br \/>HOSPITAL DO CORA\u00c7\u00c3O &#8211; H\/ PS &#8211; INCLUSIVE: Pronto Socorro Cardiol\u00f3gico<\/div>\n<\/td>\n<td class=\"ta-l va-t\" colspan=\"1\">\n<div class=\"fz-7\">CASA DE SA\u00daDE S\u00c3O LUCAS &#8211; H\/ PS<br \/><strong>Mossor\u00f3 &#8211; Outras Regi\u00f5es<\/strong><br \/>HOSPITAL SAO LUIZ &#8211; H\/ PS<\/div>\n<\/td>\n<td colspan=\"1\">\u00a0<\/td>\n<\/tr>\n<tr class=\"bgGray\">\n<td class=\"ta-l\" colspan=\"3\"><strong>Laborat\u00f3rios<\/strong>\u00a0(1)<\/td>\n<\/tr>\n<tr>\n<td class=\"ta-l va-t\" colspan=\"1\">\n<div class=\"fz-7\"><strong>Natal &#8211; Outras Regi\u00f5es<\/strong><br \/>LABORAT\u00d3RIO ALEXANDER FLEMING<\/div>\n<\/td>\n<td colspan=\"2\">\u00a0<\/td>\n<\/tr>\n<tr class=\"bgGray\">\n<td class=\"ta-c\" colspan=\"3\"><span class=\"fz-11\">PLATINUM R1<\/span>\u00a0(+ AMIL OURO)<\/td>\n<\/tr>\n<tr class=\"bgGray\">\n<td class=\"ta-l\" colspan=\"3\"><strong>Hospitais<\/strong>\u00a0(1)<\/td>\n<\/tr>\n<tr>\n<td class=\"ta-l va-t\" colspan=\"1\">\n<div class=\"fz-7\"><strong>Natal &#8211; Outras Regi\u00f5es<\/strong><br \/>CASA DE SA\u00daDE S\u00c3O LUCAS &#8211; H\/ PS\/ PSO<\/div>\n<\/td>\n<td colspan=\"2\">\u00a0<\/td>\n<\/tr>\n<tr class=\"bgGray\">\n<td class=\"ta-c\" colspan=\"3\"><span class=\"fz-11\">PLATINUM R2<\/span>\u00a0(+ PLATINUM R1)<\/td>\n<\/tr>\n<tr>\n<td class=\"ta-c\" colspan=\"3\"><span class=\"fz-9\">Mesma rede do plano anterior PLATINUM R1<\/span><\/td>\n<\/tr>\n<tr class=\"bgGray\">\n<td class=\"ta-c\" colspan=\"3\"><span class=\"fz-11\">PLATINUM MAIS R1<\/span>\u00a0(+ PLATINUM R2)<\/td>\n<\/tr>\n<tr>\n<td class=\"ta-c\" colspan=\"3\"><span class=\"fz-9\">Mesma rede do plano anterior PLATINUM R2<\/span><\/td>\n<\/tr>\n<tr class=\"bgGray\">\n<td class=\"ta-c\" colspan=\"3\"><span class=\"fz-11\">PLATINUM MAIS R2<\/span>\u00a0(+ PLATINUM MAIS R1)<\/td>\n<\/tr>\n<tr>\n<td class=\"ta-c\" colspan=\"3\"><span class=\"fz-9\">Mesma rede do plano anterior PLATINUM MAIS R1<\/span><\/td>\n<\/tr>\n<\/tbody>\n<\/table>\n<table class=\"static small ta-c\">\n<tbody>\n<tr class=\"bgGray\">\n<td class=\"ta-c\" colspan=\"3\"><span class=\"fz-11\">AMIL S380<\/span><\/td>\n<\/tr>\n<tr class=\"bgGray\">\n<td class=\"ta-l\" colspan=\"3\"><strong>Hospitais<\/strong>\u00a0(6)<\/td>\n<\/tr>\n<tr>\n<td class=\"ta-l va-t\" colspan=\"1\">\n<div class=\"fz-7\"><strong>Natal &#8211; Outras Regi\u00f5es<\/strong><br \/>CLINICA SANTA MARIA &#8211; H\/ PS<br \/>HOSPITAL ANGIOVASCULAR &#8211; H<\/div>\n<\/td>\n<td class=\"ta-l va-t\" colspan=\"1\">\n<div class=\"fz-7\">HOSPITAL DO CORA\u00c7\u00c3O &#8211; H\/ PS<br \/>PROMATER &#8211; H\/ M\/ PS<br \/>PRONTOCL\u00cdNICA DA CRIAN\u00c7A &#8211; H\/ PS<\/div>\n<\/td>\n<td class=\"ta-l va-t\" colspan=\"1\">\n<div class=\"fz-7\"><strong>Mossor\u00f3 &#8211; Outras Regi\u00f5es<\/strong><br \/>HOSPITAL WILSON ROSADO &#8211; H\/ PS<\/div>\n<\/td>\n<\/tr>\n<tr class=\"bgGray\">\n<td class=\"ta-l\" colspan=\"3\"><strong>Laborat\u00f3rios<\/strong>\u00a0(12)<\/td>\n<\/tr>\n<tr>\n<td class=\"ta-l va-t\" colspan=\"1\">\n<div class=\"fz-7\"><strong>Natal &#8211; Outras Regi\u00f5es<\/strong><br \/>CENTRO DE PATOLOGIA CLINICA<br \/>CL PEDRO CAVALCANTI<br \/>HEMOLAB<br \/>INST DE RADIOLOGIA DE NATAL<br \/>LABORAT\u00d3RIO ALEXANDER FLEMING<\/div>\n<\/td>\n<td class=\"ta-l va-t\" colspan=\"1\">\n<div class=\"fz-7\">LABORAT\u00d3RIO DNA<br \/>MEDILAB &#8211; EXAME LAB DE ANALISES CLINICAS<br \/>NATAL LAB<br \/><strong>Parnamirim &#8211; Outras Regi\u00f5es<\/strong><br \/>MEDILAB &#8211; EXAME LAB DE ANALISES CLINICAS<br \/><strong>Goianinha &#8211; Outras Regi\u00f5es<\/strong><br \/>UNILAB<\/div>\n<\/td>\n<td class=\"ta-l va-t\" colspan=\"1\">\n<div class=\"fz-7\"><strong>Mossor\u00f3 &#8211; Outras Regi\u00f5es<\/strong><br \/>CL\u00cdNICA OITAVA ROSADO<br \/>CL PEDRO CAVALCANTI<\/div>\n<\/td>\n<\/tr>\n<tr class=\"bgGray\">\n<td class=\"ta-c\" colspan=\"3\"><span class=\"fz-11\">AMIL S450<\/span>\u00a0(+ AMIL S380)<\/td>\n<\/tr>\n<tr class=\"bgGray\">\n<td class=\"ta-l\" colspan=\"3\"><strong>Hospitais<\/strong>\u00a0(3)<\/td>\n<\/tr>\n<tr>\n<td class=\"ta-l va-t\" colspan=\"1\">\n<div class=\"fz-7\"><strong>Natal &#8211; Outras Regi\u00f5es<\/strong><br \/>CASA DE SA\u00daDE S\u00c3O LUCAS &#8211; H\/ PS<\/div>\n<\/td>\n<td class=\"ta-l va-t\" colspan=\"1\">\n<div class=\"fz-7\">HOSPITAL PSIQUI\u00c1TRICO PROFESSOR SEVERINO LOPES &#8211; H<br \/>HOSPITAL RIO GRANDE &#8211; H\/ PS<\/div>\n<\/td>\n<td colspan=\"1\">\u00a0<\/td>\n<\/tr>\n<tr class=\"bgGray\">\n<td class=\"ta-c\" colspan=\"3\"><span class=\"fz-11\">AMIL S750 (R1)<\/span>\u00a0(+ AMIL S450)<\/td>\n<\/tr>\n<tr>\n<td class=\"ta-c\" colspan=\"3\"><span class=\"fz-9\">Mesma rede do plano anterior AMIL S450<\/span><\/td>\n<\/tr>\n<tr class=\"bgGray\">\n<td class=\"ta-c\" colspan=\"3\"><span class=\"fz-11\">AMIL S750 (R2)<\/span>\u00a0(+ AMIL S750 (R1))<\/td>\n<\/tr>\n<tr>\n<td class=\"ta-c\" colspan=\"3\"><span class=\"fz-9\">Mesma rede do plano anterior AMIL S750 (R1)<\/span><\/td>\n<\/tr>\n<tr class=\"bgGray\">\n<td class=\"ta-c\" colspan=\"3\"><span class=\"fz-11\">AMIL S750 (R3)<\/span>\u00a0(+ AMIL S750 (R2))<\/td>\n<\/tr>\n<tr>\n<td class=\"ta-c\" colspan=\"3\"><span class=\"fz-9\">Mesma rede do plano anterior AMIL S750 (R2)<\/span><\/td>\n<\/tr>\n<\/tbody>\n<\/table>\n<table class=\"static small ta-c\">\n<tbody>\n<tr class=\"bgGray\">\n<td class=\"ta-c\" colspan=\"3\"><span class=\"fz-11\">BLACK R1<\/span><\/td>\n<\/tr>\n<tr class=\"bgGray\">\n<td class=\"ta-l\" colspan=\"3\"><strong>Hospitais<\/strong>\u00a0(10)<\/td>\n<\/tr>\n<tr>\n<td class=\"ta-l va-t\" colspan=\"1\">\n<div class=\"fz-7\"><strong>Natal &#8211; Outras Regi\u00f5es<\/strong><br \/>CASA DE SA\u00daDE S\u00c3O LUCAS &#8211; H\/ PS\/ PSO<br \/>CL DE FRATURAS &#8211; PA<br \/>HOSPITAL ANGIOVASCULAR &#8211; H<\/div>\n<\/td>\n<td class=\"ta-l va-t\" colspan=\"1\">\n<div class=\"fz-7\">HOSPITAL DO CORA\u00c7\u00c3O &#8211; H\/ PS &#8211; INCLSIVE: Pronto Socorro Cardiol\u00f3gico<br \/>HOSPITAL RIO GRANDE &#8211; H\/ HP\/ M\/ PS\/ PSI &#8211; INCLUSIVE: Pronto Socorro Obst\u00e9trico<br \/>PROMATER &#8211; H\/ PS\/ PSO &#8211; INCLUSIVE: Hospital Cirurgia Ortop\u00e9dica Pronto Socorro Cardiol\u00f3gico<br \/>PRONTOCL\u00cdNICA DA CRIAN\u00c7A &#8211; PS\/ PSI\/ PSO<\/div>\n<\/td>\n<td class=\"ta-l va-t\" colspan=\"1\">\n<div class=\"fz-7\"><strong>Mossor\u00f3 &#8211; Outras Regi\u00f5es<\/strong><br \/>HOSPITAL SAO LUIZ &#8211; H\/ PS<br \/>HOSPITAL WILSON ROSADO &#8211; H\/ PS\/ PSO &#8211; INCLUSIVE: Hospital Cirurgia Ortop\u00e9dica Pronto Socorro Obst\u00e9trico Pronto Socorro Cardiol\u00f3gico<br \/>MATERNIDADE ALMEIDA CASTRO &#8211; H &#8211; INCLUSIVE: Pronto Socorro Obst\u00e9trico<\/div>\n<\/td>\n<\/tr>\n<tr class=\"bgGray\">\n<td class=\"ta-l\" colspan=\"3\"><strong>Clin\u00edcas<\/strong>\u00a0(7)<\/td>\n<\/tr>\n<tr>\n<td class=\"ta-l va-t\" colspan=\"1\">\n<div class=\"fz-7\"><strong>Natal &#8211; Outras Regi\u00f5es<\/strong><br \/>INSTITUTO DO SONO E TRANSTORNOS MENTAIS<br \/>NEUROMED<\/div>\n<\/td>\n<td class=\"ta-l va-t\" colspan=\"1\">\n<div class=\"fz-7\">PRONEFRO<br \/>SIP<br \/>SKOPIA CLINICA<\/div>\n<\/td>\n<td class=\"ta-l va-t\" colspan=\"1\">\n<div class=\"fz-7\">TOMOCENTRO SAO LUCAS<br \/><strong>Parnamirim &#8211; Outras Regi\u00f5es<\/strong><br \/>NATALCOR<\/div>\n<\/td>\n<\/tr>\n<tr class=\"bgGray\">\n<td class=\"ta-l\" colspan=\"3\"><strong>Laborat\u00f3rios<\/strong>\u00a0(25)<\/td>\n<\/tr>\n<tr>\n<td class=\"ta-l va-t\" colspan=\"1\">\n<div class=\"fz-7\"><strong>A\u00e7u &#8211; Outras Regi\u00f5es<\/strong><br \/>LAB TERTULIANO SOARES<br \/>LACEL<br \/>VIVER CLINICA MEDICA E ANALISES CLINICAS<br \/><strong>Guamar\u00e9 &#8211; Outras Regi\u00f5es<\/strong><br \/>UNNIQUE<br \/><strong>Jo\u00e3o C\u00e2mara &#8211; Outras Regi\u00f5es<\/strong><br \/>LAPAC.<br \/><strong>Macau &#8211; Outras Regi\u00f5es<\/strong><br \/>PROLABE ANALISE DIAGNOSTICO<br \/><strong>Natal &#8211; Outras Regi\u00f5es<\/strong><br \/>IMUNOLAC<br \/>INST DE RADIOLOGIA DE NATAL<\/div>\n<\/td>\n<td class=\"ta-l va-t\" colspan=\"1\">\n<div class=\"fz-7\">INTERVE-RN<br \/>LAB.IERN<br \/>LAB. LIGA NORTE RIOGRANDENSE CONTRA O CANCER<br \/>LABOCLINICA ESPERANCA<br \/>LABORAT\u00d3RIO ALEXANDER FLEMING<br \/>LABORCITO<br \/>LAES LABORATORIO<br \/>NATAL LAB<br \/><strong>Nova Cruz &#8211; Outras Regi\u00f5es<\/strong><br \/>LAB E CLINICA SAO SEBASTIAO<br \/><strong>Parnamirim &#8211; Outras Regi\u00f5es<\/strong><br \/>LABORATORIO POTENGI<br \/><strong>Santa Cruz &#8211; Outras Regi\u00f5es<\/strong><br \/>LABORATORIO DE ANAL.CLIN.CARLOS CHAGAS<\/div>\n<\/td>\n<td class=\"ta-l va-t\" colspan=\"1\">\n<div class=\"fz-7\"><strong>Cear\u00e1-Mirim &#8211; Outras Regi\u00f5es<\/strong><br \/>LABOCLINICA<br \/><strong>Goianinha &#8211; Outras Regi\u00f5es<\/strong><br \/>PREVLAB<br \/><strong>Maca\u00edba &#8211; Outras Regi\u00f5es<\/strong><br \/>LAB DE ANAL CLINICAS DANTAS<br \/><strong>Mossor\u00f3 &#8211; Outras Regi\u00f5es<\/strong><br \/>INST DE NEURO CARDIOL.WILSON ROSADO.<br \/>NOSSA CLINICA MEDICA<br \/>PLASMA DIAGNOSTICO<\/div>\n<\/td>\n<\/tr>\n<tr class=\"bgGray\">\n<td class=\"ta-c\" colspan=\"3\"><span class=\"fz-11\">BLACK R2<\/span>\u00a0(+ BLACK R1)<\/td>\n<\/tr>\n<tr>\n<td class=\"ta-c\" colspan=\"3\"><span class=\"fz-9\">Mesma rede do plano anterior BLACK R1<\/span><\/td>\n<\/tr>\n<\/tbody>\n<\/table>\n<table class=\"static small ta-c\">\n<tbody>\n<tr class=\"bgGray\">\n<td class=\"ta-c\" colspan=\"3\"><span class=\"fz-11\">AMIL ONE S2500 (R1)<\/span><\/td>\n<\/tr>\n<tr class=\"bgGray\">\n<td class=\"ta-l\" colspan=\"3\"><strong>Hospitais<\/strong>\u00a0(9)<\/td>\n<\/tr>\n<tr>\n<td class=\"ta-l va-t\" colspan=\"1\">\n<div class=\"fz-7\"><strong>Natal &#8211; Outras Regi\u00f5es<\/strong><br \/>CASA DE SA\u00daDE S\u00c3O LUCAS &#8211; H\/ PS<br \/>CLINICA SANTA MARIA &#8211; H\/ PS<br \/>HOSPITAL ANGIOVASCULAR &#8211; H<\/div>\n<\/td>\n<td class=\"ta-l va-t\" colspan=\"1\">\n<div class=\"fz-7\">HOSPITAL DO CORA\u00c7\u00c3O DE NATAL &#8211; H\/ PS<br \/>HOSPITAL PSIQUI\u00c1TRICO PROFESSOR SEVERINO LOPES &#8211; H<br \/>HOSPITAL RIO GRANDE &#8211; H\/ PS<br \/>PROMATER &#8211; H\/ M\/ PS<\/div>\n<\/td>\n<td class=\"ta-l va-t\" colspan=\"1\">\n<div class=\"fz-7\">PRONTOCL\u00cdNICA DA CRIAN\u00c7A &#8211; H\/ PS<br \/><strong>Mossor\u00f3 &#8211; Outras Regi\u00f5es<\/strong><br \/>HOSPITAL WILSON ROSADO &#8211; H\/ PS<\/div>\n<\/td>\n<\/tr>\n<tr class=\"bgGray\">\n<td class=\"ta-l\" colspan=\"3\"><strong>Laborat\u00f3rios<\/strong>\u00a0(12)<\/td>\n<\/tr>\n<tr>\n<td class=\"ta-l va-t\" colspan=\"1\">\n<div class=\"fz-7\"><strong>Natal &#8211; Outras Regi\u00f5es<\/strong><br \/>CENTRO DE PATOLOGIA CLINICA<br \/>CL PEDRO CAVALCANTI<br \/>HEMOLAB<br \/>INST DE RADIOLOGIA DE NATAL<br \/>LABORAT\u00d3RIO ALEXANDER FLEMING<\/div>\n<\/td>\n<td class=\"ta-l va-t\" colspan=\"1\">\n<div class=\"fz-7\">LABORAT\u00d3RIO DNA<br \/>MEDILAB &#8211; EXAME LAB DE ANALISES CLINICAS<br \/>NATAL LAB<br \/><strong>Parnamirim &#8211; Outras Regi\u00f5es<\/strong><br \/>MEDILAB &#8211; EXAME LAB DE ANALISES CLINICAS<br \/><strong>Goianinha &#8211; Outras Regi\u00f5es<\/strong><br \/>UNILAB<\/div>\n<\/td>\n<td class=\"ta-l va-t\" colspan=\"1\">\n<div class=\"fz-7\"><strong>Mossor\u00f3 &#8211; Outras Regi\u00f5es<\/strong><br \/>CL\u00cdNICA OITAVA ROSADO<br \/>CL PEDRO CAVALCANTI<\/div>\n<\/td>\n<\/tr>\n<tr class=\"bgGray\">\n<td class=\"ta-c\" colspan=\"3\"><span class=\"fz-11\">AMIL ONE S2500 (R2)<\/span>\u00a0(+ AMIL ONE S2500 (R1))<\/td>\n<\/tr>\n<tr>\n<td class=\"ta-c\" colspan=\"3\"><span class=\"fz-9\">Mesma rede do plano anterior AMIL ONE S2500 (R1)<\/span><\/td>\n<\/tr>\n<\/tbody>\n<\/table>\n\t\t<\/div>\n\t\t\t<\/div>\n\n\t\n<\/div>\n\t\t<\/div>\n\n\t\t\n<style>\n#section_2052119147 {\n  padding-top: 30px;\n  padding-bottom: 30px;\n}\n<\/style>\n\t<\/section>\n\t\n<div class=\"message-box relative dark\" style=\"padding-top:15px;padding-bottom:15px;\"><div class=\"message-box-bg-image bg-fill fill\" ><\/div><div class=\"message-box-bg-overlay bg-fill fill\" ><\/div><div class=\"container relative\"><div class=\"inner last-reset\">\n<div class=\"row align-middle align-center\"  id=\"row-1372287483\">\n\n\t<div id=\"col-1005192175\" class=\"col small-12 large-12\"  >\n\t\t<div class=\"col-inner\"  >\n\t\t\t\n\t\t\t\n<p style=\"text-align: center;\"><b>IMPORTANTE!<\/b> As informa\u00e7\u00f5es de redes credenciada contidas neste site, podem sofrer altera\u00e7\u00f5es a qualquer momento. Os produtos apresentados nesse site obedecem \u00e0 legisla\u00e7\u00e3o que regulamenta os seguros e \u00e0s condi\u00e7\u00f5es contratuais, que devem ser lidas previamente \u00e0 sua contrata\u00e7\u00e3o.<\/p>\n\t\t<\/div>\n\t\t\t<\/div>\n\n\t\n<\/div>\n<\/div><\/div><\/div>\n","protected":false},"excerpt":{"rendered":"<p>Rede Credenciada Amil<\/p>\n","protected":false},"author":0,"featured_media":0,"parent":0,"menu_order":0,"comment_status":"closed","ping_status":"closed","template":"page-blank.php","meta":{"footnotes":""},"class_list":["post-1809","page","type-page","status-publish","hentry"],"yoast_head":"<!-- This site is optimized with the Yoast SEO plugin v25.3.1 - https:\/\/yoast.com\/wordpress\/plugins\/seo\/ -->\n<title>Rio Grande do Norte - Plano de Sa\u00fade Amil<\/title>\n<meta name=\"robots\" content=\"index, follow, max-snippet:-1, max-image-preview:large, max-video-preview:-1\" \/>\n<link rel=\"canonical\" href=\"https:\/\/todosplanosdesaude.com.br\/amil\/rio-grande-do-norte\/\" \/>\n<meta property=\"og:locale\" content=\"en_US\" \/>\n<meta property=\"og:type\" content=\"article\" \/>\n<meta property=\"og:title\" content=\"Rio Grande do Norte - Plano de Sa\u00fade Amil\" \/>\n<meta property=\"og:description\" content=\"Rede Credenciada Amil\" \/>\n<meta property=\"og:url\" content=\"https:\/\/todosplanosdesaude.com.br\/amil\/rio-grande-do-norte\/\" \/>\n<meta property=\"og:site_name\" content=\"Plano de Sa\u00fade Amil\" \/>\n<meta property=\"article:modified_time\" content=\"2025-03-03T22:57:06+00:00\" \/>\n<meta name=\"twitter:card\" content=\"summary_large_image\" \/>\n<meta name=\"twitter:label1\" content=\"Est. reading time\" \/>\n\t<meta name=\"twitter:data1\" content=\"5 minutes\" \/>\n<script type=\"application\/ld+json\" class=\"yoast-schema-graph\">{\"@context\":\"https:\/\/schema.org\",\"@graph\":[{\"@type\":\"WebPage\",\"@id\":\"https:\/\/todosplanosdesaude.com.br\/amil\/rio-grande-do-norte\/\",\"url\":\"https:\/\/todosplanosdesaude.com.br\/amil\/rio-grande-do-norte\/\",\"name\":\"Rio Grande do Norte - Plano de Sa\u00fade Amil\",\"isPartOf\":{\"@id\":\"\/#website\"},\"datePublished\":\"2025-03-03T22:29:44+00:00\",\"dateModified\":\"2025-03-03T22:57:06+00:00\",\"breadcrumb\":{\"@id\":\"https:\/\/todosplanosdesaude.com.br\/amil\/rio-grande-do-norte\/#breadcrumb\"},\"inLanguage\":\"en-US\",\"potentialAction\":[{\"@type\":\"ReadAction\",\"target\":[\"https:\/\/todosplanosdesaude.com.br\/amil\/rio-grande-do-norte\/\"]}]},{\"@type\":\"BreadcrumbList\",\"@id\":\"https:\/\/todosplanosdesaude.com.br\/amil\/rio-grande-do-norte\/#breadcrumb\",\"itemListElement\":[{\"@type\":\"ListItem\",\"position\":1,\"name\":\"Home\",\"item\":\"https:\/\/todosplanosdesaude.com.br\/amil\/\"},{\"@type\":\"ListItem\",\"position\":2,\"name\":\"Rio Grande do Norte\"}]},{\"@type\":\"WebSite\",\"@id\":\"\/#website\",\"url\":\"\/\",\"name\":\"Plano de Sa\u00fade Amil\",\"description\":\"\",\"potentialAction\":[{\"@type\":\"SearchAction\",\"target\":{\"@type\":\"EntryPoint\",\"urlTemplate\":\"\/?s={search_term_string}\"},\"query-input\":{\"@type\":\"PropertyValueSpecification\",\"valueRequired\":true,\"valueName\":\"search_term_string\"}}],\"inLanguage\":\"en-US\"}]}<\/script>\n<!-- \/ Yoast SEO plugin. -->","yoast_head_json":{"title":"Rio Grande do Norte - Plano de Sa\u00fade Amil","robots":{"index":"index","follow":"follow","max-snippet":"max-snippet:-1","max-image-preview":"max-image-preview:large","max-video-preview":"max-video-preview:-1"},"canonical":"https:\/\/todosplanosdesaude.com.br\/amil\/rio-grande-do-norte\/","og_locale":"en_US","og_type":"article","og_title":"Rio Grande do Norte - Plano de Sa\u00fade Amil","og_description":"Rede Credenciada Amil","og_url":"https:\/\/todosplanosdesaude.com.br\/amil\/rio-grande-do-norte\/","og_site_name":"Plano de Sa\u00fade Amil","article_modified_time":"2025-03-03T22:57:06+00:00","twitter_card":"summary_large_image","twitter_misc":{"Est. reading time":"5 minutes"},"schema":{"@context":"https:\/\/schema.org","@graph":[{"@type":"WebPage","@id":"https:\/\/todosplanosdesaude.com.br\/amil\/rio-grande-do-norte\/","url":"https:\/\/todosplanosdesaude.com.br\/amil\/rio-grande-do-norte\/","name":"Rio Grande do Norte - Plano de Sa\u00fade Amil","isPartOf":{"@id":"\/#website"},"datePublished":"2025-03-03T22:29:44+00:00","dateModified":"2025-03-03T22:57:06+00:00","breadcrumb":{"@id":"https:\/\/todosplanosdesaude.com.br\/amil\/rio-grande-do-norte\/#breadcrumb"},"inLanguage":"en-US","potentialAction":[{"@type":"ReadAction","target":["https:\/\/todosplanosdesaude.com.br\/amil\/rio-grande-do-norte\/"]}]},{"@type":"BreadcrumbList","@id":"https:\/\/todosplanosdesaude.com.br\/amil\/rio-grande-do-norte\/#breadcrumb","itemListElement":[{"@type":"ListItem","position":1,"name":"Home","item":"https:\/\/todosplanosdesaude.com.br\/amil\/"},{"@type":"ListItem","position":2,"name":"Rio Grande do Norte"}]},{"@type":"WebSite","@id":"\/#website","url":"\/","name":"Plano de Sa\u00fade Amil","description":"","potentialAction":[{"@type":"SearchAction","target":{"@type":"EntryPoint","urlTemplate":"\/?s={search_term_string}"},"query-input":{"@type":"PropertyValueSpecification","valueRequired":true,"valueName":"search_term_string"}}],"inLanguage":"en-US"}]}},"_links":{"self":[{"href":"https:\/\/todosplanosdesaude.com.br\/amil\/wp-json\/wp\/v2\/pages\/1809","targetHints":{"allow":["GET"]}}],"collection":[{"href":"https:\/\/todosplanosdesaude.com.br\/amil\/wp-json\/wp\/v2\/pages"}],"about":[{"href":"https:\/\/todosplanosdesaude.com.br\/amil\/wp-json\/wp\/v2\/types\/page"}],"replies":[{"embeddable":true,"href":"https:\/\/todosplanosdesaude.com.br\/amil\/wp-json\/wp\/v2\/comments?post=1809"}],"version-history":[{"count":0,"href":"https:\/\/todosplanosdesaude.com.br\/amil\/wp-json\/wp\/v2\/pages\/1809\/revisions"}],"wp:attachment":[{"href":"https:\/\/todosplanosdesaude.com.br\/amil\/wp-json\/wp\/v2\/media?parent=1809"}],"curies":[{"name":"wp","href":"https:\/\/api.w.org\/{rel}","templated":true}]}}