{"id":185,"date":"2021-02-17T22:46:04","date_gmt":"2021-02-17T22:46:04","guid":{"rendered":"https:\/\/todosplanosdesaude.com.br\/amil\/?page_id=185"},"modified":"2024-05-01T19:20:32","modified_gmt":"2024-05-01T19:20:32","slug":"diferenciais","status":"publish","type":"page","link":"https:\/\/todosplanosdesaude.com.br\/amil\/diferenciais\/","title":{"rendered":"Diferenciais"},"content":{"rendered":"  <div id=\"page-header-714809040\" class=\"page-header-wrapper\">\n  <div class=\"page-title hide-for-small dark featured-title\">\n\n    \n    <div class=\"page-title-inner container align-bottom text-center flex-row-col medium-flex-wrap\" >\n              <div class=\"title-wrapper uppercase flex-col\">\n          <h1 class=\"entry-title mb-0\">\n            DIFERENCIAIS AMIL SA\u00daDE          <\/h1>\n        <\/div>\n                    <div class=\"title-content flex-col\">\n        <div class=\"title-breadcrumbs pb-half pt-half\"><\/div>      <\/div>\n    <\/div>\n\n     \n<style>\n#page-header-714809040 .page-title-inner {\n  min-height: 0px;\n}\n#page-header-714809040 {\n  margin-bottom: 0px;\n}\n<\/style>\n  <\/div>\n    <\/div>\n  \n\t<section class=\"section\" id=\"section_1385554286\">\n\t\t<div class=\"bg section-bg fill bg-fill  bg-loaded\" >\n\n\t\t\t\n\t\t\t\n\t\t\t\n\n\t\t<\/div>\n\n\t\t<div class=\"section-content relative\">\n\t\t\t\n<div class=\"row align-middle\"  id=\"row-1607547169\">\n\n\t<div id=\"col-501455386\" class=\"col small-12 large-12\"  >\n\t\t<div class=\"col-inner\"  >\n\t\t\t\n\t\t\t\n<div class=\"container section-title-container\" ><h3 class=\"section-title section-title-normal\"><b><\/b><span class=\"section-title-main\" >benef\u00edcios amil sa\u00fade<\/span><b><\/b><\/h3><\/div>\n<p>Os planos da Amil Sa\u00fade proporcionam uma vasta gama de vantagens e benef\u00edcios direcionados para promover a sa\u00fade, prevenir e tratar quest\u00f5es corporativas.<\/p>\n<p>S\u00e3o ideais para aqueles que buscam promover a qualidade de vida de suas fam\u00edlias e colaboradores.<\/p>\n\t\t<\/div>\n\t\t\t<\/div>\n\n\t\n<\/div>\n<div class=\"row\"  id=\"row-959780345\">\n\n\t<div id=\"col-1078917549\" class=\"col medium-6 small-12 large-6\"  >\n\t\t<div class=\"col-inner\"  >\n\t\t\t\n\t\t\t\n<div class=\"container section-title-container\" ><h3 class=\"section-title section-title-normal\"><b><\/b><span class=\"section-title-main\" >AMIl espa\u00e7o sa\u00fade<\/span><b><\/b><\/h3><\/div>\n<p>As unidades exclusivas para clientes Amil oferecem um ambiente onde voc\u00ea pode contar com M\u00e9dicos de Fam\u00edlia e equipes de coordena\u00e7\u00e3o do cuidado prontas para atend\u00ea-lo de maneira personalizada, proporcionando o cuidado adequado para viver o seu melhor.<\/p>\n<p>Os espa\u00e7os do Amil Espa\u00e7o Sa\u00fade adotam o conceito de coordena\u00e7\u00e3o do cuidado e s\u00e3o projetados para garantir uma abordagem completa e integrada. Al\u00e9m do M\u00e9dico de Fam\u00edlia, esses locais contam com uma equipe multidisciplinar composta por enfermeiros e agentes de sa\u00fade.<\/p>\n<ul>\n<li><i class=\"fa fa-check\"><\/i> M\u00e9dicos de Fam\u00edlia, enfermeiros e agentes de sa\u00fade.<\/li>\n<li><i class=\"fa fa-check\"><\/i> Atendimento mais pr\u00f3ximo e mais r\u00e1pido.<\/li>\n<li><i class=\"fa fa-check\"><\/i> Consult\u00f3rios exclusivos dedicados ao atendimento.<\/li>\n<li><i class=\"fa fa-check\"><\/i> Profissionais capacitados para aprimorar a qualidade de vida.<\/li>\n<li><i class=\"fa fa-check\"><\/i> <span style=\"color: #555555;\">Acompanhamento <\/span>de todo o hist\u00f3rico de atendimento.<\/li>\n<\/ul>\n\t\t<\/div>\n\t\t\t<\/div>\n\n\t\n\n\t<div id=\"col-470816527\" class=\"col medium-6 small-12 large-6\"  >\n\t\t<div class=\"col-inner\"  >\n\t\t\t\n\t\t\t\n\t<div class=\"img has-hover x md-x lg-x y md-y lg-y\" id=\"image_204043902\">\n\t\t\t\t\t\t\t\t<div class=\"img-inner dark\" >\n\t\t\t<img loading=\"lazy\" decoding=\"async\" width=\"879\" height=\"1024\" src=\"https:\/\/todosplanosdesaude.com.br\/amil\/wp-content\/uploads\/2022\/04\/Amil-Espaco-Saude-879x1024.jpg\" class=\"attachment-large size-large\" alt=\"\" srcset=\"https:\/\/todosplanosdesaude.com.br\/amil\/wp-content\/uploads\/2022\/04\/Amil-Espaco-Saude-879x1024.jpg 879w, https:\/\/todosplanosdesaude.com.br\/amil\/wp-content\/uploads\/2022\/04\/Amil-Espaco-Saude-258x300.jpg 258w, https:\/\/todosplanosdesaude.com.br\/amil\/wp-content\/uploads\/2022\/04\/Amil-Espaco-Saude-768x895.jpg 768w, https:\/\/todosplanosdesaude.com.br\/amil\/wp-content\/uploads\/2022\/04\/Amil-Espaco-Saude.jpg 1080w\" sizes=\"auto, (max-width: 879px) 100vw, 879px\" \/>\t\t\t\t\t\t\n\t\t\t\t\t<\/div>\n\t\t\t\t\t\t\t\t\n<style>\n#image_204043902 {\n  width: 100%;\n}\n<\/style>\n\t<\/div>\n\t\n\t\t<\/div>\n\t\t\t<\/div>\n\n\t\n<\/div>\n<div class=\"row\"  id=\"row-1411913364\">\n\n\t<div id=\"col-633517495\" class=\"col small-12 large-12\"  >\n\t\t<div class=\"col-inner\"  >\n\t\t\t\n\t\t\t\n<div class=\"container section-title-container\" ><h3 class=\"section-title section-title-normal\"><b><\/b><span class=\"section-title-main\" >cuidado remoto<\/span><b><\/b><\/h3><\/div>\n<p><strong>CANAL ATIVO (Agente de Sa\u00fade Virtual)<\/strong><br \/>O Agente de Sa\u00fade Virtual est\u00e1 dispon\u00edvel para oferecer orienta\u00e7\u00f5es sobre cuidados com a sa\u00fade e estrat\u00e9gias para aprimorar a qualidade de vida.<\/p>\n<p>Ele poder\u00e1 entrar em contato para fornecer informa\u00e7\u00f5es valiosas e personalizadas, visando promover o bem-estar e o autocuidado dos usu\u00e1rios.<\/p>\n<p><strong>CANAL RECEPETIVO (Amil Ligue Sa\u00fade)<\/strong><br \/>Voc\u00ea pode utilizar a consulta \u00e0 rede referenciada, pesquisar cobertura, verificar o status de reembolso e obter autoriza\u00e7\u00f5es de procedimentos.<\/p>\n<p>Essas ferramentas s\u00e3o essenciais para garantir um acesso r\u00e1pido e conveniente aos servi\u00e7os de sa\u00fade necess\u00e1rios, facilitando a gest\u00e3o de sua sa\u00fade de forma eficiente e tranquila.<\/p>\n<p><strong>CANAL RECEPTIVO E ATIVO (Programa Mam\u00e3e e Crian\u00e7a)<\/strong><br \/>O Programa Mam\u00e3e e Crian\u00e7a proporciona acompanhamento telef\u00f4nico durante toda a gesta\u00e7\u00e3o e at\u00e9 que a crian\u00e7a complete 12 anos de idade.<\/p>\n<p>Essa iniciativa visa oferecer suporte cont\u00ednuo e orienta\u00e7\u00e3o \u00e0s m\u00e3es e suas fam\u00edlias, promovendo uma gravidez saud\u00e1vel e um desenvolvimento infantil adequado.<\/p>\n<div class=\"container section-title-container\" ><h3 class=\"section-title section-title-normal\"><b><\/b><span class=\"section-title-main\" >Exemplos de reembolso<\/span><b><\/b><\/h3><\/div>\n<table class=\"reembolso-linha-selecionada\">\n<thead>\n<tr>\n<th>Procedimento<\/th>\n<th>Consulta<\/th>\n<th>Hemograma completo<\/th>\n<th>Eletrocardiograma<\/th>\n<th>Endoscopia digestiva<\/th>\n<th>Tomografia de cr\u00e2nio<\/th>\n<th>Ultrason. obst\u00e9trica<\/th>\n<th>Parto ces\u00e1rea<\/th>\n<th>Parto normal<\/th>\n<\/tr>\n<\/thead>\n<tbody>\n<tr>\n<td>Amil S380<\/td>\n<td>R$80,00<\/td>\n<td>R$12,80<\/td>\n<td>R$22,40<\/td>\n<td>R$95,04<\/td>\n<td>R$238,40<\/td>\n<td>R$44,80<\/td>\n<td>R$1.530,90<\/td>\n<td>R$1.795,50<\/td>\n<\/tr>\n<tr>\n<td>Amil S450<\/td>\n<td>R$80,00<\/td>\n<td>R$12,80<\/td>\n<td>R$22,40<\/td>\n<td>R$95,04<\/td>\n<td>R$238,40<\/td>\n<td>R$44,80<\/td>\n<td>R$1.530,90<\/td>\n<td>R$1.795,50<\/td>\n<\/tr>\n<tr>\n<td>Amil S750(R1)<\/td>\n<td>R$160,00<\/td>\n<td>R$19,20<\/td>\n<td>R$33,60<\/td>\n<td>R$142,56<\/td>\n<td>R$357,60<\/td>\n<td>R$67,20<\/td>\n<td>R$3.061,80<\/td>\n<td>R$3.591,00<\/td>\n<\/tr>\n<tr>\n<td>Amil S750(R2)<\/td>\n<td>R$200,00<\/td>\n<td>R$25,60<\/td>\n<td>R$44,80<\/td>\n<td>R$190,08<\/td>\n<td>R$476,00<\/td>\n<td>R$89,60<\/td>\n<td>R$3.827,25<\/td>\n<td>R$4.488,75<\/td>\n<\/tr>\n<tr>\n<td>Amil One S1500 (R1)<\/td>\n<td>R$280,00<\/td>\n<td>R$32,00<\/td>\n<td>R$56,00<\/td>\n<td>R$237,60<\/td>\n<td>R$596,00<\/td>\n<td>R$112,00<\/td>\n<td>R$6.720,70<\/td>\n<td>R$8.900,16<\/td>\n<\/tr>\n<tr>\n<td>Amil One S1500 (R2)<\/td>\n<td>R$360,00<\/td>\n<td>R$38,40<\/td>\n<td>R$67,20<\/td>\n<td>R$285,12<\/td>\n<td>R$715,20<\/td>\n<td>R$134,40<\/td>\n<td>R$8.555,60<\/td>\n<td>R$12.170,88<\/td>\n<\/tr>\n<tr>\n<td>Amil One S2500 (R1)<\/td>\n<td>R$360,00<\/td>\n<td>R$38,40<\/td>\n<td>R$67,20<\/td>\n<td>R$285,12<\/td>\n<td>R$715,20<\/td>\n<td>R$134,40<\/td>\n<td>R$8.555,60<\/td>\n<td>R$11.866,88<\/td>\n<\/tr>\n<tr>\n<td>Amil One S2500 (R2)<\/td>\n<td>R$440,00<\/td>\n<td>R$51,20<\/td>\n<td>R$89,60<\/td>\n<td>R$380,16<\/td>\n<td>R$953,60<\/td>\n<td>R$179,20<\/td>\n<td>R$14.060,30<\/td>\n<td>R$19.855,04<\/td>\n<\/tr>\n<tr>\n<td>Amil One S6500 Black (R1)<\/td>\n<td>R$440,00<\/td>\n<td class=\"one \">R$51,20<\/td>\n<td>R$89,60<\/td>\n<td>R$380,16<\/td>\n<td>R$953,60<\/td>\n<td>R$179,20<\/td>\n<td>R$14.060,30<\/td>\n<td>R$19.855,04<\/td>\n<\/tr>\n<tr>\n<td>Amil One S6500 Black (R2)<\/td>\n<td>R$600,00<\/td>\n<td>R$76,80<\/td>\n<td>R$134,40<\/td>\n<td>R$570,24<\/td>\n<td>R$1,430,40<\/td>\n<td>R$268,80<\/td>\n<td>R$18.338,10<\/td>\n<td>R$25.788,48<\/td>\n<\/tr>\n<tr>\n<td>Amil One S6500 Black (R3)<\/td>\n<td>R$720,00<\/td>\n<td class=\"one \">R$102,40<\/td>\n<td>R$179,20<\/td>\n<td>R$760,32<\/td>\n<td>R$1.907,20<\/td>\n<td>R$358,40<\/td>\n<td>R$26.904,60<\/td>\n<td>R$38.494,08<\/td>\n<\/tr>\n<\/tbody>\n<\/table>\n<style>\/*! CSS Used from: https:\/\/kitcorretoramil.com.br\/wp-content\/themes\/kitcorretor\/dist\/main.css?ver=3.2 ; media=all *\/\n@media all{\ntable,tbody,td,th,thead,tr{border:0;font-size:100%;font:inherit;margin:0;padding:0;vertical-align:baseline;}\ntable{border-collapse:collapse;border-spacing:0;}\n*{box-sizing:border-box;}\n:after,:before{box-sizing:border-box;}\n:active,:focus{outline:0;}\n*{-webkit-print-color-adjust:exact!important;color-adjust:exact!important;}\n.reembolso-linha-selecionada tr:nth-of-type(n):nth-of-type(-n+4) td:first-of-type{background-color:#0f0d59;}\n.reembolso-linha-selecionada tr:nth-of-type(n+5) td:first-of-type{background-color:#d5086e;}\n.reembolso-linha-selecionada th{background-color:#4e4e4d;}\n.reembolso-linha-selecionada td:first-of-type,.reembolso-linha-selecionada th{color:#fff;}\n.reembolso-linha-selecionada td:not(:first-of-type){color:#838383;}\n.reembolso-linha-selecionada tr:nth-of-type(n):nth-of-type(-n+4) td:not(:first-of-type){color:#0f0d59;}\n.reembolso-linha-selecionada tr:nth-of-type(n+5) td:not(:first-of-type){color:#d5086e;}\n.reembolso-linha-selecionada td,.reembolso-linha-selecionada th{font-size:14px;}\n.reembolso-linha-selecionada{border-collapse:collapse;width:100%;}\n.reembolso-linha-selecionada td,.reembolso-linha-selecionada th{vertical-align:middle;}\n.reembolso-linha-selecionada tr:first-of-type th:first-of-type{border-top-left-radius:15px;}\n.reembolso-linha-selecionada tr:first-of-type th:last-of-type{border-top-right-radius:15px;}\n.reembolso-linha-selecionada tr:last-of-type td:first-of-type{border-bottom-left-radius:15px;}\n.reembolso-linha-selecionada tr:last-of-type td:last-of-type{border-bottom-right-radius:15px;}\n.reembolso-linha-selecionada td,.reembolso-linha-selecionada th{border:2px solid #fff;height:70px;padding:0 7px;text-align:center;vertical-align:middle;}\n.reembolso-linha-selecionada tr:nth-of-type(n):nth-of-type(-n+4):nth-of-type(2n) td:not(:first-of-type){background-color:#e7e6ef;}\n.reembolso-linha-selecionada tr:nth-of-type(n):nth-of-type(-n+4):nth-of-type(odd) td:not(:first-of-type){background-color:#cfcedf;}\n.reembolso-linha-selecionada tr:nth-of-type(n+5):nth-of-type(2n) td:not(:first-of-type){background-color:#ffe5f0;}\n.reembolso-linha-selecionada tr:nth-of-type(n+5):nth-of-type(odd) td:not(:first-of-type){background-color:#fecbe3;}\n}table td, table td * {vertical-align: middle !important;\n} <\/p>\n<p>.reembolso-linha-selecionada tr:nth-of-type(n):nth-of-type(-n+4):nth-of-type(2n) td:not(:first-of-type) {background-color: #e7e6ef;min-height: 40px !important;\n}<\/p>\n<p>.reembolso-linha-selecionada tr:nth-of-type(n+5):nth-of-type(odd) td:not(:first-of-type) {background-color: #fecbe3;min-height: 40px;\n}\n.reembolso-linha-selecionada tr:nth-of-type(n+5):nth-of-type(2n) td:not(:first-of-type) {background-color: #ffe5f0;min-height: 40px;\n}<\/p>\n<p>.reembolso-linha-selecionada tr:nth-of-type(n):nth-of-type(-n+4):nth-of-type(2n) td:not(:first-of-type) {background-color: #e7e6ef;min-height: 40px !important;\n}<\/p>\n<p>.reembolso-linha-selecionada tr:nth-of-type(n):nth-of-type(-n+4):nth-of-type(odd) td:not(:first-of-type) {background-color: #cfcedf;min-height: 40px !important;\n}<\/p>\n<p>@media (max-width: 650px)\n.mtr-table .mtr-td-tag, .mtr-table .mtr-th-tag {min-height: 34px !important;\n}.reembolso-linha-selecionada tr:nth-of-type(n):nth-of-type(-n+4) td:first-of-type {background-color: #0f0d59;height: 35px !important;vertical-align: middle !important;padding-top: 3px;\n}\n.reembolso-linha-selecionada tr:nth-of-type(n+5) td:first-of-type {background-color: #d5086e;height: 35px !important;vertical-align: middle !important;padding-top: 3px;\n} <\/p>\n<p>@media (max-width: 650px)\n.mtr-td-tag {padding: 3px !important;\n}@media (max-width: 650px)\n.mtr-table td[data-mtr-content]:before, .mtr-table th[data-mtr-content]:before {max-width: 62% !important;font-size: 10px !important;\n}@media (max-width: 650px)\n.mtr-table .mtr-cell-content {text-align: right !important;font-size: 11px !important;\n}<\/p>\n<p>.reembolso-linha-selecionada tr:nth-of-type(n+5):nth-of-type(odd) td:not(:first-of-type) {background-color: #fecbe3;min-height: 40px !important;\n}<\/p>\n<p>.reembolso-linha-selecionada tr:nth-of-type(n):nth-of-type(-n+4):nth-of-type(odd) td:not(:first-of-type) {background-color: #cfcedf;min-height: 40px !important;\n}\n<\/style>\n<style>\n@media (max-width: 650px)\n.mtr-table td[data-mtr-content]:before, .mtr-table th[data-mtr-content]:before {max-width: 75% !important;font-size: 12px !important;margin-top: -1px !important;line-height: 13px !important;\n}<\/p>\n<\/style>\n<style>\n.reembolso-linha-selecionada td:not(:first-of-type) {min-height: 40px !important;\n}<\/p>\n<p>@media only screen and (max-width: 760px), (min-device-width: 768px) and (max-device-width: 1024px)\ntd:before {position: absolute;top: 6px;left: 6px;width: 95% !important;padding-right: 10px;white-space: nowrap;\n}\n<\/style>\n<style>@media only screen and (max-width: 760px), (min-device-width: 768px) and (max-device-width: 1024px)\ntd:before {position: absolute;top: 6px;left: 6px;width: 85% !important;padding-right: 10px;white-space: nowrap;\n}<\/p>\n<p>.reembolso-linha-selecionada td:not(:first-of-type) {min-height: 40px !important;padding-top: 7px !important;\n}<\/style>\n<style>.mtr-td-tag { padding-top:7px !important; <\/style>\n\t\t<\/div>\n\t\t\t<\/div>\n\n\t\n<\/div>\n<div class=\"row align-middle\"  id=\"row-190916533\">\n\n\t<div id=\"col-2067315326\" class=\"col medium-6 small-12 large-6\"  >\n\t\t<div class=\"col-inner\"  >\n\t\t\t\n\t\t\t\n\t<div class=\"img has-hover x md-x lg-x y md-y lg-y\" id=\"image_734410352\">\n\t\t\t\t\t\t\t\t<div class=\"img-inner dark\" >\n\t\t\t<img loading=\"lazy\" decoding=\"async\" width=\"540\" height=\"299\" src=\"https:\/\/todosplanosdesaude.com.br\/amil\/wp-content\/uploads\/2022\/04\/Amil-Resgate.jpg\" class=\"attachment-large size-large\" alt=\"\" srcset=\"https:\/\/todosplanosdesaude.com.br\/amil\/wp-content\/uploads\/2022\/04\/Amil-Resgate.jpg 540w, https:\/\/todosplanosdesaude.com.br\/amil\/wp-content\/uploads\/2022\/04\/Amil-Resgate-300x166.jpg 300w\" sizes=\"auto, (max-width: 540px) 100vw, 540px\" \/>\t\t\t\t\t\t\n\t\t\t\t\t<\/div>\n\t\t\t\t\t\t\t\t\n<style>\n#image_734410352 {\n  width: 100%;\n}\n<\/style>\n\t<\/div>\n\t\n\t\t<\/div>\n\t\t\t<\/div>\n\n\t\n\n\t<div id=\"col-758491098\" class=\"col medium-6 small-12 large-6\"  >\n\t\t<div class=\"col-inner\"  >\n\t\t\t\n\t\t\t\n<div class=\"container section-title-container\" ><h3 class=\"section-title section-title-normal\"><b><\/b><span class=\"section-title-main\" >amil resgate sa\u00fade<\/span><b><\/b><\/h3><\/div>\n<p>O Amil Resgate Sa\u00fade \u00e9 reconhecido como o sistema de transporte aerom\u00e9dico mais abrangente dispon\u00edvel.<\/p>\n<p>Composto por uma equipe de profissionais altamente qualificados e uma estrutura que se assemelha a unidades de terapia intensiva m\u00f3veis, oferece um sistema completo de transporte inter-hospitalar, certificado pela Joint Commission International.<\/p>\n<p>Ambul\u00e2ncias, helic\u00f3pteros e jatos s\u00e3o equipados com tecnologia m\u00e9dica de ponta para garantir o melhor atendimento poss\u00edvel. Al\u00e9m disso, os profissionais s\u00e3o treinados para realizar<\/p>\n\t\t<\/div>\n\t\t\t<\/div>\n\n\t\n<\/div>\n\t\t<\/div>\n\n\t\t\n<style>\n#section_1385554286 {\n  padding-top: 30px;\n  padding-bottom: 30px;\n}\n<\/style>\n\t<\/section>\n\t\n","protected":false},"excerpt":{"rendered":"","protected":false},"author":1,"featured_media":0,"parent":0,"menu_order":0,"comment_status":"closed","ping_status":"closed","template":"page-blank.php","meta":{"footnotes":""},"class_list":["post-185","page","type-page","status-publish","hentry"],"yoast_head":"<!-- This site is optimized with the Yoast SEO plugin v25.3.1 - https:\/\/yoast.com\/wordpress\/plugins\/seo\/ -->\n<title>Diferenciais - Plano de Sa\u00fade Amil<\/title>\n<meta name=\"description\" content=\"Saiba tudo sobre o Plano de sa\u00fade Amil. Rede Credenciada, Tabela de Valores e Diferenciais. Ligue (11) 2068-3516\" \/>\n<meta name=\"robots\" content=\"index, follow, max-snippet:-1, max-image-preview:large, max-video-preview:-1\" \/>\n<link rel=\"canonical\" href=\"https:\/\/todosplanosdesaude.com.br\/amil\/diferenciais\/\" \/>\n<meta property=\"og:locale\" content=\"en_US\" \/>\n<meta property=\"og:type\" content=\"article\" \/>\n<meta property=\"og:title\" content=\"Diferenciais - Plano de Sa\u00fade Amil\" \/>\n<meta property=\"og:description\" content=\"Saiba tudo sobre o Plano de sa\u00fade Amil. Rede Credenciada, Tabela de Valores e Diferenciais. Ligue (11) 2068-3516\" \/>\n<meta property=\"og:url\" content=\"https:\/\/todosplanosdesaude.com.br\/amil\/diferenciais\/\" \/>\n<meta property=\"og:site_name\" content=\"Plano de Sa\u00fade Amil\" \/>\n<meta property=\"article:modified_time\" content=\"2024-05-01T19:20:32+00:00\" \/>\n<meta name=\"twitter:card\" content=\"summary_large_image\" \/>\n<meta name=\"twitter:label1\" content=\"Est. reading time\" \/>\n\t<meta name=\"twitter:data1\" content=\"3 minutes\" \/>\n<script type=\"application\/ld+json\" class=\"yoast-schema-graph\">{\"@context\":\"https:\/\/schema.org\",\"@graph\":[{\"@type\":\"WebPage\",\"@id\":\"https:\/\/todosplanosdesaude.com.br\/amil\/diferenciais\/\",\"url\":\"https:\/\/todosplanosdesaude.com.br\/amil\/diferenciais\/\",\"name\":\"Diferenciais - Plano de Sa\u00fade Amil\",\"isPartOf\":{\"@id\":\"\/#website\"},\"datePublished\":\"2021-02-17T22:46:04+00:00\",\"dateModified\":\"2024-05-01T19:20:32+00:00\",\"description\":\"Saiba tudo sobre o Plano de sa\u00fade Amil. Rede Credenciada, Tabela de Valores e Diferenciais. Ligue (11) 2068-3516\",\"breadcrumb\":{\"@id\":\"https:\/\/todosplanosdesaude.com.br\/amil\/diferenciais\/#breadcrumb\"},\"inLanguage\":\"en-US\",\"potentialAction\":[{\"@type\":\"ReadAction\",\"target\":[\"https:\/\/todosplanosdesaude.com.br\/amil\/diferenciais\/\"]}]},{\"@type\":\"BreadcrumbList\",\"@id\":\"https:\/\/todosplanosdesaude.com.br\/amil\/diferenciais\/#breadcrumb\",\"itemListElement\":[{\"@type\":\"ListItem\",\"position\":1,\"name\":\"Home\",\"item\":\"https:\/\/todosplanosdesaude.com.br\/amil\/\"},{\"@type\":\"ListItem\",\"position\":2,\"name\":\"Diferenciais\"}]},{\"@type\":\"WebSite\",\"@id\":\"\/#website\",\"url\":\"\/\",\"name\":\"Plano de Sa\u00fade Amil\",\"description\":\"\",\"potentialAction\":[{\"@type\":\"SearchAction\",\"target\":{\"@type\":\"EntryPoint\",\"urlTemplate\":\"\/?s={search_term_string}\"},\"query-input\":{\"@type\":\"PropertyValueSpecification\",\"valueRequired\":true,\"valueName\":\"search_term_string\"}}],\"inLanguage\":\"en-US\"}]}<\/script>\n<!-- \/ Yoast SEO plugin. -->","yoast_head_json":{"title":"Diferenciais - Plano de Sa\u00fade Amil","description":"Saiba tudo sobre o Plano de sa\u00fade Amil. Rede Credenciada, Tabela de Valores e Diferenciais. Ligue (11) 2068-3516","robots":{"index":"index","follow":"follow","max-snippet":"max-snippet:-1","max-image-preview":"max-image-preview:large","max-video-preview":"max-video-preview:-1"},"canonical":"https:\/\/todosplanosdesaude.com.br\/amil\/diferenciais\/","og_locale":"en_US","og_type":"article","og_title":"Diferenciais - Plano de Sa\u00fade Amil","og_description":"Saiba tudo sobre o Plano de sa\u00fade Amil. Rede Credenciada, Tabela de Valores e Diferenciais. Ligue (11) 2068-3516","og_url":"https:\/\/todosplanosdesaude.com.br\/amil\/diferenciais\/","og_site_name":"Plano de Sa\u00fade Amil","article_modified_time":"2024-05-01T19:20:32+00:00","twitter_card":"summary_large_image","twitter_misc":{"Est. reading time":"3 minutes"},"schema":{"@context":"https:\/\/schema.org","@graph":[{"@type":"WebPage","@id":"https:\/\/todosplanosdesaude.com.br\/amil\/diferenciais\/","url":"https:\/\/todosplanosdesaude.com.br\/amil\/diferenciais\/","name":"Diferenciais - Plano de Sa\u00fade Amil","isPartOf":{"@id":"\/#website"},"datePublished":"2021-02-17T22:46:04+00:00","dateModified":"2024-05-01T19:20:32+00:00","description":"Saiba tudo sobre o Plano de sa\u00fade Amil. Rede Credenciada, Tabela de Valores e Diferenciais. Ligue (11) 2068-3516","breadcrumb":{"@id":"https:\/\/todosplanosdesaude.com.br\/amil\/diferenciais\/#breadcrumb"},"inLanguage":"en-US","potentialAction":[{"@type":"ReadAction","target":["https:\/\/todosplanosdesaude.com.br\/amil\/diferenciais\/"]}]},{"@type":"BreadcrumbList","@id":"https:\/\/todosplanosdesaude.com.br\/amil\/diferenciais\/#breadcrumb","itemListElement":[{"@type":"ListItem","position":1,"name":"Home","item":"https:\/\/todosplanosdesaude.com.br\/amil\/"},{"@type":"ListItem","position":2,"name":"Diferenciais"}]},{"@type":"WebSite","@id":"\/#website","url":"\/","name":"Plano de Sa\u00fade Amil","description":"","potentialAction":[{"@type":"SearchAction","target":{"@type":"EntryPoint","urlTemplate":"\/?s={search_term_string}"},"query-input":{"@type":"PropertyValueSpecification","valueRequired":true,"valueName":"search_term_string"}}],"inLanguage":"en-US"}]}},"_links":{"self":[{"href":"https:\/\/todosplanosdesaude.com.br\/amil\/wp-json\/wp\/v2\/pages\/185","targetHints":{"allow":["GET"]}}],"collection":[{"href":"https:\/\/todosplanosdesaude.com.br\/amil\/wp-json\/wp\/v2\/pages"}],"about":[{"href":"https:\/\/todosplanosdesaude.com.br\/amil\/wp-json\/wp\/v2\/types\/page"}],"author":[{"embeddable":true,"href":"https:\/\/todosplanosdesaude.com.br\/amil\/wp-json\/wp\/v2\/users\/1"}],"replies":[{"embeddable":true,"href":"https:\/\/todosplanosdesaude.com.br\/amil\/wp-json\/wp\/v2\/comments?post=185"}],"version-history":[{"count":0,"href":"https:\/\/todosplanosdesaude.com.br\/amil\/wp-json\/wp\/v2\/pages\/185\/revisions"}],"wp:attachment":[{"href":"https:\/\/todosplanosdesaude.com.br\/amil\/wp-json\/wp\/v2\/media?parent=185"}],"curies":[{"name":"wp","href":"https:\/\/api.w.org\/{rel}","templated":true}]}}