{"id":207,"date":"2021-02-17T22:54:19","date_gmt":"2021-02-17T22:54:19","guid":{"rendered":"https:\/\/todosplanosdesaude.com.br\/amil\/?page_id=207"},"modified":"2024-05-01T20:09:15","modified_gmt":"2024-05-01T20:09:15","slug":"plano-de-saude-mei","status":"publish","type":"page","link":"https:\/\/todosplanosdesaude.com.br\/amil\/plano-de-saude-mei\/","title":{"rendered":"Plano de Sa\u00fade MEI"},"content":{"rendered":"  <div id=\"page-header-17026159\" class=\"page-header-wrapper\">\n  <div class=\"page-title hide-for-small dark featured-title\">\n\n    \n    <div class=\"page-title-inner container align-bottom text-center flex-row-col medium-flex-wrap\" >\n              <div class=\"title-wrapper uppercase flex-col\">\n          <h1 class=\"entry-title mb-0\">\n            PLANO DE SA\u00daDE MEI          <\/h1>\n        <\/div>\n                    <div class=\"title-content flex-col\">\n        <div class=\"title-breadcrumbs pb-half pt-half\"><\/div>      <\/div>\n    <\/div>\n\n     \n<style>\n#page-header-17026159 .page-title-inner {\n  min-height: 0px;\n}\n#page-header-17026159 {\n  margin-bottom: 0px;\n}\n<\/style>\n  <\/div>\n    <\/div>\n  \n\t<section class=\"section\" id=\"section_874844723\">\n\t\t<div class=\"bg section-bg fill bg-fill  bg-loaded\" >\n\n\t\t\t\n\t\t\t\n\t\t\t\n\n\t\t<\/div>\n\n\t\t<div class=\"section-content relative\">\n\t\t\t\n<div class=\"row align-middle\"  id=\"row-892133624\">\n\n\t<div id=\"col-1141605408\" class=\"col medium-6 small-12 large-6\"  >\n\t\t<div class=\"col-inner\"  >\n\t\t\t\n\t\t\t\n<div class=\"container section-title-container\" ><h3 class=\"section-title section-title-normal\"><b><\/b><span class=\"section-title-main\" >amil sa\u00fade mei<\/span><b><\/b><\/h3><\/div>\n<p>O Plano Amil Sa\u00fade MEI, destinado a microempreendedores individuais, oferece toda a cobertura de um plano empresarial com o CNPJ ativo e mais 02 dependentes, que podem ser funcion\u00e1rios ou dependentes diretos, como c\u00f4njuge e filhos.<\/p>\n<p>A contrata\u00e7\u00e3o por meio de um simples MEI proporciona a mesma estrutura e benef\u00edcios de um plano empresarial, garantindo acesso a toda a rede credenciada da Amil Sa\u00fade.<\/p>\n<p>Outra vantagem de adquirir um plano de sa\u00fade MEI \u00e9 o pre\u00e7o, que costuma ser at\u00e9 30% mais econ\u00f4mico em compara\u00e7\u00e3o com os planos por ades\u00e3o e individuais.<\/p>\n<p>Confira os diversos tipos de planos da Amil Sa\u00fade, elaborados para atender \u00e0s necessidades da sua empresa, diferenciando-se pelas op\u00e7\u00f5es de reembolso, rede credenciada, padr\u00e3o de acomoda\u00e7\u00e3o hospitalar e benef\u00edcios.<\/p>\n\t\t<\/div>\n\t\t\t<\/div>\n\n\t\n\n\t<div id=\"col-1714433670\" class=\"col medium-6 small-12 large-6\"  >\n\t\t<div class=\"col-inner\"  >\n\t\t\t\n\t\t\t\n\t<div class=\"img has-hover x md-x lg-x y md-y lg-y\" id=\"image_1585870361\">\n\t\t\t\t\t\t\t\t<div class=\"img-inner image-cover dark\" style=\"padding-top:510px;\">\n\t\t\t<img loading=\"lazy\" decoding=\"async\" width=\"879\" height=\"1024\" src=\"https:\/\/todosplanosdesaude.com.br\/amil\/wp-content\/uploads\/2022\/04\/young-business-man-talking-phone-working-computer2-879x1024.jpg\" class=\"attachment-large size-large\" alt=\"\" srcset=\"https:\/\/todosplanosdesaude.com.br\/amil\/wp-content\/uploads\/2022\/04\/young-business-man-talking-phone-working-computer2-879x1024.jpg 879w, https:\/\/todosplanosdesaude.com.br\/amil\/wp-content\/uploads\/2022\/04\/young-business-man-talking-phone-working-computer2-258x300.jpg 258w, https:\/\/todosplanosdesaude.com.br\/amil\/wp-content\/uploads\/2022\/04\/young-business-man-talking-phone-working-computer2-768x895.jpg 768w, https:\/\/todosplanosdesaude.com.br\/amil\/wp-content\/uploads\/2022\/04\/young-business-man-talking-phone-working-computer2-1319x1536.jpg 1319w, https:\/\/todosplanosdesaude.com.br\/amil\/wp-content\/uploads\/2022\/04\/young-business-man-talking-phone-working-computer2-1758x2048.jpg 1758w, https:\/\/todosplanosdesaude.com.br\/amil\/wp-content\/uploads\/2022\/04\/young-business-man-talking-phone-working-computer2.jpg 1946w\" sizes=\"auto, (max-width: 879px) 100vw, 879px\" \/>\t\t\t\t\t\t\n\t\t\t\t\t<\/div>\n\t\t\t\t\t\t\t\t\n<style>\n#image_1585870361 {\n  width: 100%;\n}\n<\/style>\n\t<\/div>\n\t\n\t\t<\/div>\n\t\t\t<\/div>\n\n\t\n<\/div>\n<div class=\"row\"  id=\"row-1263270372\">\n\n\t<div id=\"col-981694858\" class=\"col medium-6 small-12 large-6\"  >\n\t\t<div class=\"col-inner\"  >\n\t\t\t\n\t\t\t\n<div class=\"container section-title-container\" ><h3 class=\"section-title section-title-normal\"><b><\/b><span class=\"section-title-main\" >conhe\u00e7a os planos<\/span><b><\/b><\/h3><\/div>\n\t<div class=\"img has-hover x md-x lg-x y md-y lg-y\" id=\"image_925571529\">\n\t\t\t\t\t\t\t\t<div class=\"img-inner dark\" >\n\t\t\t<img loading=\"lazy\" decoding=\"async\" width=\"1020\" height=\"555\" src=\"https:\/\/todosplanosdesaude.com.br\/amil\/wp-content\/uploads\/2021\/04\/tabela-planos-1-1024x557-1.png\" class=\"attachment-large size-large\" alt=\"\" srcset=\"https:\/\/todosplanosdesaude.com.br\/amil\/wp-content\/uploads\/2021\/04\/tabela-planos-1-1024x557-1.png 1024w, https:\/\/todosplanosdesaude.com.br\/amil\/wp-content\/uploads\/2021\/04\/tabela-planos-1-1024x557-1-300x163.png 300w, https:\/\/todosplanosdesaude.com.br\/amil\/wp-content\/uploads\/2021\/04\/tabela-planos-1-1024x557-1-768x418.png 768w\" sizes=\"auto, (max-width: 1020px) 100vw, 1020px\" \/>\t\t\t\t\t\t\n\t\t\t\t\t<\/div>\n\t\t\t\t\t\t\t\t\n<style>\n#image_925571529 {\n  width: 100%;\n}\n<\/style>\n\t<\/div>\n\t\n\t\t<\/div>\n\t\t\t<\/div>\n\n\t\n\n\t<div id=\"col-1512700593\" class=\"col medium-6 small-12 large-6\"  >\n\t\t<div class=\"col-inner\"  >\n\t\t\t\n\t\t\t\n<div class=\"container section-title-container\" ><h3 class=\"section-title section-title-normal\"><b><\/b><span class=\"section-title-main\" >Modalidades de contrata\u00e7\u00e3o<\/span><b><\/b><\/h3><\/div>\n<p class=\"mb-20\"><strong>Hospitalar com Obstetr\u00edcia<\/strong><br \/>\u25aa Atendimento em Pronto Socorro (para urg\u00eancia e emerg\u00eancia);<br \/>\u25aa Cirurgias;<br \/>\u25aa Interna\u00e7\u00f5es hospitalares;<br \/>\u25aa Partos (inclui cobertura assistencial ao rec\u00e9m-nascido durante os primeiros 30 dias ap\u00f3s o parto).<\/p>\n<p class=\"mb-20\"><strong>Ambulatorial e Hospitalar com Obstetr\u00edcia<\/strong><br \/>\u25aa Consultas;<br \/>\u25aa Exames;<br \/>\u25aa Atendimento em Pronto Socorro;<br \/>\u25aa Cirurgias;<br \/>\u25aa Interna\u00e7\u00f5es hospitalares;<br \/>\u25aa Partos (inclui cobertura assistencial ao rec\u00e9m-nascido durante os primeiros 30 dias ap\u00f3s o parto)<\/p>\n<p><i class=\"icon-checkmark\"><\/i>\u00a0Consultas e exames exclusivamente para gestantes, em acompanhamento pr\u00e9-natal;<br \/><i class=\"icon-checkmark\"><\/i>\u00a0Procedimentos especiais necess\u00e1rios para continuidade da assist\u00eancia prestada em n\u00edvel de interna\u00e7\u00e3o hospitalar, como: Hemodi\u00e1lises, quimioterapias, radioterapias, fisioterapias entre outros.<\/p>\n\t\t<\/div>\n\t\t\t<\/div>\n\n\t\n<\/div>\n<div class=\"row align-middle\"  id=\"row-580586665\">\n\n\t<div id=\"col-616851529\" class=\"col medium-6 small-12 large-6\"  >\n\t\t<div class=\"col-inner\"  >\n\t\t\t\n\t\t\t\n<div class=\"container section-title-container\" ><h3 class=\"section-title section-title-normal\"><b><\/b><span class=\"section-title-main\" >amil espa\u00e7o sa\u00fade<\/span><b><\/b><\/h3><\/div>\n<p>S\u00e3o espa\u00e7os exclusivos reservados para clientes Amil.<\/p>\n<p>Nestes locais, voc\u00ea tem \u00e0 disposi\u00e7\u00e3o M\u00e9dicos de Fam\u00edlia e equipes especializadas em coordena\u00e7\u00e3o do cuidado, prontas para oferecer um atendimento personalizado, garantindo o cuidado ideal para alcan\u00e7ar seu bem-estar m\u00e1ximo.<\/p>\n<p>Os Amil Espa\u00e7o Sa\u00fade seguem o conceito de coordena\u00e7\u00e3o do cuidado e s\u00e3o concebidos para assegurar uma assist\u00eancia completa e integrada.<\/p>\n<p>Al\u00e9m disso, contam com o suporte do M\u00e9dico de Fam\u00edlia, que oferece atendimento cont\u00ednuo em colabora\u00e7\u00e3o com uma equipe multidisciplinar.<\/p>\n\t\t<\/div>\n\t\t\t<\/div>\n\n\t\n\n\t<div id=\"col-1741851132\" class=\"col hide-for-small medium-6 small-12 large-6\"  >\n\t\t<div class=\"col-inner\"  >\n\t\t\t\n\t\t\t\n\t<div class=\"img has-hover x md-x lg-x y md-y lg-y\" id=\"image_1615652383\">\n\t\t\t\t\t\t\t\t<div class=\"img-inner dark\" >\n\t\t\t<img loading=\"lazy\" decoding=\"async\" width=\"1020\" height=\"680\" src=\"https:\/\/todosplanosdesaude.com.br\/amil\/wp-content\/uploads\/2021\/04\/amil-espaco-saude-2-1024x683-1.jpg\" class=\"attachment-large size-large\" alt=\"\" srcset=\"https:\/\/todosplanosdesaude.com.br\/amil\/wp-content\/uploads\/2021\/04\/amil-espaco-saude-2-1024x683-1.jpg 1024w, https:\/\/todosplanosdesaude.com.br\/amil\/wp-content\/uploads\/2021\/04\/amil-espaco-saude-2-1024x683-1-300x200.jpg 300w, https:\/\/todosplanosdesaude.com.br\/amil\/wp-content\/uploads\/2021\/04\/amil-espaco-saude-2-1024x683-1-768x512.jpg 768w\" sizes=\"auto, (max-width: 1020px) 100vw, 1020px\" \/>\t\t\t\t\t\t\n\t\t\t\t\t<\/div>\n\t\t\t\t\t\t\t\t\n<style>\n#image_1615652383 {\n  width: 100%;\n}\n<\/style>\n\t<\/div>\n\t\n\t\t<\/div>\n\t\t\t<\/div>\n\n\t\n<\/div>\n<div class=\"row align-middle\"  id=\"row-2027155334\">\n\n\t<div id=\"col-1147885477\" class=\"col medium-6 small-12 large-6\"  >\n\t\t<div class=\"col-inner\"  >\n\t\t\t\n\t\t\t\n\t<div class=\"img has-hover x md-x lg-x y md-y lg-y\" id=\"image_1641557389\">\n\t\t\t\t\t\t\t\t<div class=\"img-inner dark\" >\n\t\t\t<img loading=\"lazy\" decoding=\"async\" width=\"555\" height=\"326\" src=\"https:\/\/todosplanosdesaude.com.br\/amil\/wp-content\/uploads\/2021\/06\/2.1.jpg\" class=\"attachment-large size-large\" alt=\"\" srcset=\"https:\/\/todosplanosdesaude.com.br\/amil\/wp-content\/uploads\/2021\/06\/2.1.jpg 555w, https:\/\/todosplanosdesaude.com.br\/amil\/wp-content\/uploads\/2021\/06\/2.1-300x176.jpg 300w\" sizes=\"auto, (max-width: 555px) 100vw, 555px\" \/>\t\t\t\t\t\t\n\t\t\t\t\t<\/div>\n\t\t\t\t\t\t\t\t\n<style>\n#image_1641557389 {\n  width: 100%;\n}\n<\/style>\n\t<\/div>\n\t\n\t\t<\/div>\n\t\t\t<\/div>\n\n\t\n\n\t<div id=\"col-1205489583\" class=\"col medium-6 small-12 large-6\"  >\n\t\t<div class=\"col-inner\"  >\n\t\t\t\n\t\t\t\n<div class=\"container section-title-container\" ><h3 class=\"section-title section-title-normal\"><b><\/b><span class=\"section-title-main\" >REDE CREDENCIADA<\/span><b><\/b><\/h3><\/div>\n<p>Com uma abrang\u00eancia que inclui mais de 1700 hospitais e mais de 6000 laborat\u00f3rios em todo o territ\u00f3rio nacional, a Amil se destaca como uma das principais escolhas de contrata\u00e7\u00e3o no mercado.<\/p>\n<p>Sua rede credenciada oferece cobertura nacional e \u00e9 formada por profissionais qualificados.<\/p>\n<p>O processo de referenciamento \u00e9 realizado com crit\u00e9rios rigorosos, visando a excel\u00eancia em qualidade e uma gest\u00e3o cont\u00ednua do desempenho da rede.<\/p>\n\t\t<\/div>\n\t\t\t<\/div>\n\n\t\n<\/div>\n\t\t<\/div>\n\n\t\t\n<style>\n#section_874844723 {\n  padding-top: 30px;\n  padding-bottom: 30px;\n}\n<\/style>\n\t<\/section>\n\t\n","protected":false},"excerpt":{"rendered":"","protected":false},"author":1,"featured_media":0,"parent":0,"menu_order":0,"comment_status":"closed","ping_status":"closed","template":"page-blank.php","meta":{"footnotes":""},"class_list":["post-207","page","type-page","status-publish","hentry"],"yoast_head":"<!-- This site is optimized with the Yoast SEO plugin v25.3.1 - https:\/\/yoast.com\/wordpress\/plugins\/seo\/ -->\n<title>Plano de Sa\u00fade MEI - Plano de Sa\u00fade Amil<\/title>\n<meta name=\"description\" content=\"Saiba tudo sobre o Plano de sa\u00fade Amil. Rede Credenciada, Tabela de Valores e Diferenciais. Ligue (11) 2068-3516\" \/>\n<meta name=\"robots\" content=\"index, follow, max-snippet:-1, max-image-preview:large, max-video-preview:-1\" \/>\n<link rel=\"canonical\" href=\"https:\/\/todosplanosdesaude.com.br\/amil\/plano-de-saude-mei\/\" \/>\n<meta property=\"og:locale\" content=\"en_US\" \/>\n<meta property=\"og:type\" content=\"article\" \/>\n<meta property=\"og:title\" content=\"Plano de Sa\u00fade MEI - Plano de Sa\u00fade Amil\" \/>\n<meta property=\"og:description\" content=\"Saiba tudo sobre o Plano de sa\u00fade Amil. Rede Credenciada, Tabela de Valores e Diferenciais. Ligue (11) 2068-3516\" \/>\n<meta property=\"og:url\" content=\"https:\/\/todosplanosdesaude.com.br\/amil\/plano-de-saude-mei\/\" \/>\n<meta property=\"og:site_name\" content=\"Plano de Sa\u00fade Amil\" \/>\n<meta property=\"article:modified_time\" content=\"2024-05-01T20:09:15+00:00\" \/>\n<meta name=\"twitter:card\" content=\"summary_large_image\" \/>\n<meta name=\"twitter:label1\" content=\"Est. reading time\" \/>\n\t<meta name=\"twitter:data1\" content=\"3 minutes\" \/>\n<script type=\"application\/ld+json\" class=\"yoast-schema-graph\">{\"@context\":\"https:\/\/schema.org\",\"@graph\":[{\"@type\":\"WebPage\",\"@id\":\"https:\/\/todosplanosdesaude.com.br\/amil\/plano-de-saude-mei\/\",\"url\":\"https:\/\/todosplanosdesaude.com.br\/amil\/plano-de-saude-mei\/\",\"name\":\"Plano de Sa\u00fade MEI - Plano de Sa\u00fade Amil\",\"isPartOf\":{\"@id\":\"\/#website\"},\"datePublished\":\"2021-02-17T22:54:19+00:00\",\"dateModified\":\"2024-05-01T20:09:15+00:00\",\"description\":\"Saiba tudo sobre o Plano de sa\u00fade Amil. Rede Credenciada, Tabela de Valores e Diferenciais. Ligue (11) 2068-3516\",\"breadcrumb\":{\"@id\":\"https:\/\/todosplanosdesaude.com.br\/amil\/plano-de-saude-mei\/#breadcrumb\"},\"inLanguage\":\"en-US\",\"potentialAction\":[{\"@type\":\"ReadAction\",\"target\":[\"https:\/\/todosplanosdesaude.com.br\/amil\/plano-de-saude-mei\/\"]}]},{\"@type\":\"BreadcrumbList\",\"@id\":\"https:\/\/todosplanosdesaude.com.br\/amil\/plano-de-saude-mei\/#breadcrumb\",\"itemListElement\":[{\"@type\":\"ListItem\",\"position\":1,\"name\":\"Home\",\"item\":\"https:\/\/todosplanosdesaude.com.br\/amil\/\"},{\"@type\":\"ListItem\",\"position\":2,\"name\":\"Plano de Sa\u00fade MEI\"}]},{\"@type\":\"WebSite\",\"@id\":\"\/#website\",\"url\":\"\/\",\"name\":\"Plano de Sa\u00fade Amil\",\"description\":\"\",\"potentialAction\":[{\"@type\":\"SearchAction\",\"target\":{\"@type\":\"EntryPoint\",\"urlTemplate\":\"\/?s={search_term_string}\"},\"query-input\":{\"@type\":\"PropertyValueSpecification\",\"valueRequired\":true,\"valueName\":\"search_term_string\"}}],\"inLanguage\":\"en-US\"}]}<\/script>\n<!-- \/ Yoast SEO plugin. -->","yoast_head_json":{"title":"Plano de Sa\u00fade MEI - Plano de Sa\u00fade Amil","description":"Saiba tudo sobre o Plano de sa\u00fade Amil. Rede Credenciada, Tabela de Valores e Diferenciais. Ligue (11) 2068-3516","robots":{"index":"index","follow":"follow","max-snippet":"max-snippet:-1","max-image-preview":"max-image-preview:large","max-video-preview":"max-video-preview:-1"},"canonical":"https:\/\/todosplanosdesaude.com.br\/amil\/plano-de-saude-mei\/","og_locale":"en_US","og_type":"article","og_title":"Plano de Sa\u00fade MEI - Plano de Sa\u00fade Amil","og_description":"Saiba tudo sobre o Plano de sa\u00fade Amil. Rede Credenciada, Tabela de Valores e Diferenciais. Ligue (11) 2068-3516","og_url":"https:\/\/todosplanosdesaude.com.br\/amil\/plano-de-saude-mei\/","og_site_name":"Plano de Sa\u00fade Amil","article_modified_time":"2024-05-01T20:09:15+00:00","twitter_card":"summary_large_image","twitter_misc":{"Est. reading time":"3 minutes"},"schema":{"@context":"https:\/\/schema.org","@graph":[{"@type":"WebPage","@id":"https:\/\/todosplanosdesaude.com.br\/amil\/plano-de-saude-mei\/","url":"https:\/\/todosplanosdesaude.com.br\/amil\/plano-de-saude-mei\/","name":"Plano de Sa\u00fade MEI - Plano de Sa\u00fade Amil","isPartOf":{"@id":"\/#website"},"datePublished":"2021-02-17T22:54:19+00:00","dateModified":"2024-05-01T20:09:15+00:00","description":"Saiba tudo sobre o Plano de sa\u00fade Amil. Rede Credenciada, Tabela de Valores e Diferenciais. Ligue (11) 2068-3516","breadcrumb":{"@id":"https:\/\/todosplanosdesaude.com.br\/amil\/plano-de-saude-mei\/#breadcrumb"},"inLanguage":"en-US","potentialAction":[{"@type":"ReadAction","target":["https:\/\/todosplanosdesaude.com.br\/amil\/plano-de-saude-mei\/"]}]},{"@type":"BreadcrumbList","@id":"https:\/\/todosplanosdesaude.com.br\/amil\/plano-de-saude-mei\/#breadcrumb","itemListElement":[{"@type":"ListItem","position":1,"name":"Home","item":"https:\/\/todosplanosdesaude.com.br\/amil\/"},{"@type":"ListItem","position":2,"name":"Plano de Sa\u00fade MEI"}]},{"@type":"WebSite","@id":"\/#website","url":"\/","name":"Plano de Sa\u00fade Amil","description":"","potentialAction":[{"@type":"SearchAction","target":{"@type":"EntryPoint","urlTemplate":"\/?s={search_term_string}"},"query-input":{"@type":"PropertyValueSpecification","valueRequired":true,"valueName":"search_term_string"}}],"inLanguage":"en-US"}]}},"_links":{"self":[{"href":"https:\/\/todosplanosdesaude.com.br\/amil\/wp-json\/wp\/v2\/pages\/207","targetHints":{"allow":["GET"]}}],"collection":[{"href":"https:\/\/todosplanosdesaude.com.br\/amil\/wp-json\/wp\/v2\/pages"}],"about":[{"href":"https:\/\/todosplanosdesaude.com.br\/amil\/wp-json\/wp\/v2\/types\/page"}],"author":[{"embeddable":true,"href":"https:\/\/todosplanosdesaude.com.br\/amil\/wp-json\/wp\/v2\/users\/1"}],"replies":[{"embeddable":true,"href":"https:\/\/todosplanosdesaude.com.br\/amil\/wp-json\/wp\/v2\/comments?post=207"}],"version-history":[{"count":0,"href":"https:\/\/todosplanosdesaude.com.br\/amil\/wp-json\/wp\/v2\/pages\/207\/revisions"}],"wp:attachment":[{"href":"https:\/\/todosplanosdesaude.com.br\/amil\/wp-json\/wp\/v2\/media?parent=207"}],"curies":[{"name":"wp","href":"https:\/\/api.w.org\/{rel}","templated":true}]}}