{"id":7264,"date":"2026-01-19T18:17:37","date_gmt":"2026-01-19T18:17:37","guid":{"rendered":"https:\/\/todosplanosdesaude.com.br\/amil\/?page_id=7264"},"modified":"2026-01-19T18:43:11","modified_gmt":"2026-01-19T18:43:11","slug":"amil-platinum","status":"publish","type":"page","link":"https:\/\/todosplanosdesaude.com.br\/amil\/amil-platinum\/","title":{"rendered":"Amil Platinum"},"content":{"rendered":"  <div id=\"page-header-1388711916\" class=\"page-header-wrapper\">\n  <div class=\"page-title hide-for-small dark featured-title\">\n\n    \n    <div class=\"page-title-inner container align-bottom text-center flex-row-col medium-flex-wrap\" >\n              <div class=\"title-wrapper uppercase flex-col\">\n          <h1 class=\"entry-title mb-0\">\n            Amil Platinum          <\/h1>\n        <\/div>\n                    <div class=\"title-content flex-col\">\n        <div class=\"title-breadcrumbs pb-half pt-half\"><\/div>      <\/div>\n    <\/div>\n\n     \n<style>\n#page-header-1388711916 .page-title-inner {\n  min-height: 0px;\n}\n#page-header-1388711916 {\n  margin-bottom: 0px;\n}\n<\/style>\n  <\/div>\n    <\/div>\n  \n\t<section class=\"section\" id=\"section_38542032\">\n\t\t<div class=\"bg section-bg fill bg-fill  bg-loaded\" >\n\n\t\t\t\n\t\t\t\n\t\t\t\n\n\t\t<\/div>\n\n\t\t<div class=\"section-content relative\">\n\t\t\t\n<div class=\"row align-middle\"  id=\"row-767777012\">\n\n\t<div id=\"col-21572711\" class=\"col medium-6 small-12 large-6\"  >\n\t\t<div class=\"col-inner\"  >\n\t\t\t\n\t\t\t\n<p>O Amil Platinum \u00e9 um plano de sa\u00fade indicado para quem busca alto padr\u00e3o de cobertura, com acesso a uma rede credenciada premium e servi\u00e7os assistenciais diferenciados.<\/p>\n<p>\u00c9 uma op\u00e7\u00e3o voltada para benefici\u00e1rios e empresas que priorizam conforto, agilidade no atendimento e acesso a hospitais e profissionais de refer\u00eancia.<\/p>\n<p>O foco est\u00e1 na excel\u00eancia m\u00e9dica, conveni\u00eancia no uso do plano e m\u00e1xima seguran\u00e7a no cuidado com a sa\u00fade.<\/p>\n\t\t<\/div>\n\t\t\t<\/div>\n\n\t\n\n\t<div id=\"col-1134013957\" class=\"col medium-6 small-12 large-6\"  >\n\t\t<div class=\"col-inner\"  >\n\t\t\t\n\t\t\t\n\t<div class=\"img has-hover x md-x lg-x y md-y lg-y\" id=\"image_90001870\">\n\t\t\t\t\t\t\t\t<div class=\"img-inner dark\" >\n\t\t\t<img loading=\"lazy\" decoding=\"async\" width=\"1020\" height=\"661\" src=\"https:\/\/todosplanosdesaude.com.br\/amil\/wp-content\/uploads\/2026\/01\/amil-platinum.png\" class=\"attachment-large size-large\" alt=\"\" srcset=\"https:\/\/todosplanosdesaude.com.br\/amil\/wp-content\/uploads\/2026\/01\/amil-platinum.png 1024w, https:\/\/todosplanosdesaude.com.br\/amil\/wp-content\/uploads\/2026\/01\/amil-platinum-300x195.png 300w, https:\/\/todosplanosdesaude.com.br\/amil\/wp-content\/uploads\/2026\/01\/amil-platinum-768x498.png 768w\" sizes=\"auto, (max-width: 1020px) 100vw, 1020px\" \/>\t\t\t\t\t\t\n\t\t\t\t\t<\/div>\n\t\t\t\t\t\t\t\t\n<style>\n#image_90001870 {\n  width: 100%;\n}\n<\/style>\n\t<\/div>\n\t\n\t\t<\/div>\n\t\t\t<\/div>\n\n\t\n<\/div>\n<div class=\"row\"  id=\"row-2135866848\">\n\n\t<div id=\"col-1135306693\" class=\"col medium-6 small-12 large-6\"  >\n\t\t<div class=\"col-inner\"  >\n\t\t\t\n\t\t\t\n<div class=\"container section-title-container\" ><h3 class=\"section-title section-title-normal\"><b><\/b><span class=\"section-title-main\" >Plano Amil Platinum<\/span><b><\/b><\/h3><\/div>\n<p>O Plano Amil Platinum oferece cobertura ambulatorial e hospitalar conforme a segmenta\u00e7\u00e3o contratada, seguindo integralmente as normas da ANS, com acesso premium \u00e0 estrutura assistencial da Amil.<\/p>\n<p>O Plano Amil Platinum disponibiliza atendimento m\u00e9dico e hospitalar com rede credenciada altamente qualificada, servi\u00e7os ampliados e suporte assistencial completo para uma experi\u00eancia superior em sa\u00fade.<\/p>\n<div class=\"container section-title-container\" ><h3 class=\"section-title section-title-normal\"><b><\/b><span class=\"section-title-main\" >Diferenciais Amil Platinum<\/span><b><\/b><\/h3><\/div>\n<p>\n<i class=\"icon-checkmark\"><\/i> <strong>Rede credenciada premium:<\/strong> acesso a hospitais, cl\u00ednicas e laborat\u00f3rios de alto padr\u00e3o.<br \/>\n<i class=\"icon-checkmark\"><\/i> <strong>Alto n\u00edvel de cobertura:<\/strong> servi\u00e7os m\u00e9dicos mais completos em rela\u00e7\u00e3o aos planos Ouro.<br \/>\n<i class=\"icon-checkmark\"><\/i> <strong>Urg\u00eancia e emerg\u00eancia:<\/strong> atendimento garantido conforme regras contratuais e legisla\u00e7\u00e3o vigente.<br \/>\n<i class=\"icon-checkmark\"><\/i> <strong>Coparticipa\u00e7\u00e3o opcional:<\/strong> flexibilidade para adequar o plano ao perfil de utiliza\u00e7\u00e3o.<br \/>\n<i class=\"icon-checkmark\"><\/i> <strong>Gest\u00e3o Amil:<\/strong> padr\u00e3o m\u00e1ximo de qualidade, controle assistencial e solidez institucional.<\/p>\n\t\t<\/div>\n\t\t\t<\/div>\n\n\t\n<p><!-- nao editar daqui pra baixo --><\/p>\n\n\t<div id=\"col-2136776442\" class=\"col medium-6 small-12 large-6\"  >\n\t\t<div class=\"col-inner\"  >\n\t\t\t\n\t\t\t\n<div class=\"container section-title-container\" ><h3 class=\"section-title section-title-normal\"><b><\/b><span class=\"section-title-main\" >Modalidades de contrata\u00e7\u00e3o<\/span><b><\/b><\/h3><\/div>\n<p><strong>Hospitalar com Obstetr\u00edcia<\/strong><br \/>\n\u25aa Atendimento em Pronto Socorro (para urg\u00eancia e emerg\u00eancia);<br \/>\n\u25aa Cirurgias;<br \/>\n\u25aa Interna\u00e7\u00f5es hospitalares;<br \/>\n\u25aa Partos (inclui cobertura assistencial ao rec\u00e9m-nascido durante os primeiros 30 dias ap\u00f3s o parto).<\/p>\n<p><strong>Ambulatorial e Hospitalar com Obstetr\u00edcia<\/strong><br \/>\n\u25aa Consultas;<br \/>\n\u25aa Exames;<br \/>\n\u25aa Atendimento em Pronto Socorro;<br \/>\n\u25aa Cirurgias;<br \/>\n\u25aa Interna\u00e7\u00f5es hospitalares;<br \/>\n\u25aa Partos (inclui cobertura assistencial ao rec\u00e9m-nascido durante os primeiros 30 dias ap\u00f3s o parto)<\/p>\n<p style=\"font-size:15px\"><i class=\"icon-checkmark\"><\/i> Consultas e exames exclusivamente para gestantes, em acompanhamento pr\u00e9-natal;<br \/>\n<i class=\"icon-checkmark\"><\/i> Procedimentos especiais necess\u00e1rios para continuidade da assist\u00eancia prestada em n\u00edvel de interna\u00e7\u00e3o hospitalar, como: Hemodi\u00e1lises, quimioterapias, radioterapias, fisioterapias entre outros.<\/p>\n\t\t<\/div>\n\t\t\t<\/div>\n\n\t\n<\/div>\n<div class=\"row align-middle\"  id=\"row-516214079\">\n\n\t<div id=\"col-1282408015\" class=\"col medium-6 small-12 large-6\"  >\n\t\t<div class=\"col-inner\"  >\n\t\t\t\n\t\t\t\n\t<div class=\"img has-hover x md-x lg-x y md-y lg-y\" id=\"image_206490293\">\n\t\t\t\t\t\t\t\t<div class=\"img-inner dark\" >\n\t\t\t<img loading=\"lazy\" decoding=\"async\" width=\"720\" height=\"400\" src=\"https:\/\/todosplanosdesaude.com.br\/amil\/wp-content\/uploads\/2022\/04\/Rede-Credenciada-1.jpg\" class=\"attachment-large size-large\" alt=\"\" srcset=\"https:\/\/todosplanosdesaude.com.br\/amil\/wp-content\/uploads\/2022\/04\/Rede-Credenciada-1.jpg 720w, https:\/\/todosplanosdesaude.com.br\/amil\/wp-content\/uploads\/2022\/04\/Rede-Credenciada-1-300x167.jpg 300w\" sizes=\"auto, (max-width: 720px) 100vw, 720px\" \/>\t\t\t\t\t\t\n\t\t\t\t\t<\/div>\n\t\t\t\t\t\t\t\t\n<style>\n#image_206490293 {\n  width: 100%;\n}\n<\/style>\n\t<\/div>\n\t\n\t\t<\/div>\n\t\t\t<\/div>\n\n\t\n\n\t<div id=\"col-1983090730\" class=\"col medium-6 small-12 large-6\"  >\n\t\t<div class=\"col-inner\"  >\n\t\t\t\n\t\t\t\n<div class=\"container section-title-container\" ><h3 class=\"section-title section-title-normal\"><b><\/b><span class=\"section-title-main\" >REDE CREDENCIADA<\/span><b><\/b><\/h3><\/div>\n<p>Com uma rede que engloba mais de 1700 hospitais e mais de 6000 laborat\u00f3rios em todo o territ\u00f3rio nacional, a Amil se destaca como uma das primeiras escolhas para contrata\u00e7\u00e3o no mercado.<\/p>\n<p>Sua rede credenciada oferece cobertura nacional e \u00e9 composta por profissionais altamente qualificados.<\/p>\n<p>O processo de referenciamento \u00e9 meticuloso, visando a excel\u00eancia em qualidade e uma gest\u00e3o cont\u00ednua do desempenho da rede.<\/p>\n\t\t<\/div>\n\t\t\t<\/div>\n\n\t\n<\/div>\n\t\t<\/div>\n\n\t\t\n<style>\n#section_38542032 {\n  padding-top: 30px;\n  padding-bottom: 30px;\n}\n<\/style>\n\t<\/section>\n\t\n","protected":false},"excerpt":{"rendered":"","protected":false},"author":1,"featured_media":0,"parent":0,"menu_order":0,"comment_status":"closed","ping_status":"closed","template":"page-blank.php","meta":{"footnotes":""},"class_list":["post-7264","page","type-page","status-publish","hentry"],"yoast_head":"<!-- This site is optimized with the Yoast SEO plugin v25.3.1 - https:\/\/yoast.com\/wordpress\/plugins\/seo\/ -->\n<title>Amil Platinum - Plano de Sa\u00fade Amil<\/title>\n<meta name=\"robots\" content=\"index, follow, max-snippet:-1, max-image-preview:large, max-video-preview:-1\" \/>\n<link rel=\"canonical\" href=\"https:\/\/todosplanosdesaude.com.br\/amil\/amil-platinum\/\" \/>\n<meta property=\"og:locale\" content=\"en_US\" \/>\n<meta property=\"og:type\" content=\"article\" \/>\n<meta property=\"og:title\" content=\"Amil Platinum - Plano de Sa\u00fade Amil\" \/>\n<meta property=\"og:url\" content=\"https:\/\/todosplanosdesaude.com.br\/amil\/amil-platinum\/\" \/>\n<meta property=\"og:site_name\" content=\"Plano de Sa\u00fade Amil\" \/>\n<meta property=\"article:modified_time\" content=\"2026-01-19T18:43:11+00:00\" \/>\n<meta name=\"twitter:card\" content=\"summary_large_image\" \/>\n<meta name=\"twitter:label1\" content=\"Est. reading time\" \/>\n\t<meta name=\"twitter:data1\" content=\"2 minutes\" \/>\n<script type=\"application\/ld+json\" class=\"yoast-schema-graph\">{\"@context\":\"https:\/\/schema.org\",\"@graph\":[{\"@type\":\"WebPage\",\"@id\":\"https:\/\/todosplanosdesaude.com.br\/amil\/amil-platinum\/\",\"url\":\"https:\/\/todosplanosdesaude.com.br\/amil\/amil-platinum\/\",\"name\":\"Amil Platinum - Plano de Sa\u00fade Amil\",\"isPartOf\":{\"@id\":\"\/#website\"},\"datePublished\":\"2026-01-19T18:17:37+00:00\",\"dateModified\":\"2026-01-19T18:43:11+00:00\",\"breadcrumb\":{\"@id\":\"https:\/\/todosplanosdesaude.com.br\/amil\/amil-platinum\/#breadcrumb\"},\"inLanguage\":\"en-US\",\"potentialAction\":[{\"@type\":\"ReadAction\",\"target\":[\"https:\/\/todosplanosdesaude.com.br\/amil\/amil-platinum\/\"]}]},{\"@type\":\"BreadcrumbList\",\"@id\":\"https:\/\/todosplanosdesaude.com.br\/amil\/amil-platinum\/#breadcrumb\",\"itemListElement\":[{\"@type\":\"ListItem\",\"position\":1,\"name\":\"Home\",\"item\":\"https:\/\/todosplanosdesaude.com.br\/amil\/\"},{\"@type\":\"ListItem\",\"position\":2,\"name\":\"Amil Platinum\"}]},{\"@type\":\"WebSite\",\"@id\":\"\/#website\",\"url\":\"\/\",\"name\":\"Plano de Sa\u00fade Amil\",\"description\":\"\",\"potentialAction\":[{\"@type\":\"SearchAction\",\"target\":{\"@type\":\"EntryPoint\",\"urlTemplate\":\"\/?s={search_term_string}\"},\"query-input\":{\"@type\":\"PropertyValueSpecification\",\"valueRequired\":true,\"valueName\":\"search_term_string\"}}],\"inLanguage\":\"en-US\"}]}<\/script>\n<!-- \/ Yoast SEO plugin. -->","yoast_head_json":{"title":"Amil Platinum - Plano de Sa\u00fade Amil","robots":{"index":"index","follow":"follow","max-snippet":"max-snippet:-1","max-image-preview":"max-image-preview:large","max-video-preview":"max-video-preview:-1"},"canonical":"https:\/\/todosplanosdesaude.com.br\/amil\/amil-platinum\/","og_locale":"en_US","og_type":"article","og_title":"Amil Platinum - Plano de Sa\u00fade Amil","og_url":"https:\/\/todosplanosdesaude.com.br\/amil\/amil-platinum\/","og_site_name":"Plano de Sa\u00fade Amil","article_modified_time":"2026-01-19T18:43:11+00:00","twitter_card":"summary_large_image","twitter_misc":{"Est. reading time":"2 minutes"},"schema":{"@context":"https:\/\/schema.org","@graph":[{"@type":"WebPage","@id":"https:\/\/todosplanosdesaude.com.br\/amil\/amil-platinum\/","url":"https:\/\/todosplanosdesaude.com.br\/amil\/amil-platinum\/","name":"Amil Platinum - Plano de Sa\u00fade Amil","isPartOf":{"@id":"\/#website"},"datePublished":"2026-01-19T18:17:37+00:00","dateModified":"2026-01-19T18:43:11+00:00","breadcrumb":{"@id":"https:\/\/todosplanosdesaude.com.br\/amil\/amil-platinum\/#breadcrumb"},"inLanguage":"en-US","potentialAction":[{"@type":"ReadAction","target":["https:\/\/todosplanosdesaude.com.br\/amil\/amil-platinum\/"]}]},{"@type":"BreadcrumbList","@id":"https:\/\/todosplanosdesaude.com.br\/amil\/amil-platinum\/#breadcrumb","itemListElement":[{"@type":"ListItem","position":1,"name":"Home","item":"https:\/\/todosplanosdesaude.com.br\/amil\/"},{"@type":"ListItem","position":2,"name":"Amil Platinum"}]},{"@type":"WebSite","@id":"\/#website","url":"\/","name":"Plano de Sa\u00fade Amil","description":"","potentialAction":[{"@type":"SearchAction","target":{"@type":"EntryPoint","urlTemplate":"\/?s={search_term_string}"},"query-input":{"@type":"PropertyValueSpecification","valueRequired":true,"valueName":"search_term_string"}}],"inLanguage":"en-US"}]}},"_links":{"self":[{"href":"https:\/\/todosplanosdesaude.com.br\/amil\/wp-json\/wp\/v2\/pages\/7264","targetHints":{"allow":["GET"]}}],"collection":[{"href":"https:\/\/todosplanosdesaude.com.br\/amil\/wp-json\/wp\/v2\/pages"}],"about":[{"href":"https:\/\/todosplanosdesaude.com.br\/amil\/wp-json\/wp\/v2\/types\/page"}],"author":[{"embeddable":true,"href":"https:\/\/todosplanosdesaude.com.br\/amil\/wp-json\/wp\/v2\/users\/1"}],"replies":[{"embeddable":true,"href":"https:\/\/todosplanosdesaude.com.br\/amil\/wp-json\/wp\/v2\/comments?post=7264"}],"version-history":[{"count":0,"href":"https:\/\/todosplanosdesaude.com.br\/amil\/wp-json\/wp\/v2\/pages\/7264\/revisions"}],"wp:attachment":[{"href":"https:\/\/todosplanosdesaude.com.br\/amil\/wp-json\/wp\/v2\/media?parent=7264"}],"curies":[{"name":"wp","href":"https:\/\/api.w.org\/{rel}","templated":true}]}}