{"id":1015,"date":"2025-03-28T14:10:24","date_gmt":"2025-03-28T14:10:24","guid":{"rendered":"https:\/\/todosplanosdesaude.com.br\/bradesco-saude\/mato-grosso-do-sul\/"},"modified":"2025-03-28T16:00:28","modified_gmt":"2025-03-28T16:00:28","slug":"mato-grosso-do-sul","status":"publish","type":"page","link":"https:\/\/todosplanosdesaude.com.br\/bradesco-saude\/mato-grosso-do-sul\/","title":{"rendered":"Mato Grosso do Sul"},"content":{"rendered":"<div id=\"page-header-1380498928\" class=\"page-header-wrapper\">\n<div class=\"page-title dark featured-title\">\n<div class=\"page-title-inner container align-center flex-row medium-flex-wrap\">\n<div class=\"title-wrapper flex-col text-left medium-text-center\">\n<h1 class=\"entry-title mb-0\">Rede Credenciada Bradesco Sa\u00fade Mato Grosso do Sul<\/h1>\n<\/p>\n<\/div>\n<div class=\"title-content flex-col flex-right text-right medium-text-center\">\n<div class=\"title-breadcrumbs pb-half pt-half\"><\/div>\n<\/p>\n<\/div>\n<\/div>\n<\/div>\n<\/div>\n\t<section class=\"section\" id=\"section_302879582\">\n\t\t<div class=\"bg section-bg fill bg-fill  bg-loaded\" >\n\n\t\t\t\n\t\t\t\n\t\t\t\n\n\t\t<\/div>\n\n\t\t<div class=\"section-content relative\">\n\t\t\t\n<div class=\"row\"  id=\"row-682060181\">\n\n\t<div id=\"col-1681456504\" class=\"col small-12 large-12\"  >\n\t\t<div class=\"col-inner\"  >\n\t\t\t\n\t\t\t\n<table class=\"static small ta-c\">\n<tbody>\n<tr class=\"bgGray\">\n<td class=\"ta-c\" colspan=\"3\"><span class=\"fz-11\">EFETIVO IV (TNEW)<\/span><\/td>\n<\/tr>\n<tr class=\"bgGray\">\n<td class=\"ta-l\" colspan=\"3\"><strong>Hospitais<\/strong>\u00a0(17)<\/td>\n<\/tr>\n<tr>\n<td class=\"ta-l va-t\" colspan=\"1\">\n<div class=\"fz-7\"><strong>Campo Grande &#8211; Zona Central<\/strong><br \/>ASSOC AMPARO A MAT INFANCIA &#8211; H\/ M<br \/>PRONCOR &#8211; AMB\/ H\/ PS<br \/><strong>Campo Grande &#8211; Outras Regi\u00f5es<\/strong><br \/>HOSP ADVENTISTA DO PENFIGO &#8211; M<br \/><strong>Dourados &#8211; Outras Regi\u00f5es<\/strong><br \/>HOSPITAL EVANGELICO &#8211; AMB\/ H\/ M\/ PS<br \/>HOSPITAL SANTA RITA &#8211; AMB\/ H\/ M\/ PS<br \/><strong>Tr\u00eas Lagoas &#8211; Outras Regi\u00f5es<\/strong><br \/>INTERCLINICAS DAY HOSPITAL &#8211; AMB\/ H<\/div>\n<\/td>\n<td class=\"ta-l va-t\" colspan=\"1\">\n<div class=\"fz-7\">SOC. BENEF. DO HOSP. N. SRA. AUXILIADORA &#8211; AMB\/ H\/ M<br \/>SOC. BENEF. DO HOSP. N. SRA. AUXILIADORA &#8211; PS<br \/><strong>Aquidauana &#8211; Zona Central<\/strong><br \/>HOSPITAL CASSEMS DE AQUIDAUANA &#8211; AMB\/ H\/ M<br \/><strong>Aquidauana &#8211; Outras Regi\u00f5es<\/strong><br \/>ASSOC. AQUIDAUANENSE DE ASSIST. HOSPITALAR &#8211; H\/ PS<br \/><strong>Rio Brilhante &#8211; Zona Central<\/strong><br \/>ASSOC BENEF DE RIO BRILHANTE &#8211; AMB\/ H\/ M\/ PS<br \/><strong>Caarap\u00f3 &#8211; Zona Central<\/strong><br \/>HOSP BENEFICENTE SAO MATEUS &#8211; H\/ M\/ PS<\/div>\n<\/td>\n<td class=\"ta-l va-t\" colspan=\"1\">\n<div class=\"fz-7\"><strong>Amamba\u00ed &#8211; Zona Central<\/strong><br \/>CASA DE SAUDE D PROVIDENCIA &#8211; AMB\/ H<br \/><strong>Bataguassu &#8211; Zona Central<\/strong><br \/>IRM STA CASA MIS BATAGUASSU &#8211; AMB\/ H\/ M\/ PS<br \/><strong>Costa Rica &#8211; Outras Regi\u00f5es<\/strong><br \/>FUNDACAO HOSPITALAR &#8211; H<br \/><strong>Iguatemi &#8211; Zona Central<\/strong><br \/>HOSPITAL SAO JUDAS TADEU &#8211; H\/ M<br \/><strong>Parana\u00edba &#8211; Outras Regi\u00f5es<\/strong><br \/>STA CASA MIS DE PARANAIBA &#8211; AMB\/ H\/ M\/ PS<\/div>\n<\/td>\n<\/tr>\n<tr class=\"bgGray\">\n<td class=\"ta-c\" colspan=\"3\"><span class=\"fz-11\">EFETIVO IV (TNQW)<\/span>\u00a0(+ EFETIVO IV (TNEW))<\/td>\n<\/tr>\n<tr>\n<td class=\"ta-c\" colspan=\"3\"><span class=\"fz-9\">Mesma rede do plano anterior EFETIVO IV (TNEW)<\/span><\/td>\n<\/tr>\n<tr class=\"bgGray\">\n<td class=\"ta-c\" colspan=\"3\"><span class=\"fz-11\">FLEX (FECX)<\/span>\u00a0(+ EFETIVO IV (TNQW))<\/td>\n<\/tr>\n<tr class=\"bgGray\">\n<td class=\"ta-l\" colspan=\"3\"><strong>Hospitais<\/strong>\u00a0(6)<\/td>\n<\/tr>\n<tr>\n<td class=\"ta-l va-t\" colspan=\"1\">\n<div class=\"fz-7\"><strong>Campo Grande &#8211; Zona Central<\/strong><br \/>CLINICA DE CAMPO GRANDE &#8211; AMB\/ H\/ PS<br \/>HOSPITAL SIRIO LIBANES &#8211; H\/ M<br \/><strong>Dourados &#8211; Outras Regi\u00f5es<\/strong><br \/>HOSPITAL DO CORACAO &#8211; AMB\/ H\/ PS<\/div>\n<\/td>\n<td class=\"ta-l va-t\" colspan=\"1\">\n<div class=\"fz-7\"><strong>Corumb\u00e1 &#8211; Outras Regi\u00f5es<\/strong><br \/>HOSPITAL CASSEMS UNIDADE DE CORUMBA &#8211; AMB\/ H\/ PS<br \/><strong>Navira\u00ed &#8211; Outras Regi\u00f5es<\/strong><br \/>HOSP CASSEMS UNIDADE DE NAVIRAI &#8211; AMB\/ H<\/div>\n<\/td>\n<td class=\"ta-l va-t\" colspan=\"1\">\n<div class=\"fz-7\"><strong>Nova Andradina &#8211; Outras Regi\u00f5es<\/strong><br \/>HOSPITAL CASSEMS NOVA ANDRADINA &#8211; AMB\/ H\/ PS<\/div>\n<\/td>\n<\/tr>\n<tr class=\"bgGray\">\n<td class=\"ta-c\" colspan=\"3\"><span class=\"fz-11\">FLEX (FQCX)<\/span>\u00a0(+ FLEX (FECX))<\/td>\n<\/tr>\n<tr>\n<td class=\"ta-c\" colspan=\"3\"><span class=\"fz-9\">Mesma rede do plano anterior FLEX (FECX)<\/span><\/td>\n<\/tr>\n<tr class=\"bgGray\">\n<td class=\"ta-c\" colspan=\"3\"><span class=\"fz-11\">ENFERMARIA NACIONAL (TNEN)<\/span>\u00a0(+ FLEX (FQCX))<\/td>\n<\/tr>\n<tr class=\"bgGray\">\n<td class=\"ta-l\" colspan=\"3\"><strong>Hospitais<\/strong>\u00a0(7)<\/td>\n<\/tr>\n<tr>\n<td class=\"ta-l va-t\" colspan=\"1\">\n<div class=\"fz-7\"><strong>Campo Grande &#8211; Outras Regi\u00f5es<\/strong><br \/>HOSP ADVENTISTA DO PENFIGO &#8211; AMB\/ H\/ PS<br \/>HOSPITAL NOSSO LAR &#8211; AMB\/ H<br \/>HOSPITAL SANTA MARINA &#8211; H\/ PS<\/div>\n<\/td>\n<td class=\"ta-l va-t\" colspan=\"1\">\n<div class=\"fz-7\"><strong>Tr\u00eas Lagoas &#8211; Outras Regi\u00f5es<\/strong><br \/>HOSPITAL CASSEMS TRES LAGOAS &#8211; AMB\/ H\/ PS<br \/><strong>Navira\u00ed &#8211; Outras Regi\u00f5es<\/strong><br \/>HOSP CASSEMS UNIDADE DE NAVIRAI &#8211; PS<\/div>\n<\/td>\n<td class=\"ta-l va-t\" colspan=\"1\">\n<div class=\"fz-7\"><strong>Cassil\u00e2ndia &#8211; Zona Central<\/strong><br \/>HOSPITAL DE CLINICAS SAO LUCAS &#8211; H\/ M<br \/><strong>Mundo Novo &#8211; Zona Central<\/strong><br \/>HOSP BEN DR B DE MENEZES &#8211; H<\/div>\n<\/td>\n<\/tr>\n<tr class=\"bgGray\">\n<td class=\"ta-c\" colspan=\"3\"><span class=\"fz-11\">QUARTO NACIONAL (TNQN)<\/span>\u00a0(+ ENFERMARIA NACIONAL (TNEN))<\/td>\n<\/tr>\n<tr>\n<td class=\"ta-c\" colspan=\"3\"><span class=\"fz-9\">Mesma rede do plano anterior ENFERMARIA NACIONAL (TNEN)<\/span><\/td>\n<\/tr>\n<tr class=\"bgGray\">\n<td class=\"ta-c\" colspan=\"3\"><span class=\"fz-11\">QUARTO NACIONAL (TNM2)<\/span>\u00a0(+ QUARTO NACIONAL (TNQN))<\/td>\n<\/tr>\n<tr>\n<td class=\"ta-c\" colspan=\"3\"><span class=\"fz-9\">Mesma rede do plano anterior QUARTO NACIONAL (TNQN)<\/span><\/td>\n<\/tr>\n<tr class=\"bgGray\">\n<td class=\"ta-c\" colspan=\"3\"><span class=\"fz-11\">QUARTO NACIONAL (TNM3)<\/span>\u00a0(+ QUARTO NACIONAL (TNM2))<\/td>\n<\/tr>\n<tr>\n<td class=\"ta-c\" colspan=\"3\"><span class=\"fz-9\">Mesma rede do plano anterior QUARTO NACIONAL (TNM2)<\/span><\/td>\n<\/tr>\n<tr class=\"bgGray\">\n<td class=\"ta-c\" colspan=\"3\"><span class=\"fz-11\">NACIONAL PLUS (TPN4)<\/span>\u00a0(+ QUARTO NACIONAL (TNM3))<\/td>\n<\/tr>\n<tr>\n<td class=\"ta-c\" colspan=\"3\"><span class=\"fz-9\">Mesma rede do plano anterior QUARTO NACIONAL (TNM3)<\/span><\/td>\n<\/tr>\n<tr class=\"bgGray\">\n<td class=\"ta-c\" colspan=\"3\"><span class=\"fz-11\">NACIONAL PLUS (TPN6)<\/span>\u00a0(+ NACIONAL PLUS (TPN4))<\/td>\n<\/tr>\n<tr>\n<td class=\"ta-c\" colspan=\"3\"><span class=\"fz-9\">Mesma rede do plano anterior NACIONAL PLUS (TPN4)<\/span><\/td>\n<\/tr>\n<tr class=\"bgGray\">\n<td class=\"ta-c\" colspan=\"3\"><span class=\"fz-11\">NACIONAL PLUS (TPN8)<\/span>\u00a0(+ NACIONAL PLUS (TPN6))<\/td>\n<\/tr>\n<tr>\n<td class=\"ta-c\" colspan=\"3\"><span class=\"fz-9\">Mesma rede do plano anterior NACIONAL PLUS (TPN6)<\/span><\/td>\n<\/tr>\n<tr class=\"bgGray\">\n<td class=\"ta-c\" colspan=\"3\"><span class=\"fz-11\">PREMIUM CONCIERGE (TCN6)<\/span>\u00a0(+ NACIONAL PLUS (TPN8))<\/td>\n<\/tr>\n<tr>\n<td class=\"ta-c\" colspan=\"3\"><span class=\"fz-9\">Mesma rede do plano anterior NACIONAL PLUS (TPN8)<\/span><\/td>\n<\/tr>\n<tr class=\"bgGray\">\n<td class=\"ta-c\" colspan=\"3\"><span class=\"fz-11\">PREMIUM CONCIERGE (TCN8)<\/span>\u00a0(+ PREMIUM CONCIERGE (TCN6))<\/td>\n<\/tr>\n<tr>\n<td class=\"ta-c\" colspan=\"3\"><span class=\"fz-9\">Mesma rede do plano anterior PREMIUM CONCIERGE (TCN6)<\/span><\/td>\n<\/tr>\n<tr class=\"bgGray\">\n<td class=\"ta-c\" colspan=\"3\"><span class=\"fz-11\">PREMIUM CONCIERGE (TCNX)<\/span>\u00a0(+ PREMIUM CONCIERGE (TCN8))<\/td>\n<\/tr>\n<tr>\n<td class=\"ta-c\" colspan=\"3\"><span class=\"fz-9\">Mesma rede do plano anterior PREMIUM CONCIERGE (TCN8)<\/span><\/td>\n<\/tr>\n<\/tbody>\n<\/table>\n<p>\u00a0<\/p>\n<table class=\"static small\">\n<tbody>\n<tr class=\"bgGray\">\n<td class=\"ta-l\">Legendas<\/td>\n<\/tr>\n<tr>\n<td class=\"ta-l\">H &#8211; Interna\u00e7\u00e3o Eletiva, M &#8211; Maternidade, PS &#8211; Pronto Socorro, AMB &#8211; Ambulat\u00f3rio<\/td>\n<\/tr>\n<\/tbody>\n<\/table>\n\t\t<\/div>\n\t\t\t<\/div>\n\n\t\n<\/div>\n\t\t<\/div>\n\n\t\t\n<style>\n#section_302879582 {\n  padding-top: 30px;\n  padding-bottom: 30px;\n}\n<\/style>\n\t<\/section>\n\t\n<div class=\"message-box relative dark\" style=\"padding-top:15px;padding-bottom:15px;\"><div class=\"message-box-bg-image bg-fill fill\" ><\/div><div class=\"message-box-bg-overlay bg-fill fill\" ><\/div><div class=\"container relative\"><div class=\"inner last-reset\">\n<div class=\"row align-middle align-center\"  id=\"row-871942892\">\n\n\t<div id=\"col-2051044067\" class=\"col small-12 large-12\"  >\n\t\t<div class=\"col-inner\"  >\n\t\t\t\n\t\t\t\n<p style=\"text-align: center;\"><b>IMPORTANTE!<\/b> As informa\u00e7\u00f5es de redes credenciada contidas neste site, podem sofrer altera\u00e7\u00f5es a qualquer momento. Os produtos apresentados nesse site obedecem \u00e0 legisla\u00e7\u00e3o que regulamenta os seguros e \u00e0s condi\u00e7\u00f5es contratuais, que devem ser lidas previamente \u00e0 sua contrata\u00e7\u00e3o.<\/p>\n\t\t<\/div>\n\t\t\t<\/div>\n\n\t\n<\/div>\n<\/div><\/div><\/div>\n","protected":false},"excerpt":{"rendered":"<p>Rede Credenciada Bradesco Sa\u00fade<\/p>\n","protected":false},"author":0,"featured_media":0,"parent":0,"menu_order":0,"comment_status":"closed","ping_status":"closed","template":"page-blank.php","meta":{"footnotes":""},"class_list":["post-1015","page","type-page","status-publish","hentry"],"yoast_head":"<!-- This site is optimized with the Yoast SEO plugin v25.3.1 - https:\/\/yoast.com\/wordpress\/plugins\/seo\/ -->\n<title>Mato Grosso do Sul - Plano de Sa\u00fade Bradesco<\/title>\n<meta name=\"robots\" content=\"index, follow, max-snippet:-1, max-image-preview:large, max-video-preview:-1\" \/>\n<link rel=\"canonical\" href=\"https:\/\/todosplanosdesaude.com.br\/bradesco-saude\/mato-grosso-do-sul\/\" \/>\n<meta property=\"og:locale\" content=\"pt_BR\" \/>\n<meta property=\"og:type\" content=\"article\" \/>\n<meta property=\"og:title\" content=\"Mato Grosso do Sul - Plano de Sa\u00fade Bradesco\" \/>\n<meta property=\"og:description\" content=\"Rede Credenciada Bradesco Sa\u00fade\" \/>\n<meta property=\"og:url\" content=\"https:\/\/todosplanosdesaude.com.br\/bradesco-saude\/mato-grosso-do-sul\/\" \/>\n<meta property=\"og:site_name\" content=\"Plano de Sa\u00fade Bradesco\" \/>\n<meta property=\"article:modified_time\" content=\"2025-03-28T16:00:28+00:00\" \/>\n<meta name=\"twitter:card\" content=\"summary_large_image\" \/>\n<meta name=\"twitter:label1\" content=\"Est. tempo de leitura\" \/>\n\t<meta name=\"twitter:data1\" content=\"3 minutos\" \/>\n<script type=\"application\/ld+json\" class=\"yoast-schema-graph\">{\"@context\":\"https:\/\/schema.org\",\"@graph\":[{\"@type\":\"WebPage\",\"@id\":\"https:\/\/todosplanosdesaude.com.br\/bradesco-saude\/mato-grosso-do-sul\/\",\"url\":\"https:\/\/todosplanosdesaude.com.br\/bradesco-saude\/mato-grosso-do-sul\/\",\"name\":\"Mato Grosso do Sul - Plano de Sa\u00fade Bradesco\",\"isPartOf\":{\"@id\":\"https:\/\/todosplanosdesaude.com.br\/bradesco-saude\/#website\"},\"datePublished\":\"2025-03-28T14:10:24+00:00\",\"dateModified\":\"2025-03-28T16:00:28+00:00\",\"breadcrumb\":{\"@id\":\"https:\/\/todosplanosdesaude.com.br\/bradesco-saude\/mato-grosso-do-sul\/#breadcrumb\"},\"inLanguage\":\"pt-BR\",\"potentialAction\":[{\"@type\":\"ReadAction\",\"target\":[\"https:\/\/todosplanosdesaude.com.br\/bradesco-saude\/mato-grosso-do-sul\/\"]}]},{\"@type\":\"BreadcrumbList\",\"@id\":\"https:\/\/todosplanosdesaude.com.br\/bradesco-saude\/mato-grosso-do-sul\/#breadcrumb\",\"itemListElement\":[{\"@type\":\"ListItem\",\"position\":1,\"name\":\"Home\",\"item\":\"https:\/\/todosplanosdesaude.com.br\/bradesco-saude\/\"},{\"@type\":\"ListItem\",\"position\":2,\"name\":\"Mato Grosso do Sul\"}]},{\"@type\":\"WebSite\",\"@id\":\"https:\/\/todosplanosdesaude.com.br\/bradesco-saude\/#website\",\"url\":\"https:\/\/todosplanosdesaude.com.br\/bradesco-saude\/\",\"name\":\"Plano de Sa\u00fade Bradesco\",\"description\":\"\",\"potentialAction\":[{\"@type\":\"SearchAction\",\"target\":{\"@type\":\"EntryPoint\",\"urlTemplate\":\"https:\/\/todosplanosdesaude.com.br\/bradesco-saude\/?s={search_term_string}\"},\"query-input\":{\"@type\":\"PropertyValueSpecification\",\"valueRequired\":true,\"valueName\":\"search_term_string\"}}],\"inLanguage\":\"pt-BR\"}]}<\/script>\n<!-- \/ Yoast SEO plugin. -->","yoast_head_json":{"title":"Mato Grosso do Sul - Plano de Sa\u00fade Bradesco","robots":{"index":"index","follow":"follow","max-snippet":"max-snippet:-1","max-image-preview":"max-image-preview:large","max-video-preview":"max-video-preview:-1"},"canonical":"https:\/\/todosplanosdesaude.com.br\/bradesco-saude\/mato-grosso-do-sul\/","og_locale":"pt_BR","og_type":"article","og_title":"Mato Grosso do Sul - Plano de Sa\u00fade Bradesco","og_description":"Rede Credenciada Bradesco Sa\u00fade","og_url":"https:\/\/todosplanosdesaude.com.br\/bradesco-saude\/mato-grosso-do-sul\/","og_site_name":"Plano de Sa\u00fade Bradesco","article_modified_time":"2025-03-28T16:00:28+00:00","twitter_card":"summary_large_image","twitter_misc":{"Est. tempo de leitura":"3 minutos"},"schema":{"@context":"https:\/\/schema.org","@graph":[{"@type":"WebPage","@id":"https:\/\/todosplanosdesaude.com.br\/bradesco-saude\/mato-grosso-do-sul\/","url":"https:\/\/todosplanosdesaude.com.br\/bradesco-saude\/mato-grosso-do-sul\/","name":"Mato Grosso do Sul - Plano de Sa\u00fade Bradesco","isPartOf":{"@id":"https:\/\/todosplanosdesaude.com.br\/bradesco-saude\/#website"},"datePublished":"2025-03-28T14:10:24+00:00","dateModified":"2025-03-28T16:00:28+00:00","breadcrumb":{"@id":"https:\/\/todosplanosdesaude.com.br\/bradesco-saude\/mato-grosso-do-sul\/#breadcrumb"},"inLanguage":"pt-BR","potentialAction":[{"@type":"ReadAction","target":["https:\/\/todosplanosdesaude.com.br\/bradesco-saude\/mato-grosso-do-sul\/"]}]},{"@type":"BreadcrumbList","@id":"https:\/\/todosplanosdesaude.com.br\/bradesco-saude\/mato-grosso-do-sul\/#breadcrumb","itemListElement":[{"@type":"ListItem","position":1,"name":"Home","item":"https:\/\/todosplanosdesaude.com.br\/bradesco-saude\/"},{"@type":"ListItem","position":2,"name":"Mato Grosso do Sul"}]},{"@type":"WebSite","@id":"https:\/\/todosplanosdesaude.com.br\/bradesco-saude\/#website","url":"https:\/\/todosplanosdesaude.com.br\/bradesco-saude\/","name":"Plano de Sa\u00fade Bradesco","description":"","potentialAction":[{"@type":"SearchAction","target":{"@type":"EntryPoint","urlTemplate":"https:\/\/todosplanosdesaude.com.br\/bradesco-saude\/?s={search_term_string}"},"query-input":{"@type":"PropertyValueSpecification","valueRequired":true,"valueName":"search_term_string"}}],"inLanguage":"pt-BR"}]}},"_links":{"self":[{"href":"https:\/\/todosplanosdesaude.com.br\/bradesco-saude\/wp-json\/wp\/v2\/pages\/1015","targetHints":{"allow":["GET"]}}],"collection":[{"href":"https:\/\/todosplanosdesaude.com.br\/bradesco-saude\/wp-json\/wp\/v2\/pages"}],"about":[{"href":"https:\/\/todosplanosdesaude.com.br\/bradesco-saude\/wp-json\/wp\/v2\/types\/page"}],"replies":[{"embeddable":true,"href":"https:\/\/todosplanosdesaude.com.br\/bradesco-saude\/wp-json\/wp\/v2\/comments?post=1015"}],"version-history":[{"count":1,"href":"https:\/\/todosplanosdesaude.com.br\/bradesco-saude\/wp-json\/wp\/v2\/pages\/1015\/revisions"}],"predecessor-version":[{"id":1048,"href":"https:\/\/todosplanosdesaude.com.br\/bradesco-saude\/wp-json\/wp\/v2\/pages\/1015\/revisions\/1048"}],"wp:attachment":[{"href":"https:\/\/todosplanosdesaude.com.br\/bradesco-saude\/wp-json\/wp\/v2\/media?parent=1015"}],"curies":[{"name":"wp","href":"https:\/\/api.w.org\/{rel}","templated":true}]}}