{"id":1027,"date":"2025-03-28T14:10:25","date_gmt":"2025-03-28T14:10:25","guid":{"rendered":"https:\/\/todosplanosdesaude.com.br\/bradesco-saude\/santa-catarina\/"},"modified":"2025-03-28T16:05:17","modified_gmt":"2025-03-28T16:05:17","slug":"santa-catarina","status":"publish","type":"page","link":"https:\/\/todosplanosdesaude.com.br\/bradesco-saude\/santa-catarina\/","title":{"rendered":"Santa Catarina"},"content":{"rendered":"<div id=\"page-header-1380498928\" class=\"page-header-wrapper\">\n<div class=\"page-title dark featured-title\">\n<div class=\"page-title-inner container align-center flex-row medium-flex-wrap\">\n<div class=\"title-wrapper flex-col text-left medium-text-center\">\n<h1 class=\"entry-title mb-0\">Rede Credenciada Bradesco Sa\u00fade Santa Catarina<\/h1>\n<\/p>\n<\/div>\n<div class=\"title-content flex-col flex-right text-right medium-text-center\">\n<div class=\"title-breadcrumbs pb-half pt-half\"><\/div>\n<\/p>\n<\/div>\n<\/div>\n<\/div>\n<\/div>\n\t<section class=\"section\" id=\"section_928340563\">\n\t\t<div class=\"bg section-bg fill bg-fill  bg-loaded\" >\n\n\t\t\t\n\t\t\t\n\t\t\t\n\n\t\t<\/div>\n\n\t\t<div class=\"section-content relative\">\n\t\t\t\n<div class=\"row\"  id=\"row-2066958363\">\n\n\t<div id=\"col-1857646701\" class=\"col small-12 large-12\"  >\n\t\t<div class=\"col-inner\"  >\n\t\t\t\n\t\t\t\n<table class=\"static small ta-c\">\n<tbody>\n<tr class=\"bgGray\">\n<td class=\"ta-c\" colspan=\"3\"><span class=\"fz-11\">EFETIVO IV (TNEW)<\/span><\/td>\n<\/tr>\n<tr class=\"bgGray\">\n<td class=\"ta-l\" colspan=\"3\"><strong>Hospitais<\/strong>\u00a0(51)<\/td>\n<\/tr>\n<tr>\n<td class=\"ta-l va-t\" colspan=\"1\">\n<div class=\"fz-7\"><strong>Joinville &#8211; Outras Regi\u00f5es<\/strong><br \/>HOSP. DONA HELENA &#8211; AMB\/ H\/ M\/ PS<br \/>HOSPITAL DE OLHOS SADALLA AMIN GHANEM &#8211; AMB\/ H<br \/><strong>Florian\u00f3polis &#8211; Outras Regi\u00f5es<\/strong><br \/>ARCO IRIS &#8211; AMB\/ H\/ PS<br \/>CAMINHO DO SOL &#8211; AMB\/ H<br \/>CLINICA J A CARPEGGIANI &#8211; AMB\/ H<br \/>CLIN. SANTA HELENA LTDA &#8211; AMB\/ H\/ M\/ PS<br \/>COF &#8211; AMB\/ H\/ PS<br \/>IOT I ORTOP TRAUMATO FPOLIS &#8211; AMB\/ H\/ PS<br \/>ORTOCLINI CL ORT TRAUMAT &#8211; AMB\/ H\/ PS<br \/><strong>Blumenau &#8211; Outras Regi\u00f5es<\/strong><br \/>FUND HOSPITALAR DE BLUMENAU &#8211; AMB\/ H\/ M<br \/>HOSP. SANTA ISABEL &#8211; H\/ M\/ PS<br \/><strong>S\u00e3o Jos\u00e9 &#8211; Outras Regi\u00f5es<\/strong><br \/>CLINICA DA CRIANCA &#8211; AMB\/ H\/ PS<br \/>INSTITUTO SAO JOSE &#8211; AMB\/ H<br \/><strong>Crici\u00fama &#8211; Outras Regi\u00f5es<\/strong><br \/>HOSP. S\u00c3O JOSE &#8211; AMB\/ H\/ PS<br \/><strong>Chapec\u00f3 &#8211; Outras Regi\u00f5es<\/strong><br \/>HOSPITAL REGIONAL DO OESTE &#8211; AMB\/ H\/ M\/ PS<br \/><strong>Itaja\u00ed &#8211; Outras Regi\u00f5es<\/strong><br \/>HOSPITAL UNIVERSIT\u00c1RIO UNIVALI &#8211; H\/ PS<br \/>HOSP. MAT. MARIETA KONDER BORNHAUSEN &#8211; H<br \/><strong>Jaragu\u00e1 do Sul &#8211; Outras Regi\u00f5es<\/strong><br \/>ASSOCIAC\u00c3O HOSPITALAR S\u00c3O JOS\u00c9 DE JARAGU\u00c1 DO SUL &#8211; AMB\/ H<br \/>HOSP. E MATERNIDADE JARAGUA &#8211; AMB\/ H\/ M\/ PS<br \/><strong>Lages &#8211; Outras Regi\u00f5es<\/strong><br \/>HOSP. DE CL\u00cdNICA BERMIRO SAGGIORATTO LTDA &#8211; H\/ M\/ PS<\/div>\n<\/td>\n<td class=\"ta-l va-t\" colspan=\"1\">\n<div class=\"fz-7\"><strong>Palho\u00e7a &#8211; Outras Regi\u00f5es<\/strong><br \/>CIENCIA &#8211; AMB\/ H\/ PS<br \/>POLICLINICA S\u00c3O LUCAS &#8211; AMB\/ H\/ M\/ PS<br \/><strong>Balne\u00e1rio Cambori\u00fa &#8211; Outras Regi\u00f5es<\/strong><br \/>HOSP DE OLHOS STA CATARINA &#8211; AMB\/ H\/ PS<br \/>HOSP. DO CORA\u00c7\u00c3O BAL CAMBORIU &#8211; H\/ PS<br \/>HOSPITAL E MATERNIDADE SANTA LUIZA &#8211; H\/ M\/ PS<br \/><strong>Brusque &#8211; Outras Regi\u00f5es<\/strong><br \/>IMIGRANTES HOSPITAL E MATERNIDADE &#8211; H<br \/><strong>Tubar\u00e3o &#8211; Outras Regi\u00f5es<\/strong><br \/>HOSP. N. S. DA CONCEI\u00c7\u00c3O &#8211; AMB\/ H\/ M\/ PS<br \/>PRO VIDA &#8211; AMB\/ H\/ PS<br \/>HOSPITAL SOCIMED &#8211; AMB\/ H\/ M\/ PS<br \/><strong>Cambori\u00fa &#8211; Outras Regi\u00f5es<\/strong><br \/>CLINICA BEM VIVER &#8211; AMB\/ H<br \/><strong>Rio do Sul &#8211; Outras Regi\u00f5es<\/strong><br \/>HOSPITAL E MATER SAMARIA &#8211; H\/ PS<br \/><strong>Agrol\u00e2ndia &#8211; Outras Regi\u00f5es<\/strong><br \/>HOSPITAL E MATERN AGROLANDIA &#8211; H<br \/><strong>Bom Retiro &#8211; Outras Regi\u00f5es<\/strong><br \/>HOSPITAL NOSSA SENHORA DAS GRACAS &#8211; H\/ PS<br \/><strong>Campos Novos &#8211; Outras Regi\u00f5es<\/strong><br \/>HOSPITAL DR JOSE ATHANASIO &#8211; H\/ PS<br \/><strong>Canoinhas &#8211; Outras Regi\u00f5es<\/strong><br \/>HOSP. SANTA CRUZ DE CANOINHAS &#8211; AMB\/ H\/ M\/ PS<br \/><strong>Curitibanos &#8211; Outras Regi\u00f5es<\/strong><br \/>HOSPITAL HELIO ANJOS ORTIZ &#8211; AMB\/ H\/ PS<br \/><strong>Indaial &#8211; Outras Regi\u00f5es<\/strong><br \/>HOSP. BEATRIZ RAMOS &#8211; AMB\/ H\/ M<\/div>\n<\/td>\n<td class=\"ta-l va-t\" colspan=\"1\">\n<div class=\"fz-7\"><strong>Ituporanga &#8211; Outras Regi\u00f5es<\/strong><br \/>HOSP. BOM JESUS &#8211; AMB\/ H\/ PS<br \/><strong>Joa\u00e7aba &#8211; Outras Regi\u00f5es<\/strong><br \/>HOSP. E MATER S\u00c3O MIGUEL &#8211; H\/ M<br \/><strong>Mafra &#8211; Outras Regi\u00f5es<\/strong><br \/>HOSP. S\u00c3O VICENTE DE PAULO &#8211; AMB\/ H\/ PS<br \/><strong>Orleans &#8211; Outras Regi\u00f5es<\/strong><br \/>HOSPITAL MUN SANTA OTILIA &#8211; AMB\/ H\/ PS<br \/><strong>Pomerode &#8211; Outras Regi\u00f5es<\/strong><br \/>HOSP. E MAT. RIO DO TESTO &#8211; AMB\/ H\/ M<br \/><strong>Porto Uni\u00e3o &#8211; Outras Regi\u00f5es<\/strong><br \/>HOSP. DE CARIDADE S BRAZ &#8211; H\/ PS<br \/><strong>Pouso Redondo &#8211; Outras Regi\u00f5es<\/strong><br \/>SOC H COM ANNEGRET NEITZKE &#8211; H\/ PS<br \/><strong>Presidente Get\u00falio &#8211; Outras Regi\u00f5es<\/strong><br \/>HOSP MAT MARIA AUXILIADORA &#8211; AMB\/ H\/ PS<br \/><strong>Rio dos Cedros &#8211; Outras Regi\u00f5es<\/strong><br \/>FUND HOSP. DE RIO DOS CEDROS &#8211; &#8211; H\/ PS<br \/><strong>Rio Negrinho &#8211; Outras Regi\u00f5es<\/strong><br \/>FUND HOSP. RIO NEGRINHO &#8211; AMB\/ H\/ PS<br \/><strong>Tangar\u00e1 &#8211; Outras Regi\u00f5es<\/strong><br \/>HOSPITAL SAO LUCAS. &#8211; AMB\/ H<br \/><strong>Tijucas &#8211; Outras Regi\u00f5es<\/strong><br \/>HOSP S JOSE E M CHIQUINHA GALLOTTI &#8211; AMB\/ H\/ M<br \/><strong>Urussanga &#8211; Outras Regi\u00f5es<\/strong><br \/>HOSPITAL N S DA CONCEICAO &#8211; AMB\/ H\/ M\/ PS<br \/><strong>Xanxer\u00ea &#8211; Outras Regi\u00f5es<\/strong><br \/>HOSP. REG S\u00c3O PAULO ASSEC &#8211; H\/ M\/ PS<\/div>\n<\/td>\n<\/tr>\n<tr class=\"bgGray\">\n<td class=\"ta-c\" colspan=\"3\"><span class=\"fz-11\">EFETIVO IV (TNQW)<\/span>\u00a0(+ EFETIVO IV (TNEW))<\/td>\n<\/tr>\n<tr>\n<td class=\"ta-c\" colspan=\"3\"><span class=\"fz-9\">Mesma rede do plano anterior EFETIVO IV (TNEW)<\/span><\/td>\n<\/tr>\n<tr class=\"bgGray\">\n<td class=\"ta-c\" colspan=\"3\"><span class=\"fz-11\">FLEX (FECX)<\/span>\u00a0(+ EFETIVO IV (TNQW))<\/td>\n<\/tr>\n<tr class=\"bgGray\">\n<td class=\"ta-l\" colspan=\"3\"><strong>Hospitais<\/strong>\u00a0(22)<\/td>\n<\/tr>\n<tr>\n<td class=\"ta-l va-t\" colspan=\"1\">\n<div class=\"fz-7\"><strong>Joinville &#8211; Outras Regi\u00f5es<\/strong><br \/>IOT JOINVILLE &#8211; AMB\/ H\/ PS<br \/><strong>Florian\u00f3polis &#8211; Outras Regi\u00f5es<\/strong><br \/>CLINICA REVITALLE &#8211; AMB\/ H<br \/>IMPERIAL HOSPITAL DE CARIDADE &#8211; H\/ PS<br \/>SOS C\u00c1RDIO &#8211; AMB\/ H\/ PS<br \/>ULTRALITHO CENTRO MEDICO &#8211; AMB\/ H\/ M<br \/>COF &#8211; PS<br \/>ILHA HOSPITAL E MATERNIDADE &#8211; AMB\/ H\/ M<br \/>IOT I ORTOP TRAUMATO FPOLIS &#8211; PS<br \/>ORTOCLINI CL ORT TRAUMAT &#8211; PS<br \/><strong>Blumenau &#8211; Zona Sul<\/strong><br \/>HOSPITAL SANTA CATARINA &#8211; AMB\/ H\/ M\/ PS<\/div>\n<\/td>\n<td class=\"ta-l va-t\" colspan=\"1\">\n<div class=\"fz-7\"><strong>Crici\u00fama &#8211; Outras Regi\u00f5es<\/strong><br \/>HOSP. S\u00c3O JO\u00c3O BATISTA. LTDA &#8211; AMB\/ H\/ PS<br \/><strong>Itaja\u00ed &#8211; Outras Regi\u00f5es<\/strong><br \/>HOSP. MAT. MARIETA KONDER BORNHAUSEN &#8211; H\/ PS<br \/><strong>Palho\u00e7a &#8211; Outras Regi\u00f5es<\/strong><br \/>POLICLINICA S\u00c3O LUCAS &#8211; AMB\/ H\/ M<br \/><strong>Brusque &#8211; Outras Regi\u00f5es<\/strong><br \/>HOSP. DE AZAMBUJA &#8211; AMB\/ H\/ PS<br \/><strong>Tubar\u00e3o &#8211; Outras Regi\u00f5es<\/strong><br \/>HOSPITAL SOCIMED &#8211; H<br \/><strong>Ca\u00e7ador &#8211; Outras Regi\u00f5es<\/strong><br \/>HOSPITAL MAICE &#8211; AMB\/ H\/ PS<br \/><strong>Rio do Sul &#8211; Outras Regi\u00f5es<\/strong><br \/>FUSAVI &#8211; H\/ M<\/div>\n<\/td>\n<td class=\"ta-l va-t\" colspan=\"1\">\n<div class=\"fz-7\"><strong>Itai\u00f3polis &#8211; Outras Regi\u00f5es<\/strong><br \/>FUND HOSP MUNICIPAL SANTO ANTONIO &#8211; AMB\/ H\/ PS<br \/><strong>Penha &#8211; Outras Regi\u00f5es<\/strong><br \/>ESTANCIA GRADIVA CTO DE REABILITACAO SOCIAL &#8211; AMB\/ H<br \/><strong>Santo Amaro da Imperatriz &#8211; Outras Regi\u00f5es<\/strong><br \/>SOC H S FRANCISCO DE ASSIS &#8211; AMB\/ H<br \/><strong>Timb\u00f3 &#8211; Outras Regi\u00f5es<\/strong><br \/>HOSP. E MAT. OASE &#8211; H<br \/><strong>Videira &#8211; Outras Regi\u00f5es<\/strong><br \/>HOSPITAL DIVINO SALVADOR &#8211; AMB\/ H\/ PS<\/div>\n<\/td>\n<\/tr>\n<tr class=\"bgGray\">\n<td class=\"ta-c\" colspan=\"3\"><span class=\"fz-11\">FLEX (FQCX)<\/span>\u00a0(+ FLEX (FECX))<\/td>\n<\/tr>\n<tr>\n<td class=\"ta-c\" colspan=\"3\"><span class=\"fz-9\">Mesma rede do plano anterior FLEX (FECX)<\/span><\/td>\n<\/tr>\n<tr class=\"bgGray\">\n<td class=\"ta-c\" colspan=\"3\"><span class=\"fz-11\">ENFERMARIA NACIONAL (TNEN)<\/span>\u00a0(+ FLEX (FQCX))<\/td>\n<\/tr>\n<tr class=\"bgGray\">\n<td class=\"ta-l\" colspan=\"3\"><strong>Hospitais<\/strong>\u00a0(9)<\/td>\n<\/tr>\n<tr>\n<td class=\"ta-l va-t\" colspan=\"1\">\n<div class=\"fz-7\"><strong>Joinville &#8211; Outras Regi\u00f5es<\/strong><br \/>HOSP E MATERNIDADE BETHESDA &#8211; AMB\/ H\/ PS<br \/><strong>Florian\u00f3polis &#8211; Outras Regi\u00f5es<\/strong><br \/>CASA DE SA\u00daDE S\u00c3O SEBASTI\u00c3O &#8211; H\/ M<br \/>ILHA HOSPITAL E MATERNIDADE &#8211; AMB\/ H\/ M\/ PS<br \/>MATERN DR CARLOS CORREA &#8211; H<\/div>\n<\/td>\n<td class=\"ta-l va-t\" colspan=\"1\">\n<div class=\"fz-7\"><strong>Blumenau &#8211; Outras Regi\u00f5es<\/strong><br \/>SOC BENEF MISER VL ITOUPAVA &#8211; H<br \/><strong>Lages &#8211; Outras Regi\u00f5es<\/strong><br \/>HOSP. INFANTIL SEARA DO BEM &#8211; H\/ PS<br \/><strong>Brusque &#8211; Outras Regi\u00f5es<\/strong><br \/>IMIGRANTES HOSPITAL E MATERNIDADE &#8211; H\/ PS<\/div>\n<\/td>\n<td class=\"ta-l va-t\" colspan=\"1\">\n<div class=\"fz-7\"><strong>Bra\u00e7o do Norte &#8211; Outras Regi\u00f5es<\/strong><br \/>HOSPITAL SANTA TERESINHA &#8211; H\/ M\/ PS<br \/><strong>Capinzal &#8211; Outras Regi\u00f5es<\/strong><br \/>HOSPITAL NOSSA SENHORA DAS DORES &#8211; AMB\/ H\/ PS<\/div>\n<\/td>\n<\/tr>\n<tr class=\"bgGray\">\n<td class=\"ta-c\" colspan=\"3\"><span class=\"fz-11\">QUARTO NACIONAL (TNQN)<\/span>\u00a0(+ ENFERMARIA NACIONAL (TNEN))<\/td>\n<\/tr>\n<tr>\n<td class=\"ta-c\" colspan=\"3\"><span class=\"fz-9\">Mesma rede do plano anterior ENFERMARIA NACIONAL (TNEN)<\/span><\/td>\n<\/tr>\n<tr class=\"bgGray\">\n<td class=\"ta-c\" colspan=\"3\"><span class=\"fz-11\">QUARTO NACIONAL (TNM2)<\/span>\u00a0(+ QUARTO NACIONAL (TNQN))<\/td>\n<\/tr>\n<tr>\n<td class=\"ta-c\" colspan=\"3\"><span class=\"fz-9\">Mesma rede do plano anterior QUARTO NACIONAL (TNQN)<\/span><\/td>\n<\/tr>\n<tr class=\"bgGray\">\n<td class=\"ta-c\" colspan=\"3\"><span class=\"fz-11\">QUARTO NACIONAL (TNM3)<\/span>\u00a0(+ QUARTO NACIONAL (TNM2))<\/td>\n<\/tr>\n<tr>\n<td class=\"ta-c\" colspan=\"3\"><span class=\"fz-9\">Mesma rede do plano anterior QUARTO NACIONAL (TNM2)<\/span><\/td>\n<\/tr>\n<tr class=\"bgGray\">\n<td class=\"ta-c\" colspan=\"3\"><span class=\"fz-11\">NACIONAL PLUS (TPN4)<\/span>\u00a0(+ QUARTO NACIONAL (TNM3))<\/td>\n<\/tr>\n<tr class=\"bgGray\">\n<td class=\"ta-l\" colspan=\"3\"><strong>Hospitais<\/strong>\u00a0(1)<\/td>\n<\/tr>\n<tr>\n<td class=\"ta-l va-t\" colspan=\"1\">\n<div class=\"fz-7\"><strong>Brusque &#8211; Outras Regi\u00f5es<\/strong><br \/>IMIGRANTES HOSPITAL E MATERNIDADE &#8211; AMB\/ H\/ PS<\/div>\n<\/td>\n<td colspan=\"2\">\u00a0<\/td>\n<\/tr>\n<tr class=\"bgGray\">\n<td class=\"ta-c\" colspan=\"3\"><span class=\"fz-11\">NACIONAL PLUS (TPN6)<\/span>\u00a0(+ NACIONAL PLUS (TPN4))<\/td>\n<\/tr>\n<tr>\n<td class=\"ta-c\" colspan=\"3\"><span class=\"fz-9\">Mesma rede do plano anterior NACIONAL PLUS (TPN4)<\/span><\/td>\n<\/tr>\n<tr class=\"bgGray\">\n<td class=\"ta-c\" colspan=\"3\"><span class=\"fz-11\">NACIONAL PLUS (TPN8)<\/span>\u00a0(+ NACIONAL PLUS (TPN6))<\/td>\n<\/tr>\n<tr>\n<td class=\"ta-c\" colspan=\"3\"><span class=\"fz-9\">Mesma rede do plano anterior NACIONAL PLUS (TPN6)<\/span><\/td>\n<\/tr>\n<\/tbody>\n<\/table>\n<p>\u00a0<\/p>\n<table class=\"static small\">\n<tbody>\n<tr class=\"bgGray\">\n<td class=\"ta-l\">Legendas<\/td>\n<\/tr>\n<tr>\n<td class=\"ta-l\">AMB &#8211; Ambulat\u00f3rio, H &#8211; Interna\u00e7\u00e3o Eletiva, PS &#8211; Pronto Socorro, M &#8211; Maternidade<\/td>\n<\/tr>\n<\/tbody>\n<\/table>\n\t\t<\/div>\n\t\t\t<\/div>\n\n\t\n<\/div>\n\t\t<\/div>\n\n\t\t\n<style>\n#section_928340563 {\n  padding-top: 30px;\n  padding-bottom: 30px;\n}\n<\/style>\n\t<\/section>\n\t\n<div class=\"message-box relative dark\" style=\"padding-top:15px;padding-bottom:15px;\"><div class=\"message-box-bg-image bg-fill fill\" ><\/div><div class=\"message-box-bg-overlay bg-fill fill\" ><\/div><div class=\"container relative\"><div class=\"inner last-reset\">\n<div class=\"row align-middle align-center\"  id=\"row-676182134\">\n\n\t<div id=\"col-1656732326\" class=\"col small-12 large-12\"  >\n\t\t<div class=\"col-inner\"  >\n\t\t\t\n\t\t\t\n<p style=\"text-align: center;\"><b>IMPORTANTE!<\/b> As informa\u00e7\u00f5es de redes credenciada contidas neste site, podem sofrer altera\u00e7\u00f5es a qualquer momento. Os produtos apresentados nesse site obedecem \u00e0 legisla\u00e7\u00e3o que regulamenta os seguros e \u00e0s condi\u00e7\u00f5es contratuais, que devem ser lidas previamente \u00e0 sua contrata\u00e7\u00e3o.<\/p>\n\t\t<\/div>\n\t\t\t<\/div>\n\n\t\n<\/div>\n<\/div><\/div><\/div>\n","protected":false},"excerpt":{"rendered":"<p>Rede Credenciada Bradesco Sa\u00fade<\/p>\n","protected":false},"author":0,"featured_media":0,"parent":0,"menu_order":0,"comment_status":"closed","ping_status":"closed","template":"page-blank.php","meta":{"footnotes":""},"class_list":["post-1027","page","type-page","status-publish","hentry"],"yoast_head":"<!-- This site is optimized with the Yoast SEO plugin v25.3.1 - https:\/\/yoast.com\/wordpress\/plugins\/seo\/ -->\n<title>Santa Catarina - Plano de Sa\u00fade Bradesco<\/title>\n<meta name=\"robots\" content=\"index, follow, max-snippet:-1, max-image-preview:large, max-video-preview:-1\" \/>\n<link rel=\"canonical\" href=\"https:\/\/todosplanosdesaude.com.br\/bradesco-saude\/santa-catarina\/\" \/>\n<meta property=\"og:locale\" content=\"pt_BR\" \/>\n<meta property=\"og:type\" content=\"article\" \/>\n<meta property=\"og:title\" content=\"Santa Catarina - Plano de Sa\u00fade Bradesco\" \/>\n<meta property=\"og:description\" content=\"Rede Credenciada Bradesco Sa\u00fade\" \/>\n<meta property=\"og:url\" content=\"https:\/\/todosplanosdesaude.com.br\/bradesco-saude\/santa-catarina\/\" \/>\n<meta property=\"og:site_name\" content=\"Plano de Sa\u00fade Bradesco\" \/>\n<meta property=\"article:modified_time\" content=\"2025-03-28T16:05:17+00:00\" \/>\n<meta name=\"twitter:card\" content=\"summary_large_image\" \/>\n<meta name=\"twitter:label1\" content=\"Est. tempo de leitura\" \/>\n\t<meta name=\"twitter:data1\" content=\"5 minutos\" \/>\n<script type=\"application\/ld+json\" class=\"yoast-schema-graph\">{\"@context\":\"https:\/\/schema.org\",\"@graph\":[{\"@type\":\"WebPage\",\"@id\":\"https:\/\/todosplanosdesaude.com.br\/bradesco-saude\/santa-catarina\/\",\"url\":\"https:\/\/todosplanosdesaude.com.br\/bradesco-saude\/santa-catarina\/\",\"name\":\"Santa Catarina - Plano de Sa\u00fade Bradesco\",\"isPartOf\":{\"@id\":\"https:\/\/todosplanosdesaude.com.br\/bradesco-saude\/#website\"},\"datePublished\":\"2025-03-28T14:10:25+00:00\",\"dateModified\":\"2025-03-28T16:05:17+00:00\",\"breadcrumb\":{\"@id\":\"https:\/\/todosplanosdesaude.com.br\/bradesco-saude\/santa-catarina\/#breadcrumb\"},\"inLanguage\":\"pt-BR\",\"potentialAction\":[{\"@type\":\"ReadAction\",\"target\":[\"https:\/\/todosplanosdesaude.com.br\/bradesco-saude\/santa-catarina\/\"]}]},{\"@type\":\"BreadcrumbList\",\"@id\":\"https:\/\/todosplanosdesaude.com.br\/bradesco-saude\/santa-catarina\/#breadcrumb\",\"itemListElement\":[{\"@type\":\"ListItem\",\"position\":1,\"name\":\"Home\",\"item\":\"https:\/\/todosplanosdesaude.com.br\/bradesco-saude\/\"},{\"@type\":\"ListItem\",\"position\":2,\"name\":\"Santa Catarina\"}]},{\"@type\":\"WebSite\",\"@id\":\"https:\/\/todosplanosdesaude.com.br\/bradesco-saude\/#website\",\"url\":\"https:\/\/todosplanosdesaude.com.br\/bradesco-saude\/\",\"name\":\"Plano de Sa\u00fade Bradesco\",\"description\":\"\",\"potentialAction\":[{\"@type\":\"SearchAction\",\"target\":{\"@type\":\"EntryPoint\",\"urlTemplate\":\"https:\/\/todosplanosdesaude.com.br\/bradesco-saude\/?s={search_term_string}\"},\"query-input\":{\"@type\":\"PropertyValueSpecification\",\"valueRequired\":true,\"valueName\":\"search_term_string\"}}],\"inLanguage\":\"pt-BR\"}]}<\/script>\n<!-- \/ Yoast SEO plugin. -->","yoast_head_json":{"title":"Santa Catarina - Plano de Sa\u00fade Bradesco","robots":{"index":"index","follow":"follow","max-snippet":"max-snippet:-1","max-image-preview":"max-image-preview:large","max-video-preview":"max-video-preview:-1"},"canonical":"https:\/\/todosplanosdesaude.com.br\/bradesco-saude\/santa-catarina\/","og_locale":"pt_BR","og_type":"article","og_title":"Santa Catarina - Plano de Sa\u00fade Bradesco","og_description":"Rede Credenciada Bradesco Sa\u00fade","og_url":"https:\/\/todosplanosdesaude.com.br\/bradesco-saude\/santa-catarina\/","og_site_name":"Plano de Sa\u00fade Bradesco","article_modified_time":"2025-03-28T16:05:17+00:00","twitter_card":"summary_large_image","twitter_misc":{"Est. tempo de leitura":"5 minutos"},"schema":{"@context":"https:\/\/schema.org","@graph":[{"@type":"WebPage","@id":"https:\/\/todosplanosdesaude.com.br\/bradesco-saude\/santa-catarina\/","url":"https:\/\/todosplanosdesaude.com.br\/bradesco-saude\/santa-catarina\/","name":"Santa Catarina - Plano de Sa\u00fade Bradesco","isPartOf":{"@id":"https:\/\/todosplanosdesaude.com.br\/bradesco-saude\/#website"},"datePublished":"2025-03-28T14:10:25+00:00","dateModified":"2025-03-28T16:05:17+00:00","breadcrumb":{"@id":"https:\/\/todosplanosdesaude.com.br\/bradesco-saude\/santa-catarina\/#breadcrumb"},"inLanguage":"pt-BR","potentialAction":[{"@type":"ReadAction","target":["https:\/\/todosplanosdesaude.com.br\/bradesco-saude\/santa-catarina\/"]}]},{"@type":"BreadcrumbList","@id":"https:\/\/todosplanosdesaude.com.br\/bradesco-saude\/santa-catarina\/#breadcrumb","itemListElement":[{"@type":"ListItem","position":1,"name":"Home","item":"https:\/\/todosplanosdesaude.com.br\/bradesco-saude\/"},{"@type":"ListItem","position":2,"name":"Santa Catarina"}]},{"@type":"WebSite","@id":"https:\/\/todosplanosdesaude.com.br\/bradesco-saude\/#website","url":"https:\/\/todosplanosdesaude.com.br\/bradesco-saude\/","name":"Plano de Sa\u00fade Bradesco","description":"","potentialAction":[{"@type":"SearchAction","target":{"@type":"EntryPoint","urlTemplate":"https:\/\/todosplanosdesaude.com.br\/bradesco-saude\/?s={search_term_string}"},"query-input":{"@type":"PropertyValueSpecification","valueRequired":true,"valueName":"search_term_string"}}],"inLanguage":"pt-BR"}]}},"_links":{"self":[{"href":"https:\/\/todosplanosdesaude.com.br\/bradesco-saude\/wp-json\/wp\/v2\/pages\/1027","targetHints":{"allow":["GET"]}}],"collection":[{"href":"https:\/\/todosplanosdesaude.com.br\/bradesco-saude\/wp-json\/wp\/v2\/pages"}],"about":[{"href":"https:\/\/todosplanosdesaude.com.br\/bradesco-saude\/wp-json\/wp\/v2\/types\/page"}],"replies":[{"embeddable":true,"href":"https:\/\/todosplanosdesaude.com.br\/bradesco-saude\/wp-json\/wp\/v2\/comments?post=1027"}],"version-history":[{"count":1,"href":"https:\/\/todosplanosdesaude.com.br\/bradesco-saude\/wp-json\/wp\/v2\/pages\/1027\/revisions"}],"predecessor-version":[{"id":1060,"href":"https:\/\/todosplanosdesaude.com.br\/bradesco-saude\/wp-json\/wp\/v2\/pages\/1027\/revisions\/1060"}],"wp:attachment":[{"href":"https:\/\/todosplanosdesaude.com.br\/bradesco-saude\/wp-json\/wp\/v2\/media?parent=1027"}],"curies":[{"name":"wp","href":"https:\/\/api.w.org\/{rel}","templated":true}]}}