{"id":185,"date":"2021-02-17T22:46:04","date_gmt":"2021-02-17T22:46:04","guid":{"rendered":"https:\/\/todosplanosdesaude.com.br\/bradesco-saude\/?page_id=185"},"modified":"2024-05-02T01:13:50","modified_gmt":"2024-05-02T01:13:50","slug":"beneficios","status":"publish","type":"page","link":"https:\/\/todosplanosdesaude.com.br\/bradesco-saude\/beneficios\/","title":{"rendered":"Benef\u00edcios"},"content":{"rendered":"  <div id=\"page-header-1615435037\" class=\"page-header-wrapper\">\n  <div class=\"page-title dark featured-title\">\n\n        <div class=\"page-title-bg\">\n      <div class=\"title-bg fill bg-fill\"\n        data-parallax-container=\".page-title\"\n        data-parallax-background\n        data-parallax=\"-\">\n      <\/div>\n      <div class=\"title-overlay fill\"><\/div>\n    <\/div>\n    \n    <div class=\"page-title-inner container align-center text-center flex-row-col medium-flex-wrap\" >\n              <div class=\"title-wrapper uppercase flex-col\">\n          <h1 class=\"entry-title mb-0\">\n            BENEF\u00cdCIOS          <\/h1>\n        <\/div>\n                    <div class=\"title-content flex-col\">\n        <div class=\"title-breadcrumbs pb-half pt-half\"><\/div>      <\/div>\n    <\/div>\n\n     \n<style>\n#page-header-1615435037 .page-title-inner {\n  min-height: 128px;\n}\n#page-header-1615435037 {\n  margin-bottom: 0px;\n}\n#page-header-1615435037 .title-bg {\n  background-image: url(https:\/\/todosplanosdesaude.com.br\/bradesco-saude\/wp-content\/uploads\/2021\/02\/18.jpg);\n}\n<\/style>\n  <\/div>\n    <\/div>\n  \n\t<section class=\"section\" id=\"section_376450902\">\n\t\t<div class=\"bg section-bg fill bg-fill  bg-loaded\" >\n\n\t\t\t\n\t\t\t\n\t\t\t\n\n\t\t<\/div>\n\n\t\t<div class=\"section-content relative\">\n\t\t\t\n<div class=\"row align-middle\"  id=\"row-2132572462\">\n\n\t<div id=\"col-996084014\" class=\"col small-12 large-12\"  >\n\t\t<div class=\"col-inner\"  >\n\t\t\t\n\t\t\t\n<div class=\"container section-title-container\" ><h3 class=\"section-title section-title-normal\"><b><\/b><span class=\"section-title-main\" >benef\u00edcios bradesco sa\u00fade<\/span><b><\/b><\/h3><\/div>\n<p>Oferecemos atendimento especializado para diversos grupos, ampliando a variedade de solu\u00e7\u00f5es com vantagens exclusivas.<\/p>\n\t\t<\/div>\n\t\t\t<\/div>\n\n\t\n<\/div>\n<div class=\"row\"  id=\"row-1588819046\">\n\n\t<div id=\"col-21662459\" class=\"col medium-6 small-12 large-6\"  >\n\t\t<div class=\"col-inner\"  >\n\t\t\t\n\t\t\t\n<div class=\"container section-title-container\" ><h3 class=\"section-title section-title-normal\"><b><\/b><span class=\"section-title-main\" >Reembolso<\/span><b><\/b><\/h3><\/div>\n<p>Voc\u00ea tem a liberdade de escolher seus pr\u00f3prios prestadores, com reembolso de procedimentos cobertos (dentro dos limites do contrato).<\/p>\n<div class=\"container section-title-container\" ><h3 class=\"section-title section-title-normal\"><b><\/b><span class=\"section-title-main\" >ampla rede referenciada<\/span><b><\/b><\/h3><\/div>\n<p>A Bradesco Sa\u00fade possui uma extensa rede de prestadores, incluindo mais de 2.300 hospitais, 28.000 cl\u00ednicas e consult\u00f3rios, e conta com mais de 1.000 m\u00e9dicos referenciados.<\/p>\n<p>Essa rede oferece servi\u00e7os de assist\u00eancia m\u00e9dica de alta qualidade para mais de 4 milh\u00f5es de benefici\u00e1rios.<\/p>\n<div class=\"container section-title-container\" ><h3 class=\"section-title section-title-normal\"><b><\/b><span class=\"section-title-main\" >Meu Doutor Bradesco sa\u00fade*<\/span><b><\/b><\/h3><\/div>\n<p>O servi\u00e7o \u00e9 uma inova\u00e7\u00e3o exclusiva da Bradesco Sa\u00fade, onde profissionais s\u00e3o cuidadosamente selecionados pela qualidade do atendimento e assist\u00eancia oferecida.<\/p>\n<p>Para maior comodidade, os benefici\u00e1rios podem acessar a agenda dos m\u00e9dicos pela internet e solicitar a marca\u00e7\u00e3o da consulta em algumas especialidades.<br \/><span style=\"font-size: 12px;\">*Servi\u00e7o oferecido em Porto Alegre (RS), S\u00e3o Paulo (SP), Santo Andr\u00e9 (SP), S\u00e3o Bernardo (SP), S\u00e3o Caetano (SP), Diadema (SP), Osasco (SP), Guarulhos (SP), Salvador (BA), Rio de Janeiro (RJ) e Grande Rio\u00a0<\/span><\/p>\n<div class=\"container section-title-container\" ><h3 class=\"section-title section-title-normal\"><b><\/b><span class=\"section-title-main\" >REMISS\u00c3O<\/span><b><\/b><\/h3><\/div>\n<p>No caso de falecimento do benefici\u00e1rio titular, a isen\u00e7\u00e3o de pagamento ao dependente \u00e9 garantida (exceto planos Perfil e Nacional Flex). Para os clientes SPG, esse per\u00edodo \u00e9 de 2 anos, enquanto para os clientes do Empresarial, o prazo \u00e9 de 1 ano.<\/p>\n<div class=\"container section-title-container\" ><h3 class=\"section-title section-title-normal\"><b><\/b><span class=\"section-title-main\" >CENTRAL DE ATENDIMENTO<\/span><b><\/b><\/h3><\/div>\n<p>A Bradesco Sa\u00fade disponibiliza uma linha telef\u00f4nica especial para contato, de maneira r\u00e1pida e simples, com a seguradora. Dispon\u00edvel 24 horas por dia, sete dias por semana, essa linha permite esclarecer d\u00favidas, obter informa\u00e7\u00f5es sobre coberturas, fazer c\u00e1lculos pr\u00e9vios e acompanhar reembolsos.<\/p>\n<p>Al\u00e9m disso, oferece detalhes sobre os prestadores da Rede Referenciada.<\/p>\n\t\t<\/div>\n\t\t\t<\/div>\n\n\t\n\n\t<div id=\"col-661428092\" class=\"col medium-6 small-12 large-6\"  >\n\t\t<div class=\"col-inner\"  >\n\t\t\t\n\t\t\t\n\t<div class=\"img has-hover x md-x lg-x y md-y lg-y\" id=\"image_169610608\">\n\t\t\t\t\t\t\t\t<div class=\"img-inner dark\" >\n\t\t\t<img loading=\"lazy\" decoding=\"async\" width=\"1020\" height=\"1020\" src=\"https:\/\/todosplanosdesaude.com.br\/bradesco-saude\/wp-content\/uploads\/2021\/02\/app-1024x1024.png\" class=\"attachment-large size-large\" alt=\"\" srcset=\"https:\/\/todosplanosdesaude.com.br\/bradesco-saude\/wp-content\/uploads\/2021\/02\/app-1024x1024.png 1024w, https:\/\/todosplanosdesaude.com.br\/bradesco-saude\/wp-content\/uploads\/2021\/02\/app-300x300.png 300w, https:\/\/todosplanosdesaude.com.br\/bradesco-saude\/wp-content\/uploads\/2021\/02\/app-150x150.png 150w, https:\/\/todosplanosdesaude.com.br\/bradesco-saude\/wp-content\/uploads\/2021\/02\/app-768x768.png 768w, https:\/\/todosplanosdesaude.com.br\/bradesco-saude\/wp-content\/uploads\/2021\/02\/app.png 1080w\" sizes=\"auto, (max-width: 1020px) 100vw, 1020px\" \/>\t\t\t\t\t\t\n\t\t\t\t\t<\/div>\n\t\t\t\t\t\t\t\t\n<style>\n#image_169610608 {\n  width: 100%;\n}\n<\/style>\n\t<\/div>\n\t\n<div class=\"container section-title-container\" ><h3 class=\"section-title section-title-normal\"><b><\/b><span class=\"section-title-main\" >seguro viagem bradesco<\/span><b><\/b><\/h3><\/div>\n<p>Este servi\u00e7o est\u00e1 dispon\u00edvel para os planos Premium*, Nacional Plus*, Nacional e Preferencial Plus, e recentemente foi aprimorado para se adequar \u00e0 nova regulamenta\u00e7\u00e3o.<\/p>\n<p>Com ele, voc\u00ea obt\u00e9m uma s\u00e9rie de coberturas para acidentes, eventos imprevistos e doen\u00e7as s\u00fabitas e agudas quando estiver viajando pelo Brasil a mais de 100 km de sua resid\u00eancia, assim como em viagens internacionais.<\/p>\n<p>Para usufruir desses benef\u00edcios, \u00e9 importante que voc\u00ea n\u00e3o se afaste de sua resid\u00eancia permanente por mais de 90 dias durante uma \u00fanica viagem.<\/p>\n<p><span style=\"font-size: 12px;\">*Para Segurados Bradesco Sa\u00fade Concierge, est\u00e1 prevista tamb\u00e9m a cobertura para o Tratado de Schengen.<\/span><\/p>\n\t\t<\/div>\n\t\t\t<\/div>\n\n\t\n<\/div>\n<div class=\"row align-middle\"  id=\"row-1143990573\">\n\n\t<div id=\"col-1801188675\" class=\"col medium-6 small-12 large-6\"  >\n\t\t<div class=\"col-inner\"  >\n\t\t\t\n\t\t\t\n\t<div class=\"img has-hover x md-x lg-x y md-y lg-y\" id=\"image_365517060\">\n\t\t\t\t\t\t\t\t<div class=\"img-inner image-cover dark\" style=\"padding-top:252px;\">\n\t\t\t<img loading=\"lazy\" decoding=\"async\" width=\"1020\" height=\"728\" src=\"https:\/\/todosplanosdesaude.com.br\/bradesco-saude\/wp-content\/uploads\/2021\/02\/Rede-Credenciada-1024x731.jpg\" class=\"attachment-large size-large\" alt=\"\" srcset=\"https:\/\/todosplanosdesaude.com.br\/bradesco-saude\/wp-content\/uploads\/2021\/02\/Rede-Credenciada-1024x731.jpg 1024w, https:\/\/todosplanosdesaude.com.br\/bradesco-saude\/wp-content\/uploads\/2021\/02\/Rede-Credenciada-300x214.jpg 300w, https:\/\/todosplanosdesaude.com.br\/bradesco-saude\/wp-content\/uploads\/2021\/02\/Rede-Credenciada-768x548.jpg 768w, https:\/\/todosplanosdesaude.com.br\/bradesco-saude\/wp-content\/uploads\/2021\/02\/Rede-Credenciada-1536x1097.jpg 1536w, https:\/\/todosplanosdesaude.com.br\/bradesco-saude\/wp-content\/uploads\/2021\/02\/Rede-Credenciada.jpg 2000w\" sizes=\"auto, (max-width: 1020px) 100vw, 1020px\" \/>\t\t\t\t\t\t\n\t\t\t\t\t<\/div>\n\t\t\t\t\t\t\t\t\n<style>\n#image_365517060 {\n  width: 100%;\n}\n<\/style>\n\t<\/div>\n\t\n\t\t<\/div>\n\t\t\t<\/div>\n\n\t\n\n\t<div id=\"col-805021549\" class=\"col medium-6 small-12 large-6\"  >\n\t\t<div class=\"col-inner\"  >\n\t\t\t\n\t\t\t\n<div class=\"container section-title-container\" ><h3 class=\"section-title section-title-normal\"><b><\/b><span class=\"section-title-main\" >REDE CREDENCIADA<\/span><b><\/b><\/h3><\/div>\n<p>A rede credenciada da Bradesco Sa\u00fade \u00e9 nacional e re\u00fane profissionais altamente qualificados. Com mais de 2.300 hospitais, 28 mil cl\u00ednicas e consult\u00f3rios, e 1.000 m\u00e9dicos referenciados, oferece diversas op\u00e7\u00f5es de atendimento.<\/p>\n<p>Al\u00e9m disso, o servi\u00e7o de reembolso permite a livre escolha de prestadores.<\/p>\n\t\t<\/div>\n\t\t\t<\/div>\n\n\t\n<\/div>\n\t\t<\/div>\n\n\t\t\n<style>\n#section_376450902 {\n  padding-top: 30px;\n  padding-bottom: 30px;\n}\n<\/style>\n\t<\/section>\n\t\n","protected":false},"excerpt":{"rendered":"","protected":false},"author":1,"featured_media":0,"parent":0,"menu_order":0,"comment_status":"closed","ping_status":"closed","template":"page-blank.php","meta":{"footnotes":""},"class_list":["post-185","page","type-page","status-publish","hentry"],"yoast_head":"<!-- This site is optimized with the Yoast SEO plugin v25.3.1 - https:\/\/yoast.com\/wordpress\/plugins\/seo\/ -->\n<title>Benef\u00edcios - Plano de Sa\u00fade Bradesco<\/title>\n<meta name=\"description\" content=\"Saiba tudo sobre o Plano de sa\u00fade Bradesco. Rede Credenciada, Tabela de Valores e Diferenciais. Ligue (11) 3873-0081\" \/>\n<meta name=\"robots\" content=\"index, follow, max-snippet:-1, max-image-preview:large, max-video-preview:-1\" \/>\n<link rel=\"canonical\" href=\"https:\/\/todosplanosdesaude.com.br\/bradesco-saude\/beneficios\/\" \/>\n<meta property=\"og:locale\" content=\"pt_BR\" \/>\n<meta property=\"og:type\" content=\"article\" \/>\n<meta property=\"og:title\" content=\"Benef\u00edcios - Plano de Sa\u00fade Bradesco\" \/>\n<meta property=\"og:description\" content=\"Saiba tudo sobre o Plano de sa\u00fade Bradesco. Rede Credenciada, Tabela de Valores e Diferenciais. Ligue (11) 3873-0081\" \/>\n<meta property=\"og:url\" content=\"https:\/\/todosplanosdesaude.com.br\/bradesco-saude\/beneficios\/\" \/>\n<meta property=\"og:site_name\" content=\"Plano de Sa\u00fade Bradesco\" \/>\n<meta property=\"article:modified_time\" content=\"2024-05-02T01:13:50+00:00\" \/>\n<meta name=\"twitter:card\" content=\"summary_large_image\" \/>\n<meta name=\"twitter:label1\" content=\"Est. tempo de leitura\" \/>\n\t<meta name=\"twitter:data1\" content=\"3 minutos\" \/>\n<script type=\"application\/ld+json\" class=\"yoast-schema-graph\">{\"@context\":\"https:\/\/schema.org\",\"@graph\":[{\"@type\":\"WebPage\",\"@id\":\"https:\/\/todosplanosdesaude.com.br\/bradesco-saude\/beneficios\/\",\"url\":\"https:\/\/todosplanosdesaude.com.br\/bradesco-saude\/beneficios\/\",\"name\":\"Benef\u00edcios - Plano de Sa\u00fade Bradesco\",\"isPartOf\":{\"@id\":\"https:\/\/todosplanosdesaude.com.br\/bradesco-saude\/#website\"},\"datePublished\":\"2021-02-17T22:46:04+00:00\",\"dateModified\":\"2024-05-02T01:13:50+00:00\",\"description\":\"Saiba tudo sobre o Plano de sa\u00fade Bradesco. Rede Credenciada, Tabela de Valores e Diferenciais. Ligue (11) 3873-0081\",\"breadcrumb\":{\"@id\":\"https:\/\/todosplanosdesaude.com.br\/bradesco-saude\/beneficios\/#breadcrumb\"},\"inLanguage\":\"pt-BR\",\"potentialAction\":[{\"@type\":\"ReadAction\",\"target\":[\"https:\/\/todosplanosdesaude.com.br\/bradesco-saude\/beneficios\/\"]}]},{\"@type\":\"BreadcrumbList\",\"@id\":\"https:\/\/todosplanosdesaude.com.br\/bradesco-saude\/beneficios\/#breadcrumb\",\"itemListElement\":[{\"@type\":\"ListItem\",\"position\":1,\"name\":\"Home\",\"item\":\"https:\/\/todosplanosdesaude.com.br\/bradesco-saude\/\"},{\"@type\":\"ListItem\",\"position\":2,\"name\":\"Benef\u00edcios\"}]},{\"@type\":\"WebSite\",\"@id\":\"https:\/\/todosplanosdesaude.com.br\/bradesco-saude\/#website\",\"url\":\"https:\/\/todosplanosdesaude.com.br\/bradesco-saude\/\",\"name\":\"Plano de Sa\u00fade Bradesco\",\"description\":\"\",\"potentialAction\":[{\"@type\":\"SearchAction\",\"target\":{\"@type\":\"EntryPoint\",\"urlTemplate\":\"https:\/\/todosplanosdesaude.com.br\/bradesco-saude\/?s={search_term_string}\"},\"query-input\":{\"@type\":\"PropertyValueSpecification\",\"valueRequired\":true,\"valueName\":\"search_term_string\"}}],\"inLanguage\":\"pt-BR\"}]}<\/script>\n<!-- \/ Yoast SEO plugin. -->","yoast_head_json":{"title":"Benef\u00edcios - Plano de Sa\u00fade Bradesco","description":"Saiba tudo sobre o Plano de sa\u00fade Bradesco. Rede Credenciada, Tabela de Valores e Diferenciais. Ligue (11) 3873-0081","robots":{"index":"index","follow":"follow","max-snippet":"max-snippet:-1","max-image-preview":"max-image-preview:large","max-video-preview":"max-video-preview:-1"},"canonical":"https:\/\/todosplanosdesaude.com.br\/bradesco-saude\/beneficios\/","og_locale":"pt_BR","og_type":"article","og_title":"Benef\u00edcios - Plano de Sa\u00fade Bradesco","og_description":"Saiba tudo sobre o Plano de sa\u00fade Bradesco. Rede Credenciada, Tabela de Valores e Diferenciais. Ligue (11) 3873-0081","og_url":"https:\/\/todosplanosdesaude.com.br\/bradesco-saude\/beneficios\/","og_site_name":"Plano de Sa\u00fade Bradesco","article_modified_time":"2024-05-02T01:13:50+00:00","twitter_card":"summary_large_image","twitter_misc":{"Est. tempo de leitura":"3 minutos"},"schema":{"@context":"https:\/\/schema.org","@graph":[{"@type":"WebPage","@id":"https:\/\/todosplanosdesaude.com.br\/bradesco-saude\/beneficios\/","url":"https:\/\/todosplanosdesaude.com.br\/bradesco-saude\/beneficios\/","name":"Benef\u00edcios - Plano de Sa\u00fade Bradesco","isPartOf":{"@id":"https:\/\/todosplanosdesaude.com.br\/bradesco-saude\/#website"},"datePublished":"2021-02-17T22:46:04+00:00","dateModified":"2024-05-02T01:13:50+00:00","description":"Saiba tudo sobre o Plano de sa\u00fade Bradesco. Rede Credenciada, Tabela de Valores e Diferenciais. Ligue (11) 3873-0081","breadcrumb":{"@id":"https:\/\/todosplanosdesaude.com.br\/bradesco-saude\/beneficios\/#breadcrumb"},"inLanguage":"pt-BR","potentialAction":[{"@type":"ReadAction","target":["https:\/\/todosplanosdesaude.com.br\/bradesco-saude\/beneficios\/"]}]},{"@type":"BreadcrumbList","@id":"https:\/\/todosplanosdesaude.com.br\/bradesco-saude\/beneficios\/#breadcrumb","itemListElement":[{"@type":"ListItem","position":1,"name":"Home","item":"https:\/\/todosplanosdesaude.com.br\/bradesco-saude\/"},{"@type":"ListItem","position":2,"name":"Benef\u00edcios"}]},{"@type":"WebSite","@id":"https:\/\/todosplanosdesaude.com.br\/bradesco-saude\/#website","url":"https:\/\/todosplanosdesaude.com.br\/bradesco-saude\/","name":"Plano de Sa\u00fade Bradesco","description":"","potentialAction":[{"@type":"SearchAction","target":{"@type":"EntryPoint","urlTemplate":"https:\/\/todosplanosdesaude.com.br\/bradesco-saude\/?s={search_term_string}"},"query-input":{"@type":"PropertyValueSpecification","valueRequired":true,"valueName":"search_term_string"}}],"inLanguage":"pt-BR"}]}},"_links":{"self":[{"href":"https:\/\/todosplanosdesaude.com.br\/bradesco-saude\/wp-json\/wp\/v2\/pages\/185","targetHints":{"allow":["GET"]}}],"collection":[{"href":"https:\/\/todosplanosdesaude.com.br\/bradesco-saude\/wp-json\/wp\/v2\/pages"}],"about":[{"href":"https:\/\/todosplanosdesaude.com.br\/bradesco-saude\/wp-json\/wp\/v2\/types\/page"}],"author":[{"embeddable":true,"href":"https:\/\/todosplanosdesaude.com.br\/bradesco-saude\/wp-json\/wp\/v2\/users\/1"}],"replies":[{"embeddable":true,"href":"https:\/\/todosplanosdesaude.com.br\/bradesco-saude\/wp-json\/wp\/v2\/comments?post=185"}],"version-history":[{"count":10,"href":"https:\/\/todosplanosdesaude.com.br\/bradesco-saude\/wp-json\/wp\/v2\/pages\/185\/revisions"}],"predecessor-version":[{"id":981,"href":"https:\/\/todosplanosdesaude.com.br\/bradesco-saude\/wp-json\/wp\/v2\/pages\/185\/revisions\/981"}],"wp:attachment":[{"href":"https:\/\/todosplanosdesaude.com.br\/bradesco-saude\/wp-json\/wp\/v2\/media?parent=185"}],"curies":[{"name":"wp","href":"https:\/\/api.w.org\/{rel}","templated":true}]}}