{"id":207,"date":"2021-02-17T22:54:19","date_gmt":"2021-02-17T22:54:19","guid":{"rendered":"https:\/\/todosplanosdesaude.com.br\/bradesco-saude\/?page_id=207"},"modified":"2024-05-02T01:22:36","modified_gmt":"2024-05-02T01:22:36","slug":"plano-de-saude-mei","status":"publish","type":"page","link":"https:\/\/todosplanosdesaude.com.br\/bradesco-saude\/plano-de-saude-mei\/","title":{"rendered":"Plano de Sa\u00fade MEI"},"content":{"rendered":"  <div id=\"page-header-692336617\" class=\"page-header-wrapper\">\n  <div class=\"page-title dark featured-title\">\n\n        <div class=\"page-title-bg\">\n      <div class=\"title-bg fill bg-fill\"\n        data-parallax-container=\".page-title\"\n        data-parallax-background\n        data-parallax=\"-\">\n      <\/div>\n      <div class=\"title-overlay fill\"><\/div>\n    <\/div>\n    \n    <div class=\"page-title-inner container align-center text-center flex-row-col medium-flex-wrap\" >\n              <div class=\"title-wrapper uppercase flex-col\">\n          <h1 class=\"entry-title mb-0\">\n            PLANO DE SA\u00daDE MEI          <\/h1>\n        <\/div>\n                    <div class=\"title-content flex-col\">\n        <div class=\"title-breadcrumbs pb-half pt-half\"><\/div>      <\/div>\n    <\/div>\n\n     \n<style>\n#page-header-692336617 .page-title-inner {\n  min-height: 128px;\n}\n#page-header-692336617 {\n  margin-bottom: 0px;\n}\n#page-header-692336617 .title-bg {\n  background-image: url(https:\/\/todosplanosdesaude.com.br\/bradesco-saude\/wp-content\/uploads\/2021\/02\/18.jpg);\n}\n<\/style>\n  <\/div>\n    <\/div>\n  \n\t<section class=\"section\" id=\"section_1644834542\">\n\t\t<div class=\"bg section-bg fill bg-fill  bg-loaded\" >\n\n\t\t\t\n\t\t\t\n\t\t\t\n\n\t\t<\/div>\n\n\t\t<div class=\"section-content relative\">\n\t\t\t\n<div class=\"row align-middle\"  id=\"row-26588074\">\n\n\t<div id=\"col-216183368\" class=\"col medium-6 small-12 large-6\"  >\n\t\t<div class=\"col-inner\"  >\n\t\t\t\n\t\t\t\n<div class=\"container section-title-container\" ><h3 class=\"section-title section-title-normal\"><b><\/b><span class=\"section-title-main\" >bradesco sa\u00fade mei<\/span><b><\/b><\/h3><\/div>\n<p>O plano Bradesco Sa\u00fade MEI (microempreendedor individual) oferece toda a cobertura de um plano empresarial para aqueles com CNPJ ativo, permitindo at\u00e9 02 dependentes, que podem ser funcion\u00e1rios ou dependentes diretos como c\u00f4njuge e filhos.<\/p>\n<p>A contrata\u00e7\u00e3o como MEI proporciona a mesma estrutura e benef\u00edcios de um plano empresarial, com acesso \u00e0 toda a rede credenciada da Bradesco Sa\u00fade.<\/p>\n<p>Al\u00e9m disso, os planos de sa\u00fade MEI tendem a ser at\u00e9 30% mais baratos do que os planos por ades\u00e3o e individuais.<\/p>\n<p>Explore os tipos de planos da Bradesco Sa\u00fade para atender \u00e0s necessidades da sua empresa, com diferentes op\u00e7\u00f5es de reembolso, rede credenciada, padr\u00e3o de acomoda\u00e7\u00e3o hospitalar e benef\u00edcios.<\/p>\n\t\t<\/div>\n\t\t\t<\/div>\n\n\t\n\n\t<div id=\"col-1656722414\" class=\"col medium-6 small-12 large-6\"  >\n\t\t<div class=\"col-inner\"  >\n\t\t\t\n\t\t\t\n\t<div class=\"img has-hover x md-x lg-x y md-y lg-y\" id=\"image_843938297\">\n\t\t\t\t\t\t\t\t<div class=\"img-inner image-cover dark\" style=\"padding-top:510px;\">\n\t\t\t<img loading=\"lazy\" decoding=\"async\" width=\"1020\" height=\"680\" src=\"https:\/\/todosplanosdesaude.com.br\/bradesco-saude\/wp-content\/uploads\/2021\/02\/bradesco-saude-mei-1-1024x683.jpg\" class=\"attachment-large size-large\" alt=\"\" srcset=\"https:\/\/todosplanosdesaude.com.br\/bradesco-saude\/wp-content\/uploads\/2021\/02\/bradesco-saude-mei-1-1024x683.jpg 1024w, https:\/\/todosplanosdesaude.com.br\/bradesco-saude\/wp-content\/uploads\/2021\/02\/bradesco-saude-mei-1-300x200.jpg 300w, https:\/\/todosplanosdesaude.com.br\/bradesco-saude\/wp-content\/uploads\/2021\/02\/bradesco-saude-mei-1-768x512.jpg 768w, https:\/\/todosplanosdesaude.com.br\/bradesco-saude\/wp-content\/uploads\/2021\/02\/bradesco-saude-mei-1.jpg 1199w\" sizes=\"auto, (max-width: 1020px) 100vw, 1020px\" \/>\t\t\t\t\t\t\n\t\t\t\t\t<\/div>\n\t\t\t\t\t\t\t\t\n<style>\n#image_843938297 {\n  width: 100%;\n}\n<\/style>\n\t<\/div>\n\t\n\t\t<\/div>\n\t\t\t<\/div>\n\n\t\n<\/div>\n<div class=\"row\"  id=\"row-1843839803\">\n\n\t<div id=\"col-2114408209\" class=\"col hide-for-small medium-6 small-12 large-6\"  >\n\t\t<div class=\"col-inner\"  >\n\t\t\t\n\t\t\t\n\t<div class=\"img has-hover x md-x lg-x y md-y lg-y\" id=\"image_1213760156\">\n\t\t\t\t\t\t\t\t<div class=\"img-inner image-cover dark\" style=\"padding-top:641px;\">\n\t\t\t<img loading=\"lazy\" decoding=\"async\" width=\"727\" height=\"1024\" src=\"https:\/\/todosplanosdesaude.com.br\/bradesco-saude\/wp-content\/uploads\/2021\/02\/bradesco-saude-727x1024.jpg\" class=\"attachment-large size-large\" alt=\"\" srcset=\"https:\/\/todosplanosdesaude.com.br\/bradesco-saude\/wp-content\/uploads\/2021\/02\/bradesco-saude-727x1024.jpg 727w, https:\/\/todosplanosdesaude.com.br\/bradesco-saude\/wp-content\/uploads\/2021\/02\/bradesco-saude-213x300.jpg 213w, https:\/\/todosplanosdesaude.com.br\/bradesco-saude\/wp-content\/uploads\/2021\/02\/bradesco-saude.jpg 754w\" sizes=\"auto, (max-width: 727px) 100vw, 727px\" \/>\t\t\t\t\t\t\n\t\t\t\t\t<\/div>\n\t\t\t\t\t\t\t\t\n<style>\n#image_1213760156 {\n  width: 100%;\n}\n<\/style>\n\t<\/div>\n\t\n\t\t<\/div>\n\t\t\t<\/div>\n\n\t\n\n\t<div id=\"col-740597273\" class=\"col medium-6 small-12 large-6\"  >\n\t\t<div class=\"col-inner\"  >\n\t\t\t\n\t\t\t\n<div class=\"container section-title-container\" ><h3 class=\"section-title section-title-normal\"><b><\/b><span class=\"section-title-main\" >Modalidades de contrata\u00e7\u00e3o<\/span><b><\/b><\/h3><\/div>\n<p class=\"mb-20\"><strong>Hospitalar com Obstetr\u00edcia<\/strong><br \/>\u25aa Atendimento em Pronto Socorro (para urg\u00eancia e emerg\u00eancia);<br \/>\u25aa Cirurgias;<br \/>\u25aa Interna\u00e7\u00f5es hospitalares;<br \/>\u25aa Partos (inclui cobertura assistencial ao rec\u00e9m-nascido durante os primeiros 30 dias ap\u00f3s o parto).<\/p>\n<p class=\"mb-20\"><strong>Ambulatorial e Hospitalar com Obstetr\u00edcia<\/strong><br \/>\u25aa Consultas;<br \/>\u25aa Exames;<br \/>\u25aa Atendimento em Pronto Socorro;<br \/>\u25aa Cirurgias;<br \/>\u25aa Interna\u00e7\u00f5es hospitalares;<br \/>\u25aa Partos (inclui cobertura assistencial ao rec\u00e9m-nascido durante os primeiros 30 dias ap\u00f3s o parto)<\/p>\n<p><i class=\"icon-checkmark\"><\/i>\u00a0Consultas e exames exclusivamente para gestantes, em acompanhamento pr\u00e9-natal;<br \/><i class=\"icon-checkmark\"><\/i>\u00a0Procedimentos especiais necess\u00e1rios para continuidade da assist\u00eancia prestada em n\u00edvel de interna\u00e7\u00e3o hospitalar, como: Hemodi\u00e1lises, quimioterapias, radioterapias, fisioterapias entre outros.<\/p>\n\t\t<\/div>\n\t\t\t<\/div>\n\n\t\n<\/div>\n<div class=\"row align-middle\"  id=\"row-81411594\">\n\n\t<div id=\"col-1837021490\" class=\"col medium-6 small-12 large-6\"  >\n\t\t<div class=\"col-inner\"  >\n\t\t\t\n\t\t\t\n<div class=\"container section-title-container\" ><h3 class=\"section-title section-title-normal\"><b><\/b><span class=\"section-title-main\" >TELEMEDICINA BRADESCO SA\u00daDE<\/span><b><\/b><\/h3><\/div>\n<p>Acesse consultas imediatas ou agendadas com m\u00e9dicos a qualquer hora do dia, diretamente pelo nosso aplicativo.<\/p>\n<p>Receba orienta\u00e7\u00f5es m\u00e9dicas para casos de baixa complexidade e obtenha suporte de profissionais de sa\u00fade qualificados, 24 horas por dia.<\/p>\n<p>Estamos aqui para cuidar da sua sa\u00fade quando voc\u00ea mais precisa.<\/p>\n<div class=\"row row-small\"  id=\"row-629196192\">\n\n\t<div id=\"col-232218012\" class=\"col medium-6 small-12 large-6\"  >\n\t\t<div class=\"col-inner\"  >\n\t\t\t\n\t\t\t\n<p><i class=\"icon-checkmark\"><\/i>\u00a0Sa\u00fade Digital &#8211; Videoconsulta<br \/><i class=\"icon-checkmark\"><\/i>\u00a0Carteirinha Digital<br \/><i class=\"icon-checkmark\"><\/i>\u00a0Localizar Referenciados<\/p>\n\t\t<\/div>\n\t\t\t<\/div>\n\n\t\n\n\t<div id=\"col-1254887040\" class=\"col medium-6 small-12 large-6\"  >\n\t\t<div class=\"col-inner\"  >\n\t\t\t\n\t\t\t\n<div style=\"margin-top: -40px;\" class=\"hide-on-med-and-up show-on-small\"><\/div>\n<p><i class=\"icon-checkmark\"><\/i>\u00a0Servi\u00e7os de Reembolso<br \/><i class=\"icon-checkmark\"><\/i>\u00a0Desconto Farm\u00e1cia<br \/><i class=\"icon-checkmark\"><\/i>\u00a0Calend\u00e1rio de Vacinas<\/p>\n\t\t<\/div>\n\t\t\t<\/div>\n\n\t\n<\/div>\n\t\t<\/div>\n\t\t\t<\/div>\n\n\t\n\n\t<div id=\"col-2086477840\" class=\"col hide-for-small medium-6 small-12 large-6\"  >\n\t\t<div class=\"col-inner\"  >\n\t\t\t\n\t\t\t\n\t<div class=\"img has-hover x md-x lg-x y md-y lg-y\" id=\"image_700027276\">\n\t\t\t\t\t\t\t\t<div class=\"img-inner image-cover dark\" style=\"padding-top:269px;\">\n\t\t\t<img loading=\"lazy\" decoding=\"async\" width=\"1020\" height=\"473\" src=\"https:\/\/todosplanosdesaude.com.br\/bradesco-saude\/wp-content\/uploads\/2021\/02\/telemedicina-bradesco-saude-1024x475.jpg\" class=\"attachment-large size-large\" alt=\"\" srcset=\"https:\/\/todosplanosdesaude.com.br\/bradesco-saude\/wp-content\/uploads\/2021\/02\/telemedicina-bradesco-saude-1024x475.jpg 1024w, https:\/\/todosplanosdesaude.com.br\/bradesco-saude\/wp-content\/uploads\/2021\/02\/telemedicina-bradesco-saude-300x139.jpg 300w, https:\/\/todosplanosdesaude.com.br\/bradesco-saude\/wp-content\/uploads\/2021\/02\/telemedicina-bradesco-saude-768x357.jpg 768w, https:\/\/todosplanosdesaude.com.br\/bradesco-saude\/wp-content\/uploads\/2021\/02\/telemedicina-bradesco-saude.jpg 1400w\" sizes=\"auto, (max-width: 1020px) 100vw, 1020px\" \/>\t\t\t\t\t\t\n\t\t\t\t\t<\/div>\n\t\t\t\t\t\t\t\t\n<style>\n#image_700027276 {\n  width: 100%;\n}\n<\/style>\n\t<\/div>\n\t\n\t\t<\/div>\n\t\t\t<\/div>\n\n\t\n<\/div>\n<div class=\"row align-middle\"  id=\"row-2045040874\">\n\n\t<div id=\"col-148589663\" class=\"col medium-6 small-12 large-6\"  >\n\t\t<div class=\"col-inner\"  >\n\t\t\t\n\t\t\t\n\t<div class=\"img has-hover x md-x lg-x y md-y lg-y\" id=\"image_942847723\">\n\t\t\t\t\t\t\t\t<div class=\"img-inner image-cover dark\" style=\"padding-top:252px;\">\n\t\t\t<img loading=\"lazy\" decoding=\"async\" width=\"1020\" height=\"728\" src=\"https:\/\/todosplanosdesaude.com.br\/bradesco-saude\/wp-content\/uploads\/2021\/02\/Rede-Credenciada-1024x731.jpg\" class=\"attachment-large size-large\" alt=\"\" srcset=\"https:\/\/todosplanosdesaude.com.br\/bradesco-saude\/wp-content\/uploads\/2021\/02\/Rede-Credenciada-1024x731.jpg 1024w, https:\/\/todosplanosdesaude.com.br\/bradesco-saude\/wp-content\/uploads\/2021\/02\/Rede-Credenciada-300x214.jpg 300w, https:\/\/todosplanosdesaude.com.br\/bradesco-saude\/wp-content\/uploads\/2021\/02\/Rede-Credenciada-768x548.jpg 768w, https:\/\/todosplanosdesaude.com.br\/bradesco-saude\/wp-content\/uploads\/2021\/02\/Rede-Credenciada-1536x1097.jpg 1536w, https:\/\/todosplanosdesaude.com.br\/bradesco-saude\/wp-content\/uploads\/2021\/02\/Rede-Credenciada.jpg 2000w\" sizes=\"auto, (max-width: 1020px) 100vw, 1020px\" \/>\t\t\t\t\t\t\n\t\t\t\t\t<\/div>\n\t\t\t\t\t\t\t\t\n<style>\n#image_942847723 {\n  width: 100%;\n}\n<\/style>\n\t<\/div>\n\t\n\t\t<\/div>\n\t\t\t<\/div>\n\n\t\n\n\t<div id=\"col-659214424\" class=\"col medium-6 small-12 large-6\"  >\n\t\t<div class=\"col-inner\"  >\n\t\t\t\n\t\t\t\n<div class=\"container section-title-container\" ><h3 class=\"section-title section-title-normal\"><b><\/b><span class=\"section-title-main\" >REDE CREDENCIADA<\/span><b><\/b><\/h3><\/div>\n<p>A rede credenciada da Bradesco Sa\u00fade \u00e9 nacional e re\u00fane profissionais altamente qualificados. Com mais de 2.300 hospitais, 28 mil cl\u00ednicas e consult\u00f3rios, e 1.000 m\u00e9dicos referenciados, oferece diversas op\u00e7\u00f5es de atendimento.<\/p>\n<p>Al\u00e9m disso, o servi\u00e7o de reembolso permite a livre escolha de prestadores.<\/p>\n\t\t<\/div>\n\t\t\t<\/div>\n\n\t\n<\/div>\n\t\t<\/div>\n\n\t\t\n<style>\n#section_1644834542 {\n  padding-top: 30px;\n  padding-bottom: 30px;\n}\n<\/style>\n\t<\/section>\n\t\n","protected":false},"excerpt":{"rendered":"","protected":false},"author":1,"featured_media":0,"parent":0,"menu_order":0,"comment_status":"closed","ping_status":"closed","template":"page-blank.php","meta":{"footnotes":""},"class_list":["post-207","page","type-page","status-publish","hentry"],"yoast_head":"<!-- This site is optimized with the Yoast SEO plugin v25.3.1 - https:\/\/yoast.com\/wordpress\/plugins\/seo\/ -->\n<title>Plano de Sa\u00fade MEI - Plano de Sa\u00fade Bradesco<\/title>\n<meta name=\"description\" content=\"Saiba tudo sobre o Plano de sa\u00fade Bradesco. Rede Credenciada, Tabela de Valores e Diferenciais. Ligue (11) 3873-0081\" \/>\n<meta name=\"robots\" content=\"index, follow, max-snippet:-1, max-image-preview:large, max-video-preview:-1\" \/>\n<link rel=\"canonical\" href=\"https:\/\/todosplanosdesaude.com.br\/bradesco-saude\/plano-de-saude-mei\/\" \/>\n<meta property=\"og:locale\" content=\"pt_BR\" \/>\n<meta property=\"og:type\" content=\"article\" \/>\n<meta property=\"og:title\" content=\"Plano de Sa\u00fade MEI - Plano de Sa\u00fade Bradesco\" \/>\n<meta property=\"og:description\" content=\"Saiba tudo sobre o Plano de sa\u00fade Bradesco. Rede Credenciada, Tabela de Valores e Diferenciais. Ligue (11) 3873-0081\" \/>\n<meta property=\"og:url\" content=\"https:\/\/todosplanosdesaude.com.br\/bradesco-saude\/plano-de-saude-mei\/\" \/>\n<meta property=\"og:site_name\" content=\"Plano de Sa\u00fade Bradesco\" \/>\n<meta property=\"article:modified_time\" content=\"2024-05-02T01:22:36+00:00\" \/>\n<meta name=\"twitter:card\" content=\"summary_large_image\" \/>\n<meta name=\"twitter:label1\" content=\"Est. tempo de leitura\" \/>\n\t<meta name=\"twitter:data1\" content=\"2 minutos\" \/>\n<script type=\"application\/ld+json\" class=\"yoast-schema-graph\">{\"@context\":\"https:\/\/schema.org\",\"@graph\":[{\"@type\":\"WebPage\",\"@id\":\"https:\/\/todosplanosdesaude.com.br\/bradesco-saude\/plano-de-saude-mei\/\",\"url\":\"https:\/\/todosplanosdesaude.com.br\/bradesco-saude\/plano-de-saude-mei\/\",\"name\":\"Plano de Sa\u00fade MEI - Plano de Sa\u00fade Bradesco\",\"isPartOf\":{\"@id\":\"https:\/\/todosplanosdesaude.com.br\/bradesco-saude\/#website\"},\"datePublished\":\"2021-02-17T22:54:19+00:00\",\"dateModified\":\"2024-05-02T01:22:36+00:00\",\"description\":\"Saiba tudo sobre o Plano de sa\u00fade Bradesco. Rede Credenciada, Tabela de Valores e Diferenciais. Ligue (11) 3873-0081\",\"breadcrumb\":{\"@id\":\"https:\/\/todosplanosdesaude.com.br\/bradesco-saude\/plano-de-saude-mei\/#breadcrumb\"},\"inLanguage\":\"pt-BR\",\"potentialAction\":[{\"@type\":\"ReadAction\",\"target\":[\"https:\/\/todosplanosdesaude.com.br\/bradesco-saude\/plano-de-saude-mei\/\"]}]},{\"@type\":\"BreadcrumbList\",\"@id\":\"https:\/\/todosplanosdesaude.com.br\/bradesco-saude\/plano-de-saude-mei\/#breadcrumb\",\"itemListElement\":[{\"@type\":\"ListItem\",\"position\":1,\"name\":\"Home\",\"item\":\"https:\/\/todosplanosdesaude.com.br\/bradesco-saude\/\"},{\"@type\":\"ListItem\",\"position\":2,\"name\":\"Plano de Sa\u00fade MEI\"}]},{\"@type\":\"WebSite\",\"@id\":\"https:\/\/todosplanosdesaude.com.br\/bradesco-saude\/#website\",\"url\":\"https:\/\/todosplanosdesaude.com.br\/bradesco-saude\/\",\"name\":\"Plano de Sa\u00fade Bradesco\",\"description\":\"\",\"potentialAction\":[{\"@type\":\"SearchAction\",\"target\":{\"@type\":\"EntryPoint\",\"urlTemplate\":\"https:\/\/todosplanosdesaude.com.br\/bradesco-saude\/?s={search_term_string}\"},\"query-input\":{\"@type\":\"PropertyValueSpecification\",\"valueRequired\":true,\"valueName\":\"search_term_string\"}}],\"inLanguage\":\"pt-BR\"}]}<\/script>\n<!-- \/ Yoast SEO plugin. -->","yoast_head_json":{"title":"Plano de Sa\u00fade MEI - Plano de Sa\u00fade Bradesco","description":"Saiba tudo sobre o Plano de sa\u00fade Bradesco. Rede Credenciada, Tabela de Valores e Diferenciais. Ligue (11) 3873-0081","robots":{"index":"index","follow":"follow","max-snippet":"max-snippet:-1","max-image-preview":"max-image-preview:large","max-video-preview":"max-video-preview:-1"},"canonical":"https:\/\/todosplanosdesaude.com.br\/bradesco-saude\/plano-de-saude-mei\/","og_locale":"pt_BR","og_type":"article","og_title":"Plano de Sa\u00fade MEI - Plano de Sa\u00fade Bradesco","og_description":"Saiba tudo sobre o Plano de sa\u00fade Bradesco. Rede Credenciada, Tabela de Valores e Diferenciais. Ligue (11) 3873-0081","og_url":"https:\/\/todosplanosdesaude.com.br\/bradesco-saude\/plano-de-saude-mei\/","og_site_name":"Plano de Sa\u00fade Bradesco","article_modified_time":"2024-05-02T01:22:36+00:00","twitter_card":"summary_large_image","twitter_misc":{"Est. tempo de leitura":"2 minutos"},"schema":{"@context":"https:\/\/schema.org","@graph":[{"@type":"WebPage","@id":"https:\/\/todosplanosdesaude.com.br\/bradesco-saude\/plano-de-saude-mei\/","url":"https:\/\/todosplanosdesaude.com.br\/bradesco-saude\/plano-de-saude-mei\/","name":"Plano de Sa\u00fade MEI - Plano de Sa\u00fade Bradesco","isPartOf":{"@id":"https:\/\/todosplanosdesaude.com.br\/bradesco-saude\/#website"},"datePublished":"2021-02-17T22:54:19+00:00","dateModified":"2024-05-02T01:22:36+00:00","description":"Saiba tudo sobre o Plano de sa\u00fade Bradesco. Rede Credenciada, Tabela de Valores e Diferenciais. Ligue (11) 3873-0081","breadcrumb":{"@id":"https:\/\/todosplanosdesaude.com.br\/bradesco-saude\/plano-de-saude-mei\/#breadcrumb"},"inLanguage":"pt-BR","potentialAction":[{"@type":"ReadAction","target":["https:\/\/todosplanosdesaude.com.br\/bradesco-saude\/plano-de-saude-mei\/"]}]},{"@type":"BreadcrumbList","@id":"https:\/\/todosplanosdesaude.com.br\/bradesco-saude\/plano-de-saude-mei\/#breadcrumb","itemListElement":[{"@type":"ListItem","position":1,"name":"Home","item":"https:\/\/todosplanosdesaude.com.br\/bradesco-saude\/"},{"@type":"ListItem","position":2,"name":"Plano de Sa\u00fade MEI"}]},{"@type":"WebSite","@id":"https:\/\/todosplanosdesaude.com.br\/bradesco-saude\/#website","url":"https:\/\/todosplanosdesaude.com.br\/bradesco-saude\/","name":"Plano de Sa\u00fade Bradesco","description":"","potentialAction":[{"@type":"SearchAction","target":{"@type":"EntryPoint","urlTemplate":"https:\/\/todosplanosdesaude.com.br\/bradesco-saude\/?s={search_term_string}"},"query-input":{"@type":"PropertyValueSpecification","valueRequired":true,"valueName":"search_term_string"}}],"inLanguage":"pt-BR"}]}},"_links":{"self":[{"href":"https:\/\/todosplanosdesaude.com.br\/bradesco-saude\/wp-json\/wp\/v2\/pages\/207","targetHints":{"allow":["GET"]}}],"collection":[{"href":"https:\/\/todosplanosdesaude.com.br\/bradesco-saude\/wp-json\/wp\/v2\/pages"}],"about":[{"href":"https:\/\/todosplanosdesaude.com.br\/bradesco-saude\/wp-json\/wp\/v2\/types\/page"}],"author":[{"embeddable":true,"href":"https:\/\/todosplanosdesaude.com.br\/bradesco-saude\/wp-json\/wp\/v2\/users\/1"}],"replies":[{"embeddable":true,"href":"https:\/\/todosplanosdesaude.com.br\/bradesco-saude\/wp-json\/wp\/v2\/comments?post=207"}],"version-history":[{"count":18,"href":"https:\/\/todosplanosdesaude.com.br\/bradesco-saude\/wp-json\/wp\/v2\/pages\/207\/revisions"}],"predecessor-version":[{"id":984,"href":"https:\/\/todosplanosdesaude.com.br\/bradesco-saude\/wp-json\/wp\/v2\/pages\/207\/revisions\/984"}],"wp:attachment":[{"href":"https:\/\/todosplanosdesaude.com.br\/bradesco-saude\/wp-json\/wp\/v2\/media?parent=207"}],"curies":[{"name":"wp","href":"https:\/\/api.w.org\/{rel}","templated":true}]}}