{"id":96,"date":"2021-02-12T18:46:56","date_gmt":"2021-02-12T18:46:56","guid":{"rendered":"https:\/\/todosplanosdesaude.com.br\/bradesco-saude\/?page_id=96"},"modified":"2024-05-02T01:42:56","modified_gmt":"2024-05-02T01:42:56","slug":"sobre-a-bradesco","status":"publish","type":"page","link":"https:\/\/todosplanosdesaude.com.br\/bradesco-saude\/sobre-a-bradesco\/","title":{"rendered":"Sobre a Bradesco"},"content":{"rendered":"  <div id=\"page-header-1642845787\" class=\"page-header-wrapper\">\n  <div class=\"page-title dark featured-title\">\n\n        <div class=\"page-title-bg\">\n      <div class=\"title-bg fill bg-fill\"\n        data-parallax-container=\".page-title\"\n        data-parallax-background\n        data-parallax=\"-\">\n      <\/div>\n      <div class=\"title-overlay fill\"><\/div>\n    <\/div>\n    \n    <div class=\"page-title-inner container align-center text-center flex-row-col medium-flex-wrap\" >\n              <div class=\"title-wrapper uppercase flex-col\">\n          <h1 class=\"entry-title mb-0\">\n            CONHE\u00c7A A BRADESCO          <\/h1>\n        <\/div>\n                    <div class=\"title-content flex-col\">\n        <div class=\"title-breadcrumbs pb-half pt-half\"><\/div>      <\/div>\n    <\/div>\n\n     \n<style>\n#page-header-1642845787 .page-title-inner {\n  min-height: 128px;\n}\n#page-header-1642845787 {\n  margin-bottom: 0px;\n}\n#page-header-1642845787 .title-bg {\n  background-image: url(https:\/\/todosplanosdesaude.com.br\/bradesco-saude\/wp-content\/uploads\/2021\/02\/18.jpg);\n}\n<\/style>\n  <\/div>\n    <\/div>\n  \n\t<section class=\"section\" id=\"section_656142679\">\n\t\t<div class=\"bg section-bg fill bg-fill  bg-loaded\" >\n\n\t\t\t\n\t\t\t\n\t\t\t\n\n\t\t<\/div>\n\n\t\t<div class=\"section-content relative\">\n\t\t\t\n<div class=\"row align-middle\"  id=\"row-1631587639\">\n\n\t<div id=\"col-1778588432\" class=\"col medium-6 small-12 large-6\"  >\n\t\t<div class=\"col-inner\"  >\n\t\t\t\n\t\t\t\n\t<div class=\"img has-hover x md-x lg-x y md-y lg-y\" id=\"image_211322349\">\n\t\t\t\t\t\t\t\t<div class=\"img-inner image-cover dark\" style=\"padding-top:259px;\">\n\t\t\t<img loading=\"lazy\" decoding=\"async\" width=\"555\" height=\"411\" src=\"https:\/\/todosplanosdesaude.com.br\/bradesco-saude\/wp-content\/uploads\/2021\/02\/rede-credenciada-home.jpg\" class=\"attachment-large size-large\" alt=\"\" srcset=\"https:\/\/todosplanosdesaude.com.br\/bradesco-saude\/wp-content\/uploads\/2021\/02\/rede-credenciada-home.jpg 555w, https:\/\/todosplanosdesaude.com.br\/bradesco-saude\/wp-content\/uploads\/2021\/02\/rede-credenciada-home-300x222.jpg 300w\" sizes=\"auto, (max-width: 555px) 100vw, 555px\" \/>\t\t\t\t\t\t\n\t\t\t\t\t<\/div>\n\t\t\t\t\t\t\t\t\n<style>\n#image_211322349 {\n  width: 100%;\n}\n<\/style>\n\t<\/div>\n\t\n\t\t<\/div>\n\t\t\t<\/div>\n\n\t\n\n\t<div id=\"col-1350514628\" class=\"col medium-6 small-12 large-6\"  >\n\t\t<div class=\"col-inner\"  >\n\t\t\t\n\t\t\t\n<div class=\"container section-title-container\" ><h3 class=\"section-title section-title-normal\"><b><\/b><span class=\"section-title-main\" >Sobre a bradesco<\/span><b><\/b><\/h3><\/div>\n<p>A Bradesco Sa\u00fade tem uma trajet\u00f3ria de mais de 35 anos no mercado de Sa\u00fade Suplementar, oferecendo planos empresariais completos que atendem \u00e0s necessidades dos clientes.<\/p>\n<p>Com um atendimento de excel\u00eancia e uma gama completa de servi\u00e7os, os planos da Bradesco Sa\u00fade garantem a prote\u00e7\u00e3o e a tranquilidade desejadas para os funcion\u00e1rios da sua empresa.<\/p>\n\t\t<\/div>\n\t\t\t<\/div>\n\n\t\n<\/div>\n<div class=\"row\"  id=\"row-43319551\">\n\n\t<div id=\"col-100464326\" class=\"col medium-6 small-12 large-6\"  >\n\t\t<div class=\"col-inner\"  >\n\t\t\t\n\t\t\t\n<div class=\"container section-title-container\" ><h3 class=\"section-title section-title-normal\"><b><\/b><span class=\"section-title-main\" >rede de atendimento<\/span><b><\/b><\/h3><\/div>\n<p>Nossos milh\u00f5es de clientes em todo o Brasil t\u00eam acesso a uma estrutura de atendimento moderna, que inclui centrais telef\u00f4nicas, canais digitais e servi\u00e7os online, al\u00e9m de nossas pr\u00f3prias unidades f\u00edsicas e uma rede de corretores dedicados.<\/p>\n\t\t<\/div>\n\t\t\t<\/div>\n\n\t\n\n\t<div id=\"col-1283969326\" class=\"col medium-6 small-12 large-6\"  >\n\t\t<div class=\"col-inner\"  >\n\t\t\t\n\t\t\t\n\t<div class=\"img has-hover x md-x lg-x y md-y lg-y\" id=\"image_581524802\">\n\t\t\t\t\t\t\t\t<div class=\"img-inner dark\" >\n\t\t\t<img loading=\"lazy\" decoding=\"async\" width=\"1020\" height=\"380\" src=\"https:\/\/todosplanosdesaude.com.br\/bradesco-saude\/wp-content\/uploads\/2021\/02\/planos-bradesco-1024x381.png\" class=\"attachment-large size-large\" alt=\"\" srcset=\"https:\/\/todosplanosdesaude.com.br\/bradesco-saude\/wp-content\/uploads\/2021\/02\/planos-bradesco-1024x381.png 1024w, https:\/\/todosplanosdesaude.com.br\/bradesco-saude\/wp-content\/uploads\/2021\/02\/planos-bradesco-300x111.png 300w, https:\/\/todosplanosdesaude.com.br\/bradesco-saude\/wp-content\/uploads\/2021\/02\/planos-bradesco-768x285.png 768w, https:\/\/todosplanosdesaude.com.br\/bradesco-saude\/wp-content\/uploads\/2021\/02\/planos-bradesco.png 1496w\" sizes=\"auto, (max-width: 1020px) 100vw, 1020px\" \/>\t\t\t\t\t\t\n\t\t\t\t\t<\/div>\n\t\t\t\t\t\t\t\t\n<style>\n#image_581524802 {\n  width: 100%;\n}\n<\/style>\n\t<\/div>\n\t\n\t\t<\/div>\n\t\t\t<\/div>\n\n\t\n<\/div>\n<div class=\"row align-middle\"  id=\"row-1123332457\">\n\n\t<div id=\"col-1701041607\" class=\"col medium-6 small-12 large-6\"  >\n\t\t<div class=\"col-inner\"  >\n\t\t\t\n\t\t\t\n<div class=\"container section-title-container\" ><h3 class=\"section-title section-title-normal\"><b><\/b><span class=\"section-title-main\" >Sa\u00fade<\/span><b><\/b><\/h3><\/div>\n<p>A Bradesco Sa\u00fade lidera o mercado no Brasil e na Am\u00e9rica Latina, reconhecida pela excel\u00eancia em gest\u00e3o de sa\u00fade.<\/p>\n<p>Destacamos-nos pela agilidade, transpar\u00eancia e variedade de produtos, al\u00e9m de contar com eficientes ferramentas de tecnologia.<\/p>\n<p>Oferecemos as melhores solu\u00e7\u00f5es em sa\u00fade e odontologia, com uma ampla rede de consult\u00f3rios, cl\u00ednicas, laborat\u00f3rios e hospitais.<\/p>\n<p>Al\u00e9m disso, possibilitamos o reembolso das despesas m\u00e9dicas e hospitalares realizadas por prestadores de sua livre escolha.<\/p>\n<p><i class=\"icon-checkmark\"><\/i> L\u00edder de mercado no Brasil e Am\u00e9rica Latina<br \/><i class=\"icon-checkmark\"><\/i> + de 4 milh\u00f5es de benefici\u00e1rios<br \/><i class=\"icon-checkmark\"><\/i> + de 2.300 hospitais<br \/><i class=\"icon-checkmark\"><\/i>\u00a0+ de 28.000 cl\u00ednicas e consult\u00f3rios<br \/><i class=\"icon-checkmark\"><\/i>\u00a0+ de 1.000 m\u00e9dicos referenciados<br \/><i class=\"icon-checkmark\"><\/i>\u00a0Rede de descontos em mais de 1.000 estabelecimentos<\/p>\n\t\t<\/div>\n\t\t\t<\/div>\n\n\t\n\n\t<div id=\"col-1941624444\" class=\"col hide-for-small medium-6 small-12 large-6\"  >\n\t\t<div class=\"col-inner\"  >\n\t\t\t\n\t\t\t\n\t<div class=\"img has-hover x md-x lg-x y md-y lg-y\" id=\"image_1070725006\">\n\t\t\t\t\t\t\t\t<div class=\"img-inner dark\" >\n\t\t\t<img loading=\"lazy\" decoding=\"async\" width=\"600\" height=\"600\" src=\"https:\/\/todosplanosdesaude.com.br\/bradesco-saude\/wp-content\/uploads\/2021\/02\/familiabradesco.png\" class=\"attachment-large size-large\" alt=\"\" srcset=\"https:\/\/todosplanosdesaude.com.br\/bradesco-saude\/wp-content\/uploads\/2021\/02\/familiabradesco.png 600w, https:\/\/todosplanosdesaude.com.br\/bradesco-saude\/wp-content\/uploads\/2021\/02\/familiabradesco-300x300.png 300w, https:\/\/todosplanosdesaude.com.br\/bradesco-saude\/wp-content\/uploads\/2021\/02\/familiabradesco-150x150.png 150w\" sizes=\"auto, (max-width: 600px) 100vw, 600px\" \/>\t\t\t\t\t\t\n\t\t\t\t\t<\/div>\n\t\t\t\t\t\t\t\t\n<style>\n#image_1070725006 {\n  width: 100%;\n}\n<\/style>\n\t<\/div>\n\t\n\t\t<\/div>\n\t\t\t<\/div>\n\n\t\n<\/div>\n<div class=\"row align-middle\"  id=\"row-1716218174\">\n\n\t<div id=\"col-18590577\" class=\"col medium-6 small-12 large-6\"  >\n\t\t<div class=\"col-inner\"  >\n\t\t\t\n\t\t\t\n\t<div class=\"img has-hover x md-x lg-x y md-y lg-y\" id=\"image_589004498\">\n\t\t\t\t\t\t\t\t<div class=\"img-inner image-cover dark\" style=\"padding-top:252px;\">\n\t\t\t<img loading=\"lazy\" decoding=\"async\" width=\"1020\" height=\"728\" src=\"https:\/\/todosplanosdesaude.com.br\/bradesco-saude\/wp-content\/uploads\/2021\/02\/Rede-Credenciada-1024x731.jpg\" class=\"attachment-large size-large\" alt=\"\" srcset=\"https:\/\/todosplanosdesaude.com.br\/bradesco-saude\/wp-content\/uploads\/2021\/02\/Rede-Credenciada-1024x731.jpg 1024w, https:\/\/todosplanosdesaude.com.br\/bradesco-saude\/wp-content\/uploads\/2021\/02\/Rede-Credenciada-300x214.jpg 300w, https:\/\/todosplanosdesaude.com.br\/bradesco-saude\/wp-content\/uploads\/2021\/02\/Rede-Credenciada-768x548.jpg 768w, https:\/\/todosplanosdesaude.com.br\/bradesco-saude\/wp-content\/uploads\/2021\/02\/Rede-Credenciada-1536x1097.jpg 1536w, https:\/\/todosplanosdesaude.com.br\/bradesco-saude\/wp-content\/uploads\/2021\/02\/Rede-Credenciada.jpg 2000w\" sizes=\"auto, (max-width: 1020px) 100vw, 1020px\" \/>\t\t\t\t\t\t\n\t\t\t\t\t<\/div>\n\t\t\t\t\t\t\t\t\n<style>\n#image_589004498 {\n  width: 100%;\n}\n<\/style>\n\t<\/div>\n\t\n\t\t<\/div>\n\t\t\t<\/div>\n\n\t\n\n\t<div id=\"col-1228389092\" class=\"col medium-6 small-12 large-6\"  >\n\t\t<div class=\"col-inner\"  >\n\t\t\t\n\t\t\t\n<div class=\"container section-title-container\" ><h3 class=\"section-title section-title-normal\"><b><\/b><span class=\"section-title-main\" >REDE CREDENCIADA<\/span><b><\/b><\/h3><\/div>\n<p>A rede credenciada da Bradesco Sa\u00fade \u00e9 nacional e re\u00fane profissionais altamente qualificados. Com mais de 2.300 hospitais, 28 mil cl\u00ednicas e consult\u00f3rios, e 1.000 m\u00e9dicos referenciados, oferece diversas op\u00e7\u00f5es de atendimento.<\/p>\n<p>Al\u00e9m disso, o servi\u00e7o de reembolso permite a livre escolha de prestadores.<\/p>\n\t\t<\/div>\n\t\t\t<\/div>\n\n\t\n<\/div>\n\t\t<\/div>\n\n\t\t\n<style>\n#section_656142679 {\n  padding-top: 30px;\n  padding-bottom: 30px;\n}\n<\/style>\n\t<\/section>\n\t\n","protected":false},"excerpt":{"rendered":"","protected":false},"author":1,"featured_media":0,"parent":0,"menu_order":0,"comment_status":"closed","ping_status":"closed","template":"page-blank.php","meta":{"footnotes":""},"class_list":["post-96","page","type-page","status-publish","hentry"],"yoast_head":"<!-- This site is optimized with the Yoast SEO plugin v25.3.1 - https:\/\/yoast.com\/wordpress\/plugins\/seo\/ -->\n<title>Sobre a Bradesco - Plano de Sa\u00fade Bradesco<\/title>\n<meta name=\"description\" content=\"Saiba tudo sobre o Plano de sa\u00fade Bradesco. Rede Credenciada, Tabela de Valores e Diferenciais. Ligue (11) 3873-0081\" \/>\n<meta name=\"robots\" content=\"index, follow, max-snippet:-1, max-image-preview:large, max-video-preview:-1\" \/>\n<link rel=\"canonical\" href=\"https:\/\/todosplanosdesaude.com.br\/bradesco-saude\/sobre-a-bradesco\/\" \/>\n<meta property=\"og:locale\" content=\"pt_BR\" \/>\n<meta property=\"og:type\" content=\"article\" \/>\n<meta property=\"og:title\" content=\"Sobre a Bradesco - Plano de Sa\u00fade Bradesco\" \/>\n<meta property=\"og:description\" content=\"Saiba tudo sobre o Plano de sa\u00fade Bradesco. Rede Credenciada, Tabela de Valores e Diferenciais. Ligue (11) 3873-0081\" \/>\n<meta property=\"og:url\" content=\"https:\/\/todosplanosdesaude.com.br\/bradesco-saude\/sobre-a-bradesco\/\" \/>\n<meta property=\"og:site_name\" content=\"Plano de Sa\u00fade Bradesco\" \/>\n<meta property=\"article:modified_time\" content=\"2024-05-02T01:42:56+00:00\" \/>\n<meta name=\"twitter:card\" content=\"summary_large_image\" \/>\n<meta name=\"twitter:label1\" content=\"Est. tempo de leitura\" \/>\n\t<meta name=\"twitter:data1\" content=\"2 minutos\" \/>\n<script type=\"application\/ld+json\" class=\"yoast-schema-graph\">{\"@context\":\"https:\/\/schema.org\",\"@graph\":[{\"@type\":\"WebPage\",\"@id\":\"https:\/\/todosplanosdesaude.com.br\/bradesco-saude\/sobre-a-bradesco\/\",\"url\":\"https:\/\/todosplanosdesaude.com.br\/bradesco-saude\/sobre-a-bradesco\/\",\"name\":\"Sobre a Bradesco - Plano de Sa\u00fade Bradesco\",\"isPartOf\":{\"@id\":\"https:\/\/todosplanosdesaude.com.br\/bradesco-saude\/#website\"},\"datePublished\":\"2021-02-12T18:46:56+00:00\",\"dateModified\":\"2024-05-02T01:42:56+00:00\",\"description\":\"Saiba tudo sobre o Plano de sa\u00fade Bradesco. Rede Credenciada, Tabela de Valores e Diferenciais. Ligue (11) 3873-0081\",\"breadcrumb\":{\"@id\":\"https:\/\/todosplanosdesaude.com.br\/bradesco-saude\/sobre-a-bradesco\/#breadcrumb\"},\"inLanguage\":\"pt-BR\",\"potentialAction\":[{\"@type\":\"ReadAction\",\"target\":[\"https:\/\/todosplanosdesaude.com.br\/bradesco-saude\/sobre-a-bradesco\/\"]}]},{\"@type\":\"BreadcrumbList\",\"@id\":\"https:\/\/todosplanosdesaude.com.br\/bradesco-saude\/sobre-a-bradesco\/#breadcrumb\",\"itemListElement\":[{\"@type\":\"ListItem\",\"position\":1,\"name\":\"Home\",\"item\":\"https:\/\/todosplanosdesaude.com.br\/bradesco-saude\/\"},{\"@type\":\"ListItem\",\"position\":2,\"name\":\"Sobre a Bradesco\"}]},{\"@type\":\"WebSite\",\"@id\":\"https:\/\/todosplanosdesaude.com.br\/bradesco-saude\/#website\",\"url\":\"https:\/\/todosplanosdesaude.com.br\/bradesco-saude\/\",\"name\":\"Plano de Sa\u00fade Bradesco\",\"description\":\"\",\"potentialAction\":[{\"@type\":\"SearchAction\",\"target\":{\"@type\":\"EntryPoint\",\"urlTemplate\":\"https:\/\/todosplanosdesaude.com.br\/bradesco-saude\/?s={search_term_string}\"},\"query-input\":{\"@type\":\"PropertyValueSpecification\",\"valueRequired\":true,\"valueName\":\"search_term_string\"}}],\"inLanguage\":\"pt-BR\"}]}<\/script>\n<!-- \/ Yoast SEO plugin. -->","yoast_head_json":{"title":"Sobre a Bradesco - Plano de Sa\u00fade Bradesco","description":"Saiba tudo sobre o Plano de sa\u00fade Bradesco. Rede Credenciada, Tabela de Valores e Diferenciais. Ligue (11) 3873-0081","robots":{"index":"index","follow":"follow","max-snippet":"max-snippet:-1","max-image-preview":"max-image-preview:large","max-video-preview":"max-video-preview:-1"},"canonical":"https:\/\/todosplanosdesaude.com.br\/bradesco-saude\/sobre-a-bradesco\/","og_locale":"pt_BR","og_type":"article","og_title":"Sobre a Bradesco - Plano de Sa\u00fade Bradesco","og_description":"Saiba tudo sobre o Plano de sa\u00fade Bradesco. Rede Credenciada, Tabela de Valores e Diferenciais. Ligue (11) 3873-0081","og_url":"https:\/\/todosplanosdesaude.com.br\/bradesco-saude\/sobre-a-bradesco\/","og_site_name":"Plano de Sa\u00fade Bradesco","article_modified_time":"2024-05-02T01:42:56+00:00","twitter_card":"summary_large_image","twitter_misc":{"Est. tempo de leitura":"2 minutos"},"schema":{"@context":"https:\/\/schema.org","@graph":[{"@type":"WebPage","@id":"https:\/\/todosplanosdesaude.com.br\/bradesco-saude\/sobre-a-bradesco\/","url":"https:\/\/todosplanosdesaude.com.br\/bradesco-saude\/sobre-a-bradesco\/","name":"Sobre a Bradesco - Plano de Sa\u00fade Bradesco","isPartOf":{"@id":"https:\/\/todosplanosdesaude.com.br\/bradesco-saude\/#website"},"datePublished":"2021-02-12T18:46:56+00:00","dateModified":"2024-05-02T01:42:56+00:00","description":"Saiba tudo sobre o Plano de sa\u00fade Bradesco. Rede Credenciada, Tabela de Valores e Diferenciais. Ligue (11) 3873-0081","breadcrumb":{"@id":"https:\/\/todosplanosdesaude.com.br\/bradesco-saude\/sobre-a-bradesco\/#breadcrumb"},"inLanguage":"pt-BR","potentialAction":[{"@type":"ReadAction","target":["https:\/\/todosplanosdesaude.com.br\/bradesco-saude\/sobre-a-bradesco\/"]}]},{"@type":"BreadcrumbList","@id":"https:\/\/todosplanosdesaude.com.br\/bradesco-saude\/sobre-a-bradesco\/#breadcrumb","itemListElement":[{"@type":"ListItem","position":1,"name":"Home","item":"https:\/\/todosplanosdesaude.com.br\/bradesco-saude\/"},{"@type":"ListItem","position":2,"name":"Sobre a Bradesco"}]},{"@type":"WebSite","@id":"https:\/\/todosplanosdesaude.com.br\/bradesco-saude\/#website","url":"https:\/\/todosplanosdesaude.com.br\/bradesco-saude\/","name":"Plano de Sa\u00fade Bradesco","description":"","potentialAction":[{"@type":"SearchAction","target":{"@type":"EntryPoint","urlTemplate":"https:\/\/todosplanosdesaude.com.br\/bradesco-saude\/?s={search_term_string}"},"query-input":{"@type":"PropertyValueSpecification","valueRequired":true,"valueName":"search_term_string"}}],"inLanguage":"pt-BR"}]}},"_links":{"self":[{"href":"https:\/\/todosplanosdesaude.com.br\/bradesco-saude\/wp-json\/wp\/v2\/pages\/96","targetHints":{"allow":["GET"]}}],"collection":[{"href":"https:\/\/todosplanosdesaude.com.br\/bradesco-saude\/wp-json\/wp\/v2\/pages"}],"about":[{"href":"https:\/\/todosplanosdesaude.com.br\/bradesco-saude\/wp-json\/wp\/v2\/types\/page"}],"author":[{"embeddable":true,"href":"https:\/\/todosplanosdesaude.com.br\/bradesco-saude\/wp-json\/wp\/v2\/users\/1"}],"replies":[{"embeddable":true,"href":"https:\/\/todosplanosdesaude.com.br\/bradesco-saude\/wp-json\/wp\/v2\/comments?post=96"}],"version-history":[{"count":25,"href":"https:\/\/todosplanosdesaude.com.br\/bradesco-saude\/wp-json\/wp\/v2\/pages\/96\/revisions"}],"predecessor-version":[{"id":987,"href":"https:\/\/todosplanosdesaude.com.br\/bradesco-saude\/wp-json\/wp\/v2\/pages\/96\/revisions\/987"}],"wp:attachment":[{"href":"https:\/\/todosplanosdesaude.com.br\/bradesco-saude\/wp-json\/wp\/v2\/media?parent=96"}],"curies":[{"name":"wp","href":"https:\/\/api.w.org\/{rel}","templated":true}]}}