{"id":1258,"date":"2025-03-28T14:22:25","date_gmt":"2025-03-28T14:22:25","guid":{"rendered":"https:\/\/todosplanosdesaude.com.br\/gndi\/rio-de-janeiro\/"},"modified":"2025-03-28T16:12:48","modified_gmt":"2025-03-28T16:12:48","slug":"rio-de-janeiro","status":"publish","type":"page","link":"https:\/\/todosplanosdesaude.com.br\/gndi\/rio-de-janeiro\/","title":{"rendered":"Rio de Janeiro"},"content":{"rendered":"<div id=\"page-header-1380498928\" class=\"page-header-wrapper\">\n<div class=\"page-title dark featured-title\">\n<div class=\"page-title-inner container align-center flex-row medium-flex-wrap\">\n<div class=\"title-wrapper flex-col text-left medium-text-center\">\n<h1 class=\"entry-title mb-0\">Rede Credenciada GNDI Rio de Janeiro<\/h1>\n<\/p>\n<\/div>\n<div class=\"title-content flex-col flex-right text-right medium-text-center\">\n<div class=\"title-breadcrumbs pb-half pt-half\"><\/div>\n<\/p>\n<\/div>\n<\/div>\n<\/div>\n<\/div>\n\t<section class=\"section\" id=\"section_995464849\">\n\t\t<div class=\"bg section-bg fill bg-fill  bg-loaded\" >\n\n\t\t\t\n\t\t\t\n\t\t\t\n\n\t\t<\/div>\n\n\t\t<div class=\"section-content relative\">\n\t\t\t\n<div class=\"row\"  id=\"row-1760195840\">\n\n\t<div id=\"col-810054376\" class=\"col small-12 large-12\"  >\n\t\t<div class=\"col-inner\"  >\n\t\t\t\n\t\t\t\n<table class=\"static small ta-c\">\n<tbody>\n<tr class=\"bgGray\">\n<td class=\"ta-c\" colspan=\"3\"><span class=\"fz-11\">SMART 300<\/span><\/td>\n<\/tr>\n<tr class=\"bgGray\">\n<td class=\"ta-l\" colspan=\"3\"><strong>Hospitais<\/strong>\u00a0(40)<\/td>\n<\/tr>\n<tr>\n<td class=\"ta-l va-t\" colspan=\"1\">\n<div class=\"fz-7\"><strong>Rio de Janeiro &#8211; Zona Central<\/strong><br \/>IORJ &#8211; INST. DE OFTALMOLOGIA DO RIO DE JANEIRO &#8211; H\/ PS<br \/><strong>Niter\u00f3i &#8211; Zona Sul<\/strong><br \/>CL\u00cdNICA LUIZ PIRES DE MELLO &#8211; H\/ PS<br \/>HOSPITAL DE CL\u00cdNICAS DO ING\u00c1 &#8211; H<br \/>HOSPITAL SANTA MARTHA &#8211; H\/ PS<br \/>HOSPITAL E MATERNIDADE S\u00c3O FRANCISCO. &#8211; M\/ PS &#8211; PS Obst\u00e9trico<br \/><strong>Rio de Janeiro &#8211; Zona Sul<\/strong><br \/>CLINICA DA G\u00c1VEA &#8211; H<br \/>HOSPITAL QUALI IPANEMA &#8211; H\/ PS<br \/>POLICL\u00cdNICA DE BOTAFOGO. &#8211; H\/ PS<br \/>CL\u00cdNICA CIR\u00daRGICA SANTA B\u00c1RBARA. &#8211; H<br \/>CL\u00cdNICA S\u00c3O CARLOS (BOTAFOGO) &#8211; H<br \/><strong>Rio de Janeiro &#8211; Zona Norte<\/strong><br \/>AMERICAS OFTALMOCENTER &#8211; H\/ PS<br \/>CASA DE SA\u00daDE S\u00c3O BENTO. &#8211; H\/ PS<br \/>CL\u00cdNICA CRISTO REI. &#8211; H\/ PS<\/div>\n<\/td>\n<td class=\"ta-l va-t\" colspan=\"1\">\n<div class=\"fz-7\">CL\u00cdNICA DE REPOUSO SANTA ALICE &#8211; H<br \/>CTO &#8211; CL\u00cdNICA TRAUMATO ORTOP\u00c9DICA (MADUREIRA) &#8211; H\/ PS<br \/>FUNDA\u00c7\u00c3O ARY FRAUZINO &#8211; H\/ PS<br \/>HOSPITAL CL\u00cdNICA GRAJA\u00da &#8211; H\/ PS<br \/>HOSPITAL IRAJ\u00c1 &#8211; H\/ PS<br \/>HOSPITAL TIJUCA &#8211; PS<br \/>HOSPITAL TIJUTRAUMA &#8211; H\/ PS<br \/>PRONTOBABY LEOPOLDINA &#8211; PSI<br \/>SAMCI (ANDARA\u00cd) &#8211; H<br \/>CASA DE SA\u00daDE GRANDE RIO. &#8211; H<br \/>PRONTOBABY &#8211; TIJUCA &#8211; H<br \/><strong>Rio de Janeiro &#8211; Zona Oeste<\/strong><br \/>AMIU &#8211; ASSIST. M\u00c9D. PEDI\u00c1TRICA DE URGENCIA &#8211; H\/ M\/ PS &#8211; PS Obst\u00e9trico<br \/>CC ZONA OESTE &#8211; INTERM\u00c9DICA &#8211; PA &#8211; PA (24 HORAS)<br \/>CEMERU &#8211; AMESC ASSOCIACAO MEDICA ESPIRITA CRISTA (CAMPO GRANDE) &#8211; PS<br \/>HOSPITAL BARRA DAY &#8211; PS (OFTALMO)<br \/>HOSPITAL DE CL\u00cdNICAS DE JACAREPAGU\u00c1. &#8211; H\/ PS<\/div>\n<\/td>\n<td class=\"ta-l va-t\" colspan=\"1\">\n<div class=\"fz-7\">HOSPITAL INTERM\u00c9DICA JACAREPAGU\u00c1 &#8211; H\/ M\/ PS<br \/>HOSPITAL RIO MAR &#8211; H\/ PS<br \/><strong>Niter\u00f3i &#8211; Outras Regi\u00f5es<\/strong><br \/>CLIPE CL\u00cdNICA PEDI\u00c1TRICA &#8211; PA &#8211; Hor\u00e1rio de atendimento diferenciado<br \/><strong>S\u00e3o Gon\u00e7alo &#8211; Outras Regi\u00f5es<\/strong><br \/>CC S\u00c3O GON\u00c7ALO. &#8211; PA &#8211; * Hor\u00e1rio de atendimento diferenciado<br \/>SAMCORDIS &#8211; HOSP. DO CORA\u00c7\u00c3O. &#8211; H<br \/><strong>Duque de Caxias &#8211; Outras Regi\u00f5es<\/strong><br \/>C. C. DUQUE DE CAXIAS &#8211; PA &#8211; * Hor\u00e1rio de atendimento diferenciado<br \/>HOSPITAL DANIEL LIPP &#8211; H\/ M\/ PS<br \/>H S COR SERV. DE HEM DE DUQUE DE CAXIAS &#8211; H<br \/><strong>Nova Igua\u00e7u &#8211; Outras Regi\u00f5es<\/strong><br \/>EMCOR &#8211; HOSPITAL DO CORA\u00c7\u00c3O DE NOVA IGUA\u00c7U. &#8211; H\/ PS<br \/>HOSPITAL GERAL PRONTONIL. &#8211; H\/ PS<br \/><strong>Mesquita &#8211; Outras Regi\u00f5es<\/strong><br \/>HOSP. DAS CL\u00cdNICAS DE NOVA IGUA\u00c7U. &#8211; H\/ PS<\/div>\n<\/td>\n<\/tr>\n<tr class=\"bgGray\">\n<td class=\"ta-c\" colspan=\"3\"><span class=\"fz-11\">SMART 400<\/span>\u00a0(+ SMART 300)<\/td>\n<\/tr>\n<tr class=\"bgGray\">\n<td class=\"ta-l\" colspan=\"3\"><strong>Hospitais<\/strong>\u00a0(9)<\/td>\n<\/tr>\n<tr>\n<td class=\"ta-l va-t\" colspan=\"1\">\n<div class=\"fz-7\"><strong>Rio de Janeiro &#8211; Zona Sul<\/strong><br \/>CENTRO PEDI\u00c1TRICO DA LAGOA &#8211; H\/ PS<br \/>PR\u00d3-OFTALMO MICRO CIRURGIA OCULAR &#8211; H<br \/><strong>Rio de Janeiro &#8211; Zona Norte<\/strong><br \/>CASA DE SA\u00daDE SANTA THEREZINHA &#8211; H<\/div>\n<\/td>\n<td class=\"ta-l va-t\" colspan=\"1\">\n<div class=\"fz-7\">HOSPITAL BALBINO &#8211; H\/ PS<br \/>HOSPITAL CRIAN\u00c7A 24 HORAS &#8211; PA &#8211; PA 24 Horas<br \/><strong>Rio de Janeiro &#8211; Zona Oeste<\/strong><br \/>HOSPITAL NOSSA SENHORA DO CARMO (CAMPO GRANDE) &#8211; H\/ M\/ PS<br \/>CL\u00cdNICA PEDI\u00c1TRICA DA BARRA &#8211; H<\/div>\n<\/td>\n<td class=\"ta-l va-t\" colspan=\"1\">\n<div class=\"fz-7\"><strong>S\u00e3o Gon\u00e7alo &#8211; Outras Regi\u00f5es<\/strong><br \/>CL\u00cdNICA S\u00c3O GON\u00c7ALO &#8211; H\/ PS<br \/><strong>Duque de Caxias &#8211; Outras Regi\u00f5es<\/strong><br \/>HOSPITAL SANTA BRANCA &#8211; H\/ M<\/div>\n<\/td>\n<\/tr>\n<tr class=\"bgGray\">\n<td class=\"ta-c\" colspan=\"3\"><span class=\"fz-11\">SMART 500<\/span>\u00a0(+ SMART 400)<\/td>\n<\/tr>\n<tr class=\"bgGray\">\n<td class=\"ta-l\" colspan=\"3\"><strong>Hospitais<\/strong>\u00a0(37)<\/td>\n<\/tr>\n<tr>\n<td class=\"ta-l va-t\" colspan=\"1\">\n<div class=\"fz-7\"><strong>Niter\u00f3i &#8211; Zona Central<\/strong><br \/>CHN &#8211; COMPLEXO HOSPITALAR DE NITER\u00d3I &#8211; H\/ M\/ PS<br \/><strong>Rio de Janeiro &#8211; Zona Sul<\/strong><br \/>CASA DE SA\u00daDE SANTA L\u00daCIA &#8211; H\/ PS<br \/>IBOL &#8211; INSTITUTO BRASILEIRO DE OFTALMOLOGIA &#8211; PS<br \/><strong>Niter\u00f3i &#8211; Zona Norte<\/strong><br \/>HOSP. OFTALMO. SANTA BEATRIZ &#8211; H<br \/><strong>Rio de Janeiro &#8211; Zona Norte<\/strong><br \/>CASA DE SA\u00daDE SANTA THEREZINHA &#8211; PS<br \/>HOSPITAL S\u00c3O FRANCISCO NA PROVID\u00caNCIA DE DEUS &#8211; H\/ PS<br \/>HOSPITAL ISRAELITA ALBERT SABIN &#8211; H\/ PS &#8211; Exceto categoria PREMIUM 900.1 Care<br \/><strong>Rio de Janeiro &#8211; Zona Oeste<\/strong><br \/>HOSPITAL S\u00c3O MATHEUS &#8211; H\/ PS<br \/>HOSPITAL BANGU. (REDE D&#8217;OR) &#8211; H\/ PS<br \/><strong>Niter\u00f3i &#8211; Outras Regi\u00f5es<\/strong><br \/>HOSPITAL DE CL\u00cdNICAS ALAMEDA &#8211; H\/ PS<br \/><strong>Itabora\u00ed &#8211; Outras Regi\u00f5es<\/strong><br \/>HOSPITAL ADVENTISTA SILVESTRE &#8211; H\/ PS<br \/><strong>Itagua\u00ed &#8211; Outras Regi\u00f5es<\/strong><br \/>CEMERU &#8211; ITAGUAI &#8211; H\/ M\/ PS<\/div>\n<\/td>\n<td class=\"ta-l va-t\" colspan=\"1\">\n<div class=\"fz-7\"><strong>Paracambi &#8211; Outras Regi\u00f5es<\/strong><br \/>CASA SA\u00daDE N. S. AP. DE PARACAMBI SA &#8211; H\/ M\/ PS<br \/><strong>Cabo Frio &#8211; Outras Regi\u00f5es<\/strong><br \/>HOSP. SANTA IZABEL &#8211; M<br \/><strong>Petr\u00f3polis &#8211; Interior<\/strong><br \/>HOSPITAL SANTA TERESA &#8211; H<br \/><strong>Petr\u00f3polis &#8211; Outras Regi\u00f5es<\/strong><br \/>HOSPITAL SMH &#8211; SOCIEDADE M\u00c9DICO HOSPITALAR &#8211; H\/ M\/ PS<br \/><strong>Araruama &#8211; Outras Regi\u00f5es<\/strong><br \/>HC LAGOS &#8211; H\/ M\/ PS<br \/><strong>Barra Mansa &#8211; Outras Regi\u00f5es<\/strong><br \/>CASA DE SA\u00daDE SANTA MARIA &#8211; H\/ M\/ PS<br \/><strong>Campos dos Goytacazes &#8211; Outras Regi\u00f5es<\/strong><br \/>CENTROCOR SERVI\u00c7OS M\u00c9DICOS &#8211; H\/ PS<br \/>CLINICA LILIA NEVES &#8211; H\/ M\/ PS<br \/>HOSPITAL DR. BEDA &#8211; H\/ PS<br \/>INSTITUTO DE MEDICINA NUCLEAR E ENDOCRINOLOGIA &#8211; H\/ PS<br \/>PRONTOCARDIO &#8211; H\/ PS<br \/><strong>Maca\u00e9 &#8211; Outras Regi\u00f5es<\/strong><br \/>CL\u00cdNICA S\u00c3O LUCAS LTDA &#8211; H\/ M\/ PS<\/div>\n<\/td>\n<td class=\"ta-l va-t\" colspan=\"1\">\n<div class=\"fz-7\"><strong>Angra dos Reis &#8211; Outras Regi\u00f5es<\/strong><br \/>HOSP. DE PRAIA BRAVA &#8211; H\/ M\/ PS<br \/><strong>Rio das Ostras &#8211; Outras Regi\u00f5es<\/strong><br \/>CL\u00cdNICA MATER DEI &#8211; H\/ M\/ PS<br \/><strong>Resende &#8211; Outras Regi\u00f5es<\/strong><br \/>SAMER HOSPITAL. &#8211; H\/ M\/ PS<br \/><strong>Teres\u00f3polis &#8211; Outras Regi\u00f5es<\/strong><br \/>BENEFIC\u00caNCIA PORTUGUESA DE TERES\u00d3POLIS &#8211; H\/ M\/ PS &#8211; PS Obst\u00e9trico<br \/>HOSPITAL DAS CL\u00cdNICAS DE TERES\u00d3POLIS &#8211; H\/ M\/ PS<br \/>HOSPITAL S\u00c3O JOSE &#8211; H\/ PS<br \/><strong>Volta Redonda &#8211; Outras Regi\u00f5es<\/strong><br \/>HOSPITAL JARDIM AMALIA &#8211; H\/ M\/ PS<br \/>HOSPITAL SANTA CECILIA &#8211; H\/ M\/ PS<br \/>HOSPITAL VITA VOLTA REDONDA. &#8211; H\/ M\/ PS<br \/>ORTO SIDER CENTRO ORTOP\u00c9DICO LTDA. &#8211; EPP &#8211; PA &#8211; * Hor\u00e1rio de atendimento diferenciado<br \/>PROSIMTRA MOLEQUE TRAVESSO &#8211; PA &#8211; * Hor\u00e1rio de atendimento diferenciado<br \/>VIVER MAIS HOSPITAL &#8211; H\/ PS<br \/><strong>Tr\u00eas Rios &#8211; Outras Regi\u00f5es<\/strong><br \/>HOSP CL\u00cdNICAS NOSSA SRA DA CONCEI\u00c7\u00c3O &#8211; H\/ M\/ PS<\/div>\n<\/td>\n<\/tr>\n<tr class=\"bgGray\">\n<td class=\"ta-c\" colspan=\"3\"><span class=\"fz-11\">ADVANCE 600<\/span>\u00a0(+ SMART 500)<\/td>\n<\/tr>\n<tr class=\"bgGray\">\n<td class=\"ta-l\" colspan=\"3\"><strong>Hospitais<\/strong>\u00a0(24)<\/td>\n<\/tr>\n<tr>\n<td class=\"ta-l va-t\" colspan=\"1\">\n<div class=\"fz-7\"><strong>Rio de Janeiro &#8211; Zona Sul<\/strong><br \/>CASA DE SA\u00daDE PINHEIRO MACHADO. &#8211; H\/ PS<br \/>CL\u00cdNICA CIR\u00daRGICA SANTA B\u00c1RBARA. &#8211; H\/ M\/ PS<br \/>CL\u00cdNICA S\u00c3O CARLOS (BOTAFOGO) &#8211; H\/ PS<br \/>HOSPITAL S\u00c3O LUCAS &#8211; H\/ PS<br \/><strong>Niter\u00f3i &#8211; Zona Norte<\/strong><br \/>HOSP. OFTALMO. SANTA BEATRIZ &#8211; H\/ PS<br \/><strong>Rio de Janeiro &#8211; Zona Norte<\/strong><br \/>CASA DE SA\u00daDE GRANDE RIO. &#8211; H\/ M\/ PS<br \/>CL\u00cdNICA BENEFICIENTE GUANABARA &#8211; PS<br \/>HOSP DE CLINICAS DR ALOAN &#8211; H\/ PS<br \/>HOSPITAL M\u00c1RIO KROEFF. &#8211; H\/ PS<\/div>\n<\/td>\n<td class=\"ta-l va-t\" colspan=\"1\">\n<div class=\"fz-7\">NORTECOR HOSPITAL DE CL\u00cdNICAS &#8211; H\/ PS<br \/>PRONTOBABY &#8211; M\u00c9IER &#8211; PA &#8211; PEDI\u00c1TRICO<br \/>PRONTOBABY &#8211; TIJUCA &#8211; H\/ PS<br \/><strong>Rio de Janeiro &#8211; Zona Oeste<\/strong><br \/>CALREN HOSPITAL DE C\u00c1LCULO RENAL. &#8211; H\/ PS<br \/>CL\u00cdNICA PEDI\u00c1TRICA DA BARRA &#8211; H\/ PS<br \/>HOSPITAL S\u00c3O LOUREN\u00c7O. &#8211; H\/ PS<br \/>HOSPITAL BANGU. (REDE D&#8217;OR) &#8211; H\/ M\/ PS &#8211; Exceto categoria PREMIUM 900.1 Care<br \/><strong>S\u00e3o Gon\u00e7alo &#8211; Outras Regi\u00f5es<\/strong><br \/>SAMCORDIS &#8211; HOSP. DO CORA\u00c7\u00c3O. &#8211; H\/ PS<br \/><strong>Duque de Caxias &#8211; Outras Regi\u00f5es<\/strong><br \/>HOSPITAL DE CL\u00cdNICAS M\u00c1RIO LIONI &#8211; H\/ M\/ PS<\/div>\n<\/td>\n<td class=\"ta-l va-t\" colspan=\"1\">\n<div class=\"fz-7\">HOSPITAL SANTA BRANCA &#8211; H\/ M\/ PS<br \/><strong>Nil\u00f3polis &#8211; Outras Regi\u00f5es<\/strong><br \/>CENTRO M\u00c9DICO DOMINGOS LOUREN\u00c7O &#8211; H<br \/><strong>Nova Friburgo &#8211; Outras Regi\u00f5es<\/strong><br \/>HOSPITAL SERRANO &#8211; H\/ M\/ PS<br \/><strong>Petr\u00f3polis &#8211; Interior<\/strong><br \/>HOSPITAL SANTA TERESA &#8211; H\/ M\/ PS<br \/><strong>Teres\u00f3polis &#8211; Outras Regi\u00f5es<\/strong><br \/>HOSPITAL S\u00c3O JOSE &#8211; H\/ M\/ PS<br \/><strong>Vassouras &#8211; Outras Regi\u00f5es<\/strong><br \/>HOSPITAL UNIVERSIT\u00c1RIO SUL FLUMINENSE &#8211; H\/ PS<\/div>\n<\/td>\n<\/tr>\n<tr class=\"bgGray\">\n<td class=\"ta-c\" colspan=\"3\"><span class=\"fz-11\">ADVANCE 700<\/span>\u00a0(+ ADVANCE 600)<\/td>\n<\/tr>\n<tr class=\"bgGray\">\n<td class=\"ta-l\" colspan=\"3\"><strong>Hospitais<\/strong>\u00a0(12)<\/td>\n<\/tr>\n<tr>\n<td class=\"ta-l va-t\" colspan=\"1\">\n<div class=\"fz-7\"><strong>Rio de Janeiro &#8211; Zona Central<\/strong><br \/>HOSPITAL ADVENTISTA SILVESTRE &#8211; H\/ PS<br \/><strong>Niter\u00f3i &#8211; Zona Sul<\/strong><br \/>HOSPITAL E MATERNIDADE S\u00c3O FRANCISCO. &#8211; H\/ M\/ PS<br \/>OFTALMOCL\u00cdNICA ICARA\u00cd &#8211; H\/ PS<br \/><strong>Rio de Janeiro &#8211; Zona Norte<\/strong><br \/>DAY CLINIC RIO &#8211; H<\/div>\n<\/td>\n<td class=\"ta-l va-t\" colspan=\"1\">\n<div class=\"fz-7\">HOSP. DE OLHOS DO MEIER &#8211; H<br \/>HOSPITAL PASTEUR &#8211; H\/ M\/ PS<br \/>INSTITUTO MINNESOTA &#8211; H<br \/>HOSPITAL BADIM &#8211; H\/ PS &#8211; Exceto categoria PREMIUM 900.1 Care<br \/><strong>Rio de Janeiro &#8211; Zona Oeste<\/strong><br \/>HOSPITAL VIT\u00d3RIA. (BARRA DA TIJUCA) &#8211; H\/ PS<\/div>\n<\/td>\n<td class=\"ta-l va-t\" colspan=\"1\">\n<div class=\"fz-7\"><strong>S\u00e3o Gon\u00e7alo &#8211; Outras Regi\u00f5es<\/strong><br \/>HOSP. ATL\u00c2NTICO &#8211; PS<br \/>OFTALMOCL\u00cdNICA S\u00c3O GON\u00c7ALO &#8211; H<br \/><strong>S\u00e3o Fid\u00e9lis &#8211; Outras Regi\u00f5es<\/strong><br \/>HOSPITAL ARMANDO VIDAL &#8211; H\/ PS<\/div>\n<\/td>\n<\/tr>\n<tr class=\"bgGray\">\n<td class=\"ta-c\" colspan=\"3\"><span class=\"fz-11\">PREMIUM 900.1 CARE<\/span>\u00a0(+ ADVANCE 700)<\/td>\n<\/tr>\n<tr class=\"bgGray\">\n<td class=\"ta-l\" colspan=\"3\"><strong>Hospitais<\/strong>\u00a0(4)<\/td>\n<\/tr>\n<tr>\n<td class=\"ta-l va-t\" colspan=\"1\">\n<div class=\"fz-7\"><strong>Rio de Janeiro &#8211; Zona Sul<\/strong><br \/>CASA DE SA\u00daDE S\u00c3O JOS\u00c9. &#8211; H\/ M\/ PS<br \/>HOSPITAL PR\u00d3-CARD\u00cdACO (BOTAFOGO). &#8211; H\/ PS<\/div>\n<\/td>\n<td class=\"ta-l va-t\" colspan=\"1\">\n<div class=\"fz-7\"><strong>Rio de Janeiro &#8211; Zona Norte<\/strong><br \/>SEPTO &#8211; PA &#8211; PA (24 HORAS)<br \/><strong>Rio de Janeiro &#8211; Zona Oeste<\/strong><br \/>CL\u00cdNICA PERINATAL BARRA &#8211; H\/ M\/ PS\/ POP<\/div>\n<\/td>\n<td colspan=\"1\">\u00a0<\/td>\n<\/tr>\n<\/tbody>\n<\/table>\n<p>\u00a0<\/p>\n<table class=\"static small\">\n<tbody>\n<tr class=\"bgGray\">\n<td class=\"ta-l\">Legendas<\/td>\n<\/tr>\n<tr>\n<td class=\"ta-l\">H &#8211; Interna\u00e7\u00e3o Eletiva, PS &#8211; Pronto Socorro, M &#8211; Maternidade, PA &#8211; Pronto Atendimento, POP &#8211; Pronto Socorro Obst\u00e9trico Pedi\u00e1trico, PSI &#8211; Pronto Socorro Infantil, *NA &#8211; Atendimento n\u00e3o especificado pela Operadora<\/td>\n<\/tr>\n<\/tbody>\n<\/table>\n\t\t<\/div>\n\t\t\t<\/div>\n\n\t\n<\/div>\n\t\t<\/div>\n\n\t\t\n<style>\n#section_995464849 {\n  padding-top: 30px;\n  padding-bottom: 30px;\n}\n<\/style>\n\t<\/section>\n\t\n<div class=\"message-box relative dark\" style=\"padding-top:15px;padding-bottom:15px;\"><div class=\"message-box-bg-image bg-fill fill\" ><\/div><div class=\"message-box-bg-overlay bg-fill fill\" ><\/div><div class=\"container relative\"><div class=\"inner last-reset\">\n<div class=\"row align-middle align-center\"  id=\"row-194946353\">\n\n\t<div id=\"col-980161426\" class=\"col small-12 large-12\"  >\n\t\t<div class=\"col-inner\"  >\n\t\t\t\n\t\t\t\n<p style=\"text-align: center;\"><b>IMPORTANTE!<\/b> As informa\u00e7\u00f5es de redes credenciada contidas neste site, podem sofrer altera\u00e7\u00f5es a qualquer momento. Os produtos apresentados nesse site obedecem \u00e0 legisla\u00e7\u00e3o que regulamenta os seguros e \u00e0s condi\u00e7\u00f5es contratuais, que devem ser lidas previamente \u00e0 sua contrata\u00e7\u00e3o.<\/p>\n\t\t<\/div>\n\t\t\t<\/div>\n\n\t\n<\/div>\n<\/div><\/div><\/div>\n","protected":false},"excerpt":{"rendered":"<p>Rede Credenciada GNDI<\/p>\n","protected":false},"author":0,"featured_media":0,"parent":0,"menu_order":0,"comment_status":"closed","ping_status":"closed","template":"page-blank.php","meta":{"footnotes":""},"class_list":["post-1258","page","type-page","status-publish","hentry"],"yoast_head":"<!-- This site is optimized with the Yoast SEO plugin v25.3.1 - https:\/\/yoast.com\/wordpress\/plugins\/seo\/ -->\n<title>Rio de Janeiro - Plano de Sa\u00fade GNDI<\/title>\n<meta name=\"robots\" content=\"index, follow, max-snippet:-1, max-image-preview:large, max-video-preview:-1\" \/>\n<link rel=\"canonical\" href=\"https:\/\/todosplanosdesaude.com.br\/gndi\/rio-de-janeiro\/\" \/>\n<meta property=\"og:locale\" content=\"pt_BR\" \/>\n<meta property=\"og:type\" content=\"article\" \/>\n<meta property=\"og:title\" content=\"Rio de Janeiro - Plano de Sa\u00fade GNDI\" \/>\n<meta property=\"og:description\" content=\"Rede Credenciada GNDI\" \/>\n<meta property=\"og:url\" content=\"https:\/\/todosplanosdesaude.com.br\/gndi\/rio-de-janeiro\/\" \/>\n<meta property=\"og:site_name\" content=\"Plano de Sa\u00fade GNDI\" \/>\n<meta property=\"article:modified_time\" content=\"2025-03-28T16:12:48+00:00\" \/>\n<meta name=\"twitter:card\" content=\"summary_large_image\" \/>\n<meta name=\"twitter:label1\" content=\"Est. tempo de leitura\" \/>\n\t<meta name=\"twitter:data1\" content=\"7 minutos\" \/>\n<script type=\"application\/ld+json\" class=\"yoast-schema-graph\">{\"@context\":\"https:\/\/schema.org\",\"@graph\":[{\"@type\":\"WebPage\",\"@id\":\"https:\/\/todosplanosdesaude.com.br\/gndi\/rio-de-janeiro\/\",\"url\":\"https:\/\/todosplanosdesaude.com.br\/gndi\/rio-de-janeiro\/\",\"name\":\"Rio de Janeiro - Plano de Sa\u00fade GNDI\",\"isPartOf\":{\"@id\":\"https:\/\/todosplanosdesaude.com.br\/gndi\/#website\"},\"datePublished\":\"2025-03-28T14:22:25+00:00\",\"dateModified\":\"2025-03-28T16:12:48+00:00\",\"breadcrumb\":{\"@id\":\"https:\/\/todosplanosdesaude.com.br\/gndi\/rio-de-janeiro\/#breadcrumb\"},\"inLanguage\":\"pt-BR\",\"potentialAction\":[{\"@type\":\"ReadAction\",\"target\":[\"https:\/\/todosplanosdesaude.com.br\/gndi\/rio-de-janeiro\/\"]}]},{\"@type\":\"BreadcrumbList\",\"@id\":\"https:\/\/todosplanosdesaude.com.br\/gndi\/rio-de-janeiro\/#breadcrumb\",\"itemListElement\":[{\"@type\":\"ListItem\",\"position\":1,\"name\":\"Home\",\"item\":\"https:\/\/todosplanosdesaude.com.br\/gndi\/\"},{\"@type\":\"ListItem\",\"position\":2,\"name\":\"Rio de Janeiro\"}]},{\"@type\":\"WebSite\",\"@id\":\"https:\/\/todosplanosdesaude.com.br\/gndi\/#website\",\"url\":\"https:\/\/todosplanosdesaude.com.br\/gndi\/\",\"name\":\"Plano de Sa\u00fade GNDI\",\"description\":\"\",\"potentialAction\":[{\"@type\":\"SearchAction\",\"target\":{\"@type\":\"EntryPoint\",\"urlTemplate\":\"https:\/\/todosplanosdesaude.com.br\/gndi\/?s={search_term_string}\"},\"query-input\":{\"@type\":\"PropertyValueSpecification\",\"valueRequired\":true,\"valueName\":\"search_term_string\"}}],\"inLanguage\":\"pt-BR\"}]}<\/script>\n<!-- \/ Yoast SEO plugin. -->","yoast_head_json":{"title":"Rio de Janeiro - Plano de Sa\u00fade GNDI","robots":{"index":"index","follow":"follow","max-snippet":"max-snippet:-1","max-image-preview":"max-image-preview:large","max-video-preview":"max-video-preview:-1"},"canonical":"https:\/\/todosplanosdesaude.com.br\/gndi\/rio-de-janeiro\/","og_locale":"pt_BR","og_type":"article","og_title":"Rio de Janeiro - Plano de Sa\u00fade GNDI","og_description":"Rede Credenciada GNDI","og_url":"https:\/\/todosplanosdesaude.com.br\/gndi\/rio-de-janeiro\/","og_site_name":"Plano de Sa\u00fade GNDI","article_modified_time":"2025-03-28T16:12:48+00:00","twitter_card":"summary_large_image","twitter_misc":{"Est. tempo de leitura":"7 minutos"},"schema":{"@context":"https:\/\/schema.org","@graph":[{"@type":"WebPage","@id":"https:\/\/todosplanosdesaude.com.br\/gndi\/rio-de-janeiro\/","url":"https:\/\/todosplanosdesaude.com.br\/gndi\/rio-de-janeiro\/","name":"Rio de Janeiro - Plano de Sa\u00fade GNDI","isPartOf":{"@id":"https:\/\/todosplanosdesaude.com.br\/gndi\/#website"},"datePublished":"2025-03-28T14:22:25+00:00","dateModified":"2025-03-28T16:12:48+00:00","breadcrumb":{"@id":"https:\/\/todosplanosdesaude.com.br\/gndi\/rio-de-janeiro\/#breadcrumb"},"inLanguage":"pt-BR","potentialAction":[{"@type":"ReadAction","target":["https:\/\/todosplanosdesaude.com.br\/gndi\/rio-de-janeiro\/"]}]},{"@type":"BreadcrumbList","@id":"https:\/\/todosplanosdesaude.com.br\/gndi\/rio-de-janeiro\/#breadcrumb","itemListElement":[{"@type":"ListItem","position":1,"name":"Home","item":"https:\/\/todosplanosdesaude.com.br\/gndi\/"},{"@type":"ListItem","position":2,"name":"Rio de Janeiro"}]},{"@type":"WebSite","@id":"https:\/\/todosplanosdesaude.com.br\/gndi\/#website","url":"https:\/\/todosplanosdesaude.com.br\/gndi\/","name":"Plano de Sa\u00fade GNDI","description":"","potentialAction":[{"@type":"SearchAction","target":{"@type":"EntryPoint","urlTemplate":"https:\/\/todosplanosdesaude.com.br\/gndi\/?s={search_term_string}"},"query-input":{"@type":"PropertyValueSpecification","valueRequired":true,"valueName":"search_term_string"}}],"inLanguage":"pt-BR"}]}},"_links":{"self":[{"href":"https:\/\/todosplanosdesaude.com.br\/gndi\/wp-json\/wp\/v2\/pages\/1258","targetHints":{"allow":["GET"]}}],"collection":[{"href":"https:\/\/todosplanosdesaude.com.br\/gndi\/wp-json\/wp\/v2\/pages"}],"about":[{"href":"https:\/\/todosplanosdesaude.com.br\/gndi\/wp-json\/wp\/v2\/types\/page"}],"replies":[{"embeddable":true,"href":"https:\/\/todosplanosdesaude.com.br\/gndi\/wp-json\/wp\/v2\/comments?post=1258"}],"version-history":[{"count":1,"href":"https:\/\/todosplanosdesaude.com.br\/gndi\/wp-json\/wp\/v2\/pages\/1258\/revisions"}],"predecessor-version":[{"id":1273,"href":"https:\/\/todosplanosdesaude.com.br\/gndi\/wp-json\/wp\/v2\/pages\/1258\/revisions\/1273"}],"wp:attachment":[{"href":"https:\/\/todosplanosdesaude.com.br\/gndi\/wp-json\/wp\/v2\/media?parent=1258"}],"curies":[{"name":"wp","href":"https:\/\/api.w.org\/{rel}","templated":true}]}}