{"id":14,"date":"2021-02-11T16:41:15","date_gmt":"2021-02-11T16:41:15","guid":{"rendered":"https:\/\/todosplanosdesaude.com.br\/gndi\/?page_id=14"},"modified":"2024-05-01T22:53:26","modified_gmt":"2024-05-01T22:53:26","slug":"home","status":"publish","type":"page","link":"https:\/\/todosplanosdesaude.com.br\/gndi\/","title":{"rendered":"Home"},"content":{"rendered":"\n  <div class=\"banner has-hover mtopmen20\" id=\"banner-1747509306\">\n          <div class=\"banner-inner fill\">\n        <div class=\"banner-bg fill\" >\n            <div class=\"bg fill bg-fill \"><\/div>\n                                    \n                    <\/div>\n        <div class=\"banner-layers container\">\n            <div class=\"fill banner-link\"><\/div>            \n   <div id=\"text-box-1525901735\" class=\"text-box banner-layer x50 md-x0 lg-x0 y15 md-y50 lg-y50 res-text\">\n                                <div class=\"text dark\">\n              \n              <div class=\"text-inner text-center\">\n                  \n\t<div id=\"text-968452792\" class=\"text show-for-small\">\n\t\t\n<h3 align=\"center\">Plano de Sa\u00fade Familiar e CNPJ<\/h3>\n<p align=\"center\" style=\"font-size:22px\">At\u00e9 30% mais barato! <br \/>Pre\u00e7o Imbat\u00edvel. Confira!<\/p>\n\t\t\n<style>\n#text-968452792 {\n  font-size: 1.25rem;\n  color: rgb(51, 51, 51);\n}\n#text-968452792 > * {\n  color: rgb(51, 51, 51);\n}\n<\/style>\n\t<\/div>\n\t\n\t<div id=\"text-643715029\" class=\"text hide-for-medium\">\n\t\t\n<h3 align=\"center\">Plano de Sa\u00fade Familiar e CNPJ<\/h3>\n<p align=\"center\" style=\"font-size:22px\">At\u00e9 30% mais barato! Pre\u00e7o Imbat\u00edvel. Confira!<\/p>\n\t\t\n<style>\n#text-643715029 {\n  font-size: 1.25rem;\n  color: rgb(51, 51, 51);\n}\n#text-643715029 > * {\n  color: rgb(51, 51, 51);\n}\n<\/style>\n\t<\/div>\n\t\n<a href=\"https:\/\/todosplanosdesaude.com.br\/gndi\/orcamento\/\" target=\"_self\" class=\"button primary is-larger show-for-small\"  >\n    <span>SOLICITE UM OR\u00e7amento<\/span>\n  <\/a>\n\n<a href=\"https:\/\/todosplanosdesaude.com.br\/gndi\/orcamento\/\" target=\"_self\" class=\"button primary hide-for-medium\"  >\n    <span>SOLICITE UM OR\u00e7amento<\/span>\n  <\/a>\n\n              <\/div>\n           <\/div>\n                            \n<style>\n#text-box-1525901735 {\n  width: 97%;\n}\n#text-box-1525901735 .text {\n  font-size: 100%;\n}\n@media (min-width:550px) {\n  #text-box-1525901735 {\n    width: 47%;\n  }\n}\n<\/style>\n    <\/div>\n \n        <\/div>\n      <\/div>\n\n            \n<style>\n#banner-1747509306 {\n  padding-top: 414px;\n}\n#banner-1747509306 .bg.bg-loaded {\n  background-image: url(https:\/\/todosplanosdesaude.com.br\/gndi\/wp-content\/uploads\/2021\/03\/banner-gndi-1200.png);\n}\n#banner-1747509306 .bg {\n  background-position: 0% 31%;\n}\n@media (min-width:550px) {\n  #banner-1747509306 {\n    padding-top: 600px;\n  }\n}\n<\/style>\n  <\/div>\n\n\n\t<section class=\"section\" id=\"section_555319540\">\n\t\t<div class=\"bg section-bg fill bg-fill  bg-loaded\" >\n\n\t\t\t\n\t\t\t\n\t\t\t\n\n\t\t<\/div>\n\n\t\t<div class=\"section-content relative\">\n\t\t\t\n<div class=\"row row-small\"  id=\"row-1224479098\">\n\n\t<div id=\"col-316143346\" class=\"col medium-3 small-12 large-3\"  >\n\t\t<div class=\"col-inner\"  >\n\t\t\t\n\t\t\t\n\t<div class=\"img has-hover x md-x lg-x y md-y lg-y\" id=\"image_441239377\">\n\t\t\t\t\t\t\t\t<div class=\"img-inner dark\" >\n\t\t\t<img loading=\"lazy\" decoding=\"async\" width=\"978\" height=\"553\" src=\"https:\/\/todosplanosdesaude.com.br\/gndi\/wp-content\/uploads\/2021\/03\/gndi-familiar.jpg\" class=\"attachment-large size-large\" alt=\"\" srcset=\"https:\/\/todosplanosdesaude.com.br\/gndi\/wp-content\/uploads\/2021\/03\/gndi-familiar.jpg 978w, https:\/\/todosplanosdesaude.com.br\/gndi\/wp-content\/uploads\/2021\/03\/gndi-familiar-300x170.jpg 300w, https:\/\/todosplanosdesaude.com.br\/gndi\/wp-content\/uploads\/2021\/03\/gndi-familiar-768x434.jpg 768w\" sizes=\"auto, (max-width: 978px) 100vw, 978px\" \/>\t\t\t\t\t\t\n\t\t\t\t\t<\/div>\n\t\t\t\t\t\t\t\t\n<style>\n#image_441239377 {\n  width: 100%;\n}\n<\/style>\n\t<\/div>\n\t\n<h5>Plano de Sa\u00fade Familiar<\/h5>\n<p style=\"font-size: 13px;\">A principal vantagem de adquirir um plano familiar utilizando um CNPJ \u00e9 o pre\u00e7o, que geralmente \u00e9 at\u00e9 30% mais baixo em compara\u00e7\u00e3o com os planos por ades\u00e3o.<\/p>\n<a href=\"https:\/\/todosplanosdesaude.com.br\/gndi\/plano-de-saude-familiar\/\" target=\"_self\" class=\"button primary is-outline is-smaller\"  >\n    <span>SAIBA MAIS<\/span>\n  <\/a>\n\n\t<div id=\"gap-550600472\" class=\"gap-element clearfix show-for-small\" style=\"display:block; height:auto;\">\n\t\t\n<style>\n#gap-550600472 {\n  padding-top: 30px;\n}\n<\/style>\n\t<\/div>\n\t\n\t\t<\/div>\n\t\t\t<\/div>\n\n\t\n\n\t<div id=\"col-1741583984\" class=\"col medium-3 small-12 large-3\"  >\n\t\t<div class=\"col-inner\"  >\n\t\t\t\n\t\t\t\n\t<div class=\"img has-hover x md-x lg-x y md-y lg-y\" id=\"image_264570352\">\n\t\t\t\t\t\t\t\t<div class=\"img-inner dark\" >\n\t\t\t<img loading=\"lazy\" decoding=\"async\" width=\"978\" height=\"553\" src=\"https:\/\/todosplanosdesaude.com.br\/gndi\/wp-content\/uploads\/2021\/03\/gndi-mei.jpg\" class=\"attachment-large size-large\" alt=\"\" srcset=\"https:\/\/todosplanosdesaude.com.br\/gndi\/wp-content\/uploads\/2021\/03\/gndi-mei.jpg 978w, https:\/\/todosplanosdesaude.com.br\/gndi\/wp-content\/uploads\/2021\/03\/gndi-mei-300x170.jpg 300w, https:\/\/todosplanosdesaude.com.br\/gndi\/wp-content\/uploads\/2021\/03\/gndi-mei-768x434.jpg 768w\" sizes=\"auto, (max-width: 978px) 100vw, 978px\" \/>\t\t\t\t\t\t\n\t\t\t\t\t<\/div>\n\t\t\t\t\t\t\t\t\n<style>\n#image_264570352 {\n  width: 100%;\n}\n<\/style>\n\t<\/div>\n\t\n<h5>Plano de Sa\u00fade MEI<\/h5>\n<p style=\"font-size: 13px;\">A contrata\u00e7\u00e3o por meio de um MEI oferece a mesma estrutura e benef\u00edcios de um plano empresarial, com acesso a toda a rede da GNDI Sa\u00fade.<\/p>\n<a href=\"https:\/\/todosplanosdesaude.com.br\/gndi\/plano-de-saude-mei\/\" target=\"_self\" class=\"button primary is-outline is-smaller\"  >\n    <span>SAIBA MAIS<\/span>\n  <\/a>\n\n\t<div id=\"gap-1218467549\" class=\"gap-element clearfix show-for-small\" style=\"display:block; height:auto;\">\n\t\t\n<style>\n#gap-1218467549 {\n  padding-top: 30px;\n}\n<\/style>\n\t<\/div>\n\t\n\t\t<\/div>\n\t\t\t<\/div>\n\n\t\n\n\t<div id=\"col-1039350846\" class=\"col medium-3 small-12 large-3\"  >\n\t\t<div class=\"col-inner\"  >\n\t\t\t\n\t\t\t\n\t<div class=\"img has-hover x md-x lg-x y md-y lg-y\" id=\"image_2048242524\">\n\t\t\t\t\t\t\t\t<div class=\"img-inner dark\" >\n\t\t\t<img loading=\"lazy\" decoding=\"async\" width=\"978\" height=\"553\" src=\"https:\/\/todosplanosdesaude.com.br\/gndi\/wp-content\/uploads\/2021\/03\/gndi-pme.jpg\" class=\"attachment-large size-large\" alt=\"\" srcset=\"https:\/\/todosplanosdesaude.com.br\/gndi\/wp-content\/uploads\/2021\/03\/gndi-pme.jpg 978w, https:\/\/todosplanosdesaude.com.br\/gndi\/wp-content\/uploads\/2021\/03\/gndi-pme-300x170.jpg 300w, https:\/\/todosplanosdesaude.com.br\/gndi\/wp-content\/uploads\/2021\/03\/gndi-pme-768x434.jpg 768w\" sizes=\"auto, (max-width: 978px) 100vw, 978px\" \/>\t\t\t\t\t\t\n\t\t\t\t\t<\/div>\n\t\t\t\t\t\t\t\t\n<style>\n#image_2048242524 {\n  width: 100%;\n}\n<\/style>\n\t<\/div>\n\t\n<h5>Plano de Sa\u00fade PME<\/h5>\n<p style=\"font-size: 13px;\">Assim como \u00e9 poss\u00edvel contratar para os funcion\u00e1rios, tamb\u00e9m \u00e9 vi\u00e1vel adquirir o plano apenas para os familiares, incluindo marido\/esposa e filhos.<\/p>\n<a href=\"https:\/\/todosplanosdesaude.com.br\/gndi\/plano-de-saude-pme\/\" target=\"_self\" class=\"button primary is-outline is-smaller\"  >\n    <span>SAIBA MAIS<\/span>\n  <\/a>\n\n\t<div id=\"gap-762005872\" class=\"gap-element clearfix show-for-small\" style=\"display:block; height:auto;\">\n\t\t\n<style>\n#gap-762005872 {\n  padding-top: 30px;\n}\n<\/style>\n\t<\/div>\n\t\n\t\t<\/div>\n\t\t\t<\/div>\n\n\t\n\n\t<div id=\"col-417103950\" class=\"col medium-3 small-12 large-3\"  >\n\t\t<div class=\"col-inner\"  >\n\t\t\t\n\t\t\t\n\t<div class=\"img has-hover x md-x lg-x y md-y lg-y\" id=\"image_1481537049\">\n\t\t\t\t\t\t\t\t<div class=\"img-inner dark\" >\n\t\t\t<img loading=\"lazy\" decoding=\"async\" width=\"978\" height=\"553\" src=\"https:\/\/todosplanosdesaude.com.br\/gndi\/wp-content\/uploads\/2021\/03\/gndi-empresarial.jpg\" class=\"attachment-large size-large\" alt=\"\" srcset=\"https:\/\/todosplanosdesaude.com.br\/gndi\/wp-content\/uploads\/2021\/03\/gndi-empresarial.jpg 978w, https:\/\/todosplanosdesaude.com.br\/gndi\/wp-content\/uploads\/2021\/03\/gndi-empresarial-300x170.jpg 300w, https:\/\/todosplanosdesaude.com.br\/gndi\/wp-content\/uploads\/2021\/03\/gndi-empresarial-768x434.jpg 768w\" sizes=\"auto, (max-width: 978px) 100vw, 978px\" \/>\t\t\t\t\t\t\n\t\t\t\t\t<\/div>\n\t\t\t\t\t\t\t\t\n<style>\n#image_1481537049 {\n  width: 100%;\n}\n<\/style>\n\t<\/div>\n\t\n<h5>Plano de Sa\u00fade Empresarial<\/h5>\n<p style=\"font-size: 13px;\">O melhor custo-benef\u00edcio para empresas com mais de 29 funcion\u00e1rios oferece todos os planos com abrang\u00eancia nacional e car\u00eancia zero!<\/p>\n<a href=\"https:\/\/todosplanosdesaude.com.br\/gndi\/plano-de-saude-empresarial\/\" target=\"_self\" class=\"button primary is-outline is-smaller\"  >\n    <span>SAIBA MAIS<\/span>\n  <\/a>\n\n\t<div id=\"gap-510249020\" class=\"gap-element clearfix show-for-small\" style=\"display:block; height:auto;\">\n\t\t\n<style>\n#gap-510249020 {\n  padding-top: 30px;\n}\n<\/style>\n\t<\/div>\n\t\n\t\t<\/div>\n\t\t\t<\/div>\n\n\t\n<\/div>\n\t\t<\/div>\n\n\t\t\n<style>\n#section_555319540 {\n  padding-top: 30px;\n  padding-bottom: 30px;\n}\n<\/style>\n\t<\/section>\n\t\n\t<section class=\"section\" id=\"section_485862276\">\n\t\t<div class=\"bg section-bg fill bg-fill  bg-loaded\" >\n\n\t\t\t\n\t\t\t<div class=\"section-bg-overlay absolute fill\"><\/div>\n\t\t\t\n\n\t\t<\/div>\n\n\t\t<div class=\"section-content relative\">\n\t\t\t\n\t<div id=\"gap-57482177\" class=\"gap-element clearfix\" style=\"display:block; height:auto;\">\n\t\t\n<style>\n#gap-57482177 {\n  padding-top: 30px;\n}\n<\/style>\n\t<\/div>\n\t\n<div class=\"row\"  id=\"row-1874034374\">\n\n\t<div id=\"col-1887175786\" class=\"col medium-6 small-12 large-6\"  >\n\t\t<div class=\"col-inner\"  >\n\t\t\t\n\t\t\t\n<h3 class=\"colortema\">GNDI SA\u00daDE &#8211; REDE CREDENCIADA<\/h3>\n<p style=\"font-size: 14px;\">A rede credenciada da GNDI Sa\u00fade abrange mais de 1.700 hospitais e mais de 6.000 laborat\u00f3rios em todo o Brasil.<\/p>\n<p style=\"font-size: 14px;\">Abaixo, destacamos algumas das op\u00e7\u00f5es mais reconhecidas.<\/p>\n<div class=\"row row-collapse\"  id=\"row-746510902\">\n\n\t<div id=\"col-747424966\" class=\"col medium-6 small-12 large-6\"  >\n\t\t<div class=\"col-inner\"  >\n\t\t\t\n\t\t\t\n\t<div id=\"text-1203936451\" class=\"text\">\n\t\t\n<ul style=\"font-size:14px; line-height:17px\">\n<li class=\"color-mid mb-10 bluesul\">Hospital Benefic\u00eancia Portuguesa<\/li>\n<li class=\"color-mid mb-10 bluesul\">Hospital S\u00e3o Luiz<\/li>\n<li class=\"color-mid mb-10 bluesul\">Incor &#8211; Instituto do Cora\u00e7\u00e3o<\/li>\n<li class=\"color-mid mb-10 bluesul\">Hospital S\u00e3o Paulo<\/li>\n<li class=\"color-mid mb-10 bluesul\">Hospital Alvorada<\/li>\n<li class=\"color-mid mb-10 bluesul\">Hospital Nove de Julho<\/li>\n<li class=\"color-mid mb-10 bluesul\">Hospital Metropolitano<\/li>\n<li class=\"color-mid mb-10 bluesul\">Hospital Vit\u00f3ria<\/li>\n<li class=\"color-mid mb-10 bluesul\">Hospital Igesp<\/li>\n<li class=\"color-mid mb-10 bluesul\">Hospital Paulistano<\/li>\n<\/ul>\n\t\t\n<style>\n#text-1203936451 {\n  font-size: 0.75rem;\n}\n<\/style>\n\t<\/div>\n\t\n\t\t<\/div>\n\t\t\t<\/div>\n\n\t\n\n\t<div id=\"col-1716829390\" class=\"col medium-6 small-12 large-6\"  >\n\t\t<div class=\"col-inner\"  >\n\t\t\t\n\t\t\t\n\t<div id=\"text-1626796867\" class=\"text\">\n\t\t\n<ul style=\"font-size:14px; line-height:17px\">\n<li>Hospital San Paolo<\/li>\n<li>Hospital Leforte<\/li>\n<li>Hospital S\u00e3o Camilo<\/li>\n<li>Hospital Santa Catarina<\/li>\n<li>Hospital Santa Joana<\/li>\n<li>HCor &#8211; Hospital do Cora\u00e7\u00e3o<\/li>\n<li>Hospital Samaritano<\/li>\n<li>Hospital Alem\u00e3o Oswaldo Cruz<\/li>\n<li>Hospital Israelita Albert Einstein<\/li>\n<li>Hospital S\u00edrio Liban\u00eas<\/li>\n<\/ul>\n\t\t\n<style>\n#text-1626796867 {\n  font-size: 0.75rem;\n}\n<\/style>\n\t<\/div>\n\t\n\t\t<\/div>\n\t\t\t<\/div>\n\n\t\n<\/div>\n\t\t<\/div>\n\t\t\t<\/div>\n\n\t\n\n\t<div id=\"col-2065574065\" class=\"col hide-for-small medium-6 small-12 large-6\"  >\n\t\t<div class=\"col-inner\"  >\n\t\t\t\n\t\t\t\n\t<div class=\"img has-hover x md-x lg-x y md-y lg-y\" id=\"image_1911144548\">\n\t\t\t\t\t\t\t\t<div class=\"img-inner image-cover dark\" style=\"padding-top:380px;\">\n\t\t\t<img loading=\"lazy\" decoding=\"async\" width=\"555\" height=\"373\" src=\"https:\/\/todosplanosdesaude.com.br\/gndi\/wp-content\/uploads\/2021\/03\/rede-credenciada-home.jpg\" class=\"attachment-large size-large\" alt=\"\" srcset=\"https:\/\/todosplanosdesaude.com.br\/gndi\/wp-content\/uploads\/2021\/03\/rede-credenciada-home.jpg 555w, https:\/\/todosplanosdesaude.com.br\/gndi\/wp-content\/uploads\/2021\/03\/rede-credenciada-home-300x202.jpg 300w\" sizes=\"auto, (max-width: 555px) 100vw, 555px\" \/>\t\t\t\t\t\t\n\t\t\t\t\t<\/div>\n\t\t\t\t\t\t\t\t\n<style>\n#image_1911144548 {\n  width: 100%;\n}\n<\/style>\n\t<\/div>\n\t\n\t\t<\/div>\n\t\t\t<\/div>\n\n\t\n<\/div>\n\t\t<\/div>\n\n\t\t\n<style>\n#section_485862276 {\n  padding-top: 15px;\n  padding-bottom: 15px;\n}\n#section_485862276 .section-bg-overlay {\n  background-color: rgb(250, 250, 250);\n}\n<\/style>\n\t<\/section>\n\t\n\t<section class=\"section padbot0\" id=\"section_1793532415\">\n\t\t<div class=\"bg section-bg fill bg-fill  bg-loaded\" >\n\n\t\t\t\n\t\t\t\n\t\t\t\n\n\t\t<\/div>\n\n\t\t<div class=\"section-content relative\">\n\t\t\t\n<div class=\"row align-middle\"  id=\"row-402139267\">\n\n\t<div id=\"col-702364877\" class=\"col colpad0 hide-for-small medium-6 small-12 large-6\"  >\n\t\t<div class=\"col-inner\"  >\n\t\t\t\n\t\t\t\n\t<div class=\"img has-hover padbot0 x md-x lg-x y md-y lg-y\" id=\"image_594871906\">\n\t\t\t\t\t\t\t\t<div class=\"img-inner dark\" >\n\t\t\t<img loading=\"lazy\" decoding=\"async\" width=\"555\" height=\"355\" src=\"https:\/\/todosplanosdesaude.com.br\/gndi\/wp-content\/uploads\/2021\/03\/06.png\" class=\"attachment-large size-large\" alt=\"\" srcset=\"https:\/\/todosplanosdesaude.com.br\/gndi\/wp-content\/uploads\/2021\/03\/06.png 555w, https:\/\/todosplanosdesaude.com.br\/gndi\/wp-content\/uploads\/2021\/03\/06-300x192.png 300w\" sizes=\"auto, (max-width: 555px) 100vw, 555px\" \/>\t\t\t\t\t\t\n\t\t\t\t\t<\/div>\n\t\t\t\t\t\t\t\t\n<style>\n#image_594871906 {\n  width: 100%;\n}\n<\/style>\n\t<\/div>\n\t\n\t\t<\/div>\n\t\t\t<\/div>\n\n\t\n\n\t<div id=\"col-756514250\" class=\"col colpad0 medium-6 small-12 large-6\"  >\n\t\t<div class=\"col-inner\"  >\n\t\t\t\n\t\t\t\n<h3 class=\"colortema\">SOBRE A GNDI SA\u00daDE<\/h3>\n<p>O Grupo NotreDame Interm\u00e9dica (GNDI) \u00e9 uma operadora de sa\u00fade que coloca o benefici\u00e1rio em primeiro lugar, antecipando suas necessidades antes mesmo que ele perceba.<\/p>\n<p>Com essa abordagem, oferece solu\u00e7\u00f5es completas em sa\u00fade e odontologia tanto para clientes individuais quanto empresariais.<\/p>\n<p><i class=\"fa fa-check\"><\/i>\u00a0Mais de 50 anos no Pa\u00eds<br \/><i class=\"fa fa-check\"><\/i>\u00a06,2 milh\u00f5es de benefici\u00e1rios<br \/><i class=\"fa fa-check\"><\/i>\u00a0Mais de 20 mil colaboradores<br \/><i class=\"fa fa-check\"><\/i>\u00a087 Centros Cl\u00ednicos<br \/><i class=\"fa fa-check\"><\/i>\u00a014 unidades de Medicina Preventiva<br \/><i class=\"fa fa-check\"><\/i>\u00a023 prontos-socorros aut\u00f4nomos<br \/><i class=\"fa fa-check\"><\/i>\u00a024 hospitais<br \/><i class=\"fa fa-check\"><\/i>\u00a012 Unidades para exames de imagens<br \/><i class=\"fa fa-check\"><\/i>\u00a02 Centros de Sa\u00fade exclusivamente para benefici\u00e1rios 50+<\/p>\n\t\t<\/div>\n\t\t\n<style>\n#col-756514250 > .col-inner {\n  padding: 23px 0px 11px 17px;\n}\n@media (min-width:550px) {\n  #col-756514250 > .col-inner {\n    padding: 0px 0px 0px 39px;\n  }\n}\n<\/style>\n\t<\/div>\n\n\t\n<\/div>\n\t\t<\/div>\n\n\t\t\n<style>\n#section_1793532415 {\n  padding-top: 30px;\n  padding-bottom: 30px;\n}\n<\/style>\n\t<\/section>\n\t\n\t<div id=\"gap-1761931497\" class=\"gap-element clearfix\" style=\"display:block; height:auto;\">\n\t\t\n<style>\n#gap-1761931497 {\n  padding-top: 21px;\n}\n<\/style>\n\t<\/div>\n\t\n","protected":false},"excerpt":{"rendered":"","protected":false},"author":1,"featured_media":0,"parent":0,"menu_order":0,"comment_status":"closed","ping_status":"closed","template":"page-blank.php","meta":{"footnotes":""},"class_list":["post-14","page","type-page","status-publish","hentry"],"yoast_head":"<!-- This site is optimized with the Yoast SEO plugin v25.3.1 - https:\/\/yoast.com\/wordpress\/plugins\/seo\/ -->\n<title>Home - Plano de Sa\u00fade GNDI<\/title>\n<meta name=\"description\" content=\"Saiba tudo sobre o Plano de sa\u00fade Interm\u00e9dica. Rede Credenciada, Tabela de Valores e Diferenciais. Ligue (11) 97563-6328\" \/>\n<meta name=\"robots\" content=\"index, follow, max-snippet:-1, max-image-preview:large, max-video-preview:-1\" \/>\n<link rel=\"canonical\" href=\"https:\/\/todosplanosdesaude.com.br\/gndi\/\" \/>\n<meta property=\"og:locale\" content=\"pt_BR\" \/>\n<meta property=\"og:type\" content=\"article\" \/>\n<meta property=\"og:title\" content=\"Home - Plano de Sa\u00fade GNDI\" \/>\n<meta property=\"og:description\" content=\"Saiba tudo sobre o Plano de sa\u00fade Interm\u00e9dica. Rede Credenciada, Tabela de Valores e Diferenciais. Ligue (11) 97563-6328\" \/>\n<meta property=\"og:url\" content=\"https:\/\/todosplanosdesaude.com.br\/gndi\/\" \/>\n<meta property=\"og:site_name\" content=\"Plano de Sa\u00fade GNDI\" \/>\n<meta property=\"article:modified_time\" content=\"2024-05-01T22:53:26+00:00\" \/>\n<meta name=\"twitter:card\" content=\"summary_large_image\" \/>\n<meta name=\"twitter:label1\" content=\"Est. tempo de leitura\" \/>\n\t<meta name=\"twitter:data1\" content=\"3 minutos\" \/>\n<script type=\"application\/ld+json\" class=\"yoast-schema-graph\">{\"@context\":\"https:\/\/schema.org\",\"@graph\":[{\"@type\":\"WebPage\",\"@id\":\"https:\/\/todosplanosdesaude.com.br\/gndi\/\",\"url\":\"https:\/\/todosplanosdesaude.com.br\/gndi\/\",\"name\":\"Home - Plano de Sa\u00fade GNDI\",\"isPartOf\":{\"@id\":\"https:\/\/todosplanosdesaude.com.br\/gndi\/#website\"},\"datePublished\":\"2021-02-11T16:41:15+00:00\",\"dateModified\":\"2024-05-01T22:53:26+00:00\",\"description\":\"Saiba tudo sobre o Plano de sa\u00fade Interm\u00e9dica. Rede Credenciada, Tabela de Valores e Diferenciais. Ligue (11) 97563-6328\",\"breadcrumb\":{\"@id\":\"https:\/\/todosplanosdesaude.com.br\/gndi\/#breadcrumb\"},\"inLanguage\":\"pt-BR\",\"potentialAction\":[{\"@type\":\"ReadAction\",\"target\":[\"https:\/\/todosplanosdesaude.com.br\/gndi\/\"]}]},{\"@type\":\"BreadcrumbList\",\"@id\":\"https:\/\/todosplanosdesaude.com.br\/gndi\/#breadcrumb\",\"itemListElement\":[{\"@type\":\"ListItem\",\"position\":1,\"name\":\"Home\",\"item\":\"https:\/\/todosplanosdesaude.com.br\/gndi\/\"},{\"@type\":\"ListItem\",\"position\":2,\"name\":\"Home\"}]},{\"@type\":\"WebSite\",\"@id\":\"https:\/\/todosplanosdesaude.com.br\/gndi\/#website\",\"url\":\"https:\/\/todosplanosdesaude.com.br\/gndi\/\",\"name\":\"Plano de Sa\u00fade GNDI\",\"description\":\"\",\"potentialAction\":[{\"@type\":\"SearchAction\",\"target\":{\"@type\":\"EntryPoint\",\"urlTemplate\":\"https:\/\/todosplanosdesaude.com.br\/gndi\/?s={search_term_string}\"},\"query-input\":{\"@type\":\"PropertyValueSpecification\",\"valueRequired\":true,\"valueName\":\"search_term_string\"}}],\"inLanguage\":\"pt-BR\"}]}<\/script>\n<!-- \/ Yoast SEO plugin. -->","yoast_head_json":{"title":"Home - Plano de Sa\u00fade GNDI","description":"Saiba tudo sobre o Plano de sa\u00fade Interm\u00e9dica. Rede Credenciada, Tabela de Valores e Diferenciais. Ligue (11) 97563-6328","robots":{"index":"index","follow":"follow","max-snippet":"max-snippet:-1","max-image-preview":"max-image-preview:large","max-video-preview":"max-video-preview:-1"},"canonical":"https:\/\/todosplanosdesaude.com.br\/gndi\/","og_locale":"pt_BR","og_type":"article","og_title":"Home - Plano de Sa\u00fade GNDI","og_description":"Saiba tudo sobre o Plano de sa\u00fade Interm\u00e9dica. Rede Credenciada, Tabela de Valores e Diferenciais. Ligue (11) 97563-6328","og_url":"https:\/\/todosplanosdesaude.com.br\/gndi\/","og_site_name":"Plano de Sa\u00fade GNDI","article_modified_time":"2024-05-01T22:53:26+00:00","twitter_card":"summary_large_image","twitter_misc":{"Est. tempo de leitura":"3 minutos"},"schema":{"@context":"https:\/\/schema.org","@graph":[{"@type":"WebPage","@id":"https:\/\/todosplanosdesaude.com.br\/gndi\/","url":"https:\/\/todosplanosdesaude.com.br\/gndi\/","name":"Home - Plano de Sa\u00fade GNDI","isPartOf":{"@id":"https:\/\/todosplanosdesaude.com.br\/gndi\/#website"},"datePublished":"2021-02-11T16:41:15+00:00","dateModified":"2024-05-01T22:53:26+00:00","description":"Saiba tudo sobre o Plano de sa\u00fade Interm\u00e9dica. Rede Credenciada, Tabela de Valores e Diferenciais. Ligue (11) 97563-6328","breadcrumb":{"@id":"https:\/\/todosplanosdesaude.com.br\/gndi\/#breadcrumb"},"inLanguage":"pt-BR","potentialAction":[{"@type":"ReadAction","target":["https:\/\/todosplanosdesaude.com.br\/gndi\/"]}]},{"@type":"BreadcrumbList","@id":"https:\/\/todosplanosdesaude.com.br\/gndi\/#breadcrumb","itemListElement":[{"@type":"ListItem","position":1,"name":"Home","item":"https:\/\/todosplanosdesaude.com.br\/gndi\/"},{"@type":"ListItem","position":2,"name":"Home"}]},{"@type":"WebSite","@id":"https:\/\/todosplanosdesaude.com.br\/gndi\/#website","url":"https:\/\/todosplanosdesaude.com.br\/gndi\/","name":"Plano de Sa\u00fade GNDI","description":"","potentialAction":[{"@type":"SearchAction","target":{"@type":"EntryPoint","urlTemplate":"https:\/\/todosplanosdesaude.com.br\/gndi\/?s={search_term_string}"},"query-input":{"@type":"PropertyValueSpecification","valueRequired":true,"valueName":"search_term_string"}}],"inLanguage":"pt-BR"}]}},"_links":{"self":[{"href":"https:\/\/todosplanosdesaude.com.br\/gndi\/wp-json\/wp\/v2\/pages\/14","targetHints":{"allow":["GET"]}}],"collection":[{"href":"https:\/\/todosplanosdesaude.com.br\/gndi\/wp-json\/wp\/v2\/pages"}],"about":[{"href":"https:\/\/todosplanosdesaude.com.br\/gndi\/wp-json\/wp\/v2\/types\/page"}],"author":[{"embeddable":true,"href":"https:\/\/todosplanosdesaude.com.br\/gndi\/wp-json\/wp\/v2\/users\/1"}],"replies":[{"embeddable":true,"href":"https:\/\/todosplanosdesaude.com.br\/gndi\/wp-json\/wp\/v2\/comments?post=14"}],"version-history":[{"count":98,"href":"https:\/\/todosplanosdesaude.com.br\/gndi\/wp-json\/wp\/v2\/pages\/14\/revisions"}],"predecessor-version":[{"id":1217,"href":"https:\/\/todosplanosdesaude.com.br\/gndi\/wp-json\/wp\/v2\/pages\/14\/revisions\/1217"}],"wp:attachment":[{"href":"https:\/\/todosplanosdesaude.com.br\/gndi\/wp-json\/wp\/v2\/media?parent=14"}],"curies":[{"name":"wp","href":"https:\/\/api.w.org\/{rel}","templated":true}]}}