{"id":185,"date":"2021-02-17T22:46:04","date_gmt":"2021-02-17T22:46:04","guid":{"rendered":"https:\/\/todosplanosdesaude.com.br\/gndi\/?page_id=185"},"modified":"2024-05-01T22:28:52","modified_gmt":"2024-05-01T22:28:52","slug":"beneficios","status":"publish","type":"page","link":"https:\/\/todosplanosdesaude.com.br\/gndi\/beneficios\/","title":{"rendered":"Benef\u00edcios"},"content":{"rendered":"  <div id=\"page-header-1044038305\" class=\"page-header-wrapper\">\n  <div class=\"page-title dark featured-title\">\n\n        <div class=\"page-title-bg\">\n      <div class=\"title-bg fill bg-fill\"\n        data-parallax-container=\".page-title\"\n        data-parallax-background\n        data-parallax=\"-\">\n      <\/div>\n      <div class=\"title-overlay fill\"><\/div>\n    <\/div>\n    \n    <div class=\"page-title-inner container align-center text-center flex-row-col medium-flex-wrap\" >\n              <div class=\"title-wrapper uppercase flex-col\">\n          <h1 class=\"entry-title mb-0\">\n            BENEF\u00cdCIOS          <\/h1>\n        <\/div>\n                    <div class=\"title-content flex-col\">\n        <div class=\"title-breadcrumbs pb-half pt-half\"><\/div>      <\/div>\n    <\/div>\n\n     \n<style>\n#page-header-1044038305 .page-title-inner {\n  min-height: 128px;\n}\n#page-header-1044038305 {\n  margin-bottom: 0px;\n}\n#page-header-1044038305 .title-bg {\n  background-image: url(https:\/\/todosplanosdesaude.com.br\/gndi\/wp-content\/uploads\/2021\/03\/18.jpg);\n  background-position: 0% 0%;\n}\n<\/style>\n  <\/div>\n    <\/div>\n  \n\t<section class=\"section\" id=\"section_1070581358\">\n\t\t<div class=\"bg section-bg fill bg-fill  bg-loaded\" >\n\n\t\t\t\n\t\t\t\n\t\t\t\n\n\t\t<\/div>\n\n\t\t<div class=\"section-content relative\">\n\t\t\t\n<div class=\"row align-middle\"  id=\"row-1933730053\">\n\n\t<div id=\"col-1639235989\" class=\"col small-12 large-12\"  >\n\t\t<div class=\"col-inner\"  >\n\t\t\t\n\t\t\t\n<div class=\"container section-title-container\" ><h3 class=\"section-title section-title-normal\"><b><\/b><span class=\"section-title-main\" >benef\u00edcios GNDI<\/span><b><\/b><\/h3><\/div>\n<p>A GNDI Sa\u00fade oferece um conjunto de benef\u00edcios focados na promo\u00e7\u00e3o da sa\u00fade, preven\u00e7\u00e3o e tratamento de doen\u00e7as, para empresas que querem estimular a qualidade de vida da fam\u00edlia e dos funcion\u00e1rios.<\/p>\n\t\t<\/div>\n\t\t\t<\/div>\n\n\t\n<\/div>\n<div class=\"row\"  id=\"row-1522396323\">\n\n\t<div id=\"col-424287583\" class=\"col medium-6 small-12 large-6\"  >\n\t\t<div class=\"col-inner\"  >\n\t\t\t\n\t\t\t\n<div class=\"container section-title-container\" ><h3 class=\"section-title section-title-normal\"><b><\/b><span class=\"section-title-main\" >Rede Pr\u00f3pria<\/span><b><\/b><\/h3><\/div>\n<p>A GNDI conta com mais de 100 unidades distribu\u00eddas entre Hospitais, Centros Cl\u00ednicos, Unidades de Medicina Preventiva e Bem-Estar, e laborat\u00f3rios em S\u00e3o Paulo e no Rio de Janeiro. <br \/>Todas as unidades s\u00e3o qualificadas e possuem diversas certifica\u00e7\u00f5es e acredita\u00e7\u00f5es internacionais. <span style=\"font-size: 14.4px;\">Ao todo, s\u00e3o:<\/span><\/p>\n<p><i class=\"fa fa-check\"><\/i>\u00a024 hospitais<br \/><i class=\"fa fa-check\"><\/i>\u00a023 prontos-socorros<br \/><i class=\"fa fa-check\"><\/i>\u00a087 centros cl\u00ednicos<br \/><i class=\"fa fa-check\"><\/i>\u00a068 pontos de coleta<br \/><i class=\"fa fa-check\"><\/i>\u00a014 unidades de Medicina Preventiva<br \/><i class=\"fa fa-check\"><\/i>\u00a012 unidades de exames e imagens<br \/><i class=\"fa fa-check\"><\/i>\u00a02 Centros de Sa\u00fade exclusivos para benefici\u00e1rios 50+<\/p>\n<div class=\"container section-title-container\" ><h3 class=\"section-title section-title-normal\"><b><\/b><span class=\"section-title-main\" >medicina preventiva<\/span><b><\/b><\/h3><\/div>\n<p>A GNDI oferece uma variedade de Programas de Medicina Preventiva, elaborados para promover n\u00e3o apenas a sa\u00fade, mas tamb\u00e9m a qualidade de vida e o bem-estar de todos os seus benefici\u00e1rios.<\/p>\n<p>Essas iniciativas s\u00e3o conduzidas nas Unidades de Medicina Preventiva (QualiVida) da GNDI e incluem campanhas de preven\u00e7\u00e3o, programas dedicados a gestantes, pacientes com doen\u00e7as cr\u00f4nicas, casos de alta complexidade e muito mais!<\/p>\n\t\t<\/div>\n\t\t\t<\/div>\n\n\t\n\n\t<div id=\"col-1985927726\" class=\"col medium-6 small-12 large-6\"  >\n\t\t<div class=\"col-inner\"  >\n\t\t\t\n\t\t\t\n\t<div class=\"img has-hover x md-x lg-x y md-y lg-y\" id=\"image_581355626\">\n\t\t\t\t\t\t\t\t<div class=\"img-inner dark\" >\n\t\t\t<img loading=\"lazy\" decoding=\"async\" width=\"455\" height=\"370\" src=\"https:\/\/todosplanosdesaude.com.br\/gndi\/wp-content\/uploads\/2021\/03\/hosp-gndi.jpg\" class=\"attachment-large size-large\" alt=\"\" srcset=\"https:\/\/todosplanosdesaude.com.br\/gndi\/wp-content\/uploads\/2021\/03\/hosp-gndi.jpg 455w, https:\/\/todosplanosdesaude.com.br\/gndi\/wp-content\/uploads\/2021\/03\/hosp-gndi-300x244.jpg 300w\" sizes=\"auto, (max-width: 455px) 100vw, 455px\" \/>\t\t\t\t\t\t\n\t\t\t\t\t<\/div>\n\t\t\t\t\t\t\t\t\n<style>\n#image_581355626 {\n  width: 100%;\n}\n<\/style>\n\t<\/div>\n\t\n<div class=\"container section-title-container\" ><h3 class=\"section-title section-title-normal\"><b><\/b><span class=\"section-title-main\" >TELEMEDICINA GNDI<\/span><b><\/b><\/h3><\/div>\n<p>Com o Telemedicina GNDI, voc\u00ea tem acesso a atendimento m\u00e9dico seguro e imediato, inclusive nos casos de suspeita de Coronav\u00edrus.<\/p>\n<p>Consulte um m\u00e9dico sem precisar sair de casa.<\/p>\n<p>S\u00e3o diversas especialidades atendidas, incluindo pediatria, ginecologia, geriatria, cl\u00ednica m\u00e9dica e psicologia.<\/p>\n<p>Algumas consultas podem ser realizadas sem agendamento pr\u00e9vio em casos de urg\u00eancia. Entre em contato para obter mais informa\u00e7\u00f5es!<\/p>\n\t\t<\/div>\n\t\t\t<\/div>\n\n\t\n<\/div>\n<div class=\"row align-middle\"  id=\"row-1090858651\">\n\n\t<div id=\"col-942749250\" class=\"col medium-6 small-12 large-6\"  >\n\t\t<div class=\"col-inner\"  >\n\t\t\t\n\t\t\t\n\t<div class=\"img has-hover x md-x lg-x y md-y lg-y\" id=\"image_523106019\">\n\t\t\t\t\t\t\t\t<div class=\"img-inner image-cover dark\" style=\"padding-top:252px;\">\n\t\t\t<img loading=\"lazy\" decoding=\"async\" width=\"1020\" height=\"471\" src=\"https:\/\/todosplanosdesaude.com.br\/gndi\/wp-content\/uploads\/2021\/03\/gndi-easy-1024x473.png\" class=\"attachment-large size-large\" alt=\"\" srcset=\"https:\/\/todosplanosdesaude.com.br\/gndi\/wp-content\/uploads\/2021\/03\/gndi-easy-1024x473.png 1024w, https:\/\/todosplanosdesaude.com.br\/gndi\/wp-content\/uploads\/2021\/03\/gndi-easy-300x139.png 300w, https:\/\/todosplanosdesaude.com.br\/gndi\/wp-content\/uploads\/2021\/03\/gndi-easy-768x355.png 768w, https:\/\/todosplanosdesaude.com.br\/gndi\/wp-content\/uploads\/2021\/03\/gndi-easy.png 1351w\" sizes=\"auto, (max-width: 1020px) 100vw, 1020px\" \/>\t\t\t\t\t\t\n\t\t\t\t\t<\/div>\n\t\t\t\t\t\t\t\t\n<style>\n#image_523106019 {\n  width: 100%;\n}\n<\/style>\n\t<\/div>\n\t\n\t\t<\/div>\n\t\t\t<\/div>\n\n\t\n\n\t<div id=\"col-992502461\" class=\"col medium-6 small-12 large-6\"  >\n\t\t<div class=\"col-inner\"  >\n\t\t\t\n\t\t\t\n<div class=\"container section-title-container\" ><h3 class=\"section-title section-title-normal\"><b><\/b><span class=\"section-title-main\" >aplicativo gndi easy<\/span><b><\/b><\/h3><\/div>\n<p>Com o GNDI Easy, voc\u00ea tem tudo o que precisa na palma da sua m\u00e3o! Consulte a rede credenciada, agende consultas e muito mais!<br \/><i class=\"fa fa-check\"><\/i>\u00a0Carteirinha digital com todas as informa\u00e7\u00f5es do seu plano<br \/><i class=\"fa fa-check\"><\/i>\u00a0Agendamento de consultas na Rede Pr\u00f3pria<br \/><i class=\"fa fa-check\"><\/i>\u00a0Consulta de Reembolso<br \/><i class=\"fa fa-check\"><\/i>\u00a0Consulta \u00e0 Rede Pr\u00f3pria e Credenciada<\/p>\n\t\t<\/div>\n\t\t\t<\/div>\n\n\t\n<\/div>\n<div class=\"row align-middle\"  id=\"row-278974164\">\n\n\t<div id=\"col-1817657827\" class=\"col medium-6 small-12 large-6\"  >\n\t\t<div class=\"col-inner\"  >\n\t\t\t\n\t\t\t\n<div class=\"container section-title-container\" ><h3 class=\"section-title section-title-normal\"><b><\/b><span class=\"section-title-main\" >m\u00e9dico+ gndi<\/span><b><\/b><\/h3><\/div>\n<p>O M\u00e9dico+ \u00e9 um novo modelo de assist\u00eancia \u00e0 sa\u00fade dispon\u00edvel para todos os benefici\u00e1rios GNDI.<\/p>\n<p>Com ele, voc\u00ea tem acesso ao seu m\u00e9dico de refer\u00eancia, que cuidar\u00e1 da sua sa\u00fade de maneira integral, estudando os melhores tratamentos e medidas de preven\u00e7\u00e3o dentro da Rede Pr\u00f3pria de atendimento.<\/p>\n<div class=\"row hide-for-medium\"  id=\"row-1796162820\">\n\n\t<div id=\"col-1451050698\" class=\"col medium-6 small-12 large-6\"  >\n\t\t<div class=\"col-inner\"  >\n\t\t\t\n\t\t\t\n<p><i class=\"fa fa-check\"><\/i>&nbsp;Voc\u00ea no centro do cuidado<br \/><i class=\"fa fa-check\"><\/i>&nbsp;Vis\u00e3o 360\u00ba da sua sa\u00fade<br \/><i class=\"fa fa-check\"><\/i>&nbsp;Atendimento Personalizado<\/p>\n\t\t<\/div>\n\t\t\t<\/div>\n\n\t\n\n\t<div id=\"col-2126855859\" class=\"col medium-6 small-12 large-6\"  >\n\t\t<div class=\"col-inner\"  >\n\t\t\t\n\t\t\t\n<p><i class=\"fa fa-check\"><\/i>&nbsp;Acompanhamento da sa\u00fade<br \/><i class=\"fa fa-check\"><\/i>&nbsp;Acolhimento e Orienta\u00e7\u00e3o<br \/><i class=\"fa fa-check\"><\/i>&nbsp;Cuidado de sa\u00fade integral<\/p>\n\t\t<\/div>\n\t\t\t<\/div>\n\n\t\n<\/div>\n<div class=\"row show-for-small\"  id=\"row-85032698\">\n\n\t<div id=\"col-1657224236\" class=\"col medium-6 small-12 large-6\"  >\n\t\t<div class=\"col-inner\"  >\n\t\t\t\n\t\t\t\n<p><i class=\"fa fa-check\"><\/i>&nbsp;Voc\u00ea no centro do cuidado<br \/><i class=\"fa fa-check\"><\/i>&nbsp;Vis\u00e3o 360\u00ba da sua sa\u00fade<br \/><i class=\"fa fa-check\"><\/i>&nbsp;Atendimento Personalizado<br \/><i class=\"fa fa-check\"><\/i>&nbsp;Acompanhamento da sa\u00fade<br \/><i class=\"fa fa-check\"><\/i>&nbsp;Acolhimento e Orienta\u00e7\u00e3o<br \/><i class=\"fa fa-check\"><\/i>&nbsp;Cuidado de sa\u00fade integral<\/p>\n\t\t<\/div>\n\t\t\t<\/div>\n\n\t\n<\/div>\n\t\t<\/div>\n\t\t\t<\/div>\n\n\t\n\n\t<div id=\"col-2115710146\" class=\"col hide-for-small medium-6 small-12 large-6\"  >\n\t\t<div class=\"col-inner\"  >\n\t\t\t\n\t\t\t\n\t<div class=\"img has-hover x md-x lg-x y md-y lg-y\" id=\"image_1258008661\">\n\t\t\t\t\t\t\t\t<div class=\"img-inner image-cover dark\" style=\"padding-top:252px;\">\n\t\t\t<img loading=\"lazy\" decoding=\"async\" width=\"480\" height=\"238\" src=\"https:\/\/todosplanosdesaude.com.br\/gndi\/wp-content\/uploads\/2021\/03\/medicomais.jpg\" class=\"attachment-large size-large\" alt=\"\" srcset=\"https:\/\/todosplanosdesaude.com.br\/gndi\/wp-content\/uploads\/2021\/03\/medicomais.jpg 480w, https:\/\/todosplanosdesaude.com.br\/gndi\/wp-content\/uploads\/2021\/03\/medicomais-300x149.jpg 300w\" sizes=\"auto, (max-width: 480px) 100vw, 480px\" \/>\t\t\t\t\t\t\n\t\t\t\t\t<\/div>\n\t\t\t\t\t\t\t\t\n<style>\n#image_1258008661 {\n  width: 100%;\n}\n<\/style>\n\t<\/div>\n\t\n\t\t<\/div>\n\t\t\t<\/div>\n\n\t\n<\/div>\n\t\t<\/div>\n\n\t\t\n<style>\n#section_1070581358 {\n  padding-top: 30px;\n  padding-bottom: 30px;\n}\n<\/style>\n\t<\/section>\n\t\n","protected":false},"excerpt":{"rendered":"","protected":false},"author":1,"featured_media":0,"parent":0,"menu_order":0,"comment_status":"closed","ping_status":"closed","template":"page-blank.php","meta":{"footnotes":""},"class_list":["post-185","page","type-page","status-publish","hentry"],"yoast_head":"<!-- This site is optimized with the Yoast SEO plugin v25.3.1 - https:\/\/yoast.com\/wordpress\/plugins\/seo\/ -->\n<title>Benef\u00edcios - Plano de Sa\u00fade GNDI<\/title>\n<meta name=\"description\" content=\"Saiba tudo sobre o Plano de sa\u00fade Interm\u00e9dica. Rede Credenciada, Tabela de Valores e Diferenciais. Ligue (11) 97563-6328\" \/>\n<meta name=\"robots\" content=\"index, follow, max-snippet:-1, max-image-preview:large, max-video-preview:-1\" \/>\n<link rel=\"canonical\" href=\"https:\/\/todosplanosdesaude.com.br\/gndi\/beneficios\/\" \/>\n<meta property=\"og:locale\" content=\"pt_BR\" \/>\n<meta property=\"og:type\" content=\"article\" \/>\n<meta property=\"og:title\" content=\"Benef\u00edcios - Plano de Sa\u00fade GNDI\" \/>\n<meta property=\"og:description\" content=\"Saiba tudo sobre o Plano de sa\u00fade Interm\u00e9dica. Rede Credenciada, Tabela de Valores e Diferenciais. Ligue (11) 97563-6328\" \/>\n<meta property=\"og:url\" content=\"https:\/\/todosplanosdesaude.com.br\/gndi\/beneficios\/\" \/>\n<meta property=\"og:site_name\" content=\"Plano de Sa\u00fade GNDI\" \/>\n<meta property=\"article:modified_time\" content=\"2024-05-01T22:28:52+00:00\" \/>\n<meta name=\"twitter:card\" content=\"summary_large_image\" \/>\n<meta name=\"twitter:label1\" content=\"Est. tempo de leitura\" \/>\n\t<meta name=\"twitter:data1\" content=\"3 minutos\" \/>\n<script type=\"application\/ld+json\" class=\"yoast-schema-graph\">{\"@context\":\"https:\/\/schema.org\",\"@graph\":[{\"@type\":\"WebPage\",\"@id\":\"https:\/\/todosplanosdesaude.com.br\/gndi\/beneficios\/\",\"url\":\"https:\/\/todosplanosdesaude.com.br\/gndi\/beneficios\/\",\"name\":\"Benef\u00edcios - Plano de Sa\u00fade GNDI\",\"isPartOf\":{\"@id\":\"https:\/\/todosplanosdesaude.com.br\/gndi\/#website\"},\"datePublished\":\"2021-02-17T22:46:04+00:00\",\"dateModified\":\"2024-05-01T22:28:52+00:00\",\"description\":\"Saiba tudo sobre o Plano de sa\u00fade Interm\u00e9dica. Rede Credenciada, Tabela de Valores e Diferenciais. Ligue (11) 97563-6328\",\"breadcrumb\":{\"@id\":\"https:\/\/todosplanosdesaude.com.br\/gndi\/beneficios\/#breadcrumb\"},\"inLanguage\":\"pt-BR\",\"potentialAction\":[{\"@type\":\"ReadAction\",\"target\":[\"https:\/\/todosplanosdesaude.com.br\/gndi\/beneficios\/\"]}]},{\"@type\":\"BreadcrumbList\",\"@id\":\"https:\/\/todosplanosdesaude.com.br\/gndi\/beneficios\/#breadcrumb\",\"itemListElement\":[{\"@type\":\"ListItem\",\"position\":1,\"name\":\"Home\",\"item\":\"https:\/\/todosplanosdesaude.com.br\/gndi\/\"},{\"@type\":\"ListItem\",\"position\":2,\"name\":\"Benef\u00edcios\"}]},{\"@type\":\"WebSite\",\"@id\":\"https:\/\/todosplanosdesaude.com.br\/gndi\/#website\",\"url\":\"https:\/\/todosplanosdesaude.com.br\/gndi\/\",\"name\":\"Plano de Sa\u00fade GNDI\",\"description\":\"\",\"potentialAction\":[{\"@type\":\"SearchAction\",\"target\":{\"@type\":\"EntryPoint\",\"urlTemplate\":\"https:\/\/todosplanosdesaude.com.br\/gndi\/?s={search_term_string}\"},\"query-input\":{\"@type\":\"PropertyValueSpecification\",\"valueRequired\":true,\"valueName\":\"search_term_string\"}}],\"inLanguage\":\"pt-BR\"}]}<\/script>\n<!-- \/ Yoast SEO plugin. -->","yoast_head_json":{"title":"Benef\u00edcios - Plano de Sa\u00fade GNDI","description":"Saiba tudo sobre o Plano de sa\u00fade Interm\u00e9dica. Rede Credenciada, Tabela de Valores e Diferenciais. Ligue (11) 97563-6328","robots":{"index":"index","follow":"follow","max-snippet":"max-snippet:-1","max-image-preview":"max-image-preview:large","max-video-preview":"max-video-preview:-1"},"canonical":"https:\/\/todosplanosdesaude.com.br\/gndi\/beneficios\/","og_locale":"pt_BR","og_type":"article","og_title":"Benef\u00edcios - Plano de Sa\u00fade GNDI","og_description":"Saiba tudo sobre o Plano de sa\u00fade Interm\u00e9dica. Rede Credenciada, Tabela de Valores e Diferenciais. Ligue (11) 97563-6328","og_url":"https:\/\/todosplanosdesaude.com.br\/gndi\/beneficios\/","og_site_name":"Plano de Sa\u00fade GNDI","article_modified_time":"2024-05-01T22:28:52+00:00","twitter_card":"summary_large_image","twitter_misc":{"Est. tempo de leitura":"3 minutos"},"schema":{"@context":"https:\/\/schema.org","@graph":[{"@type":"WebPage","@id":"https:\/\/todosplanosdesaude.com.br\/gndi\/beneficios\/","url":"https:\/\/todosplanosdesaude.com.br\/gndi\/beneficios\/","name":"Benef\u00edcios - Plano de Sa\u00fade GNDI","isPartOf":{"@id":"https:\/\/todosplanosdesaude.com.br\/gndi\/#website"},"datePublished":"2021-02-17T22:46:04+00:00","dateModified":"2024-05-01T22:28:52+00:00","description":"Saiba tudo sobre o Plano de sa\u00fade Interm\u00e9dica. Rede Credenciada, Tabela de Valores e Diferenciais. Ligue (11) 97563-6328","breadcrumb":{"@id":"https:\/\/todosplanosdesaude.com.br\/gndi\/beneficios\/#breadcrumb"},"inLanguage":"pt-BR","potentialAction":[{"@type":"ReadAction","target":["https:\/\/todosplanosdesaude.com.br\/gndi\/beneficios\/"]}]},{"@type":"BreadcrumbList","@id":"https:\/\/todosplanosdesaude.com.br\/gndi\/beneficios\/#breadcrumb","itemListElement":[{"@type":"ListItem","position":1,"name":"Home","item":"https:\/\/todosplanosdesaude.com.br\/gndi\/"},{"@type":"ListItem","position":2,"name":"Benef\u00edcios"}]},{"@type":"WebSite","@id":"https:\/\/todosplanosdesaude.com.br\/gndi\/#website","url":"https:\/\/todosplanosdesaude.com.br\/gndi\/","name":"Plano de Sa\u00fade GNDI","description":"","potentialAction":[{"@type":"SearchAction","target":{"@type":"EntryPoint","urlTemplate":"https:\/\/todosplanosdesaude.com.br\/gndi\/?s={search_term_string}"},"query-input":{"@type":"PropertyValueSpecification","valueRequired":true,"valueName":"search_term_string"}}],"inLanguage":"pt-BR"}]}},"_links":{"self":[{"href":"https:\/\/todosplanosdesaude.com.br\/gndi\/wp-json\/wp\/v2\/pages\/185","targetHints":{"allow":["GET"]}}],"collection":[{"href":"https:\/\/todosplanosdesaude.com.br\/gndi\/wp-json\/wp\/v2\/pages"}],"about":[{"href":"https:\/\/todosplanosdesaude.com.br\/gndi\/wp-json\/wp\/v2\/types\/page"}],"author":[{"embeddable":true,"href":"https:\/\/todosplanosdesaude.com.br\/gndi\/wp-json\/wp\/v2\/users\/1"}],"replies":[{"embeddable":true,"href":"https:\/\/todosplanosdesaude.com.br\/gndi\/wp-json\/wp\/v2\/comments?post=185"}],"version-history":[{"count":15,"href":"https:\/\/todosplanosdesaude.com.br\/gndi\/wp-json\/wp\/v2\/pages\/185\/revisions"}],"predecessor-version":[{"id":1215,"href":"https:\/\/todosplanosdesaude.com.br\/gndi\/wp-json\/wp\/v2\/pages\/185\/revisions\/1215"}],"wp:attachment":[{"href":"https:\/\/todosplanosdesaude.com.br\/gndi\/wp-json\/wp\/v2\/media?parent=185"}],"curies":[{"name":"wp","href":"https:\/\/api.w.org\/{rel}","templated":true}]}}