{"id":207,"date":"2021-02-17T22:54:19","date_gmt":"2021-02-17T22:54:19","guid":{"rendered":"https:\/\/todosplanosdesaude.com.br\/gndi\/?page_id=207"},"modified":"2024-05-01T23:20:13","modified_gmt":"2024-05-01T23:20:13","slug":"plano-de-saude-mei","status":"publish","type":"page","link":"https:\/\/todosplanosdesaude.com.br\/gndi\/plano-de-saude-mei\/","title":{"rendered":"Plano de Sa\u00fade MEI"},"content":{"rendered":"  <div id=\"page-header-39421064\" class=\"page-header-wrapper\">\n  <div class=\"page-title dark featured-title\">\n\n        <div class=\"page-title-bg\">\n      <div class=\"title-bg fill bg-fill\"\n        data-parallax-container=\".page-title\"\n        data-parallax-background\n        data-parallax=\"-\">\n      <\/div>\n      <div class=\"title-overlay fill\"><\/div>\n    <\/div>\n    \n    <div class=\"page-title-inner container align-center text-center flex-row-col medium-flex-wrap\" >\n              <div class=\"title-wrapper uppercase flex-col\">\n          <h1 class=\"entry-title mb-0\">\n            PLANO DE SA\u00daDE MEI          <\/h1>\n        <\/div>\n                    <div class=\"title-content flex-col\">\n        <div class=\"title-breadcrumbs pb-half pt-half\"><\/div>      <\/div>\n    <\/div>\n\n     \n<style>\n#page-header-39421064 .page-title-inner {\n  min-height: 128px;\n}\n#page-header-39421064 {\n  margin-bottom: 0px;\n}\n#page-header-39421064 .title-bg {\n  background-image: url(https:\/\/todosplanosdesaude.com.br\/gndi\/wp-content\/uploads\/2021\/03\/18.jpg);\n  background-position: 0% 0%;\n}\n<\/style>\n  <\/div>\n    <\/div>\n  \n\t<section class=\"section\" id=\"section_49824317\">\n\t\t<div class=\"bg section-bg fill bg-fill  bg-loaded\" >\n\n\t\t\t\n\t\t\t\n\t\t\t\n\n\t\t<\/div>\n\n\t\t<div class=\"section-content relative\">\n\t\t\t\n<div class=\"row align-middle\"  id=\"row-593606524\">\n\n\t<div id=\"col-1028087011\" class=\"col medium-6 small-12 large-6\"  >\n\t\t<div class=\"col-inner\"  >\n\t\t\t\n\t\t\t\n<div class=\"container section-title-container\" ><h3 class=\"section-title section-title-normal\"><b><\/b><span class=\"section-title-main\" >gndi sa\u00fade mei<\/span><b><\/b><\/h3><\/div>\n<p>A GNDI Sa\u00fade para MEI (Microempreendedor Individual) oferece toda a cobertura de um plano empresarial, com o CNPJ ativo e a possibilidade de incluir at\u00e9 02 dependentes, que podem ser funcion\u00e1rios ou dependentes diretos, como c\u00f4njuge e filhos.<\/p>\n<p>A contrata\u00e7\u00e3o por meio do MEI proporciona a mesma estrutura e benef\u00edcios de um plano empresarial convencional, garantindo acesso a toda a rede credenciada da GNDI Sa\u00fade.<\/p>\n<p>Uma das vantagens significativas de possuir um plano de sa\u00fade MEI \u00e9 o pre\u00e7o, com descontos de at\u00e9 30% em rela\u00e7\u00e3o aos planos por ades\u00e3o e individuais.<\/p>\n<p>Confira os diferentes tipos de planos oferecidos pela GNDI Sa\u00fade para atender \u00e0s necessidades da sua empresa, com op\u00e7\u00f5es de reembolso, rede credenciada, padr\u00e3o de acomoda\u00e7\u00e3o hospitalar e outros benef\u00edcios.<\/p>\n\t\t<\/div>\n\t\t\t<\/div>\n\n\t\n\n\t<div id=\"col-1167697124\" class=\"col medium-6 small-12 large-6\"  >\n\t\t<div class=\"col-inner\"  >\n\t\t\t\n\t\t\t\n\t<div class=\"img has-hover x md-x lg-x y md-y lg-y\" id=\"image_1245804086\">\n\t\t\t\t\t\t\t\t<div class=\"img-inner dark\" >\n\t\t\t<img loading=\"lazy\" decoding=\"async\" width=\"495\" height=\"510\" src=\"https:\/\/todosplanosdesaude.com.br\/gndi\/wp-content\/uploads\/2021\/03\/mei-1.png\" class=\"attachment-large size-large\" alt=\"\" srcset=\"https:\/\/todosplanosdesaude.com.br\/gndi\/wp-content\/uploads\/2021\/03\/mei-1.png 495w, https:\/\/todosplanosdesaude.com.br\/gndi\/wp-content\/uploads\/2021\/03\/mei-1-291x300.png 291w\" sizes=\"auto, (max-width: 495px) 100vw, 495px\" \/>\t\t\t\t\t\t\n\t\t\t\t\t<\/div>\n\t\t\t\t\t\t\t\t\n<style>\n#image_1245804086 {\n  width: 100%;\n}\n<\/style>\n\t<\/div>\n\t\n\t\t<\/div>\n\t\t\t<\/div>\n\n\t\n<\/div>\n<div class=\"row\"  id=\"row-1470742409\">\n\n\t<div id=\"col-1458771896\" class=\"col medium-6 small-12 large-6\"  >\n\t\t<div class=\"col-inner\"  >\n\t\t\t\n\t\t\t\n<div class=\"container section-title-container\" ><h3 class=\"section-title section-title-normal\"><b><\/b><span class=\"section-title-main\" >conhe\u00e7a os planos<\/span><b><\/b><\/h3><\/div>\n<div class=\"accordion\" rel=\"1\">\n<div class=\"accordion-item\"><a href=\"#\" class=\"accordion-title plain\"><button class=\"toggle\"><i class=\"icon-angle-down\"><\/i><\/button><span>Smart<\/span><\/a><div class=\"accordion-inner\">\n<p style=\"font-size: 14px;\">O plano ideal para quem procura um servi\u00e7o de sa\u00fade de qualidade, com ampla cobertura na rede pr\u00f3pria e credenciada. Esses planos oferecem abrang\u00eancia local e regional, garantindo acesso a todas as especialidades m\u00e9dicas necess\u00e1rias.<\/p>\n<\/div><\/div>\n<div class=\"accordion-item\"><a href=\"#\" class=\"accordion-title plain\"><button class=\"toggle\"><i class=\"icon-angle-down\"><\/i><\/button><span>Advance<\/span><\/a><div class=\"accordion-inner\">\n<p style=\"font-size: 14px;\">Oferece cobertura nacional com uma extensa rede pr\u00f3pria e credenciada de hospitais, laborat\u00f3rios e profissionais em todas as especialidades m\u00e9dicas. Al\u00e9m disso, inclui assist\u00eancia em viagem nacional e acomoda\u00e7\u00e3o em apartamento.<\/p>\n<\/div><\/div>\n<div class=\"accordion-item\"><a href=\"#\" class=\"accordion-title plain\"><button class=\"toggle\"><i class=\"icon-angle-down\"><\/i><\/button><span>Premium<\/span><\/a><div class=\"accordion-inner\">\n<div class=\"panel\">\n<div id=\"item3\" class=\"panel-collapse collapse in\" aria-expanded=\"true\">\n<div class=\"panel-body\">Proporciona ainda mais liberdade de escolha, com valores diferenciados de reembolso, inclusive no exterior. Oferece coberturas adicionais al\u00e9m do Rol da ANS, com uma ampla rede credenciada em todas as regi\u00f5es do pa\u00eds e muito mais!<\/div>\n<\/div>\n<\/div>\n<\/div><\/div>\n<div class=\"accordion-item\"><a href=\"#\" class=\"accordion-title plain\"><button class=\"toggle\"><i class=\"icon-angle-down\"><\/i><\/button><span>Accordion Panel<\/span><\/a><div class=\"accordion-inner\">\n<p style=\"font-size: 14px;\">Oferece uma ampla Rede Pr\u00f3pria e credenciada em todas as regi\u00f5es do pa\u00eds, com profissionais referenciados e qualificados. Al\u00e9m disso, proporciona assist\u00eancia em viagens nacionais e internacionais, com possibilidade de reembolso tanto no Brasil quanto no exterior.<\/p>\n<\/div><\/div>\n<div class=\"accordion-item\"><a href=\"#\" class=\"accordion-title plain\"><button class=\"toggle\"><i class=\"icon-angle-down\"><\/i><\/button><span>Smart<\/span><\/a><div class=\"accordion-inner\">\n<p style=\"font-size: 14px;\">O NotreLife 50+ \u00e9 exclusivamente destinado a pessoas acima dos 50 anos, oferecendo atendimento especializado com Consultor da Sa\u00fade e acesso aos Espa\u00e7os NotreLife 50+.<\/p>\n<p style=\"font-size: 14px;\">Esses benef\u00edcios s\u00e3o exclusivos para residentes de Jundia\u00ed, Sorocaba e ABC.<\/p>\n<\/div><\/div>\n<div class=\"accordion-item\"><a href=\"#\" class=\"accordion-title plain\"><button class=\"toggle\"><i class=\"icon-angle-down\"><\/i><\/button><span>Interodonto<\/span><\/a><div class=\"accordion-inner\">\n<p style=\"font-size: 14px;\">O Plano Dental da GNDI oferece uma ampla rede credenciada de cl\u00ednicas odontol\u00f3gicas em todo o pa\u00eds, com dentistas altamente qualificados.<\/p>\n<p style=\"font-size: 14px;\">S\u00e3o mais de 14 mil profissionais credenciados, garantindo acesso a cuidados odontol\u00f3gicos de qualidade em diversas regi\u00f5es do Brasil.<\/p>\n<\/div><\/div>\n<\/div>\n\t\t<\/div>\n\t\t\t<\/div>\n\n\t\n\n\t<div id=\"col-1891049254\" class=\"col medium-6 small-12 large-6\"  >\n\t\t<div class=\"col-inner\"  >\n\t\t\t\n\t\t\t\n<div class=\"container section-title-container\" ><h3 class=\"section-title section-title-normal\"><b><\/b><span class=\"section-title-main\" >Modalidades de contrata\u00e7\u00e3o<\/span><b><\/b><\/h3><\/div>\n<p class=\"mb-20\"><strong>Hospitalar com Obstetr\u00edcia<\/strong><br \/>\u25aa Atendimento em Pronto Socorro (para urg\u00eancia e emerg\u00eancia);<br \/>\u25aa Cirurgias;<br \/>\u25aa Interna\u00e7\u00f5es hospitalares;<br \/>\u25aa Partos (inclui cobertura assistencial ao rec\u00e9m-nascido durante os primeiros 30 dias ap\u00f3s o parto).<\/p>\n<p class=\"mb-20\"><strong>Ambulatorial e Hospitalar com Obstetr\u00edcia<\/strong><br \/>\u25aa Consultas;<br \/>\u25aa Exames;<br \/>\u25aa Atendimento em Pronto Socorro;<br \/>\u25aa Cirurgias;<br \/>\u25aa Interna\u00e7\u00f5es hospitalares;<br \/>\u25aa Partos (inclui cobertura assistencial ao rec\u00e9m-nascido durante os primeiros 30 dias ap\u00f3s o parto)<\/p>\n<p><i class=\"icon-checkmark\"><\/i>&nbsp;Consultas e exames exclusivamente para gestantes, em acompanhamento pr\u00e9-natal;<br \/><i class=\"icon-checkmark\"><\/i>&nbsp;Procedimentos especiais necess\u00e1rios para continuidade da assist\u00eancia prestada em n\u00edvel de interna\u00e7\u00e3o hospitalar, como: Hemodi\u00e1lises, quimioterapias, radioterapias, fisioterapias entre outros.<\/p>\n\t\t<\/div>\n\t\t\t<\/div>\n\n\t\n<\/div>\n<div class=\"row align-middle\"  id=\"row-1827604501\">\n\n\t<div id=\"col-1711318371\" class=\"col medium-6 small-12 large-6\"  >\n\t\t<div class=\"col-inner\"  >\n\t\t\t\n\t\t\t\n<div class=\"container section-title-container\" ><h3 class=\"section-title section-title-normal\"><b><\/b><span class=\"section-title-main\" >m\u00e9dico+ gndi<\/span><b><\/b><\/h3><\/div>\n<p>O M\u00e9dico+ \u00e9 uma inovadora modalidade de assist\u00eancia \u00e0 sa\u00fade dispon\u00edvel para todos os benefici\u00e1rios da GNDI. Com esse servi\u00e7o, voc\u00ea tem acesso a um m\u00e9dico de refer\u00eancia dedicado, que cuida da sua sa\u00fade de maneira integral.<\/p>\n<p>Esse profissional estuda os melhores tratamentos e medidas de preven\u00e7\u00e3o dentro da Rede Pr\u00f3pria de atendimento da GNDI, garantindo um acompanhamento personalizado e de qualidade para suas necessidades de sa\u00fade.<\/p>\n<div class=\"row hide-for-medium\"  id=\"row-547456767\">\n\n\t<div id=\"col-1752907074\" class=\"col medium-6 small-12 large-6\"  >\n\t\t<div class=\"col-inner\"  >\n\t\t\t\n\t\t\t\n<p><i class=\"fa fa-check\"><\/i>&nbsp;Voc\u00ea no centro do cuidado<br \/><i class=\"fa fa-check\"><\/i>&nbsp;Vis\u00e3o 360\u00ba da sua sa\u00fade<br \/><i class=\"fa fa-check\"><\/i>&nbsp;Atendimento Personalizado<\/p>\n\t\t<\/div>\n\t\t\t<\/div>\n\n\t\n\n\t<div id=\"col-542435185\" class=\"col medium-6 small-12 large-6\"  >\n\t\t<div class=\"col-inner\"  >\n\t\t\t\n\t\t\t\n<p><i class=\"fa fa-check\"><\/i>&nbsp;Acompanhamento da sa\u00fade<br \/><i class=\"fa fa-check\"><\/i>&nbsp;Acolhimento e Orienta\u00e7\u00e3o<br \/><i class=\"fa fa-check\"><\/i>&nbsp;Cuidado de sa\u00fade integral<\/p>\n\t\t<\/div>\n\t\t\t<\/div>\n\n\t\n<\/div>\n<div class=\"row show-for-small\"  id=\"row-169930313\">\n\n\t<div id=\"col-83237716\" class=\"col medium-6 small-12 large-6\"  >\n\t\t<div class=\"col-inner\"  >\n\t\t\t\n\t\t\t\n<p><i class=\"fa fa-check\"><\/i>&nbsp;Voc\u00ea no centro do cuidado<br \/><i class=\"fa fa-check\"><\/i>&nbsp;Vis\u00e3o 360\u00ba da sua sa\u00fade<br \/><i class=\"fa fa-check\"><\/i>&nbsp;Atendimento Personalizado<br \/><i class=\"fa fa-check\"><\/i>&nbsp;Acompanhamento da sa\u00fade<br \/><i class=\"fa fa-check\"><\/i>&nbsp;Acolhimento e Orienta\u00e7\u00e3o<br \/><i class=\"fa fa-check\"><\/i>&nbsp;Cuidado de sa\u00fade integral<\/p>\n\t\t<\/div>\n\t\t\t<\/div>\n\n\t\n<\/div>\n\t\t<\/div>\n\t\t\t<\/div>\n\n\t\n\n\t<div id=\"col-245412496\" class=\"col hide-for-small medium-6 small-12 large-6\"  >\n\t\t<div class=\"col-inner\"  >\n\t\t\t\n\t\t\t\n\t<div class=\"img has-hover x md-x lg-x y md-y lg-y\" id=\"image_463306748\">\n\t\t\t\t\t\t\t\t<div class=\"img-inner image-cover dark\" style=\"padding-top:252px;\">\n\t\t\t<img loading=\"lazy\" decoding=\"async\" width=\"480\" height=\"238\" src=\"https:\/\/todosplanosdesaude.com.br\/gndi\/wp-content\/uploads\/2021\/03\/medicomais.jpg\" class=\"attachment-large size-large\" alt=\"\" srcset=\"https:\/\/todosplanosdesaude.com.br\/gndi\/wp-content\/uploads\/2021\/03\/medicomais.jpg 480w, https:\/\/todosplanosdesaude.com.br\/gndi\/wp-content\/uploads\/2021\/03\/medicomais-300x149.jpg 300w\" sizes=\"auto, (max-width: 480px) 100vw, 480px\" \/>\t\t\t\t\t\t\n\t\t\t\t\t<\/div>\n\t\t\t\t\t\t\t\t\n<style>\n#image_463306748 {\n  width: 100%;\n}\n<\/style>\n\t<\/div>\n\t\n\t\t<\/div>\n\t\t\t<\/div>\n\n\t\n<\/div>\n<div class=\"row align-middle\"  id=\"row-1118937496\">\n\n\t<div id=\"col-1927479468\" class=\"col medium-6 small-12 large-6\"  >\n\t\t<div class=\"col-inner\"  >\n\t\t\t\n\t\t\t\n\t<div class=\"img has-hover x md-x lg-x y md-y lg-y\" id=\"image_200429897\">\n\t\t\t\t\t\t\t\t<div class=\"img-inner image-cover dark\" style=\"padding-top:271px;\">\n\t\t\t<img loading=\"lazy\" decoding=\"async\" width=\"1020\" height=\"765\" src=\"https:\/\/todosplanosdesaude.com.br\/gndi\/wp-content\/uploads\/2021\/03\/rede-credenciada-gndi-1024x768.jpg\" class=\"attachment-large size-large\" alt=\"\" srcset=\"https:\/\/todosplanosdesaude.com.br\/gndi\/wp-content\/uploads\/2021\/03\/rede-credenciada-gndi-1024x768.jpg 1024w, https:\/\/todosplanosdesaude.com.br\/gndi\/wp-content\/uploads\/2021\/03\/rede-credenciada-gndi-300x225.jpg 300w, https:\/\/todosplanosdesaude.com.br\/gndi\/wp-content\/uploads\/2021\/03\/rede-credenciada-gndi-768x576.jpg 768w, https:\/\/todosplanosdesaude.com.br\/gndi\/wp-content\/uploads\/2021\/03\/rede-credenciada-gndi.jpg 1030w\" sizes=\"auto, (max-width: 1020px) 100vw, 1020px\" \/>\t\t\t\t\t\t\n\t\t\t\t\t<\/div>\n\t\t\t\t\t\t\t\t\n<style>\n#image_200429897 {\n  width: 100%;\n}\n<\/style>\n\t<\/div>\n\t\n\t\t<\/div>\n\t\t\t<\/div>\n\n\t\n\n\t<div id=\"col-1574637038\" class=\"col medium-6 small-12 large-6\"  >\n\t\t<div class=\"col-inner\"  >\n\t\t\t\n\t\t\t\n<div class=\"container section-title-container\" ><h3 class=\"section-title section-title-normal\"><b><\/b><span class=\"section-title-main\" >REDE CREDENCIADA<\/span><b><\/b><\/h3><\/div>\n<p>A Rede Pr\u00f3pria da GNDI abrange mais de 100 unidades distribu\u00eddas entre hospitais, centros cl\u00ednicos, unidades de medicina preventiva, bem-estar e laborat\u00f3rios.<\/p>\n<p>Al\u00e9m disso, h\u00e1 uma ampla Rede Credenciada, com mais de 7 mil prestadores de servi\u00e7os em todo o pa\u00eds.<\/p>\n<p>Todos esses profissionais e estabelecimentos passam por uma sele\u00e7\u00e3o rigorosa, visando garantir um atendimento de excel\u00eancia aos benefici\u00e1rios da GNDI.<\/p>\n\t\t<\/div>\n\t\t\t<\/div>\n\n\t\n<\/div>\n\t\t<\/div>\n\n\t\t\n<style>\n#section_49824317 {\n  padding-top: 30px;\n  padding-bottom: 30px;\n}\n<\/style>\n\t<\/section>\n\t\n","protected":false},"excerpt":{"rendered":"","protected":false},"author":1,"featured_media":0,"parent":0,"menu_order":0,"comment_status":"closed","ping_status":"closed","template":"page-blank.php","meta":{"footnotes":""},"class_list":["post-207","page","type-page","status-publish","hentry"],"yoast_head":"<!-- This site is optimized with the Yoast SEO plugin v25.3.1 - https:\/\/yoast.com\/wordpress\/plugins\/seo\/ -->\n<title>Plano de Sa\u00fade MEI - Plano de Sa\u00fade GNDI<\/title>\n<meta name=\"description\" content=\"Saiba tudo sobre o Plano de sa\u00fade Interm\u00e9dica. Rede Credenciada, Tabela de Valores e Diferenciais. Ligue (11) 97563-6328\" \/>\n<meta name=\"robots\" content=\"index, follow, max-snippet:-1, max-image-preview:large, max-video-preview:-1\" \/>\n<link rel=\"canonical\" href=\"https:\/\/todosplanosdesaude.com.br\/gndi\/plano-de-saude-mei\/\" \/>\n<meta property=\"og:locale\" content=\"pt_BR\" \/>\n<meta property=\"og:type\" content=\"article\" \/>\n<meta property=\"og:title\" content=\"Plano de Sa\u00fade MEI - Plano de Sa\u00fade GNDI\" \/>\n<meta property=\"og:description\" content=\"Saiba tudo sobre o Plano de sa\u00fade Interm\u00e9dica. Rede Credenciada, Tabela de Valores e Diferenciais. Ligue (11) 97563-6328\" \/>\n<meta property=\"og:url\" content=\"https:\/\/todosplanosdesaude.com.br\/gndi\/plano-de-saude-mei\/\" \/>\n<meta property=\"og:site_name\" content=\"Plano de Sa\u00fade GNDI\" \/>\n<meta property=\"article:modified_time\" content=\"2024-05-01T23:20:13+00:00\" \/>\n<meta name=\"twitter:card\" content=\"summary_large_image\" \/>\n<meta name=\"twitter:label1\" content=\"Est. tempo de leitura\" \/>\n\t<meta name=\"twitter:data1\" content=\"4 minutos\" \/>\n<script type=\"application\/ld+json\" class=\"yoast-schema-graph\">{\"@context\":\"https:\/\/schema.org\",\"@graph\":[{\"@type\":\"WebPage\",\"@id\":\"https:\/\/todosplanosdesaude.com.br\/gndi\/plano-de-saude-mei\/\",\"url\":\"https:\/\/todosplanosdesaude.com.br\/gndi\/plano-de-saude-mei\/\",\"name\":\"Plano de Sa\u00fade MEI - Plano de Sa\u00fade GNDI\",\"isPartOf\":{\"@id\":\"https:\/\/todosplanosdesaude.com.br\/gndi\/#website\"},\"datePublished\":\"2021-02-17T22:54:19+00:00\",\"dateModified\":\"2024-05-01T23:20:13+00:00\",\"description\":\"Saiba tudo sobre o Plano de sa\u00fade Interm\u00e9dica. Rede Credenciada, Tabela de Valores e Diferenciais. Ligue (11) 97563-6328\",\"breadcrumb\":{\"@id\":\"https:\/\/todosplanosdesaude.com.br\/gndi\/plano-de-saude-mei\/#breadcrumb\"},\"inLanguage\":\"pt-BR\",\"potentialAction\":[{\"@type\":\"ReadAction\",\"target\":[\"https:\/\/todosplanosdesaude.com.br\/gndi\/plano-de-saude-mei\/\"]}]},{\"@type\":\"BreadcrumbList\",\"@id\":\"https:\/\/todosplanosdesaude.com.br\/gndi\/plano-de-saude-mei\/#breadcrumb\",\"itemListElement\":[{\"@type\":\"ListItem\",\"position\":1,\"name\":\"Home\",\"item\":\"https:\/\/todosplanosdesaude.com.br\/gndi\/\"},{\"@type\":\"ListItem\",\"position\":2,\"name\":\"Plano de Sa\u00fade MEI\"}]},{\"@type\":\"WebSite\",\"@id\":\"https:\/\/todosplanosdesaude.com.br\/gndi\/#website\",\"url\":\"https:\/\/todosplanosdesaude.com.br\/gndi\/\",\"name\":\"Plano de Sa\u00fade GNDI\",\"description\":\"\",\"potentialAction\":[{\"@type\":\"SearchAction\",\"target\":{\"@type\":\"EntryPoint\",\"urlTemplate\":\"https:\/\/todosplanosdesaude.com.br\/gndi\/?s={search_term_string}\"},\"query-input\":{\"@type\":\"PropertyValueSpecification\",\"valueRequired\":true,\"valueName\":\"search_term_string\"}}],\"inLanguage\":\"pt-BR\"}]}<\/script>\n<!-- \/ Yoast SEO plugin. -->","yoast_head_json":{"title":"Plano de Sa\u00fade MEI - Plano de Sa\u00fade GNDI","description":"Saiba tudo sobre o Plano de sa\u00fade Interm\u00e9dica. Rede Credenciada, Tabela de Valores e Diferenciais. Ligue (11) 97563-6328","robots":{"index":"index","follow":"follow","max-snippet":"max-snippet:-1","max-image-preview":"max-image-preview:large","max-video-preview":"max-video-preview:-1"},"canonical":"https:\/\/todosplanosdesaude.com.br\/gndi\/plano-de-saude-mei\/","og_locale":"pt_BR","og_type":"article","og_title":"Plano de Sa\u00fade MEI - Plano de Sa\u00fade GNDI","og_description":"Saiba tudo sobre o Plano de sa\u00fade Interm\u00e9dica. Rede Credenciada, Tabela de Valores e Diferenciais. Ligue (11) 97563-6328","og_url":"https:\/\/todosplanosdesaude.com.br\/gndi\/plano-de-saude-mei\/","og_site_name":"Plano de Sa\u00fade GNDI","article_modified_time":"2024-05-01T23:20:13+00:00","twitter_card":"summary_large_image","twitter_misc":{"Est. tempo de leitura":"4 minutos"},"schema":{"@context":"https:\/\/schema.org","@graph":[{"@type":"WebPage","@id":"https:\/\/todosplanosdesaude.com.br\/gndi\/plano-de-saude-mei\/","url":"https:\/\/todosplanosdesaude.com.br\/gndi\/plano-de-saude-mei\/","name":"Plano de Sa\u00fade MEI - Plano de Sa\u00fade GNDI","isPartOf":{"@id":"https:\/\/todosplanosdesaude.com.br\/gndi\/#website"},"datePublished":"2021-02-17T22:54:19+00:00","dateModified":"2024-05-01T23:20:13+00:00","description":"Saiba tudo sobre o Plano de sa\u00fade Interm\u00e9dica. Rede Credenciada, Tabela de Valores e Diferenciais. Ligue (11) 97563-6328","breadcrumb":{"@id":"https:\/\/todosplanosdesaude.com.br\/gndi\/plano-de-saude-mei\/#breadcrumb"},"inLanguage":"pt-BR","potentialAction":[{"@type":"ReadAction","target":["https:\/\/todosplanosdesaude.com.br\/gndi\/plano-de-saude-mei\/"]}]},{"@type":"BreadcrumbList","@id":"https:\/\/todosplanosdesaude.com.br\/gndi\/plano-de-saude-mei\/#breadcrumb","itemListElement":[{"@type":"ListItem","position":1,"name":"Home","item":"https:\/\/todosplanosdesaude.com.br\/gndi\/"},{"@type":"ListItem","position":2,"name":"Plano de Sa\u00fade MEI"}]},{"@type":"WebSite","@id":"https:\/\/todosplanosdesaude.com.br\/gndi\/#website","url":"https:\/\/todosplanosdesaude.com.br\/gndi\/","name":"Plano de Sa\u00fade GNDI","description":"","potentialAction":[{"@type":"SearchAction","target":{"@type":"EntryPoint","urlTemplate":"https:\/\/todosplanosdesaude.com.br\/gndi\/?s={search_term_string}"},"query-input":{"@type":"PropertyValueSpecification","valueRequired":true,"valueName":"search_term_string"}}],"inLanguage":"pt-BR"}]}},"_links":{"self":[{"href":"https:\/\/todosplanosdesaude.com.br\/gndi\/wp-json\/wp\/v2\/pages\/207","targetHints":{"allow":["GET"]}}],"collection":[{"href":"https:\/\/todosplanosdesaude.com.br\/gndi\/wp-json\/wp\/v2\/pages"}],"about":[{"href":"https:\/\/todosplanosdesaude.com.br\/gndi\/wp-json\/wp\/v2\/types\/page"}],"author":[{"embeddable":true,"href":"https:\/\/todosplanosdesaude.com.br\/gndi\/wp-json\/wp\/v2\/users\/1"}],"replies":[{"embeddable":true,"href":"https:\/\/todosplanosdesaude.com.br\/gndi\/wp-json\/wp\/v2\/comments?post=207"}],"version-history":[{"count":30,"href":"https:\/\/todosplanosdesaude.com.br\/gndi\/wp-json\/wp\/v2\/pages\/207\/revisions"}],"predecessor-version":[{"id":1222,"href":"https:\/\/todosplanosdesaude.com.br\/gndi\/wp-json\/wp\/v2\/pages\/207\/revisions\/1222"}],"wp:attachment":[{"href":"https:\/\/todosplanosdesaude.com.br\/gndi\/wp-json\/wp\/v2\/media?parent=207"}],"curies":[{"name":"wp","href":"https:\/\/api.w.org\/{rel}","templated":true}]}}