{"id":235,"date":"2021-02-17T23:04:10","date_gmt":"2021-02-17T23:04:10","guid":{"rendered":"https:\/\/todosplanosdesaude.com.br\/gndi\/?page_id=235"},"modified":"2024-05-01T23:28:03","modified_gmt":"2024-05-01T23:28:03","slug":"rede-credenciada","status":"publish","type":"page","link":"https:\/\/todosplanosdesaude.com.br\/gndi\/rede-credenciada\/","title":{"rendered":"Rede Credenciada"},"content":{"rendered":"  <div id=\"page-header-2028814286\" class=\"page-header-wrapper\">\n  <div class=\"page-title dark featured-title\">\n\n        <div class=\"page-title-bg\">\n      <div class=\"title-bg fill bg-fill\"\n        data-parallax-container=\".page-title\"\n        data-parallax-background\n        data-parallax=\"-\">\n      <\/div>\n      <div class=\"title-overlay fill\"><\/div>\n    <\/div>\n    \n    <div class=\"page-title-inner container align-center text-center flex-row-col medium-flex-wrap\" >\n              <div class=\"title-wrapper uppercase flex-col\">\n          <h1 class=\"entry-title mb-0\">\n            REDE CREDENCIADA          <\/h1>\n        <\/div>\n                    <div class=\"title-content flex-col\">\n        <div class=\"title-breadcrumbs pb-half pt-half\"><\/div>      <\/div>\n    <\/div>\n\n     \n<style>\n#page-header-2028814286 .page-title-inner {\n  min-height: 128px;\n}\n#page-header-2028814286 {\n  margin-bottom: 0px;\n}\n#page-header-2028814286 .title-bg {\n  background-image: url(https:\/\/todosplanosdesaude.com.br\/gndi\/wp-content\/uploads\/2021\/03\/18.jpg);\n  background-position: 0% 0%;\n}\n<\/style>\n  <\/div>\n    <\/div>\n  \n\t<section class=\"section\" id=\"section_611008296\">\n\t\t<div class=\"bg section-bg fill bg-fill  bg-loaded\" >\n\n\t\t\t\n\t\t\t\n\t\t\t\n\n\t\t<\/div>\n\n\t\t<div class=\"section-content relative\">\n\t\t\t\n<div class=\"row\"  id=\"row-1872336068\">\n\n\t<div id=\"col-1745882705\" class=\"col medium-6 small-12 large-6\"  >\n\t\t<div class=\"col-inner\"  >\n\t\t\t\n\t\t\t\n<div class=\"container section-title-container\" ><h3 class=\"section-title section-title-normal\"><b><\/b><span class=\"section-title-main\" >PRINCIPAIS HOSPITAIS<\/span><b><\/b><\/h3><\/div>\n<p>A rede credenciada da GNDI Sa\u00fade \u00e9 realmente extensa, abrangendo mais de 1.700 hospitais em todo o Brasil.<\/p>\n<p>Entre as op\u00e7\u00f5es mais conhecidas, destacam-se:<\/p>\n<div class=\"row row-small\"  id=\"row-1335841007\">\n\n\t<div id=\"col-1356743303\" class=\"col medium-6 small-12 large-6\"  >\n\t\t<div class=\"col-inner\"  >\n\t\t\t\n\t\t\t\n\t<div id=\"text-710205605\" class=\"text\">\n\t\t\n<p class=\"color-mid mb-10 bluesul\"><strong>\u2022 Hospital Benefic\u00eancia Portuguesa<\/strong><br \/><strong>\u2022 Hospital S\u00e3o Luiz<\/strong><br \/><strong>\u2022 Incor &#8211; Instituto do Cora\u00e7\u00e3o<\/strong><br \/><strong>\u2022 Hospital S\u00e3o Paulo<\/strong><br \/><strong>\u2022 Hospital Alvorada<\/strong><br \/><strong>\u2022 Hospital Nove de Julho<\/strong><br \/><strong>\u2022 Incor &#8211; Metropolitano<\/strong><br \/><strong>\u2022 Hospital Vit\u00f3ria<\/strong><br \/><strong>\u2022 Hospital Igesp<\/strong><br \/><strong>\u2022 Hospital Paulistano<\/strong><br \/><strong>\u2022 Incor &#8211; Sanpaolo<\/strong><\/p>\n\t\t\n<style>\n#text-710205605 {\n  font-size: 0.85rem;\n}\n<\/style>\n\t<\/div>\n\t\n\t\t<\/div>\n\t\t\t<\/div>\n\n\t\n\n\t<div id=\"col-1235324847\" class=\"col medium-6 small-12 large-6\"  >\n\t\t<div class=\"col-inner\"  >\n\t\t\t\n\t\t\t\n\t<div id=\"text-3906045650\" class=\"text\">\n\t\t\n<p class=\"color-mid mb-10 bluesul\"><strong>\u2022 Hospital Leforte<\/strong><br \/><strong>\u2022 Hospital S\u00e3o Camilo<\/strong><br \/><strong>\u2022 Hospital Santa Catarina<\/strong><br \/><strong>\u2022 Hospital Santa Joana<\/strong><br \/><strong>\u2022 HCor &#8211; Hospital do Cora\u00e7\u00e3o<\/strong><br \/><strong>\u2022 Hospital Samaritano<\/strong><br \/><strong>\u2022 Hospital Alem\u00e3o Oswaldo Cruz<\/strong><br \/><strong>\u2022 Hospital Israelita Albert Einstein<\/strong><br \/><strong>\u2022 Hospital S\u00edrio-Liban\u00eas<\/strong><\/p>\n\t\t\n<style>\n#text-3906045650 {\n  font-size: 0.85rem;\n}\n<\/style>\n\t<\/div>\n\t\n\t\t<\/div>\n\t\t\t<\/div>\n\n\t\n<\/div>\n\t<div class=\"img has-hover x md-x lg-x y md-y lg-y\" id=\"image_1033083300\">\n\t\t\t\t\t\t\t\t<div class=\"img-inner dark\" >\n\t\t\t<img loading=\"lazy\" decoding=\"async\" width=\"450\" height=\"268\" src=\"https:\/\/todosplanosdesaude.com.br\/gndi\/wp-content\/uploads\/2021\/02\/hospital-plano-de-saude.png\" class=\"attachment-large size-large\" alt=\"\" srcset=\"https:\/\/todosplanosdesaude.com.br\/gndi\/wp-content\/uploads\/2021\/02\/hospital-plano-de-saude.png 450w, https:\/\/todosplanosdesaude.com.br\/gndi\/wp-content\/uploads\/2021\/02\/hospital-plano-de-saude-300x179.png 300w\" sizes=\"auto, (max-width: 450px) 100vw, 450px\" \/>\t\t\t\t\t\t\n\t\t\t\t\t<\/div>\n\t\t\t\t\t\t\t\t\n<style>\n#image_1033083300 {\n  width: 100%;\n}\n<\/style>\n\t<\/div>\n\t\n\t\t<\/div>\n\t\t\t<\/div>\n\n\t\n\n\t<div id=\"col-2009501810\" class=\"col medium-6 small-12 large-6\"  >\n\t\t<div class=\"col-inner\"  >\n\t\t\t\n\t\t\t\n<div class=\"container section-title-container\" ><h3 class=\"section-title section-title-normal\"><b><\/b><span class=\"section-title-main\" >PRINCIPAIS LABORAT\u00d3RIOS<\/span><b><\/b><\/h3><\/div>\n<p>A rede credenciada da GNDI Sa\u00fade realmente oferece uma ampla variedade de laborat\u00f3rios e centros de diagn\u00f3stico em todo o pa\u00eds.<\/p>\n<p>Aqui est\u00e3o algumas das op\u00e7\u00f5es mais conhecidas:<\/p>\n<div class=\"row row-small\"  id=\"row-1410742535\">\n\n\t<div id=\"col-690915262\" class=\"col medium-6 small-12 large-6\"  >\n\t\t<div class=\"col-inner\"  >\n\t\t\t\n\t\t\t\n\t<div id=\"text-1128032990\" class=\"text\">\n\t\t\n<p class=\"color-mid mb-10 bluesul\"><strong><i class=\"fa fa-check\"><\/i>&nbsp;Laborat\u00f3rio a+<br \/><i class=\"fa fa-check\"><\/i>&nbsp;Alta Diagn\u00f3sticos<br \/><i class=\"fa fa-check\"><\/i>&nbsp;CDB<br \/><i class=\"fa fa-check\"><\/i>&nbsp;Delboni Auriemo<br \/><i class=\"fa fa-check\"><\/i>&nbsp;Laborat\u00f3rio Femme<\/strong><\/p>\n\t\t\n<style>\n#text-1128032990 {\n  font-size: 0.85rem;\n}\n<\/style>\n\t<\/div>\n\t\n\t\t<\/div>\n\t\t\t<\/div>\n\n\t\n\n\t<div id=\"col-204938429\" class=\"col medium-6 small-12 large-6\"  >\n\t\t<div class=\"col-inner\"  >\n\t\t\t\n\t\t\t\n\t<div id=\"text-1510995593\" class=\"text\">\n\t\t\n<p class=\"color-mid mb-10 bluesul\"><strong><i class=\"fa fa-check\"><\/i>&nbsp;Fleury<br \/><i class=\"fa fa-check\"><\/i>&nbsp;Hermes Pardini<br \/><i class=\"fa fa-check\"><\/i>&nbsp;Laborat\u00f3rio Lavoisier<br \/><i class=\"fa fa-check\"><\/i>&nbsp;Salom\u00e3o Zoppi<\/strong><\/p>\n\t\t\n<style>\n#text-1510995593 {\n  font-size: 0.85rem;\n}\n<\/style>\n\t<\/div>\n\t\n\t\t<\/div>\n\t\t\t<\/div>\n\n\t\n<\/div>\n\t<div class=\"img has-hover x md-x lg-x y md-y lg-y\" id=\"image_1378844606\">\n\t\t\t\t\t\t\t\t<div class=\"img-inner dark\" >\n\t\t\t<img loading=\"lazy\" decoding=\"async\" width=\"450\" height=\"235\" src=\"https:\/\/todosplanosdesaude.com.br\/gndi\/wp-content\/uploads\/2021\/02\/laboratorio-plano-de-saude.png\" class=\"attachment-large size-large\" alt=\"\" srcset=\"https:\/\/todosplanosdesaude.com.br\/gndi\/wp-content\/uploads\/2021\/02\/laboratorio-plano-de-saude.png 450w, https:\/\/todosplanosdesaude.com.br\/gndi\/wp-content\/uploads\/2021\/02\/laboratorio-plano-de-saude-300x157.png 300w\" sizes=\"auto, (max-width: 450px) 100vw, 450px\" \/>\t\t\t\t\t\t\n\t\t\t\t\t<\/div>\n\t\t\t\t\t\t\t\t\n<style>\n#image_1378844606 {\n  width: 100%;\n}\n<\/style>\n\t<\/div>\n\t\n\t\t<\/div>\n\t\t\t<\/div>\n\n\t\n<\/div>\n\t\t<\/div>\n\n\t\t\n<style>\n#section_611008296 {\n  padding-top: 30px;\n  padding-bottom: 30px;\n}\n<\/style>\n\t<\/section>\n\t\n","protected":false},"excerpt":{"rendered":"","protected":false},"author":1,"featured_media":0,"parent":0,"menu_order":0,"comment_status":"closed","ping_status":"closed","template":"page-blank.php","meta":{"footnotes":""},"class_list":["post-235","page","type-page","status-publish","hentry"],"yoast_head":"<!-- This site is optimized with the Yoast SEO plugin v25.3.1 - https:\/\/yoast.com\/wordpress\/plugins\/seo\/ -->\n<title>Rede Credenciada - Plano de Sa\u00fade GNDI<\/title>\n<meta name=\"description\" content=\"Saiba tudo sobre o Plano de sa\u00fade Interm\u00e9dica. Rede Credenciada, Tabela de Valores e Diferenciais. Ligue (11) 97563-6328\" \/>\n<meta name=\"robots\" content=\"index, follow, max-snippet:-1, max-image-preview:large, max-video-preview:-1\" \/>\n<link rel=\"canonical\" href=\"https:\/\/todosplanosdesaude.com.br\/gndi\/rede-credenciada\/\" \/>\n<meta property=\"og:locale\" content=\"pt_BR\" \/>\n<meta property=\"og:type\" content=\"article\" \/>\n<meta property=\"og:title\" content=\"Rede Credenciada - Plano de Sa\u00fade GNDI\" \/>\n<meta property=\"og:description\" content=\"Saiba tudo sobre o Plano de sa\u00fade Interm\u00e9dica. Rede Credenciada, Tabela de Valores e Diferenciais. Ligue (11) 97563-6328\" \/>\n<meta property=\"og:url\" content=\"https:\/\/todosplanosdesaude.com.br\/gndi\/rede-credenciada\/\" \/>\n<meta property=\"og:site_name\" content=\"Plano de Sa\u00fade GNDI\" \/>\n<meta property=\"article:modified_time\" content=\"2024-05-01T23:28:03+00:00\" \/>\n<meta name=\"twitter:card\" content=\"summary_large_image\" \/>\n<meta name=\"twitter:label1\" content=\"Est. tempo de leitura\" \/>\n\t<meta name=\"twitter:data1\" content=\"1 minuto\" \/>\n<script type=\"application\/ld+json\" class=\"yoast-schema-graph\">{\"@context\":\"https:\/\/schema.org\",\"@graph\":[{\"@type\":\"WebPage\",\"@id\":\"https:\/\/todosplanosdesaude.com.br\/gndi\/rede-credenciada\/\",\"url\":\"https:\/\/todosplanosdesaude.com.br\/gndi\/rede-credenciada\/\",\"name\":\"Rede Credenciada - Plano de Sa\u00fade GNDI\",\"isPartOf\":{\"@id\":\"https:\/\/todosplanosdesaude.com.br\/gndi\/#website\"},\"datePublished\":\"2021-02-17T23:04:10+00:00\",\"dateModified\":\"2024-05-01T23:28:03+00:00\",\"description\":\"Saiba tudo sobre o Plano de sa\u00fade Interm\u00e9dica. Rede Credenciada, Tabela de Valores e Diferenciais. Ligue (11) 97563-6328\",\"breadcrumb\":{\"@id\":\"https:\/\/todosplanosdesaude.com.br\/gndi\/rede-credenciada\/#breadcrumb\"},\"inLanguage\":\"pt-BR\",\"potentialAction\":[{\"@type\":\"ReadAction\",\"target\":[\"https:\/\/todosplanosdesaude.com.br\/gndi\/rede-credenciada\/\"]}]},{\"@type\":\"BreadcrumbList\",\"@id\":\"https:\/\/todosplanosdesaude.com.br\/gndi\/rede-credenciada\/#breadcrumb\",\"itemListElement\":[{\"@type\":\"ListItem\",\"position\":1,\"name\":\"Home\",\"item\":\"https:\/\/todosplanosdesaude.com.br\/gndi\/\"},{\"@type\":\"ListItem\",\"position\":2,\"name\":\"Rede Credenciada\"}]},{\"@type\":\"WebSite\",\"@id\":\"https:\/\/todosplanosdesaude.com.br\/gndi\/#website\",\"url\":\"https:\/\/todosplanosdesaude.com.br\/gndi\/\",\"name\":\"Plano de Sa\u00fade GNDI\",\"description\":\"\",\"potentialAction\":[{\"@type\":\"SearchAction\",\"target\":{\"@type\":\"EntryPoint\",\"urlTemplate\":\"https:\/\/todosplanosdesaude.com.br\/gndi\/?s={search_term_string}\"},\"query-input\":{\"@type\":\"PropertyValueSpecification\",\"valueRequired\":true,\"valueName\":\"search_term_string\"}}],\"inLanguage\":\"pt-BR\"}]}<\/script>\n<!-- \/ Yoast SEO plugin. -->","yoast_head_json":{"title":"Rede Credenciada - Plano de Sa\u00fade GNDI","description":"Saiba tudo sobre o Plano de sa\u00fade Interm\u00e9dica. Rede Credenciada, Tabela de Valores e Diferenciais. Ligue (11) 97563-6328","robots":{"index":"index","follow":"follow","max-snippet":"max-snippet:-1","max-image-preview":"max-image-preview:large","max-video-preview":"max-video-preview:-1"},"canonical":"https:\/\/todosplanosdesaude.com.br\/gndi\/rede-credenciada\/","og_locale":"pt_BR","og_type":"article","og_title":"Rede Credenciada - Plano de Sa\u00fade GNDI","og_description":"Saiba tudo sobre o Plano de sa\u00fade Interm\u00e9dica. Rede Credenciada, Tabela de Valores e Diferenciais. Ligue (11) 97563-6328","og_url":"https:\/\/todosplanosdesaude.com.br\/gndi\/rede-credenciada\/","og_site_name":"Plano de Sa\u00fade GNDI","article_modified_time":"2024-05-01T23:28:03+00:00","twitter_card":"summary_large_image","twitter_misc":{"Est. tempo de leitura":"1 minuto"},"schema":{"@context":"https:\/\/schema.org","@graph":[{"@type":"WebPage","@id":"https:\/\/todosplanosdesaude.com.br\/gndi\/rede-credenciada\/","url":"https:\/\/todosplanosdesaude.com.br\/gndi\/rede-credenciada\/","name":"Rede Credenciada - Plano de Sa\u00fade GNDI","isPartOf":{"@id":"https:\/\/todosplanosdesaude.com.br\/gndi\/#website"},"datePublished":"2021-02-17T23:04:10+00:00","dateModified":"2024-05-01T23:28:03+00:00","description":"Saiba tudo sobre o Plano de sa\u00fade Interm\u00e9dica. Rede Credenciada, Tabela de Valores e Diferenciais. Ligue (11) 97563-6328","breadcrumb":{"@id":"https:\/\/todosplanosdesaude.com.br\/gndi\/rede-credenciada\/#breadcrumb"},"inLanguage":"pt-BR","potentialAction":[{"@type":"ReadAction","target":["https:\/\/todosplanosdesaude.com.br\/gndi\/rede-credenciada\/"]}]},{"@type":"BreadcrumbList","@id":"https:\/\/todosplanosdesaude.com.br\/gndi\/rede-credenciada\/#breadcrumb","itemListElement":[{"@type":"ListItem","position":1,"name":"Home","item":"https:\/\/todosplanosdesaude.com.br\/gndi\/"},{"@type":"ListItem","position":2,"name":"Rede Credenciada"}]},{"@type":"WebSite","@id":"https:\/\/todosplanosdesaude.com.br\/gndi\/#website","url":"https:\/\/todosplanosdesaude.com.br\/gndi\/","name":"Plano de Sa\u00fade GNDI","description":"","potentialAction":[{"@type":"SearchAction","target":{"@type":"EntryPoint","urlTemplate":"https:\/\/todosplanosdesaude.com.br\/gndi\/?s={search_term_string}"},"query-input":{"@type":"PropertyValueSpecification","valueRequired":true,"valueName":"search_term_string"}}],"inLanguage":"pt-BR"}]}},"_links":{"self":[{"href":"https:\/\/todosplanosdesaude.com.br\/gndi\/wp-json\/wp\/v2\/pages\/235","targetHints":{"allow":["GET"]}}],"collection":[{"href":"https:\/\/todosplanosdesaude.com.br\/gndi\/wp-json\/wp\/v2\/pages"}],"about":[{"href":"https:\/\/todosplanosdesaude.com.br\/gndi\/wp-json\/wp\/v2\/types\/page"}],"author":[{"embeddable":true,"href":"https:\/\/todosplanosdesaude.com.br\/gndi\/wp-json\/wp\/v2\/users\/1"}],"replies":[{"embeddable":true,"href":"https:\/\/todosplanosdesaude.com.br\/gndi\/wp-json\/wp\/v2\/comments?post=235"}],"version-history":[{"count":10,"href":"https:\/\/todosplanosdesaude.com.br\/gndi\/wp-json\/wp\/v2\/pages\/235\/revisions"}],"predecessor-version":[{"id":1224,"href":"https:\/\/todosplanosdesaude.com.br\/gndi\/wp-json\/wp\/v2\/pages\/235\/revisions\/1224"}],"wp:attachment":[{"href":"https:\/\/todosplanosdesaude.com.br\/gndi\/wp-json\/wp\/v2\/media?parent=235"}],"curies":[{"name":"wp","href":"https:\/\/api.w.org\/{rel}","templated":true}]}}