{"id":127,"date":"2021-02-12T19:44:22","date_gmt":"2021-02-12T19:44:22","guid":{"rendered":"https:\/\/todosplanosdesaude.com.br\/porto-seguro\/?page_id=127"},"modified":"2022-01-31T18:35:35","modified_gmt":"2022-01-31T18:35:35","slug":"orcamento","status":"publish","type":"page","link":"https:\/\/todosplanosdesaude.com.br\/porto-seguro\/orcamento\/","title":{"rendered":"Or\u00e7amento"},"content":{"rendered":"  <div id=\"page-header-1597717984\" class=\"page-header-wrapper\">\n  <div class=\"page-title hide-for-small dark featured-title\">\n\n    \n    <div class=\"page-title-inner container align-bottom text-center flex-row-col medium-flex-wrap\" >\n              <div class=\"title-wrapper uppercase flex-col\">\n          <h1 class=\"entry-title mb-0\">\n            SOLICITE UM OR\u00c7AMENTO          <\/h1>\n        <\/div>\n                    <div class=\"title-content flex-col\">\n        <div class=\"title-breadcrumbs pb-half pt-half\"><\/div>      <\/div>\n    <\/div>\n\n     \n<style>\n#page-header-1597717984 .page-title-inner {\n  min-height: 0px;\n}\n#page-header-1597717984 {\n  margin-bottom: 0px;\n}\n#page-header-1597717984 .title-overlay {\n  background-color: #1e1e84;\n}\n<\/style>\n  <\/div>\n    <\/div>\n  \n\t<section class=\"section fundoorcamento\" id=\"section_1030599335\">\n\t\t<div class=\"bg section-bg fill bg-fill  bg-loaded\" >\n\n\t\t\t\n\t\t\t<div class=\"section-bg-overlay absolute fill\"><\/div>\n\t\t\t\n\n\t\t<\/div>\n\n\t\t<div class=\"section-content relative\">\n\t\t\t\n<div class=\"row align-middle\"  id=\"row-1119686721\">\n\n\t<div id=\"col-327859408\" class=\"col medium-6 small-12 large-6\"  >\n\t\t<div class=\"col-inner\"  >\n\t\t\t\n\t\t\t\n\t<div id=\"text-2298585081\" class=\"text\">\n\t\t\n<p><H3>CALCULE SEU PLANO DE SA\u00daDE<\/H3><br \/>\n\t\t\n<style>\n#text-2298585081 {\n  text-align: center;\n  color: rgb(56, 64, 71);\n}\n#text-2298585081 > * {\n  color: rgb(56, 64, 71);\n}\n<\/style>\n\t<\/div>\n\t\n\t<div id=\"text-1173987532\" class=\"text hide-for-medium\">\n\t\t\n<p><iframe src=\"https:\/\/todosplanosdesaude.com.br\/porto-seguro\/form\/index.html\" width=100% height=600px frameborder=0 scrolling=no><\/iframe><br \/>\n\t\t\t<\/div>\n\t\n\t<div id=\"text-1436221564\" class=\"text show-for-small\">\n\t\t\n<p><iframe src=\"https:\/\/todosplanosdesaude.com.br\/porto-seguro\/form\/index-mobile.html\" width=100% height=870px frameborder=0 scrolling=no><\/iframe><br \/>\n\t\t\t<\/div>\n\t\n\t\t<\/div>\n\t\t\t<\/div>\n\n\t\n\n\n<\/div>\n\t\t<\/div>\n\n\t\t\n<style>\n#section_1030599335 {\n  padding-top: 30px;\n  padding-bottom: 30px;\n}\n#section_1030599335 .section-bg-overlay {\n  background-color: rgba(255, 255, 255, 0);\n}\n<\/style>\n\t<\/section>\n\t\n","protected":false},"excerpt":{"rendered":"","protected":false},"author":1,"featured_media":0,"parent":0,"menu_order":0,"comment_status":"closed","ping_status":"closed","template":"page-blank.php","meta":{"footnotes":""},"class_list":["post-127","page","type-page","status-publish","hentry"],"yoast_head":"<!-- This site is optimized with the Yoast SEO plugin v15.9 - https:\/\/yoast.com\/wordpress\/plugins\/seo\/ -->\n<title>Or\u00e7amento - Plano de Sa\u00fade SulAm\u00e9rica<\/title>\n<meta name=\"description\" content=\"Saiba tudo sobre o Plano de sa\u00fade SulAm\u00e9rica. Rede Credenciada, Tabela de Valores e Diferenciais. Ligue (11) 5063-0043\" \/>\n<meta name=\"robots\" content=\"index, follow, max-snippet:-1, max-image-preview:large, max-video-preview:-1\" \/>\n<link rel=\"canonical\" href=\"https:\/\/todosplanosdesaude.com.br\/porto-seguro\/orcamento\/\" \/>\n<meta property=\"og:locale\" content=\"pt_BR\" \/>\n<meta property=\"og:type\" content=\"article\" \/>\n<meta property=\"og:title\" content=\"Or\u00e7amento - Plano de Sa\u00fade SulAm\u00e9rica\" \/>\n<meta property=\"og:description\" content=\"Saiba tudo sobre o Plano de sa\u00fade SulAm\u00e9rica. Rede Credenciada, Tabela de Valores e Diferenciais. Ligue (11) 5063-0043\" \/>\n<meta property=\"og:url\" content=\"https:\/\/todosplanosdesaude.com.br\/porto-seguro\/orcamento\/\" \/>\n<meta property=\"og:site_name\" content=\"Plano de Sa\u00fade SulAm\u00e9rica\" \/>\n<meta property=\"article:modified_time\" content=\"2022-01-31T18:35:35+00:00\" \/>\n<meta name=\"twitter:card\" content=\"summary_large_image\" \/>\n<script type=\"application\/ld+json\" class=\"yoast-schema-graph\">{\"@context\":\"https:\/\/schema.org\",\"@graph\":[{\"@type\":\"WebSite\",\"@id\":\"https:\/\/todosplanosdesaude.com.br\/porto-seguro\/#website\",\"url\":\"https:\/\/todosplanosdesaude.com.br\/porto-seguro\/\",\"name\":\"Plano de Sa\\u00fade SulAm\\u00e9rica\",\"description\":\"\",\"potentialAction\":[{\"@type\":\"SearchAction\",\"target\":\"https:\/\/todosplanosdesaude.com.br\/porto-seguro\/?s={search_term_string}\",\"query-input\":\"required name=search_term_string\"}],\"inLanguage\":\"pt-BR\"},{\"@type\":\"WebPage\",\"@id\":\"https:\/\/todosplanosdesaude.com.br\/porto-seguro\/orcamento\/#webpage\",\"url\":\"https:\/\/todosplanosdesaude.com.br\/porto-seguro\/orcamento\/\",\"name\":\"Or\\u00e7amento - Plano de Sa\\u00fade SulAm\\u00e9rica\",\"isPartOf\":{\"@id\":\"https:\/\/todosplanosdesaude.com.br\/porto-seguro\/#website\"},\"datePublished\":\"2021-02-12T19:44:22+00:00\",\"dateModified\":\"2022-01-31T18:35:35+00:00\",\"description\":\"Saiba tudo sobre o Plano de sa\\u00fade SulAm\\u00e9rica. Rede Credenciada, Tabela de Valores e Diferenciais. Ligue (11) 5063-0043\",\"breadcrumb\":{\"@id\":\"https:\/\/todosplanosdesaude.com.br\/porto-seguro\/orcamento\/#breadcrumb\"},\"inLanguage\":\"pt-BR\",\"potentialAction\":[{\"@type\":\"ReadAction\",\"target\":[\"https:\/\/todosplanosdesaude.com.br\/porto-seguro\/orcamento\/\"]}]},{\"@type\":\"BreadcrumbList\",\"@id\":\"https:\/\/todosplanosdesaude.com.br\/porto-seguro\/orcamento\/#breadcrumb\",\"itemListElement\":[{\"@type\":\"ListItem\",\"position\":1,\"item\":{\"@type\":\"WebPage\",\"@id\":\"https:\/\/todosplanosdesaude.com.br\/porto-seguro\/\",\"url\":\"https:\/\/todosplanosdesaude.com.br\/porto-seguro\/\",\"name\":\"Home\"}},{\"@type\":\"ListItem\",\"position\":2,\"item\":{\"@type\":\"WebPage\",\"@id\":\"https:\/\/todosplanosdesaude.com.br\/porto-seguro\/orcamento\/\",\"url\":\"https:\/\/todosplanosdesaude.com.br\/porto-seguro\/orcamento\/\",\"name\":\"Or\\u00e7amento\"}}]},{\"@type\":\"Person\",\"@id\":\"https:\/\/todosplanosdesaude.com.br\/porto-seguro\/#\/schema\/person\/3b5501e32726793f147ab7e7ac73cd63\",\"name\":\"admin\",\"image\":{\"@type\":\"ImageObject\",\"@id\":\"https:\/\/todosplanosdesaude.com.br\/porto-seguro\/#personlogo\",\"inLanguage\":\"pt-BR\",\"url\":\"https:\/\/secure.gravatar.com\/avatar\/f773c06e74300a801c654fdc9cc85e85?s=96&d=mm&r=g\",\"caption\":\"admin\"},\"sameAs\":[\"https:\/\/todosplanosdesaude.com.br\/porto-seguro\"]}]}<\/script>\n<!-- \/ Yoast SEO plugin. -->","_links":{"self":[{"href":"https:\/\/todosplanosdesaude.com.br\/porto-seguro\/wp-json\/wp\/v2\/pages\/127","targetHints":{"allow":["GET"]}}],"collection":[{"href":"https:\/\/todosplanosdesaude.com.br\/porto-seguro\/wp-json\/wp\/v2\/pages"}],"about":[{"href":"https:\/\/todosplanosdesaude.com.br\/porto-seguro\/wp-json\/wp\/v2\/types\/page"}],"author":[{"embeddable":true,"href":"https:\/\/todosplanosdesaude.com.br\/porto-seguro\/wp-json\/wp\/v2\/users\/1"}],"replies":[{"embeddable":true,"href":"https:\/\/todosplanosdesaude.com.br\/porto-seguro\/wp-json\/wp\/v2\/comments?post=127"}],"version-history":[{"count":52,"href":"https:\/\/todosplanosdesaude.com.br\/porto-seguro\/wp-json\/wp\/v2\/pages\/127\/revisions"}],"predecessor-version":[{"id":1234,"href":"https:\/\/todosplanosdesaude.com.br\/porto-seguro\/wp-json\/wp\/v2\/pages\/127\/revisions\/1234"}],"wp:attachment":[{"href":"https:\/\/todosplanosdesaude.com.br\/porto-seguro\/wp-json\/wp\/v2\/media?parent=127"}],"curies":[{"name":"wp","href":"https:\/\/api.w.org\/{rel}","templated":true}]}}