{"id":206,"date":"2021-02-17T22:54:14","date_gmt":"2021-02-17T22:54:14","guid":{"rendered":"https:\/\/todosplanosdesaude.com.br\/porto-seguro\/?page_id=206"},"modified":"2022-01-31T18:35:30","modified_gmt":"2022-01-31T18:35:30","slug":"plano-de-saude-empresarial","status":"publish","type":"page","link":"https:\/\/todosplanosdesaude.com.br\/porto-seguro\/plano-de-saude-empresarial\/","title":{"rendered":"Plano de Sa\u00fade Empresarial"},"content":{"rendered":"  <div id=\"page-header-736160521\" class=\"page-header-wrapper\">\n  <div class=\"page-title hide-for-small dark featured-title\">\n\n    \n    <div class=\"page-title-inner container align-bottom text-center flex-row-col medium-flex-wrap\" >\n              <div class=\"title-wrapper uppercase flex-col\">\n          <h1 class=\"entry-title mb-0\">\n            PLANO DE SA\u00daDE EMPRESARIAL          <\/h1>\n        <\/div>\n                    <div class=\"title-content flex-col\">\n        <div class=\"title-breadcrumbs pb-half pt-half\"><\/div>      <\/div>\n    <\/div>\n\n     \n<style>\n#page-header-736160521 .page-title-inner {\n  min-height: 0px;\n}\n#page-header-736160521 {\n  margin-bottom: 0px;\n}\n<\/style>\n  <\/div>\n    <\/div>\n  \n\t<section class=\"section\" id=\"section_1985273925\">\n\t\t<div class=\"bg section-bg fill bg-fill  bg-loaded\" >\n\n\t\t\t\n\t\t\t\n\t\t\t\n\n\t\t<\/div>\n\n\t\t<div class=\"section-content relative\">\n\t\t\t\n<div class=\"row align-middle\"  id=\"row-868222265\">\n\n\t<div id=\"col-1549393847\" class=\"col medium-6 small-12 large-6\"  >\n\t\t<div class=\"col-inner\"  >\n\t\t\t\n\t\t\t\n<div class=\"container section-title-container\" ><h3 class=\"section-title section-title-normal\"><b><\/b><span class=\"section-title-main\" >sulam\u00e9rica sa\u00fade empresarial<\/span><b><\/b><\/h3><\/div>\n<p>O SulAm\u00e9rica Sa\u00fade Empresarial para quem possui CNPJ, oferece todos os planos com abrang\u00eancia nacional, isen\u00e7\u00e3o de car\u00eancia e o melhor custo x benef\u00edcio do mercado, com servi\u00e7os exclusivos para empresas acima de 29 pessoas, entre titulares e dependentes.<\/p>\n<p>Confira os planos da SulAm\u00e9rica Sa\u00fade feitos sob medida para atender \u00e0s necessidades da sua empresa, que se diferenciam pelas op\u00e7\u00f5es de reembolso, rede referenciada, padr\u00e3o de acomoda\u00e7\u00e3o hospitalar e benef\u00edcios.<\/p>\n\t\t<\/div>\n\t\t\t<\/div>\n\n\t\n\n\t<div id=\"col-932274924\" class=\"col medium-6 small-12 large-6\"  >\n\t\t<div class=\"col-inner\"  >\n\t\t\t\n\t\t\t\n\t<div class=\"img has-hover x md-x lg-x y md-y lg-y\" id=\"image_1329215643\">\n\t\t\t\t\t\t\t\t<div class=\"img-inner image-cover dark\" style=\"padding-top:307px;\">\n\t\t\t<img loading=\"lazy\" decoding=\"async\" width=\"900\" height=\"600\" src=\"https:\/\/todosplanosdesaude.com.br\/porto-seguro\/wp-content\/uploads\/2021\/06\/1.1-6.jpg\" class=\"attachment-large size-large\" alt=\"\" srcset=\"https:\/\/todosplanosdesaude.com.br\/porto-seguro\/wp-content\/uploads\/2021\/06\/1.1-6.jpg 900w, https:\/\/todosplanosdesaude.com.br\/porto-seguro\/wp-content\/uploads\/2021\/06\/1.1-6-300x200.jpg 300w, https:\/\/todosplanosdesaude.com.br\/porto-seguro\/wp-content\/uploads\/2021\/06\/1.1-6-768x512.jpg 768w\" sizes=\"auto, (max-width: 900px) 100vw, 900px\" \/>\t\t\t\t\t\t\n\t\t\t\t\t<\/div>\n\t\t\t\t\t\t\t\t\n<style>\n#image_1329215643 {\n  width: 100%;\n}\n<\/style>\n\t<\/div>\n\t\n\t\t<\/div>\n\t\t\t<\/div>\n\n\t\n<\/div>\n<div class=\"row\"  id=\"row-14041905\">\n\n\t<div id=\"col-785885691\" class=\"col medium-6 small-12 large-6\"  >\n\t\t<div class=\"col-inner\"  >\n\t\t\t\n\t\t\t\n<div class=\"container section-title-container\" ><h3 class=\"section-title section-title-normal\"><b><\/b><span class=\"section-title-main\" >conhe\u00e7a os planos<\/span><b><\/b><\/h3><\/div>\n\t<div class=\"img has-hover x md-x lg-x y md-y lg-y\" id=\"image_1576805115\">\n\t\t\t\t\t\t\t\t<div class=\"img-inner dark\" >\n\t\t\t<img loading=\"lazy\" decoding=\"async\" width=\"1020\" height=\"789\" src=\"https:\/\/todosplanosdesaude.com.br\/porto-seguro\/wp-content\/uploads\/2021\/04\/tabela-planos-1-1024x792-1.png\" class=\"attachment-large size-large\" alt=\"\" srcset=\"https:\/\/todosplanosdesaude.com.br\/porto-seguro\/wp-content\/uploads\/2021\/04\/tabela-planos-1-1024x792-1.png 1024w, https:\/\/todosplanosdesaude.com.br\/porto-seguro\/wp-content\/uploads\/2021\/04\/tabela-planos-1-1024x792-1-300x232.png 300w, https:\/\/todosplanosdesaude.com.br\/porto-seguro\/wp-content\/uploads\/2021\/04\/tabela-planos-1-1024x792-1-768x594.png 768w\" sizes=\"auto, (max-width: 1020px) 100vw, 1020px\" \/>\t\t\t\t\t\t\n\t\t\t\t\t<\/div>\n\t\t\t\t\t\t\t\t\n<style>\n#image_1576805115 {\n  width: 100%;\n}\n<\/style>\n\t<\/div>\n\t\n\t\t<\/div>\n\t\t\t<\/div>\n\n\t\n\n\t<div id=\"col-1647833755\" class=\"col medium-6 small-12 large-6\"  >\n\t\t<div class=\"col-inner\"  >\n\t\t\t\n\t\t\t\n<div class=\"container section-title-container\" ><h3 class=\"section-title section-title-normal\"><b><\/b><span class=\"section-title-main\" >Modalidades de contrata\u00e7\u00e3o<\/span><b><\/b><\/h3><\/div>\n<p class=\"mb-20\"><strong>Hospitalar com Obstetr\u00edcia<\/strong><br \/>\u25aa Atendimento em Pronto Socorro (para urg\u00eancia e emerg\u00eancia);<br \/>\u25aa Cirurgias;<br \/>\u25aa Interna\u00e7\u00f5es hospitalares;<br \/>\u25aa Partos (inclui cobertura assistencial ao rec\u00e9m-nascido durante os primeiros 30 dias ap\u00f3s o parto).<\/p>\n<p class=\"mb-20\"><strong>Ambulatorial e Hospitalar com Obstetr\u00edcia<\/strong><br \/>\u25aa Consultas;<br \/>\u25aa Exames;<br \/>\u25aa Atendimento em Pronto Socorro;<br \/>\u25aa Cirurgias;<br \/>\u25aa Interna\u00e7\u00f5es hospitalares;<br \/>\u25aa Partos (inclui cobertura assistencial ao rec\u00e9m-nascido durante os primeiros 30 dias ap\u00f3s o parto)<\/p>\n<p><i class=\"icon-checkmark\"><\/i>\u00a0Consultas e exames exclusivamente para gestantes, em acompanhamento pr\u00e9-natal;<br \/><i class=\"icon-checkmark\"><\/i>\u00a0Procedimentos especiais necess\u00e1rios para continuidade da assist\u00eancia prestada em n\u00edvel de interna\u00e7\u00e3o hospitalar, como: Hemodi\u00e1lises, quimioterapias, radioterapias, fisioterapias entre outros.<\/p>\n\t\t<\/div>\n\t\t\t<\/div>\n\n\t\n<\/div>\n<div class=\"row align-middle\"  id=\"row-313227162\">\n\n\t<div id=\"col-1796927106\" class=\"col medium-6 small-12 large-6\"  >\n\t\t<div class=\"col-inner\"  >\n\t\t\t\n\t\t\t\n<div class=\"container section-title-container\" ><h3 class=\"section-title section-title-normal\"><b><\/b><span class=\"section-title-main\" >car\u00eancia<\/span><b><\/b><\/h3><\/div>\n<p>Na SulAm\u00e9rica Sa\u00fade, a car\u00eancia funciona de formas diferentes dependendo do n\u00famero de benefici\u00e1rios que est\u00e3o inclusos no plano. Conv\u00eanios empresariais acima de 29 pessoas est\u00e3o isentos deste per\u00edodo, exceto para os procedimentos de parto e condi\u00e7\u00f5es preexistentes, que cumprem o prazo de car\u00eancia padr\u00e3o de 10 meses e 24 meses, respectivamente. Planos abaixo de 29 vidas cumprem o tempo padr\u00e3o estabelecido pela Ag\u00eancia Nacional de Sa\u00fade (ANS).<\/p>\n\t\t<\/div>\n\t\t\t<\/div>\n\n\t\n\n\t<div id=\"col-660535236\" class=\"col hide-for-small medium-6 small-12 large-6\"  >\n\t\t<div class=\"col-inner\"  >\n\t\t\t\n\t\t\t\n\t<div class=\"img has-hover x md-x lg-x y md-y lg-y\" id=\"image_1202970430\">\n\t\t\t\t\t\t\t\t<div class=\"img-inner dark\" >\n\t\t\t<img loading=\"lazy\" decoding=\"async\" width=\"900\" height=\"600\" src=\"https:\/\/todosplanosdesaude.com.br\/porto-seguro\/wp-content\/uploads\/2021\/06\/2.1-6.jpg\" class=\"attachment-large size-large\" alt=\"\" srcset=\"https:\/\/todosplanosdesaude.com.br\/porto-seguro\/wp-content\/uploads\/2021\/06\/2.1-6.jpg 900w, https:\/\/todosplanosdesaude.com.br\/porto-seguro\/wp-content\/uploads\/2021\/06\/2.1-6-300x200.jpg 300w, https:\/\/todosplanosdesaude.com.br\/porto-seguro\/wp-content\/uploads\/2021\/06\/2.1-6-768x512.jpg 768w\" sizes=\"auto, (max-width: 900px) 100vw, 900px\" \/>\t\t\t\t\t\t\n\t\t\t\t\t<\/div>\n\t\t\t\t\t\t\t\t\n<style>\n#image_1202970430 {\n  width: 100%;\n}\n<\/style>\n\t<\/div>\n\t\n\t\t<\/div>\n\t\t\t<\/div>\n\n\t\n<\/div>\n<div class=\"row align-middle\"  id=\"row-618391098\">\n\n\t<div id=\"col-1230172615\" class=\"col medium-6 small-12 large-6\"  >\n\t\t<div class=\"col-inner\"  >\n\t\t\t\n\t\t\t\n\t<div class=\"img has-hover x md-x lg-x y md-y lg-y\" id=\"image_1940058280\">\n\t\t\t\t\t\t\t\t<div class=\"img-inner dark\" >\n\t\t\t<img loading=\"lazy\" decoding=\"async\" width=\"555\" height=\"326\" src=\"https:\/\/todosplanosdesaude.com.br\/porto-seguro\/wp-content\/uploads\/2021\/04\/3.1.png\" class=\"attachment-large size-large\" alt=\"\" srcset=\"https:\/\/todosplanosdesaude.com.br\/porto-seguro\/wp-content\/uploads\/2021\/04\/3.1.png 555w, https:\/\/todosplanosdesaude.com.br\/porto-seguro\/wp-content\/uploads\/2021\/04\/3.1-300x176.png 300w\" sizes=\"auto, (max-width: 555px) 100vw, 555px\" \/>\t\t\t\t\t\t\n\t\t\t\t\t<\/div>\n\t\t\t\t\t\t\t\t\n<style>\n#image_1940058280 {\n  width: 100%;\n}\n<\/style>\n\t<\/div>\n\t\n\t\t<\/div>\n\t\t\t<\/div>\n\n\t\n\n\t<div id=\"col-659614152\" class=\"col medium-6 small-12 large-6\"  >\n\t\t<div class=\"col-inner\"  >\n\t\t\t\n\t\t\t\n<div class=\"container section-title-container\" ><h3 class=\"section-title section-title-normal\"><b><\/b><span class=\"section-title-main\" >PORTAL SULAM\u00c9RICA ONLINE<\/span><b><\/b><\/h3><\/div>\n<p><i class=\"fa fa-check\"><\/i>\u00a0Consultar rede referenciada por geolocaliza\u00e7\u00e3o<br \/><i class=\"fa fa-check\"><\/i>\u00a0Pesquisar cobertura, status do reembolso e autoriza\u00e7\u00f5es de procedimentos<br \/><i class=\"fa fa-check\"><\/i>\u00a0Gestor RH: relat\u00f3rios gerenciais e dados de faturamento (2\u00aa via de fatura, rela\u00e7\u00e3o de segurados ativos etc.)<br \/><i class=\"fa fa-check\"><\/i>\u00a0Gerar livrete da rede personalizado em arquivo eletr\u00f4nico.<\/p>\n\t\t<\/div>\n\t\t\t<\/div>\n\n\t\n<\/div>\n\t\t<\/div>\n\n\t\t\n<style>\n#section_1985273925 {\n  padding-top: 30px;\n  padding-bottom: 30px;\n}\n<\/style>\n\t<\/section>\n\t\n","protected":false},"excerpt":{"rendered":"","protected":false},"author":1,"featured_media":0,"parent":0,"menu_order":0,"comment_status":"closed","ping_status":"closed","template":"page-blank.php","meta":{"footnotes":""},"class_list":["post-206","page","type-page","status-publish","hentry"],"yoast_head":"<!-- This site is optimized with the Yoast SEO plugin v15.9 - https:\/\/yoast.com\/wordpress\/plugins\/seo\/ -->\n<title>Plano de Sa\u00fade Empresarial - Plano de Sa\u00fade SulAm\u00e9rica<\/title>\n<meta name=\"description\" content=\"Saiba tudo sobre o Plano de sa\u00fade SulAm\u00e9rica. Rede Credenciada, Tabela de Valores e Diferenciais. Ligue (11) 5063-0043\" \/>\n<meta name=\"robots\" content=\"index, follow, max-snippet:-1, max-image-preview:large, max-video-preview:-1\" \/>\n<link rel=\"canonical\" href=\"https:\/\/todosplanosdesaude.com.br\/porto-seguro\/plano-de-saude-empresarial\/\" \/>\n<meta property=\"og:locale\" content=\"pt_BR\" \/>\n<meta property=\"og:type\" content=\"article\" \/>\n<meta property=\"og:title\" content=\"Plano de Sa\u00fade Empresarial - Plano de Sa\u00fade SulAm\u00e9rica\" \/>\n<meta property=\"og:description\" content=\"Saiba tudo sobre o Plano de sa\u00fade SulAm\u00e9rica. Rede Credenciada, Tabela de Valores e Diferenciais. Ligue (11) 5063-0043\" \/>\n<meta property=\"og:url\" content=\"https:\/\/todosplanosdesaude.com.br\/porto-seguro\/plano-de-saude-empresarial\/\" \/>\n<meta property=\"og:site_name\" content=\"Plano de Sa\u00fade SulAm\u00e9rica\" \/>\n<meta property=\"article:modified_time\" content=\"2022-01-31T18:35:30+00:00\" \/>\n<meta name=\"twitter:card\" content=\"summary_large_image\" \/>\n<script type=\"application\/ld+json\" class=\"yoast-schema-graph\">{\"@context\":\"https:\/\/schema.org\",\"@graph\":[{\"@type\":\"WebSite\",\"@id\":\"https:\/\/todosplanosdesaude.com.br\/porto-seguro\/#website\",\"url\":\"https:\/\/todosplanosdesaude.com.br\/porto-seguro\/\",\"name\":\"Plano de Sa\\u00fade SulAm\\u00e9rica\",\"description\":\"\",\"potentialAction\":[{\"@type\":\"SearchAction\",\"target\":\"https:\/\/todosplanosdesaude.com.br\/porto-seguro\/?s={search_term_string}\",\"query-input\":\"required name=search_term_string\"}],\"inLanguage\":\"pt-BR\"},{\"@type\":\"WebPage\",\"@id\":\"https:\/\/todosplanosdesaude.com.br\/porto-seguro\/plano-de-saude-empresarial\/#webpage\",\"url\":\"https:\/\/todosplanosdesaude.com.br\/porto-seguro\/plano-de-saude-empresarial\/\",\"name\":\"Plano de Sa\\u00fade Empresarial - Plano de Sa\\u00fade SulAm\\u00e9rica\",\"isPartOf\":{\"@id\":\"https:\/\/todosplanosdesaude.com.br\/porto-seguro\/#website\"},\"datePublished\":\"2021-02-17T22:54:14+00:00\",\"dateModified\":\"2022-01-31T18:35:30+00:00\",\"description\":\"Saiba tudo sobre o Plano de sa\\u00fade SulAm\\u00e9rica. Rede Credenciada, Tabela de Valores e Diferenciais. Ligue (11) 5063-0043\",\"breadcrumb\":{\"@id\":\"https:\/\/todosplanosdesaude.com.br\/porto-seguro\/plano-de-saude-empresarial\/#breadcrumb\"},\"inLanguage\":\"pt-BR\",\"potentialAction\":[{\"@type\":\"ReadAction\",\"target\":[\"https:\/\/todosplanosdesaude.com.br\/porto-seguro\/plano-de-saude-empresarial\/\"]}]},{\"@type\":\"BreadcrumbList\",\"@id\":\"https:\/\/todosplanosdesaude.com.br\/porto-seguro\/plano-de-saude-empresarial\/#breadcrumb\",\"itemListElement\":[{\"@type\":\"ListItem\",\"position\":1,\"item\":{\"@type\":\"WebPage\",\"@id\":\"https:\/\/todosplanosdesaude.com.br\/porto-seguro\/\",\"url\":\"https:\/\/todosplanosdesaude.com.br\/porto-seguro\/\",\"name\":\"Home\"}},{\"@type\":\"ListItem\",\"position\":2,\"item\":{\"@type\":\"WebPage\",\"@id\":\"https:\/\/todosplanosdesaude.com.br\/porto-seguro\/plano-de-saude-empresarial\/\",\"url\":\"https:\/\/todosplanosdesaude.com.br\/porto-seguro\/plano-de-saude-empresarial\/\",\"name\":\"Plano de Sa\\u00fade Empresarial\"}}]},{\"@type\":\"Person\",\"@id\":\"https:\/\/todosplanosdesaude.com.br\/porto-seguro\/#\/schema\/person\/3b5501e32726793f147ab7e7ac73cd63\",\"name\":\"admin\",\"image\":{\"@type\":\"ImageObject\",\"@id\":\"https:\/\/todosplanosdesaude.com.br\/porto-seguro\/#personlogo\",\"inLanguage\":\"pt-BR\",\"url\":\"https:\/\/secure.gravatar.com\/avatar\/f773c06e74300a801c654fdc9cc85e85?s=96&d=mm&r=g\",\"caption\":\"admin\"},\"sameAs\":[\"https:\/\/todosplanosdesaude.com.br\/porto-seguro\"]}]}<\/script>\n<!-- \/ Yoast SEO plugin. -->","_links":{"self":[{"href":"https:\/\/todosplanosdesaude.com.br\/porto-seguro\/wp-json\/wp\/v2\/pages\/206","targetHints":{"allow":["GET"]}}],"collection":[{"href":"https:\/\/todosplanosdesaude.com.br\/porto-seguro\/wp-json\/wp\/v2\/pages"}],"about":[{"href":"https:\/\/todosplanosdesaude.com.br\/porto-seguro\/wp-json\/wp\/v2\/types\/page"}],"author":[{"embeddable":true,"href":"https:\/\/todosplanosdesaude.com.br\/porto-seguro\/wp-json\/wp\/v2\/users\/1"}],"replies":[{"embeddable":true,"href":"https:\/\/todosplanosdesaude.com.br\/porto-seguro\/wp-json\/wp\/v2\/comments?post=206"}],"version-history":[{"count":24,"href":"https:\/\/todosplanosdesaude.com.br\/porto-seguro\/wp-json\/wp\/v2\/pages\/206\/revisions"}],"predecessor-version":[{"id":1140,"href":"https:\/\/todosplanosdesaude.com.br\/porto-seguro\/wp-json\/wp\/v2\/pages\/206\/revisions\/1140"}],"wp:attachment":[{"href":"https:\/\/todosplanosdesaude.com.br\/porto-seguro\/wp-json\/wp\/v2\/media?parent=206"}],"curies":[{"name":"wp","href":"https:\/\/api.w.org\/{rel}","templated":true}]}}