{"id":96,"date":"2021-02-12T18:46:56","date_gmt":"2021-02-12T18:46:56","guid":{"rendered":"https:\/\/todosplanosdesaude.com.br\/porto-seguro\/?page_id=96"},"modified":"2022-01-31T18:35:55","modified_gmt":"2022-01-31T18:35:55","slug":"conheca-a-sulamerica","status":"publish","type":"page","link":"https:\/\/todosplanosdesaude.com.br\/porto-seguro\/conheca-a-sulamerica\/","title":{"rendered":"Conhe\u00e7a a SulAm\u00e9rica"},"content":{"rendered":"  <div id=\"page-header-126603638\" class=\"page-header-wrapper\">\n  <div class=\"page-title hide-for-small dark featured-title\">\n\n    \n    <div class=\"page-title-inner container align-bottom text-center flex-row-col medium-flex-wrap\" >\n              <div class=\"title-wrapper uppercase flex-col\">\n          <h1 class=\"entry-title mb-0\">\n            CONHE\u00c7A A SULAM\u00c9RICA          <\/h1>\n        <\/div>\n                    <div class=\"title-content flex-col\">\n        <div class=\"title-breadcrumbs pb-half pt-half\"><\/div>      <\/div>\n    <\/div>\n\n     \n<style>\n#page-header-126603638 .page-title-inner {\n  min-height: 50px;\n}\n#page-header-126603638 {\n  margin-bottom: 0px;\n}\n#page-header-126603638 .title-overlay {\n  background-color: rgb(1, 38, 94);\n}\n<\/style>\n  <\/div>\n    <\/div>\n  \n\t<section class=\"section\" id=\"section_671023532\">\n\t\t<div class=\"bg section-bg fill bg-fill  bg-loaded\" >\n\n\t\t\t\n\t\t\t\n\t\t\t\n\n\t\t<\/div>\n\n\t\t<div class=\"section-content relative\">\n\t\t\t\n<div class=\"row align-middle\"  id=\"row-2134348353\">\n\n\t<div id=\"col-1178722238\" class=\"col medium-6 small-12 large-6\"  >\n\t\t<div class=\"col-inner\"  >\n\t\t\t\n\t\t\t\n\t<div class=\"img has-hover x md-x lg-x y md-y lg-y\" id=\"image_1427717300\">\n\t\t\t\t\t\t\t\t<div class=\"img-inner dark\" >\n\t\t\t<img loading=\"lazy\" decoding=\"async\" width=\"555\" height=\"205\" src=\"https:\/\/todosplanosdesaude.com.br\/porto-seguro\/wp-content\/uploads\/2021\/06\/1.1-1.jpg\" class=\"attachment-large size-large\" alt=\"\" srcset=\"https:\/\/todosplanosdesaude.com.br\/porto-seguro\/wp-content\/uploads\/2021\/06\/1.1-1.jpg 555w, https:\/\/todosplanosdesaude.com.br\/porto-seguro\/wp-content\/uploads\/2021\/06\/1.1-1-300x111.jpg 300w\" sizes=\"auto, (max-width: 555px) 100vw, 555px\" \/>\t\t\t\t\t\t\n\t\t\t\t\t<\/div>\n\t\t\t\t\t\t\t\t\n<style>\n#image_1427717300 {\n  width: 100%;\n}\n<\/style>\n\t<\/div>\n\t\n\t\t<\/div>\n\t\t\t<\/div>\n\n\t\n\n\t<div id=\"col-1587767955\" class=\"col medium-5 small-12 large-5\"  >\n\t\t<div class=\"col-inner\"  >\n\t\t\t\n\t\t\t\n<div class=\"container section-title-container\" ><h3 class=\"section-title section-title-normal\"><b><\/b><span class=\"section-title-main\" >sobre a SulAm\u00e9rica<\/span><b><\/b><\/h3><\/div>\n<p>A SulAm\u00e9rica Sa\u00fade se orgulha de contar atualmente com mais de 7 milh\u00f5es de clientes em nossa carteira de produtos. Atingimos esse n\u00famero ao longo de mais de 120 anos de atua\u00e7\u00e3o no mercado, sempre baseada em uma rela\u00e7\u00e3o transparente, \u00e9tica e comprometida com a sustentabilidade.<\/p>\n\t\t<\/div>\n\t\t\t<\/div>\n\n\t\n<\/div>\n<div class=\"row\"  id=\"row-81522457\">\n\n\t<div id=\"col-159748594\" class=\"col medium-6 small-12 large-6\"  >\n\t\t<div class=\"col-inner\"  >\n\t\t\t\n\t\t\t\n<div class=\"container section-title-container\" ><h3 class=\"section-title section-title-normal\"><b><\/b><span class=\"section-title-main\" >MISS\u00c3O<\/span><b><\/b><\/h3><\/div>\n<p>Oferecer prote\u00e7\u00e3o e bem-estar a pessoas e organiza\u00e7\u00f5es, em todas as fases de suas vidas, criando valor de forma sustent\u00e1vel, em uma rela\u00e7\u00e3o de confian\u00e7a e respeito.<\/p>\n<div class=\"container section-title-container\" ><h3 class=\"section-title section-title-normal\"><b><\/b><span class=\"section-title-main\" >Vis\u00e3o<\/span><b><\/b><\/h3><\/div>\n<p>Sermos reconhecidos como a melhor op\u00e7\u00e3o nos mercados em que atuamos, satisfazendo com excel\u00eancia as necessidades de nossos clientes por meio de um relacionamento pr\u00f3ximo e s\u00f3lido com nossos colaboradores, corretores e parceiros de neg\u00f3cios, buscando o equil\u00edbrio entre crescimento e rentabilidade.<\/p>\n\t\t<\/div>\n\t\t\t<\/div>\n\n\t\n\n\t<div id=\"col-316098856\" class=\"col medium-6 small-12 large-6\"  >\n\t\t<div class=\"col-inner\"  >\n\t\t\t\n\t\t\t\n<div class=\"container section-title-container\" ><h3 class=\"section-title section-title-normal\"><b><\/b><span class=\"section-title-main\" >Valores<\/span><b><\/b><\/h3><\/div>\n<p><i class=\"fa fa-check\"><\/i>\u00a0Somos orientados para a satisfa\u00e7\u00e3o dos nossos clientes e corretores;<br \/><i class=\"fa fa-check\"><\/i>\u00a0Valorizamos os colaboradores e o trabalho em equipe;<br \/><i class=\"fa fa-check\"><\/i>\u00a0Objetivamos uma rela\u00e7\u00e3o saud\u00e1vel e de longo prazo em nossas parcerias;<br \/><i class=\"fa fa-check\"><\/i>\u00a0Buscamos sempre os melhores resultados e o aprimoramento de nossas opera\u00e7\u00f5es;<br \/><i class=\"fa fa-check\"><\/i>\u00a0Cumprimos nossas promessas, preservando nosso comprometimento com a sustentabilidade<\/p>\n\t\t<\/div>\n\t\t\t<\/div>\n\n\t\n<\/div>\n<div class=\"row\"  id=\"row-686283450\">\n\n\t<div id=\"col-1527423248\" class=\"col medium-6 small-12 large-6\"  >\n\t\t<div class=\"col-inner\"  >\n\t\t\t\n\t\t\t\n<div class=\"container section-title-container\" ><h3 class=\"section-title section-title-normal\"><b><\/b><span class=\"section-title-main\" >Sa\u00fade<\/span><b><\/b><\/h3><\/div>\n<p>Cuidar da sa\u00fade s\u00f3 faz bem, por isso a SulAm\u00e9rica Sa\u00fade oferece um conjunto de programas e a\u00e7\u00f5es focados na promo\u00e7\u00e3o da sa\u00fade, preven\u00e7\u00e3o e tratamento de doen\u00e7as, para empresas que querem estimular a qualidade de vida dos funcion\u00e1rios.<\/p>\n<p><i class=\"fa fa-check\"><\/i>\u00a0Tradi\u00e7\u00e3o e Solidez<br \/><i class=\"fa fa-check\"><\/i>\u00a0Maior seguradora independente do Brasil<br \/><i class=\"fa fa-check\"><\/i>\u00a0+ de 120 anos de exist\u00eancia<br \/><i class=\"fa fa-check\"><\/i>\u00a090 filiais<br \/><i class=\"fa fa-check\"><\/i>\u00a07 milh\u00f5es de clientes<br \/><i class=\"fa fa-check\"><\/i>\u00a05 mil funcion\u00e1rios<br \/><i class=\"fa fa-check\"><\/i>\u00a030 mil corretores ativos<br \/><i class=\"fa fa-check\"><\/i>\u00a020 mil prestadores de servi\u00e7os de sa\u00fade<\/p>\n\t\t<\/div>\n\t\t\t<\/div>\n\n\t\n\n\t<div id=\"col-1400690933\" class=\"col hide-for-small medium-6 small-12 large-6\"  >\n\t\t<div class=\"col-inner\"  >\n\t\t\t\n\t\t\t\n\t<div class=\"img has-hover x md-x lg-x y md-y lg-y\" id=\"image_1520822033\">\n\t\t\t\t\t\t\t\t<div class=\"img-inner dark\" >\n\t\t\t<img loading=\"lazy\" decoding=\"async\" width=\"555\" height=\"425\" src=\"https:\/\/todosplanosdesaude.com.br\/porto-seguro\/wp-content\/uploads\/2021\/06\/2.1-1.jpg\" class=\"attachment-large size-large\" alt=\"\" srcset=\"https:\/\/todosplanosdesaude.com.br\/porto-seguro\/wp-content\/uploads\/2021\/06\/2.1-1.jpg 555w, https:\/\/todosplanosdesaude.com.br\/porto-seguro\/wp-content\/uploads\/2021\/06\/2.1-1-300x230.jpg 300w\" sizes=\"auto, (max-width: 555px) 100vw, 555px\" \/>\t\t\t\t\t\t\n\t\t\t\t\t<\/div>\n\t\t\t\t\t\t\t\t\n<style>\n#image_1520822033 {\n  width: 100%;\n}\n<\/style>\n\t<\/div>\n\t\n\t\t<\/div>\n\t\t\t<\/div>\n\n\t\n<\/div>\n<div class=\"row align-middle\"  id=\"row-1815902024\">\n\n\t<div id=\"col-1339000108\" class=\"col medium-6 small-12 large-6\"  >\n\t\t<div class=\"col-inner\"  >\n\t\t\t\n\t\t\t\n\t<div class=\"img has-hover x md-x lg-x y md-y lg-y\" id=\"image_45580705\">\n\t\t\t\t\t\t\t\t<div class=\"img-inner dark\" >\n\t\t\t<img loading=\"lazy\" decoding=\"async\" width=\"555\" height=\"319\" src=\"https:\/\/todosplanosdesaude.com.br\/porto-seguro\/wp-content\/uploads\/2021\/06\/31.jpg\" class=\"attachment-large size-large\" alt=\"\" srcset=\"https:\/\/todosplanosdesaude.com.br\/porto-seguro\/wp-content\/uploads\/2021\/06\/31.jpg 555w, https:\/\/todosplanosdesaude.com.br\/porto-seguro\/wp-content\/uploads\/2021\/06\/31-300x172.jpg 300w\" sizes=\"auto, (max-width: 555px) 100vw, 555px\" \/>\t\t\t\t\t\t\n\t\t\t\t\t<\/div>\n\t\t\t\t\t\t\t\t\n<style>\n#image_45580705 {\n  width: 100%;\n}\n<\/style>\n\t<\/div>\n\t\n\t\t<\/div>\n\t\t\t<\/div>\n\n\t\n\n\t<div id=\"col-1478532938\" class=\"col medium-6 small-12 large-6\"  >\n\t\t<div class=\"col-inner\"  >\n\t\t\t\n\t\t\t\n<div class=\"container section-title-container\" ><h3 class=\"section-title section-title-normal\"><b><\/b><span class=\"section-title-main\" >REDE CREDENCIADA<\/span><b><\/b><\/h3><\/div>\n<p>A rede credenciada SulAm\u00e9rica Sa\u00fade, tem abrang\u00eancia nacional e \u00e9 composta por profissionais qualificados. O processo de referenciamento \u00e9 criterioso, visa excel\u00eancia em qualidade e gest\u00e3o constante da performance da rede. S\u00e3o mais de 15 mil cl\u00ednicas e consult\u00f3rios, 2.900 centros diagn\u00f3sticos, 1.400 hospitais e muito mais op\u00e7\u00f5es de atendimento.<\/p>\n\t\t<\/div>\n\t\t\t<\/div>\n\n\t\n<\/div>\n\t\t<\/div>\n\n\t\t\n<style>\n#section_671023532 {\n  padding-top: 30px;\n  padding-bottom: 30px;\n}\n<\/style>\n\t<\/section>\n\t\n","protected":false},"excerpt":{"rendered":"","protected":false},"author":1,"featured_media":0,"parent":0,"menu_order":0,"comment_status":"closed","ping_status":"closed","template":"page-blank.php","meta":{"footnotes":""},"class_list":["post-96","page","type-page","status-publish","hentry"],"yoast_head":"<!-- This site is optimized with the Yoast SEO plugin v15.9 - https:\/\/yoast.com\/wordpress\/plugins\/seo\/ -->\n<title>Conhe\u00e7a a SulAm\u00e9rica - Plano de Sa\u00fade SulAm\u00e9rica<\/title>\n<meta name=\"description\" content=\"Saiba tudo sobre o Plano de sa\u00fade SulAm\u00e9rica. Rede Credenciada, Tabela de Valores e Diferenciais. Ligue (11) 5063-0043\" \/>\n<meta name=\"robots\" content=\"index, follow, max-snippet:-1, max-image-preview:large, max-video-preview:-1\" \/>\n<link rel=\"canonical\" href=\"https:\/\/todosplanosdesaude.com.br\/porto-seguro\/conheca-a-sulamerica\/\" \/>\n<meta property=\"og:locale\" content=\"pt_BR\" \/>\n<meta property=\"og:type\" content=\"article\" \/>\n<meta property=\"og:title\" content=\"Conhe\u00e7a a SulAm\u00e9rica - Plano de Sa\u00fade SulAm\u00e9rica\" \/>\n<meta property=\"og:description\" content=\"Saiba tudo sobre o Plano de sa\u00fade SulAm\u00e9rica. Rede Credenciada, Tabela de Valores e Diferenciais. Ligue (11) 5063-0043\" \/>\n<meta property=\"og:url\" content=\"https:\/\/todosplanosdesaude.com.br\/porto-seguro\/conheca-a-sulamerica\/\" \/>\n<meta property=\"og:site_name\" content=\"Plano de Sa\u00fade SulAm\u00e9rica\" \/>\n<meta property=\"article:modified_time\" content=\"2022-01-31T18:35:55+00:00\" \/>\n<meta name=\"twitter:card\" content=\"summary_large_image\" \/>\n<script type=\"application\/ld+json\" class=\"yoast-schema-graph\">{\"@context\":\"https:\/\/schema.org\",\"@graph\":[{\"@type\":\"WebSite\",\"@id\":\"https:\/\/todosplanosdesaude.com.br\/porto-seguro\/#website\",\"url\":\"https:\/\/todosplanosdesaude.com.br\/porto-seguro\/\",\"name\":\"Plano de Sa\\u00fade SulAm\\u00e9rica\",\"description\":\"\",\"potentialAction\":[{\"@type\":\"SearchAction\",\"target\":\"https:\/\/todosplanosdesaude.com.br\/porto-seguro\/?s={search_term_string}\",\"query-input\":\"required name=search_term_string\"}],\"inLanguage\":\"pt-BR\"},{\"@type\":\"WebPage\",\"@id\":\"https:\/\/todosplanosdesaude.com.br\/porto-seguro\/conheca-a-sulamerica\/#webpage\",\"url\":\"https:\/\/todosplanosdesaude.com.br\/porto-seguro\/conheca-a-sulamerica\/\",\"name\":\"Conhe\\u00e7a a SulAm\\u00e9rica - Plano de Sa\\u00fade SulAm\\u00e9rica\",\"isPartOf\":{\"@id\":\"https:\/\/todosplanosdesaude.com.br\/porto-seguro\/#website\"},\"datePublished\":\"2021-02-12T18:46:56+00:00\",\"dateModified\":\"2022-01-31T18:35:55+00:00\",\"description\":\"Saiba tudo sobre o Plano de sa\\u00fade SulAm\\u00e9rica. Rede Credenciada, Tabela de Valores e Diferenciais. Ligue (11) 5063-0043\",\"breadcrumb\":{\"@id\":\"https:\/\/todosplanosdesaude.com.br\/porto-seguro\/conheca-a-sulamerica\/#breadcrumb\"},\"inLanguage\":\"pt-BR\",\"potentialAction\":[{\"@type\":\"ReadAction\",\"target\":[\"https:\/\/todosplanosdesaude.com.br\/porto-seguro\/conheca-a-sulamerica\/\"]}]},{\"@type\":\"BreadcrumbList\",\"@id\":\"https:\/\/todosplanosdesaude.com.br\/porto-seguro\/conheca-a-sulamerica\/#breadcrumb\",\"itemListElement\":[{\"@type\":\"ListItem\",\"position\":1,\"item\":{\"@type\":\"WebPage\",\"@id\":\"https:\/\/todosplanosdesaude.com.br\/porto-seguro\/\",\"url\":\"https:\/\/todosplanosdesaude.com.br\/porto-seguro\/\",\"name\":\"Home\"}},{\"@type\":\"ListItem\",\"position\":2,\"item\":{\"@type\":\"WebPage\",\"@id\":\"https:\/\/todosplanosdesaude.com.br\/porto-seguro\/conheca-a-sulamerica\/\",\"url\":\"https:\/\/todosplanosdesaude.com.br\/porto-seguro\/conheca-a-sulamerica\/\",\"name\":\"Conhe\\u00e7a a SulAm\\u00e9rica\"}}]},{\"@type\":\"Person\",\"@id\":\"https:\/\/todosplanosdesaude.com.br\/porto-seguro\/#\/schema\/person\/3b5501e32726793f147ab7e7ac73cd63\",\"name\":\"admin\",\"image\":{\"@type\":\"ImageObject\",\"@id\":\"https:\/\/todosplanosdesaude.com.br\/porto-seguro\/#personlogo\",\"inLanguage\":\"pt-BR\",\"url\":\"https:\/\/secure.gravatar.com\/avatar\/f773c06e74300a801c654fdc9cc85e85?s=96&d=mm&r=g\",\"caption\":\"admin\"},\"sameAs\":[\"https:\/\/todosplanosdesaude.com.br\/porto-seguro\"]}]}<\/script>\n<!-- \/ Yoast SEO plugin. -->","_links":{"self":[{"href":"https:\/\/todosplanosdesaude.com.br\/porto-seguro\/wp-json\/wp\/v2\/pages\/96","targetHints":{"allow":["GET"]}}],"collection":[{"href":"https:\/\/todosplanosdesaude.com.br\/porto-seguro\/wp-json\/wp\/v2\/pages"}],"about":[{"href":"https:\/\/todosplanosdesaude.com.br\/porto-seguro\/wp-json\/wp\/v2\/types\/page"}],"author":[{"embeddable":true,"href":"https:\/\/todosplanosdesaude.com.br\/porto-seguro\/wp-json\/wp\/v2\/users\/1"}],"replies":[{"embeddable":true,"href":"https:\/\/todosplanosdesaude.com.br\/porto-seguro\/wp-json\/wp\/v2\/comments?post=96"}],"version-history":[{"count":49,"href":"https:\/\/todosplanosdesaude.com.br\/porto-seguro\/wp-json\/wp\/v2\/pages\/96\/revisions"}],"predecessor-version":[{"id":1123,"href":"https:\/\/todosplanosdesaude.com.br\/porto-seguro\/wp-json\/wp\/v2\/pages\/96\/revisions\/1123"}],"wp:attachment":[{"href":"https:\/\/todosplanosdesaude.com.br\/porto-seguro\/wp-json\/wp\/v2\/media?parent=96"}],"curies":[{"name":"wp","href":"https:\/\/api.w.org\/{rel}","templated":true}]}}