{"id":1482,"date":"2025-03-28T14:22:09","date_gmt":"2025-03-28T14:22:09","guid":{"rendered":"https:\/\/todosplanosdesaude.com.br\/sulamerica-saude\/bahia\/"},"modified":"2025-03-28T16:10:23","modified_gmt":"2025-03-28T16:10:23","slug":"bahia","status":"publish","type":"page","link":"https:\/\/todosplanosdesaude.com.br\/sulamerica-saude\/bahia\/","title":{"rendered":"Bahia"},"content":{"rendered":"<div id=\"page-header-1380498928\" class=\"page-header-wrapper\">\n<div class=\"page-title dark featured-title\">\n<div class=\"page-title-inner container align-center flex-row medium-flex-wrap\">\n<div class=\"title-wrapper flex-col text-left medium-text-center\">\n<h1 class=\"entry-title mb-0\">Rede Credenciada SulAm\u00e9rica Sa\u00fade Bahia<\/h1>\n<\/p>\n<\/div>\n<div class=\"title-content flex-col flex-right text-right medium-text-center\">\n<div class=\"title-breadcrumbs pb-half pt-half\"><\/div>\n<\/p>\n<\/div>\n<\/div>\n<\/div>\n<\/div>\n\t<section class=\"section\" id=\"section_1174750550\">\n\t\t<div class=\"bg section-bg fill bg-fill  bg-loaded\" >\n\n\t\t\t\n\t\t\t\n\t\t\t\n\n\t\t<\/div>\n\n\t\t<div class=\"section-content relative\">\n\t\t\t\n<div class=\"row\"  id=\"row-1803143476\">\n\n\t<div id=\"col-989008874\" class=\"col small-12 large-12\"  >\n\t\t<div class=\"col-inner\"  >\n\t\t\t\n\t\t\t\n<table class=\"static small ta-c\">\n<tbody>\n<tr class=\"bgGray\">\n<td class=\"ta-c\" colspan=\"3\"><span class=\"fz-11\">DIRETO NACIONAL<\/span><\/td>\n<\/tr>\n<tr class=\"bgGray\">\n<td class=\"ta-l\" colspan=\"3\"><strong>Hospitais<\/strong>\u00a0(73)<\/td>\n<\/tr>\n<tr>\n<td class=\"ta-l va-t\" colspan=\"1\">\n<div class=\"fz-7\"><strong>Campo Formoso &#8211; Zona Central<\/strong><br \/>HOSPITAL SAO FRANCISCO &#8211; H\/ M\/ PSA\/ PSI<br \/><strong>Salvador &#8211; Zona Central<\/strong><br \/>HOSP. DE END DIG RAMIRO MASCARENHAS &#8211; H<br \/>HOSPITAL PORTUGU\u00caS &#8211; H\/ M\/ PS<br \/>HOSP. JORGE VALENTE &#8211; H\/ M\/ PS\/ PSA\/ PSI<br \/><strong>Salvador &#8211; Outras Regi\u00f5es<\/strong><br \/>CLIN DE FRATURAS SC LTDA &#8211; PS<br \/>ESPACO BOM VIVER &#8211; H\/ PS<br \/>FBC &#8211; FUND BAHIANA DE CARDIOLOGIA &#8211; H<br \/>HOSP. DA BAHIA &#8211; H\/ PS\/ PSA<br \/>HOSP. DE OLHOS RUY CUNHA &#8211; H\/ PS<br \/>HOSPITAL AGENOR PAIVA &#8211; H\/ PSA<br \/>HOSPITAL \u00c1PICE &#8211; H\/ PS<br \/>HOSPITAL CEPARH &#8211; H<br \/>HOSPITAL DA CIDADE &#8211; H\/ PSA\/ PSI<br \/>HOSPITAL PROHOPE &#8211; H\/ PSA<br \/>HOSPITAL SANTA IZABEL &#8211; H\/ PS<br \/>INST OLHOS FREITAS &#8211; H<br \/>PROBABY &#8211; H\/ PSI<br \/><strong>Feira de Santana &#8211; Zona Central<\/strong><br \/>CLIHON CLIN OFTALMO HERMELINO &#8211; H<br \/>HOSPITAL OTORRINOS &#8211; H<br \/><strong>Feira de Santana &#8211; Outras Regi\u00f5es<\/strong><br \/>HOSPITAL BAMBINO &#8211; H\/ PSI<br \/>HOSPITAL E MATERNIDADE SANTA EM\u00cdLIA &#8211; H\/ M\/ PS<br \/>INCARDIO &#8211; H\/ PS<br \/><strong>Vit\u00f3ria da Conquista &#8211; Outras Regi\u00f5es<\/strong><br \/>CEOQ &#8211; VIT\u00d3RIA DA CONQUISTA &#8211; H<br \/>SAMUR &#8211; H\/ M\/ PS<br \/>URODAY HOSPITAL &#8211; H<br \/><strong>Cama\u00e7ari &#8211; Zona Central<\/strong><br \/>SERMEGE &#8211; H<br \/><strong>Cama\u00e7ari &#8211; Outras Regi\u00f5es<\/strong><br \/>HOSPITAL SANTA HELENA &#8211; H\/ M\/ PS<br \/><strong>Itabuna &#8211; Outras Regi\u00f5es<\/strong><br \/>HOSP DE OLHOS BEIRA RIO LTDA &#8211; H<br \/>HOSPITAL CALIXTO MIDLEI FILHO &#8211; H\/ M\/ PSA\/ PSI<\/div>\n<\/td>\n<td class=\"ta-l va-t\" colspan=\"1\">\n<div class=\"fz-7\"><strong>Juazeiro &#8211; Outras Regi\u00f5es<\/strong><br \/>HOSPITAL SOTE &#8211; H\/ PS<br \/>PRO MATRE DE JUAZEIRO &#8211; H<br \/><strong>Lauro de Freitas &#8211; Litoral<\/strong><br \/>SOKIDS &#8211; HOSPITAL INFANTIL &#8211; PSI<br \/><strong>Lauro de Freitas &#8211; Outras Regi\u00f5es<\/strong><br \/>COF &#8211; H\/ PSA<br \/>HOSPITAL AEROPORTO &#8211; H\/ PSA<br \/><strong>Ilh\u00e9us &#8211; Outras Regi\u00f5es<\/strong><br \/>HOSP. DE ILH\u00c9US &#8211; H\/ PSA\/ PSI<br \/><strong>Jequi\u00e9 &#8211; Zona Central<\/strong><br \/>HOSPITAL PERP\u00c9TUO SOCORRO &#8211; H\/ M\/ PSA\/ PSI<br \/>HOSPITAL SANTA HELENA &#8211; H\/ M\/ PS<br \/>IORTE &#8211; PSA<br \/><strong>Alagoinhas &#8211; Zona Central<\/strong><br \/>UMI. &#8211; H<br \/><strong>Alagoinhas &#8211; Outras Regi\u00f5es<\/strong><br \/>GOT &#8211; ALAGOINHAS &#8211; PS<br \/>HCA &#8211; H\/ M\/ PS<br \/><strong>Barreiras &#8211; Zona Central<\/strong><br \/>CENTRO HOSPITALAR DE BARREIRAS &#8211; H\/ M<br \/><strong>Brumado &#8211; Outras Regi\u00f5es<\/strong><br \/>SOCORRO M\u00c9DICO PERMANENTE &#8211; H\/ M\/ PS<br \/><strong>Caetit\u00e9 &#8211; Outras Regi\u00f5es<\/strong><br \/>HOSPITAL E MATERNIDADE SANTANA DE CAETIT\u00c9 &#8211; H<br \/><strong>Canavieiras &#8211; Zona Central<\/strong><br \/>POLICAN POLICLINICA DE CANAVIEIRA L &#8211; H\/ M\/ PSA<br \/><strong>Candeias &#8211; Outras Regi\u00f5es<\/strong><br \/>CL\u00cdN MARIA ALBANO &#8211; PSA<br \/>UNIDADE MEDICA INTEGRADA UMI CMH &#8211; H\/ M\/ PSA<br \/><strong>Catu &#8211; Zona Central<\/strong><br \/>AMECA ATENDIMENT MEDICOS DE CATU &#8211; PSA\/ PSI<br \/>HOSPITAL AGNUS DEI &#8211; H\/ M\/ PSA\/ PSI<br \/><strong>Cruz das Almas &#8211; Outras Regi\u00f5es<\/strong><br \/>UNICLINICA &#8211; H\/ PA<br \/><strong>Dias D&#8217;\u00c1vila &#8211; Zona Central<\/strong><br \/>PROMATER POLI E MATERNIDADE &#8211; H\/ M\/ PSA<br \/><strong>Eun\u00e1polis &#8211; Zona Central<\/strong><br \/>AMES &#8211; H\/ M\/ PSA\/ PSI<\/div>\n<\/td>\n<td class=\"ta-l va-t\" colspan=\"1\">\n<div class=\"fz-7\"><strong>Guanambi &#8211; Outras Regi\u00f5es<\/strong><br \/>HOSPITAL NOVA ALIAN\u00c7A &#8211; H\/ M<br \/><strong>Ipia\u00fa &#8211; Zona Central<\/strong><br \/>HOSP E CLINICA SAO ROQUE LTDA &#8211; H\/ M\/ PSA<br \/><strong>Irec\u00ea &#8211; Outras Regi\u00f5es<\/strong><br \/>HOSP. AMI &#8211; H\/ M\/ PSA<br \/><strong>Itaberaba &#8211; Zona Central<\/strong><br \/>HOSPITAL DA CHAPADA &#8211; H\/ M\/ PSA\/ PSI<br \/>MATERNIDADE ANA CATARINA LTDA &#8211; M<br \/><strong>Itapetinga &#8211; Outras Regi\u00f5es<\/strong><br \/>POLICLIN &#8211; H\/ M\/ PS<br \/><strong>Jacobina &#8211; Outras Regi\u00f5es<\/strong><br \/>CLINICA SANTA BARBARA &#8211; H\/ M\/ PSA\/ PSI<br \/><strong>Jaguaquara &#8211; Outras Regi\u00f5es<\/strong><br \/>CASA DE SA\u00daDE MARIA JOS\u00c9 DE SOUZA SANTOS &#8211; H\/ M<br \/><strong>Mata de S\u00e3o Jo\u00e3o &#8211; Zona Central<\/strong><br \/>CLIMEGE. &#8211; H\/ PA<br \/><strong>Pojuca &#8211; Outras Regi\u00f5es<\/strong><br \/>ASS PROT A MAT E A INF DE POJUCA &#8211; H\/ M<br \/><strong>Porto Seguro &#8211; Outras Regi\u00f5es<\/strong><br \/>HOSPITAL NAVEGANTES &#8211; H\/ PS<br \/>HOSPITAL NEUROCCOR &#8211; H\/ PSA\/ PSI<br \/><strong>Santo Ant\u00f4nio de Jesus &#8211; Outras Regi\u00f5es<\/strong><br \/>C.T.O. CLINICA DE TRAUMATOLOGIA E ORTOPEDIA &#8211; PS<br \/>HOSPITAL MATERNIDADE LUIZ ARGOLLO &#8211; H<br \/>HOSPITAL SANTO ANTONIO &#8211; H\/ M<br \/>INCAR &#8211; H\/ PSA\/ PSI<br \/><strong>S\u00e3o F\u00e9lix &#8211; Outras Regi\u00f5es<\/strong><br \/>STA CASA DE MIS S\u00c3O FELIX &#8211; H<br \/><strong>Serrinha &#8211; Outras Regi\u00f5es<\/strong><br \/>SEMES &#8211; H\/ M\/ PS<br \/><strong>Teixeira de Freitas &#8211; Outras Regi\u00f5es<\/strong><br \/>SOBRASA &#8211; H\/ M\/ PSA\/ PSI<br \/><strong>Valen\u00e7a &#8211; Outras Regi\u00f5es<\/strong><br \/>STA. CASA DE MISERIC. DE VAL\u00caN\u00c7A &#8211; H\/ M\/ PS<br \/><strong>Valente &#8211; Outras Regi\u00f5es<\/strong><br \/>CLISF &#8211; H\/ M\/ PSA<\/div>\n<\/td>\n<\/tr>\n<tr class=\"bgGray\">\n<td class=\"ta-l\" colspan=\"3\"><strong>Laborat\u00f3rios<\/strong>\u00a0(67)<\/td>\n<\/tr>\n<tr>\n<td class=\"ta-l va-t\" colspan=\"1\">\n<div class=\"fz-7\"><strong>Salvador &#8211; Zona Central<\/strong><br \/>NEWLAB<br \/>NEWLAB<br \/><strong>Salvador &#8211; V\u00e1rias Regi\u00f5es<\/strong><br \/>DNA LABORATORIO<br \/>LABOCLIN.<br \/><strong>Salvador &#8211; Outras Regi\u00f5es<\/strong><br \/>J C LAB LABORATORIO JAIME CERQUEIRA<br \/>LABCHECAP &#8211; LABORAT\u00d3RIO<br \/>LABORAT\u00d3RIO VITALAB<br \/>SABIN MEDICINA DIAGN\u00d3STICA<br \/><strong>Feira de Santana &#8211; Outras Regi\u00f5es<\/strong><br \/>BIOCENTER<br \/>HEMOCENTER<br \/>LABORE<br \/>LAB VIDA DE FEIRA DE SANTANA<br \/><strong>Vit\u00f3ria da Conquista &#8211; Outras Regi\u00f5es<\/strong><br \/>ELO &#8211; LAB.<br \/>ENDOLABO<br \/>PROLAB ANALISES CLINICAS<br \/><strong>Cama\u00e7ari &#8211; Outras Regi\u00f5es<\/strong><br \/>PESQUISA ANALISES CLINICAS LTDA<br \/><strong>Itabuna &#8211; Outras Regi\u00f5es<\/strong><br \/>LIDI<br \/><strong>Juazeiro &#8211; Outras Regi\u00f5es<\/strong><br \/>CEDILA<br \/>EMBRIO LAB<br \/><strong>Ilh\u00e9us &#8211; Outras Regi\u00f5es<\/strong><br \/>LAB. DOM EDUARDO<br \/>LABORAT\u00d3RIO VIDA<br \/>UNILAB LABORAT\u00d3RIO CL\u00cdNICO<br \/><strong>Jequi\u00e9 &#8211; Outras Regi\u00f5es<\/strong><br \/>CHECKLAB LABORAT DE ANALISE CLIN<br \/>HUMANO LABORATORIO<br \/>IACLIJE<br \/>LAB. CONTROLE<\/div>\n<\/td>\n<td class=\"ta-l va-t\" colspan=\"1\">\n<div class=\"fz-7\">LAB. DIAGNOSTICA<br \/><strong>Alagoinhas &#8211; Outras Regi\u00f5es<\/strong><br \/>CLILA<br \/>MOURA E LAVIGNE<br \/><strong>Barreiras &#8211; Zona Central<\/strong><br \/>LABEM<br \/>LAB STA RITA<br \/><strong>Bom Jesus da Lapa &#8211; Outras Regi\u00f5es<\/strong><br \/>LAMER<br \/><strong>Brumado &#8211; Outras Regi\u00f5es<\/strong><br \/>LAPECLIN LABORAT DE PESQ CLIN LTDA<br \/><strong>Catu &#8211; Outras Regi\u00f5es<\/strong><br \/>LABORAT\u00d3RIO DIAGN\u00d3STICA<br \/><strong>Concei\u00e7\u00e3o do Coit\u00e9 &#8211; Outras Regi\u00f5es<\/strong><br \/>LABOL LABORATORIO DE A CLINICAS<br \/><strong>Cruz das Almas &#8211; Outras Regi\u00f5es<\/strong><br \/>LABACLIN<br \/>LABOAN\u00c1LISE LAB. DE AN\u00c1LISES CL\u00cdN.<br \/><strong>Esplanada &#8211; Outras Regi\u00f5es<\/strong><br \/>LACLIMED<br \/><strong>Eun\u00e1polis &#8211; Outras Regi\u00f5es<\/strong><br \/>LAB. GONTIJO<br \/><strong>Gandu &#8211; Outras Regi\u00f5es<\/strong><br \/>LABORATORIO DE PESQ CLIN GANDUENSE<br \/><strong>Itaberaba &#8211; Outras Regi\u00f5es<\/strong><br \/>ADALAB<br \/>BIOCLINICA<br \/><strong>Itapetinga &#8211; Outras Regi\u00f5es<\/strong><br \/>DIAGNOSE DIAG EM ANAL CLINICAS<br \/>LABOR ANALISES CLINICAS<br \/><strong>Itarantim &#8211; Outras Regi\u00f5es<\/strong><br \/>LACRO LABORATORIO<br \/><strong>Ituber\u00e1 &#8211; Outras Regi\u00f5es<\/strong><br \/>BEM ESTAR<br \/><strong>Jacobina &#8211; Outras Regi\u00f5es<\/strong><br \/>LAPEC LAB DE ANAL E PESQ CLIN SC<\/div>\n<\/td>\n<td class=\"ta-l va-t\" colspan=\"1\">\n<div class=\"fz-7\"><strong>Livramento de Nossa Senhora &#8211; Outras Regi\u00f5es<\/strong><br \/>DAVID PINTO LAB.<br \/><strong>Lu\u00eds Eduardo Magalh\u00e3es &#8211; Outras Regi\u00f5es<\/strong><br \/>LAB. CARLOS CHAGAS<br \/>SAO CAMILO DIAGNOSTICOS<br \/><strong>Marac\u00e1s &#8211; V\u00e1rias Regi\u00f5es<\/strong><br \/>GILLAB LAB. DE AN\u00c1LISE CL\u00cdN.<br \/><strong>Nova Vi\u00e7osa &#8211; Outras Regi\u00f5es<\/strong><br \/>UNILABS<br \/><strong>Paulo Afonso &#8211; Outras Regi\u00f5es<\/strong><br \/>BIO ANALISES LAB DE ANAL CLINICAS<br \/>CLIOMEL LABORATORIO<br \/><strong>Ribeira do Pombal &#8211; Outras Regi\u00f5es<\/strong><br \/>ELAB EXAMES LABORATORIAIS<br \/><strong>Santa Maria da Vit\u00f3ria &#8211; Outras Regi\u00f5es<\/strong><br \/>LDC LABORAT\u00d3RIO DE DIAGN\u00d3STICO CL\u00cdNICO<br \/><strong>Santo Amaro &#8211; Outras Regi\u00f5es<\/strong><br \/>LABORAT\u00d3RIO JAIME CERQUEIRA<br \/><strong>Santo Ant\u00f4nio de Jesus &#8211; Outras Regi\u00f5es<\/strong><br \/>RTLAB<br \/><strong>Senhor do Bonfim &#8211; Outras Regi\u00f5es<\/strong><br \/>DIALAB DIAGNOSTICO LABORATORIAL<br \/>ISLAB &#8211; LABORAT\u00d3RIO DE AN\u00c1LISES CL\u00cdNICAS<br \/>LAC LABORATORIO DE ANALISES CLINICAS<br \/><strong>Serrinha &#8211; Outras Regi\u00f5es<\/strong><br \/>LABORATORIO BIOANALISE<br \/>LABORATORIO ESTRELA<br \/><strong>Sim\u00f5es Filho &#8211; Outras Regi\u00f5es<\/strong><br \/>LAB CLINICO SIM\u00d5ES FILHO<br \/><strong>Teixeira de Freitas &#8211; Outras Regi\u00f5es<\/strong><br \/>LABCLIN<br \/>LABORATORIO CARVALHO<br \/><strong>Ubaitaba &#8211; Outras Regi\u00f5es<\/strong><br \/>PRONTANALISE<\/div>\n<\/td>\n<\/tr>\n<tr class=\"bgGray\">\n<td class=\"ta-c\" colspan=\"3\"><span class=\"fz-11\">ESPECIAL RC<\/span>\u00a0(+ DIRETO NACIONAL)<\/td>\n<\/tr>\n<tr class=\"bgGray\">\n<td class=\"ta-l\" colspan=\"3\"><strong>Hospitais<\/strong>\u00a0(33)<\/td>\n<\/tr>\n<tr>\n<td class=\"ta-l va-t\" colspan=\"1\">\n<div class=\"fz-7\"><strong>Salvador &#8211; Zona Central<\/strong><br \/>DAY HOSPITAL PROM\u00c9DICA &#8211; H<br \/>OTORRINO CENTER &#8211; H<br \/><strong>Salvador &#8211; Zona Sul<\/strong><br \/>ITAIGARA MEMORIAL HOSP DIA (ITAIGARA) &#8211; H<br \/>SOMED &#8211; SOCORROS M\u00c9DICOS (PITUBA) &#8211; H\/ PS<br \/><strong>Salvador &#8211; Outras Regi\u00f5es<\/strong><br \/>CARDIO PULMONAR DA BAHIA SA &#8211; H\/ PS<br \/>CL\u00cdNICA DE OLHOS LEIT\u00c3O GUERRA &#8211; H<br \/>CLINICA DE UROLOGIA MODESTO JACOBINO &#8211; H<br \/>CLIN OFTALMOLOGICA JEFFERSON TORRES &#8211; H<br \/>CLISUR &#8211; PSA\/ PSI<br \/>CLIVAN HOSP DE OLHOS DA BAHIA &#8211; H<br \/>COT. &#8211; H<br \/>ESPA\u00c7O NELSON PIRES ASSISTENCIA EM SAUDE &#8211; H<\/div>\n<\/td>\n<td class=\"ta-l va-t\" colspan=\"1\">\n<div class=\"fz-7\">HOSPITAL ALIAN\u00c7A &#8211; H\/ M\/ PSA\/ PSI<br \/>HOSPITAL SANTA LUZIA &#8211; H<br \/>HOSPITAL SANTO AMARO &#8211; H\/ M<br \/>HOSPITAL SAO RAFAEL &#8211; H\/ M\/ PS\/ PSA\/ PSI<br \/>INST. BR DE OFTALMOLOGIA E PREVEN\u00c7\u00c3O DA CEGUEIRA &#8211; H<br \/>SERMECA &#8211; PS<br \/><strong>Feira de Santana &#8211; Zona Central<\/strong><br \/>HOSPITAL HTO &#8211; PS<br \/>HOSPITAL SAO MATHEUS &#8211; H<br \/><strong>Feira de Santana &#8211; Outras Regi\u00f5es<\/strong><br \/>HOSPITAL EMEC &#8211; H\/ PSA<br \/>HOSPITAL HCOE &#8211; H<br \/>HOSPITAL ORTOP\u00c9DICO &#8211; H<br \/>NIRO HEALTH CENTER &#8211; H<br \/><strong>Vit\u00f3ria da Conquista &#8211; Outras Regi\u00f5es<\/strong><br \/>ANDRO &#8211; H<\/div>\n<\/td>\n<td class=\"ta-l va-t\" colspan=\"1\">\n<div class=\"fz-7\">HOSPITAL S\u00c3O VICENTE DE PAULO &#8211; H\/ M\/ PSA\/ PSI<br \/>IBR. &#8211; H\/ PS<br \/>UNIMEC &#8211; H<br \/><strong>Lauro de Freitas &#8211; Outras Regi\u00f5es<\/strong><br \/>RETINA HOSPITAL DE OLHOS &#8211; H<br \/><strong>Ilh\u00e9us &#8211; Outras Regi\u00f5es<\/strong><br \/>HOSP. S\u00c3O JOS\u00c9 &#8211; H\/ M\/ PSA\/ PSI<br \/><strong>Barreiras &#8211; Zona Central<\/strong><br \/>CASA DE SAUDE SAO JOAO. &#8211; H\/ PSA\/ PSI<br \/><strong>Eun\u00e1polis &#8211; Outras Regi\u00f5es<\/strong><br \/>DAYHORC &#8211; HOSPITAL DE OLHOS &#8211; H<br \/><strong>Jaguaquara &#8211; Outras Regi\u00f5es<\/strong><br \/>CLINCIRGO &#8211; M\/ PSA<\/div>\n<\/td>\n<\/tr>\n<tr class=\"bgGray\">\n<td class=\"ta-l\" colspan=\"3\"><strong>Clin\u00edcas<\/strong>\u00a0(1)<\/td>\n<\/tr>\n<tr>\n<td class=\"ta-l va-t\" colspan=\"1\">\n<div class=\"fz-7\"><strong>Alagoinhas &#8211; Zona Central<\/strong><br \/>CLINICA VIDA ATEND MEDICOS<\/div>\n<\/td>\n<td colspan=\"2\">\u00a0<\/td>\n<\/tr>\n<tr class=\"bgGray\">\n<td class=\"ta-l\" colspan=\"3\"><strong>Laborat\u00f3rios<\/strong>\u00a0(23)<\/td>\n<\/tr>\n<tr>\n<td class=\"ta-l va-t\" colspan=\"1\">\n<div class=\"fz-7\"><strong>Salvador &#8211; V\u00e1rias Regi\u00f5es<\/strong><br \/>A+ MEDICINA DIAGN\u00d3STICA<br \/>DNA LABORATORIO<br \/>DNA LABORATORIO<br \/>IMAGE MEMORIAL LAB.<br \/>LABORAT\u00d3RIO DE AN\u00c1LISE CLINICAS SPALAZANNI<br \/>LPC LAB DE PATOLOGIA CLINICA<br \/>LPC LAB DE PATOLOGIA CLINICA<br \/><strong>Salvador &#8211; Outras Regi\u00f5es<\/strong><br \/>BOM EXEMPLO<\/div>\n<\/td>\n<td class=\"ta-l va-t\" colspan=\"1\">\n<div class=\"fz-7\">CLILAB LABORATORIO<br \/>CLILAB LABORATORIO<br \/>DATALAB LABORATORIO DE ANALISES CLINICAS<br \/>DELFIN.<br \/>DELFIN.<br \/>LAB. DE LIQUOROLOGIA DA BAHIA<br \/>LEME LABORAT\u00d3RIO<br \/><strong>Feira de Santana &#8211; Outras Regi\u00f5es<\/strong><br \/>BIO LAB<br \/>LABOCENTRO<\/div>\n<\/td>\n<td class=\"ta-l va-t\" colspan=\"1\">\n<div class=\"fz-7\">LABOP<br \/>PRO DIAGN\u00d3STICO LABORAT\u00d3RIO<br \/><strong>Lauro de Freitas &#8211; Outras Regi\u00f5es<\/strong><br \/>IMAGE MEMORIAL<br \/><strong>Lu\u00eds Eduardo Magalh\u00e3es &#8211; Outras Regi\u00f5es<\/strong><br \/>LAB EXAME<br \/><strong>Santo Ant\u00f4nio de Jesus &#8211; Outras Regi\u00f5es<\/strong><br \/>LABORATORIO FERNANDO QUEIROZ LTDA<br \/><strong>Valen\u00e7a &#8211; Outras Regi\u00f5es<\/strong><br \/>BIOLABOR LAB ANAL CLINICAS<\/div>\n<\/td>\n<\/tr>\n<tr class=\"bgGray\">\n<td class=\"ta-c\" colspan=\"3\"><span class=\"fz-11\">ESPECIAL 100 &#8211; R1<\/span>\u00a0(+ ESPECIAL RC)<\/td>\n<\/tr>\n<tr>\n<td class=\"ta-c\" colspan=\"3\"><span class=\"fz-9\">Mesma rede do plano anterior ESPECIAL RC<\/span><\/td>\n<\/tr>\n<tr class=\"bgGray\">\n<td class=\"ta-c\" colspan=\"3\"><span class=\"fz-11\">EXECUTIVO R1<\/span>\u00a0(+ ESPECIAL 100 &#8211; R1)<\/td>\n<\/tr>\n<tr>\n<td class=\"ta-c\" colspan=\"3\"><span class=\"fz-9\">Mesma rede do plano anterior ESPECIAL 100 &#8211; R1<\/span><\/td>\n<\/tr>\n<tr class=\"bgGray\">\n<td class=\"ta-c\" colspan=\"3\"><span class=\"fz-11\">EXECUTIVO R2<\/span>\u00a0(+ EXECUTIVO R1)<\/td>\n<\/tr>\n<tr>\n<td class=\"ta-c\" colspan=\"3\"><span class=\"fz-9\">Mesma rede do plano anterior EXECUTIVO R1<\/span><\/td>\n<\/tr>\n<tr class=\"bgGray\">\n<td class=\"ta-c\" colspan=\"3\"><span class=\"fz-11\">EXECUTIVO R3<\/span>\u00a0(+ EXECUTIVO R2)<\/td>\n<\/tr>\n<tr>\n<td class=\"ta-c\" colspan=\"3\"><span class=\"fz-9\">Mesma rede do plano anterior EXECUTIVO R2<\/span><\/td>\n<\/tr>\n<tr class=\"bgGray\">\n<td class=\"ta-c\" colspan=\"3\"><span class=\"fz-11\">PRESTIGE<\/span>\u00a0(+ EXECUTIVO R3)<\/td>\n<\/tr>\n<tr>\n<td class=\"ta-c\" colspan=\"3\"><span class=\"fz-9\">Mesma rede do plano anterior EXECUTIVO R3<\/span><\/td>\n<\/tr>\n<\/tbody>\n<\/table>\n<p>\u00a0<\/p>\n<table class=\"static small\">\n<tbody>\n<tr class=\"bgGray\">\n<td class=\"ta-l\">Legendas<\/td>\n<\/tr>\n<tr>\n<td class=\"ta-l\">PSA &#8211; Pronto Socorro Adulto, PSI &#8211; Pronto Socorro Infantil, H &#8211; Interna\u00e7\u00e3o Eletiva, M &#8211; Maternidade, PS &#8211; Pronto Socorro, PA &#8211; Pronto Atendimento<\/td>\n<\/tr>\n<\/tbody>\n<\/table>\n\t\t<\/div>\n\t\t\t<\/div>\n\n\t\n<\/div>\n\t\t<\/div>\n\n\t\t\n<style>\n#section_1174750550 {\n  padding-top: 30px;\n  padding-bottom: 30px;\n}\n<\/style>\n\t<\/section>\n\t\n<div class=\"message-box relative dark\" style=\"padding-top:15px;padding-bottom:15px;\"><div class=\"message-box-bg-image bg-fill fill\" ><\/div><div class=\"message-box-bg-overlay bg-fill fill\" ><\/div><div class=\"container relative\"><div class=\"inner last-reset\">\n<div class=\"row align-middle align-center\"  id=\"row-180967594\">\n\n\t<div id=\"col-1713443832\" class=\"col small-12 large-12\"  >\n\t\t<div class=\"col-inner\"  >\n\t\t\t\n\t\t\t\n<p style=\"text-align: center;\"><b>IMPORTANTE!<\/b> As informa\u00e7\u00f5es de redes credenciada contidas neste site, podem sofrer altera\u00e7\u00f5es a qualquer momento. Os produtos apresentados nesse site obedecem \u00e0 legisla\u00e7\u00e3o que regulamenta os seguros e \u00e0s condi\u00e7\u00f5es contratuais, que devem ser lidas previamente \u00e0 sua contrata\u00e7\u00e3o.<\/p>\n\t\t<\/div>\n\t\t\t<\/div>\n\n\t\n<\/div>\n<\/div><\/div><\/div>\n","protected":false},"excerpt":{"rendered":"<p>Rede Credenciada SulAm\u00e9rica Sa\u00fade<\/p>\n","protected":false},"author":0,"featured_media":0,"parent":0,"menu_order":0,"comment_status":"closed","ping_status":"closed","template":"page-blank.php","meta":{"footnotes":""},"class_list":["post-1482","page","type-page","status-publish","hentry"],"yoast_head":"<!-- This site is optimized with the Yoast SEO plugin v25.3.1 - https:\/\/yoast.com\/wordpress\/plugins\/seo\/ -->\n<title>Bahia - Plano de Sa\u00fade SulAm\u00e9rica<\/title>\n<meta name=\"robots\" content=\"index, follow, max-snippet:-1, max-image-preview:large, max-video-preview:-1\" \/>\n<link rel=\"canonical\" href=\"https:\/\/todosplanosdesaude.com.br\/sulamerica-saude\/bahia\/\" \/>\n<meta property=\"og:locale\" content=\"en_US\" \/>\n<meta property=\"og:type\" content=\"article\" \/>\n<meta property=\"og:title\" content=\"Bahia - Plano de Sa\u00fade SulAm\u00e9rica\" \/>\n<meta property=\"og:description\" content=\"Rede Credenciada SulAm\u00e9rica Sa\u00fade\" \/>\n<meta property=\"og:url\" content=\"https:\/\/todosplanosdesaude.com.br\/sulamerica-saude\/bahia\/\" \/>\n<meta property=\"og:site_name\" content=\"Plano de Sa\u00fade SulAm\u00e9rica\" \/>\n<meta property=\"article:modified_time\" content=\"2025-03-28T16:10:23+00:00\" \/>\n<meta name=\"twitter:card\" content=\"summary_large_image\" \/>\n<meta name=\"twitter:label1\" content=\"Est. reading time\" \/>\n\t<meta name=\"twitter:data1\" content=\"7 minutes\" \/>\n<script type=\"application\/ld+json\" class=\"yoast-schema-graph\">{\"@context\":\"https:\/\/schema.org\",\"@graph\":[{\"@type\":\"WebPage\",\"@id\":\"https:\/\/todosplanosdesaude.com.br\/sulamerica-saude\/bahia\/\",\"url\":\"https:\/\/todosplanosdesaude.com.br\/sulamerica-saude\/bahia\/\",\"name\":\"Bahia - Plano de Sa\u00fade SulAm\u00e9rica\",\"isPartOf\":{\"@id\":\"https:\/\/todosplanosdesaude.com.br\/sulamerica-saude\/#website\"},\"datePublished\":\"2025-03-28T14:22:09+00:00\",\"dateModified\":\"2025-03-28T16:10:23+00:00\",\"breadcrumb\":{\"@id\":\"https:\/\/todosplanosdesaude.com.br\/sulamerica-saude\/bahia\/#breadcrumb\"},\"inLanguage\":\"en-US\",\"potentialAction\":[{\"@type\":\"ReadAction\",\"target\":[\"https:\/\/todosplanosdesaude.com.br\/sulamerica-saude\/bahia\/\"]}]},{\"@type\":\"BreadcrumbList\",\"@id\":\"https:\/\/todosplanosdesaude.com.br\/sulamerica-saude\/bahia\/#breadcrumb\",\"itemListElement\":[{\"@type\":\"ListItem\",\"position\":1,\"name\":\"Home\",\"item\":\"https:\/\/todosplanosdesaude.com.br\/sulamerica-saude\/\"},{\"@type\":\"ListItem\",\"position\":2,\"name\":\"Bahia\"}]},{\"@type\":\"WebSite\",\"@id\":\"https:\/\/todosplanosdesaude.com.br\/sulamerica-saude\/#website\",\"url\":\"https:\/\/todosplanosdesaude.com.br\/sulamerica-saude\/\",\"name\":\"Plano de Sa\u00fade SulAm\u00e9rica\",\"description\":\"\",\"potentialAction\":[{\"@type\":\"SearchAction\",\"target\":{\"@type\":\"EntryPoint\",\"urlTemplate\":\"https:\/\/todosplanosdesaude.com.br\/sulamerica-saude\/?s={search_term_string}\"},\"query-input\":{\"@type\":\"PropertyValueSpecification\",\"valueRequired\":true,\"valueName\":\"search_term_string\"}}],\"inLanguage\":\"en-US\"}]}<\/script>\n<!-- \/ Yoast SEO plugin. -->","yoast_head_json":{"title":"Bahia - Plano de Sa\u00fade SulAm\u00e9rica","robots":{"index":"index","follow":"follow","max-snippet":"max-snippet:-1","max-image-preview":"max-image-preview:large","max-video-preview":"max-video-preview:-1"},"canonical":"https:\/\/todosplanosdesaude.com.br\/sulamerica-saude\/bahia\/","og_locale":"en_US","og_type":"article","og_title":"Bahia - Plano de Sa\u00fade SulAm\u00e9rica","og_description":"Rede Credenciada SulAm\u00e9rica Sa\u00fade","og_url":"https:\/\/todosplanosdesaude.com.br\/sulamerica-saude\/bahia\/","og_site_name":"Plano de Sa\u00fade SulAm\u00e9rica","article_modified_time":"2025-03-28T16:10:23+00:00","twitter_card":"summary_large_image","twitter_misc":{"Est. reading time":"7 minutes"},"schema":{"@context":"https:\/\/schema.org","@graph":[{"@type":"WebPage","@id":"https:\/\/todosplanosdesaude.com.br\/sulamerica-saude\/bahia\/","url":"https:\/\/todosplanosdesaude.com.br\/sulamerica-saude\/bahia\/","name":"Bahia - Plano de Sa\u00fade SulAm\u00e9rica","isPartOf":{"@id":"https:\/\/todosplanosdesaude.com.br\/sulamerica-saude\/#website"},"datePublished":"2025-03-28T14:22:09+00:00","dateModified":"2025-03-28T16:10:23+00:00","breadcrumb":{"@id":"https:\/\/todosplanosdesaude.com.br\/sulamerica-saude\/bahia\/#breadcrumb"},"inLanguage":"en-US","potentialAction":[{"@type":"ReadAction","target":["https:\/\/todosplanosdesaude.com.br\/sulamerica-saude\/bahia\/"]}]},{"@type":"BreadcrumbList","@id":"https:\/\/todosplanosdesaude.com.br\/sulamerica-saude\/bahia\/#breadcrumb","itemListElement":[{"@type":"ListItem","position":1,"name":"Home","item":"https:\/\/todosplanosdesaude.com.br\/sulamerica-saude\/"},{"@type":"ListItem","position":2,"name":"Bahia"}]},{"@type":"WebSite","@id":"https:\/\/todosplanosdesaude.com.br\/sulamerica-saude\/#website","url":"https:\/\/todosplanosdesaude.com.br\/sulamerica-saude\/","name":"Plano de Sa\u00fade SulAm\u00e9rica","description":"","potentialAction":[{"@type":"SearchAction","target":{"@type":"EntryPoint","urlTemplate":"https:\/\/todosplanosdesaude.com.br\/sulamerica-saude\/?s={search_term_string}"},"query-input":{"@type":"PropertyValueSpecification","valueRequired":true,"valueName":"search_term_string"}}],"inLanguage":"en-US"}]}},"_links":{"self":[{"href":"https:\/\/todosplanosdesaude.com.br\/sulamerica-saude\/wp-json\/wp\/v2\/pages\/1482","targetHints":{"allow":["GET"]}}],"collection":[{"href":"https:\/\/todosplanosdesaude.com.br\/sulamerica-saude\/wp-json\/wp\/v2\/pages"}],"about":[{"href":"https:\/\/todosplanosdesaude.com.br\/sulamerica-saude\/wp-json\/wp\/v2\/types\/page"}],"replies":[{"embeddable":true,"href":"https:\/\/todosplanosdesaude.com.br\/sulamerica-saude\/wp-json\/wp\/v2\/comments?post=1482"}],"version-history":[{"count":1,"href":"https:\/\/todosplanosdesaude.com.br\/sulamerica-saude\/wp-json\/wp\/v2\/pages\/1482\/revisions"}],"predecessor-version":[{"id":1530,"href":"https:\/\/todosplanosdesaude.com.br\/sulamerica-saude\/wp-json\/wp\/v2\/pages\/1482\/revisions\/1530"}],"wp:attachment":[{"href":"https:\/\/todosplanosdesaude.com.br\/sulamerica-saude\/wp-json\/wp\/v2\/media?parent=1482"}],"curies":[{"name":"wp","href":"https:\/\/api.w.org\/{rel}","templated":true}]}}