{"id":1494,"date":"2025-03-28T14:22:13","date_gmt":"2025-03-28T14:22:13","guid":{"rendered":"https:\/\/todosplanosdesaude.com.br\/sulamerica-saude\/pernambuco\/"},"modified":"2025-03-28T16:12:28","modified_gmt":"2025-03-28T16:12:28","slug":"pernambuco","status":"publish","type":"page","link":"https:\/\/todosplanosdesaude.com.br\/sulamerica-saude\/pernambuco\/","title":{"rendered":"Pernambuco"},"content":{"rendered":"<div id=\"page-header-1380498928\" class=\"page-header-wrapper\">\n<div class=\"page-title dark featured-title\">\n<div class=\"page-title-inner container align-center flex-row medium-flex-wrap\">\n<div class=\"title-wrapper flex-col text-left medium-text-center\">\n<h1 class=\"entry-title mb-0\">Rede Credenciada SulAm\u00e9rica Sa\u00fade Pernambuco<\/h1>\n<\/p>\n<\/div>\n<div class=\"title-content flex-col flex-right text-right medium-text-center\">\n<div class=\"title-breadcrumbs pb-half pt-half\"><\/div>\n<\/p>\n<\/div>\n<\/div>\n<\/div>\n<\/div>\n\t<section class=\"section\" id=\"section_2020370937\">\n\t\t<div class=\"bg section-bg fill bg-fill  bg-loaded\" >\n\n\t\t\t\n\t\t\t\n\t\t\t\n\n\t\t<\/div>\n\n\t\t<div class=\"section-content relative\">\n\t\t\t\n<div class=\"row\"  id=\"row-196957186\">\n\n\t<div id=\"col-1023078596\" class=\"col small-12 large-12\"  >\n\t\t<div class=\"col-inner\"  >\n\t\t\t\n\t\t\t\n<table class=\"static small ta-c\">\n<tbody>\n<tr class=\"bgGray\">\n<td class=\"ta-c\" colspan=\"3\"><span class=\"fz-11\">DIRETO NACIONAL<\/span><\/td>\n<\/tr>\n<tr class=\"bgGray\">\n<td class=\"ta-l\" colspan=\"3\"><strong>Hospitais<\/strong>\u00a0(54)<\/td>\n<\/tr>\n<tr>\n<td class=\"ta-l va-t\" colspan=\"1\">\n<div class=\"fz-7\"><strong>Recife &#8211; Zona Central<\/strong><br \/>HOSPITAL MEMORIAL S\u00c3O JOS\u00c9 &#8211; M<br \/>HOSPITAL MEMORIAL S\u00c3O JOS\u00c9 &#8211; PSE &#8211; PSE GINECOLOGIA<br \/><strong>Recife &#8211; Outras Regi\u00f5es<\/strong><br \/>CL\u00cdNICA DE OLHOS CLOVIS PAIVA &#8211; HO<br \/>HOSP. DE AVILA &#8211; DH\/ H\/ PS<br \/>HOSPITAL ESPERAN\u00c7A &#8211; DH\/ H\/ PS<br \/>HOSP. JAYME DA FONTE &#8211; DH\/ H<br \/>HOSP. NAPPE (N\u00daCLEO APOIO PSICOSOCIAL DE PE) &#8211; DH\/ HE &#8211; HE PSIQUIATRIA<br \/>HOSP. S\u00c3O MARCOS &#8211; DH\/ H\/ PS<br \/>IOFV INSTITUTO DE OLHOS FERNANDO VENTURA &#8211; DH\/ HO\/ PSE &#8211; PSE OFTALMOLOGIA<br \/>OTORRINOS RECIFE SC &#8211; DH\/ HE &#8211; HE OTORRINO<br \/>OTORRINOS RECIFE SC &#8211; PSE &#8211; PSE OTORRINO &#8211; N\u00e3o dispon\u00edvel para o plano Cl\u00e1ssico Enfermaria.<br \/>PRONTO-SOCORRO INFANTIL JORGE DE MEDEIROS &#8211; HE\/ PSI &#8211; HE CIR. PEDIATRICA<br \/><strong>Jaboat\u00e3o dos Guararapes &#8211; Outras Regi\u00f5es<\/strong><br \/>HOSPITAL NOSSA SENHORA DA PIEDADE &#8211; DH\/ H\/ PS<br \/>HOSP. MEMORIAL GUARARAPES &#8211; H\/ M\/ PS<br \/>UNIDADE DE PEDIATRIA &#8211; PSI<br \/><strong>Olinda &#8211; Outras Regi\u00f5es<\/strong><br \/>HOSPITAL ESPERAN\u00c7A OLINDA &#8211; DH\/ H\/ PS<br \/><strong>Caruaru &#8211; Outras Regi\u00f5es<\/strong><br \/>CLINICA M\u00c9DICA RECOVERY PRIME &#8211; DH\/ HE &#8211; HE PSIQUIATRIA<br \/>HOSPITAL SANTA EFIG\u00caNIA &#8211; H<br \/>HOSPITAL UNIMED CARUARU &#8211; DH\/ HE\/ H\/ HP\/ M\/ PS &#8211; HE CIR. PEDIATRICA<br \/>INSTITUTO PERNAMBUCO &#8211; H\/ M<br \/>ORIENTE CL\u00cdNICA M\u00c9DICA &#8211; HE &#8211; HE PSIQUIATRIA<\/div>\n<\/td>\n<td class=\"ta-l va-t\" colspan=\"1\">\n<div class=\"fz-7\">PRONTO TRAUMA &#8211; PSO<br \/><strong>Petrolina &#8211; Outras Regi\u00f5es<\/strong><br \/>CL\u00cdNICA DE FRATURAS &#8211; HE\/ PSO &#8211; HE ORTOPEDIA<br \/>HGU HOSP. GERAL E URG\u00caNCIA &#8211; H\/ M\/ PS<br \/>HOSP. MEMORIAL PETROLINA &#8211; DH\/ H\/ HP\/ M\/ PS<br \/>INST. DE OLHOS VALE DO S\u00c3O FCO. LTDA. &#8211; PSE &#8211; PSE OFTALMOLOGIA<br \/>NEUROCARDIO &#8211; DH\/ H\/ M\/ PS<br \/><strong>Camaragibe &#8211; Outras Regi\u00f5es<\/strong><br \/>CENTRO TERAP\u00caUTICO VITAE &#8211; HE &#8211; HE PSIQUIATRIA<br \/>HOSPITAL IDEALE &#8211; TERAPIA HUMANIZADA &#8211; HE &#8211; HE PSIQUIATRIA<br \/><strong>Garanhuns &#8211; Outras Regi\u00f5es<\/strong><br \/>CL DO SOL CASA DE REPOUSO &#8211; HE\/ PSE &#8211; HE \/ PSE: PSIQUIATRIA<br \/>HOSPITAL MONTE SINAI &#8211; DH\/ HE\/ H\/ M\/ PS\/ PSI &#8211; HE CIR. PEDIATRICA<br \/>HOSPITAL PERP\u00c9TUO SOCORRO &#8211; H\/ M\/ PS<br \/>ORTOTRAUMA &#8211; PSO<br \/><strong>Vit\u00f3ria de Santo Ant\u00e3o &#8211; Outras Regi\u00f5es<\/strong><br \/>APAMI VIT\u00d3RIA &#8211; H\/ M\/ PS<br \/>CENTRO HOSP. SANTA MARIA &#8211; DH\/ H\/ M<br \/><strong>Igarassu &#8211; Outras Regi\u00f5es<\/strong><br \/>GRUPO RECANTO &#8211; UNIDADE 1 &#8211; HE &#8211; HE PSIQUIATRIA<br \/><strong>Belo Jardim &#8211; Outras Regi\u00f5es<\/strong><br \/>HOSPITAL SANTA FE &#8211; H\/ PA<br \/><strong>Arcoverde &#8211; Zona Oeste<\/strong><br \/>HOSP. MEMORIAL ARCOVERDE &#8211; H\/ M\/ PS<br \/><strong>Afogados da Ingazeira &#8211; Outras Regi\u00f5es<\/strong><br \/>CEN. HOSP. DR. JOS\u00c9 EVOIDE DE MOURA &#8211; DH\/ H\/ M\/ PS<\/div>\n<\/td>\n<td class=\"ta-l va-t\" colspan=\"1\">\n<div class=\"fz-7\">EC CL\u00cdNICA LTDA &#8211; H\/ M<br \/><strong>Pesqueira &#8211; Outras Regi\u00f5es<\/strong><br \/>CASA DE SA\u00daDE S\u00c3O JOS\u00c9 &#8211; H\/ PS<br \/><strong>Serra Talhada &#8211; Outras Regi\u00f5es<\/strong><br \/>CLINICA DA CRIANCA &#8211; DH\/ HP<br \/>HOSPITAL SAO FRANCISCO &#8211; H<br \/>HOSPITAL S\u00c3O VICENTE &#8211; H\/ M\/ PS<br \/>HOSP. SANTA MARTA &#8211; H\/ M<br \/><strong>Salgueiro &#8211; Outras Regi\u00f5es<\/strong><br \/>PRONTO SOCORRO S\u00c3O FRANCISCO &#8211; H\/ M\/ PS<br \/><strong>Agrestina &#8211; Outras Regi\u00f5es<\/strong><br \/>CL\u00cdNICA M\u00c9DICA TERCEIRO PASSO &#8211; HE &#8211; HE PSIQUIATRIA<br \/><strong>Bezerros &#8211; Outras Regi\u00f5es<\/strong><br \/>HOSP JESUS PEQUENINO &#8211; DH\/ H\/ M\/ PA<br \/><strong>Escada &#8211; Outras Regi\u00f5es<\/strong><br \/>CASA SA\u00daDE MAT. SANTA CLARA &#8211; H\/ M<br \/><strong>Goiana &#8211; Zona Central<\/strong><br \/>HOSP. MEMORIAL DE GOIANA &#8211; HE\/ H\/ M\/ PS &#8211; HE CIR. PEDIATRICA<br \/><strong>Palmares &#8211; Outras Regi\u00f5es<\/strong><br \/>HOSPITAL VALE DO UNA &#8211; H\/ M\/ PS<br \/><strong>Sair\u00e9 &#8211; Outras Regi\u00f5es<\/strong><br \/>MEDIC LIFE &#8211; HE &#8211; HE PSIQUIATRIA<br \/><strong>Sert\u00e2nia &#8211; Outras Regi\u00f5es<\/strong><br \/>CL\u00cdNICA N.S. DO CARMO &#8211; H\/ M\/ PS<br \/><strong>Surubim &#8211; Zona Central<\/strong><br \/>HOSPITAL S\u00c3O LUIZ &#8211; H\/ M\/ PS<\/div>\n<\/td>\n<\/tr>\n<tr class=\"bgGray\">\n<td class=\"ta-c\" colspan=\"3\"><span class=\"fz-11\">EXATO<\/span>\u00a0(+ DIRETO NACIONAL)<\/td>\n<\/tr>\n<tr class=\"bgGray\">\n<td class=\"ta-l\" colspan=\"3\"><strong>Hospitais<\/strong>\u00a0(14)<\/td>\n<\/tr>\n<tr>\n<td class=\"ta-l va-t\" colspan=\"1\">\n<div class=\"fz-7\"><strong>Recife &#8211; Zona Central<\/strong><br \/>HOSPITAL MEMORIAL S\u00c3O JOS\u00c9 &#8211; DH\/ H\/ PS<br \/><strong>Recife &#8211; Outras Regi\u00f5es<\/strong><br \/>ALEXANDRE MACHADO ORTOPEDIA FRATURE &#8211; PSO<br \/>CASA DE SA\u00daDE MARIA LUCINDA &#8211; DH\/ H<br \/>HOPE &#8211; DH\/ HO\/ PSE &#8211; PSE OFTALMOLOGIA \/ OTORRINO<\/div>\n<\/td>\n<td class=\"ta-l va-t\" colspan=\"1\">\n<div class=\"fz-7\">HOSP. DE FRATURAS &#8211; HE\/ PSO &#8211; HE ORTOPEDIA<br \/>HOSP. DE ORTOP. E FRATURAS &#8211; DH\/ HE\/ PSO &#8211; HE ORTOPEDIA<br \/>HOSPITAL PORTUGUES &#8211; DH\/ H\/ M\/ PS<br \/>HOSPITAL SOS M\u00c3O E ORTOPEDIA &#8211; DH<br \/>HOSP. OLHOS SANTA LUZIA &#8211; DH\/ HO\/ PSE &#8211; PSE OFTALMOLOGIA<br \/>INST DE OLHOS DO RECIFE &#8211; DH\/ HO\/ PSE &#8211; PSE OFTALMOLOGIA<\/div>\n<\/td>\n<td class=\"ta-l va-t\" colspan=\"1\">\n<div class=\"fz-7\">SEOPE &#8211; DH\/ HO<br \/><strong>Jaboat\u00e3o dos Guararapes &#8211; Outras Regi\u00f5es<\/strong><br \/>HOPE &#8211; DH\/ HO\/ PSE &#8211; PSE OTORRINO<br \/>HOSP. SANTA GENOVEVA &#8211; H\/ PS<br \/><strong>Olinda &#8211; Outras Regi\u00f5es<\/strong><br \/>HOSP. S\u00c3O SALVADOR &#8211; HE\/ PSE &#8211; HE CIR. CARDIO \/ PSE CARDIOLOGIA<\/div>\n<\/td>\n<\/tr>\n<tr class=\"bgGray\">\n<td class=\"ta-c\" colspan=\"3\"><span class=\"fz-11\">ESPECIAL RC<\/span>\u00a0(+ EXATO)<\/td>\n<\/tr>\n<tr class=\"bgGray\">\n<td class=\"ta-l\" colspan=\"3\"><strong>Hospitais<\/strong>\u00a0(5)<\/td>\n<\/tr>\n<tr>\n<td class=\"ta-l va-t\" colspan=\"1\">\n<div class=\"fz-7\"><strong>Recife &#8211; Outras Regi\u00f5es<\/strong><br \/>CEMUB CENT. MED. URG\u00caNCIA BOA VIAGEM LTDA. &#8211; H\/ PS<br \/>HOSPITAL ALBERT SABIN. &#8211; DH\/ H\/ M<\/div>\n<\/td>\n<td class=\"ta-l va-t\" colspan=\"1\">\n<div class=\"fz-7\">HOSPITAL SANTA JOANA RECIFE &#8211; H\/ M\/ PS<br \/><strong>Olinda &#8211; Outras Regi\u00f5es<\/strong><br \/>SEOPE &#8211; DH\/ HO<\/div>\n<\/td>\n<td class=\"ta-l va-t\" colspan=\"1\">\n<div class=\"fz-7\"><strong>Araripina &#8211; Outras Regi\u00f5es<\/strong><br \/>CASA DE SA\u00daDE S\u00c3O JOSE &#8211; H\/ M\/ PS<\/div>\n<\/td>\n<\/tr>\n<tr class=\"bgGray\">\n<td class=\"ta-c\" colspan=\"3\"><span class=\"fz-11\">ESPECIAL 100 &#8211; R1<\/span>\u00a0(+ ESPECIAL RC)<\/td>\n<\/tr>\n<tr>\n<td class=\"ta-c\" colspan=\"3\"><span class=\"fz-9\">Mesma rede do plano anterior ESPECIAL RC<\/span><\/td>\n<\/tr>\n<tr class=\"bgGray\">\n<td class=\"ta-c\" colspan=\"3\"><span class=\"fz-11\">EXECUTIVO R1<\/span>\u00a0(+ ESPECIAL 100 &#8211; R1)<\/td>\n<\/tr>\n<tr>\n<td class=\"ta-c\" colspan=\"3\"><span class=\"fz-9\">Mesma rede do plano anterior ESPECIAL 100 &#8211; R1<\/span><\/td>\n<\/tr>\n<tr class=\"bgGray\">\n<td class=\"ta-c\" colspan=\"3\"><span class=\"fz-11\">EXECUTIVO R2<\/span>\u00a0(+ EXECUTIVO R1)<\/td>\n<\/tr>\n<tr>\n<td class=\"ta-c\" colspan=\"3\"><span class=\"fz-9\">Mesma rede do plano anterior EXECUTIVO R1<\/span><\/td>\n<\/tr>\n<tr class=\"bgGray\">\n<td class=\"ta-c\" colspan=\"3\"><span class=\"fz-11\">EXECUTIVO R3<\/span>\u00a0(+ EXECUTIVO R2)<\/td>\n<\/tr>\n<tr>\n<td class=\"ta-c\" colspan=\"3\"><span class=\"fz-9\">Mesma rede do plano anterior EXECUTIVO R2<\/span><\/td>\n<\/tr>\n<tr class=\"bgGray\">\n<td class=\"ta-c\" colspan=\"3\"><span class=\"fz-11\">PRESTIGE<\/span>\u00a0(+ EXECUTIVO R3)<\/td>\n<\/tr>\n<tr>\n<td class=\"ta-c\" colspan=\"3\"><span class=\"fz-9\">Mesma rede do plano anterior EXECUTIVO R3<\/span><\/td>\n<\/tr>\n<\/tbody>\n<\/table>\n<p>\u00a0<\/p>\n<table class=\"static small\">\n<tbody>\n<tr class=\"bgGray\">\n<td class=\"ta-l\">Legendas<\/td>\n<\/tr>\n<tr>\n<td class=\"ta-l\">PSO &#8211; Pronto Socorro Ortop\u00e9dico, H &#8211; Interna\u00e7\u00e3o Eletiva, M &#8211; Maternidade, PS &#8211; Pronto Socorro, DH &#8211; Day Hospital, HE &#8211; Hospital Especializado, PSE &#8211; Pronto Socorro Especializado, HP &#8211; Interna\u00e7\u00e3o Eletiva Pedi\u00e1trica, HO &#8211; Hospital Oftalmologista, PSI &#8211; Pronto Socorro Infantil, PA &#8211; Pronto Atendimento<\/td>\n<\/tr>\n<\/tbody>\n<\/table>\n\t\t<\/div>\n\t\t\t<\/div>\n\n\t\n<\/div>\n\t\t<\/div>\n\n\t\t\n<style>\n#section_2020370937 {\n  padding-top: 30px;\n  padding-bottom: 30px;\n}\n<\/style>\n\t<\/section>\n\t\n<div class=\"message-box relative dark\" style=\"padding-top:15px;padding-bottom:15px;\"><div class=\"message-box-bg-image bg-fill fill\" ><\/div><div class=\"message-box-bg-overlay bg-fill fill\" ><\/div><div class=\"container relative\"><div class=\"inner last-reset\">\n<div class=\"row align-middle align-center\"  id=\"row-1954402526\">\n\n\t<div id=\"col-499348598\" class=\"col small-12 large-12\"  >\n\t\t<div class=\"col-inner\"  >\n\t\t\t\n\t\t\t\n<p style=\"text-align: center;\"><b>IMPORTANTE!<\/b> As informa\u00e7\u00f5es de redes credenciada contidas neste site, podem sofrer altera\u00e7\u00f5es a qualquer momento. Os produtos apresentados nesse site obedecem \u00e0 legisla\u00e7\u00e3o que regulamenta os seguros e \u00e0s condi\u00e7\u00f5es contratuais, que devem ser lidas previamente \u00e0 sua contrata\u00e7\u00e3o.<\/p>\n\t\t<\/div>\n\t\t\t<\/div>\n\n\t\n<\/div>\n<\/div><\/div><\/div>\n","protected":false},"excerpt":{"rendered":"<p>Rede Credenciada SulAm\u00e9rica Sa\u00fade<\/p>\n","protected":false},"author":0,"featured_media":0,"parent":0,"menu_order":0,"comment_status":"closed","ping_status":"closed","template":"page-blank.php","meta":{"footnotes":""},"class_list":["post-1494","page","type-page","status-publish","hentry"],"yoast_head":"<!-- This site is optimized with the Yoast SEO plugin v25.3.1 - https:\/\/yoast.com\/wordpress\/plugins\/seo\/ -->\n<title>Pernambuco - Plano de Sa\u00fade SulAm\u00e9rica<\/title>\n<meta name=\"robots\" content=\"index, follow, max-snippet:-1, max-image-preview:large, max-video-preview:-1\" \/>\n<link rel=\"canonical\" href=\"https:\/\/todosplanosdesaude.com.br\/sulamerica-saude\/pernambuco\/\" \/>\n<meta property=\"og:locale\" content=\"en_US\" \/>\n<meta property=\"og:type\" content=\"article\" \/>\n<meta property=\"og:title\" content=\"Pernambuco - Plano de Sa\u00fade SulAm\u00e9rica\" \/>\n<meta property=\"og:description\" content=\"Rede Credenciada SulAm\u00e9rica Sa\u00fade\" \/>\n<meta property=\"og:url\" content=\"https:\/\/todosplanosdesaude.com.br\/sulamerica-saude\/pernambuco\/\" \/>\n<meta property=\"og:site_name\" content=\"Plano de Sa\u00fade SulAm\u00e9rica\" \/>\n<meta property=\"article:modified_time\" content=\"2025-03-28T16:12:28+00:00\" \/>\n<meta name=\"twitter:card\" content=\"summary_large_image\" \/>\n<meta name=\"twitter:label1\" content=\"Est. reading time\" \/>\n\t<meta name=\"twitter:data1\" content=\"5 minutes\" \/>\n<script type=\"application\/ld+json\" class=\"yoast-schema-graph\">{\"@context\":\"https:\/\/schema.org\",\"@graph\":[{\"@type\":\"WebPage\",\"@id\":\"https:\/\/todosplanosdesaude.com.br\/sulamerica-saude\/pernambuco\/\",\"url\":\"https:\/\/todosplanosdesaude.com.br\/sulamerica-saude\/pernambuco\/\",\"name\":\"Pernambuco - Plano de Sa\u00fade SulAm\u00e9rica\",\"isPartOf\":{\"@id\":\"https:\/\/todosplanosdesaude.com.br\/sulamerica-saude\/#website\"},\"datePublished\":\"2025-03-28T14:22:13+00:00\",\"dateModified\":\"2025-03-28T16:12:28+00:00\",\"breadcrumb\":{\"@id\":\"https:\/\/todosplanosdesaude.com.br\/sulamerica-saude\/pernambuco\/#breadcrumb\"},\"inLanguage\":\"en-US\",\"potentialAction\":[{\"@type\":\"ReadAction\",\"target\":[\"https:\/\/todosplanosdesaude.com.br\/sulamerica-saude\/pernambuco\/\"]}]},{\"@type\":\"BreadcrumbList\",\"@id\":\"https:\/\/todosplanosdesaude.com.br\/sulamerica-saude\/pernambuco\/#breadcrumb\",\"itemListElement\":[{\"@type\":\"ListItem\",\"position\":1,\"name\":\"Home\",\"item\":\"https:\/\/todosplanosdesaude.com.br\/sulamerica-saude\/\"},{\"@type\":\"ListItem\",\"position\":2,\"name\":\"Pernambuco\"}]},{\"@type\":\"WebSite\",\"@id\":\"https:\/\/todosplanosdesaude.com.br\/sulamerica-saude\/#website\",\"url\":\"https:\/\/todosplanosdesaude.com.br\/sulamerica-saude\/\",\"name\":\"Plano de Sa\u00fade SulAm\u00e9rica\",\"description\":\"\",\"potentialAction\":[{\"@type\":\"SearchAction\",\"target\":{\"@type\":\"EntryPoint\",\"urlTemplate\":\"https:\/\/todosplanosdesaude.com.br\/sulamerica-saude\/?s={search_term_string}\"},\"query-input\":{\"@type\":\"PropertyValueSpecification\",\"valueRequired\":true,\"valueName\":\"search_term_string\"}}],\"inLanguage\":\"en-US\"}]}<\/script>\n<!-- \/ Yoast SEO plugin. -->","yoast_head_json":{"title":"Pernambuco - Plano de Sa\u00fade SulAm\u00e9rica","robots":{"index":"index","follow":"follow","max-snippet":"max-snippet:-1","max-image-preview":"max-image-preview:large","max-video-preview":"max-video-preview:-1"},"canonical":"https:\/\/todosplanosdesaude.com.br\/sulamerica-saude\/pernambuco\/","og_locale":"en_US","og_type":"article","og_title":"Pernambuco - Plano de Sa\u00fade SulAm\u00e9rica","og_description":"Rede Credenciada SulAm\u00e9rica Sa\u00fade","og_url":"https:\/\/todosplanosdesaude.com.br\/sulamerica-saude\/pernambuco\/","og_site_name":"Plano de Sa\u00fade SulAm\u00e9rica","article_modified_time":"2025-03-28T16:12:28+00:00","twitter_card":"summary_large_image","twitter_misc":{"Est. reading time":"5 minutes"},"schema":{"@context":"https:\/\/schema.org","@graph":[{"@type":"WebPage","@id":"https:\/\/todosplanosdesaude.com.br\/sulamerica-saude\/pernambuco\/","url":"https:\/\/todosplanosdesaude.com.br\/sulamerica-saude\/pernambuco\/","name":"Pernambuco - Plano de Sa\u00fade SulAm\u00e9rica","isPartOf":{"@id":"https:\/\/todosplanosdesaude.com.br\/sulamerica-saude\/#website"},"datePublished":"2025-03-28T14:22:13+00:00","dateModified":"2025-03-28T16:12:28+00:00","breadcrumb":{"@id":"https:\/\/todosplanosdesaude.com.br\/sulamerica-saude\/pernambuco\/#breadcrumb"},"inLanguage":"en-US","potentialAction":[{"@type":"ReadAction","target":["https:\/\/todosplanosdesaude.com.br\/sulamerica-saude\/pernambuco\/"]}]},{"@type":"BreadcrumbList","@id":"https:\/\/todosplanosdesaude.com.br\/sulamerica-saude\/pernambuco\/#breadcrumb","itemListElement":[{"@type":"ListItem","position":1,"name":"Home","item":"https:\/\/todosplanosdesaude.com.br\/sulamerica-saude\/"},{"@type":"ListItem","position":2,"name":"Pernambuco"}]},{"@type":"WebSite","@id":"https:\/\/todosplanosdesaude.com.br\/sulamerica-saude\/#website","url":"https:\/\/todosplanosdesaude.com.br\/sulamerica-saude\/","name":"Plano de Sa\u00fade SulAm\u00e9rica","description":"","potentialAction":[{"@type":"SearchAction","target":{"@type":"EntryPoint","urlTemplate":"https:\/\/todosplanosdesaude.com.br\/sulamerica-saude\/?s={search_term_string}"},"query-input":{"@type":"PropertyValueSpecification","valueRequired":true,"valueName":"search_term_string"}}],"inLanguage":"en-US"}]}},"_links":{"self":[{"href":"https:\/\/todosplanosdesaude.com.br\/sulamerica-saude\/wp-json\/wp\/v2\/pages\/1494","targetHints":{"allow":["GET"]}}],"collection":[{"href":"https:\/\/todosplanosdesaude.com.br\/sulamerica-saude\/wp-json\/wp\/v2\/pages"}],"about":[{"href":"https:\/\/todosplanosdesaude.com.br\/sulamerica-saude\/wp-json\/wp\/v2\/types\/page"}],"replies":[{"embeddable":true,"href":"https:\/\/todosplanosdesaude.com.br\/sulamerica-saude\/wp-json\/wp\/v2\/comments?post=1494"}],"version-history":[{"count":1,"href":"https:\/\/todosplanosdesaude.com.br\/sulamerica-saude\/wp-json\/wp\/v2\/pages\/1494\/revisions"}],"predecessor-version":[{"id":1535,"href":"https:\/\/todosplanosdesaude.com.br\/sulamerica-saude\/wp-json\/wp\/v2\/pages\/1494\/revisions\/1535"}],"wp:attachment":[{"href":"https:\/\/todosplanosdesaude.com.br\/sulamerica-saude\/wp-json\/wp\/v2\/media?parent=1494"}],"curies":[{"name":"wp","href":"https:\/\/api.w.org\/{rel}","templated":true}]}}