{"id":1501,"date":"2025-03-28T14:22:15","date_gmt":"2025-03-28T14:22:15","guid":{"rendered":"https:\/\/todosplanosdesaude.com.br\/sulamerica-saude\/santa-catarina\/"},"modified":"2025-03-28T16:15:34","modified_gmt":"2025-03-28T16:15:34","slug":"santa-catarina","status":"publish","type":"page","link":"https:\/\/todosplanosdesaude.com.br\/sulamerica-saude\/santa-catarina\/","title":{"rendered":"Santa Catarina"},"content":{"rendered":"<div id=\"page-header-1380498928\" class=\"page-header-wrapper\">\n<div class=\"page-title dark featured-title\">\n<div class=\"page-title-inner container align-center flex-row medium-flex-wrap\">\n<div class=\"title-wrapper flex-col text-left medium-text-center\">\n<h1 class=\"entry-title mb-0\">Rede Credenciada SulAm\u00e9rica Sa\u00fade Santa Catarina<\/h1>\n<\/p>\n<\/div>\n<div class=\"title-content flex-col flex-right text-right medium-text-center\">\n<div class=\"title-breadcrumbs pb-half pt-half\"><\/div>\n<\/p>\n<\/div>\n<\/div>\n<\/div>\n<\/div>\n\t<section class=\"section\" id=\"section_1572794621\">\n\t\t<div class=\"bg section-bg fill bg-fill  bg-loaded\" >\n\n\t\t\t\n\t\t\t\n\t\t\t\n\n\t\t<\/div>\n\n\t\t<div class=\"section-content relative\">\n\t\t\t\n<div class=\"row\"  id=\"row-926047830\">\n\n\t<div id=\"col-1493763182\" class=\"col small-12 large-12\"  >\n\t\t<div class=\"col-inner\"  >\n\t\t\t\n\t\t\t\n<table class=\"static small ta-c\">\n<tbody>\n<tr class=\"bgGray\">\n<td class=\"ta-c\" colspan=\"3\"><span class=\"fz-11\">EXATO<\/span><\/td>\n<\/tr>\n<tr class=\"bgGray\">\n<td class=\"ta-l\" colspan=\"3\"><strong>Hospitais<\/strong>\u00a0(25)<\/td>\n<\/tr>\n<tr>\n<td class=\"ta-l va-t\" colspan=\"1\">\n<div class=\"fz-7\"><strong>Joinville &#8211; Outras Regi\u00f5es<\/strong><br \/>HOSP. DONA HELENA &#8211; H\/ M\/ PS<br \/>HOSP E MATERNIDADE BETHESDA &#8211; H\/ PS<br \/><strong>Florian\u00f3polis &#8211; Zona Leste<\/strong><br \/>ASSOC. IR. JOAQUIM MAT. DR. C. CORREA &#8211; H<br \/><strong>Florian\u00f3polis &#8211; Outras Regi\u00f5es<\/strong><br \/>BAIA SUL HOSP. DIA &#8211; PS<br \/>CASA DE SA\u00daDE S\u00c3O SEBASTI\u00c3O &#8211; H<br \/>CLIN. SANTA HELENA LTDA &#8211; M<br \/>HOSPITAL DE CARIDADE &#8211; H\/ PS<br \/><strong>Blumenau &#8211; Zona Sul<\/strong><br \/>HOSPITAL MISERICORDIA &#8211; H<br \/>HOSPITAL SANTA CATARINA &#8211; H\/ M\/ PS<br \/>SOC. DIVINA PROVIDEN HOSP. STA. ISABEL &#8211; H\/ M\/ PS<br \/><strong>Crici\u00fama &#8211; Outras Regi\u00f5es<\/strong><br \/>HOSP. S\u00c3O JO\u00c3O BATISTA. LTDA &#8211; H\/ PS<\/div>\n<\/td>\n<td class=\"ta-l va-t\" colspan=\"1\">\n<div class=\"fz-7\">HOSP. S\u00c3O JOSE &#8211; H<br \/><strong>Chapec\u00f3 &#8211; Outras Regi\u00f5es<\/strong><br \/>HOSP. REGIONAL &#8211; H\/ M<br \/><strong>Itaja\u00ed &#8211; Outras Regi\u00f5es<\/strong><br \/>HOSP. MAT. MARIETA KONDER BORNHAUSEN &#8211; H\/ M<br \/><strong>Lages &#8211; Outras Regi\u00f5es<\/strong><br \/>HOSP. DE CL\u00cdNICA BERMIRO SAGGIORATTO LTDA &#8211; H\/ M<br \/><strong>Palho\u00e7a &#8211; Outras Regi\u00f5es<\/strong><br \/>POLICLINICA S\u00c3O LUCAS &#8211; PS<br \/><strong>Brusque &#8211; Outras Regi\u00f5es<\/strong><br \/>HOSP. DE AZAMBUJA &#8211; H\/ M<br \/><strong>Tubar\u00e3o &#8211; Outras Regi\u00f5es<\/strong><br \/>HOSP. N. S. DA CONCEI\u00c7\u00c3O &#8211; H\/ M\/ PS<br \/><strong>Rio do Sul &#8211; Outras Regi\u00f5es<\/strong><br \/>HOSP. REGIONAL ALTO VALE &#8211; H<\/div>\n<\/td>\n<td class=\"ta-l va-t\" colspan=\"1\">\n<div class=\"fz-7\"><strong>Canoinhas &#8211; Outras Regi\u00f5es<\/strong><br \/>HOSP. SANTA CRUZ DE CANOINHAS &#8211; H\/ M<br \/><strong>Indaial &#8211; Outras Regi\u00f5es<\/strong><br \/>HOSP. BEATRIZ RAMOS &#8211; H\/ M<br \/><strong>Joa\u00e7aba &#8211; Outras Regi\u00f5es<\/strong><br \/>HOSP. E MATER S\u00c3O MIGUEL &#8211; H\/ M<br \/><strong>Mafra &#8211; Outras Regi\u00f5es<\/strong><br \/>HOSP. S\u00c3O VICENTE DE PAULO &#8211; H<br \/><strong>Morro da Fuma\u00e7a &#8211; Outras Regi\u00f5es<\/strong><br \/>HOSP. DE CARIDADE S\u00c3O ROQUE &#8211; H\/ M\/ PS<br \/><strong>Pomerode &#8211; Outras Regi\u00f5es<\/strong><br \/>HOSP. E MAT. RIO DO TESTO &#8211; H\/ M<\/div>\n<\/td>\n<\/tr>\n<tr class=\"bgGray\">\n<td class=\"ta-l\" colspan=\"3\"><strong>Laborat\u00f3rios<\/strong>\u00a0(79)<\/td>\n<\/tr>\n<tr>\n<td class=\"ta-l va-t\" colspan=\"1\">\n<div class=\"fz-7\"><strong>Joinville &#8211; Outras Regi\u00f5es<\/strong><br \/>KG LABORATORIO ANALISES CLINICAS<br \/>KN JOINVILLENSE ANALISES CLINICAS<br \/>LAB BATISTA DE ANALISES CLIN LTDA<br \/>LABORATORIO GIMENES LTDA<br \/><strong>Florian\u00f3polis &#8211; Outras Regi\u00f5es<\/strong><br \/>CLINICA TRINDADE SS LTDA<br \/>CONDOCLINICAS COND DE CLIN LTDA<br \/>DNANALISES<br \/>EXAME LABOR MEDICO SS LTDA<br \/>LABORATORIO MEDICO SANTA LUZIA<br \/>LABORATORIO SAO CLEMENTE<br \/>LAB UNIDOS<br \/>POLICLINICA SANTA CATARINA<br \/><strong>Blumenau &#8211; Outras Regi\u00f5es<\/strong><br \/>EQUIPE LABORATORIO ANALISES CLINICA<br \/>HEMOS MEDICINA LABOR AVANCADA<br \/>LABORATORIO HOSPITAL SANTA CATARINA<br \/>LABORATORIO ITOUPAVA LTDA ME<br \/>LABORATORIO SANTO ANTONIO<br \/>LAB. SANTA IZABEL DE ANAL. CLIN. LTDA<br \/><strong>S\u00e3o Jos\u00e9 &#8211; Outras Regi\u00f5es<\/strong><br \/>CLIN MED SAO LUIZ LTDA<br \/><strong>Crici\u00fama &#8211; Outras Regi\u00f5es<\/strong><br \/>LAB MONTEIRO LTDA<br \/>LABORATORIO BURIGO<br \/>LABORATORIO DAL PONT<br \/>LABORATORIO PASTEUR<br \/><strong>Chapec\u00f3 &#8211; Outras Regi\u00f5es<\/strong><br \/>BIOQUIMICO LABORATORIO<br \/>LAB DE ANAL E PESQ CLIN CHAPECO SS<br \/>LABORATORIO BERGMANN<br \/><strong>Itaja\u00ed &#8211; Outras Regi\u00f5es<\/strong><br \/>ITALAB LABORATORIO DE ANALISES LTDA<br \/>LABORATORIO BATSCHAUER LTDA<br \/>LABORATORIO BIONALISES LTDA<br \/>LAB SAO LUCAS<br \/><strong>Jaragu\u00e1 do Sul &#8211; Outras Regi\u00f5es<\/strong><br \/>LAB JARAGUA.<br \/>LAB LENZI DE ANAL CLIN LTDA<\/div>\n<\/td>\n<td class=\"ta-l va-t\" colspan=\"1\">\n<div class=\"fz-7\">LABORATORIO FLEMING S S LTDA EPP<br \/><strong>Lages &#8211; Outras Regi\u00f5es<\/strong><br \/>BIOHORMOCENTRO CENT DOSAG HORM BIOQ<br \/>LAB SAO LUCAS LTDA<br \/><strong>Balne\u00e1rio Cambori\u00fa &#8211; Outras Regi\u00f5es<\/strong><br \/>CENI LAB. DE ANAL. CLINICAS LTDA<br \/>LAB. DE ANALISES CLINICAS LEDRA LTDA<br \/>LABORATORIO SANTA LUIZA<br \/>PADRAO LAB. DE ANAL. CLIN. SS LTDA<br \/><strong>Brusque &#8211; Outras Regi\u00f5es<\/strong><br \/>LAB ANAL CLIN DR GERMANO H FILHO<br \/>LAB ANAL CLIN VERNER WILLRICH<br \/><strong>Tubar\u00e3o &#8211; Outras Regi\u00f5es<\/strong><br \/>LAB DE ANAL CLIN STA CLARA LTDA<br \/>LABORATORIO ANAL CLINICAS UNISUL<br \/><strong>S\u00e3o Bento do Sul &#8211; Outras Regi\u00f5es<\/strong><br \/>LAB ANALISES CLINICAS PASTEUR<br \/>LAB SAO FRANCISCO LASF<br \/><strong>Cambori\u00fa &#8211; Outras Regi\u00f5es<\/strong><br \/>LABORATORIO MOLINARI<br \/><strong>Conc\u00f3rdia &#8211; Outras Regi\u00f5es<\/strong><br \/>LABORATORIO ANALIC LTDA<br \/><strong>Navegantes &#8211; Outras Regi\u00f5es<\/strong><br \/>CITOLAB LAB DE ANAL CLIN E CITOP<br \/><strong>Rio do Sul &#8211; Outras Regi\u00f5es<\/strong><br \/>LABORATORIO VIDAS<br \/>LABORCLINICO LAB AN CLINICAS LTDA<br \/><strong>Ararangu\u00e1 &#8211; Outras Regi\u00f5es<\/strong><br \/>ANALISES LAB. DRA. DENISE DE ALMEIDA<br \/>LABORATORIO BIOANALISES<br \/><strong>Api\u00fana &#8211; Outras Regi\u00f5es<\/strong><br \/>LAB. ANALISES CLINICAS IBIRAMA LTDA<br \/><strong>Bigua\u00e7u &#8211; Outras Regi\u00f5es<\/strong><br \/>LABORATORIO BIGUACU<br \/><strong>Campos Novos &#8211; Outras Regi\u00f5es<\/strong><br \/>LAB DE ANAL CLIN BECKER<br \/><strong>Canoinhas &#8211; Outras Regi\u00f5es<\/strong><br \/>LAB. HOSP. SANTA CRUZ DE CANOINHAS<br \/>LABORATORIO PENINHA<br \/><strong>Fraiburgo &#8211; Outras Regi\u00f5es<\/strong><br \/>LABORATORIO FLEMING<\/div>\n<\/td>\n<td class=\"ta-l va-t\" colspan=\"1\">\n<div class=\"fz-7\"><strong>Gaspar &#8211; Outras Regi\u00f5es<\/strong><br \/>LABORATORIO SANTO ANTONIO<br \/><strong>Ibirama &#8211; Outras Regi\u00f5es<\/strong><br \/>LAB ANALISES CLINICAS IBIRAMA LTDA<br \/><strong>I\u00e7ara &#8211; Outras Regi\u00f5es<\/strong><br \/>LABORATORIO DAL PONT<br \/><strong>Imbituba &#8211; Outras Regi\u00f5es<\/strong><br \/>LAB CENTRAL IMBITUBA LTDA ME<br \/><strong>Indaial &#8211; Outras Regi\u00f5es<\/strong><br \/>CENT ANAL CLIN LTDA<br \/>LAB DE ANAL CLIN INDALAB LTDA<br \/>LAB DE ANAL CLIN LABORAN LTDA<br \/><strong>Joa\u00e7aba &#8211; Outras Regi\u00f5es<\/strong><br \/>CEPAC<br \/>LAB PASTEUR<br \/><strong>Jos\u00e9 Boiteux &#8211; Outras Regi\u00f5es<\/strong><br \/>LAB ANALISES CLINICAS IBIRAMA LTDA<br \/><strong>Laguna &#8211; Outras Regi\u00f5es<\/strong><br \/>LABORATORIO SPILLERE LTDA S\/C<br \/><strong>Mafra &#8211; Outras Regi\u00f5es<\/strong><br \/>LAB ANACLIN<br \/><strong>Major Vieira &#8211; Outras Regi\u00f5es<\/strong><br \/>LABORATORIO PENINHA<br \/><strong>Maracaj\u00e1 &#8211; Outras Regi\u00f5es<\/strong><br \/>LABORATORIO DAL PONT<br \/><strong>Penha &#8211; Outras Regi\u00f5es<\/strong><br \/>LABORATORIO FAITA<br \/>LAMARO LAB DE ANAL CLINICAS LTDA<br \/><strong>Pomerode &#8211; Outras Regi\u00f5es<\/strong><br \/>LAB SANDRINI SC LTDA<br \/><strong>Sider\u00f3polis &#8211; Outras Regi\u00f5es<\/strong><br \/>LABORATORIO DAL PONT<br \/><strong>Timb\u00f3 &#8211; Outras Regi\u00f5es<\/strong><br \/>LABOTIM<br \/><strong>Tr\u00eas Barras &#8211; Outras Regi\u00f5es<\/strong><br \/>LABORATORIO PENINHA<br \/><strong>Xanxer\u00ea &#8211; Outras Regi\u00f5es<\/strong><br \/>LAB SILVANA SC LTDA<\/div>\n<\/td>\n<\/tr>\n<tr class=\"bgGray\">\n<td class=\"ta-c\" colspan=\"3\"><span class=\"fz-11\">ESPECIAL 100 &#8211; R1<\/span>\u00a0(+ EXATO)<\/td>\n<\/tr>\n<tr class=\"bgGray\">\n<td class=\"ta-l\" colspan=\"3\"><strong>Hospitais<\/strong>\u00a0(1)<\/td>\n<\/tr>\n<tr>\n<td class=\"ta-l va-t\" colspan=\"1\">\n<div class=\"fz-7\"><strong>Rio do Sul &#8211; Outras Regi\u00f5es<\/strong><br \/>HOSP. REGIONAL ALTO VALE &#8211; PS<\/div>\n<\/td>\n<td colspan=\"2\">\u00a0<\/td>\n<\/tr>\n<tr class=\"bgGray\">\n<td class=\"ta-c\" colspan=\"3\"><span class=\"fz-11\">EXECUTIVO R1<\/span>\u00a0(+ ESPECIAL 100 &#8211; R1)<\/td>\n<\/tr>\n<tr>\n<td class=\"ta-c\" colspan=\"3\"><span class=\"fz-9\">Mesma rede do plano anterior ESPECIAL 100 &#8211; R1<\/span><\/td>\n<\/tr>\n<tr class=\"bgGray\">\n<td class=\"ta-c\" colspan=\"3\"><span class=\"fz-11\">EXECUTIVO R2<\/span>\u00a0(+ EXECUTIVO R1)<\/td>\n<\/tr>\n<tr>\n<td class=\"ta-c\" colspan=\"3\"><span class=\"fz-9\">Mesma rede do plano anterior EXECUTIVO R1<\/span><\/td>\n<\/tr>\n<tr class=\"bgGray\">\n<td class=\"ta-c\" colspan=\"3\"><span class=\"fz-11\">EXECUTIVO R3<\/span>\u00a0(+ EXECUTIVO R2)<\/td>\n<\/tr>\n<tr>\n<td class=\"ta-c\" colspan=\"3\"><span class=\"fz-9\">Mesma rede do plano anterior EXECUTIVO R2<\/span><\/td>\n<\/tr>\n<tr class=\"bgGray\">\n<td class=\"ta-c\" colspan=\"3\"><span class=\"fz-11\">PRESTIGE<\/span>\u00a0(+ EXECUTIVO R3)<\/td>\n<\/tr>\n<tr>\n<td class=\"ta-c\" colspan=\"3\"><span class=\"fz-9\">Mesma rede do plano anterior EXECUTIVO R3<\/span><\/td>\n<\/tr>\n<\/tbody>\n<\/table>\n<p>\u00a0<\/p>\n<table class=\"static small\">\n<tbody>\n<tr class=\"bgGray\">\n<td class=\"ta-l\">Legendas<\/td>\n<\/tr>\n<tr>\n<td class=\"ta-l\">H &#8211; Interna\u00e7\u00e3o Eletiva, PS &#8211; Pronto Socorro, M &#8211; Maternidade<\/td>\n<\/tr>\n<\/tbody>\n<\/table>\n\t\t<\/div>\n\t\t\t<\/div>\n\n\t\n<\/div>\n\t\t<\/div>\n\n\t\t\n<style>\n#section_1572794621 {\n  padding-top: 30px;\n  padding-bottom: 30px;\n}\n<\/style>\n\t<\/section>\n\t\n<div class=\"message-box relative dark\" style=\"padding-top:15px;padding-bottom:15px;\"><div class=\"message-box-bg-image bg-fill fill\" ><\/div><div class=\"message-box-bg-overlay bg-fill fill\" ><\/div><div class=\"container relative\"><div class=\"inner last-reset\">\n<div class=\"row align-middle align-center\"  id=\"row-1127342574\">\n\n\t<div id=\"col-714340978\" class=\"col small-12 large-12\"  >\n\t\t<div class=\"col-inner\"  >\n\t\t\t\n\t\t\t\n<p style=\"text-align: center;\"><b>IMPORTANTE!<\/b> As informa\u00e7\u00f5es de redes credenciada contidas neste site, podem sofrer altera\u00e7\u00f5es a qualquer momento. Os produtos apresentados nesse site obedecem \u00e0 legisla\u00e7\u00e3o que regulamenta os seguros e \u00e0s condi\u00e7\u00f5es contratuais, que devem ser lidas previamente \u00e0 sua contrata\u00e7\u00e3o.<\/p>\n\t\t<\/div>\n\t\t\t<\/div>\n\n\t\n<\/div>\n<\/div><\/div><\/div>\n","protected":false},"excerpt":{"rendered":"<p>Rede Credenciada SulAm\u00e9rica Sa\u00fade<\/p>\n","protected":false},"author":0,"featured_media":0,"parent":0,"menu_order":0,"comment_status":"closed","ping_status":"closed","template":"page-blank.php","meta":{"footnotes":""},"class_list":["post-1501","page","type-page","status-publish","hentry"],"yoast_head":"<!-- This site is optimized with the Yoast SEO plugin v25.3.1 - https:\/\/yoast.com\/wordpress\/plugins\/seo\/ -->\n<title>Santa Catarina - Plano de Sa\u00fade SulAm\u00e9rica<\/title>\n<meta name=\"robots\" content=\"index, follow, max-snippet:-1, max-image-preview:large, max-video-preview:-1\" \/>\n<link rel=\"canonical\" href=\"https:\/\/todosplanosdesaude.com.br\/sulamerica-saude\/santa-catarina\/\" \/>\n<meta property=\"og:locale\" content=\"en_US\" \/>\n<meta property=\"og:type\" content=\"article\" \/>\n<meta property=\"og:title\" content=\"Santa Catarina - Plano de Sa\u00fade SulAm\u00e9rica\" \/>\n<meta property=\"og:description\" content=\"Rede Credenciada SulAm\u00e9rica Sa\u00fade\" \/>\n<meta property=\"og:url\" content=\"https:\/\/todosplanosdesaude.com.br\/sulamerica-saude\/santa-catarina\/\" \/>\n<meta property=\"og:site_name\" content=\"Plano de Sa\u00fade SulAm\u00e9rica\" \/>\n<meta property=\"article:modified_time\" content=\"2025-03-28T16:15:34+00:00\" \/>\n<meta name=\"twitter:card\" content=\"summary_large_image\" \/>\n<meta name=\"twitter:label1\" content=\"Est. reading time\" \/>\n\t<meta name=\"twitter:data1\" content=\"4 minutes\" \/>\n<script type=\"application\/ld+json\" class=\"yoast-schema-graph\">{\"@context\":\"https:\/\/schema.org\",\"@graph\":[{\"@type\":\"WebPage\",\"@id\":\"https:\/\/todosplanosdesaude.com.br\/sulamerica-saude\/santa-catarina\/\",\"url\":\"https:\/\/todosplanosdesaude.com.br\/sulamerica-saude\/santa-catarina\/\",\"name\":\"Santa Catarina - Plano de Sa\u00fade SulAm\u00e9rica\",\"isPartOf\":{\"@id\":\"https:\/\/todosplanosdesaude.com.br\/sulamerica-saude\/#website\"},\"datePublished\":\"2025-03-28T14:22:15+00:00\",\"dateModified\":\"2025-03-28T16:15:34+00:00\",\"breadcrumb\":{\"@id\":\"https:\/\/todosplanosdesaude.com.br\/sulamerica-saude\/santa-catarina\/#breadcrumb\"},\"inLanguage\":\"en-US\",\"potentialAction\":[{\"@type\":\"ReadAction\",\"target\":[\"https:\/\/todosplanosdesaude.com.br\/sulamerica-saude\/santa-catarina\/\"]}]},{\"@type\":\"BreadcrumbList\",\"@id\":\"https:\/\/todosplanosdesaude.com.br\/sulamerica-saude\/santa-catarina\/#breadcrumb\",\"itemListElement\":[{\"@type\":\"ListItem\",\"position\":1,\"name\":\"Home\",\"item\":\"https:\/\/todosplanosdesaude.com.br\/sulamerica-saude\/\"},{\"@type\":\"ListItem\",\"position\":2,\"name\":\"Santa Catarina\"}]},{\"@type\":\"WebSite\",\"@id\":\"https:\/\/todosplanosdesaude.com.br\/sulamerica-saude\/#website\",\"url\":\"https:\/\/todosplanosdesaude.com.br\/sulamerica-saude\/\",\"name\":\"Plano de Sa\u00fade SulAm\u00e9rica\",\"description\":\"\",\"potentialAction\":[{\"@type\":\"SearchAction\",\"target\":{\"@type\":\"EntryPoint\",\"urlTemplate\":\"https:\/\/todosplanosdesaude.com.br\/sulamerica-saude\/?s={search_term_string}\"},\"query-input\":{\"@type\":\"PropertyValueSpecification\",\"valueRequired\":true,\"valueName\":\"search_term_string\"}}],\"inLanguage\":\"en-US\"}]}<\/script>\n<!-- \/ Yoast SEO plugin. -->","yoast_head_json":{"title":"Santa Catarina - Plano de Sa\u00fade SulAm\u00e9rica","robots":{"index":"index","follow":"follow","max-snippet":"max-snippet:-1","max-image-preview":"max-image-preview:large","max-video-preview":"max-video-preview:-1"},"canonical":"https:\/\/todosplanosdesaude.com.br\/sulamerica-saude\/santa-catarina\/","og_locale":"en_US","og_type":"article","og_title":"Santa Catarina - Plano de Sa\u00fade SulAm\u00e9rica","og_description":"Rede Credenciada SulAm\u00e9rica Sa\u00fade","og_url":"https:\/\/todosplanosdesaude.com.br\/sulamerica-saude\/santa-catarina\/","og_site_name":"Plano de Sa\u00fade SulAm\u00e9rica","article_modified_time":"2025-03-28T16:15:34+00:00","twitter_card":"summary_large_image","twitter_misc":{"Est. reading time":"4 minutes"},"schema":{"@context":"https:\/\/schema.org","@graph":[{"@type":"WebPage","@id":"https:\/\/todosplanosdesaude.com.br\/sulamerica-saude\/santa-catarina\/","url":"https:\/\/todosplanosdesaude.com.br\/sulamerica-saude\/santa-catarina\/","name":"Santa Catarina - Plano de Sa\u00fade SulAm\u00e9rica","isPartOf":{"@id":"https:\/\/todosplanosdesaude.com.br\/sulamerica-saude\/#website"},"datePublished":"2025-03-28T14:22:15+00:00","dateModified":"2025-03-28T16:15:34+00:00","breadcrumb":{"@id":"https:\/\/todosplanosdesaude.com.br\/sulamerica-saude\/santa-catarina\/#breadcrumb"},"inLanguage":"en-US","potentialAction":[{"@type":"ReadAction","target":["https:\/\/todosplanosdesaude.com.br\/sulamerica-saude\/santa-catarina\/"]}]},{"@type":"BreadcrumbList","@id":"https:\/\/todosplanosdesaude.com.br\/sulamerica-saude\/santa-catarina\/#breadcrumb","itemListElement":[{"@type":"ListItem","position":1,"name":"Home","item":"https:\/\/todosplanosdesaude.com.br\/sulamerica-saude\/"},{"@type":"ListItem","position":2,"name":"Santa Catarina"}]},{"@type":"WebSite","@id":"https:\/\/todosplanosdesaude.com.br\/sulamerica-saude\/#website","url":"https:\/\/todosplanosdesaude.com.br\/sulamerica-saude\/","name":"Plano de Sa\u00fade SulAm\u00e9rica","description":"","potentialAction":[{"@type":"SearchAction","target":{"@type":"EntryPoint","urlTemplate":"https:\/\/todosplanosdesaude.com.br\/sulamerica-saude\/?s={search_term_string}"},"query-input":{"@type":"PropertyValueSpecification","valueRequired":true,"valueName":"search_term_string"}}],"inLanguage":"en-US"}]}},"_links":{"self":[{"href":"https:\/\/todosplanosdesaude.com.br\/sulamerica-saude\/wp-json\/wp\/v2\/pages\/1501","targetHints":{"allow":["GET"]}}],"collection":[{"href":"https:\/\/todosplanosdesaude.com.br\/sulamerica-saude\/wp-json\/wp\/v2\/pages"}],"about":[{"href":"https:\/\/todosplanosdesaude.com.br\/sulamerica-saude\/wp-json\/wp\/v2\/types\/page"}],"replies":[{"embeddable":true,"href":"https:\/\/todosplanosdesaude.com.br\/sulamerica-saude\/wp-json\/wp\/v2\/comments?post=1501"}],"version-history":[{"count":1,"href":"https:\/\/todosplanosdesaude.com.br\/sulamerica-saude\/wp-json\/wp\/v2\/pages\/1501\/revisions"}],"predecessor-version":[{"id":1537,"href":"https:\/\/todosplanosdesaude.com.br\/sulamerica-saude\/wp-json\/wp\/v2\/pages\/1501\/revisions\/1537"}],"wp:attachment":[{"href":"https:\/\/todosplanosdesaude.com.br\/sulamerica-saude\/wp-json\/wp\/v2\/media?parent=1501"}],"curies":[{"name":"wp","href":"https:\/\/api.w.org\/{rel}","templated":true}]}}