{"id":185,"date":"2021-02-17T22:46:04","date_gmt":"2021-02-17T22:46:04","guid":{"rendered":"https:\/\/todosplanosdesaude.com.br\/sulamerica-saude\/?page_id=185"},"modified":"2024-05-01T20:37:10","modified_gmt":"2024-05-01T20:37:10","slug":"beneficios","status":"publish","type":"page","link":"https:\/\/todosplanosdesaude.com.br\/sulamerica-saude\/beneficios\/","title":{"rendered":"Benef\u00edcios"},"content":{"rendered":"  <div id=\"page-header-288960950\" class=\"page-header-wrapper\">\n  <div class=\"page-title hide-for-small dark featured-title\">\n\n    \n    <div class=\"page-title-inner container align-bottom text-center flex-row-col medium-flex-wrap\" >\n              <div class=\"title-wrapper uppercase flex-col\">\n          <h1 class=\"entry-title mb-0\">\n            BENEF\u00cdCIOS SULAM\u00c9RICA          <\/h1>\n        <\/div>\n                    <div class=\"title-content flex-col\">\n        <div class=\"title-breadcrumbs pb-half pt-half\"><\/div>      <\/div>\n    <\/div>\n\n     \n<style>\n#page-header-288960950 .page-title-inner {\n  min-height: 0px;\n}\n#page-header-288960950 {\n  margin-bottom: 0px;\n}\n<\/style>\n  <\/div>\n    <\/div>\n  \n\t<section class=\"section\" id=\"section_828015248\">\n\t\t<div class=\"bg section-bg fill bg-fill  bg-loaded\" >\n\n\t\t\t\n\t\t\t\n\t\t\t\n\n\t\t<\/div>\n\n\t\t<div class=\"section-content relative\">\n\t\t\t\n<div class=\"row align-middle\"  id=\"row-197186976\">\n\n\t<div id=\"col-1315168988\" class=\"col small-12 large-12\"  >\n\t\t<div class=\"col-inner\"  >\n\t\t\t\n\t\t\t\n<div class=\"container section-title-container\" ><h3 class=\"section-title section-title-normal\"><b><\/b><span class=\"section-title-main\" >benef\u00edcios sulam\u00e9rica<\/span><b><\/b><\/h3><\/div>\n<p>A SulAm\u00e9rica Sa\u00fade disponibiliza uma gama de benef\u00edcios centrados na promo\u00e7\u00e3o da sa\u00fade, preven\u00e7\u00e3o e tratamento de doen\u00e7as, voltados para empresas que desejam incentivar a qualidade de vida de seus funcion\u00e1rios e familiares.<\/p>\n\t\t<\/div>\n\t\t\t<\/div>\n\n\t\n<\/div>\n<div class=\"row\"  id=\"row-2097695281\">\n\n\t<div id=\"col-1674225393\" class=\"col small-12 large-12\"  >\n\t\t<div class=\"col-inner\"  >\n\t\t\t\n\t\t\t\n<div class=\"container section-title-container\" ><h3 class=\"section-title section-title-normal\"><b><\/b><span class=\"section-title-main\" >sa\u00fade ativa<\/span><b><\/b><\/h3><\/div>\n<p>A SulAm\u00e9rica Sa\u00fade implementa iniciativas direcionadas a a\u00e7\u00f5es de preven\u00e7\u00e3o e promo\u00e7\u00e3o da sa\u00fade, adaptadas \u00e0s necessidades individuais de cada cliente.<\/p>\n<p><i class=\"fa fa-check\"><\/i>\u00a0Plataforma Sharecare<br \/><i class=\"fa fa-check\"><\/i>\u00a0Doen\u00e7as Cr\u00f4nicas<br \/><i class=\"fa fa-check\"><\/i>\u00a0Articula\u00e7\u00e3o<br \/><i class=\"fa fa-check\"><\/i>\u00a0Consultor de Bem-Estar<br \/><i class=\"fa fa-check\"><\/i>\u00a0Envelhecimento Saud\u00e1vel<br \/><i class=\"fa fa-check\"><\/i>\u00a0Coluna Ativa<br \/><i class=\"fa fa-check\"><\/i>\u00a0Coluna In Company Futura Mam\u00e3e<br \/><i class=\"fa fa-check\"><\/i>\u00a0Aten\u00e7\u00e3o no Alto Risco<br \/><i class=\"fa fa-check\"><\/i>\u00a0Oncologia<br \/><i class=\"fa fa-check\"><\/i>\u00a0Idoso Bem Cuidado<\/p>\n\t\t<\/div>\n\t\t\t<\/div>\n\n\t\n<\/div>\n<div class=\"row\"  id=\"row-210318303\">\n\n\t<div id=\"col-668813401\" class=\"col small-12 large-12\"  >\n\t\t<div class=\"col-inner\"  >\n\t\t\t\n\t\t\t\n<div class=\"container section-title-container\" ><h3 class=\"section-title section-title-normal\"><b><\/b><span class=\"section-title-main\" >Diversos canais<\/span><b><\/b><\/h3><\/div>\n<p><strong>\u2022 Central de Relacionamento \u2013 24hs<\/strong><br \/>Autoriza\u00e7\u00e3o pr\u00e9via, rede referenciada, coberturas contratadas e reembolso representam elementos essenciais em um plano de sa\u00fade.<\/p>\n<p><strong>\u2022 Sa\u00fade Online<\/strong><br \/>Acesso \u00e0 rede referenciada, verifica\u00e7\u00e3o de cobertura, acompanhamento do status de reembolso e autoriza\u00e7\u00e3o de procedimentos s\u00e3o funcionalidades fundamentais oferecidas pelos planos de sa\u00fade.<\/p>\n<p><strong>\u2022 Aplicativo SulAm\u00e9rica Sa\u00fade<\/strong><br \/>O cart\u00e3o digital, a consulta \u00e0 rede, o extrato de utiliza\u00e7\u00e3o, a pr\u00e9via e o status de reembolso, assim como a solicita\u00e7\u00e3o de reembolso de consultas de at\u00e9 R$ 1.000,00 e o servi\u00e7o de pediatra em casa, s\u00e3o recursos oferecidos para proporcionar maior comodidade e facilidade aos benefici\u00e1rios do plano de sa\u00fade.<\/p>\n<p><strong>\u2022 Terminal de Autoatendimento<\/strong><br \/>Para solicitar reembolso, os benefici\u00e1rios podem utilizar os principais pontos de atendimento da SulAm\u00e9rica Sa\u00fade.<\/p>\n\t\t<\/div>\n\t\t\t<\/div>\n\n\t\n<\/div>\n<div class=\"row\"  id=\"row-1795432448\">\n\n\t<div id=\"col-522980788\" class=\"col medium-6 small-12 large-6\"  >\n\t\t<div class=\"col-inner\"  >\n\t\t\t\n\t\t\t\n\t<div class=\"img has-hover x md-x lg-x y md-y lg-y\" id=\"image_648995487\">\n\t\t\t\t\t\t\t\t<div class=\"img-inner dark\" >\n\t\t\t<img loading=\"lazy\" decoding=\"async\" width=\"1020\" height=\"600\" src=\"https:\/\/todosplanosdesaude.com.br\/sulamerica-saude\/wp-content\/uploads\/2021\/04\/img01.png\" class=\"attachment-large size-large\" alt=\"\" srcset=\"https:\/\/todosplanosdesaude.com.br\/sulamerica-saude\/wp-content\/uploads\/2021\/04\/img01.png 1024w, https:\/\/todosplanosdesaude.com.br\/sulamerica-saude\/wp-content\/uploads\/2021\/04\/img01-300x176.png 300w, https:\/\/todosplanosdesaude.com.br\/sulamerica-saude\/wp-content\/uploads\/2021\/04\/img01-768x452.png 768w\" sizes=\"auto, (max-width: 1020px) 100vw, 1020px\" \/>\t\t\t\t\t\t\n\t\t\t\t\t<\/div>\n\t\t\t\t\t\t\t\t\n<style>\n#image_648995487 {\n  width: 100%;\n}\n<\/style>\n\t<\/div>\n\t\n\t\t<\/div>\n\t\t\t<\/div>\n\n\t\n\n\t<div id=\"col-1199509485\" class=\"col medium-6 small-12 large-6\"  >\n\t\t<div class=\"col-inner text-center\"  >\n\t\t\t\n\t\t\t\n\t<div class=\"img has-hover x md-x lg-x y md-y lg-y\" id=\"image_1520646849\">\n\t\t\t\t\t\t\t\t<div class=\"img-inner dark\" >\n\t\t\t<img loading=\"lazy\" decoding=\"async\" width=\"755\" height=\"564\" src=\"https:\/\/todosplanosdesaude.com.br\/sulamerica-saude\/wp-content\/uploads\/2021\/04\/img02-1.png\" class=\"attachment-large size-large\" alt=\"\" srcset=\"https:\/\/todosplanosdesaude.com.br\/sulamerica-saude\/wp-content\/uploads\/2021\/04\/img02-1.png 755w, https:\/\/todosplanosdesaude.com.br\/sulamerica-saude\/wp-content\/uploads\/2021\/04\/img02-1-300x224.png 300w\" sizes=\"auto, (max-width: 755px) 100vw, 755px\" \/>\t\t\t\t\t\t\n\t\t\t\t\t<\/div>\n\t\t\t\t\t\t\t\t\n<style>\n#image_1520646849 {\n  width: 75%;\n}\n<\/style>\n\t<\/div>\n\t\n\t\t<\/div>\n\t\t\t<\/div>\n\n\t\n<\/div>\n<div class=\"row align-middle\"  id=\"row-1998413690\">\n\n\t<div id=\"col-150305519\" class=\"col small-12 large-12\"  >\n\t\t<div class=\"col-inner\"  >\n\t\t\t\n\t\t\t\n<div class=\"container section-title-container\" ><h3 class=\"section-title section-title-normal\"><b><\/b><span class=\"section-title-main\" >descontos em farm\u00e1cias<\/span><b><\/b><\/h3><\/div>\n<p>Os clientes da SulAm\u00e9rica Sa\u00fade desfrutam de descontos de at\u00e9 85% em medicamentos nas principais redes de farm\u00e1cias do Brasil. Com 10.000 farm\u00e1cias conveniadas e mais de 4.000 medicamentos cadastrados, proporcionamos economia e acesso facilitado aos tratamentos necess\u00e1rios.<\/p>\n<p>\u00a0Drogaria S\u00e3o Paulo<br \/><i class=\"fa fa-check\"><\/i>\u00a0Drogasil<br \/><i class=\"fa fa-check\"><\/i>\u00a0Droga Raia<br \/><i class=\"fa fa-check\"><\/i>\u00a0Pacheco<br \/><i class=\"fa fa-check\"><\/i>\u00a0Onofre<br \/><i class=\"fa fa-check\"><\/i>\u00a0Bifarma, entre outras.<\/p>\n<p>Para acessar o desconto, basta que o cliente da SulAm\u00e9rica Sa\u00fade apresente o n\u00famero da sua carteirinha do plano em um dos estabelecimentos cadastrados.<\/p>\n\t\t<\/div>\n\t\t\t<\/div>\n\n\t\n<\/div>\n<div class=\"row align-middle\"  id=\"row-1885943272\">\n\n\t<div id=\"col-830969051\" class=\"col small-12 large-12\"  >\n\t\t<div class=\"col-inner\"  >\n\t\t\t\n\t\t\t\n<div class=\"container section-title-container\" ><h3 class=\"section-title section-title-normal\"><b><\/b><span class=\"section-title-main\" >coberturas adicionais<\/span><b><\/b><\/h3><\/div>\n<p>Para todos os planos (n\u00e3o h\u00e1 limite de sess\u00f5es para o plano Prestige)<\/p>\n<p><i class=\"fa fa-check\"><\/i>\u00a0<strong>Escleroterapia*<\/strong>\u00a0(12 sess\u00f5es ao ano)<br \/>Tratamento de vasinhos e microvarizes.<\/p>\n<p><i class=\"fa fa-check\"><\/i>\u00a0<strong>Fonoaudiologia*<\/strong>\u00a0(30 sess\u00f5es ao ano)<br \/>Avalia\u00e7\u00e3o e terapias fonoaudiol\u00f3gicas.<\/p>\n<p><i class=\"fa fa-check\"><\/i>\u00a0<strong>Psicomotricidade*<\/strong>\u00a0(30 sess\u00f5es ao ano)<br \/>Tratamento para pessoas com dificuldades no desenvolvimento sensorial, moto, mental e ps\u00edquico.<\/p>\n<p><i class=\"fa fa-check\"><\/i>\u00a0<strong>Transplantes<\/strong>\u00a0(al\u00e9m dos cobertos por lei \u2013 rim, c\u00f3rnea e medula \u00f3ssea)<br \/>Cora\u00e7\u00e3o, p\u00e2ncreas, p\u00e2ncreas-rim, pulm\u00e3o e f\u00edgado, incluindo despesas assistenciais com doador vivo.<\/p>\n<p>Procedimentos exclusivos para produtos AHO (Ambulatorial Hospitalar com Obstetr\u00edcia), exceto se forem necess\u00e1rios durante a interna\u00e7\u00e3o hospitalar.<\/p>\n\t\t<\/div>\n\t\t\t<\/div>\n\n\t\n<\/div>\n<div class=\"row align-middle\"  id=\"row-1837254530\">\n\n\t<div id=\"col-1821005608\" class=\"col small-12 large-12\"  >\n\t\t<div class=\"col-inner\"  >\n\t\t\t\n\t\t\t\n<div class=\"container section-title-container\" ><h3 class=\"section-title section-title-normal\"><b><\/b><span class=\"section-title-main\" >COBERTURAS ADICIONAIS (EXCLUSIVAMENTE PARA O PLANO PRESTIGE)<\/span><b><\/b><\/h3><\/div>\n<p><i class=\"fa fa-check\"><\/i>\u00a0<strong>Check-up*<\/strong><br \/>Um por ano, dispon\u00edvel exclusivamente na rede, para segurados titulares com idade acima de 29 anos.<\/p>\n<p><i class=\"fa fa-check\"><\/i>\u00a0<strong>Consulta ao viajante.<\/strong><br \/>M\u00e9dicos certificados, dispon\u00edveis exclusivamente na rede, conduzem uma entrevista detalhada, analisam o itiner\u00e1rio da viagem e fornecem recomenda\u00e7\u00f5es para garantir uma viagem tranquila.<\/p>\n<p><i class=\"fa fa-check\"><\/i>\u00a0<strong>Vacinas*<\/strong><br \/>Calend\u00e1rio oficial do Minist\u00e9rio da Sa\u00fade, dispon\u00edvel exclusivamente na rede..<\/p>\n<p><i class=\"fa fa-check\"><\/i>\u00a0<strong>Cirurgia refrativa*<\/strong><br \/>Cirurgias de miopia e hipermetropia, com ou sem astigmatismo, sem limite de grau.<\/p>\n<p><i class=\"fa fa-check\"><\/i>\u00a0<strong>Consulta M\u00e9dica e Fisioterapia Domiciliar*<\/strong><\/p>\n<p>Exclusivamente por meio de reembolso.<\/p>\n<p>* Procedimentos exclusivos para produtos AHO (Ambulatorial Hospitalar com Obstetr\u00edcia).<\/p>\n<div class=\"container section-title-container\" ><h3 class=\"section-title section-title-normal\"><b><\/b><span class=\"section-title-main\" >EXEMPLOS DE REEMBOLSO<\/span><b><\/b><\/h3><\/div>\n<table class=\"tg\">\n<thead>\n<tr>\n<th class=\"tg-0pky\">\u00a0<\/th>\n<th class=\"tg-lr4a\"><span style=\"font-weight: bold;\">Exato <br \/><\/span><span style=\"font-weight: normal;\">Enfermaria<\/span><\/th>\n<th class=\"tg-lr4a\"><span style=\"font-weight: bold;\">Exato <\/span>Apartamento<\/th>\n<th class=\"tg-lr4a\"><span style=\"font-weight: bold;\">Cl\u00e1ssico <br \/><\/span><span style=\"font-weight: normal;\">Enfermaria<\/span><\/th>\n<th class=\"tg-lr4a\"><span style=\"font-weight: bold;\">Cl\u00e1ssico <br \/><\/span>Apartamento<\/th>\n<th class=\"tg-69dx\"><span style=\"font-weight: bold;\">Especial 100-R3 <br \/><\/span><span style=\"font-weight: normal;\">Apartamento<\/span><\/th>\n<th class=\"tg-69dx\"><span style=\"font-weight: bold;\">Executivo-R3 <br \/><\/span><span style=\"font-weight: normal;\">Apartamento<\/span><\/th>\n<th class=\"tg-lr4a\"><span style=\"font-weight: bold;\">Prestige <br \/><\/span><span style=\"font-weight: normal;\">Apartamento<\/span><\/th>\n<\/tr>\n<\/thead>\n<tbody>\n<tr>\n<td class=\"tg-46zf\"><span style=\"font-weight: bold;\">Consulta<\/span><\/td>\n<td class=\"tg-c3ow\">R$ 81,00<\/td>\n<td class=\"tg-c3ow\">R$ 81,00<\/td>\n<td class=\"tg-c3ow\">R$ 103,50<\/td>\n<td class=\"tg-c3ow\">R$ 103,50<\/td>\n<td class=\"tg-c3ow\">R$ 301,50<\/td>\n<td class=\"tg-c3ow\">R$ 571,50<\/td>\n<td class=\"tg-c3ow\">R$ 810,00<\/td>\n<\/tr>\n<tr>\n<td class=\"tg-46zf\"><span style=\"font-weight: bold;\">Tomografia Computadorizada <\/span><span style=\"font-weight: bold;\">de Cr\u00e2nio<\/span><\/td>\n<td class=\"tg-c3ow\">R$ 223,50<\/td>\n<td class=\"tg-c3ow\">R$ 223,50<\/td>\n<td class=\"tg-c3ow\">R$ 223,50<\/td>\n<td class=\"tg-c3ow\">R$ 223,50<\/td>\n<td class=\"tg-c3ow\">R$ 1.117,50<\/td>\n<td class=\"tg-c3ow\">R$ 1.490,00<\/td>\n<td class=\"tg-c3ow\">R$ 1.862,50<\/td>\n<\/tr>\n<tr>\n<td class=\"tg-46zf\"><span style=\"font-weight: bold;\">Resson\u00e2ncia Magn\u00e9tica <\/span><strong>de Cr\u00e2nio<\/strong><\/td>\n<td class=\"tg-c3ow\">R$ 330,00<\/td>\n<td class=\"tg-c3ow\">R$ 330,00<\/td>\n<td class=\"tg-c3ow\">R$ 330,00<\/td>\n<td class=\"tg-c3ow\">R$ 330,00<\/td>\n<td class=\"tg-c3ow\">R$ 1.650,00<\/td>\n<td class=\"tg-c3ow\">R$ 2.200,00<\/td>\n<td class=\"tg-c3ow\">R$ 2.750,00<\/td>\n<\/tr>\n<tr>\n<td class=\"tg-46zf\"><span style=\"font-weight: bold;\">Raio-X de t\u00f3rax<\/span><\/td>\n<td class=\"tg-c3ow\">R$ 12,60<\/td>\n<td class=\"tg-c3ow\">R$ 12,60<\/td>\n<td class=\"tg-c3ow\">R$ 12,60<\/td>\n<td class=\"tg-c3ow\">R$ 12,60<\/td>\n<td class=\"tg-c3ow\">R$ 63,00<\/td>\n<td class=\"tg-c3ow\">R$ 84,00<\/td>\n<td class=\"tg-c3ow\">R$ 105,00<\/td>\n<\/tr>\n<tr>\n<td class=\"tg-46zf\"><span style=\"font-weight: bold;\">US abd\u00f4men total<\/span><\/td>\n<td class=\"tg-c3ow\">R$ 100,50<\/td>\n<td class=\"tg-c3ow\">R$ 100,50<\/td>\n<td class=\"tg-c3ow\">R$ 100,50<\/td>\n<td class=\"tg-c3ow\">R$ 100,50<\/td>\n<td class=\"tg-c3ow\">R$ 502,50<\/td>\n<td class=\"tg-c3ow\">R$ 670,00<\/td>\n<td class=\"tg-c3ow\">R$ 837,50<\/td>\n<\/tr>\n<tr>\n<td class=\"tg-46zf\"><span style=\"font-weight: bold;\">Parto Ces\u00e1rea\u00b2<br \/><\/span>Cirurgi\u00e3o, Auxiliar, Anestesia eAtendimento ao RN (Ber\u00e7\u00e1rio e Sala de Parto)<\/td>\n<td class=\"tg-c3ow\">R$ 741,00<\/td>\n<td class=\"tg-c3ow\">R$ 1.482,00<\/td>\n<td class=\"tg-c3ow\">R$ 741,00<\/td>\n<td class=\"tg-c3ow\">R$ 1.482,00<\/td>\n<td class=\"tg-c3ow\">R$ 6.545,50<\/td>\n<td class=\"tg-c3ow\">R$ 15.684,50<\/td>\n<td class=\"tg-c3ow\">R$ 18.525,00<\/td>\n<\/tr>\n<tr>\n<td class=\"tg-46zf\"><span style=\"font-weight: bold;\">Ponte de Safena\u00b2<br \/><\/span>Cirurgi\u00e3o, Auxiliares e Anestesia<\/td>\n<td class=\"tg-c3ow\">R$ 1.095,00<\/td>\n<td class=\"tg-c3ow\">R$ 2.190,00<\/td>\n<td class=\"tg-c3ow\">R$ 1.095,00<\/td>\n<td class=\"tg-c3ow\">R$ 2.190,00<\/td>\n<td class=\"tg-c3ow\">R$ 9.672,50<\/td>\n<td class=\"tg-c3ow\">R$ 23.177,50<\/td>\n<td class=\"tg-c3ow\">R$ 27.375,00<\/td>\n<\/tr>\n<\/tbody>\n<\/table>\n<p>(1) Exemplos de reembolso referentes aos diferentes padr\u00f5es dos produtos Sa\u00fade Empresarial. Est\u00e3o sujeitos a altera\u00e7\u00f5es de acordo com o contrato da Empresa.<\/p>\n<p>(2) Os valores de reembolso incluem honor\u00e1rios m\u00e9dicos de todos os profissionais previstos para o procedimento, conforme a Tabela SulAm\u00e9rica Sa\u00fade.<\/p>\n<p><style>.tg .tg-c3ow {vertical-align: middle !important;min-height: 55px !important;\n}\ntd:before {width: 65% !important;padding-right: 0px !important;\n}<\/p>\n<\/style>\n<p>(1) Exemplos de reembolso referentes aos diferentes padr\u00f5es dos produtos Sa\u00fade Empresarial. Est\u00e3o sujeitos a altera\u00e7\u00f5es de acordo com o contrato da Empresa.<\/p>\n<p>(2) Os valores de reembolso incluem honor\u00e1rios m\u00e9dicos de todos os profissionais previstos para o procedimento, conforme a Tabela SulAm\u00e9rica Sa\u00fade.<\/p>\n<p><style>.tg{border-collapse:collapse;border-spacing:0;}\n.tg td{border-color:black;border-style:solid;border-width:1px;font-size:14px;overflow:hidden;padding:10px 5px;word-break:normal;}\n.tg th{border-color:black;border-style:solid;border-width:1px;font-size:14px;font-weight:normal;overflow:hidden;padding:10px 5px;word-break:normal;}\n.tg .tg-lr4a{background-color:#1b365d;border-color:inherit;color:#ffffff;text-align:center;vertical-align:top}\n.tg .tg-c3ow{border-color:inherit;text-align:center;vertical-align:top}\n.tg .tg-0pky{border-color:inherit;text-align:left;vertical-align:top}\n.tg .tg-69dx{background-color:#1b365d;border-color:inherit;color:#ffffff;font-weight:bold;text-align:center;vertical-align:top}\n.tg .tg-46zf{border-color:inherit;color:#1b365d;text-align:left;vertical-align:top}<\/p>\n<\/style>\n\t\t<\/div>\n\t\t\t<\/div>\n\n\t\n<\/div>\n<div class=\"row align-middle\"  id=\"row-2139399911\">\n\n\t<div id=\"col-1823546675\" class=\"col medium-7 small-12 large-7\"  >\n\t\t<div class=\"col-inner\"  >\n\t\t\t\n\t\t\t\n\t<div class=\"img has-hover x md-x lg-x y md-y lg-y\" id=\"image_1594459529\">\n\t\t\t\t\t\t\t\t<div class=\"img-inner dark\" >\n\t\t\t<img loading=\"lazy\" decoding=\"async\" width=\"861\" height=\"1024\" src=\"https:\/\/todosplanosdesaude.com.br\/sulamerica-saude\/wp-content\/uploads\/2021\/04\/beneficios-861x1024-1.png\" class=\"attachment-large size-large\" alt=\"\" srcset=\"https:\/\/todosplanosdesaude.com.br\/sulamerica-saude\/wp-content\/uploads\/2021\/04\/beneficios-861x1024-1.png 861w, https:\/\/todosplanosdesaude.com.br\/sulamerica-saude\/wp-content\/uploads\/2021\/04\/beneficios-861x1024-1-252x300.png 252w, https:\/\/todosplanosdesaude.com.br\/sulamerica-saude\/wp-content\/uploads\/2021\/04\/beneficios-861x1024-1-768x913.png 768w\" sizes=\"auto, (max-width: 861px) 100vw, 861px\" \/>\t\t\t\t\t\t\n\t\t\t\t\t<\/div>\n\t\t\t\t\t\t\t\t\n<style>\n#image_1594459529 {\n  width: 100%;\n}\n<\/style>\n\t<\/div>\n\t\n\t\t<\/div>\n\t\t\t<\/div>\n\n\t\n<\/div>\n\t\t<\/div>\n\n\t\t\n<style>\n#section_828015248 {\n  padding-top: 30px;\n  padding-bottom: 30px;\n}\n<\/style>\n\t<\/section>\n\t\n","protected":false},"excerpt":{"rendered":"","protected":false},"author":1,"featured_media":0,"parent":0,"menu_order":0,"comment_status":"closed","ping_status":"closed","template":"page-blank.php","meta":{"footnotes":""},"class_list":["post-185","page","type-page","status-publish","hentry"],"yoast_head":"<!-- This site is optimized with the Yoast SEO plugin v25.3.1 - https:\/\/yoast.com\/wordpress\/plugins\/seo\/ -->\n<title>Benef\u00edcios - Plano de Sa\u00fade SulAm\u00e9rica<\/title>\n<meta name=\"description\" content=\"Saiba tudo sobre o Plano de sa\u00fade SulAm\u00e9rica. Rede Credenciada, Tabela de Valores e Diferenciais. Ligue (11) 5063-0043\" \/>\n<meta name=\"robots\" content=\"index, follow, max-snippet:-1, max-image-preview:large, max-video-preview:-1\" \/>\n<link rel=\"canonical\" href=\"https:\/\/todosplanosdesaude.com.br\/sulamerica-saude\/beneficios\/\" \/>\n<meta property=\"og:locale\" content=\"en_US\" \/>\n<meta property=\"og:type\" content=\"article\" \/>\n<meta property=\"og:title\" content=\"Benef\u00edcios - Plano de Sa\u00fade SulAm\u00e9rica\" \/>\n<meta property=\"og:description\" content=\"Saiba tudo sobre o Plano de sa\u00fade SulAm\u00e9rica. Rede Credenciada, Tabela de Valores e Diferenciais. Ligue (11) 5063-0043\" \/>\n<meta property=\"og:url\" content=\"https:\/\/todosplanosdesaude.com.br\/sulamerica-saude\/beneficios\/\" \/>\n<meta property=\"og:site_name\" content=\"Plano de Sa\u00fade SulAm\u00e9rica\" \/>\n<meta property=\"article:modified_time\" content=\"2024-05-01T20:37:10+00:00\" \/>\n<meta name=\"twitter:card\" content=\"summary_large_image\" \/>\n<meta name=\"twitter:label1\" content=\"Est. reading time\" \/>\n\t<meta name=\"twitter:data1\" content=\"4 minutes\" \/>\n<script type=\"application\/ld+json\" class=\"yoast-schema-graph\">{\"@context\":\"https:\/\/schema.org\",\"@graph\":[{\"@type\":\"WebPage\",\"@id\":\"https:\/\/todosplanosdesaude.com.br\/sulamerica-saude\/beneficios\/\",\"url\":\"https:\/\/todosplanosdesaude.com.br\/sulamerica-saude\/beneficios\/\",\"name\":\"Benef\u00edcios - Plano de Sa\u00fade SulAm\u00e9rica\",\"isPartOf\":{\"@id\":\"https:\/\/todosplanosdesaude.com.br\/sulamerica-saude\/#website\"},\"datePublished\":\"2021-02-17T22:46:04+00:00\",\"dateModified\":\"2024-05-01T20:37:10+00:00\",\"description\":\"Saiba tudo sobre o Plano de sa\u00fade SulAm\u00e9rica. Rede Credenciada, Tabela de Valores e Diferenciais. Ligue (11) 5063-0043\",\"breadcrumb\":{\"@id\":\"https:\/\/todosplanosdesaude.com.br\/sulamerica-saude\/beneficios\/#breadcrumb\"},\"inLanguage\":\"en-US\",\"potentialAction\":[{\"@type\":\"ReadAction\",\"target\":[\"https:\/\/todosplanosdesaude.com.br\/sulamerica-saude\/beneficios\/\"]}]},{\"@type\":\"BreadcrumbList\",\"@id\":\"https:\/\/todosplanosdesaude.com.br\/sulamerica-saude\/beneficios\/#breadcrumb\",\"itemListElement\":[{\"@type\":\"ListItem\",\"position\":1,\"name\":\"Home\",\"item\":\"https:\/\/todosplanosdesaude.com.br\/sulamerica-saude\/\"},{\"@type\":\"ListItem\",\"position\":2,\"name\":\"Benef\u00edcios\"}]},{\"@type\":\"WebSite\",\"@id\":\"https:\/\/todosplanosdesaude.com.br\/sulamerica-saude\/#website\",\"url\":\"https:\/\/todosplanosdesaude.com.br\/sulamerica-saude\/\",\"name\":\"Plano de Sa\u00fade SulAm\u00e9rica\",\"description\":\"\",\"potentialAction\":[{\"@type\":\"SearchAction\",\"target\":{\"@type\":\"EntryPoint\",\"urlTemplate\":\"https:\/\/todosplanosdesaude.com.br\/sulamerica-saude\/?s={search_term_string}\"},\"query-input\":{\"@type\":\"PropertyValueSpecification\",\"valueRequired\":true,\"valueName\":\"search_term_string\"}}],\"inLanguage\":\"en-US\"}]}<\/script>\n<!-- \/ Yoast SEO plugin. -->","yoast_head_json":{"title":"Benef\u00edcios - Plano de Sa\u00fade SulAm\u00e9rica","description":"Saiba tudo sobre o Plano de sa\u00fade SulAm\u00e9rica. Rede Credenciada, Tabela de Valores e Diferenciais. Ligue (11) 5063-0043","robots":{"index":"index","follow":"follow","max-snippet":"max-snippet:-1","max-image-preview":"max-image-preview:large","max-video-preview":"max-video-preview:-1"},"canonical":"https:\/\/todosplanosdesaude.com.br\/sulamerica-saude\/beneficios\/","og_locale":"en_US","og_type":"article","og_title":"Benef\u00edcios - Plano de Sa\u00fade SulAm\u00e9rica","og_description":"Saiba tudo sobre o Plano de sa\u00fade SulAm\u00e9rica. Rede Credenciada, Tabela de Valores e Diferenciais. Ligue (11) 5063-0043","og_url":"https:\/\/todosplanosdesaude.com.br\/sulamerica-saude\/beneficios\/","og_site_name":"Plano de Sa\u00fade SulAm\u00e9rica","article_modified_time":"2024-05-01T20:37:10+00:00","twitter_card":"summary_large_image","twitter_misc":{"Est. reading time":"4 minutes"},"schema":{"@context":"https:\/\/schema.org","@graph":[{"@type":"WebPage","@id":"https:\/\/todosplanosdesaude.com.br\/sulamerica-saude\/beneficios\/","url":"https:\/\/todosplanosdesaude.com.br\/sulamerica-saude\/beneficios\/","name":"Benef\u00edcios - Plano de Sa\u00fade SulAm\u00e9rica","isPartOf":{"@id":"https:\/\/todosplanosdesaude.com.br\/sulamerica-saude\/#website"},"datePublished":"2021-02-17T22:46:04+00:00","dateModified":"2024-05-01T20:37:10+00:00","description":"Saiba tudo sobre o Plano de sa\u00fade SulAm\u00e9rica. Rede Credenciada, Tabela de Valores e Diferenciais. Ligue (11) 5063-0043","breadcrumb":{"@id":"https:\/\/todosplanosdesaude.com.br\/sulamerica-saude\/beneficios\/#breadcrumb"},"inLanguage":"en-US","potentialAction":[{"@type":"ReadAction","target":["https:\/\/todosplanosdesaude.com.br\/sulamerica-saude\/beneficios\/"]}]},{"@type":"BreadcrumbList","@id":"https:\/\/todosplanosdesaude.com.br\/sulamerica-saude\/beneficios\/#breadcrumb","itemListElement":[{"@type":"ListItem","position":1,"name":"Home","item":"https:\/\/todosplanosdesaude.com.br\/sulamerica-saude\/"},{"@type":"ListItem","position":2,"name":"Benef\u00edcios"}]},{"@type":"WebSite","@id":"https:\/\/todosplanosdesaude.com.br\/sulamerica-saude\/#website","url":"https:\/\/todosplanosdesaude.com.br\/sulamerica-saude\/","name":"Plano de Sa\u00fade SulAm\u00e9rica","description":"","potentialAction":[{"@type":"SearchAction","target":{"@type":"EntryPoint","urlTemplate":"https:\/\/todosplanosdesaude.com.br\/sulamerica-saude\/?s={search_term_string}"},"query-input":{"@type":"PropertyValueSpecification","valueRequired":true,"valueName":"search_term_string"}}],"inLanguage":"en-US"}]}},"_links":{"self":[{"href":"https:\/\/todosplanosdesaude.com.br\/sulamerica-saude\/wp-json\/wp\/v2\/pages\/185","targetHints":{"allow":["GET"]}}],"collection":[{"href":"https:\/\/todosplanosdesaude.com.br\/sulamerica-saude\/wp-json\/wp\/v2\/pages"}],"about":[{"href":"https:\/\/todosplanosdesaude.com.br\/sulamerica-saude\/wp-json\/wp\/v2\/types\/page"}],"author":[{"embeddable":true,"href":"https:\/\/todosplanosdesaude.com.br\/sulamerica-saude\/wp-json\/wp\/v2\/users\/1"}],"replies":[{"embeddable":true,"href":"https:\/\/todosplanosdesaude.com.br\/sulamerica-saude\/wp-json\/wp\/v2\/comments?post=185"}],"version-history":[{"count":20,"href":"https:\/\/todosplanosdesaude.com.br\/sulamerica-saude\/wp-json\/wp\/v2\/pages\/185\/revisions"}],"predecessor-version":[{"id":1432,"href":"https:\/\/todosplanosdesaude.com.br\/sulamerica-saude\/wp-json\/wp\/v2\/pages\/185\/revisions\/1432"}],"wp:attachment":[{"href":"https:\/\/todosplanosdesaude.com.br\/sulamerica-saude\/wp-json\/wp\/v2\/media?parent=185"}],"curies":[{"name":"wp","href":"https:\/\/api.w.org\/{rel}","templated":true}]}}