{"id":205,"date":"2021-02-17T22:54:10","date_gmt":"2021-02-17T22:54:10","guid":{"rendered":"https:\/\/todosplanosdesaude.com.br\/sulamerica-saude\/?page_id=205"},"modified":"2024-05-01T21:47:28","modified_gmt":"2024-05-01T21:47:28","slug":"plano-de-saude-pme","status":"publish","type":"page","link":"https:\/\/todosplanosdesaude.com.br\/sulamerica-saude\/plano-de-saude-pme\/","title":{"rendered":"Plano de Sa\u00fade PME"},"content":{"rendered":"  <div id=\"page-header-740863175\" class=\"page-header-wrapper\">\n  <div class=\"page-title hide-for-small dark featured-title\">\n\n    \n    <div class=\"page-title-inner container align-bottom text-center flex-row-col medium-flex-wrap\" >\n              <div class=\"title-wrapper uppercase flex-col\">\n          <h1 class=\"entry-title mb-0\">\n            PLANO DE SA\u00daDE PME          <\/h1>\n        <\/div>\n                    <div class=\"title-content flex-col\">\n        <div class=\"title-breadcrumbs pb-half pt-half\"><\/div>      <\/div>\n    <\/div>\n\n     \n<style>\n#page-header-740863175 .page-title-inner {\n  min-height: 0px;\n}\n#page-header-740863175 {\n  margin-bottom: 0px;\n}\n<\/style>\n  <\/div>\n    <\/div>\n  \n\t<section class=\"section\" id=\"section_122744198\">\n\t\t<div class=\"bg section-bg fill bg-fill  bg-loaded\" >\n\n\t\t\t\n\t\t\t\n\t\t\t\n\n\t\t<\/div>\n\n\t\t<div class=\"section-content relative\">\n\t\t\t\n<div class=\"row align-middle\"  id=\"row-1276375772\">\n\n\t<div id=\"col-166111773\" class=\"col medium-6 small-12 large-6\"  >\n\t\t<div class=\"col-inner\"  >\n\t\t\t\n\t\t\t\n<div class=\"container section-title-container\" ><h3 class=\"section-title section-title-normal\"><b><\/b><span class=\"section-title-main\" >sulam\u00e9rica sa\u00fade pme<\/span><b><\/b><\/h3><\/div>\n<p>O SulAm\u00e9rica Sa\u00fade PME (Pequenas e M\u00e9dias Empresas) oferece todos os planos com abrang\u00eancia nacional, destinados a quem possui um simples CNPJ.<\/p>\n<p>S\u00e3o diversos planos dispon\u00edveis para empresas com 03 a 29 pessoas, incluindo todos os membros da empresa e seus dependentes.<\/p>\n<p>Assim como \u00e9 poss\u00edvel contratar para os funcion\u00e1rios da empresa, tamb\u00e9m \u00e9 vi\u00e1vel adquirir planos para os familiares, como c\u00f4njuge e filhos, que s\u00e3o considerados dependentes diretos.<\/p>\n<p>Uma grande vantagem de possuir um plano de sa\u00fade PME \u00e9 o pre\u00e7o, que geralmente \u00e9 at\u00e9 40% mais barato do que os planos por ades\u00e3o e individuais.<\/p>\n<p>Explore os diferentes tipos de planos oferecidos pela SulAm\u00e9rica Sa\u00fade para atender \u00e0s necessidades espec\u00edficas da sua empresa. Esses planos se diferenciam nas op\u00e7\u00f5es de reembolso, na rede credenciada, no padr\u00e3o de acomoda\u00e7\u00e3o hospitalar e nos benef\u00edcios oferecidos.<\/p>\n\t\t<\/div>\n\t\t\t<\/div>\n\n\t\n\n\t<div id=\"col-227043702\" class=\"col medium-6 small-12 large-6\"  >\n\t\t<div class=\"col-inner\"  >\n\t\t\t\n\t\t\t\n\t<div class=\"img has-hover x md-x lg-x y md-y lg-y\" id=\"image_1799709139\">\n\t\t\t\t\t\t\t\t<div class=\"img-inner dark\" >\n\t\t\t<img loading=\"lazy\" decoding=\"async\" width=\"900\" height=\"989\" src=\"https:\/\/todosplanosdesaude.com.br\/sulamerica-saude\/wp-content\/uploads\/2021\/06\/1.1-5.jpg\" class=\"attachment-large size-large\" alt=\"\" srcset=\"https:\/\/todosplanosdesaude.com.br\/sulamerica-saude\/wp-content\/uploads\/2021\/06\/1.1-5.jpg 900w, https:\/\/todosplanosdesaude.com.br\/sulamerica-saude\/wp-content\/uploads\/2021\/06\/1.1-5-273x300.jpg 273w, https:\/\/todosplanosdesaude.com.br\/sulamerica-saude\/wp-content\/uploads\/2021\/06\/1.1-5-768x844.jpg 768w\" sizes=\"auto, (max-width: 900px) 100vw, 900px\" \/>\t\t\t\t\t\t\n\t\t\t\t\t<\/div>\n\t\t\t\t\t\t\t\t\n<style>\n#image_1799709139 {\n  width: 100%;\n}\n<\/style>\n\t<\/div>\n\t\n\t\t<\/div>\n\t\t\t<\/div>\n\n\t\n<\/div>\n<div class=\"row\"  id=\"row-82159436\">\n\n\t<div id=\"col-1265179559\" class=\"col medium-6 small-12 large-6\"  >\n\t\t<div class=\"col-inner\"  >\n\t\t\t\n\t\t\t\n<div class=\"container section-title-container\" ><h3 class=\"section-title section-title-normal\"><b><\/b><span class=\"section-title-main\" >conhe\u00e7a os planos<\/span><b><\/b><\/h3><\/div>\n\t<div class=\"img has-hover x md-x lg-x y md-y lg-y\" id=\"image_357929221\">\n\t\t\t\t\t\t\t\t<div class=\"img-inner dark\" >\n\t\t\t<img loading=\"lazy\" decoding=\"async\" width=\"1020\" height=\"789\" src=\"https:\/\/todosplanosdesaude.com.br\/sulamerica-saude\/wp-content\/uploads\/2021\/04\/tabela-planos-1-1024x792-1.png\" class=\"attachment-large size-large\" alt=\"\" srcset=\"https:\/\/todosplanosdesaude.com.br\/sulamerica-saude\/wp-content\/uploads\/2021\/04\/tabela-planos-1-1024x792-1.png 1024w, https:\/\/todosplanosdesaude.com.br\/sulamerica-saude\/wp-content\/uploads\/2021\/04\/tabela-planos-1-1024x792-1-300x232.png 300w, https:\/\/todosplanosdesaude.com.br\/sulamerica-saude\/wp-content\/uploads\/2021\/04\/tabela-planos-1-1024x792-1-768x594.png 768w\" sizes=\"auto, (max-width: 1020px) 100vw, 1020px\" \/>\t\t\t\t\t\t\n\t\t\t\t\t<\/div>\n\t\t\t\t\t\t\t\t\n<style>\n#image_357929221 {\n  width: 100%;\n}\n<\/style>\n\t<\/div>\n\t\n\t\t<\/div>\n\t\t\t<\/div>\n\n\t\n\n\t<div id=\"col-1753436779\" class=\"col medium-6 small-12 large-6\"  >\n\t\t<div class=\"col-inner\"  >\n\t\t\t\n\t\t\t\n<div class=\"container section-title-container\" ><h3 class=\"section-title section-title-normal\"><b><\/b><span class=\"section-title-main\" >Modalidades de contrata\u00e7\u00e3o<\/span><b><\/b><\/h3><\/div>\n<p class=\"mb-20\"><strong>Hospitalar com Obstetr\u00edcia<\/strong><br \/>\u25aa Atendimento em Pronto Socorro (para urg\u00eancia e emerg\u00eancia);<br \/>\u25aa Cirurgias;<br \/>\u25aa Interna\u00e7\u00f5es hospitalares;<br \/>\u25aa Partos (inclui cobertura assistencial ao rec\u00e9m-nascido durante os primeiros 30 dias ap\u00f3s o parto).<\/p>\n<p class=\"mb-20\"><strong>Ambulatorial e Hospitalar com Obstetr\u00edcia<\/strong><br \/>\u25aa Consultas;<br \/>\u25aa Exames;<br \/>\u25aa Atendimento em Pronto Socorro;<br \/>\u25aa Cirurgias;<br \/>\u25aa Interna\u00e7\u00f5es hospitalares;<br \/>\u25aa Partos (inclui cobertura assistencial ao rec\u00e9m-nascido durante os primeiros 30 dias ap\u00f3s o parto)<\/p>\n<p><i class=\"icon-checkmark\"><\/i>\u00a0Consultas e exames exclusivamente para gestantes, em acompanhamento pr\u00e9-natal;<br \/><i class=\"icon-checkmark\"><\/i>\u00a0Procedimentos especiais necess\u00e1rios para continuidade da assist\u00eancia prestada em n\u00edvel de interna\u00e7\u00e3o hospitalar, como: Hemodi\u00e1lises, quimioterapias, radioterapias, fisioterapias entre outros.<\/p>\n\t\t<\/div>\n\t\t\t<\/div>\n\n\t\n<\/div>\n<div class=\"row\"  id=\"row-1028962623\">\n\n\t<div id=\"col-380220170\" class=\"col medium-6 small-12 large-6\"  >\n\t\t<div class=\"col-inner\"  >\n\t\t\t\n\t\t\t\n<div class=\"container section-title-container\" ><h3 class=\"section-title section-title-normal\"><b><\/b><span class=\"section-title-main\" >cobertura<\/span><b><\/b><\/h3><\/div>\n<p>Al\u00e9m dos procedimentos cobertos por lei, a SulAm\u00e9rica Sa\u00fade PME oferece aos seus colaboradores coberturas adicionais para garantir ainda mais tranquilidade.<\/p>\n<p>\u2022 Escleroterapia (12 sess\u00f5es ao ano): tratamento de vasinhos e microvarizes (varicoses)<br \/>\u2022 Fonoaudiologia (30 sess\u00f5es ao ano): avalia\u00e7\u00e3o e terapias fonoaudiol\u00f3gicas.<br \/>\u2022 Psicomotricidade (30 sess\u00f5es ao ano): tratamento indicado para pessoas com dificuldade ou atraso no desenvolvimento sensorial, motor, mental e ps\u00edquico.<br \/>\u2022 Transplantes (al\u00e9m dos cobertos por lei \u2013 rim, c\u00f3rnea e medula \u00f3ssea): cora\u00e7\u00e3o, p\u00e2ncreas, p\u00e2ncreas-rim, pulm\u00e3o e f\u00edgado, incluindo despesas assistenciais com doador vivo.<\/p>\n\t\t<\/div>\n\t\t\t<\/div>\n\n\t\n\n\t<div id=\"col-471331100\" class=\"col hide-for-small medium-6 small-12 large-6\"  >\n\t\t<div class=\"col-inner\"  >\n\t\t\t\n\t\t\t\n\t<div class=\"img has-hover x md-x lg-x y md-y lg-y\" id=\"image_236625584\">\n\t\t\t\t\t\t\t\t<div class=\"img-inner dark\" >\n\t\t\t<img loading=\"lazy\" decoding=\"async\" width=\"1020\" height=\"680\" src=\"https:\/\/todosplanosdesaude.com.br\/sulamerica-saude\/wp-content\/uploads\/2021\/06\/2.1-5-1024x683.jpg\" class=\"attachment-large size-large\" alt=\"\" srcset=\"https:\/\/todosplanosdesaude.com.br\/sulamerica-saude\/wp-content\/uploads\/2021\/06\/2.1-5-1024x683.jpg 1024w, https:\/\/todosplanosdesaude.com.br\/sulamerica-saude\/wp-content\/uploads\/2021\/06\/2.1-5-300x200.jpg 300w, https:\/\/todosplanosdesaude.com.br\/sulamerica-saude\/wp-content\/uploads\/2021\/06\/2.1-5-768x512.jpg 768w, https:\/\/todosplanosdesaude.com.br\/sulamerica-saude\/wp-content\/uploads\/2021\/06\/2.1-5-1536x1024.jpg 1536w, https:\/\/todosplanosdesaude.com.br\/sulamerica-saude\/wp-content\/uploads\/2021\/06\/2.1-5-2048x1365.jpg 2048w\" sizes=\"auto, (max-width: 1020px) 100vw, 1020px\" \/>\t\t\t\t\t\t\n\t\t\t\t\t<\/div>\n\t\t\t\t\t\t\t\t\n<style>\n#image_236625584 {\n  width: 100%;\n}\n<\/style>\n\t<\/div>\n\t\n\t\t<\/div>\n\t\t\t<\/div>\n\n\t\n<\/div>\n<div class=\"row align-middle\"  id=\"row-731523694\">\n\n\t<div id=\"col-1246529889\" class=\"col medium-6 small-12 large-6\"  >\n\t\t<div class=\"col-inner\"  >\n\t\t\t\n\t\t\t\n\t<div class=\"img has-hover x md-x lg-x y md-y lg-y\" id=\"image_27560222\">\n\t\t\t\t\t\t\t\t<div class=\"img-inner dark\" >\n\t\t\t<img loading=\"lazy\" decoding=\"async\" width=\"555\" height=\"395\" src=\"https:\/\/todosplanosdesaude.com.br\/sulamerica-saude\/wp-content\/uploads\/2021\/04\/3.1-2.jpg\" class=\"attachment-large size-large\" alt=\"\" srcset=\"https:\/\/todosplanosdesaude.com.br\/sulamerica-saude\/wp-content\/uploads\/2021\/04\/3.1-2.jpg 555w, https:\/\/todosplanosdesaude.com.br\/sulamerica-saude\/wp-content\/uploads\/2021\/04\/3.1-2-300x214.jpg 300w\" sizes=\"auto, (max-width: 555px) 100vw, 555px\" \/>\t\t\t\t\t\t\n\t\t\t\t\t<\/div>\n\t\t\t\t\t\t\t\t\n<style>\n#image_27560222 {\n  width: 100%;\n}\n<\/style>\n\t<\/div>\n\t\n\t\t<\/div>\n\t\t\t<\/div>\n\n\t\n\n\t<div id=\"col-289812450\" class=\"col medium-6 small-12 large-6\"  >\n\t\t<div class=\"col-inner\"  >\n\t\t\t\n\t\t\t\n<div class=\"container section-title-container\" ><h3 class=\"section-title section-title-normal\"><b><\/b><span class=\"section-title-main\" >portal sulam\u00e9rica online<\/span><b><\/b><\/h3><\/div>\n<p><i class=\"fa fa-check\"><\/i> Para acessar a rede referenciada por geolocaliza\u00e7\u00e3o, pesquisar cobertura, verificar o status do reembolso e autoriza\u00e7\u00f5es de procedimentos, assim como para os gestores de RH obterem relat\u00f3rios gerenciais e dados de faturamento, como segunda via de fatura e rela\u00e7\u00e3o de segurados ativos, a SulAm\u00e9rica Sa\u00fade oferece uma plataforma online completa.<\/p>\n<p>Al\u00e9m disso, \u00e9 poss\u00edvel gerar um livreto da rede personalizado em formato de arquivo eletr\u00f4nico.<\/p>\n\t\t<\/div>\n\t\t\t<\/div>\n\n\t\n<\/div>\n\t\t<\/div>\n\n\t\t\n<style>\n#section_122744198 {\n  padding-top: 30px;\n  padding-bottom: 30px;\n}\n<\/style>\n\t<\/section>\n\t\n","protected":false},"excerpt":{"rendered":"","protected":false},"author":1,"featured_media":0,"parent":0,"menu_order":0,"comment_status":"closed","ping_status":"closed","template":"page-blank.php","meta":{"footnotes":""},"class_list":["post-205","page","type-page","status-publish","hentry"],"yoast_head":"<!-- This site is optimized with the Yoast SEO plugin v25.3.1 - https:\/\/yoast.com\/wordpress\/plugins\/seo\/ -->\n<title>Plano de Sa\u00fade PME - Plano de Sa\u00fade SulAm\u00e9rica<\/title>\n<meta name=\"description\" content=\"Saiba tudo sobre o Plano de sa\u00fade SulAm\u00e9rica. Rede Credenciada, Tabela de Valores e Diferenciais. Ligue (11) 5063-0043\" \/>\n<meta name=\"robots\" content=\"index, follow, max-snippet:-1, max-image-preview:large, max-video-preview:-1\" \/>\n<link rel=\"canonical\" href=\"https:\/\/todosplanosdesaude.com.br\/sulamerica-saude\/plano-de-saude-pme\/\" \/>\n<meta property=\"og:locale\" content=\"en_US\" \/>\n<meta property=\"og:type\" content=\"article\" \/>\n<meta property=\"og:title\" content=\"Plano de Sa\u00fade PME - Plano de Sa\u00fade SulAm\u00e9rica\" \/>\n<meta property=\"og:description\" content=\"Saiba tudo sobre o Plano de sa\u00fade SulAm\u00e9rica. Rede Credenciada, Tabela de Valores e Diferenciais. Ligue (11) 5063-0043\" \/>\n<meta property=\"og:url\" content=\"https:\/\/todosplanosdesaude.com.br\/sulamerica-saude\/plano-de-saude-pme\/\" \/>\n<meta property=\"og:site_name\" content=\"Plano de Sa\u00fade SulAm\u00e9rica\" \/>\n<meta property=\"article:modified_time\" content=\"2024-05-01T21:47:28+00:00\" \/>\n<meta name=\"twitter:card\" content=\"summary_large_image\" \/>\n<meta name=\"twitter:label1\" content=\"Est. reading time\" \/>\n\t<meta name=\"twitter:data1\" content=\"3 minutes\" \/>\n<script type=\"application\/ld+json\" class=\"yoast-schema-graph\">{\"@context\":\"https:\/\/schema.org\",\"@graph\":[{\"@type\":\"WebPage\",\"@id\":\"https:\/\/todosplanosdesaude.com.br\/sulamerica-saude\/plano-de-saude-pme\/\",\"url\":\"https:\/\/todosplanosdesaude.com.br\/sulamerica-saude\/plano-de-saude-pme\/\",\"name\":\"Plano de Sa\u00fade PME - Plano de Sa\u00fade SulAm\u00e9rica\",\"isPartOf\":{\"@id\":\"https:\/\/todosplanosdesaude.com.br\/sulamerica-saude\/#website\"},\"datePublished\":\"2021-02-17T22:54:10+00:00\",\"dateModified\":\"2024-05-01T21:47:28+00:00\",\"description\":\"Saiba tudo sobre o Plano de sa\u00fade SulAm\u00e9rica. Rede Credenciada, Tabela de Valores e Diferenciais. Ligue (11) 5063-0043\",\"breadcrumb\":{\"@id\":\"https:\/\/todosplanosdesaude.com.br\/sulamerica-saude\/plano-de-saude-pme\/#breadcrumb\"},\"inLanguage\":\"en-US\",\"potentialAction\":[{\"@type\":\"ReadAction\",\"target\":[\"https:\/\/todosplanosdesaude.com.br\/sulamerica-saude\/plano-de-saude-pme\/\"]}]},{\"@type\":\"BreadcrumbList\",\"@id\":\"https:\/\/todosplanosdesaude.com.br\/sulamerica-saude\/plano-de-saude-pme\/#breadcrumb\",\"itemListElement\":[{\"@type\":\"ListItem\",\"position\":1,\"name\":\"Home\",\"item\":\"https:\/\/todosplanosdesaude.com.br\/sulamerica-saude\/\"},{\"@type\":\"ListItem\",\"position\":2,\"name\":\"Plano de Sa\u00fade PME\"}]},{\"@type\":\"WebSite\",\"@id\":\"https:\/\/todosplanosdesaude.com.br\/sulamerica-saude\/#website\",\"url\":\"https:\/\/todosplanosdesaude.com.br\/sulamerica-saude\/\",\"name\":\"Plano de Sa\u00fade SulAm\u00e9rica\",\"description\":\"\",\"potentialAction\":[{\"@type\":\"SearchAction\",\"target\":{\"@type\":\"EntryPoint\",\"urlTemplate\":\"https:\/\/todosplanosdesaude.com.br\/sulamerica-saude\/?s={search_term_string}\"},\"query-input\":{\"@type\":\"PropertyValueSpecification\",\"valueRequired\":true,\"valueName\":\"search_term_string\"}}],\"inLanguage\":\"en-US\"}]}<\/script>\n<!-- \/ Yoast SEO plugin. -->","yoast_head_json":{"title":"Plano de Sa\u00fade PME - Plano de Sa\u00fade SulAm\u00e9rica","description":"Saiba tudo sobre o Plano de sa\u00fade SulAm\u00e9rica. Rede Credenciada, Tabela de Valores e Diferenciais. Ligue (11) 5063-0043","robots":{"index":"index","follow":"follow","max-snippet":"max-snippet:-1","max-image-preview":"max-image-preview:large","max-video-preview":"max-video-preview:-1"},"canonical":"https:\/\/todosplanosdesaude.com.br\/sulamerica-saude\/plano-de-saude-pme\/","og_locale":"en_US","og_type":"article","og_title":"Plano de Sa\u00fade PME - Plano de Sa\u00fade SulAm\u00e9rica","og_description":"Saiba tudo sobre o Plano de sa\u00fade SulAm\u00e9rica. Rede Credenciada, Tabela de Valores e Diferenciais. Ligue (11) 5063-0043","og_url":"https:\/\/todosplanosdesaude.com.br\/sulamerica-saude\/plano-de-saude-pme\/","og_site_name":"Plano de Sa\u00fade SulAm\u00e9rica","article_modified_time":"2024-05-01T21:47:28+00:00","twitter_card":"summary_large_image","twitter_misc":{"Est. reading time":"3 minutes"},"schema":{"@context":"https:\/\/schema.org","@graph":[{"@type":"WebPage","@id":"https:\/\/todosplanosdesaude.com.br\/sulamerica-saude\/plano-de-saude-pme\/","url":"https:\/\/todosplanosdesaude.com.br\/sulamerica-saude\/plano-de-saude-pme\/","name":"Plano de Sa\u00fade PME - Plano de Sa\u00fade SulAm\u00e9rica","isPartOf":{"@id":"https:\/\/todosplanosdesaude.com.br\/sulamerica-saude\/#website"},"datePublished":"2021-02-17T22:54:10+00:00","dateModified":"2024-05-01T21:47:28+00:00","description":"Saiba tudo sobre o Plano de sa\u00fade SulAm\u00e9rica. Rede Credenciada, Tabela de Valores e Diferenciais. Ligue (11) 5063-0043","breadcrumb":{"@id":"https:\/\/todosplanosdesaude.com.br\/sulamerica-saude\/plano-de-saude-pme\/#breadcrumb"},"inLanguage":"en-US","potentialAction":[{"@type":"ReadAction","target":["https:\/\/todosplanosdesaude.com.br\/sulamerica-saude\/plano-de-saude-pme\/"]}]},{"@type":"BreadcrumbList","@id":"https:\/\/todosplanosdesaude.com.br\/sulamerica-saude\/plano-de-saude-pme\/#breadcrumb","itemListElement":[{"@type":"ListItem","position":1,"name":"Home","item":"https:\/\/todosplanosdesaude.com.br\/sulamerica-saude\/"},{"@type":"ListItem","position":2,"name":"Plano de Sa\u00fade PME"}]},{"@type":"WebSite","@id":"https:\/\/todosplanosdesaude.com.br\/sulamerica-saude\/#website","url":"https:\/\/todosplanosdesaude.com.br\/sulamerica-saude\/","name":"Plano de Sa\u00fade SulAm\u00e9rica","description":"","potentialAction":[{"@type":"SearchAction","target":{"@type":"EntryPoint","urlTemplate":"https:\/\/todosplanosdesaude.com.br\/sulamerica-saude\/?s={search_term_string}"},"query-input":{"@type":"PropertyValueSpecification","valueRequired":true,"valueName":"search_term_string"}}],"inLanguage":"en-US"}]}},"_links":{"self":[{"href":"https:\/\/todosplanosdesaude.com.br\/sulamerica-saude\/wp-json\/wp\/v2\/pages\/205","targetHints":{"allow":["GET"]}}],"collection":[{"href":"https:\/\/todosplanosdesaude.com.br\/sulamerica-saude\/wp-json\/wp\/v2\/pages"}],"about":[{"href":"https:\/\/todosplanosdesaude.com.br\/sulamerica-saude\/wp-json\/wp\/v2\/types\/page"}],"author":[{"embeddable":true,"href":"https:\/\/todosplanosdesaude.com.br\/sulamerica-saude\/wp-json\/wp\/v2\/users\/1"}],"replies":[{"embeddable":true,"href":"https:\/\/todosplanosdesaude.com.br\/sulamerica-saude\/wp-json\/wp\/v2\/comments?post=205"}],"version-history":[{"count":31,"href":"https:\/\/todosplanosdesaude.com.br\/sulamerica-saude\/wp-json\/wp\/v2\/pages\/205\/revisions"}],"predecessor-version":[{"id":1441,"href":"https:\/\/todosplanosdesaude.com.br\/sulamerica-saude\/wp-json\/wp\/v2\/pages\/205\/revisions\/1441"}],"wp:attachment":[{"href":"https:\/\/todosplanosdesaude.com.br\/sulamerica-saude\/wp-json\/wp\/v2\/media?parent=205"}],"curies":[{"name":"wp","href":"https:\/\/api.w.org\/{rel}","templated":true}]}}