{"id":206,"date":"2021-02-17T22:54:14","date_gmt":"2021-02-17T22:54:14","guid":{"rendered":"https:\/\/todosplanosdesaude.com.br\/sulamerica-saude\/?page_id=206"},"modified":"2024-05-01T20:59:16","modified_gmt":"2024-05-01T20:59:16","slug":"plano-de-saude-empresarial","status":"publish","type":"page","link":"https:\/\/todosplanosdesaude.com.br\/sulamerica-saude\/plano-de-saude-empresarial\/","title":{"rendered":"Plano de Sa\u00fade Empresarial"},"content":{"rendered":"  <div id=\"page-header-290362146\" class=\"page-header-wrapper\">\n  <div class=\"page-title hide-for-small dark featured-title\">\n\n    \n    <div class=\"page-title-inner container align-bottom text-center flex-row-col medium-flex-wrap\" >\n              <div class=\"title-wrapper uppercase flex-col\">\n          <h1 class=\"entry-title mb-0\">\n            PLANO DE SA\u00daDE EMPRESARIAL          <\/h1>\n        <\/div>\n                    <div class=\"title-content flex-col\">\n        <div class=\"title-breadcrumbs pb-half pt-half\"><\/div>      <\/div>\n    <\/div>\n\n     \n<style>\n#page-header-290362146 .page-title-inner {\n  min-height: 0px;\n}\n#page-header-290362146 {\n  margin-bottom: 0px;\n}\n<\/style>\n  <\/div>\n    <\/div>\n  \n\t<section class=\"section\" id=\"section_942951460\">\n\t\t<div class=\"bg section-bg fill bg-fill  bg-loaded\" >\n\n\t\t\t\n\t\t\t\n\t\t\t\n\n\t\t<\/div>\n\n\t\t<div class=\"section-content relative\">\n\t\t\t\n<div class=\"row align-middle\"  id=\"row-1339439019\">\n\n\t<div id=\"col-1578787460\" class=\"col medium-6 small-12 large-6\"  >\n\t\t<div class=\"col-inner\"  >\n\t\t\t\n\t\t\t\n<div class=\"container section-title-container\" ><h3 class=\"section-title section-title-normal\"><b><\/b><span class=\"section-title-main\" >sulam\u00e9rica sa\u00fade empresarial<\/span><b><\/b><\/h3><\/div>\n<p>O SulAm\u00e9rica Sa\u00fade Empresarial, destinado a quem possui CNPJ, disponibiliza todos os planos com cobertura nacional, isen\u00e7\u00e3o de car\u00eancia e oferece o melhor custo-benef\u00edcio do mercado.<\/p>\n<p>Al\u00e9m disso, apresenta servi\u00e7os exclusivos para empresas com mais de 29 pessoas, entre titulares e dependentes.<\/p>\n<p>Explore os planos da SulAm\u00e9rica Sa\u00fade, especialmente elaborados para atender \u00e0s necessidades da sua empresa.<\/p>\n<p>Eles se distinguem pelas op\u00e7\u00f5es de reembolso, rede referenciada, padr\u00e3o de acomoda\u00e7\u00e3o hospitalar e benef\u00edcios oferecidos.<\/p>\n\t\t<\/div>\n\t\t\t<\/div>\n\n\t\n\n\t<div id=\"col-1861495402\" class=\"col medium-6 small-12 large-6\"  >\n\t\t<div class=\"col-inner\"  >\n\t\t\t\n\t\t\t\n\t<div class=\"img has-hover x md-x lg-x y md-y lg-y\" id=\"image_340088608\">\n\t\t\t\t\t\t\t\t<div class=\"img-inner image-cover dark\" style=\"padding-top:307px;\">\n\t\t\t<img loading=\"lazy\" decoding=\"async\" width=\"900\" height=\"600\" src=\"https:\/\/todosplanosdesaude.com.br\/sulamerica-saude\/wp-content\/uploads\/2021\/06\/1.1-6.jpg\" class=\"attachment-large size-large\" alt=\"\" srcset=\"https:\/\/todosplanosdesaude.com.br\/sulamerica-saude\/wp-content\/uploads\/2021\/06\/1.1-6.jpg 900w, https:\/\/todosplanosdesaude.com.br\/sulamerica-saude\/wp-content\/uploads\/2021\/06\/1.1-6-300x200.jpg 300w, https:\/\/todosplanosdesaude.com.br\/sulamerica-saude\/wp-content\/uploads\/2021\/06\/1.1-6-768x512.jpg 768w\" sizes=\"auto, (max-width: 900px) 100vw, 900px\" \/>\t\t\t\t\t\t\n\t\t\t\t\t<\/div>\n\t\t\t\t\t\t\t\t\n<style>\n#image_340088608 {\n  width: 100%;\n}\n<\/style>\n\t<\/div>\n\t\n\t\t<\/div>\n\t\t\t<\/div>\n\n\t\n<\/div>\n<div class=\"row\"  id=\"row-30613635\">\n\n\t<div id=\"col-1232815111\" class=\"col medium-6 small-12 large-6\"  >\n\t\t<div class=\"col-inner\"  >\n\t\t\t\n\t\t\t\n<div class=\"container section-title-container\" ><h3 class=\"section-title section-title-normal\"><b><\/b><span class=\"section-title-main\" >conhe\u00e7a os planos<\/span><b><\/b><\/h3><\/div>\n\t<div class=\"img has-hover x md-x lg-x y md-y lg-y\" id=\"image_443458279\">\n\t\t\t\t\t\t\t\t<div class=\"img-inner dark\" >\n\t\t\t<img loading=\"lazy\" decoding=\"async\" width=\"1020\" height=\"789\" src=\"https:\/\/todosplanosdesaude.com.br\/sulamerica-saude\/wp-content\/uploads\/2021\/04\/tabela-planos-1-1024x792-1.png\" class=\"attachment-large size-large\" alt=\"\" srcset=\"https:\/\/todosplanosdesaude.com.br\/sulamerica-saude\/wp-content\/uploads\/2021\/04\/tabela-planos-1-1024x792-1.png 1024w, https:\/\/todosplanosdesaude.com.br\/sulamerica-saude\/wp-content\/uploads\/2021\/04\/tabela-planos-1-1024x792-1-300x232.png 300w, https:\/\/todosplanosdesaude.com.br\/sulamerica-saude\/wp-content\/uploads\/2021\/04\/tabela-planos-1-1024x792-1-768x594.png 768w\" sizes=\"auto, (max-width: 1020px) 100vw, 1020px\" \/>\t\t\t\t\t\t\n\t\t\t\t\t<\/div>\n\t\t\t\t\t\t\t\t\n<style>\n#image_443458279 {\n  width: 100%;\n}\n<\/style>\n\t<\/div>\n\t\n\t\t<\/div>\n\t\t\t<\/div>\n\n\t\n\n\t<div id=\"col-866421126\" class=\"col medium-6 small-12 large-6\"  >\n\t\t<div class=\"col-inner\"  >\n\t\t\t\n\t\t\t\n<div class=\"container section-title-container\" ><h3 class=\"section-title section-title-normal\"><b><\/b><span class=\"section-title-main\" >Modalidades de contrata\u00e7\u00e3o<\/span><b><\/b><\/h3><\/div>\n<p class=\"mb-20\"><strong>Hospitalar com Obstetr\u00edcia<\/strong><br \/>\u25aa Atendimento em Pronto Socorro (para urg\u00eancia e emerg\u00eancia);<br \/>\u25aa Cirurgias;<br \/>\u25aa Interna\u00e7\u00f5es hospitalares;<br \/>\u25aa Partos (inclui cobertura assistencial ao rec\u00e9m-nascido durante os primeiros 30 dias ap\u00f3s o parto).<\/p>\n<p class=\"mb-20\"><strong>Ambulatorial e Hospitalar com Obstetr\u00edcia<\/strong><br \/>\u25aa Consultas;<br \/>\u25aa Exames;<br \/>\u25aa Atendimento em Pronto Socorro;<br \/>\u25aa Cirurgias;<br \/>\u25aa Interna\u00e7\u00f5es hospitalares;<br \/>\u25aa Partos (inclui cobertura assistencial ao rec\u00e9m-nascido durante os primeiros 30 dias ap\u00f3s o parto)<\/p>\n<p><i class=\"icon-checkmark\"><\/i>\u00a0Consultas e exames exclusivamente para gestantes, em acompanhamento pr\u00e9-natal;<br \/><i class=\"icon-checkmark\"><\/i>\u00a0Procedimentos especiais necess\u00e1rios para continuidade da assist\u00eancia prestada em n\u00edvel de interna\u00e7\u00e3o hospitalar, como: Hemodi\u00e1lises, quimioterapias, radioterapias, fisioterapias entre outros.<\/p>\n\t\t<\/div>\n\t\t\t<\/div>\n\n\t\n<\/div>\n<div class=\"row align-middle\"  id=\"row-286427398\">\n\n\t<div id=\"col-194260670\" class=\"col medium-6 small-12 large-6\"  >\n\t\t<div class=\"col-inner\"  >\n\t\t\t\n\t\t\t\n<div class=\"container section-title-container\" ><h3 class=\"section-title section-title-normal\"><b><\/b><span class=\"section-title-main\" >car\u00eancia<\/span><b><\/b><\/h3><\/div>\n<p>Na SulAm\u00e9rica Sa\u00fade, o per\u00edodo de car\u00eancia varia de acordo com o n\u00famero de benefici\u00e1rios inclu\u00eddos no plano.<\/p>\n<p>Nos conv\u00eanios empresariais com mais de 29 pessoas, a car\u00eancia \u00e9 isenta, exceto para os procedimentos de parto e condi\u00e7\u00f5es preexistentes, que seguem o prazo padr\u00e3o de 10 meses e 24 meses, respectivamente.<\/p>\n<p>J\u00e1 nos planos com menos de 29 vidas, o tempo de car\u00eancia segue as diretrizes estabelecidas pela Ag\u00eancia Nacional de Sa\u00fade Suplementar (ANS).<\/p>\n\t\t<\/div>\n\t\t\t<\/div>\n\n\t\n\n\t<div id=\"col-63503680\" class=\"col hide-for-small medium-6 small-12 large-6\"  >\n\t\t<div class=\"col-inner\"  >\n\t\t\t\n\t\t\t\n\t<div class=\"img has-hover x md-x lg-x y md-y lg-y\" id=\"image_1307521874\">\n\t\t\t\t\t\t\t\t<div class=\"img-inner dark\" >\n\t\t\t<img loading=\"lazy\" decoding=\"async\" width=\"900\" height=\"600\" src=\"https:\/\/todosplanosdesaude.com.br\/sulamerica-saude\/wp-content\/uploads\/2021\/06\/2.1-6.jpg\" class=\"attachment-large size-large\" alt=\"\" srcset=\"https:\/\/todosplanosdesaude.com.br\/sulamerica-saude\/wp-content\/uploads\/2021\/06\/2.1-6.jpg 900w, https:\/\/todosplanosdesaude.com.br\/sulamerica-saude\/wp-content\/uploads\/2021\/06\/2.1-6-300x200.jpg 300w, https:\/\/todosplanosdesaude.com.br\/sulamerica-saude\/wp-content\/uploads\/2021\/06\/2.1-6-768x512.jpg 768w\" sizes=\"auto, (max-width: 900px) 100vw, 900px\" \/>\t\t\t\t\t\t\n\t\t\t\t\t<\/div>\n\t\t\t\t\t\t\t\t\n<style>\n#image_1307521874 {\n  width: 100%;\n}\n<\/style>\n\t<\/div>\n\t\n\t\t<\/div>\n\t\t\t<\/div>\n\n\t\n<\/div>\n<div class=\"row align-middle\"  id=\"row-1444165706\">\n\n\t<div id=\"col-1154626387\" class=\"col medium-6 small-12 large-6\"  >\n\t\t<div class=\"col-inner\"  >\n\t\t\t\n\t\t\t\n\t<div class=\"img has-hover x md-x lg-x y md-y lg-y\" id=\"image_1560149612\">\n\t\t\t\t\t\t\t\t<div class=\"img-inner dark\" >\n\t\t\t<img loading=\"lazy\" decoding=\"async\" width=\"555\" height=\"326\" src=\"https:\/\/todosplanosdesaude.com.br\/sulamerica-saude\/wp-content\/uploads\/2021\/04\/3.1.png\" class=\"attachment-large size-large\" alt=\"\" srcset=\"https:\/\/todosplanosdesaude.com.br\/sulamerica-saude\/wp-content\/uploads\/2021\/04\/3.1.png 555w, https:\/\/todosplanosdesaude.com.br\/sulamerica-saude\/wp-content\/uploads\/2021\/04\/3.1-300x176.png 300w\" sizes=\"auto, (max-width: 555px) 100vw, 555px\" \/>\t\t\t\t\t\t\n\t\t\t\t\t<\/div>\n\t\t\t\t\t\t\t\t\n<style>\n#image_1560149612 {\n  width: 100%;\n}\n<\/style>\n\t<\/div>\n\t\n\t\t<\/div>\n\t\t\t<\/div>\n\n\t\n\n\t<div id=\"col-630178962\" class=\"col medium-6 small-12 large-6\"  >\n\t\t<div class=\"col-inner\"  >\n\t\t\t\n\t\t\t\n<div class=\"container section-title-container\" ><h3 class=\"section-title section-title-normal\"><b><\/b><span class=\"section-title-main\" >PORTAL SULAM\u00c9RICA ONLINE<\/span><b><\/b><\/h3><\/div>\n<p><i class=\"fa fa-check\"><\/i>Para acessar a rede referenciada por geolocaliza\u00e7\u00e3o, pesquisar cobertura, verificar o status do reembolso e autoriza\u00e7\u00f5es de procedimentos, bem como para os gestores de RH obterem relat\u00f3rios gerenciais e dados de faturamento, como a segunda via de fatura e a rela\u00e7\u00e3o de segurados ativos, a SulAm\u00e9rica Sa\u00fade oferece uma plataforma online completa.<\/p>\n<p>Al\u00e9m disso, \u00e9 poss\u00edvel gerar um livreto da rede personalizado em formato de arquivo eletr\u00f4nico.<\/p>\n\t\t<\/div>\n\t\t\t<\/div>\n\n\t\n<\/div>\n\t\t<\/div>\n\n\t\t\n<style>\n#section_942951460 {\n  padding-top: 30px;\n  padding-bottom: 30px;\n}\n<\/style>\n\t<\/section>\n\t\n","protected":false},"excerpt":{"rendered":"","protected":false},"author":1,"featured_media":0,"parent":0,"menu_order":0,"comment_status":"closed","ping_status":"closed","template":"page-blank.php","meta":{"footnotes":""},"class_list":["post-206","page","type-page","status-publish","hentry"],"yoast_head":"<!-- This site is optimized with the Yoast SEO plugin v25.3.1 - https:\/\/yoast.com\/wordpress\/plugins\/seo\/ -->\n<title>Plano de Sa\u00fade Empresarial - Plano de Sa\u00fade SulAm\u00e9rica<\/title>\n<meta name=\"description\" content=\"Saiba tudo sobre o Plano de sa\u00fade SulAm\u00e9rica. Rede Credenciada, Tabela de Valores e Diferenciais. Ligue (11) 5063-0043\" \/>\n<meta name=\"robots\" content=\"index, follow, max-snippet:-1, max-image-preview:large, max-video-preview:-1\" \/>\n<link rel=\"canonical\" href=\"https:\/\/todosplanosdesaude.com.br\/sulamerica-saude\/plano-de-saude-empresarial\/\" \/>\n<meta property=\"og:locale\" content=\"en_US\" \/>\n<meta property=\"og:type\" content=\"article\" \/>\n<meta property=\"og:title\" content=\"Plano de Sa\u00fade Empresarial - Plano de Sa\u00fade SulAm\u00e9rica\" \/>\n<meta property=\"og:description\" content=\"Saiba tudo sobre o Plano de sa\u00fade SulAm\u00e9rica. Rede Credenciada, Tabela de Valores e Diferenciais. Ligue (11) 5063-0043\" \/>\n<meta property=\"og:url\" content=\"https:\/\/todosplanosdesaude.com.br\/sulamerica-saude\/plano-de-saude-empresarial\/\" \/>\n<meta property=\"og:site_name\" content=\"Plano de Sa\u00fade SulAm\u00e9rica\" \/>\n<meta property=\"article:modified_time\" content=\"2024-05-01T20:59:16+00:00\" \/>\n<meta name=\"twitter:card\" content=\"summary_large_image\" \/>\n<meta name=\"twitter:label1\" content=\"Est. reading time\" \/>\n\t<meta name=\"twitter:data1\" content=\"2 minutes\" \/>\n<script type=\"application\/ld+json\" class=\"yoast-schema-graph\">{\"@context\":\"https:\/\/schema.org\",\"@graph\":[{\"@type\":\"WebPage\",\"@id\":\"https:\/\/todosplanosdesaude.com.br\/sulamerica-saude\/plano-de-saude-empresarial\/\",\"url\":\"https:\/\/todosplanosdesaude.com.br\/sulamerica-saude\/plano-de-saude-empresarial\/\",\"name\":\"Plano de Sa\u00fade Empresarial - Plano de Sa\u00fade SulAm\u00e9rica\",\"isPartOf\":{\"@id\":\"https:\/\/todosplanosdesaude.com.br\/sulamerica-saude\/#website\"},\"datePublished\":\"2021-02-17T22:54:14+00:00\",\"dateModified\":\"2024-05-01T20:59:16+00:00\",\"description\":\"Saiba tudo sobre o Plano de sa\u00fade SulAm\u00e9rica. Rede Credenciada, Tabela de Valores e Diferenciais. Ligue (11) 5063-0043\",\"breadcrumb\":{\"@id\":\"https:\/\/todosplanosdesaude.com.br\/sulamerica-saude\/plano-de-saude-empresarial\/#breadcrumb\"},\"inLanguage\":\"en-US\",\"potentialAction\":[{\"@type\":\"ReadAction\",\"target\":[\"https:\/\/todosplanosdesaude.com.br\/sulamerica-saude\/plano-de-saude-empresarial\/\"]}]},{\"@type\":\"BreadcrumbList\",\"@id\":\"https:\/\/todosplanosdesaude.com.br\/sulamerica-saude\/plano-de-saude-empresarial\/#breadcrumb\",\"itemListElement\":[{\"@type\":\"ListItem\",\"position\":1,\"name\":\"Home\",\"item\":\"https:\/\/todosplanosdesaude.com.br\/sulamerica-saude\/\"},{\"@type\":\"ListItem\",\"position\":2,\"name\":\"Plano de Sa\u00fade Empresarial\"}]},{\"@type\":\"WebSite\",\"@id\":\"https:\/\/todosplanosdesaude.com.br\/sulamerica-saude\/#website\",\"url\":\"https:\/\/todosplanosdesaude.com.br\/sulamerica-saude\/\",\"name\":\"Plano de Sa\u00fade SulAm\u00e9rica\",\"description\":\"\",\"potentialAction\":[{\"@type\":\"SearchAction\",\"target\":{\"@type\":\"EntryPoint\",\"urlTemplate\":\"https:\/\/todosplanosdesaude.com.br\/sulamerica-saude\/?s={search_term_string}\"},\"query-input\":{\"@type\":\"PropertyValueSpecification\",\"valueRequired\":true,\"valueName\":\"search_term_string\"}}],\"inLanguage\":\"en-US\"}]}<\/script>\n<!-- \/ Yoast SEO plugin. -->","yoast_head_json":{"title":"Plano de Sa\u00fade Empresarial - Plano de Sa\u00fade SulAm\u00e9rica","description":"Saiba tudo sobre o Plano de sa\u00fade SulAm\u00e9rica. Rede Credenciada, Tabela de Valores e Diferenciais. Ligue (11) 5063-0043","robots":{"index":"index","follow":"follow","max-snippet":"max-snippet:-1","max-image-preview":"max-image-preview:large","max-video-preview":"max-video-preview:-1"},"canonical":"https:\/\/todosplanosdesaude.com.br\/sulamerica-saude\/plano-de-saude-empresarial\/","og_locale":"en_US","og_type":"article","og_title":"Plano de Sa\u00fade Empresarial - Plano de Sa\u00fade SulAm\u00e9rica","og_description":"Saiba tudo sobre o Plano de sa\u00fade SulAm\u00e9rica. Rede Credenciada, Tabela de Valores e Diferenciais. Ligue (11) 5063-0043","og_url":"https:\/\/todosplanosdesaude.com.br\/sulamerica-saude\/plano-de-saude-empresarial\/","og_site_name":"Plano de Sa\u00fade SulAm\u00e9rica","article_modified_time":"2024-05-01T20:59:16+00:00","twitter_card":"summary_large_image","twitter_misc":{"Est. reading time":"2 minutes"},"schema":{"@context":"https:\/\/schema.org","@graph":[{"@type":"WebPage","@id":"https:\/\/todosplanosdesaude.com.br\/sulamerica-saude\/plano-de-saude-empresarial\/","url":"https:\/\/todosplanosdesaude.com.br\/sulamerica-saude\/plano-de-saude-empresarial\/","name":"Plano de Sa\u00fade Empresarial - Plano de Sa\u00fade SulAm\u00e9rica","isPartOf":{"@id":"https:\/\/todosplanosdesaude.com.br\/sulamerica-saude\/#website"},"datePublished":"2021-02-17T22:54:14+00:00","dateModified":"2024-05-01T20:59:16+00:00","description":"Saiba tudo sobre o Plano de sa\u00fade SulAm\u00e9rica. Rede Credenciada, Tabela de Valores e Diferenciais. Ligue (11) 5063-0043","breadcrumb":{"@id":"https:\/\/todosplanosdesaude.com.br\/sulamerica-saude\/plano-de-saude-empresarial\/#breadcrumb"},"inLanguage":"en-US","potentialAction":[{"@type":"ReadAction","target":["https:\/\/todosplanosdesaude.com.br\/sulamerica-saude\/plano-de-saude-empresarial\/"]}]},{"@type":"BreadcrumbList","@id":"https:\/\/todosplanosdesaude.com.br\/sulamerica-saude\/plano-de-saude-empresarial\/#breadcrumb","itemListElement":[{"@type":"ListItem","position":1,"name":"Home","item":"https:\/\/todosplanosdesaude.com.br\/sulamerica-saude\/"},{"@type":"ListItem","position":2,"name":"Plano de Sa\u00fade Empresarial"}]},{"@type":"WebSite","@id":"https:\/\/todosplanosdesaude.com.br\/sulamerica-saude\/#website","url":"https:\/\/todosplanosdesaude.com.br\/sulamerica-saude\/","name":"Plano de Sa\u00fade SulAm\u00e9rica","description":"","potentialAction":[{"@type":"SearchAction","target":{"@type":"EntryPoint","urlTemplate":"https:\/\/todosplanosdesaude.com.br\/sulamerica-saude\/?s={search_term_string}"},"query-input":{"@type":"PropertyValueSpecification","valueRequired":true,"valueName":"search_term_string"}}],"inLanguage":"en-US"}]}},"_links":{"self":[{"href":"https:\/\/todosplanosdesaude.com.br\/sulamerica-saude\/wp-json\/wp\/v2\/pages\/206","targetHints":{"allow":["GET"]}}],"collection":[{"href":"https:\/\/todosplanosdesaude.com.br\/sulamerica-saude\/wp-json\/wp\/v2\/pages"}],"about":[{"href":"https:\/\/todosplanosdesaude.com.br\/sulamerica-saude\/wp-json\/wp\/v2\/types\/page"}],"author":[{"embeddable":true,"href":"https:\/\/todosplanosdesaude.com.br\/sulamerica-saude\/wp-json\/wp\/v2\/users\/1"}],"replies":[{"embeddable":true,"href":"https:\/\/todosplanosdesaude.com.br\/sulamerica-saude\/wp-json\/wp\/v2\/comments?post=206"}],"version-history":[{"count":25,"href":"https:\/\/todosplanosdesaude.com.br\/sulamerica-saude\/wp-json\/wp\/v2\/pages\/206\/revisions"}],"predecessor-version":[{"id":1438,"href":"https:\/\/todosplanosdesaude.com.br\/sulamerica-saude\/wp-json\/wp\/v2\/pages\/206\/revisions\/1438"}],"wp:attachment":[{"href":"https:\/\/todosplanosdesaude.com.br\/sulamerica-saude\/wp-json\/wp\/v2\/media?parent=206"}],"curies":[{"name":"wp","href":"https:\/\/api.w.org\/{rel}","templated":true}]}}