{"id":207,"date":"2021-02-17T22:54:19","date_gmt":"2021-02-17T22:54:19","guid":{"rendered":"https:\/\/todosplanosdesaude.com.br\/sulamerica-saude\/?page_id=207"},"modified":"2024-05-01T21:08:08","modified_gmt":"2024-05-01T21:08:08","slug":"plano-de-saude-mei","status":"publish","type":"page","link":"https:\/\/todosplanosdesaude.com.br\/sulamerica-saude\/plano-de-saude-mei\/","title":{"rendered":"Plano de Sa\u00fade MEI"},"content":{"rendered":"  <div id=\"page-header-1738587395\" class=\"page-header-wrapper\">\n  <div class=\"page-title hide-for-small dark featured-title\">\n\n    \n    <div class=\"page-title-inner container align-bottom text-center flex-row-col medium-flex-wrap\" >\n              <div class=\"title-wrapper uppercase flex-col\">\n          <h1 class=\"entry-title mb-0\">\n            PLANO DE SA\u00daDE MEI          <\/h1>\n        <\/div>\n                    <div class=\"title-content flex-col\">\n        <div class=\"title-breadcrumbs pb-half pt-half\"><\/div>      <\/div>\n    <\/div>\n\n     \n<style>\n#page-header-1738587395 .page-title-inner {\n  min-height: 0px;\n}\n#page-header-1738587395 {\n  margin-bottom: 0px;\n}\n<\/style>\n  <\/div>\n    <\/div>\n  \n\t<section class=\"section\" id=\"section_505573701\">\n\t\t<div class=\"bg section-bg fill bg-fill  bg-loaded\" >\n\n\t\t\t\n\t\t\t\n\t\t\t\n\n\t\t<\/div>\n\n\t\t<div class=\"section-content relative\">\n\t\t\t\n<div class=\"row align-middle\"  id=\"row-690199214\">\n\n\t<div id=\"col-2136270662\" class=\"col medium-6 small-12 large-6\"  >\n\t\t<div class=\"col-inner\"  >\n\t\t\t\n\t\t\t\n<div class=\"container section-title-container\" ><h3 class=\"section-title section-title-normal\"><b><\/b><span class=\"section-title-main\" >sulam\u00e9rica sa\u00fade mei<\/span><b><\/b><\/h3><\/div>\n<p>O SulAm\u00e9rica Sa\u00fade MEI (Microempreendedor Individual) oferece toda a cobertura de um plano empresarial, com o CNPJ ativo e mais dois dependentes, que podem ser funcion\u00e1rios ou dependentes diretos, como c\u00f4njuge e filhos.<\/p>\n<p>A contrata\u00e7\u00e3o por meio de um simples MEI proporciona a mesma estrutura e benef\u00edcios de um plano empresarial, garantindo acesso a toda a rede credenciada da SulAm\u00e9rica Sa\u00fade.<\/p>\n<p>Outra vantagem de possuir um plano de sa\u00fade MEI \u00e9 o pre\u00e7o, que costuma ser at\u00e9 30% mais barato do que os planos por ades\u00e3o e individuais.<\/p>\n<p>Confira os diversos tipos de planos da SulAm\u00e9rica Sa\u00fade, elaborados para atender \u00e0s necessidades da sua empresa, com diferencia\u00e7\u00e3o nas op\u00e7\u00f5es de reembolso, rede credenciada, padr\u00e3o de acomoda\u00e7\u00e3o hospitalar e benef\u00edcios oferecidos.<\/p>\n\t\t<\/div>\n\t\t\t<\/div>\n\n\t\n\n\t<div id=\"col-1797679801\" class=\"col medium-6 small-12 large-6\"  >\n\t\t<div class=\"col-inner\"  >\n\t\t\t\n\t\t\t\n\t<div class=\"img has-hover x md-x lg-x y md-y lg-y\" id=\"image_1405414417\">\n\t\t\t\t\t\t\t\t<div class=\"img-inner image-cover dark\" style=\"padding-top:510px;\">\n\t\t\t<img loading=\"lazy\" decoding=\"async\" width=\"886\" height=\"1024\" src=\"https:\/\/todosplanosdesaude.com.br\/sulamerica-saude\/wp-content\/uploads\/2021\/06\/1.1-4-1-886x1024.jpg\" class=\"attachment-large size-large\" alt=\"\" srcset=\"https:\/\/todosplanosdesaude.com.br\/sulamerica-saude\/wp-content\/uploads\/2021\/06\/1.1-4-1-886x1024.jpg 886w, https:\/\/todosplanosdesaude.com.br\/sulamerica-saude\/wp-content\/uploads\/2021\/06\/1.1-4-1-259x300.jpg 259w, https:\/\/todosplanosdesaude.com.br\/sulamerica-saude\/wp-content\/uploads\/2021\/06\/1.1-4-1-768x888.jpg 768w, https:\/\/todosplanosdesaude.com.br\/sulamerica-saude\/wp-content\/uploads\/2021\/06\/1.1-4-1-1328x1536.jpg 1328w, https:\/\/todosplanosdesaude.com.br\/sulamerica-saude\/wp-content\/uploads\/2021\/06\/1.1-4-1-1771x2048.jpg 1771w\" sizes=\"auto, (max-width: 886px) 100vw, 886px\" \/>\t\t\t\t\t\t\n\t\t\t\t\t<\/div>\n\t\t\t\t\t\t\t\t\n<style>\n#image_1405414417 {\n  width: 100%;\n}\n<\/style>\n\t<\/div>\n\t\n\t\t<\/div>\n\t\t\t<\/div>\n\n\t\n<\/div>\n<div class=\"row\"  id=\"row-129225375\">\n\n\t<div id=\"col-388863034\" class=\"col medium-6 small-12 large-6\"  >\n\t\t<div class=\"col-inner\"  >\n\t\t\t\n\t\t\t\n<div class=\"container section-title-container\" ><h3 class=\"section-title section-title-normal\"><b><\/b><span class=\"section-title-main\" >conhe\u00e7a os planos<\/span><b><\/b><\/h3><\/div>\n\t<div class=\"img has-hover x md-x lg-x y md-y lg-y\" id=\"image_297692138\">\n\t\t\t\t\t\t\t\t<div class=\"img-inner dark\" >\n\t\t\t<img loading=\"lazy\" decoding=\"async\" width=\"1020\" height=\"789\" src=\"https:\/\/todosplanosdesaude.com.br\/sulamerica-saude\/wp-content\/uploads\/2021\/04\/tabela-planos-1-1024x792-1.png\" class=\"attachment-large size-large\" alt=\"\" srcset=\"https:\/\/todosplanosdesaude.com.br\/sulamerica-saude\/wp-content\/uploads\/2021\/04\/tabela-planos-1-1024x792-1.png 1024w, https:\/\/todosplanosdesaude.com.br\/sulamerica-saude\/wp-content\/uploads\/2021\/04\/tabela-planos-1-1024x792-1-300x232.png 300w, https:\/\/todosplanosdesaude.com.br\/sulamerica-saude\/wp-content\/uploads\/2021\/04\/tabela-planos-1-1024x792-1-768x594.png 768w\" sizes=\"auto, (max-width: 1020px) 100vw, 1020px\" \/>\t\t\t\t\t\t\n\t\t\t\t\t<\/div>\n\t\t\t\t\t\t\t\t\n<style>\n#image_297692138 {\n  width: 100%;\n}\n<\/style>\n\t<\/div>\n\t\n\t\t<\/div>\n\t\t\t<\/div>\n\n\t\n\n\t<div id=\"col-1130230559\" class=\"col medium-6 small-12 large-6\"  >\n\t\t<div class=\"col-inner\"  >\n\t\t\t\n\t\t\t\n<div class=\"container section-title-container\" ><h3 class=\"section-title section-title-normal\"><b><\/b><span class=\"section-title-main\" >Modalidades de contrata\u00e7\u00e3o<\/span><b><\/b><\/h3><\/div>\n<p class=\"mb-20\"><strong>Hospitalar com Obstetr\u00edcia<\/strong><br \/>\u25aa Atendimento em Pronto Socorro (para urg\u00eancia e emerg\u00eancia);<br \/>\u25aa Cirurgias;<br \/>\u25aa Interna\u00e7\u00f5es hospitalares;<br \/>\u25aa Partos (inclui cobertura assistencial ao rec\u00e9m-nascido durante os primeiros 30 dias ap\u00f3s o parto).<\/p>\n<p class=\"mb-20\"><strong>Ambulatorial e Hospitalar com Obstetr\u00edcia<\/strong><br \/>\u25aa Consultas;<br \/>\u25aa Exames;<br \/>\u25aa Atendimento em Pronto Socorro;<br \/>\u25aa Cirurgias;<br \/>\u25aa Interna\u00e7\u00f5es hospitalares;<br \/>\u25aa Partos (inclui cobertura assistencial ao rec\u00e9m-nascido durante os primeiros 30 dias ap\u00f3s o parto)<\/p>\n<p><i class=\"icon-checkmark\"><\/i> Consultas e exames exclusivos para gestantes, como parte do acompanhamento pr\u00e9-natal;<br \/><i class=\"icon-checkmark\"><\/i> Procedimentos especiais necess\u00e1rios para garantir a continuidade da assist\u00eancia durante a interna\u00e7\u00e3o hospitalar, tais como: hemodi\u00e1lise, quimioterapia, radioterapia, fisioterapia, entre outros.<\/p>\n\t\t<\/div>\n\t\t\t<\/div>\n\n\t\n<\/div>\n<div class=\"row\"  id=\"row-2120042284\">\n\n\t<div id=\"col-826457760\" class=\"col medium-6 small-12 large-6\"  >\n\t\t<div class=\"col-inner\"  >\n\t\t\t\n\t\t\t\n<div class=\"container section-title-container\" ><h3 class=\"section-title section-title-normal\"><b><\/b><span class=\"section-title-main\" >cobertura<\/span><b><\/b><\/h3><\/div>\n<p>Al\u00e9m dos procedimentos cobertos por lei, a SulAm\u00e9rica Sa\u00fade PME oferece aos colaboradores coberturas adicionais para proporcionar ainda mais tranquilidade.<\/p>\n<p>\u2022 Escleroterapia (12 sess\u00f5es ao ano): tratamento de vasinhos e microvarizes (varicoses)<br \/>\u2022 Fonoaudiologia (30 sess\u00f5es ao ano): avalia\u00e7\u00e3o e terapias fonoaudiol\u00f3gicas.<br \/>\u2022 Psicomotricidade (30 sess\u00f5es ao ano): tratamento indicado para pessoas com dificuldade ou atraso no desenvolvimento sensorial, motor, mental e ps\u00edquico.<br \/>\u2022 Transplantes (al\u00e9m dos cobertos por lei \u2013 rim, c\u00f3rnea e medula \u00f3ssea): cora\u00e7\u00e3o, p\u00e2ncreas, p\u00e2ncreas-rim, pulm\u00e3o e f\u00edgado, incluindo despesas assistenciais com doador vivo.<\/p>\n\t\t<\/div>\n\t\t\t<\/div>\n\n\t\n\n\t<div id=\"col-1122518045\" class=\"col hide-for-small medium-6 small-12 large-6\"  >\n\t\t<div class=\"col-inner\"  >\n\t\t\t\n\t\t\t\n\t<div class=\"img has-hover x md-x lg-x y md-y lg-y\" id=\"image_560062341\">\n\t\t\t\t\t\t\t\t<div class=\"img-inner dark\" >\n\t\t\t<img loading=\"lazy\" decoding=\"async\" width=\"1020\" height=\"680\" src=\"https:\/\/todosplanosdesaude.com.br\/sulamerica-saude\/wp-content\/uploads\/2021\/06\/2.1-4-1-1024x683.jpg\" class=\"attachment-large size-large\" alt=\"\" srcset=\"https:\/\/todosplanosdesaude.com.br\/sulamerica-saude\/wp-content\/uploads\/2021\/06\/2.1-4-1-1024x683.jpg 1024w, https:\/\/todosplanosdesaude.com.br\/sulamerica-saude\/wp-content\/uploads\/2021\/06\/2.1-4-1-300x200.jpg 300w, https:\/\/todosplanosdesaude.com.br\/sulamerica-saude\/wp-content\/uploads\/2021\/06\/2.1-4-1-768x512.jpg 768w, https:\/\/todosplanosdesaude.com.br\/sulamerica-saude\/wp-content\/uploads\/2021\/06\/2.1-4-1-1536x1024.jpg 1536w, https:\/\/todosplanosdesaude.com.br\/sulamerica-saude\/wp-content\/uploads\/2021\/06\/2.1-4-1-2048x1365.jpg 2048w\" sizes=\"auto, (max-width: 1020px) 100vw, 1020px\" \/>\t\t\t\t\t\t\n\t\t\t\t\t<\/div>\n\t\t\t\t\t\t\t\t\n<style>\n#image_560062341 {\n  width: 100%;\n}\n<\/style>\n\t<\/div>\n\t\n\t\t<\/div>\n\t\t\t<\/div>\n\n\t\n<\/div>\n<div class=\"row align-middle\"  id=\"row-1641095789\">\n\n\t<div id=\"col-1616456406\" class=\"col medium-6 small-12 large-6\"  >\n\t\t<div class=\"col-inner\"  >\n\t\t\t\n\t\t\t\n\t<div class=\"img has-hover x md-x lg-x y md-y lg-y\" id=\"image_615541945\">\n\t\t\t\t\t\t\t\t<div class=\"img-inner dark\" >\n\t\t\t<img loading=\"lazy\" decoding=\"async\" width=\"1020\" height=\"587\" src=\"https:\/\/todosplanosdesaude.com.br\/sulamerica-saude\/wp-content\/uploads\/2021\/06\/3.1-2-1-1024x589.jpg\" class=\"attachment-large size-large\" alt=\"\" srcset=\"https:\/\/todosplanosdesaude.com.br\/sulamerica-saude\/wp-content\/uploads\/2021\/06\/3.1-2-1-1024x589.jpg 1024w, https:\/\/todosplanosdesaude.com.br\/sulamerica-saude\/wp-content\/uploads\/2021\/06\/3.1-2-1-300x172.jpg 300w, https:\/\/todosplanosdesaude.com.br\/sulamerica-saude\/wp-content\/uploads\/2021\/06\/3.1-2-1-768x441.jpg 768w, https:\/\/todosplanosdesaude.com.br\/sulamerica-saude\/wp-content\/uploads\/2021\/06\/3.1-2-1-1536x883.jpg 1536w, https:\/\/todosplanosdesaude.com.br\/sulamerica-saude\/wp-content\/uploads\/2021\/06\/3.1-2-1.jpg 1566w\" sizes=\"auto, (max-width: 1020px) 100vw, 1020px\" \/>\t\t\t\t\t\t\n\t\t\t\t\t<\/div>\n\t\t\t\t\t\t\t\t\n<style>\n#image_615541945 {\n  width: 100%;\n}\n<\/style>\n\t<\/div>\n\t\n\t\t<\/div>\n\t\t\t<\/div>\n\n\t\n\n\t<div id=\"col-1857936914\" class=\"col medium-6 small-12 large-6\"  >\n\t\t<div class=\"col-inner\"  >\n\t\t\t\n\t\t\t\n<div class=\"container section-title-container\" ><h3 class=\"section-title section-title-normal\"><b><\/b><span class=\"section-title-main\" >REDE CREDENCIADA<\/span><b><\/b><\/h3><\/div>\n<p>A rede credenciada da SulAm\u00e9rica Sa\u00fade MEI possui abrang\u00eancia nacional e \u00e9 composta por profissionais altamente qualificados.<\/p>\n<p>O processo de referenciamento \u00e9 criterioso, visando \u00e0 excel\u00eancia em qualidade e \u00e0 gest\u00e3o constante da performance da rede.<\/p>\n<p>S\u00e3o mais de 15 mil cl\u00ednicas e consult\u00f3rios, 2.900 centros diagn\u00f3sticos, 1.400 hospitais e uma ampla variedade de op\u00e7\u00f5es de atendimento dispon\u00edveis.<\/p>\n\t\t<\/div>\n\t\t\t<\/div>\n\n\t\n<\/div>\n\t\t<\/div>\n\n\t\t\n<style>\n#section_505573701 {\n  padding-top: 30px;\n  padding-bottom: 30px;\n}\n<\/style>\n\t<\/section>\n\t\n","protected":false},"excerpt":{"rendered":"","protected":false},"author":1,"featured_media":0,"parent":0,"menu_order":0,"comment_status":"closed","ping_status":"closed","template":"page-blank.php","meta":{"footnotes":""},"class_list":["post-207","page","type-page","status-publish","hentry"],"yoast_head":"<!-- This site is optimized with the Yoast SEO plugin v25.3.1 - https:\/\/yoast.com\/wordpress\/plugins\/seo\/ -->\n<title>Plano de Sa\u00fade MEI - Plano de Sa\u00fade SulAm\u00e9rica<\/title>\n<meta name=\"description\" content=\"Saiba tudo sobre o Plano de sa\u00fade SulAm\u00e9rica. Rede Credenciada, Tabela de Valores e Diferenciais. Ligue (11) 5063-0043\" \/>\n<meta name=\"robots\" content=\"index, follow, max-snippet:-1, max-image-preview:large, max-video-preview:-1\" \/>\n<link rel=\"canonical\" href=\"https:\/\/todosplanosdesaude.com.br\/sulamerica-saude\/plano-de-saude-mei\/\" \/>\n<meta property=\"og:locale\" content=\"en_US\" \/>\n<meta property=\"og:type\" content=\"article\" \/>\n<meta property=\"og:title\" content=\"Plano de Sa\u00fade MEI - Plano de Sa\u00fade SulAm\u00e9rica\" \/>\n<meta property=\"og:description\" content=\"Saiba tudo sobre o Plano de sa\u00fade SulAm\u00e9rica. Rede Credenciada, Tabela de Valores e Diferenciais. Ligue (11) 5063-0043\" \/>\n<meta property=\"og:url\" content=\"https:\/\/todosplanosdesaude.com.br\/sulamerica-saude\/plano-de-saude-mei\/\" \/>\n<meta property=\"og:site_name\" content=\"Plano de Sa\u00fade SulAm\u00e9rica\" \/>\n<meta property=\"article:modified_time\" content=\"2024-05-01T21:08:08+00:00\" \/>\n<meta name=\"twitter:card\" content=\"summary_large_image\" \/>\n<meta name=\"twitter:label1\" content=\"Est. reading time\" \/>\n\t<meta name=\"twitter:data1\" content=\"3 minutes\" \/>\n<script type=\"application\/ld+json\" class=\"yoast-schema-graph\">{\"@context\":\"https:\/\/schema.org\",\"@graph\":[{\"@type\":\"WebPage\",\"@id\":\"https:\/\/todosplanosdesaude.com.br\/sulamerica-saude\/plano-de-saude-mei\/\",\"url\":\"https:\/\/todosplanosdesaude.com.br\/sulamerica-saude\/plano-de-saude-mei\/\",\"name\":\"Plano de Sa\u00fade MEI - Plano de Sa\u00fade SulAm\u00e9rica\",\"isPartOf\":{\"@id\":\"https:\/\/todosplanosdesaude.com.br\/sulamerica-saude\/#website\"},\"datePublished\":\"2021-02-17T22:54:19+00:00\",\"dateModified\":\"2024-05-01T21:08:08+00:00\",\"description\":\"Saiba tudo sobre o Plano de sa\u00fade SulAm\u00e9rica. Rede Credenciada, Tabela de Valores e Diferenciais. Ligue (11) 5063-0043\",\"breadcrumb\":{\"@id\":\"https:\/\/todosplanosdesaude.com.br\/sulamerica-saude\/plano-de-saude-mei\/#breadcrumb\"},\"inLanguage\":\"en-US\",\"potentialAction\":[{\"@type\":\"ReadAction\",\"target\":[\"https:\/\/todosplanosdesaude.com.br\/sulamerica-saude\/plano-de-saude-mei\/\"]}]},{\"@type\":\"BreadcrumbList\",\"@id\":\"https:\/\/todosplanosdesaude.com.br\/sulamerica-saude\/plano-de-saude-mei\/#breadcrumb\",\"itemListElement\":[{\"@type\":\"ListItem\",\"position\":1,\"name\":\"Home\",\"item\":\"https:\/\/todosplanosdesaude.com.br\/sulamerica-saude\/\"},{\"@type\":\"ListItem\",\"position\":2,\"name\":\"Plano de Sa\u00fade MEI\"}]},{\"@type\":\"WebSite\",\"@id\":\"https:\/\/todosplanosdesaude.com.br\/sulamerica-saude\/#website\",\"url\":\"https:\/\/todosplanosdesaude.com.br\/sulamerica-saude\/\",\"name\":\"Plano de Sa\u00fade SulAm\u00e9rica\",\"description\":\"\",\"potentialAction\":[{\"@type\":\"SearchAction\",\"target\":{\"@type\":\"EntryPoint\",\"urlTemplate\":\"https:\/\/todosplanosdesaude.com.br\/sulamerica-saude\/?s={search_term_string}\"},\"query-input\":{\"@type\":\"PropertyValueSpecification\",\"valueRequired\":true,\"valueName\":\"search_term_string\"}}],\"inLanguage\":\"en-US\"}]}<\/script>\n<!-- \/ Yoast SEO plugin. -->","yoast_head_json":{"title":"Plano de Sa\u00fade MEI - Plano de Sa\u00fade SulAm\u00e9rica","description":"Saiba tudo sobre o Plano de sa\u00fade SulAm\u00e9rica. Rede Credenciada, Tabela de Valores e Diferenciais. Ligue (11) 5063-0043","robots":{"index":"index","follow":"follow","max-snippet":"max-snippet:-1","max-image-preview":"max-image-preview:large","max-video-preview":"max-video-preview:-1"},"canonical":"https:\/\/todosplanosdesaude.com.br\/sulamerica-saude\/plano-de-saude-mei\/","og_locale":"en_US","og_type":"article","og_title":"Plano de Sa\u00fade MEI - Plano de Sa\u00fade SulAm\u00e9rica","og_description":"Saiba tudo sobre o Plano de sa\u00fade SulAm\u00e9rica. Rede Credenciada, Tabela de Valores e Diferenciais. Ligue (11) 5063-0043","og_url":"https:\/\/todosplanosdesaude.com.br\/sulamerica-saude\/plano-de-saude-mei\/","og_site_name":"Plano de Sa\u00fade SulAm\u00e9rica","article_modified_time":"2024-05-01T21:08:08+00:00","twitter_card":"summary_large_image","twitter_misc":{"Est. reading time":"3 minutes"},"schema":{"@context":"https:\/\/schema.org","@graph":[{"@type":"WebPage","@id":"https:\/\/todosplanosdesaude.com.br\/sulamerica-saude\/plano-de-saude-mei\/","url":"https:\/\/todosplanosdesaude.com.br\/sulamerica-saude\/plano-de-saude-mei\/","name":"Plano de Sa\u00fade MEI - Plano de Sa\u00fade SulAm\u00e9rica","isPartOf":{"@id":"https:\/\/todosplanosdesaude.com.br\/sulamerica-saude\/#website"},"datePublished":"2021-02-17T22:54:19+00:00","dateModified":"2024-05-01T21:08:08+00:00","description":"Saiba tudo sobre o Plano de sa\u00fade SulAm\u00e9rica. Rede Credenciada, Tabela de Valores e Diferenciais. Ligue (11) 5063-0043","breadcrumb":{"@id":"https:\/\/todosplanosdesaude.com.br\/sulamerica-saude\/plano-de-saude-mei\/#breadcrumb"},"inLanguage":"en-US","potentialAction":[{"@type":"ReadAction","target":["https:\/\/todosplanosdesaude.com.br\/sulamerica-saude\/plano-de-saude-mei\/"]}]},{"@type":"BreadcrumbList","@id":"https:\/\/todosplanosdesaude.com.br\/sulamerica-saude\/plano-de-saude-mei\/#breadcrumb","itemListElement":[{"@type":"ListItem","position":1,"name":"Home","item":"https:\/\/todosplanosdesaude.com.br\/sulamerica-saude\/"},{"@type":"ListItem","position":2,"name":"Plano de Sa\u00fade MEI"}]},{"@type":"WebSite","@id":"https:\/\/todosplanosdesaude.com.br\/sulamerica-saude\/#website","url":"https:\/\/todosplanosdesaude.com.br\/sulamerica-saude\/","name":"Plano de Sa\u00fade SulAm\u00e9rica","description":"","potentialAction":[{"@type":"SearchAction","target":{"@type":"EntryPoint","urlTemplate":"https:\/\/todosplanosdesaude.com.br\/sulamerica-saude\/?s={search_term_string}"},"query-input":{"@type":"PropertyValueSpecification","valueRequired":true,"valueName":"search_term_string"}}],"inLanguage":"en-US"}]}},"_links":{"self":[{"href":"https:\/\/todosplanosdesaude.com.br\/sulamerica-saude\/wp-json\/wp\/v2\/pages\/207","targetHints":{"allow":["GET"]}}],"collection":[{"href":"https:\/\/todosplanosdesaude.com.br\/sulamerica-saude\/wp-json\/wp\/v2\/pages"}],"about":[{"href":"https:\/\/todosplanosdesaude.com.br\/sulamerica-saude\/wp-json\/wp\/v2\/types\/page"}],"author":[{"embeddable":true,"href":"https:\/\/todosplanosdesaude.com.br\/sulamerica-saude\/wp-json\/wp\/v2\/users\/1"}],"replies":[{"embeddable":true,"href":"https:\/\/todosplanosdesaude.com.br\/sulamerica-saude\/wp-json\/wp\/v2\/comments?post=207"}],"version-history":[{"count":32,"href":"https:\/\/todosplanosdesaude.com.br\/sulamerica-saude\/wp-json\/wp\/v2\/pages\/207\/revisions"}],"predecessor-version":[{"id":1440,"href":"https:\/\/todosplanosdesaude.com.br\/sulamerica-saude\/wp-json\/wp\/v2\/pages\/207\/revisions\/1440"}],"wp:attachment":[{"href":"https:\/\/todosplanosdesaude.com.br\/sulamerica-saude\/wp-json\/wp\/v2\/media?parent=207"}],"curies":[{"name":"wp","href":"https:\/\/api.w.org\/{rel}","templated":true}]}}