{"id":6855,"date":"2026-03-02T15:26:41","date_gmt":"2026-03-02T15:26:41","guid":{"rendered":"https:\/\/todosplanosdesaude.com.br\/sulamerica-saude\/?page_id=6855"},"modified":"2026-03-02T15:49:20","modified_gmt":"2026-03-02T15:49:20","slug":"sulamerica-direto-regional","status":"publish","type":"page","link":"https:\/\/todosplanosdesaude.com.br\/sulamerica-saude\/sulamerica-direto-regional\/","title":{"rendered":"SulAm\u00e9rica Direto Regional"},"content":{"rendered":"  <div id=\"page-header-1220389207\" class=\"page-header-wrapper\">\n  <div class=\"page-title hide-for-small dark featured-title\">\n\n    \n    <div class=\"page-title-inner container align-bottom text-center flex-row-col medium-flex-wrap\" >\n              <div class=\"title-wrapper uppercase flex-col\">\n          <h1 class=\"entry-title mb-0\">\n            SulAm\u00e9rica Direto Regional          <\/h1>\n        <\/div>\n                    <div class=\"title-content flex-col\">\n        <div class=\"title-breadcrumbs pb-half pt-half\"><\/div>      <\/div>\n    <\/div>\n\n     \n<style>\n#page-header-1220389207 .page-title-inner {\n  min-height: 0px;\n}\n#page-header-1220389207 {\n  margin-bottom: 0px;\n}\n<\/style>\n  <\/div>\n    <\/div>\n   \t<section class=\"section\" id=\"section_2022042099\">\n\t\t<div class=\"bg section-bg fill bg-fill  bg-loaded\" >\n\n\t\t\t\n\t\t\t\n\t\t\t\n\n\t\t<\/div>\n\n\t\t<div class=\"section-content relative\">\n\t\t\t <div class=\"row align-middle\"  id=\"row-1207318114\"> \n\t<div id=\"col-77160320\" class=\"col small-12 large-12\"  >\n\t\t<div class=\"col-inner\"  >\n\t\t\t\n\t\t\t <div class=\"container section-title-container\" ><h3 class=\"section-title section-title-normal\"><b><\/b><span class=\"section-title-main\" >SulAm\u00e9rica Direto Regional<\/span><b><\/b><\/h3><\/div> <\/p>\n<p>O SulAm\u00e9rica Direto Regional \u00e9 um plano de sa\u00fade empresarial desenvolvido para empresas que buscam qualidade assistencial com excelente custo-benef\u00edcio. Com atua\u00e7\u00e3o regional estrat\u00e9gica, o plano oferece rede credenciada selecionada, garantindo atendimento eficiente e previsibilidade financeira. Ideal para contrata\u00e7\u00e3o a partir de 3 vidas, o SulAm\u00e9rica Direto Regional combina cuidado completo, controle or\u00e7ament\u00e1rio e a solidez de uma das maiores seguradoras de sa\u00fade do pa\u00eds.<\/p>\n<p>Com o SulAm\u00e9rica Direto Regional, sua empresa conta com hospitais, cl\u00ednicas e laborat\u00f3rios de refer\u00eancia na regi\u00e3o de abrang\u00eancia, assegurando atendimento qualificado aos colaboradores. O plano permite escolha entre acomoda\u00e7\u00e3o em enfermaria ou apartamento, al\u00e9m de op\u00e7\u00f5es com ou sem coparticipa\u00e7\u00e3o. Outro diferencial importante \u00e9 a cobertura para urg\u00eancia e emerg\u00eancia em hospitais das principais capitais do Brasil, oferecendo suporte adicional mesmo fora da \u00e1rea principal contratada.<\/p>\n<p>Ao optar pelo SulAm\u00e9rica Direto Regional, a empresa investe na sa\u00fade, produtividade e reten\u00e7\u00e3o de talentos. A combina\u00e7\u00e3o entre rede regional estruturada, tecnologia em sa\u00fade e flexibilidade contratual torna o plano uma solu\u00e7\u00e3o estrat\u00e9gica para neg\u00f3cios que desejam oferecer benef\u00edcio competitivo, fortalecer a equipe e manter equil\u00edbrio financeiro sustent\u00e1vel.<\/p>\n<p> \t\t<\/div>\n\t\t\t<\/div>\n\n\t <\/div> <div class=\"row\"  id=\"row-112796702\"> \n\t<div id=\"col-478637991\" class=\"col medium-6 small-12 large-6\"  >\n\t\t<div class=\"col-inner\"  >\n\t\t\t\n\t\t\t <div class=\"container section-title-container\" ><h3 class=\"section-title section-title-normal\"><b><\/b><span class=\"section-title-main\" >DIFERENCIAIS SulAm\u00e9rica Direto Regional<\/span><b><\/b><\/h3><\/div> <\/p>\n<p> <i class=\"icon-checkmark\"><\/i> <strong>Rede regional qualificada<\/strong>: atendimento em hospitais, cl\u00ednicas e laborat\u00f3rios criteriosamente selecionados na \u00e1rea de cobertura do plano.<\/p>\n<p> <i class=\"icon-checkmark\"><\/i> <strong>Urg\u00eancia e emerg\u00eancia nacional<\/strong>: suporte em hospitais das principais capitais para maior seguran\u00e7a em viagens e deslocamentos.<\/p>\n<p> <i class=\"icon-checkmark\"><\/i> <strong>Flexibilidade de acomoda\u00e7\u00e3o<\/strong>: escolha entre enfermaria ou apartamento, mantendo padr\u00e3o elevado de assist\u00eancia m\u00e9dica.<\/p>\n<p> <i class=\"icon-checkmark\"><\/i> <strong>Coparticipa\u00e7\u00e3o opcional<\/strong>: possibilidade de ajustar o modelo financeiro conforme o perfil e or\u00e7amento da empresa.<\/p>\n<p> <i class=\"icon-checkmark\"><\/i> <strong>Contrata\u00e7\u00e3o a partir de 3 vidas<\/strong>: ideal para pequenas e m\u00e9dias empresas que desejam oferecer plano empresarial estruturado.<\/p>\n<p> <i class=\"icon-checkmark\"><\/i> <strong>Sa\u00fade na Tela<\/strong>: acesso \u00e0 telemedicina com pronto atendimento, consultas m\u00e9dicas e especialistas via aplicativo.<\/p>\n<p> \t\t<\/div>\n\t\t\t<\/div>\n\n\t \n\t<div id=\"col-16222678\" class=\"col medium-6 small-12 large-6\"  >\n\t\t<div class=\"col-inner\"  >\n\t\t\t\n\t\t\t <div class=\"container section-title-container\" ><h3 class=\"section-title section-title-normal\"><b><\/b><span class=\"section-title-main\" >Modalidades de contrata\u00e7\u00e3o<\/span><b><\/b><\/h3><\/div> <\/p>\n<p class=\"mb-20\"><strong>Hospitalar com Obstetr\u00edcia<\/strong><br \/> \u25aa Atendimento em Pronto Socorro para urg\u00eancia e emerg\u00eancia;<br \/> \u25aa Cirurgias conforme cobertura contratual;<br \/> \u25aa Interna\u00e7\u00f5es hospitalares na rede credenciada;<br \/> \u25aa Partos com cobertura assistencial ao rec\u00e9m-nascido nos primeiros 30 dias ap\u00f3s o nascimento.<\/p>\n<p class=\"mb-20\"><strong>Ambulatorial e Hospitalar com Obstetr\u00edcia<\/strong><br \/> \u25aa Consultas m\u00e9dicas em diversas especialidades;<br \/> \u25aa Exames laboratoriais e de imagem;<br \/> \u25aa Atendimento em Pronto Socorro;<br \/> \u25aa Cirurgias;<br \/> \u25aa Interna\u00e7\u00f5es hospitalares;<br \/> \u25aa Partos com cobertura ao rec\u00e9m-nascido conforme regras contratuais.<\/p>\n<p><i class=\"icon-checkmark\"><\/i> Consultas e exames exclusivos para gestantes durante o acompanhamento pr\u00e9-natal;<br \/> <i class=\"icon-checkmark\"><\/i> Procedimentos especiais necess\u00e1rios para continuidade da assist\u00eancia hospitalar, como hemodi\u00e1lises, quimioterapias, radioterapias e fisioterapias, entre outros.<\/p>\n<p> \t\t<\/div>\n\t\t\t<\/div>\n\n\t <\/div> <div class=\"row\"  id=\"row-1242737589\"> \n\t<div id=\"col-510067276\" class=\"col medium-6 small-12 large-6\"  >\n\t\t<div class=\"col-inner\"  >\n\t\t\t\n\t\t\t <div class=\"container section-title-container\" ><h3 class=\"section-title section-title-normal\"><b><\/b><span class=\"section-title-main\" >cobertura SulAm\u00e9rica Direto Regional<\/span><b><\/b><\/h3><\/div> <\/p>\n<p>Al\u00e9m dos procedimentos obrigat\u00f3rios definidos pela legisla\u00e7\u00e3o da sa\u00fade suplementar, o SulAm\u00e9rica Direto Regional disponibiliza coberturas adicionais que ampliam a assist\u00eancia aos colaboradores e refor\u00e7am a seguran\u00e7a no cuidado m\u00e9dico.<\/p>\n<p>\u2022 Escleroterapia (12 sess\u00f5es ao ano): tratamento para vasinhos e microvarizes conforme indica\u00e7\u00e3o m\u00e9dica.<br \/> \u2022 Fonoaudiologia (30 sess\u00f5es ao ano): avalia\u00e7\u00f5es e terapias voltadas \u00e0 reabilita\u00e7\u00e3o e comunica\u00e7\u00e3o.<br \/> \u2022 Psicomotricidade (30 sess\u00f5es ao ano): acompanhamento para desenvolvimento motor, cognitivo e emocional.<br \/> \u2022 Transplantes al\u00e9m dos previstos em lei \u2013 rim, c\u00f3rnea e medula \u00f3ssea: inclui cora\u00e7\u00e3o, p\u00e2ncreas, p\u00e2ncreas-rim, pulm\u00e3o e f\u00edgado, com despesas assistenciais ao doador vivo conforme contrato.<\/p>\n<p> \t\t<\/div>\n\t\t\t<\/div>\n\n\t \n\t<div id=\"col-509893325\" class=\"col hide-for-small medium-6 small-12 large-6\"  >\n\t\t<div class=\"col-inner\"  >\n\t\t\t\n\t\t\t \t<div class=\"img has-hover x md-x lg-x y md-y lg-y\" id=\"image_177204752\">\n\t\t\t\t\t\t\t\t<div class=\"img-inner image-cover dark\" style=\"padding-top:435px;\">\n\t\t\t<img loading=\"lazy\" decoding=\"async\" width=\"1020\" height=\"680\" src=\"https:\/\/todosplanosdesaude.com.br\/sulamerica-saude\/wp-content\/uploads\/2021\/06\/2.1-5-1024x683.jpg\" class=\"attachment-large size-large\" alt=\"\" srcset=\"https:\/\/todosplanosdesaude.com.br\/sulamerica-saude\/wp-content\/uploads\/2021\/06\/2.1-5-1024x683.jpg 1024w, https:\/\/todosplanosdesaude.com.br\/sulamerica-saude\/wp-content\/uploads\/2021\/06\/2.1-5-300x200.jpg 300w, https:\/\/todosplanosdesaude.com.br\/sulamerica-saude\/wp-content\/uploads\/2021\/06\/2.1-5-768x512.jpg 768w, https:\/\/todosplanosdesaude.com.br\/sulamerica-saude\/wp-content\/uploads\/2021\/06\/2.1-5-1536x1024.jpg 1536w, https:\/\/todosplanosdesaude.com.br\/sulamerica-saude\/wp-content\/uploads\/2021\/06\/2.1-5-2048x1365.jpg 2048w\" sizes=\"auto, (max-width: 1020px) 100vw, 1020px\" \/>\t\t\t\t\t\t\n\t\t\t\t\t<\/div>\n\t\t\t\t\t\t\t\t\n<style>\n#image_177204752 {\n  width: 100%;\n}\n<\/style>\n\t<\/div>\n\t \t\t<\/div>\n\t\t\t<\/div>\n\n\t <\/div> \t\t<\/div>\n\n\t\t\n<style>\n#section_2022042099 {\n  padding-top: 30px;\n  padding-bottom: 30px;\n}\n<\/style>\n\t<\/section>\n\t\n","protected":false},"excerpt":{"rendered":"","protected":false},"author":1,"featured_media":0,"parent":0,"menu_order":0,"comment_status":"closed","ping_status":"closed","template":"page-blank.php","meta":{"footnotes":""},"class_list":["post-6855","page","type-page","status-publish","hentry"],"yoast_head":"<!-- This site is optimized with the Yoast SEO plugin v25.3.1 - https:\/\/yoast.com\/wordpress\/plugins\/seo\/ -->\n<title>SulAm\u00e9rica Direto Regional - Plano de Sa\u00fade SulAm\u00e9rica<\/title>\n<meta name=\"robots\" content=\"index, follow, max-snippet:-1, max-image-preview:large, max-video-preview:-1\" \/>\n<link rel=\"canonical\" href=\"https:\/\/todosplanosdesaude.com.br\/sulamerica-saude\/sulamerica-direto-regional\/\" \/>\n<meta property=\"og:locale\" content=\"en_US\" \/>\n<meta property=\"og:type\" content=\"article\" \/>\n<meta property=\"og:title\" content=\"SulAm\u00e9rica Direto Regional - Plano de Sa\u00fade SulAm\u00e9rica\" \/>\n<meta property=\"og:url\" content=\"https:\/\/todosplanosdesaude.com.br\/sulamerica-saude\/sulamerica-direto-regional\/\" \/>\n<meta property=\"og:site_name\" content=\"Plano de Sa\u00fade SulAm\u00e9rica\" \/>\n<meta property=\"article:modified_time\" content=\"2026-03-02T15:49:20+00:00\" \/>\n<meta name=\"twitter:card\" content=\"summary_large_image\" \/>\n<meta name=\"twitter:label1\" content=\"Est. reading time\" \/>\n\t<meta name=\"twitter:data1\" content=\"3 minutes\" \/>\n<script type=\"application\/ld+json\" class=\"yoast-schema-graph\">{\"@context\":\"https:\/\/schema.org\",\"@graph\":[{\"@type\":\"WebPage\",\"@id\":\"https:\/\/todosplanosdesaude.com.br\/sulamerica-saude\/sulamerica-direto-regional\/\",\"url\":\"https:\/\/todosplanosdesaude.com.br\/sulamerica-saude\/sulamerica-direto-regional\/\",\"name\":\"SulAm\u00e9rica Direto Regional - Plano de Sa\u00fade SulAm\u00e9rica\",\"isPartOf\":{\"@id\":\"https:\/\/todosplanosdesaude.com.br\/sulamerica-saude\/#website\"},\"datePublished\":\"2026-03-02T15:26:41+00:00\",\"dateModified\":\"2026-03-02T15:49:20+00:00\",\"breadcrumb\":{\"@id\":\"https:\/\/todosplanosdesaude.com.br\/sulamerica-saude\/sulamerica-direto-regional\/#breadcrumb\"},\"inLanguage\":\"en-US\",\"potentialAction\":[{\"@type\":\"ReadAction\",\"target\":[\"https:\/\/todosplanosdesaude.com.br\/sulamerica-saude\/sulamerica-direto-regional\/\"]}]},{\"@type\":\"BreadcrumbList\",\"@id\":\"https:\/\/todosplanosdesaude.com.br\/sulamerica-saude\/sulamerica-direto-regional\/#breadcrumb\",\"itemListElement\":[{\"@type\":\"ListItem\",\"position\":1,\"name\":\"Home\",\"item\":\"https:\/\/todosplanosdesaude.com.br\/sulamerica-saude\/\"},{\"@type\":\"ListItem\",\"position\":2,\"name\":\"SulAm\u00e9rica Direto Regional\"}]},{\"@type\":\"WebSite\",\"@id\":\"https:\/\/todosplanosdesaude.com.br\/sulamerica-saude\/#website\",\"url\":\"https:\/\/todosplanosdesaude.com.br\/sulamerica-saude\/\",\"name\":\"Plano de Sa\u00fade SulAm\u00e9rica\",\"description\":\"\",\"potentialAction\":[{\"@type\":\"SearchAction\",\"target\":{\"@type\":\"EntryPoint\",\"urlTemplate\":\"https:\/\/todosplanosdesaude.com.br\/sulamerica-saude\/?s={search_term_string}\"},\"query-input\":{\"@type\":\"PropertyValueSpecification\",\"valueRequired\":true,\"valueName\":\"search_term_string\"}}],\"inLanguage\":\"en-US\"}]}<\/script>\n<!-- \/ Yoast SEO plugin. -->","yoast_head_json":{"title":"SulAm\u00e9rica Direto Regional - Plano de Sa\u00fade SulAm\u00e9rica","robots":{"index":"index","follow":"follow","max-snippet":"max-snippet:-1","max-image-preview":"max-image-preview:large","max-video-preview":"max-video-preview:-1"},"canonical":"https:\/\/todosplanosdesaude.com.br\/sulamerica-saude\/sulamerica-direto-regional\/","og_locale":"en_US","og_type":"article","og_title":"SulAm\u00e9rica Direto Regional - Plano de Sa\u00fade SulAm\u00e9rica","og_url":"https:\/\/todosplanosdesaude.com.br\/sulamerica-saude\/sulamerica-direto-regional\/","og_site_name":"Plano de Sa\u00fade SulAm\u00e9rica","article_modified_time":"2026-03-02T15:49:20+00:00","twitter_card":"summary_large_image","twitter_misc":{"Est. reading time":"3 minutes"},"schema":{"@context":"https:\/\/schema.org","@graph":[{"@type":"WebPage","@id":"https:\/\/todosplanosdesaude.com.br\/sulamerica-saude\/sulamerica-direto-regional\/","url":"https:\/\/todosplanosdesaude.com.br\/sulamerica-saude\/sulamerica-direto-regional\/","name":"SulAm\u00e9rica Direto Regional - Plano de Sa\u00fade SulAm\u00e9rica","isPartOf":{"@id":"https:\/\/todosplanosdesaude.com.br\/sulamerica-saude\/#website"},"datePublished":"2026-03-02T15:26:41+00:00","dateModified":"2026-03-02T15:49:20+00:00","breadcrumb":{"@id":"https:\/\/todosplanosdesaude.com.br\/sulamerica-saude\/sulamerica-direto-regional\/#breadcrumb"},"inLanguage":"en-US","potentialAction":[{"@type":"ReadAction","target":["https:\/\/todosplanosdesaude.com.br\/sulamerica-saude\/sulamerica-direto-regional\/"]}]},{"@type":"BreadcrumbList","@id":"https:\/\/todosplanosdesaude.com.br\/sulamerica-saude\/sulamerica-direto-regional\/#breadcrumb","itemListElement":[{"@type":"ListItem","position":1,"name":"Home","item":"https:\/\/todosplanosdesaude.com.br\/sulamerica-saude\/"},{"@type":"ListItem","position":2,"name":"SulAm\u00e9rica Direto Regional"}]},{"@type":"WebSite","@id":"https:\/\/todosplanosdesaude.com.br\/sulamerica-saude\/#website","url":"https:\/\/todosplanosdesaude.com.br\/sulamerica-saude\/","name":"Plano de Sa\u00fade SulAm\u00e9rica","description":"","potentialAction":[{"@type":"SearchAction","target":{"@type":"EntryPoint","urlTemplate":"https:\/\/todosplanosdesaude.com.br\/sulamerica-saude\/?s={search_term_string}"},"query-input":{"@type":"PropertyValueSpecification","valueRequired":true,"valueName":"search_term_string"}}],"inLanguage":"en-US"}]}},"_links":{"self":[{"href":"https:\/\/todosplanosdesaude.com.br\/sulamerica-saude\/wp-json\/wp\/v2\/pages\/6855","targetHints":{"allow":["GET"]}}],"collection":[{"href":"https:\/\/todosplanosdesaude.com.br\/sulamerica-saude\/wp-json\/wp\/v2\/pages"}],"about":[{"href":"https:\/\/todosplanosdesaude.com.br\/sulamerica-saude\/wp-json\/wp\/v2\/types\/page"}],"author":[{"embeddable":true,"href":"https:\/\/todosplanosdesaude.com.br\/sulamerica-saude\/wp-json\/wp\/v2\/users\/1"}],"replies":[{"embeddable":true,"href":"https:\/\/todosplanosdesaude.com.br\/sulamerica-saude\/wp-json\/wp\/v2\/comments?post=6855"}],"version-history":[{"count":4,"href":"https:\/\/todosplanosdesaude.com.br\/sulamerica-saude\/wp-json\/wp\/v2\/pages\/6855\/revisions"}],"predecessor-version":[{"id":6859,"href":"https:\/\/todosplanosdesaude.com.br\/sulamerica-saude\/wp-json\/wp\/v2\/pages\/6855\/revisions\/6859"}],"wp:attachment":[{"href":"https:\/\/todosplanosdesaude.com.br\/sulamerica-saude\/wp-json\/wp\/v2\/media?parent=6855"}],"curies":[{"name":"wp","href":"https:\/\/api.w.org\/{rel}","templated":true}]}}