{"id":6862,"date":"2026-03-02T15:51:56","date_gmt":"2026-03-02T15:51:56","guid":{"rendered":"https:\/\/todosplanosdesaude.com.br\/sulamerica-saude\/?page_id=6862"},"modified":"2026-03-02T15:54:26","modified_gmt":"2026-03-02T15:54:26","slug":"sulamerica-saude-exato","status":"publish","type":"page","link":"https:\/\/todosplanosdesaude.com.br\/sulamerica-saude\/sulamerica-saude-exato\/","title":{"rendered":"SulAm\u00e9rica Sa\u00fade Exato"},"content":{"rendered":"  <div id=\"page-header-1222369310\" class=\"page-header-wrapper\">\n  <div class=\"page-title hide-for-small dark featured-title\">\n\n    \n    <div class=\"page-title-inner container align-bottom text-center flex-row-col medium-flex-wrap\" >\n              <div class=\"title-wrapper uppercase flex-col\">\n          <h1 class=\"entry-title mb-0\">\n            SulAm\u00e9rica Exato          <\/h1>\n        <\/div>\n                    <div class=\"title-content flex-col\">\n        <div class=\"title-breadcrumbs pb-half pt-half\"><\/div>      <\/div>\n    <\/div>\n\n     \n<style>\n#page-header-1222369310 .page-title-inner {\n  min-height: 0px;\n}\n#page-header-1222369310 {\n  margin-bottom: 0px;\n}\n<\/style>\n  <\/div>\n    <\/div>\n   \t<section class=\"section\" id=\"section_383907613\">\n\t\t<div class=\"bg section-bg fill bg-fill  bg-loaded\" >\n\n\t\t\t\n\t\t\t\n\t\t\t\n\n\t\t<\/div>\n\n\t\t<div class=\"section-content relative\">\n\t\t\t <div class=\"row align-middle\"  id=\"row-1333257989\"> \n\t<div id=\"col-71857962\" class=\"col small-12 large-12\"  >\n\t\t<div class=\"col-inner\"  >\n\t\t\t\n\t\t\t <div class=\"container section-title-container\" ><h3 class=\"section-title section-title-normal\"><b><\/b><span class=\"section-title-main\" >SulAm\u00e9rica Exato<\/span><b><\/b><\/h3><\/div> <\/p>\n<p>O SulAm\u00e9rica Exato \u00e9 um plano de sa\u00fade empresarial com cobertura nacional e rede credenciada ampliada, ideal para empresas que buscam equil\u00edbrio entre qualidade assistencial e controle de custos. Desenvolvido para oferecer gest\u00e3o eficiente da sa\u00fade corporativa, o SulAm\u00e9rica Exato combina atendimento completo em todo o Brasil com excelente custo-benef\u00edcio, permitindo contrata\u00e7\u00e3o a partir de 3 vidas e adapta\u00e7\u00e3o ao perfil da sua empresa.<\/p>\n<p>Com o SulAm\u00e9rica Exato, sua empresa pode escolher entre modalidades com ou sem coparticipa\u00e7\u00e3o e definir o padr\u00e3o de acomoda\u00e7\u00e3o, enfermaria ou apartamento. Para grupos de 3 a 29 vidas, o plano oferece limitador de despesas por procedimento e valor fixo para interna\u00e7\u00f5es na coparticipa\u00e7\u00e3o, garantindo previsibilidade financeira. Al\u00e9m disso, os colaboradores contam com rede nacional de urg\u00eancia e emerg\u00eancia dentro da abrang\u00eancia contratada.<\/p>\n<p>Ao optar pelo SulAm\u00e9rica Exato, a empresa investe em cobertura nacional estruturada, retorno sobre investimento equilibrado e a confian\u00e7a de uma operadora com tradi\u00e7\u00e3o no mercado. A combina\u00e7\u00e3o entre rede ampla, flexibilidade contratual e seguran\u00e7a or\u00e7ament\u00e1ria torna o SulAm\u00e9rica Exato uma solu\u00e7\u00e3o inteligente para fortalecer benef\u00edcios corporativos em todo o pa\u00eds.<\/p>\n<p> \t\t<\/div>\n\t\t\t<\/div>\n\n\t <\/div> <div class=\"row\"  id=\"row-1622051520\"> \n\t<div id=\"col-2118574910\" class=\"col medium-6 small-12 large-6\"  >\n\t\t<div class=\"col-inner\"  >\n\t\t\t\n\t\t\t <div class=\"container section-title-container\" ><h3 class=\"section-title section-title-normal\"><b><\/b><span class=\"section-title-main\" >DIFERENCIAIS SulAm\u00e9rica Exato<\/span><b><\/b><\/h3><\/div> <\/p>\n<p> <i class=\"icon-checkmark\"><\/i> <strong>Cobertura nacional ampliada<\/strong>: atendimento garantido em todo o Brasil por meio de rede credenciada estruturada.<\/p>\n<p> <i class=\"icon-checkmark\"><\/i> <strong>Gest\u00e3o inteligente de custos<\/strong>: limitador de despesas e valor fixo para interna\u00e7\u00f5es na modalidade com coparticipa\u00e7\u00e3o.<\/p>\n<p> <i class=\"icon-checkmark\"><\/i> <strong>Flexibilidade contratual<\/strong>: escolha entre op\u00e7\u00f5es com ou sem coparticipa\u00e7\u00e3o conforme o perfil da empresa.<\/p>\n<p> <i class=\"icon-checkmark\"><\/i> <strong>Padr\u00e3o de acomoda\u00e7\u00e3o<\/strong>: possibilidade de optar por enfermaria ou apartamento com excel\u00eancia assistencial.<\/p>\n<p> <i class=\"icon-checkmark\"><\/i> <strong>Contrata\u00e7\u00e3o a partir de 3 vidas<\/strong>: ideal para pequenas e m\u00e9dias empresas que buscam plano nacional acess\u00edvel.<\/p>\n<p> <i class=\"icon-checkmark\"><\/i> <strong>Assist\u00eancia Viagem Nacional<\/strong>: suporte ao segurado com servi\u00e7os de translado, hospedagem e retorno em caso de imprevistos.<\/p>\n<p> \t\t<\/div>\n\t\t\t<\/div>\n\n\t \n\t<div id=\"col-1156624038\" class=\"col medium-6 small-12 large-6\"  >\n\t\t<div class=\"col-inner\"  >\n\t\t\t\n\t\t\t <div class=\"container section-title-container\" ><h3 class=\"section-title section-title-normal\"><b><\/b><span class=\"section-title-main\" >Modalidades de contrata\u00e7\u00e3o<\/span><b><\/b><\/h3><\/div> <\/p>\n<p class=\"mb-20\"><strong>Hospitalar com Obstetr\u00edcia<\/strong><br \/> \u25aa Atendimento em Pronto Socorro para urg\u00eancia e emerg\u00eancia;<br \/> \u25aa Cirurgias conforme cobertura contratual;<br \/> \u25aa Interna\u00e7\u00f5es hospitalares na rede nacional credenciada;<br \/> \u25aa Partos com cobertura assistencial ao rec\u00e9m-nascido nos primeiros 30 dias ap\u00f3s o nascimento.<\/p>\n<p class=\"mb-20\"><strong>Ambulatorial e Hospitalar com Obstetr\u00edcia<\/strong><br \/> \u25aa Consultas m\u00e9dicas em diversas especialidades;<br \/> \u25aa Exames laboratoriais e de imagem;<br \/> \u25aa Atendimento em Pronto Socorro;<br \/> \u25aa Cirurgias;<br \/> \u25aa Interna\u00e7\u00f5es hospitalares;<br \/> \u25aa Partos com cobertura ao rec\u00e9m-nascido conforme regras contratuais.<\/p>\n<p><i class=\"icon-checkmark\"><\/i> Consultas e exames exclusivos para gestantes durante o acompanhamento pr\u00e9-natal;<br \/> <i class=\"icon-checkmark\"><\/i> Procedimentos especiais necess\u00e1rios para continuidade da assist\u00eancia hospitalar, como hemodi\u00e1lises, quimioterapias, radioterapias e fisioterapias, entre outros.<\/p>\n<p> \t\t<\/div>\n\t\t\t<\/div>\n\n\t <\/div> <div class=\"row\"  id=\"row-348349445\"> \n\t<div id=\"col-1294821913\" class=\"col medium-6 small-12 large-6\"  >\n\t\t<div class=\"col-inner\"  >\n\t\t\t\n\t\t\t <div class=\"container section-title-container\" ><h3 class=\"section-title section-title-normal\"><b><\/b><span class=\"section-title-main\" >cobertura SulAm\u00e9rica Exato<\/span><b><\/b><\/h3><\/div> <\/p>\n<p>Al\u00e9m das coberturas obrigat\u00f3rias previstas pela legisla\u00e7\u00e3o da sa\u00fade suplementar, o SulAm\u00e9rica Exato oferece estrutura nacional robusta e benef\u00edcios adicionais que ampliam a seguran\u00e7a dos colaboradores em todo o Brasil.<\/p>\n<p>\u2022 Rede Hospitalar: mais de 1.125 hospitais credenciados nacionalmente.<br \/> \u2022 Rede Laboratorial: mais de 2.165 laborat\u00f3rios para exames e diagn\u00f3sticos.<br \/> \u2022 Rede Ambulatorial: mais de 16.020 prestadores em diversas especialidades.<br \/> \u2022 Assist\u00eancia Viagem Nacional: cobertura com translados m\u00e9dicos, acompanhante em interna\u00e7\u00f5es prolongadas, hospedagem, prorroga\u00e7\u00e3o de estadia e retorno do segurado.<\/p>\n<p> \t\t<\/div>\n\t\t\t<\/div>\n\n\t \n\t<div id=\"col-2013584055\" class=\"col hide-for-small medium-6 small-12 large-6\"  >\n\t\t<div class=\"col-inner\"  >\n\t\t\t\n\t\t\t \t<div class=\"img has-hover x md-x lg-x y md-y lg-y\" id=\"image_1647597263\">\n\t\t\t\t\t\t\t\t<div class=\"img-inner image-cover dark\" style=\"padding-top:435px;\">\n\t\t\t<img loading=\"lazy\" decoding=\"async\" width=\"1020\" height=\"680\" src=\"https:\/\/todosplanosdesaude.com.br\/sulamerica-saude\/wp-content\/uploads\/2021\/06\/2.1-5-1024x683.jpg\" class=\"attachment-large size-large\" alt=\"\" srcset=\"https:\/\/todosplanosdesaude.com.br\/sulamerica-saude\/wp-content\/uploads\/2021\/06\/2.1-5-1024x683.jpg 1024w, https:\/\/todosplanosdesaude.com.br\/sulamerica-saude\/wp-content\/uploads\/2021\/06\/2.1-5-300x200.jpg 300w, https:\/\/todosplanosdesaude.com.br\/sulamerica-saude\/wp-content\/uploads\/2021\/06\/2.1-5-768x512.jpg 768w, https:\/\/todosplanosdesaude.com.br\/sulamerica-saude\/wp-content\/uploads\/2021\/06\/2.1-5-1536x1024.jpg 1536w, https:\/\/todosplanosdesaude.com.br\/sulamerica-saude\/wp-content\/uploads\/2021\/06\/2.1-5-2048x1365.jpg 2048w\" sizes=\"auto, (max-width: 1020px) 100vw, 1020px\" \/>\t\t\t\t\t\t\n\t\t\t\t\t<\/div>\n\t\t\t\t\t\t\t\t\n<style>\n#image_1647597263 {\n  width: 100%;\n}\n<\/style>\n\t<\/div>\n\t \t\t<\/div>\n\t\t\t<\/div>\n\n\t <\/div> \t\t<\/div>\n\n\t\t\n<style>\n#section_383907613 {\n  padding-top: 30px;\n  padding-bottom: 30px;\n}\n<\/style>\n\t<\/section>\n\t\n","protected":false},"excerpt":{"rendered":"","protected":false},"author":1,"featured_media":0,"parent":0,"menu_order":0,"comment_status":"closed","ping_status":"closed","template":"page-blank.php","meta":{"footnotes":""},"class_list":["post-6862","page","type-page","status-publish","hentry"],"yoast_head":"<!-- This site is optimized with the Yoast SEO plugin v25.3.1 - https:\/\/yoast.com\/wordpress\/plugins\/seo\/ -->\n<title>SulAm\u00e9rica Sa\u00fade Exato - Plano de Sa\u00fade SulAm\u00e9rica<\/title>\n<meta name=\"robots\" content=\"index, follow, max-snippet:-1, max-image-preview:large, max-video-preview:-1\" \/>\n<link rel=\"canonical\" href=\"https:\/\/todosplanosdesaude.com.br\/sulamerica-saude\/sulamerica-saude-exato\/\" \/>\n<meta property=\"og:locale\" content=\"en_US\" \/>\n<meta property=\"og:type\" content=\"article\" \/>\n<meta property=\"og:title\" content=\"SulAm\u00e9rica Sa\u00fade Exato - Plano de Sa\u00fade SulAm\u00e9rica\" \/>\n<meta property=\"og:url\" content=\"https:\/\/todosplanosdesaude.com.br\/sulamerica-saude\/sulamerica-saude-exato\/\" \/>\n<meta property=\"og:site_name\" content=\"Plano de Sa\u00fade SulAm\u00e9rica\" \/>\n<meta property=\"article:modified_time\" content=\"2026-03-02T15:54:26+00:00\" \/>\n<meta name=\"twitter:card\" content=\"summary_large_image\" \/>\n<script type=\"application\/ld+json\" class=\"yoast-schema-graph\">{\"@context\":\"https:\/\/schema.org\",\"@graph\":[{\"@type\":\"WebPage\",\"@id\":\"https:\/\/todosplanosdesaude.com.br\/sulamerica-saude\/sulamerica-saude-exato\/\",\"url\":\"https:\/\/todosplanosdesaude.com.br\/sulamerica-saude\/sulamerica-saude-exato\/\",\"name\":\"SulAm\u00e9rica Sa\u00fade Exato - Plano de Sa\u00fade SulAm\u00e9rica\",\"isPartOf\":{\"@id\":\"https:\/\/todosplanosdesaude.com.br\/sulamerica-saude\/#website\"},\"datePublished\":\"2026-03-02T15:51:56+00:00\",\"dateModified\":\"2026-03-02T15:54:26+00:00\",\"breadcrumb\":{\"@id\":\"https:\/\/todosplanosdesaude.com.br\/sulamerica-saude\/sulamerica-saude-exato\/#breadcrumb\"},\"inLanguage\":\"en-US\",\"potentialAction\":[{\"@type\":\"ReadAction\",\"target\":[\"https:\/\/todosplanosdesaude.com.br\/sulamerica-saude\/sulamerica-saude-exato\/\"]}]},{\"@type\":\"BreadcrumbList\",\"@id\":\"https:\/\/todosplanosdesaude.com.br\/sulamerica-saude\/sulamerica-saude-exato\/#breadcrumb\",\"itemListElement\":[{\"@type\":\"ListItem\",\"position\":1,\"name\":\"Home\",\"item\":\"https:\/\/todosplanosdesaude.com.br\/sulamerica-saude\/\"},{\"@type\":\"ListItem\",\"position\":2,\"name\":\"SulAm\u00e9rica Sa\u00fade Exato\"}]},{\"@type\":\"WebSite\",\"@id\":\"https:\/\/todosplanosdesaude.com.br\/sulamerica-saude\/#website\",\"url\":\"https:\/\/todosplanosdesaude.com.br\/sulamerica-saude\/\",\"name\":\"Plano de Sa\u00fade SulAm\u00e9rica\",\"description\":\"\",\"potentialAction\":[{\"@type\":\"SearchAction\",\"target\":{\"@type\":\"EntryPoint\",\"urlTemplate\":\"https:\/\/todosplanosdesaude.com.br\/sulamerica-saude\/?s={search_term_string}\"},\"query-input\":{\"@type\":\"PropertyValueSpecification\",\"valueRequired\":true,\"valueName\":\"search_term_string\"}}],\"inLanguage\":\"en-US\"}]}<\/script>\n<!-- \/ Yoast SEO plugin. -->","yoast_head_json":{"title":"SulAm\u00e9rica Sa\u00fade Exato - Plano de Sa\u00fade SulAm\u00e9rica","robots":{"index":"index","follow":"follow","max-snippet":"max-snippet:-1","max-image-preview":"max-image-preview:large","max-video-preview":"max-video-preview:-1"},"canonical":"https:\/\/todosplanosdesaude.com.br\/sulamerica-saude\/sulamerica-saude-exato\/","og_locale":"en_US","og_type":"article","og_title":"SulAm\u00e9rica Sa\u00fade Exato - Plano de Sa\u00fade SulAm\u00e9rica","og_url":"https:\/\/todosplanosdesaude.com.br\/sulamerica-saude\/sulamerica-saude-exato\/","og_site_name":"Plano de Sa\u00fade SulAm\u00e9rica","article_modified_time":"2026-03-02T15:54:26+00:00","twitter_card":"summary_large_image","schema":{"@context":"https:\/\/schema.org","@graph":[{"@type":"WebPage","@id":"https:\/\/todosplanosdesaude.com.br\/sulamerica-saude\/sulamerica-saude-exato\/","url":"https:\/\/todosplanosdesaude.com.br\/sulamerica-saude\/sulamerica-saude-exato\/","name":"SulAm\u00e9rica Sa\u00fade Exato - Plano de Sa\u00fade SulAm\u00e9rica","isPartOf":{"@id":"https:\/\/todosplanosdesaude.com.br\/sulamerica-saude\/#website"},"datePublished":"2026-03-02T15:51:56+00:00","dateModified":"2026-03-02T15:54:26+00:00","breadcrumb":{"@id":"https:\/\/todosplanosdesaude.com.br\/sulamerica-saude\/sulamerica-saude-exato\/#breadcrumb"},"inLanguage":"en-US","potentialAction":[{"@type":"ReadAction","target":["https:\/\/todosplanosdesaude.com.br\/sulamerica-saude\/sulamerica-saude-exato\/"]}]},{"@type":"BreadcrumbList","@id":"https:\/\/todosplanosdesaude.com.br\/sulamerica-saude\/sulamerica-saude-exato\/#breadcrumb","itemListElement":[{"@type":"ListItem","position":1,"name":"Home","item":"https:\/\/todosplanosdesaude.com.br\/sulamerica-saude\/"},{"@type":"ListItem","position":2,"name":"SulAm\u00e9rica Sa\u00fade Exato"}]},{"@type":"WebSite","@id":"https:\/\/todosplanosdesaude.com.br\/sulamerica-saude\/#website","url":"https:\/\/todosplanosdesaude.com.br\/sulamerica-saude\/","name":"Plano de Sa\u00fade SulAm\u00e9rica","description":"","potentialAction":[{"@type":"SearchAction","target":{"@type":"EntryPoint","urlTemplate":"https:\/\/todosplanosdesaude.com.br\/sulamerica-saude\/?s={search_term_string}"},"query-input":{"@type":"PropertyValueSpecification","valueRequired":true,"valueName":"search_term_string"}}],"inLanguage":"en-US"}]}},"_links":{"self":[{"href":"https:\/\/todosplanosdesaude.com.br\/sulamerica-saude\/wp-json\/wp\/v2\/pages\/6862","targetHints":{"allow":["GET"]}}],"collection":[{"href":"https:\/\/todosplanosdesaude.com.br\/sulamerica-saude\/wp-json\/wp\/v2\/pages"}],"about":[{"href":"https:\/\/todosplanosdesaude.com.br\/sulamerica-saude\/wp-json\/wp\/v2\/types\/page"}],"author":[{"embeddable":true,"href":"https:\/\/todosplanosdesaude.com.br\/sulamerica-saude\/wp-json\/wp\/v2\/users\/1"}],"replies":[{"embeddable":true,"href":"https:\/\/todosplanosdesaude.com.br\/sulamerica-saude\/wp-json\/wp\/v2\/comments?post=6862"}],"version-history":[{"count":2,"href":"https:\/\/todosplanosdesaude.com.br\/sulamerica-saude\/wp-json\/wp\/v2\/pages\/6862\/revisions"}],"predecessor-version":[{"id":6876,"href":"https:\/\/todosplanosdesaude.com.br\/sulamerica-saude\/wp-json\/wp\/v2\/pages\/6862\/revisions\/6876"}],"wp:attachment":[{"href":"https:\/\/todosplanosdesaude.com.br\/sulamerica-saude\/wp-json\/wp\/v2\/media?parent=6862"}],"curies":[{"name":"wp","href":"https:\/\/api.w.org\/{rel}","templated":true}]}}