{"id":6865,"date":"2026-03-02T15:52:35","date_gmt":"2026-03-02T15:52:35","guid":{"rendered":"https:\/\/todosplanosdesaude.com.br\/sulamerica-saude\/?page_id=6865"},"modified":"2026-03-02T16:00:37","modified_gmt":"2026-03-02T16:00:37","slug":"sulamerica-especial-mais","status":"publish","type":"page","link":"https:\/\/todosplanosdesaude.com.br\/sulamerica-saude\/sulamerica-especial-mais\/","title":{"rendered":"SulAm\u00e9rica Especial Mais"},"content":{"rendered":"  <div id=\"page-header-1689028251\" class=\"page-header-wrapper\">\n  <div class=\"page-title hide-for-small dark featured-title\">\n\n    \n    <div class=\"page-title-inner container align-bottom text-center flex-row-col medium-flex-wrap\" >\n              <div class=\"title-wrapper uppercase flex-col\">\n          <h1 class=\"entry-title mb-0\">\n            SULAM\u00c9RICA ESPECIAL MAIS          <\/h1>\n        <\/div>\n                    <div class=\"title-content flex-col\">\n        <div class=\"title-breadcrumbs pb-half pt-half\"><\/div>      <\/div>\n    <\/div>\n\n     \n<style>\n#page-header-1689028251 .page-title-inner {\n  min-height: 0px;\n}\n#page-header-1689028251 {\n  margin-bottom: 0px;\n}\n<\/style>\n  <\/div>\n    <\/div>\n  \n\t<section class=\"section\" id=\"section_1805749991\">\n\t\t<div class=\"bg section-bg fill bg-fill  bg-loaded\" >\n\n\t\t\t\n\t\t\t\n\t\t\t\n\n\t\t<\/div>\n\n\t\t<div class=\"section-content relative\">\n\t\t\t\n<div class=\"row align-middle\"  id=\"row-96775322\">\n\n\t<div id=\"col-625827194\" class=\"col small-12 large-12\"  >\n\t\t<div class=\"col-inner\"  >\n\t\t\t\n\t\t\t\n<div class=\"container section-title-container\" ><h3 class=\"section-title section-title-normal\"><b><\/b><span class=\"section-title-main\" >SulAm\u00e9rica Especial Mais<\/span><b><\/b><\/h3><\/div>\n<p>O SulAm\u00e9rica Especial Mais \u00e9 um plano de sa\u00fade empresarial desenvolvido para empresas que desejam oferecer m\u00e1ximo conforto, atendimento diferenciado e uma experi\u00eancia premium em cada etapa do cuidado. Com cobertura nacional e acesso a uma rede credenciada de alto padr\u00e3o, \u00e9 a escolha ideal para organiza\u00e7\u00f5es que valorizam excel\u00eancia em sa\u00fade.<\/p>\n<p>Com contrata\u00e7\u00e3o a partir de 3 vidas, o SulAm\u00e9rica Especial Mais oferece acomoda\u00e7\u00e3o em Apartamento (quarto individual), garantindo privacidade e comodidade durante interna\u00e7\u00f5es. O plano conta com op\u00e7\u00f5es com ou sem coparticipa\u00e7\u00e3o, al\u00e9m de reembolso personaliz\u00e1vel, proporcionando liberdade na escolha de m\u00e9dicos, cl\u00ednicas e hospitais renomados.<\/p>\n<p>Al\u00e9m da rede premium, o Especial Mais inclui benef\u00edcios exclusivos como Concierge, check-up anual e cobertura para vacinas do calend\u00e1rio oficial. \u00c9 a solu\u00e7\u00e3o completa para empresas que desejam se destacar oferecendo um plano superior, respaldado pela tradi\u00e7\u00e3o e solidez da SulAm\u00e9rica no mercado.<\/p>\n\t\t<\/div>\n\t\t\t<\/div>\n\n\t\n<\/div>\n<div class=\"row\"  id=\"row-1928231994\">\n\n\t<div id=\"col-1971064342\" class=\"col medium-6 small-12 large-6\"  >\n\t\t<div class=\"col-inner\"  >\n\t\t\t\n\t\t\t\n<div class=\"container section-title-container\" ><h3 class=\"section-title section-title-normal\"><b><\/b><span class=\"section-title-main\" >DIFERENCIAIS SULAM\u00c9RICA ESPECIAL MAIS<\/span><b><\/b><\/h3><\/div>\n<p> <i class=\"icon-checkmark\"><\/i> <strong>Rede Premium Nacional<\/strong>: Mais de 1.221 hospitais, 2.275 laborat\u00f3rios e ampla rede ambulatorial em todo o Brasil.<\/p>\n<p> <i class=\"icon-checkmark\"><\/i> <strong>Acomoda\u00e7\u00e3o em Apartamento<\/strong>: Interna\u00e7\u00e3o em quarto individual com mais conforto, privacidade e atendimento diferenciado.<\/p>\n<p> <i class=\"icon-checkmark\"><\/i> <strong>Reembolso Diferenciado<\/strong>: Valores personaliz\u00e1veis conforme tipo de atendimento, garantindo liberdade de escolha.<\/p>\n<p> <i class=\"icon-checkmark\"><\/i> <strong>Concierge SulAm\u00e9rica<\/strong>: Atendimento exclusivo com suporte humanizado, aux\u00edlio em reembolsos e agendamentos.<\/p>\n<p> <i class=\"icon-checkmark\"><\/i> <strong>Check-up e Vacinas<\/strong>: Check-up anual para titular e cobertura de vacinas do calend\u00e1rio oficial e do viajante.<\/p>\n<p> <i class=\"icon-checkmark\"><\/i> <strong>Assist\u00eancia e Seguro Viagem<\/strong>: Cobertura nacional e seguro viagem internacional com suporte completo.<\/p>\n\t\t<\/div>\n\t\t\t<\/div>\n\n\t\n\n\t<div id=\"col-1777538111\" class=\"col medium-6 small-12 large-6\"  >\n\t\t<div class=\"col-inner\"  >\n\t\t\t\n\t\t\t\n<div class=\"container section-title-container\" ><h3 class=\"section-title section-title-normal\"><b><\/b><span class=\"section-title-main\" >Modalidades de contrata\u00e7\u00e3o<\/span><b><\/b><\/h3><\/div>\n<p class=\"mb-20\"><strong>Hospitalar com Obstetr\u00edcia<\/strong><br \/>\n\u25aa Atendimento em Pronto Socorro (para urg\u00eancia e emerg\u00eancia);<br \/>\n\u25aa Cirurgias;<br \/>\n\u25aa Interna\u00e7\u00f5es hospitalares;<br \/>\n\u25aa Partos (inclui cobertura assistencial ao rec\u00e9m-nascido durante os primeiros 30 dias ap\u00f3s o parto).<\/p>\n<p class=\"mb-20\"><strong>Ambulatorial e Hospitalar com Obstetr\u00edcia<\/strong><br \/>\n\u25aa Consultas;<br \/>\n\u25aa Exames;<br \/>\n\u25aa Atendimento em Pronto Socorro;<br \/>\n\u25aa Cirurgias;<br \/>\n\u25aa Interna\u00e7\u00f5es hospitalares;<br \/>\n\u25aa Partos (inclui cobertura assistencial ao rec\u00e9m-nascido durante os primeiros 30 dias ap\u00f3s o parto)<\/p>\n<p><i class=\"icon-checkmark\"><\/i> Consultas e exames exclusivamente para gestantes, em acompanhamento pr\u00e9-natal;<br \/>\n<i class=\"icon-checkmark\"><\/i> Procedimentos especiais necess\u00e1rios para continuidade da assist\u00eancia prestada em n\u00edvel de interna\u00e7\u00e3o hospitalar, como: Hemodi\u00e1lises, quimioterapias, radioterapias, fisioterapias entre outros.<\/p>\n\t\t<\/div>\n\t\t\t<\/div>\n\n\t\n<\/div>\n<div class=\"row\"  id=\"row-125192732\">\n\n\t<div id=\"col-1348992031\" class=\"col medium-6 small-12 large-6\"  >\n\t\t<div class=\"col-inner\"  >\n\t\t\t\n\t\t\t\n<div class=\"container section-title-container\" ><h3 class=\"section-title section-title-normal\"><b><\/b><span class=\"section-title-main\" >cobertura sulam\u00e9rica especial mais<\/span><b><\/b><\/h3><\/div>\n<p>Al\u00e9m das coberturas obrigat\u00f3rias previstas pela ANS, o SulAm\u00e9rica Especial Mais amplia a prote\u00e7\u00e3o com benef\u00edcios exclusivos que elevam o padr\u00e3o de atendimento e cuidado com os colaboradores.<\/p>\n<p>\u2022 Escleroterapia (12 sess\u00f5es ao ano): tratamento de vasinhos e microvarizes.<br \/>\n\u2022 Fonoaudiologia (30 sess\u00f5es ao ano): terapias especializadas e acompanhamento completo.<br \/>\n\u2022 Psicomotricidade (30 sess\u00f5es ao ano): suporte para desenvolvimento motor, sensorial e cognitivo.<br \/>\n\u2022 Transplantes al\u00e9m dos previstos em lei (rim, c\u00f3rnea e medula \u00f3ssea): cobertura para cora\u00e7\u00e3o, p\u00e2ncreas, p\u00e2ncreas-rim, pulm\u00e3o e f\u00edgado, incluindo despesas assistenciais com doador vivo.<\/p>\n\t\t<\/div>\n\t\t\t<\/div>\n\n\t\n\n\t<div id=\"col-601178921\" class=\"col hide-for-small medium-6 small-12 large-6\"  >\n\t\t<div class=\"col-inner\"  >\n\t\t\t\n\t\t\t\n\t<div class=\"img has-hover x md-x lg-x y md-y lg-y\" id=\"image_1020501517\">\n\t\t\t\t\t\t\t\t<div class=\"img-inner image-cover dark\" style=\"padding-top:435px;\">\n\t\t\t<img loading=\"lazy\" decoding=\"async\" width=\"1020\" height=\"680\" src=\"https:\/\/todosplanosdesaude.com.br\/sulamerica-saude\/wp-content\/uploads\/2021\/06\/2.1-5-1024x683.jpg\" class=\"attachment-large size-large\" alt=\"\" srcset=\"https:\/\/todosplanosdesaude.com.br\/sulamerica-saude\/wp-content\/uploads\/2021\/06\/2.1-5-1024x683.jpg 1024w, https:\/\/todosplanosdesaude.com.br\/sulamerica-saude\/wp-content\/uploads\/2021\/06\/2.1-5-300x200.jpg 300w, https:\/\/todosplanosdesaude.com.br\/sulamerica-saude\/wp-content\/uploads\/2021\/06\/2.1-5-768x512.jpg 768w, https:\/\/todosplanosdesaude.com.br\/sulamerica-saude\/wp-content\/uploads\/2021\/06\/2.1-5-1536x1024.jpg 1536w, https:\/\/todosplanosdesaude.com.br\/sulamerica-saude\/wp-content\/uploads\/2021\/06\/2.1-5-2048x1365.jpg 2048w\" sizes=\"auto, (max-width: 1020px) 100vw, 1020px\" \/>\t\t\t\t\t\t\n\t\t\t\t\t<\/div>\n\t\t\t\t\t\t\t\t\n<style>\n#image_1020501517 {\n  width: 100%;\n}\n<\/style>\n\t<\/div>\n\t\n\t\t<\/div>\n\t\t\t<\/div>\n\n\t\n<\/div>\n\t\t<\/div>\n\n\t\t\n<style>\n#section_1805749991 {\n  padding-top: 30px;\n  padding-bottom: 30px;\n}\n<\/style>\n\t<\/section>\n\t\n","protected":false},"excerpt":{"rendered":"","protected":false},"author":1,"featured_media":0,"parent":0,"menu_order":0,"comment_status":"closed","ping_status":"closed","template":"page-blank.php","meta":{"footnotes":""},"class_list":["post-6865","page","type-page","status-publish","hentry"],"yoast_head":"<!-- This site is optimized with the Yoast SEO plugin v25.3.1 - https:\/\/yoast.com\/wordpress\/plugins\/seo\/ -->\n<title>SulAm\u00e9rica Especial Mais - Plano de Sa\u00fade SulAm\u00e9rica<\/title>\n<meta name=\"robots\" content=\"index, follow, max-snippet:-1, max-image-preview:large, max-video-preview:-1\" \/>\n<link rel=\"canonical\" href=\"https:\/\/todosplanosdesaude.com.br\/sulamerica-saude\/sulamerica-especial-mais\/\" \/>\n<meta property=\"og:locale\" content=\"en_US\" \/>\n<meta property=\"og:type\" content=\"article\" \/>\n<meta property=\"og:title\" content=\"SulAm\u00e9rica Especial Mais - Plano de Sa\u00fade SulAm\u00e9rica\" \/>\n<meta property=\"og:url\" content=\"https:\/\/todosplanosdesaude.com.br\/sulamerica-saude\/sulamerica-especial-mais\/\" \/>\n<meta property=\"og:site_name\" content=\"Plano de Sa\u00fade SulAm\u00e9rica\" \/>\n<meta property=\"article:modified_time\" content=\"2026-03-02T16:00:37+00:00\" \/>\n<meta name=\"twitter:card\" content=\"summary_large_image\" \/>\n<script type=\"application\/ld+json\" class=\"yoast-schema-graph\">{\"@context\":\"https:\/\/schema.org\",\"@graph\":[{\"@type\":\"WebPage\",\"@id\":\"https:\/\/todosplanosdesaude.com.br\/sulamerica-saude\/sulamerica-especial-mais\/\",\"url\":\"https:\/\/todosplanosdesaude.com.br\/sulamerica-saude\/sulamerica-especial-mais\/\",\"name\":\"SulAm\u00e9rica Especial Mais - Plano de Sa\u00fade SulAm\u00e9rica\",\"isPartOf\":{\"@id\":\"https:\/\/todosplanosdesaude.com.br\/sulamerica-saude\/#website\"},\"datePublished\":\"2026-03-02T15:52:35+00:00\",\"dateModified\":\"2026-03-02T16:00:37+00:00\",\"breadcrumb\":{\"@id\":\"https:\/\/todosplanosdesaude.com.br\/sulamerica-saude\/sulamerica-especial-mais\/#breadcrumb\"},\"inLanguage\":\"en-US\",\"potentialAction\":[{\"@type\":\"ReadAction\",\"target\":[\"https:\/\/todosplanosdesaude.com.br\/sulamerica-saude\/sulamerica-especial-mais\/\"]}]},{\"@type\":\"BreadcrumbList\",\"@id\":\"https:\/\/todosplanosdesaude.com.br\/sulamerica-saude\/sulamerica-especial-mais\/#breadcrumb\",\"itemListElement\":[{\"@type\":\"ListItem\",\"position\":1,\"name\":\"Home\",\"item\":\"https:\/\/todosplanosdesaude.com.br\/sulamerica-saude\/\"},{\"@type\":\"ListItem\",\"position\":2,\"name\":\"SulAm\u00e9rica Especial Mais\"}]},{\"@type\":\"WebSite\",\"@id\":\"https:\/\/todosplanosdesaude.com.br\/sulamerica-saude\/#website\",\"url\":\"https:\/\/todosplanosdesaude.com.br\/sulamerica-saude\/\",\"name\":\"Plano de Sa\u00fade SulAm\u00e9rica\",\"description\":\"\",\"potentialAction\":[{\"@type\":\"SearchAction\",\"target\":{\"@type\":\"EntryPoint\",\"urlTemplate\":\"https:\/\/todosplanosdesaude.com.br\/sulamerica-saude\/?s={search_term_string}\"},\"query-input\":{\"@type\":\"PropertyValueSpecification\",\"valueRequired\":true,\"valueName\":\"search_term_string\"}}],\"inLanguage\":\"en-US\"}]}<\/script>\n<!-- \/ Yoast SEO plugin. -->","yoast_head_json":{"title":"SulAm\u00e9rica Especial Mais - Plano de Sa\u00fade SulAm\u00e9rica","robots":{"index":"index","follow":"follow","max-snippet":"max-snippet:-1","max-image-preview":"max-image-preview:large","max-video-preview":"max-video-preview:-1"},"canonical":"https:\/\/todosplanosdesaude.com.br\/sulamerica-saude\/sulamerica-especial-mais\/","og_locale":"en_US","og_type":"article","og_title":"SulAm\u00e9rica Especial Mais - Plano de Sa\u00fade SulAm\u00e9rica","og_url":"https:\/\/todosplanosdesaude.com.br\/sulamerica-saude\/sulamerica-especial-mais\/","og_site_name":"Plano de Sa\u00fade SulAm\u00e9rica","article_modified_time":"2026-03-02T16:00:37+00:00","twitter_card":"summary_large_image","schema":{"@context":"https:\/\/schema.org","@graph":[{"@type":"WebPage","@id":"https:\/\/todosplanosdesaude.com.br\/sulamerica-saude\/sulamerica-especial-mais\/","url":"https:\/\/todosplanosdesaude.com.br\/sulamerica-saude\/sulamerica-especial-mais\/","name":"SulAm\u00e9rica Especial Mais - Plano de Sa\u00fade SulAm\u00e9rica","isPartOf":{"@id":"https:\/\/todosplanosdesaude.com.br\/sulamerica-saude\/#website"},"datePublished":"2026-03-02T15:52:35+00:00","dateModified":"2026-03-02T16:00:37+00:00","breadcrumb":{"@id":"https:\/\/todosplanosdesaude.com.br\/sulamerica-saude\/sulamerica-especial-mais\/#breadcrumb"},"inLanguage":"en-US","potentialAction":[{"@type":"ReadAction","target":["https:\/\/todosplanosdesaude.com.br\/sulamerica-saude\/sulamerica-especial-mais\/"]}]},{"@type":"BreadcrumbList","@id":"https:\/\/todosplanosdesaude.com.br\/sulamerica-saude\/sulamerica-especial-mais\/#breadcrumb","itemListElement":[{"@type":"ListItem","position":1,"name":"Home","item":"https:\/\/todosplanosdesaude.com.br\/sulamerica-saude\/"},{"@type":"ListItem","position":2,"name":"SulAm\u00e9rica Especial Mais"}]},{"@type":"WebSite","@id":"https:\/\/todosplanosdesaude.com.br\/sulamerica-saude\/#website","url":"https:\/\/todosplanosdesaude.com.br\/sulamerica-saude\/","name":"Plano de Sa\u00fade SulAm\u00e9rica","description":"","potentialAction":[{"@type":"SearchAction","target":{"@type":"EntryPoint","urlTemplate":"https:\/\/todosplanosdesaude.com.br\/sulamerica-saude\/?s={search_term_string}"},"query-input":{"@type":"PropertyValueSpecification","valueRequired":true,"valueName":"search_term_string"}}],"inLanguage":"en-US"}]}},"_links":{"self":[{"href":"https:\/\/todosplanosdesaude.com.br\/sulamerica-saude\/wp-json\/wp\/v2\/pages\/6865","targetHints":{"allow":["GET"]}}],"collection":[{"href":"https:\/\/todosplanosdesaude.com.br\/sulamerica-saude\/wp-json\/wp\/v2\/pages"}],"about":[{"href":"https:\/\/todosplanosdesaude.com.br\/sulamerica-saude\/wp-json\/wp\/v2\/types\/page"}],"author":[{"embeddable":true,"href":"https:\/\/todosplanosdesaude.com.br\/sulamerica-saude\/wp-json\/wp\/v2\/users\/1"}],"replies":[{"embeddable":true,"href":"https:\/\/todosplanosdesaude.com.br\/sulamerica-saude\/wp-json\/wp\/v2\/comments?post=6865"}],"version-history":[{"count":2,"href":"https:\/\/todosplanosdesaude.com.br\/sulamerica-saude\/wp-json\/wp\/v2\/pages\/6865\/revisions"}],"predecessor-version":[{"id":6879,"href":"https:\/\/todosplanosdesaude.com.br\/sulamerica-saude\/wp-json\/wp\/v2\/pages\/6865\/revisions\/6879"}],"wp:attachment":[{"href":"https:\/\/todosplanosdesaude.com.br\/sulamerica-saude\/wp-json\/wp\/v2\/media?parent=6865"}],"curies":[{"name":"wp","href":"https:\/\/api.w.org\/{rel}","templated":true}]}}