{"id":96,"date":"2021-02-12T18:46:56","date_gmt":"2021-02-12T18:46:56","guid":{"rendered":"https:\/\/todosplanosdesaude.com.br\/sulamerica-saude\/?page_id=96"},"modified":"2024-05-01T20:46:58","modified_gmt":"2024-05-01T20:46:58","slug":"conheca-a-sulamerica","status":"publish","type":"page","link":"https:\/\/todosplanosdesaude.com.br\/sulamerica-saude\/conheca-a-sulamerica\/","title":{"rendered":"Conhe\u00e7a a SulAm\u00e9rica"},"content":{"rendered":"  <div id=\"page-header-328077855\" class=\"page-header-wrapper\">\n  <div class=\"page-title hide-for-small dark featured-title\">\n\n    \n    <div class=\"page-title-inner container align-bottom text-center flex-row-col medium-flex-wrap\" >\n              <div class=\"title-wrapper uppercase flex-col\">\n          <h1 class=\"entry-title mb-0\">\n            CONHE\u00c7A A SULAM\u00c9RICA          <\/h1>\n        <\/div>\n                    <div class=\"title-content flex-col\">\n        <div class=\"title-breadcrumbs pb-half pt-half\"><\/div>      <\/div>\n    <\/div>\n\n     \n<style>\n#page-header-328077855 .page-title-inner {\n  min-height: 50px;\n}\n#page-header-328077855 {\n  margin-bottom: 0px;\n}\n#page-header-328077855 .title-overlay {\n  background-color: rgb(1, 38, 94);\n}\n<\/style>\n  <\/div>\n    <\/div>\n  \n\t<section class=\"section\" id=\"section_126778134\">\n\t\t<div class=\"bg section-bg fill bg-fill  bg-loaded\" >\n\n\t\t\t\n\t\t\t\n\t\t\t\n\n\t\t<\/div>\n\n\t\t<div class=\"section-content relative\">\n\t\t\t\n<div class=\"row align-middle\"  id=\"row-1639307555\">\n\n\t<div id=\"col-1985365016\" class=\"col medium-6 small-12 large-6\"  >\n\t\t<div class=\"col-inner\"  >\n\t\t\t\n\t\t\t\n\t<div class=\"img has-hover x md-x lg-x y md-y lg-y\" id=\"image_979525010\">\n\t\t\t\t\t\t\t\t<div class=\"img-inner dark\" >\n\t\t\t<img loading=\"lazy\" decoding=\"async\" width=\"555\" height=\"205\" src=\"https:\/\/todosplanosdesaude.com.br\/sulamerica-saude\/wp-content\/uploads\/2021\/06\/1.1-1.jpg\" class=\"attachment-large size-large\" alt=\"\" srcset=\"https:\/\/todosplanosdesaude.com.br\/sulamerica-saude\/wp-content\/uploads\/2021\/06\/1.1-1.jpg 555w, https:\/\/todosplanosdesaude.com.br\/sulamerica-saude\/wp-content\/uploads\/2021\/06\/1.1-1-300x111.jpg 300w\" sizes=\"auto, (max-width: 555px) 100vw, 555px\" \/>\t\t\t\t\t\t\n\t\t\t\t\t<\/div>\n\t\t\t\t\t\t\t\t\n<style>\n#image_979525010 {\n  width: 100%;\n}\n<\/style>\n\t<\/div>\n\t\n\t\t<\/div>\n\t\t\t<\/div>\n\n\t\n\n\t<div id=\"col-1604810712\" class=\"col medium-5 small-12 large-5\"  >\n\t\t<div class=\"col-inner\"  >\n\t\t\t\n\t\t\t\n<div class=\"container section-title-container\" ><h3 class=\"section-title section-title-normal\"><b><\/b><span class=\"section-title-main\" >sobre a SulAm\u00e9rica<\/span><b><\/b><\/h3><\/div>\n<p>A SulAm\u00e9rica Sa\u00fade se orgulha de ter atualmente mais de 7 milh\u00f5es de clientes em nossa carteira de produtos.<\/p>\n<p>Alcan\u00e7amos esse marco ao longo de mais de 120 anos de atua\u00e7\u00e3o no mercado, sempre fundamentados em uma rela\u00e7\u00e3o transparente, \u00e9tica e comprometida com a sustentabilidade.<\/p>\n\t\t<\/div>\n\t\t\t<\/div>\n\n\t\n<\/div>\n<div class=\"row\"  id=\"row-1311573578\">\n\n\t<div id=\"col-937347741\" class=\"col medium-6 small-12 large-6\"  >\n\t\t<div class=\"col-inner\"  >\n\t\t\t\n\t\t\t\n<div class=\"container section-title-container\" ><h3 class=\"section-title section-title-normal\"><b><\/b><span class=\"section-title-main\" >MISS\u00c3O<\/span><b><\/b><\/h3><\/div>\n<p>Nosso compromisso \u00e9 fornecer prote\u00e7\u00e3o e bem-estar a indiv\u00edduos e organiza\u00e7\u00f5es em todas as etapas de suas vidas, gerando valor de maneira sustent\u00e1vel por meio de uma rela\u00e7\u00e3o baseada na confian\u00e7a e no respeito.<\/p>\n<div class=\"container section-title-container\" ><h3 class=\"section-title section-title-normal\"><b><\/b><span class=\"section-title-main\" >Vis\u00e3o<\/span><b><\/b><\/h3><\/div>\n<p>Buscamos ser reconhecidos como a melhor op\u00e7\u00e3o nos mercados em que operamos, satisfazendo com excel\u00eancia as necessidades de nossos clientes por meio de um relacionamento pr\u00f3ximo e s\u00f3lido com nossos colaboradores, corretores e parceiros de neg\u00f3cios.<\/p>\n<p>Nosso objetivo \u00e9 alcan\u00e7ar o equil\u00edbrio entre crescimento e rentabilidade.<\/p>\n\t\t<\/div>\n\t\t\t<\/div>\n\n\t\n\n\t<div id=\"col-618159170\" class=\"col medium-6 small-12 large-6\"  >\n\t\t<div class=\"col-inner\"  >\n\t\t\t\n\t\t\t\n<div class=\"container section-title-container\" ><h3 class=\"section-title section-title-normal\"><b><\/b><span class=\"section-title-main\" >Valores<\/span><b><\/b><\/h3><\/div>\n<p><i class=\"fa fa-check\"><\/i>Somos focados na satisfa\u00e7\u00e3o de nossos clientes e corretores;<br \/>Valorizamos nossos colaboradores e promovemos o trabalho em equipe;<\/p>\n<p>Buscamos estabelecer relacionamentos saud\u00e1veis e duradouros em nossas parcerias;<\/p>\n<p>Nosso objetivo \u00e9 alcan\u00e7ar os melhores resultados e aprimorar continuamente nossas opera\u00e7\u00f5es;<\/p>\n<p>Cumprimos nossas promessas, mantendo nosso compromisso com a sustentabilidade.<\/p>\n\t\t<\/div>\n\t\t\t<\/div>\n\n\t\n<\/div>\n<div class=\"row\"  id=\"row-1923498535\">\n\n\t<div id=\"col-308554762\" class=\"col medium-6 small-12 large-6\"  >\n\t\t<div class=\"col-inner\"  >\n\t\t\t\n\t\t\t\n<div class=\"container section-title-container\" ><h3 class=\"section-title section-title-normal\"><b><\/b><span class=\"section-title-main\" >Sa\u00fade<\/span><b><\/b><\/h3><\/div>\n<p>Cuidar da sa\u00fade \u00e9 sempre ben\u00e9fico, e \u00e9 por isso que a SulAm\u00e9rica Sa\u00fade oferece um conjunto de programas e a\u00e7\u00f5es voltados para a promo\u00e7\u00e3o da sa\u00fade, preven\u00e7\u00e3o e tratamento de doen\u00e7as.<\/p>\n<p>Esses programas s\u00e3o especialmente direcionados para empresas que desejam incentivar a qualidade de vida de seus funcion\u00e1rios.<\/p>\n<p><i class=\"fa fa-check\"><\/i>\u00a0Tradi\u00e7\u00e3o e Solidez<br \/><i class=\"fa fa-check\"><\/i>\u00a0Maior seguradora independente do Brasil<br \/><i class=\"fa fa-check\"><\/i>\u00a0+ de 120 anos de exist\u00eancia<br \/><i class=\"fa fa-check\"><\/i>\u00a090 filiais<br \/><i class=\"fa fa-check\"><\/i>\u00a07 milh\u00f5es de clientes<br \/><i class=\"fa fa-check\"><\/i>\u00a05 mil funcion\u00e1rios<br \/><i class=\"fa fa-check\"><\/i>\u00a030 mil corretores ativos<br \/><i class=\"fa fa-check\"><\/i>\u00a020 mil prestadores de servi\u00e7os de sa\u00fade<\/p>\n\t\t<\/div>\n\t\t\t<\/div>\n\n\t\n\n\t<div id=\"col-1841750464\" class=\"col hide-for-small medium-6 small-12 large-6\"  >\n\t\t<div class=\"col-inner\"  >\n\t\t\t\n\t\t\t\n\t<div class=\"img has-hover x md-x lg-x y md-y lg-y\" id=\"image_1105206627\">\n\t\t\t\t\t\t\t\t<div class=\"img-inner dark\" >\n\t\t\t<img loading=\"lazy\" decoding=\"async\" width=\"555\" height=\"425\" src=\"https:\/\/todosplanosdesaude.com.br\/sulamerica-saude\/wp-content\/uploads\/2021\/06\/2.1-1.jpg\" class=\"attachment-large size-large\" alt=\"\" srcset=\"https:\/\/todosplanosdesaude.com.br\/sulamerica-saude\/wp-content\/uploads\/2021\/06\/2.1-1.jpg 555w, https:\/\/todosplanosdesaude.com.br\/sulamerica-saude\/wp-content\/uploads\/2021\/06\/2.1-1-300x230.jpg 300w\" sizes=\"auto, (max-width: 555px) 100vw, 555px\" \/>\t\t\t\t\t\t\n\t\t\t\t\t<\/div>\n\t\t\t\t\t\t\t\t\n<style>\n#image_1105206627 {\n  width: 100%;\n}\n<\/style>\n\t<\/div>\n\t\n\t\t<\/div>\n\t\t\t<\/div>\n\n\t\n<\/div>\n<div class=\"row align-middle\"  id=\"row-432966319\">\n\n\t<div id=\"col-391113522\" class=\"col medium-6 small-12 large-6\"  >\n\t\t<div class=\"col-inner\"  >\n\t\t\t\n\t\t\t\n\t<div class=\"img has-hover x md-x lg-x y md-y lg-y\" id=\"image_1769243372\">\n\t\t\t\t\t\t\t\t<div class=\"img-inner dark\" >\n\t\t\t<img loading=\"lazy\" decoding=\"async\" width=\"555\" height=\"319\" src=\"https:\/\/todosplanosdesaude.com.br\/sulamerica-saude\/wp-content\/uploads\/2021\/06\/31.jpg\" class=\"attachment-large size-large\" alt=\"\" srcset=\"https:\/\/todosplanosdesaude.com.br\/sulamerica-saude\/wp-content\/uploads\/2021\/06\/31.jpg 555w, https:\/\/todosplanosdesaude.com.br\/sulamerica-saude\/wp-content\/uploads\/2021\/06\/31-300x172.jpg 300w\" sizes=\"auto, (max-width: 555px) 100vw, 555px\" \/>\t\t\t\t\t\t\n\t\t\t\t\t<\/div>\n\t\t\t\t\t\t\t\t\n<style>\n#image_1769243372 {\n  width: 100%;\n}\n<\/style>\n\t<\/div>\n\t\n\t\t<\/div>\n\t\t\t<\/div>\n\n\t\n\n\t<div id=\"col-1495571035\" class=\"col medium-6 small-12 large-6\"  >\n\t\t<div class=\"col-inner\"  >\n\t\t\t\n\t\t\t\n<div class=\"container section-title-container\" ><h3 class=\"section-title section-title-normal\"><b><\/b><span class=\"section-title-main\" >REDE CREDENCIADA<\/span><b><\/b><\/h3><\/div>\n<p>A rede credenciada da SulAm\u00e9rica Sa\u00fade possui abrang\u00eancia nacional e \u00e9 formada por profissionais altamente qualificados.<\/p>\n<p>O processo de referenciamento \u00e9 rigoroso, visando a excel\u00eancia em qualidade e uma gest\u00e3o constante da performance da rede.<\/p>\n<p>S\u00e3o mais de 15 mil cl\u00ednicas e consult\u00f3rios, 2.900 centros diagn\u00f3sticos, 1.400 hospitais e uma ampla gama de op\u00e7\u00f5es de atendimento \u00e0 disposi\u00e7\u00e3o.<\/p>\n\t\t<\/div>\n\t\t\t<\/div>\n\n\t\n<\/div>\n\t\t<\/div>\n\n\t\t\n<style>\n#section_126778134 {\n  padding-top: 30px;\n  padding-bottom: 30px;\n}\n<\/style>\n\t<\/section>\n\t\n","protected":false},"excerpt":{"rendered":"","protected":false},"author":1,"featured_media":0,"parent":0,"menu_order":0,"comment_status":"closed","ping_status":"closed","template":"page-blank.php","meta":{"footnotes":""},"class_list":["post-96","page","type-page","status-publish","hentry"],"yoast_head":"<!-- This site is optimized with the Yoast SEO plugin v25.3.1 - https:\/\/yoast.com\/wordpress\/plugins\/seo\/ -->\n<title>Conhe\u00e7a a SulAm\u00e9rica - Plano de Sa\u00fade SulAm\u00e9rica<\/title>\n<meta name=\"description\" content=\"Saiba tudo sobre o Plano de sa\u00fade SulAm\u00e9rica. Rede Credenciada, Tabela de Valores e Diferenciais. Ligue (11) 5063-0043\" \/>\n<meta name=\"robots\" content=\"index, follow, max-snippet:-1, max-image-preview:large, max-video-preview:-1\" \/>\n<link rel=\"canonical\" href=\"https:\/\/todosplanosdesaude.com.br\/sulamerica-saude\/conheca-a-sulamerica\/\" \/>\n<meta property=\"og:locale\" content=\"en_US\" \/>\n<meta property=\"og:type\" content=\"article\" \/>\n<meta property=\"og:title\" content=\"Conhe\u00e7a a SulAm\u00e9rica - Plano de Sa\u00fade SulAm\u00e9rica\" \/>\n<meta property=\"og:description\" content=\"Saiba tudo sobre o Plano de sa\u00fade SulAm\u00e9rica. Rede Credenciada, Tabela de Valores e Diferenciais. Ligue (11) 5063-0043\" \/>\n<meta property=\"og:url\" content=\"https:\/\/todosplanosdesaude.com.br\/sulamerica-saude\/conheca-a-sulamerica\/\" \/>\n<meta property=\"og:site_name\" content=\"Plano de Sa\u00fade SulAm\u00e9rica\" \/>\n<meta property=\"article:modified_time\" content=\"2024-05-01T20:46:58+00:00\" \/>\n<meta name=\"twitter:card\" content=\"summary_large_image\" \/>\n<meta name=\"twitter:label1\" content=\"Est. reading time\" \/>\n\t<meta name=\"twitter:data1\" content=\"2 minutes\" \/>\n<script type=\"application\/ld+json\" class=\"yoast-schema-graph\">{\"@context\":\"https:\/\/schema.org\",\"@graph\":[{\"@type\":\"WebPage\",\"@id\":\"https:\/\/todosplanosdesaude.com.br\/sulamerica-saude\/conheca-a-sulamerica\/\",\"url\":\"https:\/\/todosplanosdesaude.com.br\/sulamerica-saude\/conheca-a-sulamerica\/\",\"name\":\"Conhe\u00e7a a SulAm\u00e9rica - Plano de Sa\u00fade SulAm\u00e9rica\",\"isPartOf\":{\"@id\":\"https:\/\/todosplanosdesaude.com.br\/sulamerica-saude\/#website\"},\"datePublished\":\"2021-02-12T18:46:56+00:00\",\"dateModified\":\"2024-05-01T20:46:58+00:00\",\"description\":\"Saiba tudo sobre o Plano de sa\u00fade SulAm\u00e9rica. Rede Credenciada, Tabela de Valores e Diferenciais. Ligue (11) 5063-0043\",\"breadcrumb\":{\"@id\":\"https:\/\/todosplanosdesaude.com.br\/sulamerica-saude\/conheca-a-sulamerica\/#breadcrumb\"},\"inLanguage\":\"en-US\",\"potentialAction\":[{\"@type\":\"ReadAction\",\"target\":[\"https:\/\/todosplanosdesaude.com.br\/sulamerica-saude\/conheca-a-sulamerica\/\"]}]},{\"@type\":\"BreadcrumbList\",\"@id\":\"https:\/\/todosplanosdesaude.com.br\/sulamerica-saude\/conheca-a-sulamerica\/#breadcrumb\",\"itemListElement\":[{\"@type\":\"ListItem\",\"position\":1,\"name\":\"Home\",\"item\":\"https:\/\/todosplanosdesaude.com.br\/sulamerica-saude\/\"},{\"@type\":\"ListItem\",\"position\":2,\"name\":\"Conhe\u00e7a a SulAm\u00e9rica\"}]},{\"@type\":\"WebSite\",\"@id\":\"https:\/\/todosplanosdesaude.com.br\/sulamerica-saude\/#website\",\"url\":\"https:\/\/todosplanosdesaude.com.br\/sulamerica-saude\/\",\"name\":\"Plano de Sa\u00fade SulAm\u00e9rica\",\"description\":\"\",\"potentialAction\":[{\"@type\":\"SearchAction\",\"target\":{\"@type\":\"EntryPoint\",\"urlTemplate\":\"https:\/\/todosplanosdesaude.com.br\/sulamerica-saude\/?s={search_term_string}\"},\"query-input\":{\"@type\":\"PropertyValueSpecification\",\"valueRequired\":true,\"valueName\":\"search_term_string\"}}],\"inLanguage\":\"en-US\"}]}<\/script>\n<!-- \/ Yoast SEO plugin. -->","yoast_head_json":{"title":"Conhe\u00e7a a SulAm\u00e9rica - Plano de Sa\u00fade SulAm\u00e9rica","description":"Saiba tudo sobre o Plano de sa\u00fade SulAm\u00e9rica. Rede Credenciada, Tabela de Valores e Diferenciais. Ligue (11) 5063-0043","robots":{"index":"index","follow":"follow","max-snippet":"max-snippet:-1","max-image-preview":"max-image-preview:large","max-video-preview":"max-video-preview:-1"},"canonical":"https:\/\/todosplanosdesaude.com.br\/sulamerica-saude\/conheca-a-sulamerica\/","og_locale":"en_US","og_type":"article","og_title":"Conhe\u00e7a a SulAm\u00e9rica - Plano de Sa\u00fade SulAm\u00e9rica","og_description":"Saiba tudo sobre o Plano de sa\u00fade SulAm\u00e9rica. Rede Credenciada, Tabela de Valores e Diferenciais. Ligue (11) 5063-0043","og_url":"https:\/\/todosplanosdesaude.com.br\/sulamerica-saude\/conheca-a-sulamerica\/","og_site_name":"Plano de Sa\u00fade SulAm\u00e9rica","article_modified_time":"2024-05-01T20:46:58+00:00","twitter_card":"summary_large_image","twitter_misc":{"Est. reading time":"2 minutes"},"schema":{"@context":"https:\/\/schema.org","@graph":[{"@type":"WebPage","@id":"https:\/\/todosplanosdesaude.com.br\/sulamerica-saude\/conheca-a-sulamerica\/","url":"https:\/\/todosplanosdesaude.com.br\/sulamerica-saude\/conheca-a-sulamerica\/","name":"Conhe\u00e7a a SulAm\u00e9rica - Plano de Sa\u00fade SulAm\u00e9rica","isPartOf":{"@id":"https:\/\/todosplanosdesaude.com.br\/sulamerica-saude\/#website"},"datePublished":"2021-02-12T18:46:56+00:00","dateModified":"2024-05-01T20:46:58+00:00","description":"Saiba tudo sobre o Plano de sa\u00fade SulAm\u00e9rica. Rede Credenciada, Tabela de Valores e Diferenciais. Ligue (11) 5063-0043","breadcrumb":{"@id":"https:\/\/todosplanosdesaude.com.br\/sulamerica-saude\/conheca-a-sulamerica\/#breadcrumb"},"inLanguage":"en-US","potentialAction":[{"@type":"ReadAction","target":["https:\/\/todosplanosdesaude.com.br\/sulamerica-saude\/conheca-a-sulamerica\/"]}]},{"@type":"BreadcrumbList","@id":"https:\/\/todosplanosdesaude.com.br\/sulamerica-saude\/conheca-a-sulamerica\/#breadcrumb","itemListElement":[{"@type":"ListItem","position":1,"name":"Home","item":"https:\/\/todosplanosdesaude.com.br\/sulamerica-saude\/"},{"@type":"ListItem","position":2,"name":"Conhe\u00e7a a SulAm\u00e9rica"}]},{"@type":"WebSite","@id":"https:\/\/todosplanosdesaude.com.br\/sulamerica-saude\/#website","url":"https:\/\/todosplanosdesaude.com.br\/sulamerica-saude\/","name":"Plano de Sa\u00fade SulAm\u00e9rica","description":"","potentialAction":[{"@type":"SearchAction","target":{"@type":"EntryPoint","urlTemplate":"https:\/\/todosplanosdesaude.com.br\/sulamerica-saude\/?s={search_term_string}"},"query-input":{"@type":"PropertyValueSpecification","valueRequired":true,"valueName":"search_term_string"}}],"inLanguage":"en-US"}]}},"_links":{"self":[{"href":"https:\/\/todosplanosdesaude.com.br\/sulamerica-saude\/wp-json\/wp\/v2\/pages\/96","targetHints":{"allow":["GET"]}}],"collection":[{"href":"https:\/\/todosplanosdesaude.com.br\/sulamerica-saude\/wp-json\/wp\/v2\/pages"}],"about":[{"href":"https:\/\/todosplanosdesaude.com.br\/sulamerica-saude\/wp-json\/wp\/v2\/types\/page"}],"author":[{"embeddable":true,"href":"https:\/\/todosplanosdesaude.com.br\/sulamerica-saude\/wp-json\/wp\/v2\/users\/1"}],"replies":[{"embeddable":true,"href":"https:\/\/todosplanosdesaude.com.br\/sulamerica-saude\/wp-json\/wp\/v2\/comments?post=96"}],"version-history":[{"count":50,"href":"https:\/\/todosplanosdesaude.com.br\/sulamerica-saude\/wp-json\/wp\/v2\/pages\/96\/revisions"}],"predecessor-version":[{"id":1433,"href":"https:\/\/todosplanosdesaude.com.br\/sulamerica-saude\/wp-json\/wp\/v2\/pages\/96\/revisions\/1433"}],"wp:attachment":[{"href":"https:\/\/todosplanosdesaude.com.br\/sulamerica-saude\/wp-json\/wp\/v2\/media?parent=96"}],"curies":[{"name":"wp","href":"https:\/\/api.w.org\/{rel}","templated":true}]}}